{"id":3,"date":"2025-09-12T10:22:19","date_gmt":"2025-09-12T02:22:19","guid":{"rendered":"http:\/\/sj-gauge.com\/?page_id=3"},"modified":"2025-10-28T11:26:30","modified_gmt":"2025-10-28T03:26:30","slug":"privacy-policy","status":"publish","type":"page","link":"https:\/\/www.sj-gauge.com\/es\/privacy-policy\/","title":{"rendered":"Pol\u00edtica de privacidad"},"content":{"rendered":"<p>Lea y comprenda lo siguiente antes de utilizar este sitio. El contenido puede cambiar en cualquier momento sin previo aviso.<br>Esta pol\u00edtica de privacidad se aplica \u00fanicamente a nuestras actividades en l\u00ednea y es v\u00e1lida para los visitantes de nuestro sitio web con respecto a la informaci\u00f3n que compartieron o recopilaron en \u300cSJ Gauge\u300d.<br>Esta pol\u00edtica no es aplicable a ninguna informaci\u00f3n recopilada fuera de l\u00ednea o a trav\u00e9s de canales distintos de este sitio web.<\/p>\n\n\n\n<h2 class=\"wp-block-heading\"><span class=\"ez-toc-section\" id=\"consent\"><\/span>Consentimiento<span class=\"ez-toc-section-end\"><\/span><\/h2>\n\n\n\n<p>Al utilizar nuestro sitio web, usted acepta nuestra Pol\u00edtica de privacidad y est\u00e1 de acuerdo con sus t\u00e9rminos.<\/p>\n\n\n\n<h2 class=\"wp-block-heading\"><span class=\"ez-toc-section\" id=\"cookies\"><\/span>Cookies<span class=\"ez-toc-section-end\"><\/span><\/h2>\n\n\n\n<ul class=\"wp-block-list\">\n<li>Las cookies se utilizan para proporcionar a nuestro sistema la informaci\u00f3n b\u00e1sica para prestar los servicios que solicita.<\/li>\n\n\n\n<li>Las cookies pueden borrarse en cualquier momento desde la configuraci\u00f3n de su navegador de Internet.<\/li>\n<\/ul>\n\n\n\n<h2 class=\"wp-block-heading\"><span class=\"ez-toc-section\" id=\"information-we-collect\"><\/span>Informaci\u00f3n que recopilamos<span class=\"ez-toc-section-end\"><\/span><\/h2>\n\n\n\n<p>Cuando utiliza nuestro sitio web, recopilamos informaci\u00f3n sobre los servicios que utiliza y c\u00f3mo los utiliza. Tratamos esta informaci\u00f3n para las actividades y las bases jur\u00eddicas que se describen a continuaci\u00f3n.<\/p>\n\n\n\n<h2 class=\"wp-block-heading\"><span class=\"ez-toc-section\" id=\"how-we-use-your-information\"><\/span>C\u00f3mo utilizamos su informaci\u00f3n<span class=\"ez-toc-section-end\"><\/span><\/h2>\n\n\n\n<p>Utilizamos la informaci\u00f3n que recopilamos de varias formas, entre ellas para:<\/p>\n\n\n\n<ul class=\"wp-block-list\">\n<li>Proporcionar, operar y mantener nuestro sitio web.<\/li>\n\n\n\n<li>Mejorar, personalizar y ampliar nuestra web.<\/li>\n\n\n\n<li>Comprender y analizar c\u00f3mo utiliza nuestro sitio web.<\/li>\n\n\n\n<li>Desarrollar nuevos productos, servicios, caracter\u00edsticas y funcionalidades.<\/li>\n\n\n\n<li>Comunicarnos con usted, ya sea directamente o a trav\u00e9s de uno de nuestros socios, por ejemplo para ofrecerle un servicio de atenci\u00f3n al cliente, proporcionarle actualizaciones y otra informaci\u00f3n relacionada con el sitio web, y con fines promocionales y de marketing.<\/li>\n\n\n\n<li>Enviarte correos electr\u00f3nicos.<\/li>\n\n\n\n<li>Detectar y prevenir el fraude.<\/li>\n<\/ul>\n\n\n\n<h2 class=\"wp-block-heading\"><span class=\"ez-toc-section\" id=\"google-analytics\"><\/span>Google Analytics<span class=\"ez-toc-section-end\"><\/span><\/h2>\n\n\n\n<p>Cuando alguien visita Danoe Textiles Co., Ltd. utilizamos un servicio de terceros, Google Analytics, para recopilar informaci\u00f3n de registro est\u00e1ndar de Internet y detalles de los patrones de comportamiento de los visitantes. Hacemos esto para rastrear cosas tales como el n\u00famero de visitantes a las distintas partes del sitio y las interacciones con el sitio. Esta informaci\u00f3n se procesa de forma que no identifique a nadie. No hacemos, ni permitimos que Google haga, ning\u00fan intento de averiguar la identidad de los visitantes de nuestro sitio web.<\/p>\n\n\n\n<h2 class=\"wp-block-heading\"><span class=\"ez-toc-section\" id=\"log-files\"><\/span>Archivos de registro<span class=\"ez-toc-section-end\"><\/span><\/h2>\n\n\n\n<p>\u300cSJ Gauge\u300d sigue un procedimiento est\u00e1ndar de uso de archivos de registro. Estos archivos registran a los visitantes cuando visitan los sitios web. La informaci\u00f3n recogida por los archivos de registro incluye direcciones de protocolo de Internet (IP), tipo de navegador, proveedor de servicios de Internet (ISP), sello de fecha y hora, p\u00e1ginas de referencia\/salida y, posiblemente, el n\u00famero de clics. Estos datos no est\u00e1n vinculados a ninguna informaci\u00f3n que permita la identificaci\u00f3n personal. El prop\u00f3sito de la informaci\u00f3n es analizar tendencias, administrar el sitio, rastrear los movimientos de los usuarios en el sitio web y recopilar informaci\u00f3n demogr\u00e1fica.<\/p>\n\n\n\n<h2 class=\"wp-block-heading\"><span class=\"ez-toc-section\" id=\"third-party-privacy-policies\"><\/span>Pol\u00edticas de privacidad de terceros<span class=\"ez-toc-section-end\"><\/span><\/h2>\n\n\n\n<p>La Pol\u00edtica de Privacidad de \u300cSJ Gauge\u300d no se aplica a otros anunciantes o sitios web. Por lo tanto, le aconsejamos que consulte las respectivas Pol\u00edticas de Privacidad de estos servidores de anuncios de terceros para obtener informaci\u00f3n m\u00e1s detallada. Puede incluir sus pr\u00e1cticas e instrucciones sobre c\u00f3mo optar por no participar en ciertas opciones.<br>Puede optar por desactivar las cookies a trav\u00e9s de las opciones individuales de su navegador. Para obtener informaci\u00f3n m\u00e1s detallada sobre la gesti\u00f3n de cookies con navegadores web espec\u00edficos, puede consultar los sitios web de los respectivos navegadores.<\/p>\n\n\n\n<h2 class=\"wp-block-heading\"><span class=\"ez-toc-section\" id=\"changes-to-our-privacy-policy\"><\/span>Cambios en nuestra pol\u00edtica de privacidad<span class=\"ez-toc-section-end\"><\/span><\/h2>\n\n\n\n<p>Es posible que introduzcamos cambios en nuestra Pol\u00edtica de Privacidad en el futuro, sin embargo, la versi\u00f3n m\u00e1s actualizada de la pol\u00edtica regir\u00e1 nuestro tratamiento de sus datos personales y siempre estar\u00e1 disponible para usted.<br>Al continuar accediendo o utilizando nuestros servicios, usted acepta los t\u00e9rminos de nuestra Pol\u00edtica de Privacidad.<\/p>\n\n\n\n<p><\/p>","protected":false},"excerpt":{"rendered":"<p>Por favor, lea y entienda lo siguiente antes de usar este sitio. El contenido puede cambiar en cualquier momento sin previo aviso.Esta pol\u00edtica de privacidad se aplica s\u00f3lo a nuestras actividades en l\u00ednea y es v\u00e1lido para los visitantes de nuestro sitio web con respecto a la informaci\u00f3n que compartieron o recogidos en \u300cSJ Gauge\u300d.<\/p>","protected":false},"author":1,"featured_media":0,"parent":0,"menu_order":0,"comment_status":"closed","ping_status":"open","template":"","meta":{"_acf_changed":false,"footnotes":""},"class_list":["post-3","page","type-page","status-publish","hentry"],"blocksy_meta":[],"acf":[],"yoast_head":"<!-- This site is optimized with the Yoast SEO Premium plugin v26.7 (Yoast SEO v27.4) - https:\/\/yoast.com\/product\/yoast-seo-premium-wordpress\/ -->\n<title>Privacy Policy - SJ Gauge | Pressure Gauges, Thermometers &amp; Pressure Sensors<\/title>\n<meta name=\"robots\" content=\"index, follow, max-snippet:-1, max-image-preview:large, max-video-preview:-1\" \/>\n<link rel=\"canonical\" href=\"https:\/\/www.sj-gauge.com\/es\/privacy-policy\/\" \/>\n<meta property=\"og:locale\" content=\"es_ES\" \/>\n<meta property=\"og:type\" content=\"article\" \/>\n<meta property=\"og:title\" content=\"Privacy Policy\" \/>\n<meta property=\"og:description\" content=\"Please read and understand the following before using this site. The contents may change at any time without notice.This Privacy Policy applies only to our online activities and is valid for visitors to our website with regards to the information that they shared or collected in \u300cSJ Gauge\u300d.This policy is not applicable to any information [&hellip;]\" \/>\n<meta property=\"og:url\" content=\"https:\/\/www.sj-gauge.com\/es\/privacy-policy\/\" \/>\n<meta property=\"og:site_name\" content=\"SJ Gauge | Pressure Gauges, Thermometers &amp; Pressure Sensors\" \/>\n<meta property=\"article:modified_time\" content=\"2025-10-28T03:26:30+00:00\" \/>\n<meta name=\"twitter:card\" content=\"summary_large_image\" \/>\n<meta name=\"twitter:label1\" content=\"Tiempo de lectura\" \/>\n\t<meta name=\"twitter:data1\" content=\"3 minutos\" \/>\n<script type=\"application\/ld+json\" class=\"yoast-schema-graph\">{\"@context\":\"https:\\\/\\\/schema.org\",\"@graph\":[{\"@type\":\"WebPage\",\"@id\":\"https:\\\/\\\/www.sj-gauge.com\\\/privacy-policy\\\/\",\"url\":\"https:\\\/\\\/www.sj-gauge.com\\\/privacy-policy\\\/\",\"name\":\"Privacy Policy - SJ Gauge | Pressure Gauges, Thermometers &amp; Pressure Sensors\",\"isPartOf\":{\"@id\":\"https:\\\/\\\/www.sj-gauge.com\\\/#website\"},\"datePublished\":\"2025-09-12T02:22:19+00:00\",\"dateModified\":\"2025-10-28T03:26:30+00:00\",\"breadcrumb\":{\"@id\":\"https:\\\/\\\/www.sj-gauge.com\\\/privacy-policy\\\/#breadcrumb\"},\"inLanguage\":\"es\",\"potentialAction\":[{\"@type\":\"ReadAction\",\"target\":[\"https:\\\/\\\/www.sj-gauge.com\\\/privacy-policy\\\/\"]}]},{\"@type\":\"BreadcrumbList\",\"@id\":\"https:\\\/\\\/www.sj-gauge.com\\\/privacy-policy\\\/#breadcrumb\",\"itemListElement\":[{\"@type\":\"ListItem\",\"position\":1,\"name\":\"Home\",\"item\":\"https:\\\/\\\/www.sj-gauge.com\\\/\"},{\"@type\":\"ListItem\",\"position\":2,\"name\":\"Privacy Policy\"}]},{\"@type\":\"WebSite\",\"@id\":\"https:\\\/\\\/www.sj-gauge.com\\\/#website\",\"url\":\"https:\\\/\\\/www.sj-gauge.com\\\/\",\"name\":\"SJ Gauge | Pressure Gauges, Thermometers &amp; Pressure Sensors\",\"description\":\"Manufacturer of industrial pressure gauges, pressure sensors, and transmitters. SJ Gauge provides high accuracy, durable materials, and custom solutions for oil &amp; gas, chemical, and industrial applications.\",\"publisher\":{\"@id\":\"https:\\\/\\\/www.sj-gauge.com\\\/#organization\"},\"potentialAction\":[{\"@type\":\"SearchAction\",\"target\":{\"@type\":\"EntryPoint\",\"urlTemplate\":\"https:\\\/\\\/www.sj-gauge.com\\\/?s={search_term_string}\"},\"query-input\":{\"@type\":\"PropertyValueSpecification\",\"valueRequired\":true,\"valueName\":\"search_term_string\"}}],\"inLanguage\":\"es\"},{\"@type\":\"Organization\",\"@id\":\"https:\\\/\\\/www.sj-gauge.com\\\/#organization\",\"name\":\"SJ Gauge | Pressure Gauges, Thermometers &amp; Pressure Sensors\",\"url\":\"https:\\\/\\\/www.sj-gauge.com\\\/\",\"logo\":{\"@type\":\"ImageObject\",\"inLanguage\":\"es\",\"@id\":\"https:\\\/\\\/www.sj-gauge.com\\\/#\\\/schema\\\/logo\\\/image\\\/\",\"url\":\"https:\\\/\\\/www.sj-gauge.com\\\/wp-content\\\/uploads\\\/2025\\\/09\\\/logo.webp\",\"contentUrl\":\"https:\\\/\\\/www.sj-gauge.com\\\/wp-content\\\/uploads\\\/2025\\\/09\\\/logo.webp\",\"width\":348,\"height\":184,\"caption\":\"SJ Gauge | Pressure Gauges, Thermometers &amp; Pressure Sensors\"},\"image\":{\"@id\":\"https:\\\/\\\/www.sj-gauge.com\\\/#\\\/schema\\\/logo\\\/image\\\/\"}}]}<\/script>\n<!-- \/ Yoast SEO Premium plugin. -->","yoast_head_json":{"title":"Pol\u00edtica de privacidad - SJ Gauge | Man\u00f3metros, term\u00f3metros y sensores de presi\u00f3n","robots":{"index":"index","follow":"follow","max-snippet":"max-snippet:-1","max-image-preview":"max-image-preview:large","max-video-preview":"max-video-preview:-1"},"canonical":"https:\/\/www.sj-gauge.com\/es\/privacy-policy\/","og_locale":"es_ES","og_type":"article","og_title":"Privacy Policy","og_description":"Please read and understand the following before using this site. The contents may change at any time without notice.This Privacy Policy applies only to our online activities and is valid for visitors to our website with regards to the information that they shared or collected in \u300cSJ Gauge\u300d.This policy is not applicable to any information [&hellip;]","og_url":"https:\/\/www.sj-gauge.com\/es\/privacy-policy\/","og_site_name":"SJ Gauge | Pressure Gauges, Thermometers &amp; Pressure Sensors","article_modified_time":"2025-10-28T03:26:30+00:00","twitter_card":"summary_large_image","twitter_misc":{"Tiempo de lectura":"3 minutos"},"schema":{"@context":"https:\/\/schema.org","@graph":[{"@type":"WebPage","@id":"https:\/\/www.sj-gauge.com\/privacy-policy\/","url":"https:\/\/www.sj-gauge.com\/privacy-policy\/","name":"Pol\u00edtica de privacidad - SJ Gauge | Man\u00f3metros, term\u00f3metros y sensores de presi\u00f3n","isPartOf":{"@id":"https:\/\/www.sj-gauge.com\/#website"},"datePublished":"2025-09-12T02:22:19+00:00","dateModified":"2025-10-28T03:26:30+00:00","breadcrumb":{"@id":"https:\/\/www.sj-gauge.com\/privacy-policy\/#breadcrumb"},"inLanguage":"es","potentialAction":[{"@type":"ReadAction","target":["https:\/\/www.sj-gauge.com\/privacy-policy\/"]}]},{"@type":"BreadcrumbList","@id":"https:\/\/www.sj-gauge.com\/privacy-policy\/#breadcrumb","itemListElement":[{"@type":"ListItem","position":1,"name":"Home","item":"https:\/\/www.sj-gauge.com\/"},{"@type":"ListItem","position":2,"name":"Privacy Policy"}]},{"@type":"WebSite","@id":"https:\/\/www.sj-gauge.com\/#website","url":"https:\/\/www.sj-gauge.com\/","name":"SJ Gauge | Man\u00f3metros, term\u00f3metros y sensores de presi\u00f3n","description":"Fabricante de man\u00f3metros industriales, sensores de presi\u00f3n y transmisores. SJ Gauge ofrece alta precisi\u00f3n, materiales duraderos y soluciones personalizadas para aplicaciones de petr\u00f3leo y gas, qu\u00edmicas e industriales.","publisher":{"@id":"https:\/\/www.sj-gauge.com\/#organization"},"potentialAction":[{"@type":"SearchAction","target":{"@type":"EntryPoint","urlTemplate":"https:\/\/www.sj-gauge.com\/?s={search_term_string}"},"query-input":{"@type":"PropertyValueSpecification","valueRequired":true,"valueName":"search_term_string"}}],"inLanguage":"es"},{"@type":"Organization","@id":"https:\/\/www.sj-gauge.com\/#organization","name":"SJ Gauge | Man\u00f3metros, term\u00f3metros y sensores de presi\u00f3n","url":"https:\/\/www.sj-gauge.com\/","logo":{"@type":"ImageObject","inLanguage":"es","@id":"https:\/\/www.sj-gauge.com\/#\/schema\/logo\/image\/","url":"https:\/\/www.sj-gauge.com\/wp-content\/uploads\/2025\/09\/logo.webp","contentUrl":"https:\/\/www.sj-gauge.com\/wp-content\/uploads\/2025\/09\/logo.webp","width":348,"height":184,"caption":"SJ Gauge | Pressure Gauges, Thermometers &amp; Pressure Sensors"},"image":{"@id":"https:\/\/www.sj-gauge.com\/#\/schema\/logo\/image\/"}}]}},"_links":{"self":[{"href":"https:\/\/www.sj-gauge.com\/es\/wp-json\/wp\/v2\/pages\/3","targetHints":{"allow":["GET"]}}],"collection":[{"href":"https:\/\/www.sj-gauge.com\/es\/wp-json\/wp\/v2\/pages"}],"about":[{"href":"https:\/\/www.sj-gauge.com\/es\/wp-json\/wp\/v2\/types\/page"}],"author":[{"embeddable":true,"href":"https:\/\/www.sj-gauge.com\/es\/wp-json\/wp\/v2\/users\/1"}],"replies":[{"embeddable":true,"href":"https:\/\/www.sj-gauge.com\/es\/wp-json\/wp\/v2\/comments?post=3"}],"version-history":[{"count":1,"href":"https:\/\/www.sj-gauge.com\/es\/wp-json\/wp\/v2\/pages\/3\/revisions"}],"predecessor-version":[{"id":1341,"href":"https:\/\/www.sj-gauge.com\/es\/wp-json\/wp\/v2\/pages\/3\/revisions\/1341"}],"wp:attachment":[{"href":"https:\/\/www.sj-gauge.com\/es\/wp-json\/wp\/v2\/media?parent=3"}],"curies":[{"name":"wp","href":"https:\/\/api.w.org\/{rel}","templated":true}]}}