{"id":3225,"date":"2025-12-31T16:10:03","date_gmt":"2025-12-31T08:10:03","guid":{"rendered":"https:\/\/sj-gauge.com\/?page_id=3225"},"modified":"2025-12-31T16:10:04","modified_gmt":"2025-12-31T08:10:04","slug":"sj-gauge-privacy-policy","status":"publish","type":"page","link":"https:\/\/www.sj-gauge.com\/es\/sj-gauge-privacy-policy\/","title":{"rendered":"Pol\u00edtica de privacidad de SJ Gauge"},"content":{"rendered":"<p>SJ Gauge (tambi\u00e9n denominada \u201cla Empresa\u201d, \u201cnosotros\u201d, \u201cnos\u201d o \u201cnuestro\u201d) valora enormemente la protecci\u00f3n de sus datos personales y su privacidad. Para garantizar que pueda utilizar nuestro sitio web y los servicios en l\u00ednea relacionados con \u00e9l con confianza, esta Pol\u00edtica de Privacidad se establece de conformidad con las leyes y reglamentos aplicables, incluida la Ley de Protecci\u00f3n de Datos Personales. En ella se explica c\u00f3mo recogemos, procesamos, utilizamos y protegemos sus datos personales, as\u00ed como los derechos que puede ejercer.<\/p>\n\n\n\n<h2 class=\"wp-block-heading\">1. \u00c1mbito de aplicaci\u00f3n<\/h2>\n\n\n\n<p>La presente Pol\u00edtica de Privacidad se aplica a la recogida, tratamiento y uso de los datos personales cuando usted navega, accede o utiliza el sitio web oficial de SJ Gauge y todas las funciones y servicios en l\u00ednea que en \u00e9l se ofrecen (colectivamente, los \u201cServicios\u201d).<\/p>\n\n\n\n<p>Si accede a sitios web de terceros a trav\u00e9s de enlaces en nuestros Servicios, consulte las pol\u00edticas de privacidad de dichos sitios web por separado. La Empresa no es responsable del contenido, las operaciones o las pr\u00e1cticas de privacidad de los sitios web de terceros.<\/p>\n\n\n\n<h2 class=\"wp-block-heading\">2.Categor\u00edas de datos personales recogidos<\/h2>\n\n\n\n<p>Dependiendo de la naturaleza de los Servicios, podemos recopilar los siguientes tipos de informaci\u00f3n, entre otros:<\/p>\n\n\n\n<p>Informaci\u00f3n que facilita voluntariamente<\/p>\n\n\n\n<ul class=\"wp-block-list\">\n<li>Nombre<\/li>\n\n\n\n<li>Direcci\u00f3n de correo electr\u00f3nico<\/li>\n\n\n\n<li>Tel\u00e9fono de contacto<\/li>\n\n\n\n<li>Nombre de la empresa<\/li>\n\n\n\n<li>Puesto<\/li>\n<\/ul>\n\n\n\n<p>Informaci\u00f3n t\u00e9cnica y de uso<\/p>\n\n\n\n<ul class=\"wp-block-list\">\n<li>Direcci\u00f3n IP<\/li>\n\n\n\n<li>Tipo de navegador e informaci\u00f3n del dispositivo<\/li>\n\n\n\n<li>Fecha y hora de acceso<\/li>\n\n\n\n<li>P\u00e1ginas vistas, duraci\u00f3n de las visitas<\/li>\n\n\n\n<li>Flujo de clics y comportamiento de b\u00fasqueda<\/li>\n<\/ul>\n\n\n\n<p>Cookies y tecnolog\u00edas similares<\/p>\n\n\n\n<ul class=\"wp-block-list\">\n<li>Preferencias de navegaci\u00f3n<\/li>\n\n\n\n<li>Ajustes de idioma<\/li>\n\n\n\n<li>Otros identificadores an\u00f3nimos<\/li>\n<\/ul>\n\n\n\n<h2 class=\"wp-block-heading\">3.Finalidad de la recogida y utilizaci\u00f3n<\/h2>\n\n\n\n<p>Sus datos personales pueden ser recogidos y utilizados para los siguientes fines:<\/p>\n\n\n\n<ul class=\"wp-block-list\">\n<li>Prestaci\u00f3n de servicios y gesti\u00f3n de clientes: Verificaci\u00f3n de identidad, respuesta a consultas, realizaci\u00f3n de transacciones y prestaci\u00f3n de asistencia t\u00e9cnica y posventa.<\/li>\n\n\n\n<li>Optimizaci\u00f3n de sitios web y an\u00e1lisis estad\u00edstico: Uso de datos anonimizados de Google Analytics 4 (GA4) y Google Search Console para comprender el comportamiento de los visitantes y mejorar el contenido del sitio web y la experiencia del usuario.<\/li>\n\n\n\n<li>Marketing y promoci\u00f3n: Env\u00edo de actualizaciones de productos, informaci\u00f3n promocional o contenido de marketing personalizado, sujeto a su consentimiento expl\u00edcito.<\/li>\n\n\n\n<li>Seguridad de la informaci\u00f3n: Detectar, prevenir o responder a actividades maliciosas o il\u00edcitas para garantizar la seguridad del sistema y la integridad operativa.<\/li>\n<\/ul>\n\n\n\n<p>Salvo para los fines indicados anteriormente o por imperativo legal, la Empresa no utilizar\u00e1 sus datos personales para otros fines, ni los facilitar\u00e1 a terceros sin su consentimiento previo.<\/p>\n\n\n\n<h2 class=\"wp-block-heading\">4.Uso de cookies<\/h2>\n\n\n\n<p>Para proporcionar servicios personalizados y analizar el tr\u00e1fico del sitio web, este sitio web puede almacenar cookies en su navegador. Usted puede optar por rechazar, restringir o eliminar las cookies a trav\u00e9s de la configuraci\u00f3n de su navegador. Sin embargo, tenga en cuenta que es posible que algunas funciones del sitio web no funcionen correctamente.<\/p>\n\n\n\n<h2 class=\"wp-block-heading\">5.Conservaci\u00f3n y protecci\u00f3n de datos personales<\/h2>\n\n\n\n<p>Per\u00edodo de conservaci\u00f3n<\/p>\n\n\n\n<p>Los datos personales s\u00f3lo se conservar\u00e1n durante el tiempo necesario para cumplir los fines de su recogida, seg\u00fan lo exijan las leyes aplicables, las obligaciones contractuales o la resoluci\u00f3n de posibles litigios civiles, penales o administrativos. Una vez transcurrido el periodo de conservaci\u00f3n, los datos se eliminar\u00e1n de forma segura o se convertir\u00e1n en an\u00f3nimos.<\/p>\n\n\n\n<p>Medidas de seguridad<\/p>\n\n\n\n<p>Aplicamos medidas t\u00e9cnicas y organizativas adecuadas, como el cifrado de datos, el control de acceso, cortafuegos, sistemas de detecci\u00f3n de intrusos y auditor\u00edas de seguridad peri\u00f3dicas. Tambi\u00e9n se exige a los socios a los que se haya confiado el cumplimiento de las obligaciones de confidencialidad y seguridad de la informaci\u00f3n.<\/p>\n\n\n\n<p>Gesti\u00f3n de empleados<\/p>\n\n\n\n<p>S\u00f3lo el personal autorizado que haya recibido la formaci\u00f3n adecuada y tenga una necesidad leg\u00edtima de conocer los datos puede acceder a ellos, y est\u00e1 sujeto a obligaciones de confidencialidad.<\/p>\n\n\n\n<h2 class=\"wp-block-heading\">6. Sus derechos<\/h2>\n\n\n\n<p>De acuerdo con la Ley de Protecci\u00f3n de Datos Personales, usted tiene derecho a:<\/p>\n\n\n\n<ul class=\"wp-block-list\">\n<li>Solicitar acceso o copias de sus datos personales<\/li>\n\n\n\n<li>Solicitar que se completen o corrijan sus datos personales<\/li>\n\n\n\n<li>Solicitar el cese de la recogida, tratamiento o uso de sus datos personales<\/li>\n\n\n\n<li>Solicitar la supresi\u00f3n de sus datos personales<\/li>\n\n\n\n<li>No recibir comunicaciones comerciales<\/li>\n\n\n\n<li>Cuando sea t\u00e9cnicamente posible, solicitar la transferencia de sus datos personales en un formato legible por m\u00e1quina a un tercero designado.<\/li>\n<\/ul>\n\n\n\n<p>Para ejercer cualquiera de los derechos anteriores, p\u00f3ngase en contacto con nosotros utilizando la informaci\u00f3n facilitada en la secci\u00f3n \u201cInformaci\u00f3n de contacto\u201d. Le responderemos o le daremos una explicaci\u00f3n en un plazo razonable de conformidad con la legislaci\u00f3n aplicable.<\/p>\n\n\n\n<h2 class=\"wp-block-heading\">7.Principios del intercambio de datos con terceros<\/h2>\n\n\n\n<p>La Empresa no vender\u00e1, intercambiar\u00e1, arrendar\u00e1 ni divulgar\u00e1 de ning\u00fan otro modo sus datos personales a menos que se cumpla una de las siguientes condiciones:<\/p>\n\n\n\n<ul class=\"wp-block-list\">\n<li>Se ha obtenido su consentimiento previo.<\/li>\n\n\n\n<li>La divulgaci\u00f3n se exige por ley o en virtud de solicitudes legales de autoridades judiciales o administrativas.<\/li>\n\n\n\n<li>La divulgaci\u00f3n es necesaria para proteger intereses vitales suyos o de terceros, como la vida, el cuerpo, la libertad o la propiedad.<\/li>\n\n\n\n<li>La divulgaci\u00f3n se realiza con fines de inter\u00e9s p\u00fablico o de investigaci\u00f3n acad\u00e9mica, y los datos se han anonimizado o desidentificado.<\/li>\n\n\n\n<li>La divulgaci\u00f3n es necesaria para los servicios subcontratados, siempre que se hayan firmado acuerdos de confidencialidad y seguridad de la informaci\u00f3n.<\/li>\n<\/ul>\n\n\n\n<h2 class=\"wp-block-heading\">8.Modificaciones de esta pol\u00edtica<\/h2>\n\n\n\n<p>La Empresa se reserva el derecho a modificar esta Pol\u00edtica de Privacidad en cualquier momento. En caso de cambios significativos, la versi\u00f3n actualizada se anunciar\u00e1 en un lugar destacado del sitio web e incluir\u00e1 la fecha de la \u00faltima revisi\u00f3n. Le recomendamos que revise esta pol\u00edtica peri\u00f3dicamente para mantenerse informado de los t\u00e9rminos m\u00e1s recientes.<\/p>\n\n\n\n<h2 class=\"wp-block-heading\">9. Informaci\u00f3n de contacto<\/h2>\n\n\n\n<p>Si tiene alguna pregunta, comentario o solicitud en relaci\u00f3n con esta Pol\u00edtica de privacidad o la protecci\u00f3n de datos personales, p\u00f3ngase en contacto con nosotros:<\/p>\n\n\n\n<ul class=\"wp-block-list\">\n<li>Correo electr\u00f3nico: info@sinjiagauge.com<\/li>\n\n\n\n<li>L\u00ednea directa de atenci\u00f3n al cliente: +886-2-2550-4512<\/li>\n<\/ul>\n\n\n\n<p>Al continuar utilizando este sitio web, usted reconoce que ha le\u00eddo, entendido y aceptado todos los t\u00e9rminos de esta Pol\u00edtica de Privacidad. Si no est\u00e1 de acuerdo con alguna parte de esta pol\u00edtica, deje de utilizar los Servicios inmediatamente y p\u00f3ngase en contacto con nosotros utilizando la informaci\u00f3n indicada anteriormente.<\/p>\n\n\n\n<p><\/p>","protected":false},"excerpt":{"rendered":"<p>SJ Gauge (also referred to as \u201cthe Company,\u201d \u201cwe,\u201d \u201cus,\u201d or \u201cour\u201d) highly values the protection of your personal data and privacy. To ensure that you can use our website and related online services with confidence, this Privacy Policy is established in accordance with applicable laws and regulations, including the Personal Data Protection Act. It [&hellip;]<\/p>","protected":false},"author":1,"featured_media":0,"parent":0,"menu_order":0,"comment_status":"closed","ping_status":"closed","template":"","meta":{"_acf_changed":false,"footnotes":""},"class_list":["post-3225","page","type-page","status-publish","hentry"],"blocksy_meta":[],"acf":[],"yoast_head":"<!-- This site is optimized with the Yoast SEO Premium plugin v26.7 (Yoast SEO v26.7) - https:\/\/yoast.com\/wordpress\/plugins\/seo\/ -->\n<title>SJ Gauge Privacy Policy - Your Expert in Pressure Temp and Smart Transmitters - SJ Gauge<\/title>\n<meta name=\"robots\" content=\"index, follow, max-snippet:-1, max-image-preview:large, max-video-preview:-1\" \/>\n<link rel=\"canonical\" href=\"https:\/\/www.sj-gauge.com\/es\/sj-gauge-privacy-policy\/\" \/>\n<meta property=\"og:locale\" content=\"es_ES\" \/>\n<meta property=\"og:type\" content=\"article\" \/>\n<meta property=\"og:title\" content=\"SJ Gauge Privacy Policy\" \/>\n<meta property=\"og:description\" content=\"SJ Gauge (also referred to as \u201cthe Company,\u201d \u201cwe,\u201d \u201cus,\u201d or \u201cour\u201d) highly values the protection of your personal data and privacy. To ensure that you can use our website and related online services with confidence, this Privacy Policy is established in accordance with applicable laws and regulations, including the Personal Data Protection Act. It [&hellip;]\" \/>\n<meta property=\"og:url\" content=\"https:\/\/www.sj-gauge.com\/es\/sj-gauge-privacy-policy\/\" \/>\n<meta property=\"og:site_name\" content=\"Your Expert in Pressure Temp and Smart Transmitters - SJ Gauge\" \/>\n<meta property=\"article:modified_time\" content=\"2025-12-31T08:10:04+00:00\" \/>\n<meta name=\"twitter:card\" content=\"summary_large_image\" \/>\n<meta name=\"twitter:label1\" content=\"Tiempo de lectura\" \/>\n\t<meta name=\"twitter:data1\" content=\"4 minutos\" \/>\n<script type=\"application\/ld+json\" class=\"yoast-schema-graph\">{\"@context\":\"https:\/\/schema.org\",\"@graph\":[{\"@type\":\"WebPage\",\"@id\":\"https:\/\/www.sj-gauge.com\/sj-gauge-privacy-policy\/\",\"url\":\"https:\/\/www.sj-gauge.com\/sj-gauge-privacy-policy\/\",\"name\":\"SJ Gauge Privacy Policy - Your Expert in Pressure Temp and Smart Transmitters - SJ Gauge\",\"isPartOf\":{\"@id\":\"https:\/\/www.sj-gauge.com\/#website\"},\"datePublished\":\"2025-12-31T08:10:03+00:00\",\"dateModified\":\"2025-12-31T08:10:04+00:00\",\"breadcrumb\":{\"@id\":\"https:\/\/www.sj-gauge.com\/sj-gauge-privacy-policy\/#breadcrumb\"},\"inLanguage\":\"es\",\"potentialAction\":[{\"@type\":\"ReadAction\",\"target\":[\"https:\/\/www.sj-gauge.com\/sj-gauge-privacy-policy\/\"]}]},{\"@type\":\"BreadcrumbList\",\"@id\":\"https:\/\/www.sj-gauge.com\/sj-gauge-privacy-policy\/#breadcrumb\",\"itemListElement\":[{\"@type\":\"ListItem\",\"position\":1,\"name\":\"Home\",\"item\":\"https:\/\/www.sj-gauge.com\/\"},{\"@type\":\"ListItem\",\"position\":2,\"name\":\"SJ Gauge Privacy Policy\"}]},{\"@type\":\"WebSite\",\"@id\":\"https:\/\/www.sj-gauge.com\/#website\",\"url\":\"https:\/\/www.sj-gauge.com\/\",\"name\":\"Your Expert in Pressure Temp and Smart Transmitters - SJ Gauge\",\"description\":\"Manufacturer of industrial pressure gauges, pressure sensors, and transmitters. SJ Gauge provides high accuracy, durable materials, and custom solutions for oil &amp; gas, chemical, and industrial applications.\",\"publisher\":{\"@id\":\"https:\/\/www.sj-gauge.com\/#organization\"},\"potentialAction\":[{\"@type\":\"SearchAction\",\"target\":{\"@type\":\"EntryPoint\",\"urlTemplate\":\"https:\/\/www.sj-gauge.com\/?s={search_term_string}\"},\"query-input\":{\"@type\":\"PropertyValueSpecification\",\"valueRequired\":true,\"valueName\":\"search_term_string\"}}],\"inLanguage\":\"es\"},{\"@type\":\"Organization\",\"@id\":\"https:\/\/www.sj-gauge.com\/#organization\",\"name\":\"Your Expert in Pressure Temp and Smart Transmitters - SJ Gauge\",\"url\":\"https:\/\/www.sj-gauge.com\/\",\"logo\":{\"@type\":\"ImageObject\",\"inLanguage\":\"es\",\"@id\":\"https:\/\/www.sj-gauge.com\/#\/schema\/logo\/image\/\",\"url\":\"https:\/\/www.sj-gauge.com\/wp-content\/uploads\/2025\/09\/logo.webp\",\"contentUrl\":\"https:\/\/www.sj-gauge.com\/wp-content\/uploads\/2025\/09\/logo.webp\",\"width\":348,\"height\":184,\"caption\":\"Your Expert in Pressure Temp and Smart Transmitters - SJ Gauge\"},\"image\":{\"@id\":\"https:\/\/www.sj-gauge.com\/#\/schema\/logo\/image\/\"}}]}<\/script>\n<!-- \/ Yoast SEO Premium plugin. -->","yoast_head_json":{"title":"SJ Gauge Pol\u00edtica de privacidad - Su experto en transmisores de presi\u00f3n, temperatura e inteligentes - SJ Gauge","robots":{"index":"index","follow":"follow","max-snippet":"max-snippet:-1","max-image-preview":"max-image-preview:large","max-video-preview":"max-video-preview:-1"},"canonical":"https:\/\/www.sj-gauge.com\/es\/sj-gauge-privacy-policy\/","og_locale":"es_ES","og_type":"article","og_title":"SJ Gauge Privacy Policy","og_description":"SJ Gauge (also referred to as \u201cthe Company,\u201d \u201cwe,\u201d \u201cus,\u201d or \u201cour\u201d) highly values the protection of your personal data and privacy. To ensure that you can use our website and related online services with confidence, this Privacy Policy is established in accordance with applicable laws and regulations, including the Personal Data Protection Act. It [&hellip;]","og_url":"https:\/\/www.sj-gauge.com\/es\/sj-gauge-privacy-policy\/","og_site_name":"Your Expert in Pressure Temp and Smart Transmitters - SJ Gauge","article_modified_time":"2025-12-31T08:10:04+00:00","twitter_card":"summary_large_image","twitter_misc":{"Tiempo de lectura":"4 minutos"},"schema":{"@context":"https:\/\/schema.org","@graph":[{"@type":"WebPage","@id":"https:\/\/www.sj-gauge.com\/sj-gauge-privacy-policy\/","url":"https:\/\/www.sj-gauge.com\/sj-gauge-privacy-policy\/","name":"SJ Gauge Pol\u00edtica de privacidad - Su experto en transmisores de presi\u00f3n, temperatura e inteligentes - SJ Gauge","isPartOf":{"@id":"https:\/\/www.sj-gauge.com\/#website"},"datePublished":"2025-12-31T08:10:03+00:00","dateModified":"2025-12-31T08:10:04+00:00","breadcrumb":{"@id":"https:\/\/www.sj-gauge.com\/sj-gauge-privacy-policy\/#breadcrumb"},"inLanguage":"es","potentialAction":[{"@type":"ReadAction","target":["https:\/\/www.sj-gauge.com\/sj-gauge-privacy-policy\/"]}]},{"@type":"BreadcrumbList","@id":"https:\/\/www.sj-gauge.com\/sj-gauge-privacy-policy\/#breadcrumb","itemListElement":[{"@type":"ListItem","position":1,"name":"Home","item":"https:\/\/www.sj-gauge.com\/"},{"@type":"ListItem","position":2,"name":"SJ Gauge Privacy Policy"}]},{"@type":"WebSite","@id":"https:\/\/www.sj-gauge.com\/#website","url":"https:\/\/www.sj-gauge.com\/","name":"Su experto en Transmisores de presi\u00f3n, temperatura e inteligentes - SJ Gauge","description":"Fabricante de man\u00f3metros industriales, sensores de presi\u00f3n y transmisores. SJ Gauge ofrece alta precisi\u00f3n, materiales duraderos y soluciones personalizadas para aplicaciones de petr\u00f3leo y gas, qu\u00edmicas e industriales.","publisher":{"@id":"https:\/\/www.sj-gauge.com\/#organization"},"potentialAction":[{"@type":"SearchAction","target":{"@type":"EntryPoint","urlTemplate":"https:\/\/www.sj-gauge.com\/?s={search_term_string}"},"query-input":{"@type":"PropertyValueSpecification","valueRequired":true,"valueName":"search_term_string"}}],"inLanguage":"es"},{"@type":"Organization","@id":"https:\/\/www.sj-gauge.com\/#organization","name":"Su experto en Transmisores de presi\u00f3n, temperatura e inteligentes - SJ Gauge","url":"https:\/\/www.sj-gauge.com\/","logo":{"@type":"ImageObject","inLanguage":"es","@id":"https:\/\/www.sj-gauge.com\/#\/schema\/logo\/image\/","url":"https:\/\/www.sj-gauge.com\/wp-content\/uploads\/2025\/09\/logo.webp","contentUrl":"https:\/\/www.sj-gauge.com\/wp-content\/uploads\/2025\/09\/logo.webp","width":348,"height":184,"caption":"Your Expert in Pressure Temp and Smart Transmitters - SJ Gauge"},"image":{"@id":"https:\/\/www.sj-gauge.com\/#\/schema\/logo\/image\/"}}]}},"_links":{"self":[{"href":"https:\/\/www.sj-gauge.com\/es\/wp-json\/wp\/v2\/pages\/3225","targetHints":{"allow":["GET"]}}],"collection":[{"href":"https:\/\/www.sj-gauge.com\/es\/wp-json\/wp\/v2\/pages"}],"about":[{"href":"https:\/\/www.sj-gauge.com\/es\/wp-json\/wp\/v2\/types\/page"}],"author":[{"embeddable":true,"href":"https:\/\/www.sj-gauge.com\/es\/wp-json\/wp\/v2\/users\/1"}],"replies":[{"embeddable":true,"href":"https:\/\/www.sj-gauge.com\/es\/wp-json\/wp\/v2\/comments?post=3225"}],"version-history":[{"count":1,"href":"https:\/\/www.sj-gauge.com\/es\/wp-json\/wp\/v2\/pages\/3225\/revisions"}],"predecessor-version":[{"id":3226,"href":"https:\/\/www.sj-gauge.com\/es\/wp-json\/wp\/v2\/pages\/3225\/revisions\/3226"}],"wp:attachment":[{"href":"https:\/\/www.sj-gauge.com\/es\/wp-json\/wp\/v2\/media?parent=3225"}],"curies":[{"name":"wp","href":"https:\/\/api.w.org\/{rel}","templated":true}]}}