{"id":3723,"date":"2026-02-04T15:43:28","date_gmt":"2026-02-04T07:43:28","guid":{"rendered":"https:\/\/www.sj-gauge.com\/?page_id=3723"},"modified":"2026-02-04T15:43:29","modified_gmt":"2026-02-04T07:43:29","slug":"warranty-and-other-policies","status":"publish","type":"page","link":"https:\/\/www.sj-gauge.com\/es\/warranty-and-other-policies\/","title":{"rendered":"Garant\u00eda y otras pol\u00edticas"},"content":{"rendered":"<h2 class=\"wp-block-heading\" id=\"h-i-warranty-description\"><span class=\"ez-toc-section\" id=\"i-warranty-description\"><\/span><strong>I. Descripci\u00f3n de la garant\u00eda<\/strong><span class=\"ez-toc-section-end\"><\/span><\/h2>\n\n\n\n<p>Todos los clientes que adquieran productos de nuestra empresa tienen derecho a la cobertura total de la garant\u00eda. La garant\u00eda incluye los defectos o fallos de funcionamiento que se produzcan en condiciones normales de uso y que no est\u00e9n causados por factores humanos. La cobertura incluye inspecci\u00f3n gratuita, sustituci\u00f3n de piezas o, en determinadas condiciones, servicios de sustituci\u00f3n o reembolso del producto.<\/p>\n\n\n\n<h3 class=\"wp-block-heading\" id=\"h-warranty-period\"><strong>Periodo de garant\u00eda:<\/strong><\/h3>\n\n\n\n<p>\u00a0Este producto est\u00e1 cubierto por una garant\u00eda limitada de un (1) a\u00f1o (12 meses) a partir de la fecha de entrega. En el caso de productos espec\u00edficos con periodos de garant\u00eda diferentes, los detalles se indicar\u00e1n por separado en la p\u00e1gina del producto o en el certificado de compra.<\/p>\n\n\n\n<h2 class=\"wp-block-heading\" id=\"h-ii-warranty-coverage\"><span class=\"ez-toc-section\" id=\"ii-warranty-coverage\"><\/span><strong>II. Cobertura de la garant\u00eda<\/strong><span class=\"ez-toc-section-end\"><\/span><\/h2>\n\n\n\n<p>Dentro del periodo de garant\u00eda, proporcionaremos reparaci\u00f3n, sustituci\u00f3n o manipulaci\u00f3n gratuitas si el producto experimenta los siguientes problemas en condiciones normales de uso:<\/p>\n\n\n\n<ul class=\"wp-block-list\">\n<li>Anomal\u00edas funcionales causadas por defectos de fabricaci\u00f3n<\/li>\n\n\n\n<li>Problemas de rendimiento o mala calidad en condiciones normales de uso<\/li>\n<\/ul>\n\n\n\n<h2 class=\"wp-block-heading\" id=\"h-iii-warranty-service-procedure\"><span class=\"ez-toc-section\" id=\"iii-warranty-service-procedure\"><\/span><strong>III. Procedimiento de servicio en garant\u00eda<\/strong><span class=\"ez-toc-section-end\"><\/span><\/h2>\n\n\n\n<p>Si el producto tiene problemas dentro del periodo de garant\u00eda, puede solicitar el servicio de garant\u00eda siguiendo los pasos que se indican a continuaci\u00f3n:<\/p>\n\n\n\n<h3 class=\"wp-block-heading\" id=\"h-contact-customer-service\"><strong>P\u00f3ngase en contacto con el Servicio de Atenci\u00f3n al Cliente:<\/strong><\/h3>\n\n\n\n<p>\u00a0P\u00f3ngase en contacto con nosotros a trav\u00e9s del servicio de atenci\u00f3n al cliente por correo electr\u00f3nico, LINE o tel\u00e9fono. Proporcione una descripci\u00f3n del problema del producto junto con fotos o v\u00eddeos.<\/p>\n\n\n\n<h3 class=\"wp-block-heading\" id=\"h-prepare-and-provide-any-of-the-following-proof-of-purchase-documents\"><strong>Prepare y proporcione cualquiera de los siguientes documentos de prueba de compra:<\/strong><\/h3>\n\n\n\n<ul class=\"wp-block-list\">\n<li>Certificado de origen<\/li>\n\n\n\n<li>Albar\u00e1n de entrega<\/li>\n\n\n\n<li>Tarjeta de garant\u00eda original<\/li>\n<\/ul>\n\n\n\n<h3 class=\"wp-block-heading\" id=\"h-repair-or-return-arrangement\"><strong>Acuerdo de reparaci\u00f3n o devoluci\u00f3n:<\/strong><\/h3>\n\n\n\n<p>El personal del servicio de atenci\u00f3n al cliente le ayudar\u00e1 a organizar la reparaci\u00f3n del producto o le proporcionar\u00e1 m\u00e1s instrucciones de manipulaci\u00f3n.<\/p>\n\n\n\n<h3 class=\"wp-block-heading\" id=\"h-repair-processing\"><strong>Tramitaci\u00f3n de reparaciones:<\/strong><\/h3>\n\n\n\n<p>\u00a0Completaremos la inspecci\u00f3n en <strong>7-10 d\u00edas laborables<\/strong> despu\u00e9s de recibir el producto.<br>El plazo de reparaci\u00f3n depender\u00e1 del estado real del producto y de la disponibilidad de piezas de repuesto.<\/p>\n\n\n\n<h2 class=\"wp-block-heading\" id=\"h-iv-exclusions-from-warranty\"><span class=\"ez-toc-section\" id=\"iv-exclusions-from-warranty\"><\/span><strong>IV. Exclusiones de garant\u00eda<\/strong><span class=\"ez-toc-section-end\"><\/span><\/h2>\n\n\n\n<p>Las siguientes situaciones son <strong>no cubierto<\/strong> en garant\u00eda, y no se proporcionar\u00e1 reparaci\u00f3n o sustituci\u00f3n gratuitas:<\/p>\n\n\n\n<ul class=\"wp-block-list\">\n<li>Desgaste normal de los consumibles (por ejemplo, pilas, juntas, sensores, etc.)<\/li>\n\n\n\n<li>Da\u00f1os causados por desmontaje, modificaci\u00f3n o reparaci\u00f3n por personal no autorizado.<\/li>\n\n\n\n<li>Fallos de funcionamiento derivados de no instalar o utilizar el producto de acuerdo con las instrucciones.<\/li>\n\n\n\n<li>Problemas causados por el uso de consumibles o accesorios no originales<\/li>\n\n\n\n<li>Da\u00f1os causados por fuerzas externas o accidentes (por ejemplo, ca\u00eddas, impactos, intrusi\u00f3n de l\u00edquidos).<\/li>\n<\/ul>\n\n\n\n<h2 class=\"wp-block-heading\" id=\"h-v-rights-and-obligations\"><span class=\"ez-toc-section\" id=\"v-rights-and-obligations\"><\/span><strong>V. Derechos y obligaciones<\/strong><span class=\"ez-toc-section-end\"><\/span><\/h2>\n\n\n\n<h3 class=\"wp-block-heading\" id=\"h-customer-rights\"><strong>Derechos del cliente:<\/strong><\/h3>\n\n\n\n<ul class=\"wp-block-list\">\n<li>Reparaci\u00f3n o sustituci\u00f3n gratuita dentro del periodo de garant\u00eda<\/li>\n\n\n\n<li>Derecho a reclamar una indemnizaci\u00f3n razonable por problemas de calidad del producto (dentro de la cobertura de la garant\u00eda).<\/li>\n<\/ul>\n\n\n\n<h3 class=\"wp-block-heading\" id=\"h-customer-obligations\"><strong>Obligaciones del cliente:<\/strong><\/h3>\n\n\n\n<ul class=\"wp-block-list\">\n<li>Conservar correctamente los certificados de compra y las tarjetas de garant\u00eda, y proporcionar informaci\u00f3n precisa sobre los productos.<\/li>\n\n\n\n<li>Utilizar y mantener el producto de acuerdo con el manual del usuario.<\/li>\n\n\n\n<li>Deje de utilizar inmediatamente el producto y p\u00f3ngase en contacto con el servicio de atenci\u00f3n al cliente si detecta anomal\u00edas.<\/li>\n<\/ul>\n\n\n\n<h3 class=\"wp-block-heading\" id=\"h-company-rights-and-limitations\"><strong>Derechos y limitaciones de la empresa:<\/strong><\/h3>\n\n\n\n<ul class=\"wp-block-list\">\n<li>Nos reservamos el derecho a inspeccionar el producto para confirmar si la aver\u00eda entra dentro de las condiciones de la garant\u00eda.<\/li>\n\n\n\n<li>Si el producto no puede repararse o las piezas de repuesto est\u00e1n descatalogadas, se proporcionar\u00e1 un producto de sustituci\u00f3n de calidad equivalente.<\/li>\n\n\n\n<li>La cobertura de la garant\u00eda se limita al producto en s\u00ed y no incluye costes adicionales como gastos de env\u00edo, instalaci\u00f3n o transporte.<\/li>\n<\/ul>\n\n\n\n<h2 class=\"wp-block-heading\" id=\"h-vi-disclaimer\"><span class=\"ez-toc-section\" id=\"vi-disclaimer\"><\/span><strong>VI. Descargo de responsabilidad<\/strong><span class=\"ez-toc-section-end\"><\/span><\/h2>\n\n\n\n<ul class=\"wp-block-list\">\n<li>La empresa no ser\u00e1 responsable de las p\u00e9rdidas indirectas causadas por fallos del producto (por ejemplo, interrupciones del negocio, p\u00e9rdidas de beneficios, da\u00f1os a la reputaci\u00f3n, etc.).<\/li>\n\n\n\n<li>La empresa no ser\u00e1 responsable de los da\u00f1os causados por acontecimientos de fuerza mayor o acciones de terceros.<\/li>\n\n\n\n<li>La responsabilidad m\u00e1xima de la empresa en materia de indemnizaci\u00f3n se limitar\u00e1 al precio real de compra del producto original.<\/li>\n<\/ul>\n\n\n\n<h2 class=\"wp-block-heading\" id=\"h-vii-other-terms\"><span class=\"ez-toc-section\" id=\"vii-other-terms\"><\/span><strong>VII. Otros t\u00e9rminos<\/strong><span class=\"ez-toc-section-end\"><\/span><\/h2>\n\n\n\n<ul class=\"wp-block-list\">\n<li>La interpretaci\u00f3n final y el derecho a modificar estas condiciones de garant\u00eda pertenecen a la empresa<\/li>\n\n\n\n<li>En caso de litigio, ambas partes buscar\u00e1n una soluci\u00f3n mediante negociaciones de buena fe. Si la negociaci\u00f3n fracasa, el asunto se regir\u00e1 por las leyes de la Rep\u00fablica de China (Taiw\u00e1n), y el tribunal de distrito local donde se encuentre la empresa actuar\u00e1 como tribunal de primera instancia.<\/li>\n<\/ul>","protected":false},"excerpt":{"rendered":"<p>I. Descripci\u00f3n de la garant\u00eda Todos los clientes que adquieran productos de nuestra empresa tienen derecho a la cobertura total de la garant\u00eda. La garant\u00eda incluye los defectos o fallos de funcionamiento que se produzcan en condiciones normales de uso y que no est\u00e9n causados por factores humanos. La cobertura incluye inspecci\u00f3n gratuita, sustituci\u00f3n de piezas o, en determinadas condiciones, sustituci\u00f3n del producto o servicios de reembolso. Per\u00edodo de garant\u00eda:  Este producto [...]<\/p>","protected":false},"author":1,"featured_media":0,"parent":0,"menu_order":0,"comment_status":"closed","ping_status":"closed","template":"","meta":{"_acf_changed":false,"footnotes":""},"class_list":["post-3723","page","type-page","status-publish","hentry"],"blocksy_meta":[],"acf":[],"yoast_head":"<!-- This site is optimized with the Yoast SEO Premium plugin v26.7 (Yoast SEO v27.4) - https:\/\/yoast.com\/product\/yoast-seo-premium-wordpress\/ -->\n<title>Warranty and other policies - SJ Gauge | Pressure Gauges, Thermometers &amp; Pressure Sensors<\/title>\n<meta name=\"robots\" content=\"index, follow, max-snippet:-1, max-image-preview:large, max-video-preview:-1\" \/>\n<link rel=\"canonical\" href=\"https:\/\/www.sj-gauge.com\/es\/warranty-and-other-policies\/\" \/>\n<meta property=\"og:locale\" content=\"es_ES\" \/>\n<meta property=\"og:type\" content=\"article\" \/>\n<meta property=\"og:title\" content=\"Warranty and other policies\" \/>\n<meta property=\"og:description\" content=\"I. Warranty Description All customers who purchase products from our company are entitled to full warranty coverage. The warranty includes defects or malfunctions that occur under normal usage and are not caused by human factors. Coverage includes free inspection, replacement of parts, or, under certain conditions, product replacement or refund services. Warranty Period: \u00a0This product [&hellip;]\" \/>\n<meta property=\"og:url\" content=\"https:\/\/www.sj-gauge.com\/es\/warranty-and-other-policies\/\" \/>\n<meta property=\"og:site_name\" content=\"SJ Gauge | Pressure Gauges, Thermometers &amp; Pressure Sensors\" \/>\n<meta property=\"article:modified_time\" content=\"2026-02-04T07:43:29+00:00\" \/>\n<meta name=\"twitter:card\" content=\"summary_large_image\" \/>\n<meta name=\"twitter:label1\" content=\"Tiempo de lectura\" \/>\n\t<meta name=\"twitter:data1\" content=\"3 minutos\" \/>\n<script type=\"application\/ld+json\" class=\"yoast-schema-graph\">{\"@context\":\"https:\\\/\\\/schema.org\",\"@graph\":[{\"@type\":\"WebPage\",\"@id\":\"https:\\\/\\\/www.sj-gauge.com\\\/warranty-and-other-policies\\\/\",\"url\":\"https:\\\/\\\/www.sj-gauge.com\\\/warranty-and-other-policies\\\/\",\"name\":\"Warranty and other policies - SJ Gauge | Pressure Gauges, Thermometers &amp; Pressure Sensors\",\"isPartOf\":{\"@id\":\"https:\\\/\\\/www.sj-gauge.com\\\/#website\"},\"datePublished\":\"2026-02-04T07:43:28+00:00\",\"dateModified\":\"2026-02-04T07:43:29+00:00\",\"breadcrumb\":{\"@id\":\"https:\\\/\\\/www.sj-gauge.com\\\/warranty-and-other-policies\\\/#breadcrumb\"},\"inLanguage\":\"es\",\"potentialAction\":[{\"@type\":\"ReadAction\",\"target\":[\"https:\\\/\\\/www.sj-gauge.com\\\/warranty-and-other-policies\\\/\"]}]},{\"@type\":\"BreadcrumbList\",\"@id\":\"https:\\\/\\\/www.sj-gauge.com\\\/warranty-and-other-policies\\\/#breadcrumb\",\"itemListElement\":[{\"@type\":\"ListItem\",\"position\":1,\"name\":\"Home\",\"item\":\"https:\\\/\\\/www.sj-gauge.com\\\/\"},{\"@type\":\"ListItem\",\"position\":2,\"name\":\"Warranty and other policies\"}]},{\"@type\":\"WebSite\",\"@id\":\"https:\\\/\\\/www.sj-gauge.com\\\/#website\",\"url\":\"https:\\\/\\\/www.sj-gauge.com\\\/\",\"name\":\"SJ Gauge | Pressure Gauges, Thermometers &amp; Pressure Sensors\",\"description\":\"Manufacturer of industrial pressure gauges, pressure sensors, and transmitters. SJ Gauge provides high accuracy, durable materials, and custom solutions for oil &amp; gas, chemical, and industrial applications.\",\"publisher\":{\"@id\":\"https:\\\/\\\/www.sj-gauge.com\\\/#organization\"},\"potentialAction\":[{\"@type\":\"SearchAction\",\"target\":{\"@type\":\"EntryPoint\",\"urlTemplate\":\"https:\\\/\\\/www.sj-gauge.com\\\/?s={search_term_string}\"},\"query-input\":{\"@type\":\"PropertyValueSpecification\",\"valueRequired\":true,\"valueName\":\"search_term_string\"}}],\"inLanguage\":\"es\"},{\"@type\":\"Organization\",\"@id\":\"https:\\\/\\\/www.sj-gauge.com\\\/#organization\",\"name\":\"SJ Gauge | Pressure Gauges, Thermometers &amp; Pressure Sensors\",\"url\":\"https:\\\/\\\/www.sj-gauge.com\\\/\",\"logo\":{\"@type\":\"ImageObject\",\"inLanguage\":\"es\",\"@id\":\"https:\\\/\\\/www.sj-gauge.com\\\/#\\\/schema\\\/logo\\\/image\\\/\",\"url\":\"https:\\\/\\\/www.sj-gauge.com\\\/wp-content\\\/uploads\\\/2025\\\/09\\\/logo.webp\",\"contentUrl\":\"https:\\\/\\\/www.sj-gauge.com\\\/wp-content\\\/uploads\\\/2025\\\/09\\\/logo.webp\",\"width\":348,\"height\":184,\"caption\":\"SJ Gauge | Pressure Gauges, Thermometers &amp; Pressure Sensors\"},\"image\":{\"@id\":\"https:\\\/\\\/www.sj-gauge.com\\\/#\\\/schema\\\/logo\\\/image\\\/\"}}]}<\/script>\n<!-- \/ Yoast SEO Premium plugin. -->","yoast_head_json":{"title":"Garant\u00eda y otras pol\u00edticas - SJ Gauge | Man\u00f3metros, Term\u00f3metros y Sensores de presi\u00f3n","robots":{"index":"index","follow":"follow","max-snippet":"max-snippet:-1","max-image-preview":"max-image-preview:large","max-video-preview":"max-video-preview:-1"},"canonical":"https:\/\/www.sj-gauge.com\/es\/warranty-and-other-policies\/","og_locale":"es_ES","og_type":"article","og_title":"Warranty and other policies","og_description":"I. Warranty Description All customers who purchase products from our company are entitled to full warranty coverage. The warranty includes defects or malfunctions that occur under normal usage and are not caused by human factors. Coverage includes free inspection, replacement of parts, or, under certain conditions, product replacement or refund services. Warranty Period: \u00a0This product [&hellip;]","og_url":"https:\/\/www.sj-gauge.com\/es\/warranty-and-other-policies\/","og_site_name":"SJ Gauge | Pressure Gauges, Thermometers &amp; Pressure Sensors","article_modified_time":"2026-02-04T07:43:29+00:00","twitter_card":"summary_large_image","twitter_misc":{"Tiempo de lectura":"3 minutos"},"schema":{"@context":"https:\/\/schema.org","@graph":[{"@type":"WebPage","@id":"https:\/\/www.sj-gauge.com\/warranty-and-other-policies\/","url":"https:\/\/www.sj-gauge.com\/warranty-and-other-policies\/","name":"Garant\u00eda y otras pol\u00edticas - SJ Gauge | Man\u00f3metros, Term\u00f3metros y Sensores de presi\u00f3n","isPartOf":{"@id":"https:\/\/www.sj-gauge.com\/#website"},"datePublished":"2026-02-04T07:43:28+00:00","dateModified":"2026-02-04T07:43:29+00:00","breadcrumb":{"@id":"https:\/\/www.sj-gauge.com\/warranty-and-other-policies\/#breadcrumb"},"inLanguage":"es","potentialAction":[{"@type":"ReadAction","target":["https:\/\/www.sj-gauge.com\/warranty-and-other-policies\/"]}]},{"@type":"BreadcrumbList","@id":"https:\/\/www.sj-gauge.com\/warranty-and-other-policies\/#breadcrumb","itemListElement":[{"@type":"ListItem","position":1,"name":"Home","item":"https:\/\/www.sj-gauge.com\/"},{"@type":"ListItem","position":2,"name":"Warranty and other policies"}]},{"@type":"WebSite","@id":"https:\/\/www.sj-gauge.com\/#website","url":"https:\/\/www.sj-gauge.com\/","name":"SJ Gauge | Man\u00f3metros, term\u00f3metros y sensores de presi\u00f3n","description":"Fabricante de man\u00f3metros industriales, sensores de presi\u00f3n y transmisores. SJ Gauge ofrece alta precisi\u00f3n, materiales duraderos y soluciones personalizadas para aplicaciones de petr\u00f3leo y gas, qu\u00edmicas e industriales.","publisher":{"@id":"https:\/\/www.sj-gauge.com\/#organization"},"potentialAction":[{"@type":"SearchAction","target":{"@type":"EntryPoint","urlTemplate":"https:\/\/www.sj-gauge.com\/?s={search_term_string}"},"query-input":{"@type":"PropertyValueSpecification","valueRequired":true,"valueName":"search_term_string"}}],"inLanguage":"es"},{"@type":"Organization","@id":"https:\/\/www.sj-gauge.com\/#organization","name":"SJ Gauge | Man\u00f3metros, term\u00f3metros y sensores de presi\u00f3n","url":"https:\/\/www.sj-gauge.com\/","logo":{"@type":"ImageObject","inLanguage":"es","@id":"https:\/\/www.sj-gauge.com\/#\/schema\/logo\/image\/","url":"https:\/\/www.sj-gauge.com\/wp-content\/uploads\/2025\/09\/logo.webp","contentUrl":"https:\/\/www.sj-gauge.com\/wp-content\/uploads\/2025\/09\/logo.webp","width":348,"height":184,"caption":"SJ Gauge | Pressure Gauges, Thermometers &amp; Pressure Sensors"},"image":{"@id":"https:\/\/www.sj-gauge.com\/#\/schema\/logo\/image\/"}}]}},"_links":{"self":[{"href":"https:\/\/www.sj-gauge.com\/es\/wp-json\/wp\/v2\/pages\/3723","targetHints":{"allow":["GET"]}}],"collection":[{"href":"https:\/\/www.sj-gauge.com\/es\/wp-json\/wp\/v2\/pages"}],"about":[{"href":"https:\/\/www.sj-gauge.com\/es\/wp-json\/wp\/v2\/types\/page"}],"author":[{"embeddable":true,"href":"https:\/\/www.sj-gauge.com\/es\/wp-json\/wp\/v2\/users\/1"}],"replies":[{"embeddable":true,"href":"https:\/\/www.sj-gauge.com\/es\/wp-json\/wp\/v2\/comments?post=3723"}],"version-history":[{"count":1,"href":"https:\/\/www.sj-gauge.com\/es\/wp-json\/wp\/v2\/pages\/3723\/revisions"}],"predecessor-version":[{"id":3724,"href":"https:\/\/www.sj-gauge.com\/es\/wp-json\/wp\/v2\/pages\/3723\/revisions\/3724"}],"wp:attachment":[{"href":"https:\/\/www.sj-gauge.com\/es\/wp-json\/wp\/v2\/media?parent=3723"}],"curies":[{"name":"wp","href":"https:\/\/api.w.org\/{rel}","templated":true}]}}