{"id":3756,"date":"2026-02-09T10:46:07","date_gmt":"2026-02-09T02:46:07","guid":{"rendered":"https:\/\/www.sj-gauge.com\/?page_id=3756"},"modified":"2026-02-09T11:03:21","modified_gmt":"2026-02-09T03:03:21","slug":"terms-of-service","status":"publish","type":"page","link":"https:\/\/www.sj-gauge.com\/es\/terms-of-service\/","title":{"rendered":"Condiciones de uso"},"content":{"rendered":"<p>Gracias por visitar el sitio web oficial de SJ Gauge (en lo sucesivo, \u201ceste sitio web\u201d). Antes de utilizar los servicios de este sitio web, lea atentamente las siguientes condiciones de servicio. Al continuar utilizando este sitio web, usted acepta cumplir con los siguientes t\u00e9rminos.<\/p>\n\n\n\n<h2 class=\"wp-block-heading\" id=\"h-1-acceptance-of-terms\"><span class=\"ez-toc-section\" id=\"1-acceptance-of-terms\"><\/span><strong>1. Aceptaci\u00f3n de las condiciones<\/strong><span class=\"ez-toc-section-end\"><\/span><\/h2>\n\n\n\n<p>Al acceder a este sitio web, usted reconoce que ha le\u00eddo, entendido y aceptado todo el contenido de estas Condiciones de servicio. Si no est\u00e1 de acuerdo con la totalidad o parte de estas condiciones, deje de utilizar este sitio web inmediatamente. El uso continuado se considerar\u00e1 como aceptaci\u00f3n plena de las Condiciones del servicio.<\/p>\n\n\n\n<h2 class=\"wp-block-heading\" id=\"h-2-website-content\"><span class=\"ez-toc-section\" id=\"2-website-content\"><\/span><strong>2. Contenido del sitio web<\/strong><span class=\"ez-toc-section-end\"><\/span><\/h2>\n\n\n\n<p>Toda la informaci\u00f3n proporcionada en este sitio web (incluyendo pero no limitado a texto, im\u00e1genes, gr\u00e1ficos e informaci\u00f3n de productos) es propiedad de SJ Gauge y est\u00e1 protegida por las leyes de derechos de autor y otras leyes pertinentes. La reproducci\u00f3n, modificaci\u00f3n, transmisi\u00f3n, duplicaci\u00f3n, venta o exhibici\u00f3n p\u00fablica no autorizada de dicho contenido est\u00e1 estrictamente prohibida sin el consentimiento previo por escrito de SJ Gauge. Cualquier violaci\u00f3n puede resultar en responsabilidad legal perseguida por SJ Gauge.<\/p>\n\n\n\n<h2 class=\"wp-block-heading\" id=\"h-3-user-responsibilities\"><span class=\"ez-toc-section\" id=\"3-user-responsibilities\"><\/span><strong>3. Responsabilidades del usuario<\/strong><span class=\"ez-toc-section-end\"><\/span><\/h2>\n\n\n\n<p>Al utilizar este sitio web, usted acepta:<\/p>\n\n\n\n<ul class=\"wp-block-list\">\n<li>No participar en ninguna actividad que pueda da\u00f1ar o interrumpir el sitio web, incluido, entre otros, el uso de virus, programas maliciosos o cualquier herramienta que pueda interferir en el funcionamiento del sitio web.<\/li>\n\n\n\n<li>No proporcionar informaci\u00f3n falsa o enga\u00f1osa, y abstenerse de cualquier actividad fraudulenta o enga\u00f1osa.<\/li>\n\n\n\n<li>No participar en actos il\u00edcitos ni infringir los derechos de terceros, incluidos, entre otros, la difamaci\u00f3n, la infracci\u00f3n, la difusi\u00f3n de rumores, la invasi\u00f3n de la privacidad u otros comportamientos inadecuados.<\/li>\n<\/ul>\n\n\n\n<p>Si sus acciones causan da\u00f1os a este Sitio Web o a terceros, usted acepta asumir todas las responsabilidades legales y obligaciones de indemnizaci\u00f3n relacionadas.<\/p>\n\n\n\n<h2 class=\"wp-block-heading\" id=\"h-4-disclaimer\"><span class=\"ez-toc-section\" id=\"4-disclaimer\"><\/span><strong>4. Descargo de responsabilidad<\/strong><span class=\"ez-toc-section-end\"><\/span><\/h2>\n\n\n\n<p>Este sitio web se esfuerza por proporcionar la informaci\u00f3n m\u00e1s reciente y precisa, pero no garantiza la actualidad, integridad o exactitud de su contenido. SJ Gauge no ser\u00e1 responsable de ninguna p\u00e9rdida directa o indirecta causada por el uso o la confianza depositada en este sitio web. Adem\u00e1s, SJ Gauge no ser\u00e1 responsable de los fallos del sistema, p\u00e9rdida de datos o errores t\u00e9cnicos que puedan producirse.<\/p>\n\n\n\n<h2 class=\"wp-block-heading\" id=\"h-5-third-party-links\"><span class=\"ez-toc-section\" id=\"5-third-party-links\"><\/span><strong>5. Enlaces de terceros<\/strong><span class=\"ez-toc-section-end\"><\/span><\/h2>\n\n\n\n<p>Este sitio web puede contener enlaces a otros sitios web o recursos de terceros, proporcionados \u00fanicamente para comodidad del usuario. SJ Gauge no es responsable del contenido ni de las pol\u00edticas de privacidad de dichos sitios web de terceros. Cuando acceda a sitios web externos a trav\u00e9s de este Sitio web, le recomendamos que revise detenidamente sus condiciones de servicio y pol\u00edticas de privacidad para proteger sus derechos.<\/p>\n\n\n\n<h2 class=\"wp-block-heading\" id=\"h-6-amendments-to-terms-of-service\"><span class=\"ez-toc-section\" id=\"6-amendments-to-terms-of-service\"><\/span><strong>6. Modificaciones de las condiciones de servicio<\/strong><span class=\"ez-toc-section-end\"><\/span><\/h2>\n\n\n\n<p>SJ Gauge se reserva el derecho de revisar o modificar estos T\u00e9rminos de Servicio en cualquier momento. Las condiciones modificadas se publicar\u00e1n inmediatamente en este sitio web. Le recomendamos que las revise peri\u00f3dicamente. El uso continuado de este Sitio Web despu\u00e9s de dichas modificaciones se considerar\u00e1 como aceptaci\u00f3n de los t\u00e9rminos actualizados.<\/p>\n\n\n\n<h2 class=\"wp-block-heading\" id=\"h-7-termination-of-services\"><span class=\"ez-toc-section\" id=\"7-termination-of-services\"><\/span><strong>7. Finalizaci\u00f3n de los servicios<\/strong><span class=\"ez-toc-section-end\"><\/span><\/h2>\n\n\n\n<p>SJ Gauge se reserva el derecho de suspender o terminar total o parcialmente los servicios de este Sitio Web en cualquier momento sin previo aviso y sin asumir responsabilidad alguna. Adem\u00e1s, si se descubre que un usuario ha violado estos T\u00e9rminos de Servicio o ha incurrido en cualquier conducta inapropiada, SJ Gauge se reserva el derecho de terminar inmediatamente su acceso a este Sitio Web.<\/p>\n\n\n\n<h2 class=\"wp-block-heading\" id=\"h-8-governing-law-and-jurisdiction\"><span class=\"ez-toc-section\" id=\"8-governing-law-and-jurisdiction\"><\/span><strong>8. Ley aplicable y jurisdicci\u00f3n<\/strong><span class=\"ez-toc-section-end\"><\/span><\/h2>\n\n\n\n<p>La interpretaci\u00f3n y aplicaci\u00f3n de estas Condiciones del servicio se regir\u00e1n por la legislaci\u00f3n de la Rep\u00fablica de China (Taiw\u00e1n). En caso de litigio, ambas partes acuerdan someterse a la jurisdicci\u00f3n del Tribunal de Distrito de Taipei (Taiw\u00e1n) como tribunal de primera instancia. Los usuarios aceptan hacerse cargo de los costes legales y da\u00f1os y perjuicios relacionados si SJ Gauge sufre p\u00e9rdidas debido a infracciones de estas Condiciones del servicio.<\/p>\n\n\n\n<h2 class=\"wp-block-heading\" id=\"h-9-contact-information\"><span class=\"ez-toc-section\" id=\"9-contact-information\"><\/span><strong>9. 9. Informaci\u00f3n de contacto<\/strong><span class=\"ez-toc-section-end\"><\/span><\/h2>\n\n\n\n<p>Si tiene alguna pregunta o sugerencia sobre estas Condiciones de servicio, p\u00f3ngase en contacto con nosotros:<br>Correo electr\u00f3nico: info@sinjiagauge.com<br>L\u00ednea directa de atenci\u00f3n al cliente: +886-2-25504512<\/p>\n\n\n\n<p><em>\u00daltima actualizaci\u00f3n: 21 de junio de 2025<\/em><\/p>","protected":false},"excerpt":{"rendered":"<p>Gracias por visitar el sitio web oficial de SJ Gauge (en lo sucesivo, \u201ceste sitio web\u201d). Antes de utilizar los servicios de este sitio web, lea atentamente las siguientes condiciones de servicio. Al continuar utilizando este sitio web, usted acepta cumplir con los siguientes t\u00e9rminos. 1.Aceptaci\u00f3n de los T\u00e9rminos Al acceder a este Sitio Web, usted reconoce que [...]<\/p>","protected":false},"author":1,"featured_media":0,"parent":0,"menu_order":0,"comment_status":"closed","ping_status":"closed","template":"","meta":{"_acf_changed":false,"footnotes":""},"class_list":["post-3756","page","type-page","status-publish","hentry"],"blocksy_meta":[],"acf":[],"yoast_head":"<!-- This site is optimized with the Yoast SEO Premium plugin v26.7 (Yoast SEO v27.4) - https:\/\/yoast.com\/product\/yoast-seo-premium-wordpress\/ -->\n<title>Terms of Service - SJ Gauge | Pressure Gauges, Thermometers &amp; Pressure Sensors<\/title>\n<meta name=\"robots\" content=\"index, follow, max-snippet:-1, max-image-preview:large, max-video-preview:-1\" \/>\n<link rel=\"canonical\" href=\"https:\/\/www.sj-gauge.com\/es\/terms-of-service\/\" \/>\n<meta property=\"og:locale\" content=\"es_ES\" \/>\n<meta property=\"og:type\" content=\"article\" \/>\n<meta property=\"og:title\" content=\"Terms of Service\" \/>\n<meta property=\"og:description\" content=\"Thank you for visiting the official website of SJ Gauge (hereinafter referred to as \u201cthis Website\u201d). Before using the services of this Website, please read the following Terms of Service carefully. By continuing to use this Website, you agree to comply with the following terms. 1. Acceptance of Terms By accessing this Website, you acknowledge [&hellip;]\" \/>\n<meta property=\"og:url\" content=\"https:\/\/www.sj-gauge.com\/es\/terms-of-service\/\" \/>\n<meta property=\"og:site_name\" content=\"SJ Gauge | Pressure Gauges, Thermometers &amp; Pressure Sensors\" \/>\n<meta property=\"article:modified_time\" content=\"2026-02-09T03:03:21+00:00\" \/>\n<meta name=\"twitter:card\" content=\"summary_large_image\" \/>\n<meta name=\"twitter:label1\" content=\"Tiempo de lectura\" \/>\n\t<meta name=\"twitter:data1\" content=\"3 minutos\" \/>\n<script type=\"application\/ld+json\" class=\"yoast-schema-graph\">{\"@context\":\"https:\\\/\\\/schema.org\",\"@graph\":[{\"@type\":\"WebPage\",\"@id\":\"https:\\\/\\\/www.sj-gauge.com\\\/terms-of-service\\\/\",\"url\":\"https:\\\/\\\/www.sj-gauge.com\\\/terms-of-service\\\/\",\"name\":\"Terms of Service - SJ Gauge | Pressure Gauges, Thermometers &amp; Pressure Sensors\",\"isPartOf\":{\"@id\":\"https:\\\/\\\/www.sj-gauge.com\\\/#website\"},\"datePublished\":\"2026-02-09T02:46:07+00:00\",\"dateModified\":\"2026-02-09T03:03:21+00:00\",\"breadcrumb\":{\"@id\":\"https:\\\/\\\/www.sj-gauge.com\\\/terms-of-service\\\/#breadcrumb\"},\"inLanguage\":\"es\",\"potentialAction\":[{\"@type\":\"ReadAction\",\"target\":[\"https:\\\/\\\/www.sj-gauge.com\\\/terms-of-service\\\/\"]}]},{\"@type\":\"BreadcrumbList\",\"@id\":\"https:\\\/\\\/www.sj-gauge.com\\\/terms-of-service\\\/#breadcrumb\",\"itemListElement\":[{\"@type\":\"ListItem\",\"position\":1,\"name\":\"Home\",\"item\":\"https:\\\/\\\/www.sj-gauge.com\\\/\"},{\"@type\":\"ListItem\",\"position\":2,\"name\":\"Terms of Service\"}]},{\"@type\":\"WebSite\",\"@id\":\"https:\\\/\\\/www.sj-gauge.com\\\/#website\",\"url\":\"https:\\\/\\\/www.sj-gauge.com\\\/\",\"name\":\"SJ Gauge | Pressure Gauges, Thermometers &amp; Pressure Sensors\",\"description\":\"Manufacturer of industrial pressure gauges, pressure sensors, and transmitters. SJ Gauge provides high accuracy, durable materials, and custom solutions for oil &amp; gas, chemical, and industrial applications.\",\"publisher\":{\"@id\":\"https:\\\/\\\/www.sj-gauge.com\\\/#organization\"},\"potentialAction\":[{\"@type\":\"SearchAction\",\"target\":{\"@type\":\"EntryPoint\",\"urlTemplate\":\"https:\\\/\\\/www.sj-gauge.com\\\/?s={search_term_string}\"},\"query-input\":{\"@type\":\"PropertyValueSpecification\",\"valueRequired\":true,\"valueName\":\"search_term_string\"}}],\"inLanguage\":\"es\"},{\"@type\":\"Organization\",\"@id\":\"https:\\\/\\\/www.sj-gauge.com\\\/#organization\",\"name\":\"SJ Gauge | Pressure Gauges, Thermometers &amp; Pressure Sensors\",\"url\":\"https:\\\/\\\/www.sj-gauge.com\\\/\",\"logo\":{\"@type\":\"ImageObject\",\"inLanguage\":\"es\",\"@id\":\"https:\\\/\\\/www.sj-gauge.com\\\/#\\\/schema\\\/logo\\\/image\\\/\",\"url\":\"https:\\\/\\\/www.sj-gauge.com\\\/wp-content\\\/uploads\\\/2025\\\/09\\\/logo.webp\",\"contentUrl\":\"https:\\\/\\\/www.sj-gauge.com\\\/wp-content\\\/uploads\\\/2025\\\/09\\\/logo.webp\",\"width\":348,\"height\":184,\"caption\":\"SJ Gauge | Pressure Gauges, Thermometers &amp; Pressure Sensors\"},\"image\":{\"@id\":\"https:\\\/\\\/www.sj-gauge.com\\\/#\\\/schema\\\/logo\\\/image\\\/\"}}]}<\/script>\n<!-- \/ Yoast SEO Premium plugin. -->","yoast_head_json":{"title":"Condiciones de servicio - SJ Gauge | Man\u00f3metros, term\u00f3metros y sensores de presi\u00f3n","robots":{"index":"index","follow":"follow","max-snippet":"max-snippet:-1","max-image-preview":"max-image-preview:large","max-video-preview":"max-video-preview:-1"},"canonical":"https:\/\/www.sj-gauge.com\/es\/terms-of-service\/","og_locale":"es_ES","og_type":"article","og_title":"Terms of Service","og_description":"Thank you for visiting the official website of SJ Gauge (hereinafter referred to as \u201cthis Website\u201d). Before using the services of this Website, please read the following Terms of Service carefully. By continuing to use this Website, you agree to comply with the following terms. 1. Acceptance of Terms By accessing this Website, you acknowledge [&hellip;]","og_url":"https:\/\/www.sj-gauge.com\/es\/terms-of-service\/","og_site_name":"SJ Gauge | Pressure Gauges, Thermometers &amp; Pressure Sensors","article_modified_time":"2026-02-09T03:03:21+00:00","twitter_card":"summary_large_image","twitter_misc":{"Tiempo de lectura":"3 minutos"},"schema":{"@context":"https:\/\/schema.org","@graph":[{"@type":"WebPage","@id":"https:\/\/www.sj-gauge.com\/terms-of-service\/","url":"https:\/\/www.sj-gauge.com\/terms-of-service\/","name":"Condiciones de servicio - SJ Gauge | Man\u00f3metros, term\u00f3metros y sensores de presi\u00f3n","isPartOf":{"@id":"https:\/\/www.sj-gauge.com\/#website"},"datePublished":"2026-02-09T02:46:07+00:00","dateModified":"2026-02-09T03:03:21+00:00","breadcrumb":{"@id":"https:\/\/www.sj-gauge.com\/terms-of-service\/#breadcrumb"},"inLanguage":"es","potentialAction":[{"@type":"ReadAction","target":["https:\/\/www.sj-gauge.com\/terms-of-service\/"]}]},{"@type":"BreadcrumbList","@id":"https:\/\/www.sj-gauge.com\/terms-of-service\/#breadcrumb","itemListElement":[{"@type":"ListItem","position":1,"name":"Home","item":"https:\/\/www.sj-gauge.com\/"},{"@type":"ListItem","position":2,"name":"Terms of Service"}]},{"@type":"WebSite","@id":"https:\/\/www.sj-gauge.com\/#website","url":"https:\/\/www.sj-gauge.com\/","name":"SJ Gauge | Man\u00f3metros, term\u00f3metros y sensores de presi\u00f3n","description":"Fabricante de man\u00f3metros industriales, sensores de presi\u00f3n y transmisores. SJ Gauge ofrece alta precisi\u00f3n, materiales duraderos y soluciones personalizadas para aplicaciones de petr\u00f3leo y gas, qu\u00edmicas e industriales.","publisher":{"@id":"https:\/\/www.sj-gauge.com\/#organization"},"potentialAction":[{"@type":"SearchAction","target":{"@type":"EntryPoint","urlTemplate":"https:\/\/www.sj-gauge.com\/?s={search_term_string}"},"query-input":{"@type":"PropertyValueSpecification","valueRequired":true,"valueName":"search_term_string"}}],"inLanguage":"es"},{"@type":"Organization","@id":"https:\/\/www.sj-gauge.com\/#organization","name":"SJ Gauge | Man\u00f3metros, term\u00f3metros y sensores de presi\u00f3n","url":"https:\/\/www.sj-gauge.com\/","logo":{"@type":"ImageObject","inLanguage":"es","@id":"https:\/\/www.sj-gauge.com\/#\/schema\/logo\/image\/","url":"https:\/\/www.sj-gauge.com\/wp-content\/uploads\/2025\/09\/logo.webp","contentUrl":"https:\/\/www.sj-gauge.com\/wp-content\/uploads\/2025\/09\/logo.webp","width":348,"height":184,"caption":"SJ Gauge | Pressure Gauges, Thermometers &amp; Pressure Sensors"},"image":{"@id":"https:\/\/www.sj-gauge.com\/#\/schema\/logo\/image\/"}}]}},"_links":{"self":[{"href":"https:\/\/www.sj-gauge.com\/es\/wp-json\/wp\/v2\/pages\/3756","targetHints":{"allow":["GET"]}}],"collection":[{"href":"https:\/\/www.sj-gauge.com\/es\/wp-json\/wp\/v2\/pages"}],"about":[{"href":"https:\/\/www.sj-gauge.com\/es\/wp-json\/wp\/v2\/types\/page"}],"author":[{"embeddable":true,"href":"https:\/\/www.sj-gauge.com\/es\/wp-json\/wp\/v2\/users\/1"}],"replies":[{"embeddable":true,"href":"https:\/\/www.sj-gauge.com\/es\/wp-json\/wp\/v2\/comments?post=3756"}],"version-history":[{"count":1,"href":"https:\/\/www.sj-gauge.com\/es\/wp-json\/wp\/v2\/pages\/3756\/revisions"}],"predecessor-version":[{"id":3757,"href":"https:\/\/www.sj-gauge.com\/es\/wp-json\/wp\/v2\/pages\/3756\/revisions\/3757"}],"wp:attachment":[{"href":"https:\/\/www.sj-gauge.com\/es\/wp-json\/wp\/v2\/media?parent=3756"}],"curies":[{"name":"wp","href":"https:\/\/api.w.org\/{rel}","templated":true}]}}