{"id":1342,"date":"2025-10-28T13:29:18","date_gmt":"2025-10-28T05:29:18","guid":{"rendered":"https:\/\/sj-gauge.com\/?post_type=product&#038;p=1342"},"modified":"2026-04-03T14:04:35","modified_gmt":"2026-04-03T06:04:35","slug":"msdmp305x-tlf","status":"publish","type":"product","link":"https:\/\/www.sj-gauge.com\/es\/producto\/msdmp305x-tlf\/","title":{"rendered":"Transmisor de presi\u00f3n industrial inteligente, caja de acero inoxidable"},"content":{"rendered":"<p>El transmisor de presi\u00f3n manom\u00e9trica MSDMP305X-TLF est\u00e1 dise\u00f1ado para medir la presi\u00f3n de forma fiable en entornos industriales agresivos y corrosivos. Equipado con un sensor de silicio monocristalino de alto rendimiento, garantiza una medici\u00f3n precisa y estable para l\u00edquidos, gases y vapores.Su carcasa de acero inoxidable proporciona una excelente resistencia a la corrosi\u00f3n, por lo que es adecuado para aplicaciones exigentes. La protecci\u00f3n de sobrecarga de doble diafragma mejora la durabilidad en condiciones de alta presi\u00f3n, mientras que la avanzada tecnolog\u00eda de fluido de llenado minimiza los efectos de la temperatura y la presi\u00f3n est\u00e1tica. Este transmisor se utiliza ampliamente en aplicaciones de control de procesos, automatizaci\u00f3n industrial y monitorizaci\u00f3n de presi\u00f3n en general. Certificado por Ex, IEC, CE, RoHS y HART.<\/p>","protected":false},"excerpt":{"rendered":"<ul>\n<li>Excelente tecnolog\u00eda de soldadura de acero inoxidable y proceso de tratamiento de superficies<\/li>\n<li>Fuerte protecci\u00f3n con alta presi\u00f3n est\u00e1tica y alta sobrecarga<\/li>\n<li>El controlador manual HART o el software HART pueden realizar la configuraci\u00f3n de la informaci\u00f3n de medici\u00f3n de forma remota<\/li>\n<\/ul>","protected":false},"featured_media":1343,"template":"","meta":{"_acf_changed":false},"product_brand":[40],"product_cat":[41,15],"product_tag":[],"class_list":{"0":"post-1342","1":"product","2":"type-product","3":"status-publish","4":"has-post-thumbnail","6":"product_brand-sj-gauge","7":"product_cat-pressure-instruments","8":"product_cat-pressure-sensors","10":"first","11":"instock","12":"shipping-taxable","13":"product-type-simple"},"acf":[],"yoast_head":"<!-- This site is optimized with the Yoast SEO Premium plugin v26.7 (Yoast SEO v27.4) - https:\/\/yoast.com\/product\/yoast-seo-premium-wordpress\/ -->\n<title>Stainless Steel Gauge Pressure Transmitter | Industrial | SJ Gauge<\/title>\n<meta name=\"description\" content=\"MSDMP305X-TLF gauge pressure transmitter with stainless steel housing, designed for accurate and stable pressure measurement in corrosive and demanding industrial environments.\" \/>\n<meta name=\"robots\" content=\"index, follow, max-snippet:-1, max-image-preview:large, max-video-preview:-1\" \/>\n<link rel=\"canonical\" href=\"https:\/\/www.sj-gauge.com\/es\/producto\/msdmp305x-tlf\/\" \/>\n<meta property=\"og:locale\" content=\"es_ES\" \/>\n<meta property=\"og:type\" content=\"article\" \/>\n<meta property=\"og:title\" content=\"Industrial Smart Pressure Transmitter, Stainless Steel Case\" \/>\n<meta property=\"og:description\" content=\"MSDMP305X-TLF gauge pressure transmitter with stainless steel housing, designed for accurate and stable pressure measurement in corrosive and demanding industrial environments.\" \/>\n<meta property=\"og:url\" content=\"https:\/\/www.sj-gauge.com\/es\/producto\/msdmp305x-tlf\/\" \/>\n<meta property=\"og:site_name\" content=\"SJ Gauge | Pressure Gauges, Thermometers &amp; Pressure Sensors\" \/>\n<meta property=\"article:modified_time\" content=\"2026-04-03T06:04:35+00:00\" \/>\n<meta property=\"og:image\" content=\"https:\/\/www.sj-gauge.com\/wp-content\/uploads\/2025\/10\/SJ-Gauge_Smart_Pressure_Transmitter_with_SS_Case_L.jpg\" \/>\n\t<meta property=\"og:image:width\" content=\"1200\" \/>\n\t<meta property=\"og:image:height\" content=\"1000\" \/>\n\t<meta property=\"og:image:type\" content=\"image\/jpeg\" \/>\n<meta name=\"twitter:card\" content=\"summary_large_image\" \/>\n<meta name=\"twitter:label1\" content=\"Tiempo de lectura\" \/>\n\t<meta name=\"twitter:data1\" content=\"1 minuto\" \/>\n<script type=\"application\/ld+json\" class=\"yoast-schema-graph\">{\"@context\":\"https:\\\/\\\/schema.org\",\"@graph\":[{\"@type\":\"WebPage\",\"@id\":\"https:\\\/\\\/www.sj-gauge.com\\\/product\\\/msdmp305x-tlf\\\/\",\"url\":\"https:\\\/\\\/www.sj-gauge.com\\\/product\\\/msdmp305x-tlf\\\/\",\"name\":\"Stainless Steel Gauge Pressure Transmitter | Industrial | SJ Gauge\",\"isPartOf\":{\"@id\":\"https:\\\/\\\/www.sj-gauge.com\\\/#website\"},\"primaryImageOfPage\":{\"@id\":\"https:\\\/\\\/www.sj-gauge.com\\\/product\\\/msdmp305x-tlf\\\/#primaryimage\"},\"image\":{\"@id\":\"https:\\\/\\\/www.sj-gauge.com\\\/product\\\/msdmp305x-tlf\\\/#primaryimage\"},\"thumbnailUrl\":\"https:\\\/\\\/www.sj-gauge.com\\\/wp-content\\\/uploads\\\/2025\\\/10\\\/SJ-Gauge_Smart_Pressure_Transmitter_with_SS_Case_L.jpg\",\"datePublished\":\"2025-10-28T05:29:18+00:00\",\"dateModified\":\"2026-04-03T06:04:35+00:00\",\"description\":\"MSDMP305X-TLF gauge pressure transmitter with stainless steel housing, designed for accurate and stable pressure measurement in corrosive and demanding industrial environments.\",\"breadcrumb\":{\"@id\":\"https:\\\/\\\/www.sj-gauge.com\\\/product\\\/msdmp305x-tlf\\\/#breadcrumb\"},\"inLanguage\":\"es\",\"potentialAction\":[{\"@type\":\"ReadAction\",\"target\":[\"https:\\\/\\\/www.sj-gauge.com\\\/product\\\/msdmp305x-tlf\\\/\"]}]},{\"@type\":\"ImageObject\",\"inLanguage\":\"es\",\"@id\":\"https:\\\/\\\/www.sj-gauge.com\\\/product\\\/msdmp305x-tlf\\\/#primaryimage\",\"url\":\"https:\\\/\\\/www.sj-gauge.com\\\/wp-content\\\/uploads\\\/2025\\\/10\\\/SJ-Gauge_Smart_Pressure_Transmitter_with_SS_Case_L.jpg\",\"contentUrl\":\"https:\\\/\\\/www.sj-gauge.com\\\/wp-content\\\/uploads\\\/2025\\\/10\\\/SJ-Gauge_Smart_Pressure_Transmitter_with_SS_Case_L.jpg\",\"width\":1200,\"height\":1000},{\"@type\":\"BreadcrumbList\",\"@id\":\"https:\\\/\\\/www.sj-gauge.com\\\/product\\\/msdmp305x-tlf\\\/#breadcrumb\",\"itemListElement\":[{\"@type\":\"ListItem\",\"position\":1,\"name\":\"Home\",\"item\":\"https:\\\/\\\/www.sj-gauge.com\\\/\"},{\"@type\":\"ListItem\",\"position\":2,\"name\":\"Products\",\"item\":\"https:\\\/\\\/www.sj-gauge.com\\\/products\\\/\"},{\"@type\":\"ListItem\",\"position\":3,\"name\":\"Industrial Smart Pressure Transmitter, Stainless Steel Case\"}]},{\"@type\":\"WebSite\",\"@id\":\"https:\\\/\\\/www.sj-gauge.com\\\/#website\",\"url\":\"https:\\\/\\\/www.sj-gauge.com\\\/\",\"name\":\"SJ Gauge | Pressure Gauges, Thermometers &amp; Pressure Sensors\",\"description\":\"Manufacturer of industrial pressure gauges, pressure sensors, and transmitters. SJ Gauge provides high accuracy, durable materials, and custom solutions for oil &amp; gas, chemical, and industrial applications.\",\"publisher\":{\"@id\":\"https:\\\/\\\/www.sj-gauge.com\\\/#organization\"},\"potentialAction\":[{\"@type\":\"SearchAction\",\"target\":{\"@type\":\"EntryPoint\",\"urlTemplate\":\"https:\\\/\\\/www.sj-gauge.com\\\/?s={search_term_string}\"},\"query-input\":{\"@type\":\"PropertyValueSpecification\",\"valueRequired\":true,\"valueName\":\"search_term_string\"}}],\"inLanguage\":\"es\"},{\"@type\":\"Organization\",\"@id\":\"https:\\\/\\\/www.sj-gauge.com\\\/#organization\",\"name\":\"SJ Gauge | Pressure Gauges, Thermometers &amp; Pressure Sensors\",\"url\":\"https:\\\/\\\/www.sj-gauge.com\\\/\",\"logo\":{\"@type\":\"ImageObject\",\"inLanguage\":\"es\",\"@id\":\"https:\\\/\\\/www.sj-gauge.com\\\/#\\\/schema\\\/logo\\\/image\\\/\",\"url\":\"https:\\\/\\\/www.sj-gauge.com\\\/wp-content\\\/uploads\\\/2025\\\/09\\\/logo.webp\",\"contentUrl\":\"https:\\\/\\\/www.sj-gauge.com\\\/wp-content\\\/uploads\\\/2025\\\/09\\\/logo.webp\",\"width\":348,\"height\":184,\"caption\":\"SJ Gauge | Pressure Gauges, Thermometers &amp; Pressure Sensors\"},\"image\":{\"@id\":\"https:\\\/\\\/www.sj-gauge.com\\\/#\\\/schema\\\/logo\\\/image\\\/\"}}]}<\/script>\n<!-- \/ Yoast SEO Premium plugin. -->","yoast_head_json":{"title":"Transmisor de presi\u00f3n con man\u00f3metro de acero inoxidable | Industrial | SJ Gauge","description":"Transmisor de presi\u00f3n manom\u00e9trica MSDMP305X-TLF con carcasa de acero inoxidable, dise\u00f1ado para la medici\u00f3n precisa y estable de la presi\u00f3n en entornos industriales corrosivos y exigentes.","robots":{"index":"index","follow":"follow","max-snippet":"max-snippet:-1","max-image-preview":"max-image-preview:large","max-video-preview":"max-video-preview:-1"},"canonical":"https:\/\/www.sj-gauge.com\/es\/producto\/msdmp305x-tlf\/","og_locale":"es_ES","og_type":"article","og_title":"Industrial Smart Pressure Transmitter, Stainless Steel Case","og_description":"MSDMP305X-TLF gauge pressure transmitter with stainless steel housing, designed for accurate and stable pressure measurement in corrosive and demanding industrial environments.","og_url":"https:\/\/www.sj-gauge.com\/es\/producto\/msdmp305x-tlf\/","og_site_name":"SJ Gauge | Pressure Gauges, Thermometers &amp; Pressure Sensors","article_modified_time":"2026-04-03T06:04:35+00:00","og_image":[{"width":1200,"height":1000,"url":"https:\/\/www.sj-gauge.com\/wp-content\/uploads\/2025\/10\/SJ-Gauge_Smart_Pressure_Transmitter_with_SS_Case_L.jpg","type":"image\/jpeg"}],"twitter_card":"summary_large_image","twitter_misc":{"Tiempo de lectura":"1 minuto"},"schema":{"@context":"https:\/\/schema.org","@graph":[{"@type":"WebPage","@id":"https:\/\/www.sj-gauge.com\/product\/msdmp305x-tlf\/","url":"https:\/\/www.sj-gauge.com\/product\/msdmp305x-tlf\/","name":"Transmisor de presi\u00f3n con man\u00f3metro de acero inoxidable | Industrial | SJ Gauge","isPartOf":{"@id":"https:\/\/www.sj-gauge.com\/#website"},"primaryImageOfPage":{"@id":"https:\/\/www.sj-gauge.com\/product\/msdmp305x-tlf\/#primaryimage"},"image":{"@id":"https:\/\/www.sj-gauge.com\/product\/msdmp305x-tlf\/#primaryimage"},"thumbnailUrl":"https:\/\/www.sj-gauge.com\/wp-content\/uploads\/2025\/10\/SJ-Gauge_Smart_Pressure_Transmitter_with_SS_Case_L.jpg","datePublished":"2025-10-28T05:29:18+00:00","dateModified":"2026-04-03T06:04:35+00:00","description":"Transmisor de presi\u00f3n manom\u00e9trica MSDMP305X-TLF con carcasa de acero inoxidable, dise\u00f1ado para la medici\u00f3n precisa y estable de la presi\u00f3n en entornos industriales corrosivos y exigentes.","breadcrumb":{"@id":"https:\/\/www.sj-gauge.com\/product\/msdmp305x-tlf\/#breadcrumb"},"inLanguage":"es","potentialAction":[{"@type":"ReadAction","target":["https:\/\/www.sj-gauge.com\/product\/msdmp305x-tlf\/"]}]},{"@type":"ImageObject","inLanguage":"es","@id":"https:\/\/www.sj-gauge.com\/product\/msdmp305x-tlf\/#primaryimage","url":"https:\/\/www.sj-gauge.com\/wp-content\/uploads\/2025\/10\/SJ-Gauge_Smart_Pressure_Transmitter_with_SS_Case_L.jpg","contentUrl":"https:\/\/www.sj-gauge.com\/wp-content\/uploads\/2025\/10\/SJ-Gauge_Smart_Pressure_Transmitter_with_SS_Case_L.jpg","width":1200,"height":1000},{"@type":"BreadcrumbList","@id":"https:\/\/www.sj-gauge.com\/product\/msdmp305x-tlf\/#breadcrumb","itemListElement":[{"@type":"ListItem","position":1,"name":"Home","item":"https:\/\/www.sj-gauge.com\/"},{"@type":"ListItem","position":2,"name":"Products","item":"https:\/\/www.sj-gauge.com\/products\/"},{"@type":"ListItem","position":3,"name":"Industrial Smart Pressure Transmitter, Stainless Steel Case"}]},{"@type":"WebSite","@id":"https:\/\/www.sj-gauge.com\/#website","url":"https:\/\/www.sj-gauge.com\/","name":"SJ Gauge | Man\u00f3metros, term\u00f3metros y sensores de presi\u00f3n","description":"Fabricante de man\u00f3metros industriales, sensores de presi\u00f3n y transmisores. SJ Gauge ofrece alta precisi\u00f3n, materiales duraderos y soluciones personalizadas para aplicaciones de petr\u00f3leo y gas, qu\u00edmicas e industriales.","publisher":{"@id":"https:\/\/www.sj-gauge.com\/#organization"},"potentialAction":[{"@type":"SearchAction","target":{"@type":"EntryPoint","urlTemplate":"https:\/\/www.sj-gauge.com\/?s={search_term_string}"},"query-input":{"@type":"PropertyValueSpecification","valueRequired":true,"valueName":"search_term_string"}}],"inLanguage":"es"},{"@type":"Organization","@id":"https:\/\/www.sj-gauge.com\/#organization","name":"SJ Gauge | Man\u00f3metros, term\u00f3metros y sensores de presi\u00f3n","url":"https:\/\/www.sj-gauge.com\/","logo":{"@type":"ImageObject","inLanguage":"es","@id":"https:\/\/www.sj-gauge.com\/#\/schema\/logo\/image\/","url":"https:\/\/www.sj-gauge.com\/wp-content\/uploads\/2025\/09\/logo.webp","contentUrl":"https:\/\/www.sj-gauge.com\/wp-content\/uploads\/2025\/09\/logo.webp","width":348,"height":184,"caption":"SJ Gauge | Pressure Gauges, Thermometers &amp; Pressure Sensors"},"image":{"@id":"https:\/\/www.sj-gauge.com\/#\/schema\/logo\/image\/"}}]}},"_links":{"self":[{"href":"https:\/\/www.sj-gauge.com\/es\/wp-json\/wp\/v2\/product\/1342","targetHints":{"allow":["GET"]}}],"collection":[{"href":"https:\/\/www.sj-gauge.com\/es\/wp-json\/wp\/v2\/product"}],"about":[{"href":"https:\/\/www.sj-gauge.com\/es\/wp-json\/wp\/v2\/types\/product"}],"wp:featuredmedia":[{"embeddable":true,"href":"https:\/\/www.sj-gauge.com\/es\/wp-json\/wp\/v2\/media\/1343"}],"wp:attachment":[{"href":"https:\/\/www.sj-gauge.com\/es\/wp-json\/wp\/v2\/media?parent=1342"}],"wp:term":[{"taxonomy":"product_brand","embeddable":true,"href":"https:\/\/www.sj-gauge.com\/es\/wp-json\/wp\/v2\/product_brand?post=1342"},{"taxonomy":"product_cat","embeddable":true,"href":"https:\/\/www.sj-gauge.com\/es\/wp-json\/wp\/v2\/product_cat?post=1342"},{"taxonomy":"product_tag","embeddable":true,"href":"https:\/\/www.sj-gauge.com\/es\/wp-json\/wp\/v2\/product_tag?post=1342"}],"curies":[{"name":"wp","href":"https:\/\/api.w.org\/{rel}","templated":true}]}}