{"id":1350,"date":"2025-10-29T10:11:03","date_gmt":"2025-10-29T02:11:03","guid":{"rendered":"https:\/\/sj-gauge.com\/?post_type=product&#038;p=1350"},"modified":"2026-04-09T19:37:57","modified_gmt":"2026-04-09T11:37:57","slug":"msdmp305x-tst-s","status":"publish","type":"product","link":"https:\/\/www.sj-gauge.com\/es\/producto\/msdmp305x-tst-s\/","title":{"rendered":"Transmisor de presi\u00f3n industrial inteligente, Presi\u00f3n absoluta"},"content":{"rendered":"<p>El transmisor de presi\u00f3n absoluta inteligente MSDMP305X-TST est\u00e1 dise\u00f1ado para medir con precisi\u00f3n la presi\u00f3n en aplicaciones de vac\u00edo y sistemas sellados. Equipado con un sensor de silicio monocristalino de alto rendimiento, proporciona mediciones estables y fiables de gases, l\u00edquidos y vapores. Su estructura de protecci\u00f3n contra sobrecarga de doble diafragma garantiza la durabilidad en condiciones de alta presi\u00f3n, mientras que la tecnolog\u00eda avanzada de fluido de llenado minimiza la influencia de las variaciones de temperatura. La robusta carcasa met\u00e1lica ofrece una excelente protecci\u00f3n, por lo que es adecuado para entornos industriales hostiles.Con una fuerte resistencia a la tensi\u00f3n transitoria y un rendimiento de salida estable, este transmisor se utiliza ampliamente en sistemas de vac\u00edo, monitorizaci\u00f3n medioambiental y aplicaciones de control de procesos industriales. Certificado por Ex, IEC, CE, RoHS y HART.<\/p>","protected":false},"excerpt":{"rendered":"<ul>\n<li>Sensor de presi\u00f3n absoluta de silicio monocristalino de alto rendimiento<\/li>\n<li>Excelente estabilidad a largo plazo y gran precisi\u00f3n de medici\u00f3n<\/li>\n<li>Protecci\u00f3n de sobrecarga de doble diafragma para condiciones exigentes<\/li>\n<\/ul>","protected":false},"featured_media":1351,"template":"","meta":{"_acf_changed":false},"product_brand":[40],"product_cat":[41,15],"product_tag":[],"class_list":{"0":"post-1350","1":"product","2":"type-product","3":"status-publish","4":"has-post-thumbnail","6":"product_brand-sj-gauge","7":"product_cat-pressure-instruments","8":"product_cat-pressure-sensors","10":"first","11":"instock","12":"shipping-taxable","13":"product-type-simple"},"acf":[],"yoast_head":"<!-- This site is optimized with the Yoast SEO Premium plugin v26.7 (Yoast SEO v27.4) - https:\/\/yoast.com\/product\/yoast-seo-premium-wordpress\/ -->\n<title>Smart Absolute Pressure Transmitter | Industrial Applications | SJ Gauge<\/title>\n<meta name=\"description\" content=\"MSDMP305X-TST smart absolute pressure transmitter with high-performance monocrystalline silicon sensor, providing accurate and stable measurement for vacuum and sealed system applications in industrial environments.\" \/>\n<meta name=\"robots\" content=\"index, follow, max-snippet:-1, max-image-preview:large, max-video-preview:-1\" \/>\n<link rel=\"canonical\" href=\"https:\/\/www.sj-gauge.com\/es\/producto\/msdmp305x-tst-s\/\" \/>\n<meta property=\"og:locale\" content=\"es_ES\" \/>\n<meta property=\"og:type\" content=\"article\" \/>\n<meta property=\"og:title\" content=\"Industrial Smart Pressure Transmitter, Absolute Pressure\" \/>\n<meta property=\"og:description\" content=\"MSDMP305X-TST smart absolute pressure transmitter with high-performance monocrystalline silicon sensor, providing accurate and stable measurement for vacuum and sealed system applications in industrial environments.\" \/>\n<meta property=\"og:url\" content=\"https:\/\/www.sj-gauge.com\/es\/producto\/msdmp305x-tst-s\/\" \/>\n<meta property=\"og:site_name\" content=\"SJ Gauge | Pressure Gauges, Thermometers &amp; Pressure Sensors\" \/>\n<meta property=\"article:modified_time\" content=\"2026-04-09T11:37:57+00:00\" \/>\n<meta property=\"og:image\" content=\"https:\/\/www.sj-gauge.com\/wp-content\/uploads\/2025\/10\/SJ-Gauge_Absolute-Pressure_Trasnmitter_L.jpg\" \/>\n\t<meta property=\"og:image:width\" content=\"1200\" \/>\n\t<meta property=\"og:image:height\" content=\"1000\" \/>\n\t<meta property=\"og:image:type\" content=\"image\/jpeg\" \/>\n<meta name=\"twitter:card\" content=\"summary_large_image\" \/>\n<meta name=\"twitter:label1\" content=\"Tiempo de lectura\" \/>\n\t<meta name=\"twitter:data1\" content=\"1 minuto\" \/>\n<script type=\"application\/ld+json\" class=\"yoast-schema-graph\">{\"@context\":\"https:\\\/\\\/schema.org\",\"@graph\":[{\"@type\":\"WebPage\",\"@id\":\"https:\\\/\\\/www.sj-gauge.com\\\/product\\\/msdmp305x-tst-s\\\/\",\"url\":\"https:\\\/\\\/www.sj-gauge.com\\\/product\\\/msdmp305x-tst-s\\\/\",\"name\":\"Smart Absolute Pressure Transmitter | Industrial Applications | SJ Gauge\",\"isPartOf\":{\"@id\":\"https:\\\/\\\/www.sj-gauge.com\\\/#website\"},\"primaryImageOfPage\":{\"@id\":\"https:\\\/\\\/www.sj-gauge.com\\\/product\\\/msdmp305x-tst-s\\\/#primaryimage\"},\"image\":{\"@id\":\"https:\\\/\\\/www.sj-gauge.com\\\/product\\\/msdmp305x-tst-s\\\/#primaryimage\"},\"thumbnailUrl\":\"https:\\\/\\\/www.sj-gauge.com\\\/wp-content\\\/uploads\\\/2025\\\/10\\\/SJ-Gauge_Absolute-Pressure_Trasnmitter_L.jpg\",\"datePublished\":\"2025-10-29T02:11:03+00:00\",\"dateModified\":\"2026-04-09T11:37:57+00:00\",\"description\":\"MSDMP305X-TST smart absolute pressure transmitter with high-performance monocrystalline silicon sensor, providing accurate and stable measurement for vacuum and sealed system applications in industrial environments.\",\"breadcrumb\":{\"@id\":\"https:\\\/\\\/www.sj-gauge.com\\\/product\\\/msdmp305x-tst-s\\\/#breadcrumb\"},\"inLanguage\":\"es\",\"potentialAction\":[{\"@type\":\"ReadAction\",\"target\":[\"https:\\\/\\\/www.sj-gauge.com\\\/product\\\/msdmp305x-tst-s\\\/\"]}]},{\"@type\":\"ImageObject\",\"inLanguage\":\"es\",\"@id\":\"https:\\\/\\\/www.sj-gauge.com\\\/product\\\/msdmp305x-tst-s\\\/#primaryimage\",\"url\":\"https:\\\/\\\/www.sj-gauge.com\\\/wp-content\\\/uploads\\\/2025\\\/10\\\/SJ-Gauge_Absolute-Pressure_Trasnmitter_L.jpg\",\"contentUrl\":\"https:\\\/\\\/www.sj-gauge.com\\\/wp-content\\\/uploads\\\/2025\\\/10\\\/SJ-Gauge_Absolute-Pressure_Trasnmitter_L.jpg\",\"width\":1200,\"height\":1000},{\"@type\":\"BreadcrumbList\",\"@id\":\"https:\\\/\\\/www.sj-gauge.com\\\/product\\\/msdmp305x-tst-s\\\/#breadcrumb\",\"itemListElement\":[{\"@type\":\"ListItem\",\"position\":1,\"name\":\"Home\",\"item\":\"https:\\\/\\\/www.sj-gauge.com\\\/\"},{\"@type\":\"ListItem\",\"position\":2,\"name\":\"Products\",\"item\":\"https:\\\/\\\/www.sj-gauge.com\\\/products\\\/\"},{\"@type\":\"ListItem\",\"position\":3,\"name\":\"Industrial Smart Pressure Transmitter, Absolute Pressure\"}]},{\"@type\":\"WebSite\",\"@id\":\"https:\\\/\\\/www.sj-gauge.com\\\/#website\",\"url\":\"https:\\\/\\\/www.sj-gauge.com\\\/\",\"name\":\"SJ Gauge | Pressure Gauges, Thermometers &amp; Pressure Sensors\",\"description\":\"Manufacturer of industrial pressure gauges, pressure sensors, and transmitters. SJ Gauge provides high accuracy, durable materials, and custom solutions for oil &amp; gas, chemical, and industrial applications.\",\"publisher\":{\"@id\":\"https:\\\/\\\/www.sj-gauge.com\\\/#organization\"},\"potentialAction\":[{\"@type\":\"SearchAction\",\"target\":{\"@type\":\"EntryPoint\",\"urlTemplate\":\"https:\\\/\\\/www.sj-gauge.com\\\/?s={search_term_string}\"},\"query-input\":{\"@type\":\"PropertyValueSpecification\",\"valueRequired\":true,\"valueName\":\"search_term_string\"}}],\"inLanguage\":\"es\"},{\"@type\":\"Organization\",\"@id\":\"https:\\\/\\\/www.sj-gauge.com\\\/#organization\",\"name\":\"SJ Gauge | Pressure Gauges, Thermometers &amp; Pressure Sensors\",\"url\":\"https:\\\/\\\/www.sj-gauge.com\\\/\",\"logo\":{\"@type\":\"ImageObject\",\"inLanguage\":\"es\",\"@id\":\"https:\\\/\\\/www.sj-gauge.com\\\/#\\\/schema\\\/logo\\\/image\\\/\",\"url\":\"https:\\\/\\\/www.sj-gauge.com\\\/wp-content\\\/uploads\\\/2025\\\/09\\\/logo.webp\",\"contentUrl\":\"https:\\\/\\\/www.sj-gauge.com\\\/wp-content\\\/uploads\\\/2025\\\/09\\\/logo.webp\",\"width\":348,\"height\":184,\"caption\":\"SJ Gauge | Pressure Gauges, Thermometers &amp; Pressure Sensors\"},\"image\":{\"@id\":\"https:\\\/\\\/www.sj-gauge.com\\\/#\\\/schema\\\/logo\\\/image\\\/\"}}]}<\/script>\n<!-- \/ Yoast SEO Premium plugin. -->","yoast_head_json":{"title":"Transmisor de presi\u00f3n absoluta inteligente | Aplicaciones industriales | Man\u00f3metro SJ","description":"Transmisor de presi\u00f3n absoluta inteligente MSDMP305X-TST con sensor de silicio monocristalino de alto rendimiento, que proporciona una medici\u00f3n precisa y estable para aplicaciones de vac\u00edo y sistemas sellados en entornos industriales.","robots":{"index":"index","follow":"follow","max-snippet":"max-snippet:-1","max-image-preview":"max-image-preview:large","max-video-preview":"max-video-preview:-1"},"canonical":"https:\/\/www.sj-gauge.com\/es\/producto\/msdmp305x-tst-s\/","og_locale":"es_ES","og_type":"article","og_title":"Industrial Smart Pressure Transmitter, Absolute Pressure","og_description":"MSDMP305X-TST smart absolute pressure transmitter with high-performance monocrystalline silicon sensor, providing accurate and stable measurement for vacuum and sealed system applications in industrial environments.","og_url":"https:\/\/www.sj-gauge.com\/es\/producto\/msdmp305x-tst-s\/","og_site_name":"SJ Gauge | Pressure Gauges, Thermometers &amp; Pressure Sensors","article_modified_time":"2026-04-09T11:37:57+00:00","og_image":[{"width":1200,"height":1000,"url":"https:\/\/www.sj-gauge.com\/wp-content\/uploads\/2025\/10\/SJ-Gauge_Absolute-Pressure_Trasnmitter_L.jpg","type":"image\/jpeg"}],"twitter_card":"summary_large_image","twitter_misc":{"Tiempo de lectura":"1 minuto"},"schema":{"@context":"https:\/\/schema.org","@graph":[{"@type":"WebPage","@id":"https:\/\/www.sj-gauge.com\/product\/msdmp305x-tst-s\/","url":"https:\/\/www.sj-gauge.com\/product\/msdmp305x-tst-s\/","name":"Transmisor de presi\u00f3n absoluta inteligente | Aplicaciones industriales | Man\u00f3metro SJ","isPartOf":{"@id":"https:\/\/www.sj-gauge.com\/#website"},"primaryImageOfPage":{"@id":"https:\/\/www.sj-gauge.com\/product\/msdmp305x-tst-s\/#primaryimage"},"image":{"@id":"https:\/\/www.sj-gauge.com\/product\/msdmp305x-tst-s\/#primaryimage"},"thumbnailUrl":"https:\/\/www.sj-gauge.com\/wp-content\/uploads\/2025\/10\/SJ-Gauge_Absolute-Pressure_Trasnmitter_L.jpg","datePublished":"2025-10-29T02:11:03+00:00","dateModified":"2026-04-09T11:37:57+00:00","description":"Transmisor de presi\u00f3n absoluta inteligente MSDMP305X-TST con sensor de silicio monocristalino de alto rendimiento, que proporciona una medici\u00f3n precisa y estable para aplicaciones de vac\u00edo y sistemas sellados en entornos industriales.","breadcrumb":{"@id":"https:\/\/www.sj-gauge.com\/product\/msdmp305x-tst-s\/#breadcrumb"},"inLanguage":"es","potentialAction":[{"@type":"ReadAction","target":["https:\/\/www.sj-gauge.com\/product\/msdmp305x-tst-s\/"]}]},{"@type":"ImageObject","inLanguage":"es","@id":"https:\/\/www.sj-gauge.com\/product\/msdmp305x-tst-s\/#primaryimage","url":"https:\/\/www.sj-gauge.com\/wp-content\/uploads\/2025\/10\/SJ-Gauge_Absolute-Pressure_Trasnmitter_L.jpg","contentUrl":"https:\/\/www.sj-gauge.com\/wp-content\/uploads\/2025\/10\/SJ-Gauge_Absolute-Pressure_Trasnmitter_L.jpg","width":1200,"height":1000},{"@type":"BreadcrumbList","@id":"https:\/\/www.sj-gauge.com\/product\/msdmp305x-tst-s\/#breadcrumb","itemListElement":[{"@type":"ListItem","position":1,"name":"Home","item":"https:\/\/www.sj-gauge.com\/"},{"@type":"ListItem","position":2,"name":"Products","item":"https:\/\/www.sj-gauge.com\/products\/"},{"@type":"ListItem","position":3,"name":"Industrial Smart Pressure Transmitter, Absolute Pressure"}]},{"@type":"WebSite","@id":"https:\/\/www.sj-gauge.com\/#website","url":"https:\/\/www.sj-gauge.com\/","name":"SJ Gauge | Man\u00f3metros, term\u00f3metros y sensores de presi\u00f3n","description":"Fabricante de man\u00f3metros industriales, sensores de presi\u00f3n y transmisores. SJ Gauge ofrece alta precisi\u00f3n, materiales duraderos y soluciones personalizadas para aplicaciones de petr\u00f3leo y gas, qu\u00edmicas e industriales.","publisher":{"@id":"https:\/\/www.sj-gauge.com\/#organization"},"potentialAction":[{"@type":"SearchAction","target":{"@type":"EntryPoint","urlTemplate":"https:\/\/www.sj-gauge.com\/?s={search_term_string}"},"query-input":{"@type":"PropertyValueSpecification","valueRequired":true,"valueName":"search_term_string"}}],"inLanguage":"es"},{"@type":"Organization","@id":"https:\/\/www.sj-gauge.com\/#organization","name":"SJ Gauge | Man\u00f3metros, term\u00f3metros y sensores de presi\u00f3n","url":"https:\/\/www.sj-gauge.com\/","logo":{"@type":"ImageObject","inLanguage":"es","@id":"https:\/\/www.sj-gauge.com\/#\/schema\/logo\/image\/","url":"https:\/\/www.sj-gauge.com\/wp-content\/uploads\/2025\/09\/logo.webp","contentUrl":"https:\/\/www.sj-gauge.com\/wp-content\/uploads\/2025\/09\/logo.webp","width":348,"height":184,"caption":"SJ Gauge | Pressure Gauges, Thermometers &amp; Pressure Sensors"},"image":{"@id":"https:\/\/www.sj-gauge.com\/#\/schema\/logo\/image\/"}}]}},"_links":{"self":[{"href":"https:\/\/www.sj-gauge.com\/es\/wp-json\/wp\/v2\/product\/1350","targetHints":{"allow":["GET"]}}],"collection":[{"href":"https:\/\/www.sj-gauge.com\/es\/wp-json\/wp\/v2\/product"}],"about":[{"href":"https:\/\/www.sj-gauge.com\/es\/wp-json\/wp\/v2\/types\/product"}],"wp:featuredmedia":[{"embeddable":true,"href":"https:\/\/www.sj-gauge.com\/es\/wp-json\/wp\/v2\/media\/1351"}],"wp:attachment":[{"href":"https:\/\/www.sj-gauge.com\/es\/wp-json\/wp\/v2\/media?parent=1350"}],"wp:term":[{"taxonomy":"product_brand","embeddable":true,"href":"https:\/\/www.sj-gauge.com\/es\/wp-json\/wp\/v2\/product_brand?post=1350"},{"taxonomy":"product_cat","embeddable":true,"href":"https:\/\/www.sj-gauge.com\/es\/wp-json\/wp\/v2\/product_cat?post=1350"},{"taxonomy":"product_tag","embeddable":true,"href":"https:\/\/www.sj-gauge.com\/es\/wp-json\/wp\/v2\/product_tag?post=1350"}],"curies":[{"name":"wp","href":"https:\/\/api.w.org\/{rel}","templated":true}]}}