{"id":1352,"date":"2025-10-29T10:59:50","date_gmt":"2025-10-29T02:59:50","guid":{"rendered":"https:\/\/sj-gauge.com\/?post_type=product&#038;p=1352"},"modified":"2026-04-09T19:37:44","modified_gmt":"2026-04-09T11:37:44","slug":"msdmp305x-tst-s-gauge","status":"publish","type":"product","link":"https:\/\/www.sj-gauge.com\/es\/producto\/msdmp305x-tst-s-gauge\/","title":{"rendered":"Transmisor de presi\u00f3n industrial inteligente, Presi\u00f3n manom\u00e9trica"},"content":{"rendered":"<p>El transmisor de presi\u00f3n con man\u00f3metro inteligente MSDMP305X-TST est\u00e1 dise\u00f1ado para medir la presi\u00f3n de forma fiable en aplicaciones industriales. Equipado con un sensor de silicio monocristalino de alto rendimiento, proporciona mediciones precisas y estables para l\u00edquidos, gases y vapores.Su estructura de protecci\u00f3n contra sobrecarga de doble diafragma garantiza la durabilidad en condiciones de alta presi\u00f3n, mientras que la avanzada tecnolog\u00eda de fluido de llenado minimiza la influencia de las variaciones de temperatura y presi\u00f3n est\u00e1tica. La robusta carcasa met\u00e1lica ofrece una excelente protecci\u00f3n, por lo que es adecuado para entornos duros y exigentes.Con una fuerte resistencia a la tensi\u00f3n transitoria y un rendimiento de salida estable, este transmisor se utiliza ampliamente en aplicaciones de control de procesos, automatizaci\u00f3n industrial y monitorizaci\u00f3n de la presi\u00f3n en general. Certificado por Ex, IEC, CE, RoHS y HART.<\/p>","protected":false},"excerpt":{"rendered":"<ul>\n<li>Gran resistencia a la tensi\u00f3n transitoria para proteger el m\u00f3dulo terminal<\/li>\n<li>La estructura de sobrecarga de doble diafragma puede hacer frente f\u00e1cilmente a pruebas de sobrecarga elevadas<\/li>\n<li>La tecnolog\u00eda de fluido de llenado preciso elimina los efectos de la temperatura y la presi\u00f3n est\u00e1tica<\/li>\n<li>La carcasa met\u00e1lica de protecci\u00f3n el\u00e9ctrica de alta resistencia satisface las aplicaciones medioambientales m\u00e1s rigurosas<\/li>\n<\/ul>","protected":false},"featured_media":1353,"template":"","meta":{"_acf_changed":false},"product_brand":[40],"product_cat":[41,15],"product_tag":[],"class_list":{"0":"post-1352","1":"product","2":"type-product","3":"status-publish","4":"has-post-thumbnail","6":"product_brand-sj-gauge","7":"product_cat-pressure-instruments","8":"product_cat-pressure-sensors","10":"first","11":"instock","12":"shipping-taxable","13":"product-type-simple"},"acf":[],"yoast_head":"<!-- This site is optimized with the Yoast SEO Premium plugin v26.7 (Yoast SEO v27.4) - https:\/\/yoast.com\/product\/yoast-seo-premium-wordpress\/ -->\n<title>Gauge Pressure Transmitter | Smart Industrial Design | SJ Gauge<\/title>\n<meta name=\"description\" content=\"MSDMP305X-TST gauge pressure transmitter with high-performance monocrystalline silicon sensor, offering stable and accurate measurement for liquids, gases, and vapors in industrial applications.\" \/>\n<meta name=\"robots\" content=\"index, follow, max-snippet:-1, max-image-preview:large, max-video-preview:-1\" \/>\n<link rel=\"canonical\" href=\"https:\/\/www.sj-gauge.com\/es\/producto\/msdmp305x-tst-s-gauge\/\" \/>\n<meta property=\"og:locale\" content=\"es_ES\" \/>\n<meta property=\"og:type\" content=\"article\" \/>\n<meta property=\"og:title\" content=\"Industrial Smart Pressure Transmitter, Gauge Pressure\" \/>\n<meta property=\"og:description\" content=\"MSDMP305X-TST gauge pressure transmitter with high-performance monocrystalline silicon sensor, offering stable and accurate measurement for liquids, gases, and vapors in industrial applications.\" \/>\n<meta property=\"og:url\" content=\"https:\/\/www.sj-gauge.com\/es\/producto\/msdmp305x-tst-s-gauge\/\" \/>\n<meta property=\"og:site_name\" content=\"SJ Gauge | Pressure Gauges, Thermometers &amp; Pressure Sensors\" \/>\n<meta property=\"article:modified_time\" content=\"2026-04-09T11:37:44+00:00\" \/>\n<meta property=\"og:image\" content=\"https:\/\/www.sj-gauge.com\/wp-content\/uploads\/2025\/10\/SJ-Gauge_Gauge-Pressure_Trasnmitter_L.jpg\" \/>\n\t<meta property=\"og:image:width\" content=\"1200\" \/>\n\t<meta property=\"og:image:height\" content=\"1000\" \/>\n\t<meta property=\"og:image:type\" content=\"image\/jpeg\" \/>\n<meta name=\"twitter:card\" content=\"summary_large_image\" \/>\n<meta name=\"twitter:label1\" content=\"Tiempo de lectura\" \/>\n\t<meta name=\"twitter:data1\" content=\"1 minuto\" \/>\n<script type=\"application\/ld+json\" class=\"yoast-schema-graph\">{\"@context\":\"https:\\\/\\\/schema.org\",\"@graph\":[{\"@type\":\"WebPage\",\"@id\":\"https:\\\/\\\/www.sj-gauge.com\\\/product\\\/msdmp305x-tst-s-gauge\\\/\",\"url\":\"https:\\\/\\\/www.sj-gauge.com\\\/product\\\/msdmp305x-tst-s-gauge\\\/\",\"name\":\"Gauge Pressure Transmitter | Smart Industrial Design | SJ Gauge\",\"isPartOf\":{\"@id\":\"https:\\\/\\\/www.sj-gauge.com\\\/#website\"},\"primaryImageOfPage\":{\"@id\":\"https:\\\/\\\/www.sj-gauge.com\\\/product\\\/msdmp305x-tst-s-gauge\\\/#primaryimage\"},\"image\":{\"@id\":\"https:\\\/\\\/www.sj-gauge.com\\\/product\\\/msdmp305x-tst-s-gauge\\\/#primaryimage\"},\"thumbnailUrl\":\"https:\\\/\\\/www.sj-gauge.com\\\/wp-content\\\/uploads\\\/2025\\\/10\\\/SJ-Gauge_Gauge-Pressure_Trasnmitter_L.jpg\",\"datePublished\":\"2025-10-29T02:59:50+00:00\",\"dateModified\":\"2026-04-09T11:37:44+00:00\",\"description\":\"MSDMP305X-TST gauge pressure transmitter with high-performance monocrystalline silicon sensor, offering stable and accurate measurement for liquids, gases, and vapors in industrial applications.\",\"breadcrumb\":{\"@id\":\"https:\\\/\\\/www.sj-gauge.com\\\/product\\\/msdmp305x-tst-s-gauge\\\/#breadcrumb\"},\"inLanguage\":\"es\",\"potentialAction\":[{\"@type\":\"ReadAction\",\"target\":[\"https:\\\/\\\/www.sj-gauge.com\\\/product\\\/msdmp305x-tst-s-gauge\\\/\"]}]},{\"@type\":\"ImageObject\",\"inLanguage\":\"es\",\"@id\":\"https:\\\/\\\/www.sj-gauge.com\\\/product\\\/msdmp305x-tst-s-gauge\\\/#primaryimage\",\"url\":\"https:\\\/\\\/www.sj-gauge.com\\\/wp-content\\\/uploads\\\/2025\\\/10\\\/SJ-Gauge_Gauge-Pressure_Trasnmitter_L.jpg\",\"contentUrl\":\"https:\\\/\\\/www.sj-gauge.com\\\/wp-content\\\/uploads\\\/2025\\\/10\\\/SJ-Gauge_Gauge-Pressure_Trasnmitter_L.jpg\",\"width\":1200,\"height\":1000},{\"@type\":\"BreadcrumbList\",\"@id\":\"https:\\\/\\\/www.sj-gauge.com\\\/product\\\/msdmp305x-tst-s-gauge\\\/#breadcrumb\",\"itemListElement\":[{\"@type\":\"ListItem\",\"position\":1,\"name\":\"Home\",\"item\":\"https:\\\/\\\/www.sj-gauge.com\\\/\"},{\"@type\":\"ListItem\",\"position\":2,\"name\":\"Products\",\"item\":\"https:\\\/\\\/www.sj-gauge.com\\\/products\\\/\"},{\"@type\":\"ListItem\",\"position\":3,\"name\":\"Industrial Smart Pressure Transmitter, Gauge Pressure\"}]},{\"@type\":\"WebSite\",\"@id\":\"https:\\\/\\\/www.sj-gauge.com\\\/#website\",\"url\":\"https:\\\/\\\/www.sj-gauge.com\\\/\",\"name\":\"SJ Gauge | Pressure Gauges, Thermometers &amp; Pressure Sensors\",\"description\":\"Manufacturer of industrial pressure gauges, pressure sensors, and transmitters. SJ Gauge provides high accuracy, durable materials, and custom solutions for oil &amp; gas, chemical, and industrial applications.\",\"publisher\":{\"@id\":\"https:\\\/\\\/www.sj-gauge.com\\\/#organization\"},\"potentialAction\":[{\"@type\":\"SearchAction\",\"target\":{\"@type\":\"EntryPoint\",\"urlTemplate\":\"https:\\\/\\\/www.sj-gauge.com\\\/?s={search_term_string}\"},\"query-input\":{\"@type\":\"PropertyValueSpecification\",\"valueRequired\":true,\"valueName\":\"search_term_string\"}}],\"inLanguage\":\"es\"},{\"@type\":\"Organization\",\"@id\":\"https:\\\/\\\/www.sj-gauge.com\\\/#organization\",\"name\":\"SJ Gauge | Pressure Gauges, Thermometers &amp; Pressure Sensors\",\"url\":\"https:\\\/\\\/www.sj-gauge.com\\\/\",\"logo\":{\"@type\":\"ImageObject\",\"inLanguage\":\"es\",\"@id\":\"https:\\\/\\\/www.sj-gauge.com\\\/#\\\/schema\\\/logo\\\/image\\\/\",\"url\":\"https:\\\/\\\/www.sj-gauge.com\\\/wp-content\\\/uploads\\\/2025\\\/09\\\/logo.webp\",\"contentUrl\":\"https:\\\/\\\/www.sj-gauge.com\\\/wp-content\\\/uploads\\\/2025\\\/09\\\/logo.webp\",\"width\":348,\"height\":184,\"caption\":\"SJ Gauge | Pressure Gauges, Thermometers &amp; Pressure Sensors\"},\"image\":{\"@id\":\"https:\\\/\\\/www.sj-gauge.com\\\/#\\\/schema\\\/logo\\\/image\\\/\"}}]}<\/script>\n<!-- \/ Yoast SEO Premium plugin. -->","yoast_head_json":{"title":"Transmisor de presi\u00f3n con man\u00f3metro | Dise\u00f1o industrial inteligente | Man\u00f3metro SJ","description":"Transmisor de presi\u00f3n manom\u00e9trico MSDMP305X-TST con sensor de silicio monocristalino de alto rendimiento, que ofrece una medici\u00f3n estable y precisa para l\u00edquidos, gases y vapores en aplicaciones industriales.","robots":{"index":"index","follow":"follow","max-snippet":"max-snippet:-1","max-image-preview":"max-image-preview:large","max-video-preview":"max-video-preview:-1"},"canonical":"https:\/\/www.sj-gauge.com\/es\/producto\/msdmp305x-tst-s-gauge\/","og_locale":"es_ES","og_type":"article","og_title":"Industrial Smart Pressure Transmitter, Gauge Pressure","og_description":"MSDMP305X-TST gauge pressure transmitter with high-performance monocrystalline silicon sensor, offering stable and accurate measurement for liquids, gases, and vapors in industrial applications.","og_url":"https:\/\/www.sj-gauge.com\/es\/producto\/msdmp305x-tst-s-gauge\/","og_site_name":"SJ Gauge | Pressure Gauges, Thermometers &amp; Pressure Sensors","article_modified_time":"2026-04-09T11:37:44+00:00","og_image":[{"width":1200,"height":1000,"url":"https:\/\/www.sj-gauge.com\/wp-content\/uploads\/2025\/10\/SJ-Gauge_Gauge-Pressure_Trasnmitter_L.jpg","type":"image\/jpeg"}],"twitter_card":"summary_large_image","twitter_misc":{"Tiempo de lectura":"1 minuto"},"schema":{"@context":"https:\/\/schema.org","@graph":[{"@type":"WebPage","@id":"https:\/\/www.sj-gauge.com\/product\/msdmp305x-tst-s-gauge\/","url":"https:\/\/www.sj-gauge.com\/product\/msdmp305x-tst-s-gauge\/","name":"Transmisor de presi\u00f3n con man\u00f3metro | Dise\u00f1o industrial inteligente | Man\u00f3metro SJ","isPartOf":{"@id":"https:\/\/www.sj-gauge.com\/#website"},"primaryImageOfPage":{"@id":"https:\/\/www.sj-gauge.com\/product\/msdmp305x-tst-s-gauge\/#primaryimage"},"image":{"@id":"https:\/\/www.sj-gauge.com\/product\/msdmp305x-tst-s-gauge\/#primaryimage"},"thumbnailUrl":"https:\/\/www.sj-gauge.com\/wp-content\/uploads\/2025\/10\/SJ-Gauge_Gauge-Pressure_Trasnmitter_L.jpg","datePublished":"2025-10-29T02:59:50+00:00","dateModified":"2026-04-09T11:37:44+00:00","description":"Transmisor de presi\u00f3n manom\u00e9trico MSDMP305X-TST con sensor de silicio monocristalino de alto rendimiento, que ofrece una medici\u00f3n estable y precisa para l\u00edquidos, gases y vapores en aplicaciones industriales.","breadcrumb":{"@id":"https:\/\/www.sj-gauge.com\/product\/msdmp305x-tst-s-gauge\/#breadcrumb"},"inLanguage":"es","potentialAction":[{"@type":"ReadAction","target":["https:\/\/www.sj-gauge.com\/product\/msdmp305x-tst-s-gauge\/"]}]},{"@type":"ImageObject","inLanguage":"es","@id":"https:\/\/www.sj-gauge.com\/product\/msdmp305x-tst-s-gauge\/#primaryimage","url":"https:\/\/www.sj-gauge.com\/wp-content\/uploads\/2025\/10\/SJ-Gauge_Gauge-Pressure_Trasnmitter_L.jpg","contentUrl":"https:\/\/www.sj-gauge.com\/wp-content\/uploads\/2025\/10\/SJ-Gauge_Gauge-Pressure_Trasnmitter_L.jpg","width":1200,"height":1000},{"@type":"BreadcrumbList","@id":"https:\/\/www.sj-gauge.com\/product\/msdmp305x-tst-s-gauge\/#breadcrumb","itemListElement":[{"@type":"ListItem","position":1,"name":"Home","item":"https:\/\/www.sj-gauge.com\/"},{"@type":"ListItem","position":2,"name":"Products","item":"https:\/\/www.sj-gauge.com\/products\/"},{"@type":"ListItem","position":3,"name":"Industrial Smart Pressure Transmitter, Gauge Pressure"}]},{"@type":"WebSite","@id":"https:\/\/www.sj-gauge.com\/#website","url":"https:\/\/www.sj-gauge.com\/","name":"SJ Gauge | Man\u00f3metros, term\u00f3metros y sensores de presi\u00f3n","description":"Fabricante de man\u00f3metros industriales, sensores de presi\u00f3n y transmisores. SJ Gauge ofrece alta precisi\u00f3n, materiales duraderos y soluciones personalizadas para aplicaciones de petr\u00f3leo y gas, qu\u00edmicas e industriales.","publisher":{"@id":"https:\/\/www.sj-gauge.com\/#organization"},"potentialAction":[{"@type":"SearchAction","target":{"@type":"EntryPoint","urlTemplate":"https:\/\/www.sj-gauge.com\/?s={search_term_string}"},"query-input":{"@type":"PropertyValueSpecification","valueRequired":true,"valueName":"search_term_string"}}],"inLanguage":"es"},{"@type":"Organization","@id":"https:\/\/www.sj-gauge.com\/#organization","name":"SJ Gauge | Man\u00f3metros, term\u00f3metros y sensores de presi\u00f3n","url":"https:\/\/www.sj-gauge.com\/","logo":{"@type":"ImageObject","inLanguage":"es","@id":"https:\/\/www.sj-gauge.com\/#\/schema\/logo\/image\/","url":"https:\/\/www.sj-gauge.com\/wp-content\/uploads\/2025\/09\/logo.webp","contentUrl":"https:\/\/www.sj-gauge.com\/wp-content\/uploads\/2025\/09\/logo.webp","width":348,"height":184,"caption":"SJ Gauge | Pressure Gauges, Thermometers &amp; Pressure Sensors"},"image":{"@id":"https:\/\/www.sj-gauge.com\/#\/schema\/logo\/image\/"}}]}},"_links":{"self":[{"href":"https:\/\/www.sj-gauge.com\/es\/wp-json\/wp\/v2\/product\/1352","targetHints":{"allow":["GET"]}}],"collection":[{"href":"https:\/\/www.sj-gauge.com\/es\/wp-json\/wp\/v2\/product"}],"about":[{"href":"https:\/\/www.sj-gauge.com\/es\/wp-json\/wp\/v2\/types\/product"}],"wp:featuredmedia":[{"embeddable":true,"href":"https:\/\/www.sj-gauge.com\/es\/wp-json\/wp\/v2\/media\/1353"}],"wp:attachment":[{"href":"https:\/\/www.sj-gauge.com\/es\/wp-json\/wp\/v2\/media?parent=1352"}],"wp:term":[{"taxonomy":"product_brand","embeddable":true,"href":"https:\/\/www.sj-gauge.com\/es\/wp-json\/wp\/v2\/product_brand?post=1352"},{"taxonomy":"product_cat","embeddable":true,"href":"https:\/\/www.sj-gauge.com\/es\/wp-json\/wp\/v2\/product_cat?post=1352"},{"taxonomy":"product_tag","embeddable":true,"href":"https:\/\/www.sj-gauge.com\/es\/wp-json\/wp\/v2\/product_tag?post=1352"}],"curies":[{"name":"wp","href":"https:\/\/api.w.org\/{rel}","templated":true}]}}