{"id":1372,"date":"2025-10-30T10:17:18","date_gmt":"2025-10-30T02:17:18","guid":{"rendered":"https:\/\/sj-gauge.com\/?post_type=product&#038;p=1372"},"modified":"2026-04-03T14:01:26","modified_gmt":"2026-04-03T06:01:26","slug":"mssmp858-nst-1","status":"publish","type":"product","link":"https:\/\/www.sj-gauge.com\/es\/producto\/mssmp858-nst-1\/","title":{"rendered":"Transmisor de presi\u00f3n diferencial de diafragma inteligente con cierre de diafragma remoto"},"content":{"rendered":"<p>Este transmisor cuenta con una estructura de sellado totalmente aislada para eliminar las interferencias de la humedad, lo que lo hace ideal para entornos de limpieza h\u00famedos dif\u00edciles. El dise\u00f1o de protecci\u00f3n contra sobrecarga de doble diafragma garantiza una alta durabilidad y un rendimiento fiable en condiciones de sobrecarga de presi\u00f3n severa. Gracias a su gran resistencia a la tensi\u00f3n transitoria, es adecuada para aplicaciones con frecuentes picos de tensi\u00f3n. La junta de diafragma remota permite una medici\u00f3n precisa de medios viscosos, corrosivos o de alta temperatura, manteniendo una salida estable. Certificado por Ex, IEC, CE, RoHS y HART<\/p>","protected":false},"excerpt":{"rendered":"<ul>\n<li>Adopta una estructura de sellado de aislamiento total para eliminar los efectos de la humedad, adecuada para ocasiones de limpieza h\u00fameda severa.<\/li>\n<li>Estructura de protecci\u00f3n contra sobrecarga de doble diafragma, ideal para situaciones de sobrecarga de presi\u00f3n severa<\/li>\n<li>Gran resistencia a la tensi\u00f3n transitoria, adecuada para casos de sobretensi\u00f3n severa<\/li>\n<\/ul>","protected":false},"featured_media":1373,"template":"","meta":{"_acf_changed":false},"product_brand":[40],"product_cat":[41,15],"product_tag":[],"class_list":{"0":"post-1372","1":"product","2":"type-product","3":"status-publish","4":"has-post-thumbnail","6":"product_brand-sj-gauge","7":"product_cat-pressure-instruments","8":"product_cat-pressure-sensors","10":"first","11":"instock","12":"shipping-taxable","13":"product-type-simple"},"acf":[],"yoast_head":"<!-- This site is optimized with the Yoast SEO Premium plugin v26.7 (Yoast SEO v27.4) - https:\/\/yoast.com\/product\/yoast-seo-premium-wordpress\/ -->\n<title>Remote Diaphragm Seal Differential Pressure Transmitter | SJ Gauge<\/title>\n<meta name=\"description\" content=\"MSSMP858-NST differential pressure transmitter with remote diaphragm seal, designed for harsh environments. Features full isolation structure, dual diaphragm overload protection, and strong surge resistance for stable and accurate measurement.\" \/>\n<meta name=\"robots\" content=\"index, follow, max-snippet:-1, max-image-preview:large, max-video-preview:-1\" \/>\n<link rel=\"canonical\" href=\"https:\/\/www.sj-gauge.com\/es\/producto\/mssmp858-nst-1\/\" \/>\n<meta property=\"og:locale\" content=\"es_ES\" \/>\n<meta property=\"og:type\" content=\"article\" \/>\n<meta property=\"og:title\" content=\"Smart Diaphragm Differential Pressure Transmitter with Remote Diaphragm Seal\" \/>\n<meta property=\"og:description\" content=\"MSSMP858-NST differential pressure transmitter with remote diaphragm seal, designed for harsh environments. Features full isolation structure, dual diaphragm overload protection, and strong surge resistance for stable and accurate measurement.\" \/>\n<meta property=\"og:url\" content=\"https:\/\/www.sj-gauge.com\/es\/producto\/mssmp858-nst-1\/\" \/>\n<meta property=\"og:site_name\" content=\"SJ Gauge | Pressure Gauges, Thermometers &amp; Pressure Sensors\" \/>\n<meta property=\"article:modified_time\" content=\"2026-04-03T06:01:26+00:00\" \/>\n<meta property=\"og:image\" content=\"https:\/\/www.sj-gauge.com\/wp-content\/uploads\/2025\/10\/SJ-Gauge_Pressure_Trasnmitter_with_Dual_Remote_diaphragm_Seal_L.jpg\" \/>\n\t<meta property=\"og:image:width\" content=\"1200\" \/>\n\t<meta property=\"og:image:height\" content=\"1000\" \/>\n\t<meta property=\"og:image:type\" content=\"image\/jpeg\" \/>\n<meta name=\"twitter:card\" content=\"summary_large_image\" \/>\n<meta name=\"twitter:label1\" content=\"Tiempo de lectura\" \/>\n\t<meta name=\"twitter:data1\" content=\"1 minuto\" \/>\n<script type=\"application\/ld+json\" class=\"yoast-schema-graph\">{\"@context\":\"https:\\\/\\\/schema.org\",\"@graph\":[{\"@type\":\"WebPage\",\"@id\":\"https:\\\/\\\/www.sj-gauge.com\\\/product\\\/mssmp858-nst-1\\\/\",\"url\":\"https:\\\/\\\/www.sj-gauge.com\\\/product\\\/mssmp858-nst-1\\\/\",\"name\":\"Remote Diaphragm Seal Differential Pressure Transmitter | SJ Gauge\",\"isPartOf\":{\"@id\":\"https:\\\/\\\/www.sj-gauge.com\\\/#website\"},\"primaryImageOfPage\":{\"@id\":\"https:\\\/\\\/www.sj-gauge.com\\\/product\\\/mssmp858-nst-1\\\/#primaryimage\"},\"image\":{\"@id\":\"https:\\\/\\\/www.sj-gauge.com\\\/product\\\/mssmp858-nst-1\\\/#primaryimage\"},\"thumbnailUrl\":\"https:\\\/\\\/www.sj-gauge.com\\\/wp-content\\\/uploads\\\/2025\\\/10\\\/SJ-Gauge_Pressure_Trasnmitter_with_Dual_Remote_diaphragm_Seal_L.jpg\",\"datePublished\":\"2025-10-30T02:17:18+00:00\",\"dateModified\":\"2026-04-03T06:01:26+00:00\",\"description\":\"MSSMP858-NST differential pressure transmitter with remote diaphragm seal, designed for harsh environments. Features full isolation structure, dual diaphragm overload protection, and strong surge resistance for stable and accurate measurement.\",\"breadcrumb\":{\"@id\":\"https:\\\/\\\/www.sj-gauge.com\\\/product\\\/mssmp858-nst-1\\\/#breadcrumb\"},\"inLanguage\":\"es\",\"potentialAction\":[{\"@type\":\"ReadAction\",\"target\":[\"https:\\\/\\\/www.sj-gauge.com\\\/product\\\/mssmp858-nst-1\\\/\"]}]},{\"@type\":\"ImageObject\",\"inLanguage\":\"es\",\"@id\":\"https:\\\/\\\/www.sj-gauge.com\\\/product\\\/mssmp858-nst-1\\\/#primaryimage\",\"url\":\"https:\\\/\\\/www.sj-gauge.com\\\/wp-content\\\/uploads\\\/2025\\\/10\\\/SJ-Gauge_Pressure_Trasnmitter_with_Dual_Remote_diaphragm_Seal_L.jpg\",\"contentUrl\":\"https:\\\/\\\/www.sj-gauge.com\\\/wp-content\\\/uploads\\\/2025\\\/10\\\/SJ-Gauge_Pressure_Trasnmitter_with_Dual_Remote_diaphragm_Seal_L.jpg\",\"width\":1200,\"height\":1000},{\"@type\":\"BreadcrumbList\",\"@id\":\"https:\\\/\\\/www.sj-gauge.com\\\/product\\\/mssmp858-nst-1\\\/#breadcrumb\",\"itemListElement\":[{\"@type\":\"ListItem\",\"position\":1,\"name\":\"Home\",\"item\":\"https:\\\/\\\/www.sj-gauge.com\\\/\"},{\"@type\":\"ListItem\",\"position\":2,\"name\":\"Products\",\"item\":\"https:\\\/\\\/www.sj-gauge.com\\\/products\\\/\"},{\"@type\":\"ListItem\",\"position\":3,\"name\":\"Smart Diaphragm Differential Pressure Transmitter with Remote Diaphragm Seal\"}]},{\"@type\":\"WebSite\",\"@id\":\"https:\\\/\\\/www.sj-gauge.com\\\/#website\",\"url\":\"https:\\\/\\\/www.sj-gauge.com\\\/\",\"name\":\"SJ Gauge | Pressure Gauges, Thermometers &amp; Pressure Sensors\",\"description\":\"Manufacturer of industrial pressure gauges, pressure sensors, and transmitters. SJ Gauge provides high accuracy, durable materials, and custom solutions for oil &amp; gas, chemical, and industrial applications.\",\"publisher\":{\"@id\":\"https:\\\/\\\/www.sj-gauge.com\\\/#organization\"},\"potentialAction\":[{\"@type\":\"SearchAction\",\"target\":{\"@type\":\"EntryPoint\",\"urlTemplate\":\"https:\\\/\\\/www.sj-gauge.com\\\/?s={search_term_string}\"},\"query-input\":{\"@type\":\"PropertyValueSpecification\",\"valueRequired\":true,\"valueName\":\"search_term_string\"}}],\"inLanguage\":\"es\"},{\"@type\":\"Organization\",\"@id\":\"https:\\\/\\\/www.sj-gauge.com\\\/#organization\",\"name\":\"SJ Gauge | Pressure Gauges, Thermometers &amp; Pressure Sensors\",\"url\":\"https:\\\/\\\/www.sj-gauge.com\\\/\",\"logo\":{\"@type\":\"ImageObject\",\"inLanguage\":\"es\",\"@id\":\"https:\\\/\\\/www.sj-gauge.com\\\/#\\\/schema\\\/logo\\\/image\\\/\",\"url\":\"https:\\\/\\\/www.sj-gauge.com\\\/wp-content\\\/uploads\\\/2025\\\/09\\\/logo.webp\",\"contentUrl\":\"https:\\\/\\\/www.sj-gauge.com\\\/wp-content\\\/uploads\\\/2025\\\/09\\\/logo.webp\",\"width\":348,\"height\":184,\"caption\":\"SJ Gauge | Pressure Gauges, Thermometers &amp; Pressure Sensors\"},\"image\":{\"@id\":\"https:\\\/\\\/www.sj-gauge.com\\\/#\\\/schema\\\/logo\\\/image\\\/\"}}]}<\/script>\n<!-- \/ Yoast SEO Premium plugin. -->","yoast_head_json":{"title":"Transmisor de presi\u00f3n diferencial con sello de diafragma remoto | SJ Gauge","description":"Transmisor de presi\u00f3n diferencial MSSMP858-NST con sello de diafragma remoto, dise\u00f1ado para entornos dif\u00edciles. Dispone de estructura de aislamiento total, protecci\u00f3n de sobrecarga de doble diafragma y gran resistencia a sobretensiones para una medici\u00f3n estable y precisa.","robots":{"index":"index","follow":"follow","max-snippet":"max-snippet:-1","max-image-preview":"max-image-preview:large","max-video-preview":"max-video-preview:-1"},"canonical":"https:\/\/www.sj-gauge.com\/es\/producto\/mssmp858-nst-1\/","og_locale":"es_ES","og_type":"article","og_title":"Smart Diaphragm Differential Pressure Transmitter with Remote Diaphragm Seal","og_description":"MSSMP858-NST differential pressure transmitter with remote diaphragm seal, designed for harsh environments. Features full isolation structure, dual diaphragm overload protection, and strong surge resistance for stable and accurate measurement.","og_url":"https:\/\/www.sj-gauge.com\/es\/producto\/mssmp858-nst-1\/","og_site_name":"SJ Gauge | Pressure Gauges, Thermometers &amp; Pressure Sensors","article_modified_time":"2026-04-03T06:01:26+00:00","og_image":[{"width":1200,"height":1000,"url":"https:\/\/www.sj-gauge.com\/wp-content\/uploads\/2025\/10\/SJ-Gauge_Pressure_Trasnmitter_with_Dual_Remote_diaphragm_Seal_L.jpg","type":"image\/jpeg"}],"twitter_card":"summary_large_image","twitter_misc":{"Tiempo de lectura":"1 minuto"},"schema":{"@context":"https:\/\/schema.org","@graph":[{"@type":"WebPage","@id":"https:\/\/www.sj-gauge.com\/product\/mssmp858-nst-1\/","url":"https:\/\/www.sj-gauge.com\/product\/mssmp858-nst-1\/","name":"Transmisor de presi\u00f3n diferencial con sello de diafragma remoto | SJ Gauge","isPartOf":{"@id":"https:\/\/www.sj-gauge.com\/#website"},"primaryImageOfPage":{"@id":"https:\/\/www.sj-gauge.com\/product\/mssmp858-nst-1\/#primaryimage"},"image":{"@id":"https:\/\/www.sj-gauge.com\/product\/mssmp858-nst-1\/#primaryimage"},"thumbnailUrl":"https:\/\/www.sj-gauge.com\/wp-content\/uploads\/2025\/10\/SJ-Gauge_Pressure_Trasnmitter_with_Dual_Remote_diaphragm_Seal_L.jpg","datePublished":"2025-10-30T02:17:18+00:00","dateModified":"2026-04-03T06:01:26+00:00","description":"Transmisor de presi\u00f3n diferencial MSSMP858-NST con sello de diafragma remoto, dise\u00f1ado para entornos dif\u00edciles. Dispone de estructura de aislamiento total, protecci\u00f3n de sobrecarga de doble diafragma y gran resistencia a sobretensiones para una medici\u00f3n estable y precisa.","breadcrumb":{"@id":"https:\/\/www.sj-gauge.com\/product\/mssmp858-nst-1\/#breadcrumb"},"inLanguage":"es","potentialAction":[{"@type":"ReadAction","target":["https:\/\/www.sj-gauge.com\/product\/mssmp858-nst-1\/"]}]},{"@type":"ImageObject","inLanguage":"es","@id":"https:\/\/www.sj-gauge.com\/product\/mssmp858-nst-1\/#primaryimage","url":"https:\/\/www.sj-gauge.com\/wp-content\/uploads\/2025\/10\/SJ-Gauge_Pressure_Trasnmitter_with_Dual_Remote_diaphragm_Seal_L.jpg","contentUrl":"https:\/\/www.sj-gauge.com\/wp-content\/uploads\/2025\/10\/SJ-Gauge_Pressure_Trasnmitter_with_Dual_Remote_diaphragm_Seal_L.jpg","width":1200,"height":1000},{"@type":"BreadcrumbList","@id":"https:\/\/www.sj-gauge.com\/product\/mssmp858-nst-1\/#breadcrumb","itemListElement":[{"@type":"ListItem","position":1,"name":"Home","item":"https:\/\/www.sj-gauge.com\/"},{"@type":"ListItem","position":2,"name":"Products","item":"https:\/\/www.sj-gauge.com\/products\/"},{"@type":"ListItem","position":3,"name":"Smart Diaphragm Differential Pressure Transmitter with Remote Diaphragm Seal"}]},{"@type":"WebSite","@id":"https:\/\/www.sj-gauge.com\/#website","url":"https:\/\/www.sj-gauge.com\/","name":"SJ Gauge | Man\u00f3metros, term\u00f3metros y sensores de presi\u00f3n","description":"Fabricante de man\u00f3metros industriales, sensores de presi\u00f3n y transmisores. SJ Gauge ofrece alta precisi\u00f3n, materiales duraderos y soluciones personalizadas para aplicaciones de petr\u00f3leo y gas, qu\u00edmicas e industriales.","publisher":{"@id":"https:\/\/www.sj-gauge.com\/#organization"},"potentialAction":[{"@type":"SearchAction","target":{"@type":"EntryPoint","urlTemplate":"https:\/\/www.sj-gauge.com\/?s={search_term_string}"},"query-input":{"@type":"PropertyValueSpecification","valueRequired":true,"valueName":"search_term_string"}}],"inLanguage":"es"},{"@type":"Organization","@id":"https:\/\/www.sj-gauge.com\/#organization","name":"SJ Gauge | Man\u00f3metros, term\u00f3metros y sensores de presi\u00f3n","url":"https:\/\/www.sj-gauge.com\/","logo":{"@type":"ImageObject","inLanguage":"es","@id":"https:\/\/www.sj-gauge.com\/#\/schema\/logo\/image\/","url":"https:\/\/www.sj-gauge.com\/wp-content\/uploads\/2025\/09\/logo.webp","contentUrl":"https:\/\/www.sj-gauge.com\/wp-content\/uploads\/2025\/09\/logo.webp","width":348,"height":184,"caption":"SJ Gauge | Pressure Gauges, Thermometers &amp; Pressure Sensors"},"image":{"@id":"https:\/\/www.sj-gauge.com\/#\/schema\/logo\/image\/"}}]}},"_links":{"self":[{"href":"https:\/\/www.sj-gauge.com\/es\/wp-json\/wp\/v2\/product\/1372","targetHints":{"allow":["GET"]}}],"collection":[{"href":"https:\/\/www.sj-gauge.com\/es\/wp-json\/wp\/v2\/product"}],"about":[{"href":"https:\/\/www.sj-gauge.com\/es\/wp-json\/wp\/v2\/types\/product"}],"wp:featuredmedia":[{"embeddable":true,"href":"https:\/\/www.sj-gauge.com\/es\/wp-json\/wp\/v2\/media\/1373"}],"wp:attachment":[{"href":"https:\/\/www.sj-gauge.com\/es\/wp-json\/wp\/v2\/media?parent=1372"}],"wp:term":[{"taxonomy":"product_brand","embeddable":true,"href":"https:\/\/www.sj-gauge.com\/es\/wp-json\/wp\/v2\/product_brand?post=1372"},{"taxonomy":"product_cat","embeddable":true,"href":"https:\/\/www.sj-gauge.com\/es\/wp-json\/wp\/v2\/product_cat?post=1372"},{"taxonomy":"product_tag","embeddable":true,"href":"https:\/\/www.sj-gauge.com\/es\/wp-json\/wp\/v2\/product_tag?post=1372"}],"curies":[{"name":"wp","href":"https:\/\/api.w.org\/{rel}","templated":true}]}}