{"id":1382,"date":"2025-10-30T14:44:50","date_gmt":"2025-10-30T06:44:50","guid":{"rendered":"https:\/\/sj-gauge.com\/?post_type=product&#038;p=1382"},"modified":"2026-04-04T11:36:40","modified_gmt":"2026-04-04T03:36:40","slug":"mssmp858-tsf-s","status":"publish","type":"product","link":"https:\/\/www.sj-gauge.com\/es\/producto\/mssmp858-tsf-s\/","title":{"rendered":"Transmisor de presi\u00f3n de diafragma inteligente, higi\u00e9nico, caja de acero inoxidable"},"content":{"rendered":"<p>Este transmisor de presi\u00f3n higi\u00e9nico cuenta con un dise\u00f1o de cavidad de aire aislada para prevenir la condensaci\u00f3n y evitar la contaminaci\u00f3n del medio, ideal para aplicaciones alimentarias, de bebidas y farmac\u00e9uticas. Est\u00e1 dise\u00f1ado para la limpieza y esterilizaci\u00f3n CIP\/SIP, lo que garantiza el cumplimiento de las normas de higiene en entornos de procesos limpios. La protecci\u00f3n de sobrecarga de doble diafragma proporciona una excelente durabilidad en condiciones de alta presi\u00f3n. Su carcasa de acero inoxidable ofrece resistencia a la corrosi\u00f3n y f\u00e1cil limpieza, mientras que la conexi\u00f3n higi\u00e9nica y la pantalla digital garantizan una monitorizaci\u00f3n de la presi\u00f3n segura, precisa e higi\u00e9nica. Certificado por Ex, IEC, CE, RoHS y HART<\/p>","protected":false},"excerpt":{"rendered":"<ul>\n<li>Dise\u00f1o de cavidad de aire aislada para prevenir la condensaci\u00f3n y evitar la contaminaci\u00f3n de los medios de comunicaci\u00f3n<\/li>\n<li>Dise\u00f1ado para la industria alimentaria y farmac\u00e9utica, apto para limpieza CIP\/SIP y esterilizaci\u00f3n<\/li>\n<li>La estructura de protecci\u00f3n contra sobrecargas de doble diafragma puede hacer frente f\u00e1cilmente a pruebas de sobrecargas elevadas<\/li>\n<\/ul>","protected":false},"featured_media":1384,"template":"","meta":{"_acf_changed":false},"product_brand":[40],"product_cat":[41,15],"product_tag":[],"class_list":{"0":"post-1382","1":"product","2":"type-product","3":"status-publish","4":"has-post-thumbnail","6":"product_brand-sj-gauge","7":"product_cat-pressure-instruments","8":"product_cat-pressure-sensors","10":"first","11":"instock","12":"shipping-taxable","13":"product-type-simple"},"acf":[],"yoast_head":"<!-- This site is optimized with the Yoast SEO Premium plugin v26.7 (Yoast SEO v27.4) - https:\/\/yoast.com\/product\/yoast-seo-premium-wordpress\/ -->\n<title>Hygienic Diaphragm Pressure Transmitter | Smart Design | SJ Gauge<\/title>\n<meta name=\"description\" content=\"MSSMP858-TSF-S smart hygienic diaphragm pressure transmitter with stainless steel housing, designed for food and pharmaceutical applications. Features isolated air cavity, CIP\/SIP compatibility, and double diaphragm overload protection for reliable performance.\" \/>\n<meta name=\"robots\" content=\"index, follow, max-snippet:-1, max-image-preview:large, max-video-preview:-1\" \/>\n<link rel=\"canonical\" href=\"https:\/\/www.sj-gauge.com\/es\/producto\/mssmp858-tsf-s\/\" \/>\n<meta property=\"og:locale\" content=\"es_ES\" \/>\n<meta property=\"og:type\" content=\"article\" \/>\n<meta property=\"og:title\" content=\"Smart Diaphragm Pressure Transmitter, Hygienic, Stainless Steel Case\" \/>\n<meta property=\"og:description\" content=\"MSSMP858-TSF-S smart hygienic diaphragm pressure transmitter with stainless steel housing, designed for food and pharmaceutical applications. Features isolated air cavity, CIP\/SIP compatibility, and double diaphragm overload protection for reliable performance.\" \/>\n<meta property=\"og:url\" content=\"https:\/\/www.sj-gauge.com\/es\/producto\/mssmp858-tsf-s\/\" \/>\n<meta property=\"og:site_name\" content=\"SJ Gauge | Pressure Gauges, Thermometers &amp; Pressure Sensors\" \/>\n<meta property=\"article:modified_time\" content=\"2026-04-04T03:36:40+00:00\" \/>\n<meta property=\"og:image\" content=\"https:\/\/www.sj-gauge.com\/wp-content\/uploads\/2025\/10\/SJ-Gauge_Hygienic_Diaphragm_Pressure_Trasnmitter_with_SS_Case_L.jpg\" \/>\n\t<meta property=\"og:image:width\" content=\"1200\" \/>\n\t<meta property=\"og:image:height\" content=\"1000\" \/>\n\t<meta property=\"og:image:type\" content=\"image\/jpeg\" \/>\n<meta name=\"twitter:card\" content=\"summary_large_image\" \/>\n<meta name=\"twitter:label1\" content=\"Tiempo de lectura\" \/>\n\t<meta name=\"twitter:data1\" content=\"1 minuto\" \/>\n<script type=\"application\/ld+json\" class=\"yoast-schema-graph\">{\"@context\":\"https:\\\/\\\/schema.org\",\"@graph\":[{\"@type\":\"WebPage\",\"@id\":\"https:\\\/\\\/www.sj-gauge.com\\\/product\\\/mssmp858-tsf-s\\\/\",\"url\":\"https:\\\/\\\/www.sj-gauge.com\\\/product\\\/mssmp858-tsf-s\\\/\",\"name\":\"Hygienic Diaphragm Pressure Transmitter | Smart Design | SJ Gauge\",\"isPartOf\":{\"@id\":\"https:\\\/\\\/www.sj-gauge.com\\\/#website\"},\"primaryImageOfPage\":{\"@id\":\"https:\\\/\\\/www.sj-gauge.com\\\/product\\\/mssmp858-tsf-s\\\/#primaryimage\"},\"image\":{\"@id\":\"https:\\\/\\\/www.sj-gauge.com\\\/product\\\/mssmp858-tsf-s\\\/#primaryimage\"},\"thumbnailUrl\":\"https:\\\/\\\/www.sj-gauge.com\\\/wp-content\\\/uploads\\\/2025\\\/10\\\/SJ-Gauge_Hygienic_Diaphragm_Pressure_Trasnmitter_with_SS_Case_L.jpg\",\"datePublished\":\"2025-10-30T06:44:50+00:00\",\"dateModified\":\"2026-04-04T03:36:40+00:00\",\"description\":\"MSSMP858-TSF-S smart hygienic diaphragm pressure transmitter with stainless steel housing, designed for food and pharmaceutical applications. Features isolated air cavity, CIP\\\/SIP compatibility, and double diaphragm overload protection for reliable performance.\",\"breadcrumb\":{\"@id\":\"https:\\\/\\\/www.sj-gauge.com\\\/product\\\/mssmp858-tsf-s\\\/#breadcrumb\"},\"inLanguage\":\"es\",\"potentialAction\":[{\"@type\":\"ReadAction\",\"target\":[\"https:\\\/\\\/www.sj-gauge.com\\\/product\\\/mssmp858-tsf-s\\\/\"]}]},{\"@type\":\"ImageObject\",\"inLanguage\":\"es\",\"@id\":\"https:\\\/\\\/www.sj-gauge.com\\\/product\\\/mssmp858-tsf-s\\\/#primaryimage\",\"url\":\"https:\\\/\\\/www.sj-gauge.com\\\/wp-content\\\/uploads\\\/2025\\\/10\\\/SJ-Gauge_Hygienic_Diaphragm_Pressure_Trasnmitter_with_SS_Case_L.jpg\",\"contentUrl\":\"https:\\\/\\\/www.sj-gauge.com\\\/wp-content\\\/uploads\\\/2025\\\/10\\\/SJ-Gauge_Hygienic_Diaphragm_Pressure_Trasnmitter_with_SS_Case_L.jpg\",\"width\":1200,\"height\":1000},{\"@type\":\"BreadcrumbList\",\"@id\":\"https:\\\/\\\/www.sj-gauge.com\\\/product\\\/mssmp858-tsf-s\\\/#breadcrumb\",\"itemListElement\":[{\"@type\":\"ListItem\",\"position\":1,\"name\":\"Home\",\"item\":\"https:\\\/\\\/www.sj-gauge.com\\\/\"},{\"@type\":\"ListItem\",\"position\":2,\"name\":\"Products\",\"item\":\"https:\\\/\\\/www.sj-gauge.com\\\/products\\\/\"},{\"@type\":\"ListItem\",\"position\":3,\"name\":\"Smart Diaphragm Pressure Transmitter, Hygienic, Stainless Steel Case\"}]},{\"@type\":\"WebSite\",\"@id\":\"https:\\\/\\\/www.sj-gauge.com\\\/#website\",\"url\":\"https:\\\/\\\/www.sj-gauge.com\\\/\",\"name\":\"SJ Gauge | Pressure Gauges, Thermometers &amp; Pressure Sensors\",\"description\":\"Manufacturer of industrial pressure gauges, pressure sensors, and transmitters. SJ Gauge provides high accuracy, durable materials, and custom solutions for oil &amp; gas, chemical, and industrial applications.\",\"publisher\":{\"@id\":\"https:\\\/\\\/www.sj-gauge.com\\\/#organization\"},\"potentialAction\":[{\"@type\":\"SearchAction\",\"target\":{\"@type\":\"EntryPoint\",\"urlTemplate\":\"https:\\\/\\\/www.sj-gauge.com\\\/?s={search_term_string}\"},\"query-input\":{\"@type\":\"PropertyValueSpecification\",\"valueRequired\":true,\"valueName\":\"search_term_string\"}}],\"inLanguage\":\"es\"},{\"@type\":\"Organization\",\"@id\":\"https:\\\/\\\/www.sj-gauge.com\\\/#organization\",\"name\":\"SJ Gauge | Pressure Gauges, Thermometers &amp; Pressure Sensors\",\"url\":\"https:\\\/\\\/www.sj-gauge.com\\\/\",\"logo\":{\"@type\":\"ImageObject\",\"inLanguage\":\"es\",\"@id\":\"https:\\\/\\\/www.sj-gauge.com\\\/#\\\/schema\\\/logo\\\/image\\\/\",\"url\":\"https:\\\/\\\/www.sj-gauge.com\\\/wp-content\\\/uploads\\\/2025\\\/09\\\/logo.webp\",\"contentUrl\":\"https:\\\/\\\/www.sj-gauge.com\\\/wp-content\\\/uploads\\\/2025\\\/09\\\/logo.webp\",\"width\":348,\"height\":184,\"caption\":\"SJ Gauge | Pressure Gauges, Thermometers &amp; Pressure Sensors\"},\"image\":{\"@id\":\"https:\\\/\\\/www.sj-gauge.com\\\/#\\\/schema\\\/logo\\\/image\\\/\"}}]}<\/script>\n<!-- \/ Yoast SEO Premium plugin. -->","yoast_head_json":{"title":"Transmisor de presi\u00f3n de diafragma higi\u00e9nico | Dise\u00f1o inteligente | SJ Gauge","description":"Transmisor de presi\u00f3n de diafragma higi\u00e9nico inteligente MSSMP858-TSF-S con carcasa de acero inoxidable, dise\u00f1ado para aplicaciones alimentarias y farmac\u00e9uticas. Dispone de cavidad de aire aislada, compatibilidad CIP\/SIP y protecci\u00f3n de sobrecarga de doble diafragma para un rendimiento fiable.","robots":{"index":"index","follow":"follow","max-snippet":"max-snippet:-1","max-image-preview":"max-image-preview:large","max-video-preview":"max-video-preview:-1"},"canonical":"https:\/\/www.sj-gauge.com\/es\/producto\/mssmp858-tsf-s\/","og_locale":"es_ES","og_type":"article","og_title":"Smart Diaphragm Pressure Transmitter, Hygienic, Stainless Steel Case","og_description":"MSSMP858-TSF-S smart hygienic diaphragm pressure transmitter with stainless steel housing, designed for food and pharmaceutical applications. Features isolated air cavity, CIP\/SIP compatibility, and double diaphragm overload protection for reliable performance.","og_url":"https:\/\/www.sj-gauge.com\/es\/producto\/mssmp858-tsf-s\/","og_site_name":"SJ Gauge | Pressure Gauges, Thermometers &amp; Pressure Sensors","article_modified_time":"2026-04-04T03:36:40+00:00","og_image":[{"width":1200,"height":1000,"url":"https:\/\/www.sj-gauge.com\/wp-content\/uploads\/2025\/10\/SJ-Gauge_Hygienic_Diaphragm_Pressure_Trasnmitter_with_SS_Case_L.jpg","type":"image\/jpeg"}],"twitter_card":"summary_large_image","twitter_misc":{"Tiempo de lectura":"1 minuto"},"schema":{"@context":"https:\/\/schema.org","@graph":[{"@type":"WebPage","@id":"https:\/\/www.sj-gauge.com\/product\/mssmp858-tsf-s\/","url":"https:\/\/www.sj-gauge.com\/product\/mssmp858-tsf-s\/","name":"Transmisor de presi\u00f3n de diafragma higi\u00e9nico | Dise\u00f1o inteligente | SJ Gauge","isPartOf":{"@id":"https:\/\/www.sj-gauge.com\/#website"},"primaryImageOfPage":{"@id":"https:\/\/www.sj-gauge.com\/product\/mssmp858-tsf-s\/#primaryimage"},"image":{"@id":"https:\/\/www.sj-gauge.com\/product\/mssmp858-tsf-s\/#primaryimage"},"thumbnailUrl":"https:\/\/www.sj-gauge.com\/wp-content\/uploads\/2025\/10\/SJ-Gauge_Hygienic_Diaphragm_Pressure_Trasnmitter_with_SS_Case_L.jpg","datePublished":"2025-10-30T06:44:50+00:00","dateModified":"2026-04-04T03:36:40+00:00","description":"Transmisor de presi\u00f3n de diafragma higi\u00e9nico inteligente MSSMP858-TSF-S con carcasa de acero inoxidable, dise\u00f1ado para aplicaciones alimentarias y farmac\u00e9uticas. Dispone de cavidad de aire aislada, compatibilidad CIP\/SIP y protecci\u00f3n de sobrecarga de doble diafragma para un rendimiento fiable.","breadcrumb":{"@id":"https:\/\/www.sj-gauge.com\/product\/mssmp858-tsf-s\/#breadcrumb"},"inLanguage":"es","potentialAction":[{"@type":"ReadAction","target":["https:\/\/www.sj-gauge.com\/product\/mssmp858-tsf-s\/"]}]},{"@type":"ImageObject","inLanguage":"es","@id":"https:\/\/www.sj-gauge.com\/product\/mssmp858-tsf-s\/#primaryimage","url":"https:\/\/www.sj-gauge.com\/wp-content\/uploads\/2025\/10\/SJ-Gauge_Hygienic_Diaphragm_Pressure_Trasnmitter_with_SS_Case_L.jpg","contentUrl":"https:\/\/www.sj-gauge.com\/wp-content\/uploads\/2025\/10\/SJ-Gauge_Hygienic_Diaphragm_Pressure_Trasnmitter_with_SS_Case_L.jpg","width":1200,"height":1000},{"@type":"BreadcrumbList","@id":"https:\/\/www.sj-gauge.com\/product\/mssmp858-tsf-s\/#breadcrumb","itemListElement":[{"@type":"ListItem","position":1,"name":"Home","item":"https:\/\/www.sj-gauge.com\/"},{"@type":"ListItem","position":2,"name":"Products","item":"https:\/\/www.sj-gauge.com\/products\/"},{"@type":"ListItem","position":3,"name":"Smart Diaphragm Pressure Transmitter, Hygienic, Stainless Steel Case"}]},{"@type":"WebSite","@id":"https:\/\/www.sj-gauge.com\/#website","url":"https:\/\/www.sj-gauge.com\/","name":"SJ Gauge | Man\u00f3metros, term\u00f3metros y sensores de presi\u00f3n","description":"Fabricante de man\u00f3metros industriales, sensores de presi\u00f3n y transmisores. SJ Gauge ofrece alta precisi\u00f3n, materiales duraderos y soluciones personalizadas para aplicaciones de petr\u00f3leo y gas, qu\u00edmicas e industriales.","publisher":{"@id":"https:\/\/www.sj-gauge.com\/#organization"},"potentialAction":[{"@type":"SearchAction","target":{"@type":"EntryPoint","urlTemplate":"https:\/\/www.sj-gauge.com\/?s={search_term_string}"},"query-input":{"@type":"PropertyValueSpecification","valueRequired":true,"valueName":"search_term_string"}}],"inLanguage":"es"},{"@type":"Organization","@id":"https:\/\/www.sj-gauge.com\/#organization","name":"SJ Gauge | Man\u00f3metros, term\u00f3metros y sensores de presi\u00f3n","url":"https:\/\/www.sj-gauge.com\/","logo":{"@type":"ImageObject","inLanguage":"es","@id":"https:\/\/www.sj-gauge.com\/#\/schema\/logo\/image\/","url":"https:\/\/www.sj-gauge.com\/wp-content\/uploads\/2025\/09\/logo.webp","contentUrl":"https:\/\/www.sj-gauge.com\/wp-content\/uploads\/2025\/09\/logo.webp","width":348,"height":184,"caption":"SJ Gauge | Pressure Gauges, Thermometers &amp; Pressure Sensors"},"image":{"@id":"https:\/\/www.sj-gauge.com\/#\/schema\/logo\/image\/"}}]}},"_links":{"self":[{"href":"https:\/\/www.sj-gauge.com\/es\/wp-json\/wp\/v2\/product\/1382","targetHints":{"allow":["GET"]}}],"collection":[{"href":"https:\/\/www.sj-gauge.com\/es\/wp-json\/wp\/v2\/product"}],"about":[{"href":"https:\/\/www.sj-gauge.com\/es\/wp-json\/wp\/v2\/types\/product"}],"wp:featuredmedia":[{"embeddable":true,"href":"https:\/\/www.sj-gauge.com\/es\/wp-json\/wp\/v2\/media\/1384"}],"wp:attachment":[{"href":"https:\/\/www.sj-gauge.com\/es\/wp-json\/wp\/v2\/media?parent=1382"}],"wp:term":[{"taxonomy":"product_brand","embeddable":true,"href":"https:\/\/www.sj-gauge.com\/es\/wp-json\/wp\/v2\/product_brand?post=1382"},{"taxonomy":"product_cat","embeddable":true,"href":"https:\/\/www.sj-gauge.com\/es\/wp-json\/wp\/v2\/product_cat?post=1382"},{"taxonomy":"product_tag","embeddable":true,"href":"https:\/\/www.sj-gauge.com\/es\/wp-json\/wp\/v2\/product_tag?post=1382"}],"curies":[{"name":"wp","href":"https:\/\/api.w.org\/{rel}","templated":true}]}}