{"id":1388,"date":"2025-10-30T15:33:46","date_gmt":"2025-10-30T07:33:46","guid":{"rendered":"https:\/\/sj-gauge.com\/?post_type=product&#038;p=1388"},"modified":"2026-04-03T13:46:30","modified_gmt":"2026-04-03T05:46:30","slug":"mssmp131-dld","status":"publish","type":"product","link":"https:\/\/www.sj-gauge.com\/es\/producto\/mssmp131-dld\/","title":{"rendered":"Transmisor de presi\u00f3n inteligente, compacto, presi\u00f3n diferencial"},"content":{"rendered":"<p data-start=\"97\" data-end=\"358\">El transmisor de presi\u00f3n compacto MSSMP131 integra los \u00faltimos avances en tecnolog\u00eda electr\u00f3nica moderna de medici\u00f3n de la presi\u00f3n. Desarrollado a lo largo de m\u00e1s de 10 a\u00f1os de investigaci\u00f3n e innovaci\u00f3n, ofrece un excelente rendimiento con una extraordinaria rentabilidad. El sensor incorpora tecnolog\u00eda de correcci\u00f3n lineal y compensaci\u00f3n de temperatura totalmente autom\u00e1ticas, lo que garantiza una gran precisi\u00f3n y un rendimiento estable en aplicaciones de producci\u00f3n en serie. Su dise\u00f1o de cavidad de aire totalmente sellada y aislada mejora la fiabilidad a largo plazo, lo que lo hace adecuado para entornos industriales exigentes. El m\u00f3dulo de transmisi\u00f3n de se\u00f1ales incorpora una avanzada tecnolog\u00eda de calibraci\u00f3n que permite a los usuarios configurar f\u00e1cilmente los par\u00e1metros sin necesidad de herramientas adicionales. Con sus exclusivas ventajas tecnol\u00f3gicas, el MSSMP131 destaca entre los productos de su misma gama de precios, ofreciendo un rendimiento comparable al de muchos transmisores de presi\u00f3n de gama alta y convirti\u00e9ndolo en una opci\u00f3n ideal para aplicaciones que requieren tanto fiabilidad como valor.<\/p>","protected":false},"excerpt":{"rendered":"<ul>\n<li>Pruebas de impacto por presi\u00f3n y pruebas de deriva temporal para garantizar una calidad constante<\/li>\n<li>Tecnolog\u00eda de calibraci\u00f3n original que permite ajustar los par\u00e1metros f\u00e1cilmente sin necesidad de herramientas.<\/li>\n<li>Adopta la tecnolog\u00eda de sensor de presi\u00f3n patentada, afronta con flexibilidad todo tipo de retos de las condiciones de trabajo<\/li>\n<\/ul>","protected":false},"featured_media":1390,"template":"","meta":{"_acf_changed":false},"product_brand":[40],"product_cat":[41,15],"product_tag":[],"class_list":{"0":"post-1388","1":"product","2":"type-product","3":"status-publish","4":"has-post-thumbnail","6":"product_brand-sj-gauge","7":"product_cat-pressure-instruments","8":"product_cat-pressure-sensors","10":"first","11":"instock","12":"shipping-taxable","13":"product-type-simple"},"acf":[],"yoast_head":"<!-- This site is optimized with the Yoast SEO Premium plugin v26.7 (Yoast SEO v26.7) - https:\/\/yoast.com\/wordpress\/plugins\/seo\/ -->\n<title>Smart Differential Pressure Transmitter | Compact Design | SJ Gauge<\/title>\n<meta name=\"description\" content=\"MSSMP131-DLD smart differential pressure transmitter with compact design, featuring advanced sensor technology, automatic linear correction, and temperature compensation for high accuracy and stable performance in industrial applications.\" \/>\n<meta name=\"robots\" content=\"index, follow, max-snippet:-1, max-image-preview:large, max-video-preview:-1\" \/>\n<link rel=\"canonical\" href=\"https:\/\/www.sj-gauge.com\/es\/producto\/mssmp131-dld\/\" \/>\n<meta property=\"og:locale\" content=\"es_ES\" \/>\n<meta property=\"og:type\" content=\"article\" \/>\n<meta property=\"og:title\" content=\"Smart Pressure Transmitter, Compact, Differential Pressure\" \/>\n<meta property=\"og:description\" content=\"MSSMP131-DLD smart differential pressure transmitter with compact design, featuring advanced sensor technology, automatic linear correction, and temperature compensation for high accuracy and stable performance in industrial applications.\" \/>\n<meta property=\"og:url\" content=\"https:\/\/www.sj-gauge.com\/es\/producto\/mssmp131-dld\/\" \/>\n<meta property=\"og:site_name\" content=\"Your Expert in Pressure Temp and Smart Transmitters - SJ Gauge\" \/>\n<meta property=\"article:modified_time\" content=\"2026-04-03T05:46:30+00:00\" \/>\n<meta property=\"og:image\" content=\"https:\/\/www.sj-gauge.com\/wp-content\/uploads\/2025\/10\/SJ-Gauge_Compact_Diffrential_Pressure_Trasnmitter_L.jpg\" \/>\n\t<meta property=\"og:image:width\" content=\"1200\" \/>\n\t<meta property=\"og:image:height\" content=\"1000\" \/>\n\t<meta property=\"og:image:type\" content=\"image\/jpeg\" \/>\n<meta name=\"twitter:card\" content=\"summary_large_image\" \/>\n<meta name=\"twitter:label1\" content=\"Tiempo de lectura\" \/>\n\t<meta name=\"twitter:data1\" content=\"1 minuto\" \/>\n<script type=\"application\/ld+json\" class=\"yoast-schema-graph\">{\"@context\":\"https:\/\/schema.org\",\"@graph\":[{\"@type\":\"WebPage\",\"@id\":\"https:\/\/www.sj-gauge.com\/product\/mssmp131-dld\/\",\"url\":\"https:\/\/www.sj-gauge.com\/product\/mssmp131-dld\/\",\"name\":\"Smart Differential Pressure Transmitter | Compact Design | SJ Gauge\",\"isPartOf\":{\"@id\":\"https:\/\/www.sj-gauge.com\/#website\"},\"primaryImageOfPage\":{\"@id\":\"https:\/\/www.sj-gauge.com\/product\/mssmp131-dld\/#primaryimage\"},\"image\":{\"@id\":\"https:\/\/www.sj-gauge.com\/product\/mssmp131-dld\/#primaryimage\"},\"thumbnailUrl\":\"https:\/\/www.sj-gauge.com\/wp-content\/uploads\/2025\/10\/SJ-Gauge_Compact_Diffrential_Pressure_Trasnmitter_L.jpg\",\"datePublished\":\"2025-10-30T07:33:46+00:00\",\"dateModified\":\"2026-04-03T05:46:30+00:00\",\"description\":\"MSSMP131-DLD smart differential pressure transmitter with compact design, featuring advanced sensor technology, automatic linear correction, and temperature compensation for high accuracy and stable performance in industrial applications.\",\"breadcrumb\":{\"@id\":\"https:\/\/www.sj-gauge.com\/product\/mssmp131-dld\/#breadcrumb\"},\"inLanguage\":\"es\",\"potentialAction\":[{\"@type\":\"ReadAction\",\"target\":[\"https:\/\/www.sj-gauge.com\/product\/mssmp131-dld\/\"]}]},{\"@type\":\"ImageObject\",\"inLanguage\":\"es\",\"@id\":\"https:\/\/www.sj-gauge.com\/product\/mssmp131-dld\/#primaryimage\",\"url\":\"https:\/\/www.sj-gauge.com\/wp-content\/uploads\/2025\/10\/SJ-Gauge_Compact_Diffrential_Pressure_Trasnmitter_L.jpg\",\"contentUrl\":\"https:\/\/www.sj-gauge.com\/wp-content\/uploads\/2025\/10\/SJ-Gauge_Compact_Diffrential_Pressure_Trasnmitter_L.jpg\",\"width\":1200,\"height\":1000},{\"@type\":\"BreadcrumbList\",\"@id\":\"https:\/\/www.sj-gauge.com\/product\/mssmp131-dld\/#breadcrumb\",\"itemListElement\":[{\"@type\":\"ListItem\",\"position\":1,\"name\":\"Home\",\"item\":\"https:\/\/www.sj-gauge.com\/\"},{\"@type\":\"ListItem\",\"position\":2,\"name\":\"Products\",\"item\":\"https:\/\/www.sj-gauge.com\/products\/\"},{\"@type\":\"ListItem\",\"position\":3,\"name\":\"Smart Pressure Transmitter, Compact, Differential Pressure\"}]},{\"@type\":\"WebSite\",\"@id\":\"https:\/\/www.sj-gauge.com\/#website\",\"url\":\"https:\/\/www.sj-gauge.com\/\",\"name\":\"Your Expert in Pressure Temp and Smart Transmitters - SJ Gauge\",\"description\":\"Manufacturer of industrial pressure gauges, pressure sensors, and transmitters. SJ Gauge provides high accuracy, durable materials, and custom solutions for oil &amp; gas, chemical, and industrial applications.\",\"publisher\":{\"@id\":\"https:\/\/www.sj-gauge.com\/#organization\"},\"potentialAction\":[{\"@type\":\"SearchAction\",\"target\":{\"@type\":\"EntryPoint\",\"urlTemplate\":\"https:\/\/www.sj-gauge.com\/?s={search_term_string}\"},\"query-input\":{\"@type\":\"PropertyValueSpecification\",\"valueRequired\":true,\"valueName\":\"search_term_string\"}}],\"inLanguage\":\"es\"},{\"@type\":\"Organization\",\"@id\":\"https:\/\/www.sj-gauge.com\/#organization\",\"name\":\"Your Expert in Pressure Temp and Smart Transmitters - SJ Gauge\",\"url\":\"https:\/\/www.sj-gauge.com\/\",\"logo\":{\"@type\":\"ImageObject\",\"inLanguage\":\"es\",\"@id\":\"https:\/\/www.sj-gauge.com\/#\/schema\/logo\/image\/\",\"url\":\"https:\/\/www.sj-gauge.com\/wp-content\/uploads\/2025\/09\/logo.webp\",\"contentUrl\":\"https:\/\/www.sj-gauge.com\/wp-content\/uploads\/2025\/09\/logo.webp\",\"width\":348,\"height\":184,\"caption\":\"Your Expert in Pressure Temp and Smart Transmitters - SJ Gauge\"},\"image\":{\"@id\":\"https:\/\/www.sj-gauge.com\/#\/schema\/logo\/image\/\"}}]}<\/script>\n<!-- \/ Yoast SEO Premium plugin. -->","yoast_head_json":{"title":"Transmisor de presi\u00f3n diferencial inteligente | Dise\u00f1o compacto | SJ Gauge","description":"Transmisor de presi\u00f3n diferencial inteligente MSSMP131-DLD de dise\u00f1o compacto, con tecnolog\u00eda de sensor avanzada, correcci\u00f3n lineal autom\u00e1tica y compensaci\u00f3n de temperatura para una alta precisi\u00f3n y un rendimiento estable en aplicaciones industriales.","robots":{"index":"index","follow":"follow","max-snippet":"max-snippet:-1","max-image-preview":"max-image-preview:large","max-video-preview":"max-video-preview:-1"},"canonical":"https:\/\/www.sj-gauge.com\/es\/producto\/mssmp131-dld\/","og_locale":"es_ES","og_type":"article","og_title":"Smart Pressure Transmitter, Compact, Differential Pressure","og_description":"MSSMP131-DLD smart differential pressure transmitter with compact design, featuring advanced sensor technology, automatic linear correction, and temperature compensation for high accuracy and stable performance in industrial applications.","og_url":"https:\/\/www.sj-gauge.com\/es\/producto\/mssmp131-dld\/","og_site_name":"Your Expert in Pressure Temp and Smart Transmitters - SJ Gauge","article_modified_time":"2026-04-03T05:46:30+00:00","og_image":[{"width":1200,"height":1000,"url":"https:\/\/www.sj-gauge.com\/wp-content\/uploads\/2025\/10\/SJ-Gauge_Compact_Diffrential_Pressure_Trasnmitter_L.jpg","type":"image\/jpeg"}],"twitter_card":"summary_large_image","twitter_misc":{"Tiempo de lectura":"1 minuto"},"schema":{"@context":"https:\/\/schema.org","@graph":[{"@type":"WebPage","@id":"https:\/\/www.sj-gauge.com\/product\/mssmp131-dld\/","url":"https:\/\/www.sj-gauge.com\/product\/mssmp131-dld\/","name":"Transmisor de presi\u00f3n diferencial inteligente | Dise\u00f1o compacto | SJ Gauge","isPartOf":{"@id":"https:\/\/www.sj-gauge.com\/#website"},"primaryImageOfPage":{"@id":"https:\/\/www.sj-gauge.com\/product\/mssmp131-dld\/#primaryimage"},"image":{"@id":"https:\/\/www.sj-gauge.com\/product\/mssmp131-dld\/#primaryimage"},"thumbnailUrl":"https:\/\/www.sj-gauge.com\/wp-content\/uploads\/2025\/10\/SJ-Gauge_Compact_Diffrential_Pressure_Trasnmitter_L.jpg","datePublished":"2025-10-30T07:33:46+00:00","dateModified":"2026-04-03T05:46:30+00:00","description":"Transmisor de presi\u00f3n diferencial inteligente MSSMP131-DLD de dise\u00f1o compacto, con tecnolog\u00eda de sensor avanzada, correcci\u00f3n lineal autom\u00e1tica y compensaci\u00f3n de temperatura para una alta precisi\u00f3n y un rendimiento estable en aplicaciones industriales.","breadcrumb":{"@id":"https:\/\/www.sj-gauge.com\/product\/mssmp131-dld\/#breadcrumb"},"inLanguage":"es","potentialAction":[{"@type":"ReadAction","target":["https:\/\/www.sj-gauge.com\/product\/mssmp131-dld\/"]}]},{"@type":"ImageObject","inLanguage":"es","@id":"https:\/\/www.sj-gauge.com\/product\/mssmp131-dld\/#primaryimage","url":"https:\/\/www.sj-gauge.com\/wp-content\/uploads\/2025\/10\/SJ-Gauge_Compact_Diffrential_Pressure_Trasnmitter_L.jpg","contentUrl":"https:\/\/www.sj-gauge.com\/wp-content\/uploads\/2025\/10\/SJ-Gauge_Compact_Diffrential_Pressure_Trasnmitter_L.jpg","width":1200,"height":1000},{"@type":"BreadcrumbList","@id":"https:\/\/www.sj-gauge.com\/product\/mssmp131-dld\/#breadcrumb","itemListElement":[{"@type":"ListItem","position":1,"name":"Home","item":"https:\/\/www.sj-gauge.com\/"},{"@type":"ListItem","position":2,"name":"Products","item":"https:\/\/www.sj-gauge.com\/products\/"},{"@type":"ListItem","position":3,"name":"Smart Pressure Transmitter, Compact, Differential Pressure"}]},{"@type":"WebSite","@id":"https:\/\/www.sj-gauge.com\/#website","url":"https:\/\/www.sj-gauge.com\/","name":"Su experto en Transmisores de presi\u00f3n, temperatura e inteligentes - SJ Gauge","description":"Fabricante de man\u00f3metros industriales, sensores de presi\u00f3n y transmisores. SJ Gauge ofrece alta precisi\u00f3n, materiales duraderos y soluciones personalizadas para aplicaciones de petr\u00f3leo y gas, qu\u00edmicas e industriales.","publisher":{"@id":"https:\/\/www.sj-gauge.com\/#organization"},"potentialAction":[{"@type":"SearchAction","target":{"@type":"EntryPoint","urlTemplate":"https:\/\/www.sj-gauge.com\/?s={search_term_string}"},"query-input":{"@type":"PropertyValueSpecification","valueRequired":true,"valueName":"search_term_string"}}],"inLanguage":"es"},{"@type":"Organization","@id":"https:\/\/www.sj-gauge.com\/#organization","name":"Su experto en Transmisores de presi\u00f3n, temperatura e inteligentes - SJ Gauge","url":"https:\/\/www.sj-gauge.com\/","logo":{"@type":"ImageObject","inLanguage":"es","@id":"https:\/\/www.sj-gauge.com\/#\/schema\/logo\/image\/","url":"https:\/\/www.sj-gauge.com\/wp-content\/uploads\/2025\/09\/logo.webp","contentUrl":"https:\/\/www.sj-gauge.com\/wp-content\/uploads\/2025\/09\/logo.webp","width":348,"height":184,"caption":"Your Expert in Pressure Temp and Smart Transmitters - SJ Gauge"},"image":{"@id":"https:\/\/www.sj-gauge.com\/#\/schema\/logo\/image\/"}}]}},"_links":{"self":[{"href":"https:\/\/www.sj-gauge.com\/es\/wp-json\/wp\/v2\/product\/1388","targetHints":{"allow":["GET"]}}],"collection":[{"href":"https:\/\/www.sj-gauge.com\/es\/wp-json\/wp\/v2\/product"}],"about":[{"href":"https:\/\/www.sj-gauge.com\/es\/wp-json\/wp\/v2\/types\/product"}],"wp:featuredmedia":[{"embeddable":true,"href":"https:\/\/www.sj-gauge.com\/es\/wp-json\/wp\/v2\/media\/1390"}],"wp:attachment":[{"href":"https:\/\/www.sj-gauge.com\/es\/wp-json\/wp\/v2\/media?parent=1388"}],"wp:term":[{"taxonomy":"product_brand","embeddable":true,"href":"https:\/\/www.sj-gauge.com\/es\/wp-json\/wp\/v2\/product_brand?post=1388"},{"taxonomy":"product_cat","embeddable":true,"href":"https:\/\/www.sj-gauge.com\/es\/wp-json\/wp\/v2\/product_cat?post=1388"},{"taxonomy":"product_tag","embeddable":true,"href":"https:\/\/www.sj-gauge.com\/es\/wp-json\/wp\/v2\/product_tag?post=1388"}],"curies":[{"name":"wp","href":"https:\/\/api.w.org\/{rel}","templated":true}]}}