{"id":1394,"date":"2025-10-30T16:15:44","date_gmt":"2025-10-30T08:15:44","guid":{"rendered":"https:\/\/sj-gauge.com\/?post_type=product&#038;p=1394"},"modified":"2026-04-04T11:27:33","modified_gmt":"2026-04-04T03:27:33","slug":"msps131-tsr","status":"publish","type":"product","link":"https:\/\/www.sj-gauge.com\/es\/producto\/msps131-tsr\/","title":{"rendered":"Presostato, electr\u00f3nico"},"content":{"rendered":"<p>Este presostato electr\u00f3nico presenta un dise\u00f1o sencillo y robusto, que ofrece un funcionamiento sencillo, una elevada capacidad de sobrecarga y una gran precisi\u00f3n de medici\u00f3n. Est\u00e1 equipado con una pantalla OLED que admite una rotaci\u00f3n horizontal de 180\u00b0 para una visualizaci\u00f3n flexible en varias orientaciones de instalaci\u00f3n. El modelo ofrece especificaciones equivalentes al WIKA PSD-30, por lo que es adecuado para la automatizaci\u00f3n industrial, los sistemas hidr\u00e1ulicos y la supervisi\u00f3n de la presi\u00f3n de la maquinaria. Certificado con CE y RoHS y respaldado por una garant\u00eda de un a\u00f1o con opciones de personalizaci\u00f3n, es una soluci\u00f3n excelente para aplicaciones de conmutaci\u00f3n de presi\u00f3n fiables y f\u00e1ciles de usar.<\/p>","protected":false},"excerpt":{"rendered":"<ul>\n<li>Estructura simple, f\u00e1cil de manejar, alta sobrecarga, alta precisi\u00f3n<\/li>\n<li>La funci\u00f3n de pantalla OLED puede rotar 180\u00b0 horizontalmente para facilitar la observaci\u00f3n<\/li>\n<li>Como alternativa, tiene especificaciones correspondientes a WIKA PSD30<\/li>\n<\/ul>","protected":false},"featured_media":1392,"template":"","meta":{"_acf_changed":false},"product_brand":[40],"product_cat":[41,15],"product_tag":[],"class_list":{"0":"post-1394","1":"product","2":"type-product","3":"status-publish","4":"has-post-thumbnail","6":"product_brand-sj-gauge","7":"product_cat-pressure-instruments","8":"product_cat-pressure-sensors","10":"first","11":"instock","12":"shipping-taxable","13":"product-type-simple"},"acf":[],"yoast_head":"<!-- This site is optimized with the Yoast SEO Premium plugin v26.7 (Yoast SEO v27.4) - https:\/\/yoast.com\/product\/yoast-seo-premium-wordpress\/ -->\n<title>Electronic Pressure Switch | OLED Display | High Accuracy | SJ Gauge<\/title>\n<meta name=\"description\" content=\"MSPS131-TSR electronic pressure switch with simple and robust design, offering high accuracy and strong overload capability. Equipped with an OLED display supporting 180\u00b0 rotation for easy viewing. Ideal for industrial automation and pressure monitoring applications.\" \/>\n<meta name=\"robots\" content=\"index, follow, max-snippet:-1, max-image-preview:large, max-video-preview:-1\" \/>\n<link rel=\"canonical\" href=\"https:\/\/www.sj-gauge.com\/es\/producto\/msps131-tsr\/\" \/>\n<meta property=\"og:locale\" content=\"es_ES\" \/>\n<meta property=\"og:type\" content=\"article\" \/>\n<meta property=\"og:title\" content=\"Pressure Switch, Electronic\" \/>\n<meta property=\"og:description\" content=\"MSPS131-TSR electronic pressure switch with simple and robust design, offering high accuracy and strong overload capability. Equipped with an OLED display supporting 180\u00b0 rotation for easy viewing. Ideal for industrial automation and pressure monitoring applications.\" \/>\n<meta property=\"og:url\" content=\"https:\/\/www.sj-gauge.com\/es\/producto\/msps131-tsr\/\" \/>\n<meta property=\"og:site_name\" content=\"SJ Gauge | Pressure Gauges, Thermometers &amp; Pressure Sensors\" \/>\n<meta property=\"article:modified_time\" content=\"2026-04-04T03:27:33+00:00\" \/>\n<meta property=\"og:image\" content=\"https:\/\/www.sj-gauge.com\/wp-content\/uploads\/2025\/10\/SJ-Gauge_Pressure_Switch_for_Transmitter_L.jpg\" \/>\n\t<meta property=\"og:image:width\" content=\"1200\" \/>\n\t<meta property=\"og:image:height\" content=\"1000\" \/>\n\t<meta property=\"og:image:type\" content=\"image\/jpeg\" \/>\n<meta name=\"twitter:card\" content=\"summary_large_image\" \/>\n<meta name=\"twitter:label1\" content=\"Tiempo de lectura\" \/>\n\t<meta name=\"twitter:data1\" content=\"1 minuto\" \/>\n<script type=\"application\/ld+json\" class=\"yoast-schema-graph\">{\"@context\":\"https:\\\/\\\/schema.org\",\"@graph\":[{\"@type\":\"WebPage\",\"@id\":\"https:\\\/\\\/www.sj-gauge.com\\\/product\\\/msps131-tsr\\\/\",\"url\":\"https:\\\/\\\/www.sj-gauge.com\\\/product\\\/msps131-tsr\\\/\",\"name\":\"Electronic Pressure Switch | OLED Display | High Accuracy | SJ Gauge\",\"isPartOf\":{\"@id\":\"https:\\\/\\\/www.sj-gauge.com\\\/#website\"},\"primaryImageOfPage\":{\"@id\":\"https:\\\/\\\/www.sj-gauge.com\\\/product\\\/msps131-tsr\\\/#primaryimage\"},\"image\":{\"@id\":\"https:\\\/\\\/www.sj-gauge.com\\\/product\\\/msps131-tsr\\\/#primaryimage\"},\"thumbnailUrl\":\"https:\\\/\\\/www.sj-gauge.com\\\/wp-content\\\/uploads\\\/2025\\\/10\\\/SJ-Gauge_Pressure_Switch_for_Transmitter_L.jpg\",\"datePublished\":\"2025-10-30T08:15:44+00:00\",\"dateModified\":\"2026-04-04T03:27:33+00:00\",\"description\":\"MSPS131-TSR electronic pressure switch with simple and robust design, offering high accuracy and strong overload capability. Equipped with an OLED display supporting 180\u00b0 rotation for easy viewing. Ideal for industrial automation and pressure monitoring applications.\",\"breadcrumb\":{\"@id\":\"https:\\\/\\\/www.sj-gauge.com\\\/product\\\/msps131-tsr\\\/#breadcrumb\"},\"inLanguage\":\"es\",\"potentialAction\":[{\"@type\":\"ReadAction\",\"target\":[\"https:\\\/\\\/www.sj-gauge.com\\\/product\\\/msps131-tsr\\\/\"]}]},{\"@type\":\"ImageObject\",\"inLanguage\":\"es\",\"@id\":\"https:\\\/\\\/www.sj-gauge.com\\\/product\\\/msps131-tsr\\\/#primaryimage\",\"url\":\"https:\\\/\\\/www.sj-gauge.com\\\/wp-content\\\/uploads\\\/2025\\\/10\\\/SJ-Gauge_Pressure_Switch_for_Transmitter_L.jpg\",\"contentUrl\":\"https:\\\/\\\/www.sj-gauge.com\\\/wp-content\\\/uploads\\\/2025\\\/10\\\/SJ-Gauge_Pressure_Switch_for_Transmitter_L.jpg\",\"width\":1200,\"height\":1000},{\"@type\":\"BreadcrumbList\",\"@id\":\"https:\\\/\\\/www.sj-gauge.com\\\/product\\\/msps131-tsr\\\/#breadcrumb\",\"itemListElement\":[{\"@type\":\"ListItem\",\"position\":1,\"name\":\"Home\",\"item\":\"https:\\\/\\\/www.sj-gauge.com\\\/\"},{\"@type\":\"ListItem\",\"position\":2,\"name\":\"Products\",\"item\":\"https:\\\/\\\/www.sj-gauge.com\\\/products\\\/\"},{\"@type\":\"ListItem\",\"position\":3,\"name\":\"Pressure Switch, Electronic\"}]},{\"@type\":\"WebSite\",\"@id\":\"https:\\\/\\\/www.sj-gauge.com\\\/#website\",\"url\":\"https:\\\/\\\/www.sj-gauge.com\\\/\",\"name\":\"SJ Gauge | Pressure Gauges, Thermometers &amp; Pressure Sensors\",\"description\":\"Manufacturer of industrial pressure gauges, pressure sensors, and transmitters. SJ Gauge provides high accuracy, durable materials, and custom solutions for oil &amp; gas, chemical, and industrial applications.\",\"publisher\":{\"@id\":\"https:\\\/\\\/www.sj-gauge.com\\\/#organization\"},\"potentialAction\":[{\"@type\":\"SearchAction\",\"target\":{\"@type\":\"EntryPoint\",\"urlTemplate\":\"https:\\\/\\\/www.sj-gauge.com\\\/?s={search_term_string}\"},\"query-input\":{\"@type\":\"PropertyValueSpecification\",\"valueRequired\":true,\"valueName\":\"search_term_string\"}}],\"inLanguage\":\"es\"},{\"@type\":\"Organization\",\"@id\":\"https:\\\/\\\/www.sj-gauge.com\\\/#organization\",\"name\":\"SJ Gauge | Pressure Gauges, Thermometers &amp; Pressure Sensors\",\"url\":\"https:\\\/\\\/www.sj-gauge.com\\\/\",\"logo\":{\"@type\":\"ImageObject\",\"inLanguage\":\"es\",\"@id\":\"https:\\\/\\\/www.sj-gauge.com\\\/#\\\/schema\\\/logo\\\/image\\\/\",\"url\":\"https:\\\/\\\/www.sj-gauge.com\\\/wp-content\\\/uploads\\\/2025\\\/09\\\/logo.webp\",\"contentUrl\":\"https:\\\/\\\/www.sj-gauge.com\\\/wp-content\\\/uploads\\\/2025\\\/09\\\/logo.webp\",\"width\":348,\"height\":184,\"caption\":\"SJ Gauge | Pressure Gauges, Thermometers &amp; Pressure Sensors\"},\"image\":{\"@id\":\"https:\\\/\\\/www.sj-gauge.com\\\/#\\\/schema\\\/logo\\\/image\\\/\"}}]}<\/script>\n<!-- \/ Yoast SEO Premium plugin. -->","yoast_head_json":{"title":"Presostato electr\u00f3nico | Pantalla OLED | Alta precisi\u00f3n | Man\u00f3metro SJ","description":"Presostato electr\u00f3nico MSPS131-TSR de dise\u00f1o sencillo y robusto, que ofrece alta precisi\u00f3n y gran capacidad de sobrecarga. Equipado con una pantalla OLED que admite una rotaci\u00f3n de 180\u00b0 para facilitar la visualizaci\u00f3n. Ideal para aplicaciones de automatizaci\u00f3n industrial y control de la presi\u00f3n.","robots":{"index":"index","follow":"follow","max-snippet":"max-snippet:-1","max-image-preview":"max-image-preview:large","max-video-preview":"max-video-preview:-1"},"canonical":"https:\/\/www.sj-gauge.com\/es\/producto\/msps131-tsr\/","og_locale":"es_ES","og_type":"article","og_title":"Pressure Switch, Electronic","og_description":"MSPS131-TSR electronic pressure switch with simple and robust design, offering high accuracy and strong overload capability. Equipped with an OLED display supporting 180\u00b0 rotation for easy viewing. Ideal for industrial automation and pressure monitoring applications.","og_url":"https:\/\/www.sj-gauge.com\/es\/producto\/msps131-tsr\/","og_site_name":"SJ Gauge | Pressure Gauges, Thermometers &amp; Pressure Sensors","article_modified_time":"2026-04-04T03:27:33+00:00","og_image":[{"width":1200,"height":1000,"url":"https:\/\/www.sj-gauge.com\/wp-content\/uploads\/2025\/10\/SJ-Gauge_Pressure_Switch_for_Transmitter_L.jpg","type":"image\/jpeg"}],"twitter_card":"summary_large_image","twitter_misc":{"Tiempo de lectura":"1 minuto"},"schema":{"@context":"https:\/\/schema.org","@graph":[{"@type":"WebPage","@id":"https:\/\/www.sj-gauge.com\/product\/msps131-tsr\/","url":"https:\/\/www.sj-gauge.com\/product\/msps131-tsr\/","name":"Presostato electr\u00f3nico | Pantalla OLED | Alta precisi\u00f3n | Man\u00f3metro SJ","isPartOf":{"@id":"https:\/\/www.sj-gauge.com\/#website"},"primaryImageOfPage":{"@id":"https:\/\/www.sj-gauge.com\/product\/msps131-tsr\/#primaryimage"},"image":{"@id":"https:\/\/www.sj-gauge.com\/product\/msps131-tsr\/#primaryimage"},"thumbnailUrl":"https:\/\/www.sj-gauge.com\/wp-content\/uploads\/2025\/10\/SJ-Gauge_Pressure_Switch_for_Transmitter_L.jpg","datePublished":"2025-10-30T08:15:44+00:00","dateModified":"2026-04-04T03:27:33+00:00","description":"Presostato electr\u00f3nico MSPS131-TSR de dise\u00f1o sencillo y robusto, que ofrece alta precisi\u00f3n y gran capacidad de sobrecarga. Equipado con una pantalla OLED que admite una rotaci\u00f3n de 180\u00b0 para facilitar la visualizaci\u00f3n. Ideal para aplicaciones de automatizaci\u00f3n industrial y control de la presi\u00f3n.","breadcrumb":{"@id":"https:\/\/www.sj-gauge.com\/product\/msps131-tsr\/#breadcrumb"},"inLanguage":"es","potentialAction":[{"@type":"ReadAction","target":["https:\/\/www.sj-gauge.com\/product\/msps131-tsr\/"]}]},{"@type":"ImageObject","inLanguage":"es","@id":"https:\/\/www.sj-gauge.com\/product\/msps131-tsr\/#primaryimage","url":"https:\/\/www.sj-gauge.com\/wp-content\/uploads\/2025\/10\/SJ-Gauge_Pressure_Switch_for_Transmitter_L.jpg","contentUrl":"https:\/\/www.sj-gauge.com\/wp-content\/uploads\/2025\/10\/SJ-Gauge_Pressure_Switch_for_Transmitter_L.jpg","width":1200,"height":1000},{"@type":"BreadcrumbList","@id":"https:\/\/www.sj-gauge.com\/product\/msps131-tsr\/#breadcrumb","itemListElement":[{"@type":"ListItem","position":1,"name":"Home","item":"https:\/\/www.sj-gauge.com\/"},{"@type":"ListItem","position":2,"name":"Products","item":"https:\/\/www.sj-gauge.com\/products\/"},{"@type":"ListItem","position":3,"name":"Pressure Switch, Electronic"}]},{"@type":"WebSite","@id":"https:\/\/www.sj-gauge.com\/#website","url":"https:\/\/www.sj-gauge.com\/","name":"SJ Gauge | Man\u00f3metros, term\u00f3metros y sensores de presi\u00f3n","description":"Fabricante de man\u00f3metros industriales, sensores de presi\u00f3n y transmisores. SJ Gauge ofrece alta precisi\u00f3n, materiales duraderos y soluciones personalizadas para aplicaciones de petr\u00f3leo y gas, qu\u00edmicas e industriales.","publisher":{"@id":"https:\/\/www.sj-gauge.com\/#organization"},"potentialAction":[{"@type":"SearchAction","target":{"@type":"EntryPoint","urlTemplate":"https:\/\/www.sj-gauge.com\/?s={search_term_string}"},"query-input":{"@type":"PropertyValueSpecification","valueRequired":true,"valueName":"search_term_string"}}],"inLanguage":"es"},{"@type":"Organization","@id":"https:\/\/www.sj-gauge.com\/#organization","name":"SJ Gauge | Man\u00f3metros, term\u00f3metros y sensores de presi\u00f3n","url":"https:\/\/www.sj-gauge.com\/","logo":{"@type":"ImageObject","inLanguage":"es","@id":"https:\/\/www.sj-gauge.com\/#\/schema\/logo\/image\/","url":"https:\/\/www.sj-gauge.com\/wp-content\/uploads\/2025\/09\/logo.webp","contentUrl":"https:\/\/www.sj-gauge.com\/wp-content\/uploads\/2025\/09\/logo.webp","width":348,"height":184,"caption":"SJ Gauge | Pressure Gauges, Thermometers &amp; Pressure Sensors"},"image":{"@id":"https:\/\/www.sj-gauge.com\/#\/schema\/logo\/image\/"}}]}},"_links":{"self":[{"href":"https:\/\/www.sj-gauge.com\/es\/wp-json\/wp\/v2\/product\/1394","targetHints":{"allow":["GET"]}}],"collection":[{"href":"https:\/\/www.sj-gauge.com\/es\/wp-json\/wp\/v2\/product"}],"about":[{"href":"https:\/\/www.sj-gauge.com\/es\/wp-json\/wp\/v2\/types\/product"}],"wp:featuredmedia":[{"embeddable":true,"href":"https:\/\/www.sj-gauge.com\/es\/wp-json\/wp\/v2\/media\/1392"}],"wp:attachment":[{"href":"https:\/\/www.sj-gauge.com\/es\/wp-json\/wp\/v2\/media?parent=1394"}],"wp:term":[{"taxonomy":"product_brand","embeddable":true,"href":"https:\/\/www.sj-gauge.com\/es\/wp-json\/wp\/v2\/product_brand?post=1394"},{"taxonomy":"product_cat","embeddable":true,"href":"https:\/\/www.sj-gauge.com\/es\/wp-json\/wp\/v2\/product_cat?post=1394"},{"taxonomy":"product_tag","embeddable":true,"href":"https:\/\/www.sj-gauge.com\/es\/wp-json\/wp\/v2\/product_tag?post=1394"}],"curies":[{"name":"wp","href":"https:\/\/api.w.org\/{rel}","templated":true}]}}