{"id":1398,"date":"2025-10-30T16:51:05","date_gmt":"2025-10-30T08:51:05","guid":{"rendered":"https:\/\/sj-gauge.com\/?post_type=product&#038;p=1398"},"modified":"2026-05-08T17:11:58","modified_gmt":"2026-05-08T09:11:58","slug":"vmept1020","status":"publish","type":"product","link":"https:\/\/www.sj-gauge.com\/es\/producto\/vmept1020\/","title":{"rendered":"Transmisor de presi\u00f3n industrial general"},"content":{"rendered":"<p>La serie VMEPT1020 es un transmisor de presi\u00f3n OEM de alto rendimiento construido con una duradera carcasa de acero inoxidable, que ofrece un amplio rango de medici\u00f3n de 50 mbar a 600 bar. Admite tanto presi\u00f3n manom\u00e9trica como absoluta, y dispone de calibraci\u00f3n precisa y compensaci\u00f3n de temperatura para una excelente precisi\u00f3n (hasta \u00b10,25%FS t\u00edpica). Disponible en m\u00faltiples opciones de salida -4-20 mA, 1-5 V, 0,5-4,5 V, RS485-, garantiza una f\u00e1cil integraci\u00f3n en diversos sistemas de control. Dise\u00f1ado para sistemas hidr\u00e1ulicos y neum\u00e1ticos, construcci\u00f3n de maquinaria, bombas, tratamiento de aguas, HVAC y refrigeraci\u00f3n, y control de compresores de aire.<\/p>","protected":false},"excerpt":{"rendered":"<ul>\n<li>Rangos de medici\u00f3n de 100 mbar a 600 bar<\/li>\n<li>Precisi\u00f3n: \u00b10,2% FSO (m\u00edn.), \u00b10,25% FSO (t\u00edp.)<\/li>\n<li>Calibrado y con compensaci\u00f3n de temperatura<\/li>\n<\/ul>","protected":false},"featured_media":1402,"template":"","meta":{"_acf_changed":false},"product_brand":[40],"product_cat":[41,15],"product_tag":[],"class_list":{"0":"post-1398","1":"product","2":"type-product","3":"status-publish","4":"has-post-thumbnail","6":"product_brand-sj-gauge","7":"product_cat-pressure-instruments","8":"product_cat-pressure-sensors","10":"first","11":"instock","12":"shipping-taxable","13":"product-type-simple"},"acf":[],"yoast_head":"<!-- This site is optimized with the Yoast SEO Premium plugin v26.7 (Yoast SEO v27.4) - https:\/\/yoast.com\/product\/yoast-seo-premium-wordpress\/ -->\n<title>General Purpose Gauge Pressure Transmitter | 100mbar\u2013600bar | SJ Gauge<\/title>\n<meta name=\"description\" content=\"VMEPT1020 general purpose gauge pressure transmitter designed for OEM and industrial applications, offering stable measurement, multiple output options, and reliable performance from 100mbar to 600bar.\" \/>\n<meta name=\"robots\" content=\"index, follow, max-snippet:-1, max-image-preview:large, max-video-preview:-1\" \/>\n<link rel=\"canonical\" href=\"https:\/\/www.sj-gauge.com\/es\/producto\/vmept1020\/\" \/>\n<meta property=\"og:locale\" content=\"es_ES\" \/>\n<meta property=\"og:type\" content=\"article\" \/>\n<meta property=\"og:title\" content=\"General Industrial Pressure Transmitter\" \/>\n<meta property=\"og:description\" content=\"VMEPT1020 general purpose gauge pressure transmitter designed for OEM and industrial applications, offering stable measurement, multiple output options, and reliable performance from 100mbar to 600bar.\" \/>\n<meta property=\"og:url\" content=\"https:\/\/www.sj-gauge.com\/es\/producto\/vmept1020\/\" \/>\n<meta property=\"og:site_name\" content=\"SJ Gauge | Pressure Gauges, Thermometers &amp; Pressure Sensors\" \/>\n<meta property=\"article:modified_time\" content=\"2026-05-08T09:11:58+00:00\" \/>\n<meta property=\"og:image\" content=\"https:\/\/www.sj-gauge.com\/wp-content\/uploads\/2025\/10\/SJ-Gauge-VMEPT1020-pressure-transmitter-oil-gas-industry.jpg\" \/>\n\t<meta property=\"og:image:width\" content=\"1200\" \/>\n\t<meta property=\"og:image:height\" content=\"1000\" \/>\n\t<meta property=\"og:image:type\" content=\"image\/jpeg\" \/>\n<meta name=\"twitter:card\" content=\"summary_large_image\" \/>\n<meta name=\"twitter:label1\" content=\"Tiempo de lectura\" \/>\n\t<meta name=\"twitter:data1\" content=\"1 minuto\" \/>\n<script type=\"application\/ld+json\" class=\"yoast-schema-graph\">{\"@context\":\"https:\\\/\\\/schema.org\",\"@graph\":[{\"@type\":\"WebPage\",\"@id\":\"https:\\\/\\\/www.sj-gauge.com\\\/product\\\/vmept1020\\\/\",\"url\":\"https:\\\/\\\/www.sj-gauge.com\\\/product\\\/vmept1020\\\/\",\"name\":\"General Purpose Gauge Pressure Transmitter | 100mbar\u2013600bar | SJ Gauge\",\"isPartOf\":{\"@id\":\"https:\\\/\\\/www.sj-gauge.com\\\/#website\"},\"primaryImageOfPage\":{\"@id\":\"https:\\\/\\\/www.sj-gauge.com\\\/product\\\/vmept1020\\\/#primaryimage\"},\"image\":{\"@id\":\"https:\\\/\\\/www.sj-gauge.com\\\/product\\\/vmept1020\\\/#primaryimage\"},\"thumbnailUrl\":\"https:\\\/\\\/www.sj-gauge.com\\\/wp-content\\\/uploads\\\/2025\\\/10\\\/SJ-Gauge-VMEPT1020-pressure-transmitter-oil-gas-industry.jpg\",\"datePublished\":\"2025-10-30T08:51:05+00:00\",\"dateModified\":\"2026-05-08T09:11:58+00:00\",\"description\":\"VMEPT1020 general purpose gauge pressure transmitter designed for OEM and industrial applications, offering stable measurement, multiple output options, and reliable performance from 100mbar to 600bar.\",\"breadcrumb\":{\"@id\":\"https:\\\/\\\/www.sj-gauge.com\\\/product\\\/vmept1020\\\/#breadcrumb\"},\"inLanguage\":\"es\",\"potentialAction\":[{\"@type\":\"ReadAction\",\"target\":[\"https:\\\/\\\/www.sj-gauge.com\\\/product\\\/vmept1020\\\/\"]}]},{\"@type\":\"ImageObject\",\"inLanguage\":\"es\",\"@id\":\"https:\\\/\\\/www.sj-gauge.com\\\/product\\\/vmept1020\\\/#primaryimage\",\"url\":\"https:\\\/\\\/www.sj-gauge.com\\\/wp-content\\\/uploads\\\/2025\\\/10\\\/SJ-Gauge-VMEPT1020-pressure-transmitter-oil-gas-industry.jpg\",\"contentUrl\":\"https:\\\/\\\/www.sj-gauge.com\\\/wp-content\\\/uploads\\\/2025\\\/10\\\/SJ-Gauge-VMEPT1020-pressure-transmitter-oil-gas-industry.jpg\",\"width\":1200,\"height\":1000},{\"@type\":\"BreadcrumbList\",\"@id\":\"https:\\\/\\\/www.sj-gauge.com\\\/product\\\/vmept1020\\\/#breadcrumb\",\"itemListElement\":[{\"@type\":\"ListItem\",\"position\":1,\"name\":\"Home\",\"item\":\"https:\\\/\\\/www.sj-gauge.com\\\/\"},{\"@type\":\"ListItem\",\"position\":2,\"name\":\"Products\",\"item\":\"https:\\\/\\\/www.sj-gauge.com\\\/products\\\/\"},{\"@type\":\"ListItem\",\"position\":3,\"name\":\"General Industrial Pressure Transmitter\"}]},{\"@type\":\"WebSite\",\"@id\":\"https:\\\/\\\/www.sj-gauge.com\\\/#website\",\"url\":\"https:\\\/\\\/www.sj-gauge.com\\\/\",\"name\":\"SJ Gauge | Pressure Gauges, Thermometers &amp; Pressure Sensors\",\"description\":\"Manufacturer of industrial pressure gauges, pressure sensors, and transmitters. SJ Gauge provides high accuracy, durable materials, and custom solutions for oil &amp; gas, chemical, and industrial applications.\",\"publisher\":{\"@id\":\"https:\\\/\\\/www.sj-gauge.com\\\/#organization\"},\"potentialAction\":[{\"@type\":\"SearchAction\",\"target\":{\"@type\":\"EntryPoint\",\"urlTemplate\":\"https:\\\/\\\/www.sj-gauge.com\\\/?s={search_term_string}\"},\"query-input\":{\"@type\":\"PropertyValueSpecification\",\"valueRequired\":true,\"valueName\":\"search_term_string\"}}],\"inLanguage\":\"es\"},{\"@type\":\"Organization\",\"@id\":\"https:\\\/\\\/www.sj-gauge.com\\\/#organization\",\"name\":\"SJ Gauge | Pressure Gauges, Thermometers &amp; Pressure Sensors\",\"url\":\"https:\\\/\\\/www.sj-gauge.com\\\/\",\"logo\":{\"@type\":\"ImageObject\",\"inLanguage\":\"es\",\"@id\":\"https:\\\/\\\/www.sj-gauge.com\\\/#\\\/schema\\\/logo\\\/image\\\/\",\"url\":\"https:\\\/\\\/www.sj-gauge.com\\\/wp-content\\\/uploads\\\/2025\\\/09\\\/logo.webp\",\"contentUrl\":\"https:\\\/\\\/www.sj-gauge.com\\\/wp-content\\\/uploads\\\/2025\\\/09\\\/logo.webp\",\"width\":348,\"height\":184,\"caption\":\"SJ Gauge | Pressure Gauges, Thermometers &amp; Pressure Sensors\"},\"image\":{\"@id\":\"https:\\\/\\\/www.sj-gauge.com\\\/#\\\/schema\\\/logo\\\/image\\\/\"}}]}<\/script>\n<!-- \/ Yoast SEO Premium plugin. -->","yoast_head_json":{"title":"Transmisor de presi\u00f3n con man\u00f3metro de uso general | 100mbar-600bar | Man\u00f3metro SJ","description":"Transmisor de presi\u00f3n manom\u00e9trica de uso general VMEPT1020 dise\u00f1ado para aplicaciones OEM e industriales, que ofrece una medici\u00f3n estable, m\u00faltiples opciones de salida y un rendimiento fiable de 100 mbar a 600 bar.","robots":{"index":"index","follow":"follow","max-snippet":"max-snippet:-1","max-image-preview":"max-image-preview:large","max-video-preview":"max-video-preview:-1"},"canonical":"https:\/\/www.sj-gauge.com\/es\/producto\/vmept1020\/","og_locale":"es_ES","og_type":"article","og_title":"General Industrial Pressure Transmitter","og_description":"VMEPT1020 general purpose gauge pressure transmitter designed for OEM and industrial applications, offering stable measurement, multiple output options, and reliable performance from 100mbar to 600bar.","og_url":"https:\/\/www.sj-gauge.com\/es\/producto\/vmept1020\/","og_site_name":"SJ Gauge | Pressure Gauges, Thermometers &amp; Pressure Sensors","article_modified_time":"2026-05-08T09:11:58+00:00","og_image":[{"width":1200,"height":1000,"url":"https:\/\/www.sj-gauge.com\/wp-content\/uploads\/2025\/10\/SJ-Gauge-VMEPT1020-pressure-transmitter-oil-gas-industry.jpg","type":"image\/jpeg"}],"twitter_card":"summary_large_image","twitter_misc":{"Tiempo de lectura":"1 minuto"},"schema":{"@context":"https:\/\/schema.org","@graph":[{"@type":"WebPage","@id":"https:\/\/www.sj-gauge.com\/product\/vmept1020\/","url":"https:\/\/www.sj-gauge.com\/product\/vmept1020\/","name":"Transmisor de presi\u00f3n con man\u00f3metro de uso general | 100mbar-600bar | Man\u00f3metro SJ","isPartOf":{"@id":"https:\/\/www.sj-gauge.com\/#website"},"primaryImageOfPage":{"@id":"https:\/\/www.sj-gauge.com\/product\/vmept1020\/#primaryimage"},"image":{"@id":"https:\/\/www.sj-gauge.com\/product\/vmept1020\/#primaryimage"},"thumbnailUrl":"https:\/\/www.sj-gauge.com\/wp-content\/uploads\/2025\/10\/SJ-Gauge-VMEPT1020-pressure-transmitter-oil-gas-industry.jpg","datePublished":"2025-10-30T08:51:05+00:00","dateModified":"2026-05-08T09:11:58+00:00","description":"Transmisor de presi\u00f3n manom\u00e9trica de uso general VMEPT1020 dise\u00f1ado para aplicaciones OEM e industriales, que ofrece una medici\u00f3n estable, m\u00faltiples opciones de salida y un rendimiento fiable de 100 mbar a 600 bar.","breadcrumb":{"@id":"https:\/\/www.sj-gauge.com\/product\/vmept1020\/#breadcrumb"},"inLanguage":"es","potentialAction":[{"@type":"ReadAction","target":["https:\/\/www.sj-gauge.com\/product\/vmept1020\/"]}]},{"@type":"ImageObject","inLanguage":"es","@id":"https:\/\/www.sj-gauge.com\/product\/vmept1020\/#primaryimage","url":"https:\/\/www.sj-gauge.com\/wp-content\/uploads\/2025\/10\/SJ-Gauge-VMEPT1020-pressure-transmitter-oil-gas-industry.jpg","contentUrl":"https:\/\/www.sj-gauge.com\/wp-content\/uploads\/2025\/10\/SJ-Gauge-VMEPT1020-pressure-transmitter-oil-gas-industry.jpg","width":1200,"height":1000},{"@type":"BreadcrumbList","@id":"https:\/\/www.sj-gauge.com\/product\/vmept1020\/#breadcrumb","itemListElement":[{"@type":"ListItem","position":1,"name":"Home","item":"https:\/\/www.sj-gauge.com\/"},{"@type":"ListItem","position":2,"name":"Products","item":"https:\/\/www.sj-gauge.com\/products\/"},{"@type":"ListItem","position":3,"name":"General Industrial Pressure Transmitter"}]},{"@type":"WebSite","@id":"https:\/\/www.sj-gauge.com\/#website","url":"https:\/\/www.sj-gauge.com\/","name":"SJ Gauge | Man\u00f3metros, term\u00f3metros y sensores de presi\u00f3n","description":"Fabricante de man\u00f3metros industriales, sensores de presi\u00f3n y transmisores. SJ Gauge ofrece alta precisi\u00f3n, materiales duraderos y soluciones personalizadas para aplicaciones de petr\u00f3leo y gas, qu\u00edmicas e industriales.","publisher":{"@id":"https:\/\/www.sj-gauge.com\/#organization"},"potentialAction":[{"@type":"SearchAction","target":{"@type":"EntryPoint","urlTemplate":"https:\/\/www.sj-gauge.com\/?s={search_term_string}"},"query-input":{"@type":"PropertyValueSpecification","valueRequired":true,"valueName":"search_term_string"}}],"inLanguage":"es"},{"@type":"Organization","@id":"https:\/\/www.sj-gauge.com\/#organization","name":"SJ Gauge | Man\u00f3metros, term\u00f3metros y sensores de presi\u00f3n","url":"https:\/\/www.sj-gauge.com\/","logo":{"@type":"ImageObject","inLanguage":"es","@id":"https:\/\/www.sj-gauge.com\/#\/schema\/logo\/image\/","url":"https:\/\/www.sj-gauge.com\/wp-content\/uploads\/2025\/09\/logo.webp","contentUrl":"https:\/\/www.sj-gauge.com\/wp-content\/uploads\/2025\/09\/logo.webp","width":348,"height":184,"caption":"SJ Gauge | Pressure Gauges, Thermometers &amp; Pressure Sensors"},"image":{"@id":"https:\/\/www.sj-gauge.com\/#\/schema\/logo\/image\/"}}]}},"_links":{"self":[{"href":"https:\/\/www.sj-gauge.com\/es\/wp-json\/wp\/v2\/product\/1398","targetHints":{"allow":["GET"]}}],"collection":[{"href":"https:\/\/www.sj-gauge.com\/es\/wp-json\/wp\/v2\/product"}],"about":[{"href":"https:\/\/www.sj-gauge.com\/es\/wp-json\/wp\/v2\/types\/product"}],"wp:featuredmedia":[{"embeddable":true,"href":"https:\/\/www.sj-gauge.com\/es\/wp-json\/wp\/v2\/media\/1402"}],"wp:attachment":[{"href":"https:\/\/www.sj-gauge.com\/es\/wp-json\/wp\/v2\/media?parent=1398"}],"wp:term":[{"taxonomy":"product_brand","embeddable":true,"href":"https:\/\/www.sj-gauge.com\/es\/wp-json\/wp\/v2\/product_brand?post=1398"},{"taxonomy":"product_cat","embeddable":true,"href":"https:\/\/www.sj-gauge.com\/es\/wp-json\/wp\/v2\/product_cat?post=1398"},{"taxonomy":"product_tag","embeddable":true,"href":"https:\/\/www.sj-gauge.com\/es\/wp-json\/wp\/v2\/product_tag?post=1398"}],"curies":[{"name":"wp","href":"https:\/\/api.w.org\/{rel}","templated":true}]}}