{"id":1405,"date":"2025-10-30T16:58:04","date_gmt":"2025-10-30T08:58:04","guid":{"rendered":"https:\/\/sj-gauge.com\/?post_type=product&#038;p=1405"},"modified":"2026-03-26T17:46:45","modified_gmt":"2026-03-26T09:46:45","slug":"vmept1120-w","status":"publish","type":"product","link":"https:\/\/www.sj-gauge.com\/es\/producto\/vmept1120-w\/","title":{"rendered":"Transmisor de presi\u00f3n de diafragma rasante"},"content":{"rendered":"<p>El transmisor de presi\u00f3n de diafragma enrasado EPT1120-W est\u00e1 dise\u00f1ado espec\u00edficamente para medir medios dif\u00edciles, como fluidos viscosos, sustancias pastosas, materiales adhesivos y lodos cargados de part\u00edculas. Su robusta construcci\u00f3n totalmente soldada de acero inoxidable 316L con diafragmas de aislamiento montados a ras elimina todos los espacios muertos, lo que garantiza que el medio no quede atrapado y evita la contaminaci\u00f3n, una caracter\u00edstica cr\u00edtica para aplicaciones higi\u00e9nicas y propensas a atascos.<\/p>\n<p>En el n\u00facleo de su funcionamiento, el transmisor emplea una avanzada tecnolog\u00eda de sensor de silicio por difusi\u00f3n que aprovecha el efecto piezoresistivo para convertir con precisi\u00f3n la presi\u00f3n aplicada en una se\u00f1al el\u00e9ctrica. Esta tecnolog\u00eda ofrece una precisi\u00f3n superior (\u00b10,25% FS), una excelente estabilidad a largo plazo y una deriva de temperatura m\u00ednima (\u00b10,02% FS\/\u00b0C). La se\u00f1al de salida est\u00e1ndar de 4~20 mA con comunicaci\u00f3n HART\/RS485 opcional permite una integraci\u00f3n perfecta con los modernos sistemas de control para la supervisi\u00f3n y optimizaci\u00f3n de procesos en tiempo real.<\/p>\n<p>El EPT1120-W est\u00e1 disponible en una amplia selecci\u00f3n de rangos de presi\u00f3n (de 100 mbar a 600 bar) y configuraciones personalizables para satisfacer diversas demandas operativas. Dise\u00f1ado para entornos industriales hostiles, su carcasa compacta y robusta (hasta IP68) soporta lavados a alta presi\u00f3n y temperaturas extremas (-40\u00b0C a +125\u00b0C).<\/p>","protected":false},"excerpt":{"rendered":"<ul>\n<li>Excelente tecnolog\u00eda de soldadura de acero inoxidable y proceso de tratamiento de superficies<\/li>\n<li>Fuerte protecci\u00f3n con alta presi\u00f3n est\u00e1tica y alta sobrecarga<\/li>\n<li>El controlador manual HART o el software HART pueden realizar la configuraci\u00f3n de la informaci\u00f3n de medici\u00f3n de forma remota<\/li>\n<\/ul>","protected":false},"featured_media":1410,"template":"","meta":{"_acf_changed":false},"product_brand":[40],"product_cat":[41,15],"product_tag":[],"class_list":{"0":"post-1405","1":"product","2":"type-product","3":"status-publish","4":"has-post-thumbnail","6":"product_brand-sj-gauge","7":"product_cat-pressure-instruments","8":"product_cat-pressure-sensors","10":"first","11":"instock","12":"shipping-taxable","13":"product-type-simple"},"acf":[],"yoast_head":"<!-- This site is optimized with the Yoast SEO Premium plugin v26.7 (Yoast SEO v27.4) - https:\/\/yoast.com\/product\/yoast-seo-premium-wordpress\/ -->\n<title>Flush Diaphragm Pressure Transmitter with HART | Industrial Use | SJ Gauge<\/title>\n<meta name=\"description\" content=\"VMEPT1120-W flush diaphragm pressure transmitter with stainless steel construction and advanced welding technology. Designed for high static pressure and overload protection, supporting HART communication for remote configuration and monitoring.\" \/>\n<meta name=\"robots\" content=\"index, follow, max-snippet:-1, max-image-preview:large, max-video-preview:-1\" \/>\n<link rel=\"canonical\" href=\"https:\/\/www.sj-gauge.com\/es\/producto\/vmept1120-w\/\" \/>\n<meta property=\"og:locale\" content=\"es_ES\" \/>\n<meta property=\"og:type\" content=\"article\" \/>\n<meta property=\"og:title\" content=\"Flush Diaphragm Pressure Transmitter\" \/>\n<meta property=\"og:description\" content=\"VMEPT1120-W flush diaphragm pressure transmitter with stainless steel construction and advanced welding technology. Designed for high static pressure and overload protection, supporting HART communication for remote configuration and monitoring.\" \/>\n<meta property=\"og:url\" content=\"https:\/\/www.sj-gauge.com\/es\/producto\/vmept1120-w\/\" \/>\n<meta property=\"og:site_name\" content=\"SJ Gauge | Pressure Gauges, Thermometers &amp; Pressure Sensors\" \/>\n<meta property=\"article:modified_time\" content=\"2026-03-26T09:46:45+00:00\" \/>\n<meta property=\"og:image\" content=\"https:\/\/www.sj-gauge.com\/wp-content\/uploads\/2025\/10\/SJ-Gauge-picture-ept1120-w-g1-2-din43650.jpg\" \/>\n\t<meta property=\"og:image:width\" content=\"1200\" \/>\n\t<meta property=\"og:image:height\" content=\"1000\" \/>\n\t<meta property=\"og:image:type\" content=\"image\/jpeg\" \/>\n<meta name=\"twitter:card\" content=\"summary_large_image\" \/>\n<meta name=\"twitter:label1\" content=\"Tiempo de lectura\" \/>\n\t<meta name=\"twitter:data1\" content=\"1 minuto\" \/>\n<script type=\"application\/ld+json\" class=\"yoast-schema-graph\">{\"@context\":\"https:\\\/\\\/schema.org\",\"@graph\":[{\"@type\":\"WebPage\",\"@id\":\"https:\\\/\\\/www.sj-gauge.com\\\/product\\\/vmept1120-w\\\/\",\"url\":\"https:\\\/\\\/www.sj-gauge.com\\\/product\\\/vmept1120-w\\\/\",\"name\":\"Flush Diaphragm Pressure Transmitter with HART | Industrial Use | SJ Gauge\",\"isPartOf\":{\"@id\":\"https:\\\/\\\/www.sj-gauge.com\\\/#website\"},\"primaryImageOfPage\":{\"@id\":\"https:\\\/\\\/www.sj-gauge.com\\\/product\\\/vmept1120-w\\\/#primaryimage\"},\"image\":{\"@id\":\"https:\\\/\\\/www.sj-gauge.com\\\/product\\\/vmept1120-w\\\/#primaryimage\"},\"thumbnailUrl\":\"https:\\\/\\\/www.sj-gauge.com\\\/wp-content\\\/uploads\\\/2025\\\/10\\\/SJ-Gauge-picture-ept1120-w-g1-2-din43650.jpg\",\"datePublished\":\"2025-10-30T08:58:04+00:00\",\"dateModified\":\"2026-03-26T09:46:45+00:00\",\"description\":\"VMEPT1120-W flush diaphragm pressure transmitter with stainless steel construction and advanced welding technology. Designed for high static pressure and overload protection, supporting HART communication for remote configuration and monitoring.\",\"breadcrumb\":{\"@id\":\"https:\\\/\\\/www.sj-gauge.com\\\/product\\\/vmept1120-w\\\/#breadcrumb\"},\"inLanguage\":\"es\",\"potentialAction\":[{\"@type\":\"ReadAction\",\"target\":[\"https:\\\/\\\/www.sj-gauge.com\\\/product\\\/vmept1120-w\\\/\"]}]},{\"@type\":\"ImageObject\",\"inLanguage\":\"es\",\"@id\":\"https:\\\/\\\/www.sj-gauge.com\\\/product\\\/vmept1120-w\\\/#primaryimage\",\"url\":\"https:\\\/\\\/www.sj-gauge.com\\\/wp-content\\\/uploads\\\/2025\\\/10\\\/SJ-Gauge-picture-ept1120-w-g1-2-din43650.jpg\",\"contentUrl\":\"https:\\\/\\\/www.sj-gauge.com\\\/wp-content\\\/uploads\\\/2025\\\/10\\\/SJ-Gauge-picture-ept1120-w-g1-2-din43650.jpg\",\"width\":1200,\"height\":1000},{\"@type\":\"BreadcrumbList\",\"@id\":\"https:\\\/\\\/www.sj-gauge.com\\\/product\\\/vmept1120-w\\\/#breadcrumb\",\"itemListElement\":[{\"@type\":\"ListItem\",\"position\":1,\"name\":\"Home\",\"item\":\"https:\\\/\\\/www.sj-gauge.com\\\/\"},{\"@type\":\"ListItem\",\"position\":2,\"name\":\"Products\",\"item\":\"https:\\\/\\\/www.sj-gauge.com\\\/products\\\/\"},{\"@type\":\"ListItem\",\"position\":3,\"name\":\"Flush Diaphragm Pressure Transmitter\"}]},{\"@type\":\"WebSite\",\"@id\":\"https:\\\/\\\/www.sj-gauge.com\\\/#website\",\"url\":\"https:\\\/\\\/www.sj-gauge.com\\\/\",\"name\":\"SJ Gauge | Pressure Gauges, Thermometers &amp; Pressure Sensors\",\"description\":\"Manufacturer of industrial pressure gauges, pressure sensors, and transmitters. SJ Gauge provides high accuracy, durable materials, and custom solutions for oil &amp; gas, chemical, and industrial applications.\",\"publisher\":{\"@id\":\"https:\\\/\\\/www.sj-gauge.com\\\/#organization\"},\"potentialAction\":[{\"@type\":\"SearchAction\",\"target\":{\"@type\":\"EntryPoint\",\"urlTemplate\":\"https:\\\/\\\/www.sj-gauge.com\\\/?s={search_term_string}\"},\"query-input\":{\"@type\":\"PropertyValueSpecification\",\"valueRequired\":true,\"valueName\":\"search_term_string\"}}],\"inLanguage\":\"es\"},{\"@type\":\"Organization\",\"@id\":\"https:\\\/\\\/www.sj-gauge.com\\\/#organization\",\"name\":\"SJ Gauge | Pressure Gauges, Thermometers &amp; Pressure Sensors\",\"url\":\"https:\\\/\\\/www.sj-gauge.com\\\/\",\"logo\":{\"@type\":\"ImageObject\",\"inLanguage\":\"es\",\"@id\":\"https:\\\/\\\/www.sj-gauge.com\\\/#\\\/schema\\\/logo\\\/image\\\/\",\"url\":\"https:\\\/\\\/www.sj-gauge.com\\\/wp-content\\\/uploads\\\/2025\\\/09\\\/logo.webp\",\"contentUrl\":\"https:\\\/\\\/www.sj-gauge.com\\\/wp-content\\\/uploads\\\/2025\\\/09\\\/logo.webp\",\"width\":348,\"height\":184,\"caption\":\"SJ Gauge | Pressure Gauges, Thermometers &amp; Pressure Sensors\"},\"image\":{\"@id\":\"https:\\\/\\\/www.sj-gauge.com\\\/#\\\/schema\\\/logo\\\/image\\\/\"}}]}<\/script>\n<!-- \/ Yoast SEO Premium plugin. -->","yoast_head_json":{"title":"Transmisor de presi\u00f3n de diafragma rasante con HART | Uso industrial | SJ Gauge","description":"Transmisor de presi\u00f3n de diafragma rasante VMEPT1120-W con construcci\u00f3n de acero inoxidable y avanzada tecnolog\u00eda de soldadura. Dise\u00f1ado para alta presi\u00f3n est\u00e1tica y protecci\u00f3n contra sobrecargas, compatible con comunicaci\u00f3n HART para configuraci\u00f3n y supervisi\u00f3n remotas.","robots":{"index":"index","follow":"follow","max-snippet":"max-snippet:-1","max-image-preview":"max-image-preview:large","max-video-preview":"max-video-preview:-1"},"canonical":"https:\/\/www.sj-gauge.com\/es\/producto\/vmept1120-w\/","og_locale":"es_ES","og_type":"article","og_title":"Flush Diaphragm Pressure Transmitter","og_description":"VMEPT1120-W flush diaphragm pressure transmitter with stainless steel construction and advanced welding technology. Designed for high static pressure and overload protection, supporting HART communication for remote configuration and monitoring.","og_url":"https:\/\/www.sj-gauge.com\/es\/producto\/vmept1120-w\/","og_site_name":"SJ Gauge | Pressure Gauges, Thermometers &amp; Pressure Sensors","article_modified_time":"2026-03-26T09:46:45+00:00","og_image":[{"width":1200,"height":1000,"url":"https:\/\/www.sj-gauge.com\/wp-content\/uploads\/2025\/10\/SJ-Gauge-picture-ept1120-w-g1-2-din43650.jpg","type":"image\/jpeg"}],"twitter_card":"summary_large_image","twitter_misc":{"Tiempo de lectura":"1 minuto"},"schema":{"@context":"https:\/\/schema.org","@graph":[{"@type":"WebPage","@id":"https:\/\/www.sj-gauge.com\/product\/vmept1120-w\/","url":"https:\/\/www.sj-gauge.com\/product\/vmept1120-w\/","name":"Transmisor de presi\u00f3n de diafragma rasante con HART | Uso industrial | SJ Gauge","isPartOf":{"@id":"https:\/\/www.sj-gauge.com\/#website"},"primaryImageOfPage":{"@id":"https:\/\/www.sj-gauge.com\/product\/vmept1120-w\/#primaryimage"},"image":{"@id":"https:\/\/www.sj-gauge.com\/product\/vmept1120-w\/#primaryimage"},"thumbnailUrl":"https:\/\/www.sj-gauge.com\/wp-content\/uploads\/2025\/10\/SJ-Gauge-picture-ept1120-w-g1-2-din43650.jpg","datePublished":"2025-10-30T08:58:04+00:00","dateModified":"2026-03-26T09:46:45+00:00","description":"Transmisor de presi\u00f3n de diafragma rasante VMEPT1120-W con construcci\u00f3n de acero inoxidable y avanzada tecnolog\u00eda de soldadura. Dise\u00f1ado para alta presi\u00f3n est\u00e1tica y protecci\u00f3n contra sobrecargas, compatible con comunicaci\u00f3n HART para configuraci\u00f3n y supervisi\u00f3n remotas.","breadcrumb":{"@id":"https:\/\/www.sj-gauge.com\/product\/vmept1120-w\/#breadcrumb"},"inLanguage":"es","potentialAction":[{"@type":"ReadAction","target":["https:\/\/www.sj-gauge.com\/product\/vmept1120-w\/"]}]},{"@type":"ImageObject","inLanguage":"es","@id":"https:\/\/www.sj-gauge.com\/product\/vmept1120-w\/#primaryimage","url":"https:\/\/www.sj-gauge.com\/wp-content\/uploads\/2025\/10\/SJ-Gauge-picture-ept1120-w-g1-2-din43650.jpg","contentUrl":"https:\/\/www.sj-gauge.com\/wp-content\/uploads\/2025\/10\/SJ-Gauge-picture-ept1120-w-g1-2-din43650.jpg","width":1200,"height":1000},{"@type":"BreadcrumbList","@id":"https:\/\/www.sj-gauge.com\/product\/vmept1120-w\/#breadcrumb","itemListElement":[{"@type":"ListItem","position":1,"name":"Home","item":"https:\/\/www.sj-gauge.com\/"},{"@type":"ListItem","position":2,"name":"Products","item":"https:\/\/www.sj-gauge.com\/products\/"},{"@type":"ListItem","position":3,"name":"Flush Diaphragm Pressure Transmitter"}]},{"@type":"WebSite","@id":"https:\/\/www.sj-gauge.com\/#website","url":"https:\/\/www.sj-gauge.com\/","name":"SJ Gauge | Man\u00f3metros, term\u00f3metros y sensores de presi\u00f3n","description":"Fabricante de man\u00f3metros industriales, sensores de presi\u00f3n y transmisores. SJ Gauge ofrece alta precisi\u00f3n, materiales duraderos y soluciones personalizadas para aplicaciones de petr\u00f3leo y gas, qu\u00edmicas e industriales.","publisher":{"@id":"https:\/\/www.sj-gauge.com\/#organization"},"potentialAction":[{"@type":"SearchAction","target":{"@type":"EntryPoint","urlTemplate":"https:\/\/www.sj-gauge.com\/?s={search_term_string}"},"query-input":{"@type":"PropertyValueSpecification","valueRequired":true,"valueName":"search_term_string"}}],"inLanguage":"es"},{"@type":"Organization","@id":"https:\/\/www.sj-gauge.com\/#organization","name":"SJ Gauge | Man\u00f3metros, term\u00f3metros y sensores de presi\u00f3n","url":"https:\/\/www.sj-gauge.com\/","logo":{"@type":"ImageObject","inLanguage":"es","@id":"https:\/\/www.sj-gauge.com\/#\/schema\/logo\/image\/","url":"https:\/\/www.sj-gauge.com\/wp-content\/uploads\/2025\/09\/logo.webp","contentUrl":"https:\/\/www.sj-gauge.com\/wp-content\/uploads\/2025\/09\/logo.webp","width":348,"height":184,"caption":"SJ Gauge | Pressure Gauges, Thermometers &amp; Pressure Sensors"},"image":{"@id":"https:\/\/www.sj-gauge.com\/#\/schema\/logo\/image\/"}}]}},"_links":{"self":[{"href":"https:\/\/www.sj-gauge.com\/es\/wp-json\/wp\/v2\/product\/1405","targetHints":{"allow":["GET"]}}],"collection":[{"href":"https:\/\/www.sj-gauge.com\/es\/wp-json\/wp\/v2\/product"}],"about":[{"href":"https:\/\/www.sj-gauge.com\/es\/wp-json\/wp\/v2\/types\/product"}],"wp:featuredmedia":[{"embeddable":true,"href":"https:\/\/www.sj-gauge.com\/es\/wp-json\/wp\/v2\/media\/1410"}],"wp:attachment":[{"href":"https:\/\/www.sj-gauge.com\/es\/wp-json\/wp\/v2\/media?parent=1405"}],"wp:term":[{"taxonomy":"product_brand","embeddable":true,"href":"https:\/\/www.sj-gauge.com\/es\/wp-json\/wp\/v2\/product_brand?post=1405"},{"taxonomy":"product_cat","embeddable":true,"href":"https:\/\/www.sj-gauge.com\/es\/wp-json\/wp\/v2\/product_cat?post=1405"},{"taxonomy":"product_tag","embeddable":true,"href":"https:\/\/www.sj-gauge.com\/es\/wp-json\/wp\/v2\/product_tag?post=1405"}],"curies":[{"name":"wp","href":"https:\/\/api.w.org\/{rel}","templated":true}]}}