{"id":1422,"date":"2025-11-07T09:32:46","date_gmt":"2025-11-07T01:32:46","guid":{"rendered":"https:\/\/sj-gauge.com\/?post_type=product&#038;p=1422"},"modified":"2026-03-26T23:07:18","modified_gmt":"2026-03-26T15:07:18","slug":"vmept1020-t","status":"publish","type":"product","link":"https:\/\/www.sj-gauge.com\/es\/producto\/vmept1020-t\/","title":{"rendered":"Transmisor de presi\u00f3n para aplicaciones de alta temperatura"},"content":{"rendered":"<p>El transmisor de presi\u00f3n de silicio difuso de alta temperatura modelo VMEPT1020-T es un sensor robusto dise\u00f1ado para la medici\u00f3n precisa de la presi\u00f3n en entornos extremos. Utilizando un elemento sensor piezoresistivo de silicio difuso, ofrece una excelente precisi\u00f3n, estabilidad y respuesta r\u00e1pida. Su avanzada compensaci\u00f3n de temperatura garantiza un rendimiento fiable incluso a temperaturas elevadas (hasta 150 \u00b0C o m\u00e1s).El modelo VMEPT1020-T est\u00e1 dise\u00f1ado para medir y transmitir lecturas de presi\u00f3n en aplicaciones en las que la temperatura es significativamente elevada. Estos transmisores est\u00e1n dise\u00f1ados para resistir y funcionar con fiabilidad en condiciones de alta temperatura, garantizando mediciones de presi\u00f3n precisas incluso en entornos dif\u00edciles. Disponible en rangos de presi\u00f3n de 0-100 mbar a 0-400bar, el VMEPT1020-T es un transductor de presi\u00f3n resistente a altas temperaturas. Fabricado con componentes seleccionados para funcionar con fiabilidad a temperaturas elevadas, tiene una carcasa de acero inoxidable. Este producto no s\u00f3lo puede utilizarse para medir medios a alta temperatura, sino tambi\u00e9n en aplicaciones en las que la temperatura ambiente tambi\u00e9n puede alcanzar los 200 \u00b0C.El VMEPT1020-T suele ofrecer varias opciones de salida, como se\u00f1ales anal\u00f3gicas (4-20 mA, 0-5 V, etc.) o protocolos digitales (HART, Modbus, etc.), lo que permite una integraci\u00f3n perfecta con los sistemas de control. El VMEPT1020-T dispone de 2 versiones diferentes para la conexi\u00f3n el\u00e9ctrica: Transmisor de presi\u00f3n con salida de cable, transmisor de presi\u00f3n con conector de v\u00e1lvula DIN.VMEPT1020-T tambi\u00e9n proporciona m\u00faltiples opciones de puerto de presi\u00f3n. Adem\u00e1s de su uso en aplicaciones industriales, el transmisor de presi\u00f3n VMEPT1020-T tambi\u00e9n ofrece m\u00faltiples opciones de puerto de presi\u00f3n, lo que hace que el transmisor de presi\u00f3n se combine con muchas conexiones el\u00e9ctricas y conexiones de proceso que permiten su uso generalizado en un amplio campo, como la hidr\u00e1ulica y la neum\u00e1tica, la construcci\u00f3n de maquinaria, las bombas, el tratamiento del agua, etc. El transmisor est\u00e1 dise\u00f1ado para soportar entornos dif\u00edciles y puede funcionar a temperaturas y presiones m\u00e1s all\u00e1 del rango de los sensores est\u00e1ndar. Adem\u00e1s de su uso en aplicaciones industriales, el sensor de presi\u00f3n tambi\u00e9n se utiliza en la industria aeroespacial y en entornos de investigaci\u00f3n y desarrollo.<\/p>","protected":false},"excerpt":{"rendered":"<ul>\n<li>Temperatura del medio: 0 a 200\u00b0C<\/li>\n<li>Rangos de medici\u00f3n de 100mbar a 400bar<\/li>\n<li>Precisi\u00f3n: 0,5% FS(Typ.)<\/li>\n<\/ul>","protected":false},"featured_media":1423,"template":"","meta":{"_acf_changed":false},"product_brand":[40],"product_cat":[41,15],"product_tag":[],"class_list":{"0":"post-1422","1":"product","2":"type-product","3":"status-publish","4":"has-post-thumbnail","6":"product_brand-sj-gauge","7":"product_cat-pressure-instruments","8":"product_cat-pressure-sensors","10":"first","11":"instock","12":"shipping-taxable","13":"product-type-simple"},"acf":[],"yoast_head":"<!-- This site is optimized with the Yoast SEO Premium plugin v26.7 (Yoast SEO v27.4) - https:\/\/yoast.com\/product\/yoast-seo-premium-wordpress\/ -->\n<title>High Temperature Pressure Transmitter | 0\u2013200\u00b0C | 100mbar\u2013400bar | SJ Gauge<\/title>\n<meta name=\"description\" content=\"VMEPT1020-T high temperature pressure transmitter designed for industrial applications, featuring reliable performance up to 200\u00b0C, stable measurement from 100mbar to 400bar, and excellent temperature compensation\" \/>\n<meta name=\"robots\" content=\"index, follow, max-snippet:-1, max-image-preview:large, max-video-preview:-1\" \/>\n<link rel=\"canonical\" href=\"https:\/\/www.sj-gauge.com\/es\/producto\/vmept1020-t\/\" \/>\n<meta property=\"og:locale\" content=\"es_ES\" \/>\n<meta property=\"og:type\" content=\"article\" \/>\n<meta property=\"og:title\" content=\"Pressure Transmitter for High Temperature Application\" \/>\n<meta property=\"og:description\" content=\"VMEPT1020-T high temperature pressure transmitter designed for industrial applications, featuring reliable performance up to 200\u00b0C, stable measurement from 100mbar to 400bar, and excellent temperature compensation\" \/>\n<meta property=\"og:url\" content=\"https:\/\/www.sj-gauge.com\/es\/producto\/vmept1020-t\/\" \/>\n<meta property=\"og:site_name\" content=\"SJ Gauge | Pressure Gauges, Thermometers &amp; Pressure Sensors\" \/>\n<meta property=\"article:modified_time\" content=\"2026-03-26T15:07:18+00:00\" \/>\n<meta property=\"og:image\" content=\"https:\/\/www.sj-gauge.com\/wp-content\/uploads\/2025\/11\/SJ-Gauge-VMEPT1120-T-pressure-transmitter-gauge-pressure.jpg\" \/>\n\t<meta property=\"og:image:width\" content=\"1200\" \/>\n\t<meta property=\"og:image:height\" content=\"1000\" \/>\n\t<meta property=\"og:image:type\" content=\"image\/jpeg\" \/>\n<meta name=\"twitter:card\" content=\"summary_large_image\" \/>\n<meta name=\"twitter:label1\" content=\"Tiempo de lectura\" \/>\n\t<meta name=\"twitter:data1\" content=\"2 minutos\" \/>\n<script type=\"application\/ld+json\" class=\"yoast-schema-graph\">{\"@context\":\"https:\\\/\\\/schema.org\",\"@graph\":[{\"@type\":\"WebPage\",\"@id\":\"https:\\\/\\\/www.sj-gauge.com\\\/product\\\/vmept1020-t\\\/\",\"url\":\"https:\\\/\\\/www.sj-gauge.com\\\/product\\\/vmept1020-t\\\/\",\"name\":\"High Temperature Pressure Transmitter | 0\u2013200\u00b0C | 100mbar\u2013400bar | SJ Gauge\",\"isPartOf\":{\"@id\":\"https:\\\/\\\/www.sj-gauge.com\\\/#website\"},\"primaryImageOfPage\":{\"@id\":\"https:\\\/\\\/www.sj-gauge.com\\\/product\\\/vmept1020-t\\\/#primaryimage\"},\"image\":{\"@id\":\"https:\\\/\\\/www.sj-gauge.com\\\/product\\\/vmept1020-t\\\/#primaryimage\"},\"thumbnailUrl\":\"https:\\\/\\\/www.sj-gauge.com\\\/wp-content\\\/uploads\\\/2025\\\/11\\\/SJ-Gauge-VMEPT1120-T-pressure-transmitter-gauge-pressure.jpg\",\"datePublished\":\"2025-11-07T01:32:46+00:00\",\"dateModified\":\"2026-03-26T15:07:18+00:00\",\"description\":\"VMEPT1020-T high temperature pressure transmitter designed for industrial applications, featuring reliable performance up to 200\u00b0C, stable measurement from 100mbar to 400bar, and excellent temperature compensation\",\"breadcrumb\":{\"@id\":\"https:\\\/\\\/www.sj-gauge.com\\\/product\\\/vmept1020-t\\\/#breadcrumb\"},\"inLanguage\":\"es\",\"potentialAction\":[{\"@type\":\"ReadAction\",\"target\":[\"https:\\\/\\\/www.sj-gauge.com\\\/product\\\/vmept1020-t\\\/\"]}]},{\"@type\":\"ImageObject\",\"inLanguage\":\"es\",\"@id\":\"https:\\\/\\\/www.sj-gauge.com\\\/product\\\/vmept1020-t\\\/#primaryimage\",\"url\":\"https:\\\/\\\/www.sj-gauge.com\\\/wp-content\\\/uploads\\\/2025\\\/11\\\/SJ-Gauge-VMEPT1120-T-pressure-transmitter-gauge-pressure.jpg\",\"contentUrl\":\"https:\\\/\\\/www.sj-gauge.com\\\/wp-content\\\/uploads\\\/2025\\\/11\\\/SJ-Gauge-VMEPT1120-T-pressure-transmitter-gauge-pressure.jpg\",\"width\":1200,\"height\":1000},{\"@type\":\"BreadcrumbList\",\"@id\":\"https:\\\/\\\/www.sj-gauge.com\\\/product\\\/vmept1020-t\\\/#breadcrumb\",\"itemListElement\":[{\"@type\":\"ListItem\",\"position\":1,\"name\":\"Home\",\"item\":\"https:\\\/\\\/www.sj-gauge.com\\\/\"},{\"@type\":\"ListItem\",\"position\":2,\"name\":\"Products\",\"item\":\"https:\\\/\\\/www.sj-gauge.com\\\/products\\\/\"},{\"@type\":\"ListItem\",\"position\":3,\"name\":\"Pressure Transmitter for High Temperature Application\"}]},{\"@type\":\"WebSite\",\"@id\":\"https:\\\/\\\/www.sj-gauge.com\\\/#website\",\"url\":\"https:\\\/\\\/www.sj-gauge.com\\\/\",\"name\":\"SJ Gauge | Pressure Gauges, Thermometers &amp; Pressure Sensors\",\"description\":\"Manufacturer of industrial pressure gauges, pressure sensors, and transmitters. SJ Gauge provides high accuracy, durable materials, and custom solutions for oil &amp; gas, chemical, and industrial applications.\",\"publisher\":{\"@id\":\"https:\\\/\\\/www.sj-gauge.com\\\/#organization\"},\"potentialAction\":[{\"@type\":\"SearchAction\",\"target\":{\"@type\":\"EntryPoint\",\"urlTemplate\":\"https:\\\/\\\/www.sj-gauge.com\\\/?s={search_term_string}\"},\"query-input\":{\"@type\":\"PropertyValueSpecification\",\"valueRequired\":true,\"valueName\":\"search_term_string\"}}],\"inLanguage\":\"es\"},{\"@type\":\"Organization\",\"@id\":\"https:\\\/\\\/www.sj-gauge.com\\\/#organization\",\"name\":\"SJ Gauge | Pressure Gauges, Thermometers &amp; Pressure Sensors\",\"url\":\"https:\\\/\\\/www.sj-gauge.com\\\/\",\"logo\":{\"@type\":\"ImageObject\",\"inLanguage\":\"es\",\"@id\":\"https:\\\/\\\/www.sj-gauge.com\\\/#\\\/schema\\\/logo\\\/image\\\/\",\"url\":\"https:\\\/\\\/www.sj-gauge.com\\\/wp-content\\\/uploads\\\/2025\\\/09\\\/logo.webp\",\"contentUrl\":\"https:\\\/\\\/www.sj-gauge.com\\\/wp-content\\\/uploads\\\/2025\\\/09\\\/logo.webp\",\"width\":348,\"height\":184,\"caption\":\"SJ Gauge | Pressure Gauges, Thermometers &amp; Pressure Sensors\"},\"image\":{\"@id\":\"https:\\\/\\\/www.sj-gauge.com\\\/#\\\/schema\\\/logo\\\/image\\\/\"}}]}<\/script>\n<!-- \/ Yoast SEO Premium plugin. -->","yoast_head_json":{"title":"Transmisor de presi\u00f3n de alta temperatura | 0-200\u00b0C | 100mbar-400bar | SJ Gauge","description":"Transmisor de presi\u00f3n de alta temperatura VMEPT1020-T dise\u00f1ado para aplicaciones industriales, con un rendimiento fiable hasta 200\u00b0C, medici\u00f3n estable de 100mbar a 400bar y excelente compensaci\u00f3n de temperatura.","robots":{"index":"index","follow":"follow","max-snippet":"max-snippet:-1","max-image-preview":"max-image-preview:large","max-video-preview":"max-video-preview:-1"},"canonical":"https:\/\/www.sj-gauge.com\/es\/producto\/vmept1020-t\/","og_locale":"es_ES","og_type":"article","og_title":"Pressure Transmitter for High Temperature Application","og_description":"VMEPT1020-T high temperature pressure transmitter designed for industrial applications, featuring reliable performance up to 200\u00b0C, stable measurement from 100mbar to 400bar, and excellent temperature compensation","og_url":"https:\/\/www.sj-gauge.com\/es\/producto\/vmept1020-t\/","og_site_name":"SJ Gauge | Pressure Gauges, Thermometers &amp; Pressure Sensors","article_modified_time":"2026-03-26T15:07:18+00:00","og_image":[{"width":1200,"height":1000,"url":"https:\/\/www.sj-gauge.com\/wp-content\/uploads\/2025\/11\/SJ-Gauge-VMEPT1120-T-pressure-transmitter-gauge-pressure.jpg","type":"image\/jpeg"}],"twitter_card":"summary_large_image","twitter_misc":{"Tiempo de lectura":"2 minutos"},"schema":{"@context":"https:\/\/schema.org","@graph":[{"@type":"WebPage","@id":"https:\/\/www.sj-gauge.com\/product\/vmept1020-t\/","url":"https:\/\/www.sj-gauge.com\/product\/vmept1020-t\/","name":"Transmisor de presi\u00f3n de alta temperatura | 0-200\u00b0C | 100mbar-400bar | SJ Gauge","isPartOf":{"@id":"https:\/\/www.sj-gauge.com\/#website"},"primaryImageOfPage":{"@id":"https:\/\/www.sj-gauge.com\/product\/vmept1020-t\/#primaryimage"},"image":{"@id":"https:\/\/www.sj-gauge.com\/product\/vmept1020-t\/#primaryimage"},"thumbnailUrl":"https:\/\/www.sj-gauge.com\/wp-content\/uploads\/2025\/11\/SJ-Gauge-VMEPT1120-T-pressure-transmitter-gauge-pressure.jpg","datePublished":"2025-11-07T01:32:46+00:00","dateModified":"2026-03-26T15:07:18+00:00","description":"Transmisor de presi\u00f3n de alta temperatura VMEPT1020-T dise\u00f1ado para aplicaciones industriales, con un rendimiento fiable hasta 200\u00b0C, medici\u00f3n estable de 100mbar a 400bar y excelente compensaci\u00f3n de temperatura.","breadcrumb":{"@id":"https:\/\/www.sj-gauge.com\/product\/vmept1020-t\/#breadcrumb"},"inLanguage":"es","potentialAction":[{"@type":"ReadAction","target":["https:\/\/www.sj-gauge.com\/product\/vmept1020-t\/"]}]},{"@type":"ImageObject","inLanguage":"es","@id":"https:\/\/www.sj-gauge.com\/product\/vmept1020-t\/#primaryimage","url":"https:\/\/www.sj-gauge.com\/wp-content\/uploads\/2025\/11\/SJ-Gauge-VMEPT1120-T-pressure-transmitter-gauge-pressure.jpg","contentUrl":"https:\/\/www.sj-gauge.com\/wp-content\/uploads\/2025\/11\/SJ-Gauge-VMEPT1120-T-pressure-transmitter-gauge-pressure.jpg","width":1200,"height":1000},{"@type":"BreadcrumbList","@id":"https:\/\/www.sj-gauge.com\/product\/vmept1020-t\/#breadcrumb","itemListElement":[{"@type":"ListItem","position":1,"name":"Home","item":"https:\/\/www.sj-gauge.com\/"},{"@type":"ListItem","position":2,"name":"Products","item":"https:\/\/www.sj-gauge.com\/products\/"},{"@type":"ListItem","position":3,"name":"Pressure Transmitter for High Temperature Application"}]},{"@type":"WebSite","@id":"https:\/\/www.sj-gauge.com\/#website","url":"https:\/\/www.sj-gauge.com\/","name":"SJ Gauge | Man\u00f3metros, term\u00f3metros y sensores de presi\u00f3n","description":"Fabricante de man\u00f3metros industriales, sensores de presi\u00f3n y transmisores. SJ Gauge ofrece alta precisi\u00f3n, materiales duraderos y soluciones personalizadas para aplicaciones de petr\u00f3leo y gas, qu\u00edmicas e industriales.","publisher":{"@id":"https:\/\/www.sj-gauge.com\/#organization"},"potentialAction":[{"@type":"SearchAction","target":{"@type":"EntryPoint","urlTemplate":"https:\/\/www.sj-gauge.com\/?s={search_term_string}"},"query-input":{"@type":"PropertyValueSpecification","valueRequired":true,"valueName":"search_term_string"}}],"inLanguage":"es"},{"@type":"Organization","@id":"https:\/\/www.sj-gauge.com\/#organization","name":"SJ Gauge | Man\u00f3metros, term\u00f3metros y sensores de presi\u00f3n","url":"https:\/\/www.sj-gauge.com\/","logo":{"@type":"ImageObject","inLanguage":"es","@id":"https:\/\/www.sj-gauge.com\/#\/schema\/logo\/image\/","url":"https:\/\/www.sj-gauge.com\/wp-content\/uploads\/2025\/09\/logo.webp","contentUrl":"https:\/\/www.sj-gauge.com\/wp-content\/uploads\/2025\/09\/logo.webp","width":348,"height":184,"caption":"SJ Gauge | Pressure Gauges, Thermometers &amp; Pressure Sensors"},"image":{"@id":"https:\/\/www.sj-gauge.com\/#\/schema\/logo\/image\/"}}]}},"_links":{"self":[{"href":"https:\/\/www.sj-gauge.com\/es\/wp-json\/wp\/v2\/product\/1422","targetHints":{"allow":["GET"]}}],"collection":[{"href":"https:\/\/www.sj-gauge.com\/es\/wp-json\/wp\/v2\/product"}],"about":[{"href":"https:\/\/www.sj-gauge.com\/es\/wp-json\/wp\/v2\/types\/product"}],"wp:featuredmedia":[{"embeddable":true,"href":"https:\/\/www.sj-gauge.com\/es\/wp-json\/wp\/v2\/media\/1423"}],"wp:attachment":[{"href":"https:\/\/www.sj-gauge.com\/es\/wp-json\/wp\/v2\/media?parent=1422"}],"wp:term":[{"taxonomy":"product_brand","embeddable":true,"href":"https:\/\/www.sj-gauge.com\/es\/wp-json\/wp\/v2\/product_brand?post=1422"},{"taxonomy":"product_cat","embeddable":true,"href":"https:\/\/www.sj-gauge.com\/es\/wp-json\/wp\/v2\/product_cat?post=1422"},{"taxonomy":"product_tag","embeddable":true,"href":"https:\/\/www.sj-gauge.com\/es\/wp-json\/wp\/v2\/product_tag?post=1422"}],"curies":[{"name":"wp","href":"https:\/\/api.w.org\/{rel}","templated":true}]}}