{"id":1427,"date":"2025-11-07T09:48:05","date_gmt":"2025-11-07T01:48:05","guid":{"rendered":"https:\/\/sj-gauge.com\/?post_type=product&#038;p=1427"},"modified":"2026-03-26T23:17:33","modified_gmt":"2026-03-26T15:17:33","slug":"vmept1130","status":"publish","type":"product","link":"https:\/\/www.sj-gauge.com\/es\/producto\/vmept1130\/","title":{"rendered":"Transmisor de presi\u00f3n para medios agresivos"},"content":{"rendered":"<p>El transmisor de presi\u00f3n VMEPT1130 utiliza la interfaz de presi\u00f3n de PVDF con sensor de presi\u00f3n de diafragma cer\u00e1mico anticorrosi\u00f3n. Se trata de una soluci\u00f3n de vanguardia dise\u00f1ada para aplicaciones industriales exigentes en las que la fiabilidad, la precisi\u00f3n y la durabilidad son primordiales. Este transmisor de presi\u00f3n de alto rendimiento cuenta con una robusta interfaz de presi\u00f3n de PVDF (fluoruro de polivinilideno), conocida por su excepcional resistencia qu\u00edmica y mec\u00e1nica, lo que la hace ideal para entornos hostiles con medios agresivos, \u00e1cidos y disolventes.En el n\u00facleo de este transmisor de presi\u00f3n se encuentra un avanzado diafragma cer\u00e1mico anticorrosi\u00f3n, dise\u00f1ado para soportar presiones y temperaturas extremas manteniendo la estabilidad a largo plazo. El diafragma cer\u00e1mico garantiza una deformaci\u00f3n m\u00ednima en condiciones de alta tensi\u00f3n, proporcionando mediciones de presi\u00f3n precisas y uniformes. Su superficie no reactiva evita la corrosi\u00f3n y la contaminaci\u00f3n, garantizando un rendimiento fiable en aplicaciones corrosivas o abrasivas.Ideal para industrias como la de procesamiento qu\u00edmico, farmac\u00e9utica, alimentaria y de tratamiento de aguas, este transmisor de presi\u00f3n VMEPT1130 est\u00e1 dise\u00f1ado para cumplir las normas internacionales de seguridad y calidad. Su robusta construcci\u00f3n, combinada con su f\u00e1cil instalaci\u00f3n y bajos requisitos de mantenimiento, lo convierten en una opci\u00f3n rentable y fiable para aplicaciones cr\u00edticas de control de presi\u00f3n. Conf\u00ede en este transmisor de presi\u00f3n de diafragma cer\u00e1mico y PVDF para obtener un rendimiento inigualable en los entornos m\u00e1s exigentes.<\/p>","protected":false},"excerpt":{"rendered":"<ul>\n<li>Sensor de presi\u00f3n cer\u00e1mico<\/li>\n<li>Interfaz de presi\u00f3n de PVDF\/PTFE<\/li>\n<li>Rangos de medici\u00f3n de 200mbar a 50bar<\/li>\n<\/ul>","protected":false},"featured_media":1429,"template":"","meta":{"_acf_changed":false},"product_brand":[40],"product_cat":[41,15],"product_tag":[64],"class_list":{"0":"post-1427","1":"product","2":"type-product","3":"status-publish","4":"has-post-thumbnail","6":"product_brand-sj-gauge","7":"product_cat-pressure-instruments","8":"product_cat-pressure-sensors","9":"product_tag-pressure-transmitter","11":"first","12":"instock","13":"shipping-taxable","14":"product-type-simple"},"acf":[],"yoast_head":"<!-- This site is optimized with the Yoast SEO Premium plugin v26.7 (Yoast SEO v27.4) - https:\/\/yoast.com\/product\/yoast-seo-premium-wordpress\/ -->\n<title>Corrosion Resistant Pressure Transmitter | For Aggressive Media | SJ Gauge<\/title>\n<meta name=\"description\" content=\"VMEPT1130 corrosion resistant pressure transmitter with PVDF\/PTFE interface and ceramic sensor, designed for aggressive media, acids, and chemical applications in harsh industrial environments.\" \/>\n<meta name=\"robots\" content=\"index, follow, max-snippet:-1, max-image-preview:large, max-video-preview:-1\" \/>\n<link rel=\"canonical\" href=\"https:\/\/www.sj-gauge.com\/es\/producto\/vmept1130\/\" \/>\n<meta property=\"og:locale\" content=\"es_ES\" \/>\n<meta property=\"og:type\" content=\"article\" \/>\n<meta property=\"og:title\" content=\"Pressure Transmitter for Aggressive Media\" \/>\n<meta property=\"og:description\" content=\"VMEPT1130 corrosion resistant pressure transmitter with PVDF\/PTFE interface and ceramic sensor, designed for aggressive media, acids, and chemical applications in harsh industrial environments.\" \/>\n<meta property=\"og:url\" content=\"https:\/\/www.sj-gauge.com\/es\/producto\/vmept1130\/\" \/>\n<meta property=\"og:site_name\" content=\"SJ Gauge | Pressure Gauges, Thermometers &amp; Pressure Sensors\" \/>\n<meta property=\"article:modified_time\" content=\"2026-03-26T15:17:33+00:00\" \/>\n<meta property=\"og:image\" content=\"https:\/\/www.sj-gauge.com\/wp-content\/uploads\/2025\/11\/SJ-Gauge-VMEPT1130-pressure-transmitter-industrial-automation.jpg\" \/>\n\t<meta property=\"og:image:width\" content=\"1200\" \/>\n\t<meta property=\"og:image:height\" content=\"1000\" \/>\n\t<meta property=\"og:image:type\" content=\"image\/jpeg\" \/>\n<meta name=\"twitter:card\" content=\"summary_large_image\" \/>\n<meta name=\"twitter:label1\" content=\"Tiempo de lectura\" \/>\n\t<meta name=\"twitter:data1\" content=\"2 minutos\" \/>\n<script type=\"application\/ld+json\" class=\"yoast-schema-graph\">{\"@context\":\"https:\\\/\\\/schema.org\",\"@graph\":[{\"@type\":\"WebPage\",\"@id\":\"https:\\\/\\\/www.sj-gauge.com\\\/product\\\/vmept1130\\\/\",\"url\":\"https:\\\/\\\/www.sj-gauge.com\\\/product\\\/vmept1130\\\/\",\"name\":\"Corrosion Resistant Pressure Transmitter | For Aggressive Media | SJ Gauge\",\"isPartOf\":{\"@id\":\"https:\\\/\\\/www.sj-gauge.com\\\/#website\"},\"primaryImageOfPage\":{\"@id\":\"https:\\\/\\\/www.sj-gauge.com\\\/product\\\/vmept1130\\\/#primaryimage\"},\"image\":{\"@id\":\"https:\\\/\\\/www.sj-gauge.com\\\/product\\\/vmept1130\\\/#primaryimage\"},\"thumbnailUrl\":\"https:\\\/\\\/www.sj-gauge.com\\\/wp-content\\\/uploads\\\/2025\\\/11\\\/SJ-Gauge-VMEPT1130-pressure-transmitter-industrial-automation.jpg\",\"datePublished\":\"2025-11-07T01:48:05+00:00\",\"dateModified\":\"2026-03-26T15:17:33+00:00\",\"description\":\"VMEPT1130 corrosion resistant pressure transmitter with PVDF\\\/PTFE interface and ceramic sensor, designed for aggressive media, acids, and chemical applications in harsh industrial environments.\",\"breadcrumb\":{\"@id\":\"https:\\\/\\\/www.sj-gauge.com\\\/product\\\/vmept1130\\\/#breadcrumb\"},\"inLanguage\":\"es\",\"potentialAction\":[{\"@type\":\"ReadAction\",\"target\":[\"https:\\\/\\\/www.sj-gauge.com\\\/product\\\/vmept1130\\\/\"]}]},{\"@type\":\"ImageObject\",\"inLanguage\":\"es\",\"@id\":\"https:\\\/\\\/www.sj-gauge.com\\\/product\\\/vmept1130\\\/#primaryimage\",\"url\":\"https:\\\/\\\/www.sj-gauge.com\\\/wp-content\\\/uploads\\\/2025\\\/11\\\/SJ-Gauge-VMEPT1130-pressure-transmitter-industrial-automation.jpg\",\"contentUrl\":\"https:\\\/\\\/www.sj-gauge.com\\\/wp-content\\\/uploads\\\/2025\\\/11\\\/SJ-Gauge-VMEPT1130-pressure-transmitter-industrial-automation.jpg\",\"width\":1200,\"height\":1000},{\"@type\":\"BreadcrumbList\",\"@id\":\"https:\\\/\\\/www.sj-gauge.com\\\/product\\\/vmept1130\\\/#breadcrumb\",\"itemListElement\":[{\"@type\":\"ListItem\",\"position\":1,\"name\":\"Home\",\"item\":\"https:\\\/\\\/www.sj-gauge.com\\\/\"},{\"@type\":\"ListItem\",\"position\":2,\"name\":\"Products\",\"item\":\"https:\\\/\\\/www.sj-gauge.com\\\/products\\\/\"},{\"@type\":\"ListItem\",\"position\":3,\"name\":\"Pressure Transmitter for Aggressive Media\"}]},{\"@type\":\"WebSite\",\"@id\":\"https:\\\/\\\/www.sj-gauge.com\\\/#website\",\"url\":\"https:\\\/\\\/www.sj-gauge.com\\\/\",\"name\":\"SJ Gauge | Pressure Gauges, Thermometers &amp; Pressure Sensors\",\"description\":\"Manufacturer of industrial pressure gauges, pressure sensors, and transmitters. SJ Gauge provides high accuracy, durable materials, and custom solutions for oil &amp; gas, chemical, and industrial applications.\",\"publisher\":{\"@id\":\"https:\\\/\\\/www.sj-gauge.com\\\/#organization\"},\"potentialAction\":[{\"@type\":\"SearchAction\",\"target\":{\"@type\":\"EntryPoint\",\"urlTemplate\":\"https:\\\/\\\/www.sj-gauge.com\\\/?s={search_term_string}\"},\"query-input\":{\"@type\":\"PropertyValueSpecification\",\"valueRequired\":true,\"valueName\":\"search_term_string\"}}],\"inLanguage\":\"es\"},{\"@type\":\"Organization\",\"@id\":\"https:\\\/\\\/www.sj-gauge.com\\\/#organization\",\"name\":\"SJ Gauge | Pressure Gauges, Thermometers &amp; Pressure Sensors\",\"url\":\"https:\\\/\\\/www.sj-gauge.com\\\/\",\"logo\":{\"@type\":\"ImageObject\",\"inLanguage\":\"es\",\"@id\":\"https:\\\/\\\/www.sj-gauge.com\\\/#\\\/schema\\\/logo\\\/image\\\/\",\"url\":\"https:\\\/\\\/www.sj-gauge.com\\\/wp-content\\\/uploads\\\/2025\\\/09\\\/logo.webp\",\"contentUrl\":\"https:\\\/\\\/www.sj-gauge.com\\\/wp-content\\\/uploads\\\/2025\\\/09\\\/logo.webp\",\"width\":348,\"height\":184,\"caption\":\"SJ Gauge | Pressure Gauges, Thermometers &amp; Pressure Sensors\"},\"image\":{\"@id\":\"https:\\\/\\\/www.sj-gauge.com\\\/#\\\/schema\\\/logo\\\/image\\\/\"}}]}<\/script>\n<!-- \/ Yoast SEO Premium plugin. -->","yoast_head_json":{"title":"Transmisor de presi\u00f3n resistente a la corrosi\u00f3n | Para medios agresivos | SJ Gauge","description":"Transmisor de presi\u00f3n resistente a la corrosi\u00f3n VMEPT1130 con interfaz de PVDF\/PTFE y sensor cer\u00e1mico, dise\u00f1ado para medios agresivos, \u00e1cidos y aplicaciones qu\u00edmicas en entornos industriales dif\u00edciles.","robots":{"index":"index","follow":"follow","max-snippet":"max-snippet:-1","max-image-preview":"max-image-preview:large","max-video-preview":"max-video-preview:-1"},"canonical":"https:\/\/www.sj-gauge.com\/es\/producto\/vmept1130\/","og_locale":"es_ES","og_type":"article","og_title":"Pressure Transmitter for Aggressive Media","og_description":"VMEPT1130 corrosion resistant pressure transmitter with PVDF\/PTFE interface and ceramic sensor, designed for aggressive media, acids, and chemical applications in harsh industrial environments.","og_url":"https:\/\/www.sj-gauge.com\/es\/producto\/vmept1130\/","og_site_name":"SJ Gauge | Pressure Gauges, Thermometers &amp; Pressure Sensors","article_modified_time":"2026-03-26T15:17:33+00:00","og_image":[{"width":1200,"height":1000,"url":"https:\/\/www.sj-gauge.com\/wp-content\/uploads\/2025\/11\/SJ-Gauge-VMEPT1130-pressure-transmitter-industrial-automation.jpg","type":"image\/jpeg"}],"twitter_card":"summary_large_image","twitter_misc":{"Tiempo de lectura":"2 minutos"},"schema":{"@context":"https:\/\/schema.org","@graph":[{"@type":"WebPage","@id":"https:\/\/www.sj-gauge.com\/product\/vmept1130\/","url":"https:\/\/www.sj-gauge.com\/product\/vmept1130\/","name":"Transmisor de presi\u00f3n resistente a la corrosi\u00f3n | Para medios agresivos | SJ Gauge","isPartOf":{"@id":"https:\/\/www.sj-gauge.com\/#website"},"primaryImageOfPage":{"@id":"https:\/\/www.sj-gauge.com\/product\/vmept1130\/#primaryimage"},"image":{"@id":"https:\/\/www.sj-gauge.com\/product\/vmept1130\/#primaryimage"},"thumbnailUrl":"https:\/\/www.sj-gauge.com\/wp-content\/uploads\/2025\/11\/SJ-Gauge-VMEPT1130-pressure-transmitter-industrial-automation.jpg","datePublished":"2025-11-07T01:48:05+00:00","dateModified":"2026-03-26T15:17:33+00:00","description":"Transmisor de presi\u00f3n resistente a la corrosi\u00f3n VMEPT1130 con interfaz de PVDF\/PTFE y sensor cer\u00e1mico, dise\u00f1ado para medios agresivos, \u00e1cidos y aplicaciones qu\u00edmicas en entornos industriales dif\u00edciles.","breadcrumb":{"@id":"https:\/\/www.sj-gauge.com\/product\/vmept1130\/#breadcrumb"},"inLanguage":"es","potentialAction":[{"@type":"ReadAction","target":["https:\/\/www.sj-gauge.com\/product\/vmept1130\/"]}]},{"@type":"ImageObject","inLanguage":"es","@id":"https:\/\/www.sj-gauge.com\/product\/vmept1130\/#primaryimage","url":"https:\/\/www.sj-gauge.com\/wp-content\/uploads\/2025\/11\/SJ-Gauge-VMEPT1130-pressure-transmitter-industrial-automation.jpg","contentUrl":"https:\/\/www.sj-gauge.com\/wp-content\/uploads\/2025\/11\/SJ-Gauge-VMEPT1130-pressure-transmitter-industrial-automation.jpg","width":1200,"height":1000},{"@type":"BreadcrumbList","@id":"https:\/\/www.sj-gauge.com\/product\/vmept1130\/#breadcrumb","itemListElement":[{"@type":"ListItem","position":1,"name":"Home","item":"https:\/\/www.sj-gauge.com\/"},{"@type":"ListItem","position":2,"name":"Products","item":"https:\/\/www.sj-gauge.com\/products\/"},{"@type":"ListItem","position":3,"name":"Pressure Transmitter for Aggressive Media"}]},{"@type":"WebSite","@id":"https:\/\/www.sj-gauge.com\/#website","url":"https:\/\/www.sj-gauge.com\/","name":"SJ Gauge | Man\u00f3metros, term\u00f3metros y sensores de presi\u00f3n","description":"Fabricante de man\u00f3metros industriales, sensores de presi\u00f3n y transmisores. SJ Gauge ofrece alta precisi\u00f3n, materiales duraderos y soluciones personalizadas para aplicaciones de petr\u00f3leo y gas, qu\u00edmicas e industriales.","publisher":{"@id":"https:\/\/www.sj-gauge.com\/#organization"},"potentialAction":[{"@type":"SearchAction","target":{"@type":"EntryPoint","urlTemplate":"https:\/\/www.sj-gauge.com\/?s={search_term_string}"},"query-input":{"@type":"PropertyValueSpecification","valueRequired":true,"valueName":"search_term_string"}}],"inLanguage":"es"},{"@type":"Organization","@id":"https:\/\/www.sj-gauge.com\/#organization","name":"SJ Gauge | Man\u00f3metros, term\u00f3metros y sensores de presi\u00f3n","url":"https:\/\/www.sj-gauge.com\/","logo":{"@type":"ImageObject","inLanguage":"es","@id":"https:\/\/www.sj-gauge.com\/#\/schema\/logo\/image\/","url":"https:\/\/www.sj-gauge.com\/wp-content\/uploads\/2025\/09\/logo.webp","contentUrl":"https:\/\/www.sj-gauge.com\/wp-content\/uploads\/2025\/09\/logo.webp","width":348,"height":184,"caption":"SJ Gauge | Pressure Gauges, Thermometers &amp; Pressure Sensors"},"image":{"@id":"https:\/\/www.sj-gauge.com\/#\/schema\/logo\/image\/"}}]}},"_links":{"self":[{"href":"https:\/\/www.sj-gauge.com\/es\/wp-json\/wp\/v2\/product\/1427","targetHints":{"allow":["GET"]}}],"collection":[{"href":"https:\/\/www.sj-gauge.com\/es\/wp-json\/wp\/v2\/product"}],"about":[{"href":"https:\/\/www.sj-gauge.com\/es\/wp-json\/wp\/v2\/types\/product"}],"wp:featuredmedia":[{"embeddable":true,"href":"https:\/\/www.sj-gauge.com\/es\/wp-json\/wp\/v2\/media\/1429"}],"wp:attachment":[{"href":"https:\/\/www.sj-gauge.com\/es\/wp-json\/wp\/v2\/media?parent=1427"}],"wp:term":[{"taxonomy":"product_brand","embeddable":true,"href":"https:\/\/www.sj-gauge.com\/es\/wp-json\/wp\/v2\/product_brand?post=1427"},{"taxonomy":"product_cat","embeddable":true,"href":"https:\/\/www.sj-gauge.com\/es\/wp-json\/wp\/v2\/product_cat?post=1427"},{"taxonomy":"product_tag","embeddable":true,"href":"https:\/\/www.sj-gauge.com\/es\/wp-json\/wp\/v2\/product_tag?post=1427"}],"curies":[{"name":"wp","href":"https:\/\/api.w.org\/{rel}","templated":true}]}}