{"id":1457,"date":"2025-11-07T11:24:47","date_gmt":"2025-11-07T03:24:47","guid":{"rendered":"https:\/\/sj-gauge.com\/?post_type=product&#038;p=1457"},"modified":"2026-03-26T20:49:32","modified_gmt":"2026-03-26T12:49:32","slug":"mxp","status":"publish","type":"product","link":"https:\/\/www.sj-gauge.com\/es\/producto\/mxp\/","title":{"rendered":"Man\u00f3metro digital de alta precisi\u00f3n"},"content":{"rendered":"<p>El man\u00f3metro digital de alta precisi\u00f3n MXP est\u00e1 dise\u00f1ado para la calibraci\u00f3n profesional y la medici\u00f3n industrial, y ofrece niveles de precisi\u00f3n de hasta \u00b10,025% F.S. y una r\u00e1pida velocidad de respuesta de 20-25 lecturas por segundo. Admite hasta ocho unidades de presi\u00f3n seleccionables y dispone de una pantalla LCD de 5,5 d\u00edgitos con retroiluminaci\u00f3n, funci\u00f3n de lectura de picos, modo de gr\u00e1fico de barras y capacidad de puesta a cero. Construido con un diafragma de acero inoxidable 316L, una conexi\u00f3n de proceso de acero inoxidable 304 y una duradera carcasa de aluminio niquelado, garantiza un rendimiento estable en una amplia gama de escalas de presi\u00f3n, desde 40 kPa hasta 100 MPa. Alimentado por una bater\u00eda de litio recargable 14500 con carga Micro-B, el MXP permite la carga durante el uso e incluye un malet\u00edn de transporte a prueba de golpes y un kit de accesorios, por lo que es ideal para la calibraci\u00f3n de equipos, pruebas neum\u00e1ticas e hidr\u00e1ulicas y trabajos de instrumentaci\u00f3n de precisi\u00f3n.<\/p>","protected":false},"excerpt":{"rendered":"<ul>\n<li>Precisi\u00f3n de hasta 0,025% F.S., ideal para la calibraci\u00f3n de instrumentos<\/li>\n<li>Precisi\u00f3n garantizada mediante calibraci\u00f3n con equipos avanzados de l\u00edderes mundiales del sector, como Mensor y GE.<\/li>\n<li>Bater\u00eda de litio integrada, que permite cargarla durante el uso (Micro-B)<\/li>\n<\/ul>","protected":false},"featured_media":1461,"template":"","meta":{"_acf_changed":false},"product_brand":[40],"product_cat":[16,41],"product_tag":[],"class_list":{"0":"post-1457","1":"product","2":"type-product","3":"status-publish","4":"has-post-thumbnail","6":"product_brand-sj-gauge","7":"product_cat-digital-pressure-gauge","8":"product_cat-pressure-instruments","10":"first","11":"instock","12":"shipping-taxable","13":"product-type-simple"},"acf":[],"yoast_head":"<!-- This site is optimized with the Yoast SEO Premium plugin v26.7 (Yoast SEO v27.4) - https:\/\/yoast.com\/product\/yoast-seo-premium-wordpress\/ -->\n<title>High Precision Digital Pressure Gauge | Calibration Use | SJ Gauge<\/title>\n<meta name=\"description\" content=\"MXP high precision digital pressure gauge with accuracy up to 0.025% F.S., designed for calibration and industrial measurement, featuring multi-unit selection, fast response, and rechargeable battery.\" \/>\n<meta name=\"robots\" content=\"index, follow, max-snippet:-1, max-image-preview:large, max-video-preview:-1\" \/>\n<link rel=\"canonical\" href=\"https:\/\/www.sj-gauge.com\/es\/producto\/mxp\/\" \/>\n<meta property=\"og:locale\" content=\"es_ES\" \/>\n<meta property=\"og:type\" content=\"article\" \/>\n<meta property=\"og:title\" content=\"Digital Pressure Gauge, High Precision\" \/>\n<meta property=\"og:description\" content=\"MXP high precision digital pressure gauge with accuracy up to 0.025% F.S., designed for calibration and industrial measurement, featuring multi-unit selection, fast response, and rechargeable battery.\" \/>\n<meta property=\"og:url\" content=\"https:\/\/www.sj-gauge.com\/es\/producto\/mxp\/\" \/>\n<meta property=\"og:site_name\" content=\"SJ Gauge | Pressure Gauges, Thermometers &amp; Pressure Sensors\" \/>\n<meta property=\"article:modified_time\" content=\"2026-03-26T12:49:32+00:00\" \/>\n<meta property=\"og:image\" content=\"https:\/\/www.sj-gauge.com\/wp-content\/uploads\/2025\/11\/01_SJ-Gauge_high_presicion_pressure_gauge-250205.jpg\" \/>\n\t<meta property=\"og:image:width\" content=\"1200\" \/>\n\t<meta property=\"og:image:height\" content=\"1000\" \/>\n\t<meta property=\"og:image:type\" content=\"image\/jpeg\" \/>\n<meta name=\"twitter:card\" content=\"summary_large_image\" \/>\n<meta name=\"twitter:label1\" content=\"Tiempo de lectura\" \/>\n\t<meta name=\"twitter:data1\" content=\"1 minuto\" \/>\n<script type=\"application\/ld+json\" class=\"yoast-schema-graph\">{\"@context\":\"https:\\\/\\\/schema.org\",\"@graph\":[{\"@type\":\"WebPage\",\"@id\":\"https:\\\/\\\/www.sj-gauge.com\\\/product\\\/mxp\\\/\",\"url\":\"https:\\\/\\\/www.sj-gauge.com\\\/product\\\/mxp\\\/\",\"name\":\"High Precision Digital Pressure Gauge | Calibration Use | SJ Gauge\",\"isPartOf\":{\"@id\":\"https:\\\/\\\/www.sj-gauge.com\\\/#website\"},\"primaryImageOfPage\":{\"@id\":\"https:\\\/\\\/www.sj-gauge.com\\\/product\\\/mxp\\\/#primaryimage\"},\"image\":{\"@id\":\"https:\\\/\\\/www.sj-gauge.com\\\/product\\\/mxp\\\/#primaryimage\"},\"thumbnailUrl\":\"https:\\\/\\\/www.sj-gauge.com\\\/wp-content\\\/uploads\\\/2025\\\/11\\\/01_SJ-Gauge_high_presicion_pressure_gauge-250205.jpg\",\"datePublished\":\"2025-11-07T03:24:47+00:00\",\"dateModified\":\"2026-03-26T12:49:32+00:00\",\"description\":\"MXP high precision digital pressure gauge with accuracy up to 0.025% F.S., designed for calibration and industrial measurement, featuring multi-unit selection, fast response, and rechargeable battery.\",\"breadcrumb\":{\"@id\":\"https:\\\/\\\/www.sj-gauge.com\\\/product\\\/mxp\\\/#breadcrumb\"},\"inLanguage\":\"es\",\"potentialAction\":[{\"@type\":\"ReadAction\",\"target\":[\"https:\\\/\\\/www.sj-gauge.com\\\/product\\\/mxp\\\/\"]}]},{\"@type\":\"ImageObject\",\"inLanguage\":\"es\",\"@id\":\"https:\\\/\\\/www.sj-gauge.com\\\/product\\\/mxp\\\/#primaryimage\",\"url\":\"https:\\\/\\\/www.sj-gauge.com\\\/wp-content\\\/uploads\\\/2025\\\/11\\\/01_SJ-Gauge_high_presicion_pressure_gauge-250205.jpg\",\"contentUrl\":\"https:\\\/\\\/www.sj-gauge.com\\\/wp-content\\\/uploads\\\/2025\\\/11\\\/01_SJ-Gauge_high_presicion_pressure_gauge-250205.jpg\",\"width\":1200,\"height\":1000},{\"@type\":\"BreadcrumbList\",\"@id\":\"https:\\\/\\\/www.sj-gauge.com\\\/product\\\/mxp\\\/#breadcrumb\",\"itemListElement\":[{\"@type\":\"ListItem\",\"position\":1,\"name\":\"Home\",\"item\":\"https:\\\/\\\/www.sj-gauge.com\\\/\"},{\"@type\":\"ListItem\",\"position\":2,\"name\":\"Products\",\"item\":\"https:\\\/\\\/www.sj-gauge.com\\\/products\\\/\"},{\"@type\":\"ListItem\",\"position\":3,\"name\":\"Digital Pressure Gauge, High Precision\"}]},{\"@type\":\"WebSite\",\"@id\":\"https:\\\/\\\/www.sj-gauge.com\\\/#website\",\"url\":\"https:\\\/\\\/www.sj-gauge.com\\\/\",\"name\":\"SJ Gauge | Pressure Gauges, Thermometers &amp; Pressure Sensors\",\"description\":\"Manufacturer of industrial pressure gauges, pressure sensors, and transmitters. SJ Gauge provides high accuracy, durable materials, and custom solutions for oil &amp; gas, chemical, and industrial applications.\",\"publisher\":{\"@id\":\"https:\\\/\\\/www.sj-gauge.com\\\/#organization\"},\"potentialAction\":[{\"@type\":\"SearchAction\",\"target\":{\"@type\":\"EntryPoint\",\"urlTemplate\":\"https:\\\/\\\/www.sj-gauge.com\\\/?s={search_term_string}\"},\"query-input\":{\"@type\":\"PropertyValueSpecification\",\"valueRequired\":true,\"valueName\":\"search_term_string\"}}],\"inLanguage\":\"es\"},{\"@type\":\"Organization\",\"@id\":\"https:\\\/\\\/www.sj-gauge.com\\\/#organization\",\"name\":\"SJ Gauge | Pressure Gauges, Thermometers &amp; Pressure Sensors\",\"url\":\"https:\\\/\\\/www.sj-gauge.com\\\/\",\"logo\":{\"@type\":\"ImageObject\",\"inLanguage\":\"es\",\"@id\":\"https:\\\/\\\/www.sj-gauge.com\\\/#\\\/schema\\\/logo\\\/image\\\/\",\"url\":\"https:\\\/\\\/www.sj-gauge.com\\\/wp-content\\\/uploads\\\/2025\\\/09\\\/logo.webp\",\"contentUrl\":\"https:\\\/\\\/www.sj-gauge.com\\\/wp-content\\\/uploads\\\/2025\\\/09\\\/logo.webp\",\"width\":348,\"height\":184,\"caption\":\"SJ Gauge | Pressure Gauges, Thermometers &amp; Pressure Sensors\"},\"image\":{\"@id\":\"https:\\\/\\\/www.sj-gauge.com\\\/#\\\/schema\\\/logo\\\/image\\\/\"}}]}<\/script>\n<!-- \/ Yoast SEO Premium plugin. -->","yoast_head_json":{"title":"Man\u00f3metro digital de alta precisi\u00f3n | Uso para calibraci\u00f3n | Man\u00f3metro SJ","description":"Man\u00f3metro digital de alta precisi\u00f3n MXP con precisi\u00f3n de hasta 0,025% F.S., dise\u00f1ado para calibraci\u00f3n y medici\u00f3n industrial, con selecci\u00f3n de varias unidades, respuesta r\u00e1pida y bater\u00eda recargable.","robots":{"index":"index","follow":"follow","max-snippet":"max-snippet:-1","max-image-preview":"max-image-preview:large","max-video-preview":"max-video-preview:-1"},"canonical":"https:\/\/www.sj-gauge.com\/es\/producto\/mxp\/","og_locale":"es_ES","og_type":"article","og_title":"Digital Pressure Gauge, High Precision","og_description":"MXP high precision digital pressure gauge with accuracy up to 0.025% F.S., designed for calibration and industrial measurement, featuring multi-unit selection, fast response, and rechargeable battery.","og_url":"https:\/\/www.sj-gauge.com\/es\/producto\/mxp\/","og_site_name":"SJ Gauge | Pressure Gauges, Thermometers &amp; Pressure Sensors","article_modified_time":"2026-03-26T12:49:32+00:00","og_image":[{"width":1200,"height":1000,"url":"https:\/\/www.sj-gauge.com\/wp-content\/uploads\/2025\/11\/01_SJ-Gauge_high_presicion_pressure_gauge-250205.jpg","type":"image\/jpeg"}],"twitter_card":"summary_large_image","twitter_misc":{"Tiempo de lectura":"1 minuto"},"schema":{"@context":"https:\/\/schema.org","@graph":[{"@type":"WebPage","@id":"https:\/\/www.sj-gauge.com\/product\/mxp\/","url":"https:\/\/www.sj-gauge.com\/product\/mxp\/","name":"Man\u00f3metro digital de alta precisi\u00f3n | Uso para calibraci\u00f3n | Man\u00f3metro SJ","isPartOf":{"@id":"https:\/\/www.sj-gauge.com\/#website"},"primaryImageOfPage":{"@id":"https:\/\/www.sj-gauge.com\/product\/mxp\/#primaryimage"},"image":{"@id":"https:\/\/www.sj-gauge.com\/product\/mxp\/#primaryimage"},"thumbnailUrl":"https:\/\/www.sj-gauge.com\/wp-content\/uploads\/2025\/11\/01_SJ-Gauge_high_presicion_pressure_gauge-250205.jpg","datePublished":"2025-11-07T03:24:47+00:00","dateModified":"2026-03-26T12:49:32+00:00","description":"Man\u00f3metro digital de alta precisi\u00f3n MXP con precisi\u00f3n de hasta 0,025% F.S., dise\u00f1ado para calibraci\u00f3n y medici\u00f3n industrial, con selecci\u00f3n de varias unidades, respuesta r\u00e1pida y bater\u00eda recargable.","breadcrumb":{"@id":"https:\/\/www.sj-gauge.com\/product\/mxp\/#breadcrumb"},"inLanguage":"es","potentialAction":[{"@type":"ReadAction","target":["https:\/\/www.sj-gauge.com\/product\/mxp\/"]}]},{"@type":"ImageObject","inLanguage":"es","@id":"https:\/\/www.sj-gauge.com\/product\/mxp\/#primaryimage","url":"https:\/\/www.sj-gauge.com\/wp-content\/uploads\/2025\/11\/01_SJ-Gauge_high_presicion_pressure_gauge-250205.jpg","contentUrl":"https:\/\/www.sj-gauge.com\/wp-content\/uploads\/2025\/11\/01_SJ-Gauge_high_presicion_pressure_gauge-250205.jpg","width":1200,"height":1000},{"@type":"BreadcrumbList","@id":"https:\/\/www.sj-gauge.com\/product\/mxp\/#breadcrumb","itemListElement":[{"@type":"ListItem","position":1,"name":"Home","item":"https:\/\/www.sj-gauge.com\/"},{"@type":"ListItem","position":2,"name":"Products","item":"https:\/\/www.sj-gauge.com\/products\/"},{"@type":"ListItem","position":3,"name":"Digital Pressure Gauge, High Precision"}]},{"@type":"WebSite","@id":"https:\/\/www.sj-gauge.com\/#website","url":"https:\/\/www.sj-gauge.com\/","name":"SJ Gauge | Man\u00f3metros, term\u00f3metros y sensores de presi\u00f3n","description":"Fabricante de man\u00f3metros industriales, sensores de presi\u00f3n y transmisores. SJ Gauge ofrece alta precisi\u00f3n, materiales duraderos y soluciones personalizadas para aplicaciones de petr\u00f3leo y gas, qu\u00edmicas e industriales.","publisher":{"@id":"https:\/\/www.sj-gauge.com\/#organization"},"potentialAction":[{"@type":"SearchAction","target":{"@type":"EntryPoint","urlTemplate":"https:\/\/www.sj-gauge.com\/?s={search_term_string}"},"query-input":{"@type":"PropertyValueSpecification","valueRequired":true,"valueName":"search_term_string"}}],"inLanguage":"es"},{"@type":"Organization","@id":"https:\/\/www.sj-gauge.com\/#organization","name":"SJ Gauge | Man\u00f3metros, term\u00f3metros y sensores de presi\u00f3n","url":"https:\/\/www.sj-gauge.com\/","logo":{"@type":"ImageObject","inLanguage":"es","@id":"https:\/\/www.sj-gauge.com\/#\/schema\/logo\/image\/","url":"https:\/\/www.sj-gauge.com\/wp-content\/uploads\/2025\/09\/logo.webp","contentUrl":"https:\/\/www.sj-gauge.com\/wp-content\/uploads\/2025\/09\/logo.webp","width":348,"height":184,"caption":"SJ Gauge | Pressure Gauges, Thermometers &amp; Pressure Sensors"},"image":{"@id":"https:\/\/www.sj-gauge.com\/#\/schema\/logo\/image\/"}}]}},"_links":{"self":[{"href":"https:\/\/www.sj-gauge.com\/es\/wp-json\/wp\/v2\/product\/1457","targetHints":{"allow":["GET"]}}],"collection":[{"href":"https:\/\/www.sj-gauge.com\/es\/wp-json\/wp\/v2\/product"}],"about":[{"href":"https:\/\/www.sj-gauge.com\/es\/wp-json\/wp\/v2\/types\/product"}],"wp:featuredmedia":[{"embeddable":true,"href":"https:\/\/www.sj-gauge.com\/es\/wp-json\/wp\/v2\/media\/1461"}],"wp:attachment":[{"href":"https:\/\/www.sj-gauge.com\/es\/wp-json\/wp\/v2\/media?parent=1457"}],"wp:term":[{"taxonomy":"product_brand","embeddable":true,"href":"https:\/\/www.sj-gauge.com\/es\/wp-json\/wp\/v2\/product_brand?post=1457"},{"taxonomy":"product_cat","embeddable":true,"href":"https:\/\/www.sj-gauge.com\/es\/wp-json\/wp\/v2\/product_cat?post=1457"},{"taxonomy":"product_tag","embeddable":true,"href":"https:\/\/www.sj-gauge.com\/es\/wp-json\/wp\/v2\/product_tag?post=1457"}],"curies":[{"name":"wp","href":"https:\/\/api.w.org\/{rel}","templated":true}]}}