{"id":1484,"date":"2025-11-07T13:53:20","date_gmt":"2025-11-07T05:53:20","guid":{"rendered":"https:\/\/sj-gauge.com\/?post_type=product&#038;p=1484"},"modified":"2026-03-26T22:30:40","modified_gmt":"2026-03-26T14:30:40","slug":"mxe4","status":"publish","type":"product","link":"https:\/\/www.sj-gauge.com\/es\/producto\/mxe4\/","title":{"rendered":"Man\u00f3metro digital, contacto electr\u00f3nico"},"content":{"rendered":"<p>El man\u00f3metro digital de contacto electr\u00f3nico MXE4 cuenta con una pantalla digital de alta precisi\u00f3n y puntos de control superior\/inferior ajustables, lo que evita las se\u00f1ales falsas causadas por la vibraci\u00f3n del puntero y permite la configuraci\u00f3n in situ de los valores de presi\u00f3n de conmutaci\u00f3n. Disponible en tama\u00f1os de 3\u2033 y 4\u2033, cubre rangos de presi\u00f3n de 10 kPa a 1000 MPa y admite m\u00faltiples unidades de presi\u00f3n, entradas de tensi\u00f3n y modos de contacto conmutado para satisfacer diversos requisitos de control industrial. Construido con acero inoxidable 304\/316L, rel\u00e9s Omron y un grado de protecci\u00f3n IP54, incluye funciones como calibraci\u00f3n cero, conmutaci\u00f3n de unidades y configuraci\u00f3n de l\u00edmites superior\/inferior. Esto hace que el MXE4 sea ideal para la protecci\u00f3n de bombas, sistemas de automatizaci\u00f3n, supervisi\u00f3n de tuber\u00edas y diversas aplicaciones de control de presi\u00f3n.<\/p>","protected":false},"excerpt":{"rendered":"<ul>\n<li>Valor ajustado con precisi\u00f3n para evitar eficazmente las se\u00f1ales incorrectas de la vibraci\u00f3n del puntero.<\/li>\n<li>Ajuste f\u00e1cilmente los valores del presostato en el sitio<\/li>\n<li>Varios ajustes de tensi\u00f3n de funcionamiento y contactos de conmutaci\u00f3n para diferentes aplicaciones<\/li>\n<\/ul>","protected":false},"featured_media":1485,"template":"","meta":{"_acf_changed":false},"product_brand":[40],"product_cat":[16,41],"product_tag":[],"class_list":{"0":"post-1484","1":"product","2":"type-product","3":"status-publish","4":"has-post-thumbnail","6":"product_brand-sj-gauge","7":"product_cat-digital-pressure-gauge","8":"product_cat-pressure-instruments","10":"first","11":"instock","12":"shipping-taxable","13":"product-type-simple"},"acf":[],"yoast_head":"<!-- This site is optimized with the Yoast SEO Premium plugin v26.7 (Yoast SEO v27.4) - https:\/\/yoast.com\/product\/yoast-seo-premium-wordpress\/ -->\n<title>Digital Pressure Gauge with Alarm &amp; Switch Output | Industrial Control | SJ Gauge<\/title>\n<meta name=\"description\" content=\"MXE4 digital pressure gauge with electronic contact function, featuring switch output, alarm setting, and high-accuracy display, ideal for industrial control, pump protection, and automation systems.\" \/>\n<meta name=\"robots\" content=\"index, follow, max-snippet:-1, max-image-preview:large, max-video-preview:-1\" \/>\n<link rel=\"canonical\" href=\"https:\/\/www.sj-gauge.com\/es\/producto\/mxe4\/\" \/>\n<meta property=\"og:locale\" content=\"es_ES\" \/>\n<meta property=\"og:type\" content=\"article\" \/>\n<meta property=\"og:title\" content=\"Digital Pressure Gauge, Electronic Contact\" \/>\n<meta property=\"og:description\" content=\"MXE4 digital pressure gauge with electronic contact function, featuring switch output, alarm setting, and high-accuracy display, ideal for industrial control, pump protection, and automation systems.\" \/>\n<meta property=\"og:url\" content=\"https:\/\/www.sj-gauge.com\/es\/producto\/mxe4\/\" \/>\n<meta property=\"og:site_name\" content=\"SJ Gauge | Pressure Gauges, Thermometers &amp; Pressure Sensors\" \/>\n<meta property=\"article:modified_time\" content=\"2026-03-26T14:30:40+00:00\" \/>\n<meta property=\"og:image\" content=\"https:\/\/www.sj-gauge.com\/wp-content\/uploads\/2025\/11\/01_SJ-Gauge_digital_display_pressure_gauge_with_switch_contact-250205.jpg\" \/>\n\t<meta property=\"og:image:width\" content=\"1200\" \/>\n\t<meta property=\"og:image:height\" content=\"1000\" \/>\n\t<meta property=\"og:image:type\" content=\"image\/jpeg\" \/>\n<meta name=\"twitter:card\" content=\"summary_large_image\" \/>\n<meta name=\"twitter:label1\" content=\"Tiempo de lectura\" \/>\n\t<meta name=\"twitter:data1\" content=\"1 minuto\" \/>\n<script type=\"application\/ld+json\" class=\"yoast-schema-graph\">{\"@context\":\"https:\\\/\\\/schema.org\",\"@graph\":[{\"@type\":\"WebPage\",\"@id\":\"https:\\\/\\\/www.sj-gauge.com\\\/product\\\/mxe4\\\/\",\"url\":\"https:\\\/\\\/www.sj-gauge.com\\\/product\\\/mxe4\\\/\",\"name\":\"Digital Pressure Gauge with Alarm & Switch Output | Industrial Control | SJ Gauge\",\"isPartOf\":{\"@id\":\"https:\\\/\\\/www.sj-gauge.com\\\/#website\"},\"primaryImageOfPage\":{\"@id\":\"https:\\\/\\\/www.sj-gauge.com\\\/product\\\/mxe4\\\/#primaryimage\"},\"image\":{\"@id\":\"https:\\\/\\\/www.sj-gauge.com\\\/product\\\/mxe4\\\/#primaryimage\"},\"thumbnailUrl\":\"https:\\\/\\\/www.sj-gauge.com\\\/wp-content\\\/uploads\\\/2025\\\/11\\\/01_SJ-Gauge_digital_display_pressure_gauge_with_switch_contact-250205.jpg\",\"datePublished\":\"2025-11-07T05:53:20+00:00\",\"dateModified\":\"2026-03-26T14:30:40+00:00\",\"description\":\"MXE4 digital pressure gauge with electronic contact function, featuring switch output, alarm setting, and high-accuracy display, ideal for industrial control, pump protection, and automation systems.\",\"breadcrumb\":{\"@id\":\"https:\\\/\\\/www.sj-gauge.com\\\/product\\\/mxe4\\\/#breadcrumb\"},\"inLanguage\":\"es\",\"potentialAction\":[{\"@type\":\"ReadAction\",\"target\":[\"https:\\\/\\\/www.sj-gauge.com\\\/product\\\/mxe4\\\/\"]}]},{\"@type\":\"ImageObject\",\"inLanguage\":\"es\",\"@id\":\"https:\\\/\\\/www.sj-gauge.com\\\/product\\\/mxe4\\\/#primaryimage\",\"url\":\"https:\\\/\\\/www.sj-gauge.com\\\/wp-content\\\/uploads\\\/2025\\\/11\\\/01_SJ-Gauge_digital_display_pressure_gauge_with_switch_contact-250205.jpg\",\"contentUrl\":\"https:\\\/\\\/www.sj-gauge.com\\\/wp-content\\\/uploads\\\/2025\\\/11\\\/01_SJ-Gauge_digital_display_pressure_gauge_with_switch_contact-250205.jpg\",\"width\":1200,\"height\":1000},{\"@type\":\"BreadcrumbList\",\"@id\":\"https:\\\/\\\/www.sj-gauge.com\\\/product\\\/mxe4\\\/#breadcrumb\",\"itemListElement\":[{\"@type\":\"ListItem\",\"position\":1,\"name\":\"Home\",\"item\":\"https:\\\/\\\/www.sj-gauge.com\\\/\"},{\"@type\":\"ListItem\",\"position\":2,\"name\":\"Products\",\"item\":\"https:\\\/\\\/www.sj-gauge.com\\\/products\\\/\"},{\"@type\":\"ListItem\",\"position\":3,\"name\":\"Digital Pressure Gauge, Electronic Contact\"}]},{\"@type\":\"WebSite\",\"@id\":\"https:\\\/\\\/www.sj-gauge.com\\\/#website\",\"url\":\"https:\\\/\\\/www.sj-gauge.com\\\/\",\"name\":\"SJ Gauge | Pressure Gauges, Thermometers &amp; Pressure Sensors\",\"description\":\"Manufacturer of industrial pressure gauges, pressure sensors, and transmitters. SJ Gauge provides high accuracy, durable materials, and custom solutions for oil &amp; gas, chemical, and industrial applications.\",\"publisher\":{\"@id\":\"https:\\\/\\\/www.sj-gauge.com\\\/#organization\"},\"potentialAction\":[{\"@type\":\"SearchAction\",\"target\":{\"@type\":\"EntryPoint\",\"urlTemplate\":\"https:\\\/\\\/www.sj-gauge.com\\\/?s={search_term_string}\"},\"query-input\":{\"@type\":\"PropertyValueSpecification\",\"valueRequired\":true,\"valueName\":\"search_term_string\"}}],\"inLanguage\":\"es\"},{\"@type\":\"Organization\",\"@id\":\"https:\\\/\\\/www.sj-gauge.com\\\/#organization\",\"name\":\"SJ Gauge | Pressure Gauges, Thermometers &amp; Pressure Sensors\",\"url\":\"https:\\\/\\\/www.sj-gauge.com\\\/\",\"logo\":{\"@type\":\"ImageObject\",\"inLanguage\":\"es\",\"@id\":\"https:\\\/\\\/www.sj-gauge.com\\\/#\\\/schema\\\/logo\\\/image\\\/\",\"url\":\"https:\\\/\\\/www.sj-gauge.com\\\/wp-content\\\/uploads\\\/2025\\\/09\\\/logo.webp\",\"contentUrl\":\"https:\\\/\\\/www.sj-gauge.com\\\/wp-content\\\/uploads\\\/2025\\\/09\\\/logo.webp\",\"width\":348,\"height\":184,\"caption\":\"SJ Gauge | Pressure Gauges, Thermometers &amp; Pressure Sensors\"},\"image\":{\"@id\":\"https:\\\/\\\/www.sj-gauge.com\\\/#\\\/schema\\\/logo\\\/image\\\/\"}}]}<\/script>\n<!-- \/ Yoast SEO Premium plugin. -->","yoast_head_json":{"title":"Man\u00f3metro digital con alarma y salida de conmutaci\u00f3n | Control industrial | SJ Gauge","description":"Man\u00f3metro digital MXE4 con funci\u00f3n de contacto electr\u00f3nico, con salida de conmutaci\u00f3n, ajuste de alarma y pantalla de alta precisi\u00f3n, ideal para control industrial, protecci\u00f3n de bombas y sistemas de automatizaci\u00f3n.","robots":{"index":"index","follow":"follow","max-snippet":"max-snippet:-1","max-image-preview":"max-image-preview:large","max-video-preview":"max-video-preview:-1"},"canonical":"https:\/\/www.sj-gauge.com\/es\/producto\/mxe4\/","og_locale":"es_ES","og_type":"article","og_title":"Digital Pressure Gauge, Electronic Contact","og_description":"MXE4 digital pressure gauge with electronic contact function, featuring switch output, alarm setting, and high-accuracy display, ideal for industrial control, pump protection, and automation systems.","og_url":"https:\/\/www.sj-gauge.com\/es\/producto\/mxe4\/","og_site_name":"SJ Gauge | Pressure Gauges, Thermometers &amp; Pressure Sensors","article_modified_time":"2026-03-26T14:30:40+00:00","og_image":[{"width":1200,"height":1000,"url":"https:\/\/www.sj-gauge.com\/wp-content\/uploads\/2025\/11\/01_SJ-Gauge_digital_display_pressure_gauge_with_switch_contact-250205.jpg","type":"image\/jpeg"}],"twitter_card":"summary_large_image","twitter_misc":{"Tiempo de lectura":"1 minuto"},"schema":{"@context":"https:\/\/schema.org","@graph":[{"@type":"WebPage","@id":"https:\/\/www.sj-gauge.com\/product\/mxe4\/","url":"https:\/\/www.sj-gauge.com\/product\/mxe4\/","name":"Man\u00f3metro digital con alarma y salida de conmutaci\u00f3n | Control industrial | SJ Gauge","isPartOf":{"@id":"https:\/\/www.sj-gauge.com\/#website"},"primaryImageOfPage":{"@id":"https:\/\/www.sj-gauge.com\/product\/mxe4\/#primaryimage"},"image":{"@id":"https:\/\/www.sj-gauge.com\/product\/mxe4\/#primaryimage"},"thumbnailUrl":"https:\/\/www.sj-gauge.com\/wp-content\/uploads\/2025\/11\/01_SJ-Gauge_digital_display_pressure_gauge_with_switch_contact-250205.jpg","datePublished":"2025-11-07T05:53:20+00:00","dateModified":"2026-03-26T14:30:40+00:00","description":"Man\u00f3metro digital MXE4 con funci\u00f3n de contacto electr\u00f3nico, con salida de conmutaci\u00f3n, ajuste de alarma y pantalla de alta precisi\u00f3n, ideal para control industrial, protecci\u00f3n de bombas y sistemas de automatizaci\u00f3n.","breadcrumb":{"@id":"https:\/\/www.sj-gauge.com\/product\/mxe4\/#breadcrumb"},"inLanguage":"es","potentialAction":[{"@type":"ReadAction","target":["https:\/\/www.sj-gauge.com\/product\/mxe4\/"]}]},{"@type":"ImageObject","inLanguage":"es","@id":"https:\/\/www.sj-gauge.com\/product\/mxe4\/#primaryimage","url":"https:\/\/www.sj-gauge.com\/wp-content\/uploads\/2025\/11\/01_SJ-Gauge_digital_display_pressure_gauge_with_switch_contact-250205.jpg","contentUrl":"https:\/\/www.sj-gauge.com\/wp-content\/uploads\/2025\/11\/01_SJ-Gauge_digital_display_pressure_gauge_with_switch_contact-250205.jpg","width":1200,"height":1000},{"@type":"BreadcrumbList","@id":"https:\/\/www.sj-gauge.com\/product\/mxe4\/#breadcrumb","itemListElement":[{"@type":"ListItem","position":1,"name":"Home","item":"https:\/\/www.sj-gauge.com\/"},{"@type":"ListItem","position":2,"name":"Products","item":"https:\/\/www.sj-gauge.com\/products\/"},{"@type":"ListItem","position":3,"name":"Digital Pressure Gauge, Electronic Contact"}]},{"@type":"WebSite","@id":"https:\/\/www.sj-gauge.com\/#website","url":"https:\/\/www.sj-gauge.com\/","name":"SJ Gauge | Man\u00f3metros, term\u00f3metros y sensores de presi\u00f3n","description":"Fabricante de man\u00f3metros industriales, sensores de presi\u00f3n y transmisores. SJ Gauge ofrece alta precisi\u00f3n, materiales duraderos y soluciones personalizadas para aplicaciones de petr\u00f3leo y gas, qu\u00edmicas e industriales.","publisher":{"@id":"https:\/\/www.sj-gauge.com\/#organization"},"potentialAction":[{"@type":"SearchAction","target":{"@type":"EntryPoint","urlTemplate":"https:\/\/www.sj-gauge.com\/?s={search_term_string}"},"query-input":{"@type":"PropertyValueSpecification","valueRequired":true,"valueName":"search_term_string"}}],"inLanguage":"es"},{"@type":"Organization","@id":"https:\/\/www.sj-gauge.com\/#organization","name":"SJ Gauge | Man\u00f3metros, term\u00f3metros y sensores de presi\u00f3n","url":"https:\/\/www.sj-gauge.com\/","logo":{"@type":"ImageObject","inLanguage":"es","@id":"https:\/\/www.sj-gauge.com\/#\/schema\/logo\/image\/","url":"https:\/\/www.sj-gauge.com\/wp-content\/uploads\/2025\/09\/logo.webp","contentUrl":"https:\/\/www.sj-gauge.com\/wp-content\/uploads\/2025\/09\/logo.webp","width":348,"height":184,"caption":"SJ Gauge | Pressure Gauges, Thermometers &amp; Pressure Sensors"},"image":{"@id":"https:\/\/www.sj-gauge.com\/#\/schema\/logo\/image\/"}}]}},"_links":{"self":[{"href":"https:\/\/www.sj-gauge.com\/es\/wp-json\/wp\/v2\/product\/1484","targetHints":{"allow":["GET"]}}],"collection":[{"href":"https:\/\/www.sj-gauge.com\/es\/wp-json\/wp\/v2\/product"}],"about":[{"href":"https:\/\/www.sj-gauge.com\/es\/wp-json\/wp\/v2\/types\/product"}],"wp:featuredmedia":[{"embeddable":true,"href":"https:\/\/www.sj-gauge.com\/es\/wp-json\/wp\/v2\/media\/1485"}],"wp:attachment":[{"href":"https:\/\/www.sj-gauge.com\/es\/wp-json\/wp\/v2\/media?parent=1484"}],"wp:term":[{"taxonomy":"product_brand","embeddable":true,"href":"https:\/\/www.sj-gauge.com\/es\/wp-json\/wp\/v2\/product_brand?post=1484"},{"taxonomy":"product_cat","embeddable":true,"href":"https:\/\/www.sj-gauge.com\/es\/wp-json\/wp\/v2\/product_cat?post=1484"},{"taxonomy":"product_tag","embeddable":true,"href":"https:\/\/www.sj-gauge.com\/es\/wp-json\/wp\/v2\/product_tag?post=1484"}],"curies":[{"name":"wp","href":"https:\/\/api.w.org\/{rel}","templated":true}]}}