{"id":1504,"date":"2025-11-07T14:26:57","date_gmt":"2025-11-07T06:26:57","guid":{"rendered":"https:\/\/sj-gauge.com\/?post_type=product&#038;p=1504"},"modified":"2026-03-26T22:42:02","modified_gmt":"2026-03-26T14:42:02","slug":"prd-fef","status":"publish","type":"product","link":"https:\/\/www.sj-gauge.com\/es\/producto\/prd-fef\/","title":{"rendered":"Man\u00f3metro digital, se\u00f1al de salida RS485"},"content":{"rendered":"<p>El PRD-FEF es un man\u00f3metro digital con salida de comunicaci\u00f3n RS-485, dise\u00f1ado para la supervisi\u00f3n remota y la integraci\u00f3n de sistemas. Cubre rangos de presi\u00f3n de 5 kPa a 800 bar con opciones de precisi\u00f3n de hasta \u00b10,25% F.S., y cuenta con un elemento sensor de acero inoxidable 316 con piezas h\u00famedas de acero inoxidable 304 para una fiabilidad a largo plazo. Su pantalla LCD de 2,5 pulgadas proporciona lecturas claras en tiempo real y funciona con una fuente de alimentaci\u00f3n de 16-32 V CC. Con un tiempo de respuesta inferior a 50 ms, unidades de presi\u00f3n personalizables, m\u00faltiples opciones de rosca y compatibilidad con elementos de refrigeraci\u00f3n, el PRD-FEF es ideal para sistemas de automatizaci\u00f3n, supervisi\u00f3n de procesos, adquisici\u00f3n remota de presi\u00f3n y aplicaciones de comunicaci\u00f3n industrial.<\/p>","protected":false},"excerpt":{"rendered":"<ul>\n<li>Se\u00f1al de salida RS-485, para supervisi\u00f3n remota<\/li>\n<li>El panel LCD muestra los datos al instante<\/li>\n<li>Rango de medici\u00f3n de presi\u00f3n de 0 ... 10 kPa a 0 ... 1000 kg\/cm2<\/li>\n<\/ul>","protected":false},"featured_media":1506,"template":"","meta":{"_acf_changed":false},"product_brand":[40],"product_cat":[16,41],"product_tag":[],"class_list":{"0":"post-1504","1":"product","2":"type-product","3":"status-publish","4":"has-post-thumbnail","6":"product_brand-sj-gauge","7":"product_cat-digital-pressure-gauge","8":"product_cat-pressure-instruments","10":"first","11":"instock","12":"shipping-taxable","13":"product-type-simple"},"acf":[],"yoast_head":"<!-- This site is optimized with the Yoast SEO Premium plugin v26.7 (Yoast SEO v27.4) - https:\/\/yoast.com\/product\/yoast-seo-premium-wordpress\/ -->\n<title>RS485 Digital Pressure Gauge | Modbus Communication | SJ Gauge<\/title>\n<meta name=\"description\" content=\"PRD-FEF digital pressure gauge with RS485 (Modbus) communication, designed for industrial automation and remote monitoring, offering reliable data transmission and real-time pressure measurement.\" \/>\n<meta name=\"robots\" content=\"index, follow, max-snippet:-1, max-image-preview:large, max-video-preview:-1\" \/>\n<link rel=\"canonical\" href=\"https:\/\/www.sj-gauge.com\/es\/producto\/prd-fef\/\" \/>\n<meta property=\"og:locale\" content=\"es_ES\" \/>\n<meta property=\"og:type\" content=\"article\" \/>\n<meta property=\"og:title\" content=\"Digital Pressure Gauge, RS485 Output Signal\" \/>\n<meta property=\"og:description\" content=\"PRD-FEF digital pressure gauge with RS485 (Modbus) communication, designed for industrial automation and remote monitoring, offering reliable data transmission and real-time pressure measurement.\" \/>\n<meta property=\"og:url\" content=\"https:\/\/www.sj-gauge.com\/es\/producto\/prd-fef\/\" \/>\n<meta property=\"og:site_name\" content=\"SJ Gauge | Pressure Gauges, Thermometers &amp; Pressure Sensors\" \/>\n<meta property=\"article:modified_time\" content=\"2026-03-26T14:42:02+00:00\" \/>\n<meta property=\"og:image\" content=\"https:\/\/www.sj-gauge.com\/wp-content\/uploads\/2025\/11\/SJ-Gauge_Digital_pressure_gauge_with_RS485_output_signal-250205.jpg\" \/>\n\t<meta property=\"og:image:width\" content=\"1200\" \/>\n\t<meta property=\"og:image:height\" content=\"1000\" \/>\n\t<meta property=\"og:image:type\" content=\"image\/jpeg\" \/>\n<meta name=\"twitter:card\" content=\"summary_large_image\" \/>\n<meta name=\"twitter:label1\" content=\"Tiempo de lectura\" \/>\n\t<meta name=\"twitter:data1\" content=\"1 minuto\" \/>\n<script type=\"application\/ld+json\" class=\"yoast-schema-graph\">{\"@context\":\"https:\\\/\\\/schema.org\",\"@graph\":[{\"@type\":\"WebPage\",\"@id\":\"https:\\\/\\\/www.sj-gauge.com\\\/product\\\/prd-fef\\\/\",\"url\":\"https:\\\/\\\/www.sj-gauge.com\\\/product\\\/prd-fef\\\/\",\"name\":\"RS485 Digital Pressure Gauge | Modbus Communication | SJ Gauge\",\"isPartOf\":{\"@id\":\"https:\\\/\\\/www.sj-gauge.com\\\/#website\"},\"primaryImageOfPage\":{\"@id\":\"https:\\\/\\\/www.sj-gauge.com\\\/product\\\/prd-fef\\\/#primaryimage\"},\"image\":{\"@id\":\"https:\\\/\\\/www.sj-gauge.com\\\/product\\\/prd-fef\\\/#primaryimage\"},\"thumbnailUrl\":\"https:\\\/\\\/www.sj-gauge.com\\\/wp-content\\\/uploads\\\/2025\\\/11\\\/SJ-Gauge_Digital_pressure_gauge_with_RS485_output_signal-250205.jpg\",\"datePublished\":\"2025-11-07T06:26:57+00:00\",\"dateModified\":\"2026-03-26T14:42:02+00:00\",\"description\":\"PRD-FEF digital pressure gauge with RS485 (Modbus) communication, designed for industrial automation and remote monitoring, offering reliable data transmission and real-time pressure measurement.\",\"breadcrumb\":{\"@id\":\"https:\\\/\\\/www.sj-gauge.com\\\/product\\\/prd-fef\\\/#breadcrumb\"},\"inLanguage\":\"es\",\"potentialAction\":[{\"@type\":\"ReadAction\",\"target\":[\"https:\\\/\\\/www.sj-gauge.com\\\/product\\\/prd-fef\\\/\"]}]},{\"@type\":\"ImageObject\",\"inLanguage\":\"es\",\"@id\":\"https:\\\/\\\/www.sj-gauge.com\\\/product\\\/prd-fef\\\/#primaryimage\",\"url\":\"https:\\\/\\\/www.sj-gauge.com\\\/wp-content\\\/uploads\\\/2025\\\/11\\\/SJ-Gauge_Digital_pressure_gauge_with_RS485_output_signal-250205.jpg\",\"contentUrl\":\"https:\\\/\\\/www.sj-gauge.com\\\/wp-content\\\/uploads\\\/2025\\\/11\\\/SJ-Gauge_Digital_pressure_gauge_with_RS485_output_signal-250205.jpg\",\"width\":1200,\"height\":1000},{\"@type\":\"BreadcrumbList\",\"@id\":\"https:\\\/\\\/www.sj-gauge.com\\\/product\\\/prd-fef\\\/#breadcrumb\",\"itemListElement\":[{\"@type\":\"ListItem\",\"position\":1,\"name\":\"Home\",\"item\":\"https:\\\/\\\/www.sj-gauge.com\\\/\"},{\"@type\":\"ListItem\",\"position\":2,\"name\":\"Products\",\"item\":\"https:\\\/\\\/www.sj-gauge.com\\\/products\\\/\"},{\"@type\":\"ListItem\",\"position\":3,\"name\":\"Digital Pressure Gauge, RS485 Output Signal\"}]},{\"@type\":\"WebSite\",\"@id\":\"https:\\\/\\\/www.sj-gauge.com\\\/#website\",\"url\":\"https:\\\/\\\/www.sj-gauge.com\\\/\",\"name\":\"SJ Gauge | Pressure Gauges, Thermometers &amp; Pressure Sensors\",\"description\":\"Manufacturer of industrial pressure gauges, pressure sensors, and transmitters. SJ Gauge provides high accuracy, durable materials, and custom solutions for oil &amp; gas, chemical, and industrial applications.\",\"publisher\":{\"@id\":\"https:\\\/\\\/www.sj-gauge.com\\\/#organization\"},\"potentialAction\":[{\"@type\":\"SearchAction\",\"target\":{\"@type\":\"EntryPoint\",\"urlTemplate\":\"https:\\\/\\\/www.sj-gauge.com\\\/?s={search_term_string}\"},\"query-input\":{\"@type\":\"PropertyValueSpecification\",\"valueRequired\":true,\"valueName\":\"search_term_string\"}}],\"inLanguage\":\"es\"},{\"@type\":\"Organization\",\"@id\":\"https:\\\/\\\/www.sj-gauge.com\\\/#organization\",\"name\":\"SJ Gauge | Pressure Gauges, Thermometers &amp; Pressure Sensors\",\"url\":\"https:\\\/\\\/www.sj-gauge.com\\\/\",\"logo\":{\"@type\":\"ImageObject\",\"inLanguage\":\"es\",\"@id\":\"https:\\\/\\\/www.sj-gauge.com\\\/#\\\/schema\\\/logo\\\/image\\\/\",\"url\":\"https:\\\/\\\/www.sj-gauge.com\\\/wp-content\\\/uploads\\\/2025\\\/09\\\/logo.webp\",\"contentUrl\":\"https:\\\/\\\/www.sj-gauge.com\\\/wp-content\\\/uploads\\\/2025\\\/09\\\/logo.webp\",\"width\":348,\"height\":184,\"caption\":\"SJ Gauge | Pressure Gauges, Thermometers &amp; Pressure Sensors\"},\"image\":{\"@id\":\"https:\\\/\\\/www.sj-gauge.com\\\/#\\\/schema\\\/logo\\\/image\\\/\"}}]}<\/script>\n<!-- \/ Yoast SEO Premium plugin. -->","yoast_head_json":{"title":"Man\u00f3metro digital RS485 | Comunicaci\u00f3n Modbus | SJ Gauge","description":"Man\u00f3metro digital PRD-FEF con comunicaci\u00f3n RS485 (Modbus), dise\u00f1ado para la automatizaci\u00f3n industrial y la supervisi\u00f3n remota, que ofrece una transmisi\u00f3n de datos fiable y medici\u00f3n de la presi\u00f3n en tiempo real.","robots":{"index":"index","follow":"follow","max-snippet":"max-snippet:-1","max-image-preview":"max-image-preview:large","max-video-preview":"max-video-preview:-1"},"canonical":"https:\/\/www.sj-gauge.com\/es\/producto\/prd-fef\/","og_locale":"es_ES","og_type":"article","og_title":"Digital Pressure Gauge, RS485 Output Signal","og_description":"PRD-FEF digital pressure gauge with RS485 (Modbus) communication, designed for industrial automation and remote monitoring, offering reliable data transmission and real-time pressure measurement.","og_url":"https:\/\/www.sj-gauge.com\/es\/producto\/prd-fef\/","og_site_name":"SJ Gauge | Pressure Gauges, Thermometers &amp; Pressure Sensors","article_modified_time":"2026-03-26T14:42:02+00:00","og_image":[{"width":1200,"height":1000,"url":"https:\/\/www.sj-gauge.com\/wp-content\/uploads\/2025\/11\/SJ-Gauge_Digital_pressure_gauge_with_RS485_output_signal-250205.jpg","type":"image\/jpeg"}],"twitter_card":"summary_large_image","twitter_misc":{"Tiempo de lectura":"1 minuto"},"schema":{"@context":"https:\/\/schema.org","@graph":[{"@type":"WebPage","@id":"https:\/\/www.sj-gauge.com\/product\/prd-fef\/","url":"https:\/\/www.sj-gauge.com\/product\/prd-fef\/","name":"Man\u00f3metro digital RS485 | Comunicaci\u00f3n Modbus | SJ Gauge","isPartOf":{"@id":"https:\/\/www.sj-gauge.com\/#website"},"primaryImageOfPage":{"@id":"https:\/\/www.sj-gauge.com\/product\/prd-fef\/#primaryimage"},"image":{"@id":"https:\/\/www.sj-gauge.com\/product\/prd-fef\/#primaryimage"},"thumbnailUrl":"https:\/\/www.sj-gauge.com\/wp-content\/uploads\/2025\/11\/SJ-Gauge_Digital_pressure_gauge_with_RS485_output_signal-250205.jpg","datePublished":"2025-11-07T06:26:57+00:00","dateModified":"2026-03-26T14:42:02+00:00","description":"Man\u00f3metro digital PRD-FEF con comunicaci\u00f3n RS485 (Modbus), dise\u00f1ado para la automatizaci\u00f3n industrial y la supervisi\u00f3n remota, que ofrece una transmisi\u00f3n de datos fiable y medici\u00f3n de la presi\u00f3n en tiempo real.","breadcrumb":{"@id":"https:\/\/www.sj-gauge.com\/product\/prd-fef\/#breadcrumb"},"inLanguage":"es","potentialAction":[{"@type":"ReadAction","target":["https:\/\/www.sj-gauge.com\/product\/prd-fef\/"]}]},{"@type":"ImageObject","inLanguage":"es","@id":"https:\/\/www.sj-gauge.com\/product\/prd-fef\/#primaryimage","url":"https:\/\/www.sj-gauge.com\/wp-content\/uploads\/2025\/11\/SJ-Gauge_Digital_pressure_gauge_with_RS485_output_signal-250205.jpg","contentUrl":"https:\/\/www.sj-gauge.com\/wp-content\/uploads\/2025\/11\/SJ-Gauge_Digital_pressure_gauge_with_RS485_output_signal-250205.jpg","width":1200,"height":1000},{"@type":"BreadcrumbList","@id":"https:\/\/www.sj-gauge.com\/product\/prd-fef\/#breadcrumb","itemListElement":[{"@type":"ListItem","position":1,"name":"Home","item":"https:\/\/www.sj-gauge.com\/"},{"@type":"ListItem","position":2,"name":"Products","item":"https:\/\/www.sj-gauge.com\/products\/"},{"@type":"ListItem","position":3,"name":"Digital Pressure Gauge, RS485 Output Signal"}]},{"@type":"WebSite","@id":"https:\/\/www.sj-gauge.com\/#website","url":"https:\/\/www.sj-gauge.com\/","name":"SJ Gauge | Man\u00f3metros, term\u00f3metros y sensores de presi\u00f3n","description":"Fabricante de man\u00f3metros industriales, sensores de presi\u00f3n y transmisores. SJ Gauge ofrece alta precisi\u00f3n, materiales duraderos y soluciones personalizadas para aplicaciones de petr\u00f3leo y gas, qu\u00edmicas e industriales.","publisher":{"@id":"https:\/\/www.sj-gauge.com\/#organization"},"potentialAction":[{"@type":"SearchAction","target":{"@type":"EntryPoint","urlTemplate":"https:\/\/www.sj-gauge.com\/?s={search_term_string}"},"query-input":{"@type":"PropertyValueSpecification","valueRequired":true,"valueName":"search_term_string"}}],"inLanguage":"es"},{"@type":"Organization","@id":"https:\/\/www.sj-gauge.com\/#organization","name":"SJ Gauge | Man\u00f3metros, term\u00f3metros y sensores de presi\u00f3n","url":"https:\/\/www.sj-gauge.com\/","logo":{"@type":"ImageObject","inLanguage":"es","@id":"https:\/\/www.sj-gauge.com\/#\/schema\/logo\/image\/","url":"https:\/\/www.sj-gauge.com\/wp-content\/uploads\/2025\/09\/logo.webp","contentUrl":"https:\/\/www.sj-gauge.com\/wp-content\/uploads\/2025\/09\/logo.webp","width":348,"height":184,"caption":"SJ Gauge | Pressure Gauges, Thermometers &amp; Pressure Sensors"},"image":{"@id":"https:\/\/www.sj-gauge.com\/#\/schema\/logo\/image\/"}}]}},"_links":{"self":[{"href":"https:\/\/www.sj-gauge.com\/es\/wp-json\/wp\/v2\/product\/1504","targetHints":{"allow":["GET"]}}],"collection":[{"href":"https:\/\/www.sj-gauge.com\/es\/wp-json\/wp\/v2\/product"}],"about":[{"href":"https:\/\/www.sj-gauge.com\/es\/wp-json\/wp\/v2\/types\/product"}],"wp:featuredmedia":[{"embeddable":true,"href":"https:\/\/www.sj-gauge.com\/es\/wp-json\/wp\/v2\/media\/1506"}],"wp:attachment":[{"href":"https:\/\/www.sj-gauge.com\/es\/wp-json\/wp\/v2\/media?parent=1504"}],"wp:term":[{"taxonomy":"product_brand","embeddable":true,"href":"https:\/\/www.sj-gauge.com\/es\/wp-json\/wp\/v2\/product_brand?post=1504"},{"taxonomy":"product_cat","embeddable":true,"href":"https:\/\/www.sj-gauge.com\/es\/wp-json\/wp\/v2\/product_cat?post=1504"},{"taxonomy":"product_tag","embeddable":true,"href":"https:\/\/www.sj-gauge.com\/es\/wp-json\/wp\/v2\/product_tag?post=1504"}],"curies":[{"name":"wp","href":"https:\/\/api.w.org\/{rel}","templated":true}]}}