{"id":1516,"date":"2025-11-07T15:35:22","date_gmt":"2025-11-07T07:35:22","guid":{"rendered":"https:\/\/sj-gauge.com\/?post_type=product&#038;p=1516"},"modified":"2026-04-09T21:41:38","modified_gmt":"2026-04-09T13:41:38","slug":"vmwl-p","status":"publish","type":"product","link":"https:\/\/www.sj-gauge.com\/es\/producto\/vmwl-p\/","title":{"rendered":"Transmisor de presi\u00f3n inal\u00e1mbrico"},"content":{"rendered":"<p>El VMWL-P es un transmisor de presi\u00f3n inal\u00e1mbrico con capacidad de communicaci\u00f3n inal\u00e1mbrica. Utiliza un sensor de presi\u00f3n piezorresistivo aislado de acero inoxidable como elemento sensor e incorpora un circuito integrado dedicado para la compensaci\u00f3n de errores t\u00e9rmicos de cero y escala completa, con excitaci\u00f3n alimentada por bater\u00eda. Su transmisi\u00f3n inal\u00e1mbrica de se\u00f1ales se ajusta a los protocolos de Internet WSN (Wireless Sensor Network) y GPRS, lo que permite que varias unidades WL formen un sistema completo de monitorizaci\u00f3n WSN y GPRS. Este transmisor es adecuado para la monitorizaci\u00f3n de datos en tiempo real a gran escala, como la detecci\u00f3n de sellos de agua en tanques de gas, la monitorizaci\u00f3n de tanques de petr\u00f3leo y la inspecci\u00f3n de control de automatizaci\u00f3n industrial. Se utiliza ampliamente en industrias como el petr\u00f3leo, el carb\u00f3n, el agua corriente y el control de automatizaci\u00f3n.<\/p>","protected":false},"excerpt":{"rendered":"<ul>\n<li>Admite WSN y GPRS, apto para petr\u00f3leo, miner\u00eda y automatizaci\u00f3n<\/li>\n<li>Rango 100 mbar-1000 bar, pantalla LCD, alta precisi\u00f3n, bajo consumo<\/li>\n<li>Bater\u00eda de larga duraci\u00f3n con dise\u00f1o antivibraciones y a prueba de humedad para una supervisi\u00f3n fiable<\/li>\n<\/ul>","protected":false},"featured_media":1519,"template":"","meta":{"_acf_changed":false},"product_brand":[40],"product_cat":[16,41],"product_tag":[],"class_list":{"0":"post-1516","1":"product","2":"type-product","3":"status-publish","4":"has-post-thumbnail","6":"product_brand-sj-gauge","7":"product_cat-digital-pressure-gauge","8":"product_cat-pressure-instruments","10":"first","11":"instock","12":"shipping-taxable","13":"product-type-simple"},"acf":[],"yoast_head":"<!-- This site is optimized with the Yoast SEO Premium plugin v26.7 (Yoast SEO v26.7) - https:\/\/yoast.com\/wordpress\/plugins\/seo\/ -->\n<title>Wireless Pressure Transmitter | Remote Monitoring WSN GPRS | SJ Gauge<\/title>\n<meta name=\"description\" content=\"VMWL-P wireless pressure transmitter supports WSN and GPRS communication for remote monitoring. Ideal for oil tanks, gas systems, and industrial automation. Powered by battery with high-accuracy pressure sensing. | SJ Gauge\" \/>\n<meta name=\"robots\" content=\"index, follow, max-snippet:-1, max-image-preview:large, max-video-preview:-1\" \/>\n<link rel=\"canonical\" href=\"https:\/\/www.sj-gauge.com\/es\/producto\/vmwl-p\/\" \/>\n<meta property=\"og:locale\" content=\"es_ES\" \/>\n<meta property=\"og:type\" content=\"article\" \/>\n<meta property=\"og:title\" content=\"Wireless Pressure transmitter\" \/>\n<meta property=\"og:description\" content=\"VMWL-P wireless pressure transmitter supports WSN and GPRS communication for remote monitoring. Ideal for oil tanks, gas systems, and industrial automation. Powered by battery with high-accuracy pressure sensing. | SJ Gauge\" \/>\n<meta property=\"og:url\" content=\"https:\/\/www.sj-gauge.com\/es\/producto\/vmwl-p\/\" \/>\n<meta property=\"og:site_name\" content=\"Your Expert in Pressure Temp and Smart Transmitters - SJ Gauge\" \/>\n<meta property=\"article:modified_time\" content=\"2026-04-09T13:41:38+00:00\" \/>\n<meta property=\"og:image\" content=\"https:\/\/www.sj-gauge.com\/wp-content\/uploads\/2025\/11\/SJ-Gauge-industrial-wireless-pessure-sensor-display.jpg\" \/>\n\t<meta property=\"og:image:width\" content=\"1200\" \/>\n\t<meta property=\"og:image:height\" content=\"1000\" \/>\n\t<meta property=\"og:image:type\" content=\"image\/jpeg\" \/>\n<meta name=\"twitter:card\" content=\"summary_large_image\" \/>\n<meta name=\"twitter:label1\" content=\"Tiempo de lectura\" \/>\n\t<meta name=\"twitter:data1\" content=\"1 minuto\" \/>\n<script type=\"application\/ld+json\" class=\"yoast-schema-graph\">{\"@context\":\"https:\/\/schema.org\",\"@graph\":[{\"@type\":\"WebPage\",\"@id\":\"https:\/\/www.sj-gauge.com\/product\/vmwl-p\/\",\"url\":\"https:\/\/www.sj-gauge.com\/product\/vmwl-p\/\",\"name\":\"Wireless Pressure Transmitter | Remote Monitoring WSN GPRS | SJ Gauge\",\"isPartOf\":{\"@id\":\"https:\/\/www.sj-gauge.com\/#website\"},\"primaryImageOfPage\":{\"@id\":\"https:\/\/www.sj-gauge.com\/product\/vmwl-p\/#primaryimage\"},\"image\":{\"@id\":\"https:\/\/www.sj-gauge.com\/product\/vmwl-p\/#primaryimage\"},\"thumbnailUrl\":\"https:\/\/www.sj-gauge.com\/wp-content\/uploads\/2025\/11\/SJ-Gauge-industrial-wireless-pessure-sensor-display.jpg\",\"datePublished\":\"2025-11-07T07:35:22+00:00\",\"dateModified\":\"2026-04-09T13:41:38+00:00\",\"description\":\"VMWL-P wireless pressure transmitter supports WSN and GPRS communication for remote monitoring. Ideal for oil tanks, gas systems, and industrial automation. Powered by battery with high-accuracy pressure sensing. | SJ Gauge\",\"breadcrumb\":{\"@id\":\"https:\/\/www.sj-gauge.com\/product\/vmwl-p\/#breadcrumb\"},\"inLanguage\":\"es\",\"potentialAction\":[{\"@type\":\"ReadAction\",\"target\":[\"https:\/\/www.sj-gauge.com\/product\/vmwl-p\/\"]}]},{\"@type\":\"ImageObject\",\"inLanguage\":\"es\",\"@id\":\"https:\/\/www.sj-gauge.com\/product\/vmwl-p\/#primaryimage\",\"url\":\"https:\/\/www.sj-gauge.com\/wp-content\/uploads\/2025\/11\/SJ-Gauge-industrial-wireless-pessure-sensor-display.jpg\",\"contentUrl\":\"https:\/\/www.sj-gauge.com\/wp-content\/uploads\/2025\/11\/SJ-Gauge-industrial-wireless-pessure-sensor-display.jpg\",\"width\":1200,\"height\":1000},{\"@type\":\"BreadcrumbList\",\"@id\":\"https:\/\/www.sj-gauge.com\/product\/vmwl-p\/#breadcrumb\",\"itemListElement\":[{\"@type\":\"ListItem\",\"position\":1,\"name\":\"Home\",\"item\":\"https:\/\/www.sj-gauge.com\/\"},{\"@type\":\"ListItem\",\"position\":2,\"name\":\"Products\",\"item\":\"https:\/\/www.sj-gauge.com\/products\/\"},{\"@type\":\"ListItem\",\"position\":3,\"name\":\"Wireless Pressure transmitter\"}]},{\"@type\":\"WebSite\",\"@id\":\"https:\/\/www.sj-gauge.com\/#website\",\"url\":\"https:\/\/www.sj-gauge.com\/\",\"name\":\"Your Expert in Pressure Temp and Smart Transmitters - SJ Gauge\",\"description\":\"Manufacturer of industrial pressure gauges, pressure sensors, and transmitters. SJ Gauge provides high accuracy, durable materials, and custom solutions for oil &amp; gas, chemical, and industrial applications.\",\"publisher\":{\"@id\":\"https:\/\/www.sj-gauge.com\/#organization\"},\"potentialAction\":[{\"@type\":\"SearchAction\",\"target\":{\"@type\":\"EntryPoint\",\"urlTemplate\":\"https:\/\/www.sj-gauge.com\/?s={search_term_string}\"},\"query-input\":{\"@type\":\"PropertyValueSpecification\",\"valueRequired\":true,\"valueName\":\"search_term_string\"}}],\"inLanguage\":\"es\"},{\"@type\":\"Organization\",\"@id\":\"https:\/\/www.sj-gauge.com\/#organization\",\"name\":\"Your Expert in Pressure Temp and Smart Transmitters - SJ Gauge\",\"url\":\"https:\/\/www.sj-gauge.com\/\",\"logo\":{\"@type\":\"ImageObject\",\"inLanguage\":\"es\",\"@id\":\"https:\/\/www.sj-gauge.com\/#\/schema\/logo\/image\/\",\"url\":\"https:\/\/www.sj-gauge.com\/wp-content\/uploads\/2025\/09\/logo.webp\",\"contentUrl\":\"https:\/\/www.sj-gauge.com\/wp-content\/uploads\/2025\/09\/logo.webp\",\"width\":348,\"height\":184,\"caption\":\"Your Expert in Pressure Temp and Smart Transmitters - SJ Gauge\"},\"image\":{\"@id\":\"https:\/\/www.sj-gauge.com\/#\/schema\/logo\/image\/\"}}]}<\/script>\n<!-- \/ Yoast SEO Premium plugin. -->","yoast_head_json":{"title":"Transmisor de presi\u00f3n inal\u00e1mbrico | Monitorizaci\u00f3n remota WSN GPRS | SJ Gauge","description":"El transmisor de presi\u00f3n inal\u00e1mbrico VMWL-P admite communicaci\u00f3n WSN y GPRS para monitorizaci\u00f3n remota. Ideal para tanques de petr\u00f3leo, sistemas de gas y automatizaci\u00f3n industrial. Alimentado por bater\u00eda con detecci\u00f3n de presi\u00f3n de alta precisi\u00f3n. | SJ Gauge","robots":{"index":"index","follow":"follow","max-snippet":"max-snippet:-1","max-image-preview":"max-image-preview:large","max-video-preview":"max-video-preview:-1"},"canonical":"https:\/\/www.sj-gauge.com\/es\/producto\/vmwl-p\/","og_locale":"es_ES","og_type":"article","og_title":"Wireless Pressure transmitter","og_description":"VMWL-P wireless pressure transmitter supports WSN and GPRS communication for remote monitoring. Ideal for oil tanks, gas systems, and industrial automation. Powered by battery with high-accuracy pressure sensing. | SJ Gauge","og_url":"https:\/\/www.sj-gauge.com\/es\/producto\/vmwl-p\/","og_site_name":"Your Expert in Pressure Temp and Smart Transmitters - SJ Gauge","article_modified_time":"2026-04-09T13:41:38+00:00","og_image":[{"width":1200,"height":1000,"url":"https:\/\/www.sj-gauge.com\/wp-content\/uploads\/2025\/11\/SJ-Gauge-industrial-wireless-pessure-sensor-display.jpg","type":"image\/jpeg"}],"twitter_card":"summary_large_image","twitter_misc":{"Tiempo de lectura":"1 minuto"},"schema":{"@context":"https:\/\/schema.org","@graph":[{"@type":"WebPage","@id":"https:\/\/www.sj-gauge.com\/product\/vmwl-p\/","url":"https:\/\/www.sj-gauge.com\/product\/vmwl-p\/","name":"Transmisor de presi\u00f3n inal\u00e1mbrico | Monitorizaci\u00f3n remota WSN GPRS | SJ Gauge","isPartOf":{"@id":"https:\/\/www.sj-gauge.com\/#website"},"primaryImageOfPage":{"@id":"https:\/\/www.sj-gauge.com\/product\/vmwl-p\/#primaryimage"},"image":{"@id":"https:\/\/www.sj-gauge.com\/product\/vmwl-p\/#primaryimage"},"thumbnailUrl":"https:\/\/www.sj-gauge.com\/wp-content\/uploads\/2025\/11\/SJ-Gauge-industrial-wireless-pessure-sensor-display.jpg","datePublished":"2025-11-07T07:35:22+00:00","dateModified":"2026-04-09T13:41:38+00:00","description":"El transmisor de presi\u00f3n inal\u00e1mbrico VMWL-P admite communicaci\u00f3n WSN y GPRS para monitorizaci\u00f3n remota. Ideal para tanques de petr\u00f3leo, sistemas de gas y automatizaci\u00f3n industrial. Alimentado por bater\u00eda con detecci\u00f3n de presi\u00f3n de alta precisi\u00f3n. | SJ Gauge","breadcrumb":{"@id":"https:\/\/www.sj-gauge.com\/product\/vmwl-p\/#breadcrumb"},"inLanguage":"es","potentialAction":[{"@type":"ReadAction","target":["https:\/\/www.sj-gauge.com\/product\/vmwl-p\/"]}]},{"@type":"ImageObject","inLanguage":"es","@id":"https:\/\/www.sj-gauge.com\/product\/vmwl-p\/#primaryimage","url":"https:\/\/www.sj-gauge.com\/wp-content\/uploads\/2025\/11\/SJ-Gauge-industrial-wireless-pessure-sensor-display.jpg","contentUrl":"https:\/\/www.sj-gauge.com\/wp-content\/uploads\/2025\/11\/SJ-Gauge-industrial-wireless-pessure-sensor-display.jpg","width":1200,"height":1000},{"@type":"BreadcrumbList","@id":"https:\/\/www.sj-gauge.com\/product\/vmwl-p\/#breadcrumb","itemListElement":[{"@type":"ListItem","position":1,"name":"Home","item":"https:\/\/www.sj-gauge.com\/"},{"@type":"ListItem","position":2,"name":"Products","item":"https:\/\/www.sj-gauge.com\/products\/"},{"@type":"ListItem","position":3,"name":"Wireless Pressure transmitter"}]},{"@type":"WebSite","@id":"https:\/\/www.sj-gauge.com\/#website","url":"https:\/\/www.sj-gauge.com\/","name":"Su experto en Transmisores de presi\u00f3n, temperatura e inteligentes - SJ Gauge","description":"Fabricante de man\u00f3metros industriales, sensores de presi\u00f3n y transmisores. SJ Gauge ofrece alta precisi\u00f3n, materiales duraderos y soluciones personalizadas para aplicaciones de petr\u00f3leo y gas, qu\u00edmicas e industriales.","publisher":{"@id":"https:\/\/www.sj-gauge.com\/#organization"},"potentialAction":[{"@type":"SearchAction","target":{"@type":"EntryPoint","urlTemplate":"https:\/\/www.sj-gauge.com\/?s={search_term_string}"},"query-input":{"@type":"PropertyValueSpecification","valueRequired":true,"valueName":"search_term_string"}}],"inLanguage":"es"},{"@type":"Organization","@id":"https:\/\/www.sj-gauge.com\/#organization","name":"Su experto en Transmisores de presi\u00f3n, temperatura e inteligentes - SJ Gauge","url":"https:\/\/www.sj-gauge.com\/","logo":{"@type":"ImageObject","inLanguage":"es","@id":"https:\/\/www.sj-gauge.com\/#\/schema\/logo\/image\/","url":"https:\/\/www.sj-gauge.com\/wp-content\/uploads\/2025\/09\/logo.webp","contentUrl":"https:\/\/www.sj-gauge.com\/wp-content\/uploads\/2025\/09\/logo.webp","width":348,"height":184,"caption":"Your Expert in Pressure Temp and Smart Transmitters - SJ Gauge"},"image":{"@id":"https:\/\/www.sj-gauge.com\/#\/schema\/logo\/image\/"}}]}},"_links":{"self":[{"href":"https:\/\/www.sj-gauge.com\/es\/wp-json\/wp\/v2\/product\/1516","targetHints":{"allow":["GET"]}}],"collection":[{"href":"https:\/\/www.sj-gauge.com\/es\/wp-json\/wp\/v2\/product"}],"about":[{"href":"https:\/\/www.sj-gauge.com\/es\/wp-json\/wp\/v2\/types\/product"}],"wp:featuredmedia":[{"embeddable":true,"href":"https:\/\/www.sj-gauge.com\/es\/wp-json\/wp\/v2\/media\/1519"}],"wp:attachment":[{"href":"https:\/\/www.sj-gauge.com\/es\/wp-json\/wp\/v2\/media?parent=1516"}],"wp:term":[{"taxonomy":"product_brand","embeddable":true,"href":"https:\/\/www.sj-gauge.com\/es\/wp-json\/wp\/v2\/product_brand?post=1516"},{"taxonomy":"product_cat","embeddable":true,"href":"https:\/\/www.sj-gauge.com\/es\/wp-json\/wp\/v2\/product_cat?post=1516"},{"taxonomy":"product_tag","embeddable":true,"href":"https:\/\/www.sj-gauge.com\/es\/wp-json\/wp\/v2\/product_tag?post=1516"}],"curies":[{"name":"wp","href":"https:\/\/api.w.org\/{rel}","templated":true}]}}