{"id":1525,"date":"2025-11-07T16:18:15","date_gmt":"2025-11-07T08:18:15","guid":{"rendered":"https:\/\/sj-gauge.com\/?post_type=product&#038;p=1525"},"modified":"2026-03-27T00:31:43","modified_gmt":"2026-03-26T16:31:43","slug":"drm108","status":"publish","type":"product","link":"https:\/\/www.sj-gauge.com\/es\/producto\/drm108\/","title":{"rendered":"Man\u00f3metro digital, salida de se\u00f1al anal\u00f3gica, transductor de presi\u00f3n diferencial"},"content":{"rendered":"<p>El DRM108 es un microtransmisor de presi\u00f3n diferencial dise\u00f1ado para HVAC y automatizaci\u00f3n de edificios, que proporciona salidas anal\u00f3gicas de 4-20 mA, 0-5 V o 0-10 V para la supervisi\u00f3n remota del estado del filtro, la presi\u00f3n del conducto y las mediciones relacionadas con el flujo de aire. Adecuado \u00fanicamente para gases no corrosivos, ofrece rangos unidireccionales y bidireccionales de hasta \u00b110000 Pa con una precisi\u00f3n de \u00b11% F.S. Construido con una carcasa de pl\u00e1stico industrial ign\u00edfugo UL94-V0 y un acoplador r\u00e1pido de \u00d86,2 mm, garantiza durabilidad y facilidad de instalaci\u00f3n. El dispositivo incluye un bot\u00f3n de calibraci\u00f3n a cero y tiempos de respuesta seleccionables mediante interruptores DIP (0,5 \/ 1 \/ 2 \/ 4 segundos), lo que lo hace ideal para sistemas de gesti\u00f3n de edificios, monitorizaci\u00f3n de ventilaci\u00f3n y aplicaciones HVAC de precisi\u00f3n.<\/p>","protected":false},"excerpt":{"rendered":"<ul>\n<li>Salida anal\u00f3gica 4-20 mA para supervisi\u00f3n remota<\/li>\n<li>Limitado a gases no corrosivos<\/li>\n<li>Suele utilizarse en la supervisi\u00f3n de la presi\u00f3n de filtros, ventiladores y conductos en sistemas de automatizaci\u00f3n de edificios en el sector de la calefacci\u00f3n, ventilaci\u00f3n y aire acondicionado (HVAC).<\/li>\n<li>Para la se\u00f1al de salida RS-485, consulte <a href=\"https:\/\/www.sj-gauge.com\/es\/producto\/twm11\/\">TWM11<\/a><\/li>\n<\/ul>","protected":false},"featured_media":1531,"template":"","meta":{"_acf_changed":false},"product_brand":[40],"product_cat":[16,41],"product_tag":[],"class_list":{"0":"post-1525","1":"product","2":"type-product","3":"status-publish","4":"has-post-thumbnail","6":"product_brand-sj-gauge","7":"product_cat-digital-pressure-gauge","8":"product_cat-pressure-instruments","10":"first","11":"instock","12":"shipping-taxable","13":"product-type-simple"},"acf":[],"yoast_head":"<!-- This site is optimized with the Yoast SEO Premium plugin v26.7 (Yoast SEO v27.4) - https:\/\/yoast.com\/product\/yoast-seo-premium-wordpress\/ -->\n<title>HVAC Differential Pressure Transmitter | Air &amp; Filter Monitoring | SJ Gauge<\/title>\n<meta name=\"description\" content=\"DRM108 differential pressure transmitter designed for HVAC systems, ideal for air flow, duct, and filter monitoring, with 4\u201320mA output and high accuracy measurement.\" \/>\n<meta name=\"robots\" content=\"index, follow, max-snippet:-1, max-image-preview:large, max-video-preview:-1\" \/>\n<link rel=\"canonical\" href=\"https:\/\/www.sj-gauge.com\/es\/producto\/drm108\/\" \/>\n<meta property=\"og:locale\" content=\"es_ES\" \/>\n<meta property=\"og:type\" content=\"article\" \/>\n<meta property=\"og:title\" content=\"Digital Pressure Gauge, Analog Signal Output, Differential Pressure transducer\" \/>\n<meta property=\"og:description\" content=\"DRM108 differential pressure transmitter designed for HVAC systems, ideal for air flow, duct, and filter monitoring, with 4\u201320mA output and high accuracy measurement.\" \/>\n<meta property=\"og:url\" content=\"https:\/\/www.sj-gauge.com\/es\/producto\/drm108\/\" \/>\n<meta property=\"og:site_name\" content=\"SJ Gauge | Pressure Gauges, Thermometers &amp; Pressure Sensors\" \/>\n<meta property=\"article:modified_time\" content=\"2026-03-26T16:31:43+00:00\" \/>\n<meta property=\"og:image\" content=\"https:\/\/www.sj-gauge.com\/wp-content\/uploads\/2025\/11\/01_SJ-Gauge_digital_pressure_transducer_with_analog_output_signal_L.jpg\" \/>\n\t<meta property=\"og:image:width\" content=\"1200\" \/>\n\t<meta property=\"og:image:height\" content=\"1000\" \/>\n\t<meta property=\"og:image:type\" content=\"image\/jpeg\" \/>\n<meta name=\"twitter:card\" content=\"summary_large_image\" \/>\n<meta name=\"twitter:label1\" content=\"Tiempo de lectura\" \/>\n\t<meta name=\"twitter:data1\" content=\"1 minuto\" \/>\n<script type=\"application\/ld+json\" class=\"yoast-schema-graph\">{\"@context\":\"https:\\\/\\\/schema.org\",\"@graph\":[{\"@type\":\"WebPage\",\"@id\":\"https:\\\/\\\/www.sj-gauge.com\\\/product\\\/drm108\\\/\",\"url\":\"https:\\\/\\\/www.sj-gauge.com\\\/product\\\/drm108\\\/\",\"name\":\"HVAC Differential Pressure Transmitter | Air & Filter Monitoring | SJ Gauge\",\"isPartOf\":{\"@id\":\"https:\\\/\\\/www.sj-gauge.com\\\/#website\"},\"primaryImageOfPage\":{\"@id\":\"https:\\\/\\\/www.sj-gauge.com\\\/product\\\/drm108\\\/#primaryimage\"},\"image\":{\"@id\":\"https:\\\/\\\/www.sj-gauge.com\\\/product\\\/drm108\\\/#primaryimage\"},\"thumbnailUrl\":\"https:\\\/\\\/www.sj-gauge.com\\\/wp-content\\\/uploads\\\/2025\\\/11\\\/01_SJ-Gauge_digital_pressure_transducer_with_analog_output_signal_L.jpg\",\"datePublished\":\"2025-11-07T08:18:15+00:00\",\"dateModified\":\"2026-03-26T16:31:43+00:00\",\"description\":\"DRM108 differential pressure transmitter designed for HVAC systems, ideal for air flow, duct, and filter monitoring, with 4\u201320mA output and high accuracy measurement.\",\"breadcrumb\":{\"@id\":\"https:\\\/\\\/www.sj-gauge.com\\\/product\\\/drm108\\\/#breadcrumb\"},\"inLanguage\":\"es\",\"potentialAction\":[{\"@type\":\"ReadAction\",\"target\":[\"https:\\\/\\\/www.sj-gauge.com\\\/product\\\/drm108\\\/\"]}]},{\"@type\":\"ImageObject\",\"inLanguage\":\"es\",\"@id\":\"https:\\\/\\\/www.sj-gauge.com\\\/product\\\/drm108\\\/#primaryimage\",\"url\":\"https:\\\/\\\/www.sj-gauge.com\\\/wp-content\\\/uploads\\\/2025\\\/11\\\/01_SJ-Gauge_digital_pressure_transducer_with_analog_output_signal_L.jpg\",\"contentUrl\":\"https:\\\/\\\/www.sj-gauge.com\\\/wp-content\\\/uploads\\\/2025\\\/11\\\/01_SJ-Gauge_digital_pressure_transducer_with_analog_output_signal_L.jpg\",\"width\":1200,\"height\":1000},{\"@type\":\"BreadcrumbList\",\"@id\":\"https:\\\/\\\/www.sj-gauge.com\\\/product\\\/drm108\\\/#breadcrumb\",\"itemListElement\":[{\"@type\":\"ListItem\",\"position\":1,\"name\":\"Home\",\"item\":\"https:\\\/\\\/www.sj-gauge.com\\\/\"},{\"@type\":\"ListItem\",\"position\":2,\"name\":\"Products\",\"item\":\"https:\\\/\\\/www.sj-gauge.com\\\/products\\\/\"},{\"@type\":\"ListItem\",\"position\":3,\"name\":\"Digital Pressure Gauge, Analog Signal Output, Differential Pressure transducer\"}]},{\"@type\":\"WebSite\",\"@id\":\"https:\\\/\\\/www.sj-gauge.com\\\/#website\",\"url\":\"https:\\\/\\\/www.sj-gauge.com\\\/\",\"name\":\"SJ Gauge | Pressure Gauges, Thermometers &amp; Pressure Sensors\",\"description\":\"Manufacturer of industrial pressure gauges, pressure sensors, and transmitters. SJ Gauge provides high accuracy, durable materials, and custom solutions for oil &amp; gas, chemical, and industrial applications.\",\"publisher\":{\"@id\":\"https:\\\/\\\/www.sj-gauge.com\\\/#organization\"},\"potentialAction\":[{\"@type\":\"SearchAction\",\"target\":{\"@type\":\"EntryPoint\",\"urlTemplate\":\"https:\\\/\\\/www.sj-gauge.com\\\/?s={search_term_string}\"},\"query-input\":{\"@type\":\"PropertyValueSpecification\",\"valueRequired\":true,\"valueName\":\"search_term_string\"}}],\"inLanguage\":\"es\"},{\"@type\":\"Organization\",\"@id\":\"https:\\\/\\\/www.sj-gauge.com\\\/#organization\",\"name\":\"SJ Gauge | Pressure Gauges, Thermometers &amp; Pressure Sensors\",\"url\":\"https:\\\/\\\/www.sj-gauge.com\\\/\",\"logo\":{\"@type\":\"ImageObject\",\"inLanguage\":\"es\",\"@id\":\"https:\\\/\\\/www.sj-gauge.com\\\/#\\\/schema\\\/logo\\\/image\\\/\",\"url\":\"https:\\\/\\\/www.sj-gauge.com\\\/wp-content\\\/uploads\\\/2025\\\/09\\\/logo.webp\",\"contentUrl\":\"https:\\\/\\\/www.sj-gauge.com\\\/wp-content\\\/uploads\\\/2025\\\/09\\\/logo.webp\",\"width\":348,\"height\":184,\"caption\":\"SJ Gauge | Pressure Gauges, Thermometers &amp; Pressure Sensors\"},\"image\":{\"@id\":\"https:\\\/\\\/www.sj-gauge.com\\\/#\\\/schema\\\/logo\\\/image\\\/\"}}]}<\/script>\n<!-- \/ Yoast SEO Premium plugin. -->","yoast_head_json":{"title":"Transmisor de presi\u00f3n diferencial HVAC | Monitorizaci\u00f3n de aire y filtros | SJ Gauge","description":"Transmisor de presi\u00f3n diferencial DRM108 dise\u00f1ado para sistemas HVAC, ideal para monitorizaci\u00f3n de flujo de aire, conductos y filtros, con salida de 4-20 mA y medici\u00f3n de alta precisi\u00f3n.","robots":{"index":"index","follow":"follow","max-snippet":"max-snippet:-1","max-image-preview":"max-image-preview:large","max-video-preview":"max-video-preview:-1"},"canonical":"https:\/\/www.sj-gauge.com\/es\/producto\/drm108\/","og_locale":"es_ES","og_type":"article","og_title":"Digital Pressure Gauge, Analog Signal Output, Differential Pressure transducer","og_description":"DRM108 differential pressure transmitter designed for HVAC systems, ideal for air flow, duct, and filter monitoring, with 4\u201320mA output and high accuracy measurement.","og_url":"https:\/\/www.sj-gauge.com\/es\/producto\/drm108\/","og_site_name":"SJ Gauge | Pressure Gauges, Thermometers &amp; Pressure Sensors","article_modified_time":"2026-03-26T16:31:43+00:00","og_image":[{"width":1200,"height":1000,"url":"https:\/\/www.sj-gauge.com\/wp-content\/uploads\/2025\/11\/01_SJ-Gauge_digital_pressure_transducer_with_analog_output_signal_L.jpg","type":"image\/jpeg"}],"twitter_card":"summary_large_image","twitter_misc":{"Tiempo de lectura":"1 minuto"},"schema":{"@context":"https:\/\/schema.org","@graph":[{"@type":"WebPage","@id":"https:\/\/www.sj-gauge.com\/product\/drm108\/","url":"https:\/\/www.sj-gauge.com\/product\/drm108\/","name":"Transmisor de presi\u00f3n diferencial HVAC | Monitorizaci\u00f3n de aire y filtros | SJ Gauge","isPartOf":{"@id":"https:\/\/www.sj-gauge.com\/#website"},"primaryImageOfPage":{"@id":"https:\/\/www.sj-gauge.com\/product\/drm108\/#primaryimage"},"image":{"@id":"https:\/\/www.sj-gauge.com\/product\/drm108\/#primaryimage"},"thumbnailUrl":"https:\/\/www.sj-gauge.com\/wp-content\/uploads\/2025\/11\/01_SJ-Gauge_digital_pressure_transducer_with_analog_output_signal_L.jpg","datePublished":"2025-11-07T08:18:15+00:00","dateModified":"2026-03-26T16:31:43+00:00","description":"Transmisor de presi\u00f3n diferencial DRM108 dise\u00f1ado para sistemas HVAC, ideal para monitorizaci\u00f3n de flujo de aire, conductos y filtros, con salida de 4-20 mA y medici\u00f3n de alta precisi\u00f3n.","breadcrumb":{"@id":"https:\/\/www.sj-gauge.com\/product\/drm108\/#breadcrumb"},"inLanguage":"es","potentialAction":[{"@type":"ReadAction","target":["https:\/\/www.sj-gauge.com\/product\/drm108\/"]}]},{"@type":"ImageObject","inLanguage":"es","@id":"https:\/\/www.sj-gauge.com\/product\/drm108\/#primaryimage","url":"https:\/\/www.sj-gauge.com\/wp-content\/uploads\/2025\/11\/01_SJ-Gauge_digital_pressure_transducer_with_analog_output_signal_L.jpg","contentUrl":"https:\/\/www.sj-gauge.com\/wp-content\/uploads\/2025\/11\/01_SJ-Gauge_digital_pressure_transducer_with_analog_output_signal_L.jpg","width":1200,"height":1000},{"@type":"BreadcrumbList","@id":"https:\/\/www.sj-gauge.com\/product\/drm108\/#breadcrumb","itemListElement":[{"@type":"ListItem","position":1,"name":"Home","item":"https:\/\/www.sj-gauge.com\/"},{"@type":"ListItem","position":2,"name":"Products","item":"https:\/\/www.sj-gauge.com\/products\/"},{"@type":"ListItem","position":3,"name":"Digital Pressure Gauge, Analog Signal Output, Differential Pressure transducer"}]},{"@type":"WebSite","@id":"https:\/\/www.sj-gauge.com\/#website","url":"https:\/\/www.sj-gauge.com\/","name":"SJ Gauge | Man\u00f3metros, term\u00f3metros y sensores de presi\u00f3n","description":"Fabricante de man\u00f3metros industriales, sensores de presi\u00f3n y transmisores. SJ Gauge ofrece alta precisi\u00f3n, materiales duraderos y soluciones personalizadas para aplicaciones de petr\u00f3leo y gas, qu\u00edmicas e industriales.","publisher":{"@id":"https:\/\/www.sj-gauge.com\/#organization"},"potentialAction":[{"@type":"SearchAction","target":{"@type":"EntryPoint","urlTemplate":"https:\/\/www.sj-gauge.com\/?s={search_term_string}"},"query-input":{"@type":"PropertyValueSpecification","valueRequired":true,"valueName":"search_term_string"}}],"inLanguage":"es"},{"@type":"Organization","@id":"https:\/\/www.sj-gauge.com\/#organization","name":"SJ Gauge | Man\u00f3metros, term\u00f3metros y sensores de presi\u00f3n","url":"https:\/\/www.sj-gauge.com\/","logo":{"@type":"ImageObject","inLanguage":"es","@id":"https:\/\/www.sj-gauge.com\/#\/schema\/logo\/image\/","url":"https:\/\/www.sj-gauge.com\/wp-content\/uploads\/2025\/09\/logo.webp","contentUrl":"https:\/\/www.sj-gauge.com\/wp-content\/uploads\/2025\/09\/logo.webp","width":348,"height":184,"caption":"SJ Gauge | Pressure Gauges, Thermometers &amp; Pressure Sensors"},"image":{"@id":"https:\/\/www.sj-gauge.com\/#\/schema\/logo\/image\/"}}]}},"_links":{"self":[{"href":"https:\/\/www.sj-gauge.com\/es\/wp-json\/wp\/v2\/product\/1525","targetHints":{"allow":["GET"]}}],"collection":[{"href":"https:\/\/www.sj-gauge.com\/es\/wp-json\/wp\/v2\/product"}],"about":[{"href":"https:\/\/www.sj-gauge.com\/es\/wp-json\/wp\/v2\/types\/product"}],"wp:featuredmedia":[{"embeddable":true,"href":"https:\/\/www.sj-gauge.com\/es\/wp-json\/wp\/v2\/media\/1531"}],"wp:attachment":[{"href":"https:\/\/www.sj-gauge.com\/es\/wp-json\/wp\/v2\/media?parent=1525"}],"wp:term":[{"taxonomy":"product_brand","embeddable":true,"href":"https:\/\/www.sj-gauge.com\/es\/wp-json\/wp\/v2\/product_brand?post=1525"},{"taxonomy":"product_cat","embeddable":true,"href":"https:\/\/www.sj-gauge.com\/es\/wp-json\/wp\/v2\/product_cat?post=1525"},{"taxonomy":"product_tag","embeddable":true,"href":"https:\/\/www.sj-gauge.com\/es\/wp-json\/wp\/v2\/product_tag?post=1525"}],"curies":[{"name":"wp","href":"https:\/\/api.w.org\/{rel}","templated":true}]}}