{"id":1585,"date":"2025-11-10T10:54:17","date_gmt":"2025-11-10T02:54:17","guid":{"rendered":"https:\/\/sj-gauge.com\/?post_type=product&#038;p=1585"},"modified":"2026-03-28T19:59:23","modified_gmt":"2026-03-28T11:59:23","slug":"prs","status":"publish","type":"product","link":"https:\/\/www.sj-gauge.com\/es\/producto\/prs\/","title":{"rendered":"Man\u00f3metro de acero inoxidable, caja de acero inoxidable"},"content":{"rendered":"<p>El PRS es un man\u00f3metro con caja de acero inoxidable dise\u00f1ado para aplicaciones industriales generales, con conexiones a proceso de lat\u00f3n o lat\u00f3n cromado adecuadas para medios l\u00edquidos y gaseosos no corrosivos. Con rangos configurables de 0-1 kg\/cm\u00b2 hasta 0-1000 kg\/cm\u00b2 y tama\u00f1os de esfera de 1,5\u2033 a 4\u2033, ofrece una precisi\u00f3n de hasta \u00b11,6% F.S. El man\u00f3metro se puede suministrar seco, relleno de glicerina o relleno de silicona para mejorar la resistencia a las vibraciones, y est\u00e1 disponible en m\u00faltiples opciones de montaje, incluyendo inferior, posterior, central posterior, brida y abrazadera en U. Esto hace que el PRS sea ideal para bombas, compresores, sistemas hidr\u00e1ulicos y monitorizaci\u00f3n general de tuber\u00edas en interiores y exteriores.<\/p>","protected":false},"excerpt":{"rendered":"<ul>\n<li>Para medios a presi\u00f3n l\u00edquidos o gaseosos que no ataquen las piezas de aleaci\u00f3n de cobre.<\/li>\n<li>Preparado para el llenado de l\u00edquidos en aplicaciones con altas cargas din\u00e1micas de presi\u00f3n o vibraciones<\/li>\n<li>Adecuado para bombas, compresores, sistemas hidr\u00e1ulicos u otras aplicaciones de interior y exterior<\/li>\n<\/ul>","protected":false},"featured_media":1589,"template":"","meta":{"_acf_changed":false},"product_brand":[40],"product_cat":[18,41],"product_tag":[],"class_list":{"0":"post-1585","1":"product","2":"type-product","3":"status-publish","4":"has-post-thumbnail","6":"product_brand-sj-gauge","7":"product_cat-pressure-gauges","8":"product_cat-pressure-instruments","10":"first","11":"instock","12":"shipping-taxable","13":"product-type-simple"},"acf":[],"yoast_head":"<!-- This site is optimized with the Yoast SEO Premium plugin v26.7 (Yoast SEO v26.7) - https:\/\/yoast.com\/wordpress\/plugins\/seo\/ -->\n<title>Pressure Gauge for Pumps &amp; Hydraulic Systems | Stainless Steel Case | SJ Gauge<\/title>\n<meta name=\"description\" content=\"PRS pressure gauge with stainless steel case, designed for general industrial applications such as pumps, compressors, and hydraulic systems, offering durability and stable performance.\" \/>\n<meta name=\"robots\" content=\"index, follow, max-snippet:-1, max-image-preview:large, max-video-preview:-1\" \/>\n<link rel=\"canonical\" href=\"https:\/\/www.sj-gauge.com\/es\/producto\/prs\/\" \/>\n<meta property=\"og:locale\" content=\"es_ES\" \/>\n<meta property=\"og:type\" content=\"article\" \/>\n<meta property=\"og:title\" content=\"Stainless Steel Pressure Gauge, Stainless Steel Case\" \/>\n<meta property=\"og:description\" content=\"PRS pressure gauge with stainless steel case, designed for general industrial applications such as pumps, compressors, and hydraulic systems, offering durability and stable performance.\" \/>\n<meta property=\"og:url\" content=\"https:\/\/www.sj-gauge.com\/es\/producto\/prs\/\" \/>\n<meta property=\"og:site_name\" content=\"Your Expert in Pressure Temp and Smart Transmitters - SJ Gauge\" \/>\n<meta property=\"article:modified_time\" content=\"2026-03-28T11:59:23+00:00\" \/>\n<meta property=\"og:image\" content=\"https:\/\/www.sj-gauge.com\/wp-content\/uploads\/2025\/11\/01_SJ-Gauge_pressure_instrument_with_stainless-steel_case_L.jpg\" \/>\n\t<meta property=\"og:image:width\" content=\"1200\" \/>\n\t<meta property=\"og:image:height\" content=\"1000\" \/>\n\t<meta property=\"og:image:type\" content=\"image\/jpeg\" \/>\n<meta name=\"twitter:card\" content=\"summary_large_image\" \/>\n<meta name=\"twitter:label1\" content=\"Tiempo de lectura\" \/>\n\t<meta name=\"twitter:data1\" content=\"1 minuto\" \/>\n<script type=\"application\/ld+json\" class=\"yoast-schema-graph\">{\"@context\":\"https:\/\/schema.org\",\"@graph\":[{\"@type\":\"WebPage\",\"@id\":\"https:\/\/www.sj-gauge.com\/product\/prs\/\",\"url\":\"https:\/\/www.sj-gauge.com\/product\/prs\/\",\"name\":\"Pressure Gauge for Pumps & Hydraulic Systems | Stainless Steel Case | SJ Gauge\",\"isPartOf\":{\"@id\":\"https:\/\/www.sj-gauge.com\/#website\"},\"primaryImageOfPage\":{\"@id\":\"https:\/\/www.sj-gauge.com\/product\/prs\/#primaryimage\"},\"image\":{\"@id\":\"https:\/\/www.sj-gauge.com\/product\/prs\/#primaryimage\"},\"thumbnailUrl\":\"https:\/\/www.sj-gauge.com\/wp-content\/uploads\/2025\/11\/01_SJ-Gauge_pressure_instrument_with_stainless-steel_case_L.jpg\",\"datePublished\":\"2025-11-10T02:54:17+00:00\",\"dateModified\":\"2026-03-28T11:59:23+00:00\",\"description\":\"PRS pressure gauge with stainless steel case, designed for general industrial applications such as pumps, compressors, and hydraulic systems, offering durability and stable performance.\",\"breadcrumb\":{\"@id\":\"https:\/\/www.sj-gauge.com\/product\/prs\/#breadcrumb\"},\"inLanguage\":\"es\",\"potentialAction\":[{\"@type\":\"ReadAction\",\"target\":[\"https:\/\/www.sj-gauge.com\/product\/prs\/\"]}]},{\"@type\":\"ImageObject\",\"inLanguage\":\"es\",\"@id\":\"https:\/\/www.sj-gauge.com\/product\/prs\/#primaryimage\",\"url\":\"https:\/\/www.sj-gauge.com\/wp-content\/uploads\/2025\/11\/01_SJ-Gauge_pressure_instrument_with_stainless-steel_case_L.jpg\",\"contentUrl\":\"https:\/\/www.sj-gauge.com\/wp-content\/uploads\/2025\/11\/01_SJ-Gauge_pressure_instrument_with_stainless-steel_case_L.jpg\",\"width\":1200,\"height\":1000},{\"@type\":\"BreadcrumbList\",\"@id\":\"https:\/\/www.sj-gauge.com\/product\/prs\/#breadcrumb\",\"itemListElement\":[{\"@type\":\"ListItem\",\"position\":1,\"name\":\"Home\",\"item\":\"https:\/\/www.sj-gauge.com\/\"},{\"@type\":\"ListItem\",\"position\":2,\"name\":\"Products\",\"item\":\"https:\/\/www.sj-gauge.com\/products\/\"},{\"@type\":\"ListItem\",\"position\":3,\"name\":\"Stainless Steel Pressure Gauge, Stainless Steel Case\"}]},{\"@type\":\"WebSite\",\"@id\":\"https:\/\/www.sj-gauge.com\/#website\",\"url\":\"https:\/\/www.sj-gauge.com\/\",\"name\":\"Your Expert in Pressure Temp and Smart Transmitters - SJ Gauge\",\"description\":\"Manufacturer of industrial pressure gauges, pressure sensors, and transmitters. SJ Gauge provides high accuracy, durable materials, and custom solutions for oil &amp; gas, chemical, and industrial applications.\",\"publisher\":{\"@id\":\"https:\/\/www.sj-gauge.com\/#organization\"},\"potentialAction\":[{\"@type\":\"SearchAction\",\"target\":{\"@type\":\"EntryPoint\",\"urlTemplate\":\"https:\/\/www.sj-gauge.com\/?s={search_term_string}\"},\"query-input\":{\"@type\":\"PropertyValueSpecification\",\"valueRequired\":true,\"valueName\":\"search_term_string\"}}],\"inLanguage\":\"es\"},{\"@type\":\"Organization\",\"@id\":\"https:\/\/www.sj-gauge.com\/#organization\",\"name\":\"Your Expert in Pressure Temp and Smart Transmitters - SJ Gauge\",\"url\":\"https:\/\/www.sj-gauge.com\/\",\"logo\":{\"@type\":\"ImageObject\",\"inLanguage\":\"es\",\"@id\":\"https:\/\/www.sj-gauge.com\/#\/schema\/logo\/image\/\",\"url\":\"https:\/\/www.sj-gauge.com\/wp-content\/uploads\/2025\/09\/logo.webp\",\"contentUrl\":\"https:\/\/www.sj-gauge.com\/wp-content\/uploads\/2025\/09\/logo.webp\",\"width\":348,\"height\":184,\"caption\":\"Your Expert in Pressure Temp and Smart Transmitters - SJ Gauge\"},\"image\":{\"@id\":\"https:\/\/www.sj-gauge.com\/#\/schema\/logo\/image\/\"}}]}<\/script>\n<!-- \/ Yoast SEO Premium plugin. -->","yoast_head_json":{"title":"Man\u00f3metro para bombas y sistemas hidr\u00e1ulicos | Caja de acero inoxidable | SJ Gauge","description":"Man\u00f3metro PRS con caja de acero inoxidable, dise\u00f1ado para aplicaciones industriales generales como bombas, compresores y sistemas hidr\u00e1ulicos, que ofrece durabilidad y un rendimiento estable.","robots":{"index":"index","follow":"follow","max-snippet":"max-snippet:-1","max-image-preview":"max-image-preview:large","max-video-preview":"max-video-preview:-1"},"canonical":"https:\/\/www.sj-gauge.com\/es\/producto\/prs\/","og_locale":"es_ES","og_type":"article","og_title":"Stainless Steel Pressure Gauge, Stainless Steel Case","og_description":"PRS pressure gauge with stainless steel case, designed for general industrial applications such as pumps, compressors, and hydraulic systems, offering durability and stable performance.","og_url":"https:\/\/www.sj-gauge.com\/es\/producto\/prs\/","og_site_name":"Your Expert in Pressure Temp and Smart Transmitters - SJ Gauge","article_modified_time":"2026-03-28T11:59:23+00:00","og_image":[{"width":1200,"height":1000,"url":"https:\/\/www.sj-gauge.com\/wp-content\/uploads\/2025\/11\/01_SJ-Gauge_pressure_instrument_with_stainless-steel_case_L.jpg","type":"image\/jpeg"}],"twitter_card":"summary_large_image","twitter_misc":{"Tiempo de lectura":"1 minuto"},"schema":{"@context":"https:\/\/schema.org","@graph":[{"@type":"WebPage","@id":"https:\/\/www.sj-gauge.com\/product\/prs\/","url":"https:\/\/www.sj-gauge.com\/product\/prs\/","name":"Man\u00f3metro para bombas y sistemas hidr\u00e1ulicos | Caja de acero inoxidable | SJ Gauge","isPartOf":{"@id":"https:\/\/www.sj-gauge.com\/#website"},"primaryImageOfPage":{"@id":"https:\/\/www.sj-gauge.com\/product\/prs\/#primaryimage"},"image":{"@id":"https:\/\/www.sj-gauge.com\/product\/prs\/#primaryimage"},"thumbnailUrl":"https:\/\/www.sj-gauge.com\/wp-content\/uploads\/2025\/11\/01_SJ-Gauge_pressure_instrument_with_stainless-steel_case_L.jpg","datePublished":"2025-11-10T02:54:17+00:00","dateModified":"2026-03-28T11:59:23+00:00","description":"Man\u00f3metro PRS con caja de acero inoxidable, dise\u00f1ado para aplicaciones industriales generales como bombas, compresores y sistemas hidr\u00e1ulicos, que ofrece durabilidad y un rendimiento estable.","breadcrumb":{"@id":"https:\/\/www.sj-gauge.com\/product\/prs\/#breadcrumb"},"inLanguage":"es","potentialAction":[{"@type":"ReadAction","target":["https:\/\/www.sj-gauge.com\/product\/prs\/"]}]},{"@type":"ImageObject","inLanguage":"es","@id":"https:\/\/www.sj-gauge.com\/product\/prs\/#primaryimage","url":"https:\/\/www.sj-gauge.com\/wp-content\/uploads\/2025\/11\/01_SJ-Gauge_pressure_instrument_with_stainless-steel_case_L.jpg","contentUrl":"https:\/\/www.sj-gauge.com\/wp-content\/uploads\/2025\/11\/01_SJ-Gauge_pressure_instrument_with_stainless-steel_case_L.jpg","width":1200,"height":1000},{"@type":"BreadcrumbList","@id":"https:\/\/www.sj-gauge.com\/product\/prs\/#breadcrumb","itemListElement":[{"@type":"ListItem","position":1,"name":"Home","item":"https:\/\/www.sj-gauge.com\/"},{"@type":"ListItem","position":2,"name":"Products","item":"https:\/\/www.sj-gauge.com\/products\/"},{"@type":"ListItem","position":3,"name":"Stainless Steel Pressure Gauge, Stainless Steel Case"}]},{"@type":"WebSite","@id":"https:\/\/www.sj-gauge.com\/#website","url":"https:\/\/www.sj-gauge.com\/","name":"Su experto en Transmisores de presi\u00f3n, temperatura e inteligentes - SJ Gauge","description":"Fabricante de man\u00f3metros industriales, sensores de presi\u00f3n y transmisores. SJ Gauge ofrece alta precisi\u00f3n, materiales duraderos y soluciones personalizadas para aplicaciones de petr\u00f3leo y gas, qu\u00edmicas e industriales.","publisher":{"@id":"https:\/\/www.sj-gauge.com\/#organization"},"potentialAction":[{"@type":"SearchAction","target":{"@type":"EntryPoint","urlTemplate":"https:\/\/www.sj-gauge.com\/?s={search_term_string}"},"query-input":{"@type":"PropertyValueSpecification","valueRequired":true,"valueName":"search_term_string"}}],"inLanguage":"es"},{"@type":"Organization","@id":"https:\/\/www.sj-gauge.com\/#organization","name":"Su experto en Transmisores de presi\u00f3n, temperatura e inteligentes - SJ Gauge","url":"https:\/\/www.sj-gauge.com\/","logo":{"@type":"ImageObject","inLanguage":"es","@id":"https:\/\/www.sj-gauge.com\/#\/schema\/logo\/image\/","url":"https:\/\/www.sj-gauge.com\/wp-content\/uploads\/2025\/09\/logo.webp","contentUrl":"https:\/\/www.sj-gauge.com\/wp-content\/uploads\/2025\/09\/logo.webp","width":348,"height":184,"caption":"Your Expert in Pressure Temp and Smart Transmitters - SJ Gauge"},"image":{"@id":"https:\/\/www.sj-gauge.com\/#\/schema\/logo\/image\/"}}]}},"_links":{"self":[{"href":"https:\/\/www.sj-gauge.com\/es\/wp-json\/wp\/v2\/product\/1585","targetHints":{"allow":["GET"]}}],"collection":[{"href":"https:\/\/www.sj-gauge.com\/es\/wp-json\/wp\/v2\/product"}],"about":[{"href":"https:\/\/www.sj-gauge.com\/es\/wp-json\/wp\/v2\/types\/product"}],"wp:featuredmedia":[{"embeddable":true,"href":"https:\/\/www.sj-gauge.com\/es\/wp-json\/wp\/v2\/media\/1589"}],"wp:attachment":[{"href":"https:\/\/www.sj-gauge.com\/es\/wp-json\/wp\/v2\/media?parent=1585"}],"wp:term":[{"taxonomy":"product_brand","embeddable":true,"href":"https:\/\/www.sj-gauge.com\/es\/wp-json\/wp\/v2\/product_brand?post=1585"},{"taxonomy":"product_cat","embeddable":true,"href":"https:\/\/www.sj-gauge.com\/es\/wp-json\/wp\/v2\/product_cat?post=1585"},{"taxonomy":"product_tag","embeddable":true,"href":"https:\/\/www.sj-gauge.com\/es\/wp-json\/wp\/v2\/product_tag?post=1585"}],"curies":[{"name":"wp","href":"https:\/\/api.w.org\/{rel}","templated":true}]}}