{"id":1599,"date":"2025-11-10T11:21:06","date_gmt":"2025-11-10T03:21:06","guid":{"rendered":"https:\/\/sj-gauge.com\/?post_type=product&#038;p=1599"},"modified":"2026-03-31T16:17:06","modified_gmt":"2026-03-31T08:17:06","slug":"prss","status":"publish","type":"product","link":"https:\/\/www.sj-gauge.com\/es\/producto\/prss\/","title":{"rendered":"Man\u00f3metro de acero inoxidable, Acero inoxidable"},"content":{"rendered":"<p>El PRSS es un man\u00f3metro industrial de acero inoxidable construido con una caja de acero inoxidable 304 y piezas h\u00famedas de acero inoxidable 316L, adecuado para medios l\u00edquidos o gaseosos no viscosos y no cristalizantes. Ofrece rangos de presi\u00f3n de 0-1 kg\/cm\u00b2 hasta 0-1000 kg\/cm\u00b2, con tama\u00f1os de esfera disponibles en 2,5\u2033, 3\u2033 y 4\u2033. El man\u00f3metro proporciona una precisi\u00f3n de \u00b11,6% F.S. (\u00b12,5% F.S. para rangos de vac\u00edo y compuestos) y puede suministrarse seco, relleno de glicerina o relleno de silicona para mejorar la resistencia a las vibraciones. Con m\u00faltiples opciones de montaje, que incluyen montaje inferior, posterior, posterior central, brida y abrazadera en U, el PRSS es ideal para aplicaciones de alimentos y bebidas, ingenier\u00eda de procesos y supervisi\u00f3n de tuber\u00edas industriales en general.<\/p>","protected":false},"excerpt":{"rendered":"<ul>\n<li>Para medios gaseosos y l\u00edquidos a presi\u00f3n que no sean muy viscosos ni cristalizantes.<\/li>\n<li>Tipo lleno de l\u00edquido disponible para evitar la observaci\u00f3n dura de la vibraci\u00f3n del puntero<\/li>\n<li>Ideal para la industria alimentaria y de bebidas u otras industrias de ingenier\u00eda de procesos<\/li>\n<\/ul>","protected":false},"featured_media":1603,"template":"","meta":{"_acf_changed":false},"product_brand":[40],"product_cat":[18,41],"product_tag":[],"class_list":{"0":"post-1599","1":"product","2":"type-product","3":"status-publish","4":"has-post-thumbnail","6":"product_brand-sj-gauge","7":"product_cat-pressure-gauges","8":"product_cat-pressure-instruments","10":"first","11":"instock","12":"shipping-taxable","13":"product-type-simple"},"acf":[],"yoast_head":"<!-- This site is optimized with the Yoast SEO Premium plugin v26.7 (Yoast SEO v26.7) - https:\/\/yoast.com\/wordpress\/plugins\/seo\/ -->\n<title>Stainless Steel Pressure Gauge with 316L Wetted Parts | Industrial Use | SJ Gauge<\/title>\n<meta name=\"description\" content=\"PRSS stainless steel pressure gauge with 316L wetted parts, designed for process industries including food and beverage, offering reliable performance for liquid and gas pressure measurement.\" \/>\n<meta name=\"robots\" content=\"index, follow, max-snippet:-1, max-image-preview:large, max-video-preview:-1\" \/>\n<link rel=\"canonical\" href=\"https:\/\/www.sj-gauge.com\/es\/producto\/prss\/\" \/>\n<meta property=\"og:locale\" content=\"es_ES\" \/>\n<meta property=\"og:type\" content=\"article\" \/>\n<meta property=\"og:title\" content=\"Stainless Steel Pressure Gauge, Stainless Steel\" \/>\n<meta property=\"og:description\" content=\"PRSS stainless steel pressure gauge with 316L wetted parts, designed for process industries including food and beverage, offering reliable performance for liquid and gas pressure measurement.\" \/>\n<meta property=\"og:url\" content=\"https:\/\/www.sj-gauge.com\/es\/producto\/prss\/\" \/>\n<meta property=\"og:site_name\" content=\"Your Expert in Pressure Temp and Smart Transmitters - SJ Gauge\" \/>\n<meta property=\"article:modified_time\" content=\"2026-03-31T08:17:06+00:00\" \/>\n<meta property=\"og:image\" content=\"https:\/\/www.sj-gauge.com\/wp-content\/uploads\/2025\/11\/SJ-Gauge_pressure_gauge_with_stainless_steel_case_L.jpg\" \/>\n\t<meta property=\"og:image:width\" content=\"1200\" \/>\n\t<meta property=\"og:image:height\" content=\"1000\" \/>\n\t<meta property=\"og:image:type\" content=\"image\/jpeg\" \/>\n<meta name=\"twitter:card\" content=\"summary_large_image\" \/>\n<meta name=\"twitter:label1\" content=\"Tiempo de lectura\" \/>\n\t<meta name=\"twitter:data1\" content=\"1 minuto\" \/>\n<script type=\"application\/ld+json\" class=\"yoast-schema-graph\">{\"@context\":\"https:\/\/schema.org\",\"@graph\":[{\"@type\":\"WebPage\",\"@id\":\"https:\/\/www.sj-gauge.com\/product\/prss\/\",\"url\":\"https:\/\/www.sj-gauge.com\/product\/prss\/\",\"name\":\"Stainless Steel Pressure Gauge with 316L Wetted Parts | Industrial Use | SJ Gauge\",\"isPartOf\":{\"@id\":\"https:\/\/www.sj-gauge.com\/#website\"},\"primaryImageOfPage\":{\"@id\":\"https:\/\/www.sj-gauge.com\/product\/prss\/#primaryimage\"},\"image\":{\"@id\":\"https:\/\/www.sj-gauge.com\/product\/prss\/#primaryimage\"},\"thumbnailUrl\":\"https:\/\/www.sj-gauge.com\/wp-content\/uploads\/2025\/11\/SJ-Gauge_pressure_gauge_with_stainless_steel_case_L.jpg\",\"datePublished\":\"2025-11-10T03:21:06+00:00\",\"dateModified\":\"2026-03-31T08:17:06+00:00\",\"description\":\"PRSS stainless steel pressure gauge with 316L wetted parts, designed for process industries including food and beverage, offering reliable performance for liquid and gas pressure measurement.\",\"breadcrumb\":{\"@id\":\"https:\/\/www.sj-gauge.com\/product\/prss\/#breadcrumb\"},\"inLanguage\":\"es\",\"potentialAction\":[{\"@type\":\"ReadAction\",\"target\":[\"https:\/\/www.sj-gauge.com\/product\/prss\/\"]}]},{\"@type\":\"ImageObject\",\"inLanguage\":\"es\",\"@id\":\"https:\/\/www.sj-gauge.com\/product\/prss\/#primaryimage\",\"url\":\"https:\/\/www.sj-gauge.com\/wp-content\/uploads\/2025\/11\/SJ-Gauge_pressure_gauge_with_stainless_steel_case_L.jpg\",\"contentUrl\":\"https:\/\/www.sj-gauge.com\/wp-content\/uploads\/2025\/11\/SJ-Gauge_pressure_gauge_with_stainless_steel_case_L.jpg\",\"width\":1200,\"height\":1000},{\"@type\":\"BreadcrumbList\",\"@id\":\"https:\/\/www.sj-gauge.com\/product\/prss\/#breadcrumb\",\"itemListElement\":[{\"@type\":\"ListItem\",\"position\":1,\"name\":\"Home\",\"item\":\"https:\/\/www.sj-gauge.com\/\"},{\"@type\":\"ListItem\",\"position\":2,\"name\":\"Products\",\"item\":\"https:\/\/www.sj-gauge.com\/products\/\"},{\"@type\":\"ListItem\",\"position\":3,\"name\":\"Stainless Steel Pressure Gauge, Stainless Steel\"}]},{\"@type\":\"WebSite\",\"@id\":\"https:\/\/www.sj-gauge.com\/#website\",\"url\":\"https:\/\/www.sj-gauge.com\/\",\"name\":\"Your Expert in Pressure Temp and Smart Transmitters - SJ Gauge\",\"description\":\"Manufacturer of industrial pressure gauges, pressure sensors, and transmitters. SJ Gauge provides high accuracy, durable materials, and custom solutions for oil &amp; gas, chemical, and industrial applications.\",\"publisher\":{\"@id\":\"https:\/\/www.sj-gauge.com\/#organization\"},\"potentialAction\":[{\"@type\":\"SearchAction\",\"target\":{\"@type\":\"EntryPoint\",\"urlTemplate\":\"https:\/\/www.sj-gauge.com\/?s={search_term_string}\"},\"query-input\":{\"@type\":\"PropertyValueSpecification\",\"valueRequired\":true,\"valueName\":\"search_term_string\"}}],\"inLanguage\":\"es\"},{\"@type\":\"Organization\",\"@id\":\"https:\/\/www.sj-gauge.com\/#organization\",\"name\":\"Your Expert in Pressure Temp and Smart Transmitters - SJ Gauge\",\"url\":\"https:\/\/www.sj-gauge.com\/\",\"logo\":{\"@type\":\"ImageObject\",\"inLanguage\":\"es\",\"@id\":\"https:\/\/www.sj-gauge.com\/#\/schema\/logo\/image\/\",\"url\":\"https:\/\/www.sj-gauge.com\/wp-content\/uploads\/2025\/09\/logo.webp\",\"contentUrl\":\"https:\/\/www.sj-gauge.com\/wp-content\/uploads\/2025\/09\/logo.webp\",\"width\":348,\"height\":184,\"caption\":\"Your Expert in Pressure Temp and Smart Transmitters - SJ Gauge\"},\"image\":{\"@id\":\"https:\/\/www.sj-gauge.com\/#\/schema\/logo\/image\/\"}}]}<\/script>\n<!-- \/ Yoast SEO Premium plugin. -->","yoast_head_json":{"title":"Man\u00f3metro de Acero Inoxidable con Piezas en Contacto con el Agua 316L | Uso Industrial | SJ Gauge","description":"Man\u00f3metro de acero inoxidable PRSS con piezas en contacto con el medio de 316L, dise\u00f1ado para industrias de procesos, incluidas las de alimentaci\u00f3n y bebidas, que ofrece un rendimiento fiable para la medici\u00f3n de la presi\u00f3n de l\u00edquidos y gases.","robots":{"index":"index","follow":"follow","max-snippet":"max-snippet:-1","max-image-preview":"max-image-preview:large","max-video-preview":"max-video-preview:-1"},"canonical":"https:\/\/www.sj-gauge.com\/es\/producto\/prss\/","og_locale":"es_ES","og_type":"article","og_title":"Stainless Steel Pressure Gauge, Stainless Steel","og_description":"PRSS stainless steel pressure gauge with 316L wetted parts, designed for process industries including food and beverage, offering reliable performance for liquid and gas pressure measurement.","og_url":"https:\/\/www.sj-gauge.com\/es\/producto\/prss\/","og_site_name":"Your Expert in Pressure Temp and Smart Transmitters - SJ Gauge","article_modified_time":"2026-03-31T08:17:06+00:00","og_image":[{"width":1200,"height":1000,"url":"https:\/\/www.sj-gauge.com\/wp-content\/uploads\/2025\/11\/SJ-Gauge_pressure_gauge_with_stainless_steel_case_L.jpg","type":"image\/jpeg"}],"twitter_card":"summary_large_image","twitter_misc":{"Tiempo de lectura":"1 minuto"},"schema":{"@context":"https:\/\/schema.org","@graph":[{"@type":"WebPage","@id":"https:\/\/www.sj-gauge.com\/product\/prss\/","url":"https:\/\/www.sj-gauge.com\/product\/prss\/","name":"Man\u00f3metro de Acero Inoxidable con Piezas en Contacto con el Agua 316L | Uso Industrial | SJ Gauge","isPartOf":{"@id":"https:\/\/www.sj-gauge.com\/#website"},"primaryImageOfPage":{"@id":"https:\/\/www.sj-gauge.com\/product\/prss\/#primaryimage"},"image":{"@id":"https:\/\/www.sj-gauge.com\/product\/prss\/#primaryimage"},"thumbnailUrl":"https:\/\/www.sj-gauge.com\/wp-content\/uploads\/2025\/11\/SJ-Gauge_pressure_gauge_with_stainless_steel_case_L.jpg","datePublished":"2025-11-10T03:21:06+00:00","dateModified":"2026-03-31T08:17:06+00:00","description":"Man\u00f3metro de acero inoxidable PRSS con piezas en contacto con el medio de 316L, dise\u00f1ado para industrias de procesos, incluidas las de alimentaci\u00f3n y bebidas, que ofrece un rendimiento fiable para la medici\u00f3n de la presi\u00f3n de l\u00edquidos y gases.","breadcrumb":{"@id":"https:\/\/www.sj-gauge.com\/product\/prss\/#breadcrumb"},"inLanguage":"es","potentialAction":[{"@type":"ReadAction","target":["https:\/\/www.sj-gauge.com\/product\/prss\/"]}]},{"@type":"ImageObject","inLanguage":"es","@id":"https:\/\/www.sj-gauge.com\/product\/prss\/#primaryimage","url":"https:\/\/www.sj-gauge.com\/wp-content\/uploads\/2025\/11\/SJ-Gauge_pressure_gauge_with_stainless_steel_case_L.jpg","contentUrl":"https:\/\/www.sj-gauge.com\/wp-content\/uploads\/2025\/11\/SJ-Gauge_pressure_gauge_with_stainless_steel_case_L.jpg","width":1200,"height":1000},{"@type":"BreadcrumbList","@id":"https:\/\/www.sj-gauge.com\/product\/prss\/#breadcrumb","itemListElement":[{"@type":"ListItem","position":1,"name":"Home","item":"https:\/\/www.sj-gauge.com\/"},{"@type":"ListItem","position":2,"name":"Products","item":"https:\/\/www.sj-gauge.com\/products\/"},{"@type":"ListItem","position":3,"name":"Stainless Steel Pressure Gauge, Stainless Steel"}]},{"@type":"WebSite","@id":"https:\/\/www.sj-gauge.com\/#website","url":"https:\/\/www.sj-gauge.com\/","name":"Su experto en Transmisores de presi\u00f3n, temperatura e inteligentes - SJ Gauge","description":"Fabricante de man\u00f3metros industriales, sensores de presi\u00f3n y transmisores. SJ Gauge ofrece alta precisi\u00f3n, materiales duraderos y soluciones personalizadas para aplicaciones de petr\u00f3leo y gas, qu\u00edmicas e industriales.","publisher":{"@id":"https:\/\/www.sj-gauge.com\/#organization"},"potentialAction":[{"@type":"SearchAction","target":{"@type":"EntryPoint","urlTemplate":"https:\/\/www.sj-gauge.com\/?s={search_term_string}"},"query-input":{"@type":"PropertyValueSpecification","valueRequired":true,"valueName":"search_term_string"}}],"inLanguage":"es"},{"@type":"Organization","@id":"https:\/\/www.sj-gauge.com\/#organization","name":"Su experto en Transmisores de presi\u00f3n, temperatura e inteligentes - SJ Gauge","url":"https:\/\/www.sj-gauge.com\/","logo":{"@type":"ImageObject","inLanguage":"es","@id":"https:\/\/www.sj-gauge.com\/#\/schema\/logo\/image\/","url":"https:\/\/www.sj-gauge.com\/wp-content\/uploads\/2025\/09\/logo.webp","contentUrl":"https:\/\/www.sj-gauge.com\/wp-content\/uploads\/2025\/09\/logo.webp","width":348,"height":184,"caption":"Your Expert in Pressure Temp and Smart Transmitters - SJ Gauge"},"image":{"@id":"https:\/\/www.sj-gauge.com\/#\/schema\/logo\/image\/"}}]}},"_links":{"self":[{"href":"https:\/\/www.sj-gauge.com\/es\/wp-json\/wp\/v2\/product\/1599","targetHints":{"allow":["GET"]}}],"collection":[{"href":"https:\/\/www.sj-gauge.com\/es\/wp-json\/wp\/v2\/product"}],"about":[{"href":"https:\/\/www.sj-gauge.com\/es\/wp-json\/wp\/v2\/types\/product"}],"wp:featuredmedia":[{"embeddable":true,"href":"https:\/\/www.sj-gauge.com\/es\/wp-json\/wp\/v2\/media\/1603"}],"wp:attachment":[{"href":"https:\/\/www.sj-gauge.com\/es\/wp-json\/wp\/v2\/media?parent=1599"}],"wp:term":[{"taxonomy":"product_brand","embeddable":true,"href":"https:\/\/www.sj-gauge.com\/es\/wp-json\/wp\/v2\/product_brand?post=1599"},{"taxonomy":"product_cat","embeddable":true,"href":"https:\/\/www.sj-gauge.com\/es\/wp-json\/wp\/v2\/product_cat?post=1599"},{"taxonomy":"product_tag","embeddable":true,"href":"https:\/\/www.sj-gauge.com\/es\/wp-json\/wp\/v2\/product_tag?post=1599"}],"curies":[{"name":"wp","href":"https:\/\/api.w.org\/{rel}","templated":true}]}}