{"id":1615,"date":"2025-11-10T13:31:30","date_gmt":"2025-11-10T05:31:30","guid":{"rendered":"https:\/\/sj-gauge.com\/?post_type=product&#038;p=1615"},"modified":"2026-03-27T15:07:44","modified_gmt":"2026-03-27T07:07:44","slug":"prhp","status":"publish","type":"product","link":"https:\/\/www.sj-gauge.com\/es\/producto\/prhp\/","title":{"rendered":"Man\u00f3metro de acero inoxidable, Ultra alta presi\u00f3n"},"content":{"rendered":"<p>El PRHP es un man\u00f3metro de acero inoxidable de presi\u00f3n ultraelevada dise\u00f1ado para aplicaciones exigentes de presi\u00f3n de l\u00edquidos, como sistemas de corte por chorro de agua, equipos de limpieza de alta presi\u00f3n y pruebas en bancos de componentes hidr\u00e1ulicos. Disponible en tama\u00f1os de esfera de 4\u2033, 6\u2033, 8\u2033 y 10\u2033, admite rangos de presi\u00f3n de hasta 2000-4000 bar. El man\u00f3metro cuenta con una carcasa de acero cromado o acero inoxidable 304, piezas h\u00famedas de 316L y una ventana de cristal de seguridad para una mayor durabilidad en condiciones extremas. Dispone de varias conexiones de alta presi\u00f3n, como G1\/2B, M16\u00d71,5, 9\/16 UNF y 5\/8 UNF, y ofrece una precisi\u00f3n de \u00b12,5% F.S. y una resistencia a temperaturas medias de hasta 150\u00b0C (sin relleno). Es ideal para entornos industriales que requieren una medici\u00f3n de presi\u00f3n extrema con alta fiabilidad.<\/p>","protected":false},"excerpt":{"rendered":"<ul>\n<li>Adecuado para l\u00edquidos a alta presi\u00f3n, por ejemplo: agua, aceite hidr\u00e1ulico, etc.<\/li>\n<li>Normalmente se encuentran con equipos para corte por chorro de agua, limpieza a presi\u00f3n extremadamente alta y pruebas en banco (por ejemplo, para componentes hidr\u00e1ulicos).<\/li>\n<\/ul>","protected":false},"featured_media":1616,"template":"","meta":{"_acf_changed":false},"product_brand":[40],"product_cat":[18,41],"product_tag":[],"class_list":{"0":"post-1615","1":"product","2":"type-product","3":"status-publish","4":"has-post-thumbnail","6":"product_brand-sj-gauge","7":"product_cat-pressure-gauges","8":"product_cat-pressure-instruments","10":"first","11":"instock","12":"shipping-taxable","13":"product-type-simple"},"acf":[],"yoast_head":"<!-- This site is optimized with the Yoast SEO Premium plugin v26.7 (Yoast SEO v27.4) - https:\/\/yoast.com\/product\/yoast-seo-premium-wordpress\/ -->\n<title>High Pressure Gauge up to 4000 bar | Water Jet &amp; Hydraulic Applications | SJ Gauge<\/title>\n<meta name=\"description\" content=\"PRHP high pressure gauge designed for extreme applications up to 4000 bar, ideal for water jet cutting, high pressure cleaning, and hydraulic testing systems.\" \/>\n<meta name=\"robots\" content=\"index, follow, max-snippet:-1, max-image-preview:large, max-video-preview:-1\" \/>\n<link rel=\"canonical\" href=\"https:\/\/www.sj-gauge.com\/es\/producto\/prhp\/\" \/>\n<meta property=\"og:locale\" content=\"es_ES\" \/>\n<meta property=\"og:type\" content=\"article\" \/>\n<meta property=\"og:title\" content=\"Stainless Steel Pressure Gauge, Ultra High Pressure\" \/>\n<meta property=\"og:description\" content=\"PRHP high pressure gauge designed for extreme applications up to 4000 bar, ideal for water jet cutting, high pressure cleaning, and hydraulic testing systems.\" \/>\n<meta property=\"og:url\" content=\"https:\/\/www.sj-gauge.com\/es\/producto\/prhp\/\" \/>\n<meta property=\"og:site_name\" content=\"SJ Gauge | Pressure Gauges, Thermometers &amp; Pressure Sensors\" \/>\n<meta property=\"article:modified_time\" content=\"2026-03-27T07:07:44+00:00\" \/>\n<meta property=\"og:image\" content=\"https:\/\/www.sj-gauge.com\/wp-content\/uploads\/2025\/11\/SJ-Gauge-PRHP-pressure-gauge.jpg\" \/>\n\t<meta property=\"og:image:width\" content=\"1200\" \/>\n\t<meta property=\"og:image:height\" content=\"1000\" \/>\n\t<meta property=\"og:image:type\" content=\"image\/jpeg\" \/>\n<meta name=\"twitter:card\" content=\"summary_large_image\" \/>\n<meta name=\"twitter:label1\" content=\"Tiempo de lectura\" \/>\n\t<meta name=\"twitter:data1\" content=\"1 minuto\" \/>\n<script type=\"application\/ld+json\" class=\"yoast-schema-graph\">{\"@context\":\"https:\\\/\\\/schema.org\",\"@graph\":[{\"@type\":\"WebPage\",\"@id\":\"https:\\\/\\\/www.sj-gauge.com\\\/product\\\/prhp\\\/\",\"url\":\"https:\\\/\\\/www.sj-gauge.com\\\/product\\\/prhp\\\/\",\"name\":\"High Pressure Gauge up to 4000 bar | Water Jet & Hydraulic Applications | SJ Gauge\",\"isPartOf\":{\"@id\":\"https:\\\/\\\/www.sj-gauge.com\\\/#website\"},\"primaryImageOfPage\":{\"@id\":\"https:\\\/\\\/www.sj-gauge.com\\\/product\\\/prhp\\\/#primaryimage\"},\"image\":{\"@id\":\"https:\\\/\\\/www.sj-gauge.com\\\/product\\\/prhp\\\/#primaryimage\"},\"thumbnailUrl\":\"https:\\\/\\\/www.sj-gauge.com\\\/wp-content\\\/uploads\\\/2025\\\/11\\\/SJ-Gauge-PRHP-pressure-gauge.jpg\",\"datePublished\":\"2025-11-10T05:31:30+00:00\",\"dateModified\":\"2026-03-27T07:07:44+00:00\",\"description\":\"PRHP high pressure gauge designed for extreme applications up to 4000 bar, ideal for water jet cutting, high pressure cleaning, and hydraulic testing systems.\",\"breadcrumb\":{\"@id\":\"https:\\\/\\\/www.sj-gauge.com\\\/product\\\/prhp\\\/#breadcrumb\"},\"inLanguage\":\"es\",\"potentialAction\":[{\"@type\":\"ReadAction\",\"target\":[\"https:\\\/\\\/www.sj-gauge.com\\\/product\\\/prhp\\\/\"]}]},{\"@type\":\"ImageObject\",\"inLanguage\":\"es\",\"@id\":\"https:\\\/\\\/www.sj-gauge.com\\\/product\\\/prhp\\\/#primaryimage\",\"url\":\"https:\\\/\\\/www.sj-gauge.com\\\/wp-content\\\/uploads\\\/2025\\\/11\\\/SJ-Gauge-PRHP-pressure-gauge.jpg\",\"contentUrl\":\"https:\\\/\\\/www.sj-gauge.com\\\/wp-content\\\/uploads\\\/2025\\\/11\\\/SJ-Gauge-PRHP-pressure-gauge.jpg\",\"width\":1200,\"height\":1000},{\"@type\":\"BreadcrumbList\",\"@id\":\"https:\\\/\\\/www.sj-gauge.com\\\/product\\\/prhp\\\/#breadcrumb\",\"itemListElement\":[{\"@type\":\"ListItem\",\"position\":1,\"name\":\"Home\",\"item\":\"https:\\\/\\\/www.sj-gauge.com\\\/\"},{\"@type\":\"ListItem\",\"position\":2,\"name\":\"Products\",\"item\":\"https:\\\/\\\/www.sj-gauge.com\\\/products\\\/\"},{\"@type\":\"ListItem\",\"position\":3,\"name\":\"Stainless Steel Pressure Gauge, Ultra High Pressure\"}]},{\"@type\":\"WebSite\",\"@id\":\"https:\\\/\\\/www.sj-gauge.com\\\/#website\",\"url\":\"https:\\\/\\\/www.sj-gauge.com\\\/\",\"name\":\"SJ Gauge | Pressure Gauges, Thermometers &amp; Pressure Sensors\",\"description\":\"Manufacturer of industrial pressure gauges, pressure sensors, and transmitters. SJ Gauge provides high accuracy, durable materials, and custom solutions for oil &amp; gas, chemical, and industrial applications.\",\"publisher\":{\"@id\":\"https:\\\/\\\/www.sj-gauge.com\\\/#organization\"},\"potentialAction\":[{\"@type\":\"SearchAction\",\"target\":{\"@type\":\"EntryPoint\",\"urlTemplate\":\"https:\\\/\\\/www.sj-gauge.com\\\/?s={search_term_string}\"},\"query-input\":{\"@type\":\"PropertyValueSpecification\",\"valueRequired\":true,\"valueName\":\"search_term_string\"}}],\"inLanguage\":\"es\"},{\"@type\":\"Organization\",\"@id\":\"https:\\\/\\\/www.sj-gauge.com\\\/#organization\",\"name\":\"SJ Gauge | Pressure Gauges, Thermometers &amp; Pressure Sensors\",\"url\":\"https:\\\/\\\/www.sj-gauge.com\\\/\",\"logo\":{\"@type\":\"ImageObject\",\"inLanguage\":\"es\",\"@id\":\"https:\\\/\\\/www.sj-gauge.com\\\/#\\\/schema\\\/logo\\\/image\\\/\",\"url\":\"https:\\\/\\\/www.sj-gauge.com\\\/wp-content\\\/uploads\\\/2025\\\/09\\\/logo.webp\",\"contentUrl\":\"https:\\\/\\\/www.sj-gauge.com\\\/wp-content\\\/uploads\\\/2025\\\/09\\\/logo.webp\",\"width\":348,\"height\":184,\"caption\":\"SJ Gauge | Pressure Gauges, Thermometers &amp; Pressure Sensors\"},\"image\":{\"@id\":\"https:\\\/\\\/www.sj-gauge.com\\\/#\\\/schema\\\/logo\\\/image\\\/\"}}]}<\/script>\n<!-- \/ Yoast SEO Premium plugin. -->","yoast_head_json":{"title":"Man\u00f3metro de alta presi\u00f3n hasta 4000 bar | Aplicaciones de chorro de agua e hidr\u00e1ulicas | SJ Gauge","description":"Man\u00f3metro de alta presi\u00f3n PRHP dise\u00f1ado para aplicaciones extremas de hasta 4000 bar, ideal para corte por chorro de agua, limpieza a alta presi\u00f3n y sistemas de pruebas hidr\u00e1ulicas.","robots":{"index":"index","follow":"follow","max-snippet":"max-snippet:-1","max-image-preview":"max-image-preview:large","max-video-preview":"max-video-preview:-1"},"canonical":"https:\/\/www.sj-gauge.com\/es\/producto\/prhp\/","og_locale":"es_ES","og_type":"article","og_title":"Stainless Steel Pressure Gauge, Ultra High Pressure","og_description":"PRHP high pressure gauge designed for extreme applications up to 4000 bar, ideal for water jet cutting, high pressure cleaning, and hydraulic testing systems.","og_url":"https:\/\/www.sj-gauge.com\/es\/producto\/prhp\/","og_site_name":"SJ Gauge | Pressure Gauges, Thermometers &amp; Pressure Sensors","article_modified_time":"2026-03-27T07:07:44+00:00","og_image":[{"width":1200,"height":1000,"url":"https:\/\/www.sj-gauge.com\/wp-content\/uploads\/2025\/11\/SJ-Gauge-PRHP-pressure-gauge.jpg","type":"image\/jpeg"}],"twitter_card":"summary_large_image","twitter_misc":{"Tiempo de lectura":"1 minuto"},"schema":{"@context":"https:\/\/schema.org","@graph":[{"@type":"WebPage","@id":"https:\/\/www.sj-gauge.com\/product\/prhp\/","url":"https:\/\/www.sj-gauge.com\/product\/prhp\/","name":"Man\u00f3metro de alta presi\u00f3n hasta 4000 bar | Aplicaciones de chorro de agua e hidr\u00e1ulicas | SJ Gauge","isPartOf":{"@id":"https:\/\/www.sj-gauge.com\/#website"},"primaryImageOfPage":{"@id":"https:\/\/www.sj-gauge.com\/product\/prhp\/#primaryimage"},"image":{"@id":"https:\/\/www.sj-gauge.com\/product\/prhp\/#primaryimage"},"thumbnailUrl":"https:\/\/www.sj-gauge.com\/wp-content\/uploads\/2025\/11\/SJ-Gauge-PRHP-pressure-gauge.jpg","datePublished":"2025-11-10T05:31:30+00:00","dateModified":"2026-03-27T07:07:44+00:00","description":"Man\u00f3metro de alta presi\u00f3n PRHP dise\u00f1ado para aplicaciones extremas de hasta 4000 bar, ideal para corte por chorro de agua, limpieza a alta presi\u00f3n y sistemas de pruebas hidr\u00e1ulicas.","breadcrumb":{"@id":"https:\/\/www.sj-gauge.com\/product\/prhp\/#breadcrumb"},"inLanguage":"es","potentialAction":[{"@type":"ReadAction","target":["https:\/\/www.sj-gauge.com\/product\/prhp\/"]}]},{"@type":"ImageObject","inLanguage":"es","@id":"https:\/\/www.sj-gauge.com\/product\/prhp\/#primaryimage","url":"https:\/\/www.sj-gauge.com\/wp-content\/uploads\/2025\/11\/SJ-Gauge-PRHP-pressure-gauge.jpg","contentUrl":"https:\/\/www.sj-gauge.com\/wp-content\/uploads\/2025\/11\/SJ-Gauge-PRHP-pressure-gauge.jpg","width":1200,"height":1000},{"@type":"BreadcrumbList","@id":"https:\/\/www.sj-gauge.com\/product\/prhp\/#breadcrumb","itemListElement":[{"@type":"ListItem","position":1,"name":"Home","item":"https:\/\/www.sj-gauge.com\/"},{"@type":"ListItem","position":2,"name":"Products","item":"https:\/\/www.sj-gauge.com\/products\/"},{"@type":"ListItem","position":3,"name":"Stainless Steel Pressure Gauge, Ultra High Pressure"}]},{"@type":"WebSite","@id":"https:\/\/www.sj-gauge.com\/#website","url":"https:\/\/www.sj-gauge.com\/","name":"SJ Gauge | Man\u00f3metros, term\u00f3metros y sensores de presi\u00f3n","description":"Fabricante de man\u00f3metros industriales, sensores de presi\u00f3n y transmisores. SJ Gauge ofrece alta precisi\u00f3n, materiales duraderos y soluciones personalizadas para aplicaciones de petr\u00f3leo y gas, qu\u00edmicas e industriales.","publisher":{"@id":"https:\/\/www.sj-gauge.com\/#organization"},"potentialAction":[{"@type":"SearchAction","target":{"@type":"EntryPoint","urlTemplate":"https:\/\/www.sj-gauge.com\/?s={search_term_string}"},"query-input":{"@type":"PropertyValueSpecification","valueRequired":true,"valueName":"search_term_string"}}],"inLanguage":"es"},{"@type":"Organization","@id":"https:\/\/www.sj-gauge.com\/#organization","name":"SJ Gauge | Man\u00f3metros, term\u00f3metros y sensores de presi\u00f3n","url":"https:\/\/www.sj-gauge.com\/","logo":{"@type":"ImageObject","inLanguage":"es","@id":"https:\/\/www.sj-gauge.com\/#\/schema\/logo\/image\/","url":"https:\/\/www.sj-gauge.com\/wp-content\/uploads\/2025\/09\/logo.webp","contentUrl":"https:\/\/www.sj-gauge.com\/wp-content\/uploads\/2025\/09\/logo.webp","width":348,"height":184,"caption":"SJ Gauge | Pressure Gauges, Thermometers &amp; Pressure Sensors"},"image":{"@id":"https:\/\/www.sj-gauge.com\/#\/schema\/logo\/image\/"}}]}},"_links":{"self":[{"href":"https:\/\/www.sj-gauge.com\/es\/wp-json\/wp\/v2\/product\/1615","targetHints":{"allow":["GET"]}}],"collection":[{"href":"https:\/\/www.sj-gauge.com\/es\/wp-json\/wp\/v2\/product"}],"about":[{"href":"https:\/\/www.sj-gauge.com\/es\/wp-json\/wp\/v2\/types\/product"}],"wp:featuredmedia":[{"embeddable":true,"href":"https:\/\/www.sj-gauge.com\/es\/wp-json\/wp\/v2\/media\/1616"}],"wp:attachment":[{"href":"https:\/\/www.sj-gauge.com\/es\/wp-json\/wp\/v2\/media?parent=1615"}],"wp:term":[{"taxonomy":"product_brand","embeddable":true,"href":"https:\/\/www.sj-gauge.com\/es\/wp-json\/wp\/v2\/product_brand?post=1615"},{"taxonomy":"product_cat","embeddable":true,"href":"https:\/\/www.sj-gauge.com\/es\/wp-json\/wp\/v2\/product_cat?post=1615"},{"taxonomy":"product_tag","embeddable":true,"href":"https:\/\/www.sj-gauge.com\/es\/wp-json\/wp\/v2\/product_tag?post=1615"}],"curies":[{"name":"wp","href":"https:\/\/api.w.org\/{rel}","templated":true}]}}