{"id":1656,"date":"2025-11-10T14:57:43","date_gmt":"2025-11-10T06:57:43","guid":{"rendered":"https:\/\/sj-gauge.com\/?post_type=product&#038;p=1656"},"modified":"2026-03-28T21:16:01","modified_gmt":"2026-03-28T13:16:01","slug":"prssm-ld","status":"publish","type":"product","link":"https:\/\/www.sj-gauge.com\/es\/producto\/prssm-ld\/","title":{"rendered":"Man\u00f3metro de baja presi\u00f3n, diafragma"},"content":{"rendered":"<p>El PRSSM-LD es un medidor de diafragma de baja presi\u00f3n con diafragma corrugado dise\u00f1ado para medios corrosivos, cristalizantes o muy viscosos. Ofrece rangos de medici\u00f3n desde 0-1 kPa hasta 0-25 bar, incluyendo opciones de vac\u00edo y compuestos. Disponible en tama\u00f1os de esfera de 4\u2033 y 6\u2033, ofrece materiales h\u00famedos como acero inoxidable 316L, aleaci\u00f3n Hastelloy o PTFE, con protecci\u00f3n contra sobrecarga de 5 a 10 veces el fondo de escala (hasta 40 bar). El man\u00f3metro admite conexiones a proceso roscadas o embridadas y dispone de una carcasa de acero inoxidable con ventana de cristal o cristal de seguridad. Disponible en versi\u00f3n seca o llena de l\u00edquido y con clasificaci\u00f3n IP65, el PRSSM-LD es ideal para entornos qu\u00edmicos, petroqu\u00edmicos, de petr\u00f3leo y gas y otros entornos industriales dif\u00edciles.<\/p>","protected":false},"excerpt":{"rendered":"<ul>\n<li>Ideal para la medici\u00f3n de presi\u00f3n de bajo rango en aplicaciones duras, viscosas o de cristalizaci\u00f3n.<\/li>\n<li>Las conexiones de presi\u00f3n incluyen opciones de montaje roscado y con brida, o contactos el\u00e9ctricos<\/li>\n<li>Adecuado para aplicaciones en las industrias qu\u00edmica, petroqu\u00edmica, petrolera y del gas, as\u00ed como en la ingenier\u00eda energ\u00e9tica.<\/li>\n<\/ul>","protected":false},"featured_media":1659,"template":"","meta":{"_acf_changed":false},"product_brand":[40],"product_cat":[18,41],"product_tag":[],"class_list":{"0":"post-1656","1":"product","2":"type-product","3":"status-publish","4":"has-post-thumbnail","6":"product_brand-sj-gauge","7":"product_cat-pressure-gauges","8":"product_cat-pressure-instruments","10":"first","11":"instock","12":"shipping-taxable","13":"product-type-simple"},"acf":[],"yoast_head":"<!-- This site is optimized with the Yoast SEO Premium plugin v26.7 (Yoast SEO v26.7) - https:\/\/yoast.com\/wordpress\/plugins\/seo\/ -->\n<title>Diaphragm Pressure Gauge | For Viscous, Crystallizing &amp; Corrosive Media | SJ Gauge<\/title>\n<meta name=\"description\" content=\"PRSSM-LD diaphragm pressure gauge designed for viscous, crystallizing, and corrosive media, ensuring reliable measurement in harsh industrial environments.\" \/>\n<meta name=\"robots\" content=\"index, follow, max-snippet:-1, max-image-preview:large, max-video-preview:-1\" \/>\n<link rel=\"canonical\" href=\"https:\/\/www.sj-gauge.com\/es\/producto\/prssm-ld\/\" \/>\n<meta property=\"og:locale\" content=\"es_ES\" \/>\n<meta property=\"og:type\" content=\"article\" \/>\n<meta property=\"og:title\" content=\"Low Pressure Gauge, Diaphragm\" \/>\n<meta property=\"og:description\" content=\"PRSSM-LD diaphragm pressure gauge designed for viscous, crystallizing, and corrosive media, ensuring reliable measurement in harsh industrial environments.\" \/>\n<meta property=\"og:url\" content=\"https:\/\/www.sj-gauge.com\/es\/producto\/prssm-ld\/\" \/>\n<meta property=\"og:site_name\" content=\"Your Expert in Pressure Temp and Smart Transmitters - SJ Gauge\" \/>\n<meta property=\"article:modified_time\" content=\"2026-03-28T13:16:01+00:00\" \/>\n<meta property=\"og:image\" content=\"https:\/\/www.sj-gauge.com\/wp-content\/uploads\/2025\/11\/SJ-Gauge-diaphragm-pressure-gauge-prssm-ld2.jpg\" \/>\n\t<meta property=\"og:image:width\" content=\"1200\" \/>\n\t<meta property=\"og:image:height\" content=\"1000\" \/>\n\t<meta property=\"og:image:type\" content=\"image\/jpeg\" \/>\n<meta name=\"twitter:card\" content=\"summary_large_image\" \/>\n<meta name=\"twitter:label1\" content=\"Tiempo de lectura\" \/>\n\t<meta name=\"twitter:data1\" content=\"1 minuto\" \/>\n<script type=\"application\/ld+json\" class=\"yoast-schema-graph\">{\"@context\":\"https:\/\/schema.org\",\"@graph\":[{\"@type\":\"WebPage\",\"@id\":\"https:\/\/www.sj-gauge.com\/product\/prssm-ld\/\",\"url\":\"https:\/\/www.sj-gauge.com\/product\/prssm-ld\/\",\"name\":\"Diaphragm Pressure Gauge | For Viscous, Crystallizing & Corrosive Media | SJ Gauge\",\"isPartOf\":{\"@id\":\"https:\/\/www.sj-gauge.com\/#website\"},\"primaryImageOfPage\":{\"@id\":\"https:\/\/www.sj-gauge.com\/product\/prssm-ld\/#primaryimage\"},\"image\":{\"@id\":\"https:\/\/www.sj-gauge.com\/product\/prssm-ld\/#primaryimage\"},\"thumbnailUrl\":\"https:\/\/www.sj-gauge.com\/wp-content\/uploads\/2025\/11\/SJ-Gauge-diaphragm-pressure-gauge-prssm-ld2.jpg\",\"datePublished\":\"2025-11-10T06:57:43+00:00\",\"dateModified\":\"2026-03-28T13:16:01+00:00\",\"description\":\"PRSSM-LD diaphragm pressure gauge designed for viscous, crystallizing, and corrosive media, ensuring reliable measurement in harsh industrial environments.\",\"breadcrumb\":{\"@id\":\"https:\/\/www.sj-gauge.com\/product\/prssm-ld\/#breadcrumb\"},\"inLanguage\":\"es\",\"potentialAction\":[{\"@type\":\"ReadAction\",\"target\":[\"https:\/\/www.sj-gauge.com\/product\/prssm-ld\/\"]}]},{\"@type\":\"ImageObject\",\"inLanguage\":\"es\",\"@id\":\"https:\/\/www.sj-gauge.com\/product\/prssm-ld\/#primaryimage\",\"url\":\"https:\/\/www.sj-gauge.com\/wp-content\/uploads\/2025\/11\/SJ-Gauge-diaphragm-pressure-gauge-prssm-ld2.jpg\",\"contentUrl\":\"https:\/\/www.sj-gauge.com\/wp-content\/uploads\/2025\/11\/SJ-Gauge-diaphragm-pressure-gauge-prssm-ld2.jpg\",\"width\":1200,\"height\":1000},{\"@type\":\"BreadcrumbList\",\"@id\":\"https:\/\/www.sj-gauge.com\/product\/prssm-ld\/#breadcrumb\",\"itemListElement\":[{\"@type\":\"ListItem\",\"position\":1,\"name\":\"Home\",\"item\":\"https:\/\/www.sj-gauge.com\/\"},{\"@type\":\"ListItem\",\"position\":2,\"name\":\"Products\",\"item\":\"https:\/\/www.sj-gauge.com\/products\/\"},{\"@type\":\"ListItem\",\"position\":3,\"name\":\"Low Pressure Gauge, Diaphragm\"}]},{\"@type\":\"WebSite\",\"@id\":\"https:\/\/www.sj-gauge.com\/#website\",\"url\":\"https:\/\/www.sj-gauge.com\/\",\"name\":\"Your Expert in Pressure Temp and Smart Transmitters - SJ Gauge\",\"description\":\"Manufacturer of industrial pressure gauges, pressure sensors, and transmitters. SJ Gauge provides high accuracy, durable materials, and custom solutions for oil &amp; gas, chemical, and industrial applications.\",\"publisher\":{\"@id\":\"https:\/\/www.sj-gauge.com\/#organization\"},\"potentialAction\":[{\"@type\":\"SearchAction\",\"target\":{\"@type\":\"EntryPoint\",\"urlTemplate\":\"https:\/\/www.sj-gauge.com\/?s={search_term_string}\"},\"query-input\":{\"@type\":\"PropertyValueSpecification\",\"valueRequired\":true,\"valueName\":\"search_term_string\"}}],\"inLanguage\":\"es\"},{\"@type\":\"Organization\",\"@id\":\"https:\/\/www.sj-gauge.com\/#organization\",\"name\":\"Your Expert in Pressure Temp and Smart Transmitters - SJ Gauge\",\"url\":\"https:\/\/www.sj-gauge.com\/\",\"logo\":{\"@type\":\"ImageObject\",\"inLanguage\":\"es\",\"@id\":\"https:\/\/www.sj-gauge.com\/#\/schema\/logo\/image\/\",\"url\":\"https:\/\/www.sj-gauge.com\/wp-content\/uploads\/2025\/09\/logo.webp\",\"contentUrl\":\"https:\/\/www.sj-gauge.com\/wp-content\/uploads\/2025\/09\/logo.webp\",\"width\":348,\"height\":184,\"caption\":\"Your Expert in Pressure Temp and Smart Transmitters - SJ Gauge\"},\"image\":{\"@id\":\"https:\/\/www.sj-gauge.com\/#\/schema\/logo\/image\/\"}}]}<\/script>\n<!-- \/ Yoast SEO Premium plugin. -->","yoast_head_json":{"title":"Man\u00f3metro de membrana | Para medios viscosos, cristalizantes y corrosivos | SJ Gauge","description":"Man\u00f3metro de diafragma PRSSM-LD dise\u00f1ado para medios viscosos, cristalizantes y corrosivos, que garantiza una medici\u00f3n fiable en entornos industriales adversos.","robots":{"index":"index","follow":"follow","max-snippet":"max-snippet:-1","max-image-preview":"max-image-preview:large","max-video-preview":"max-video-preview:-1"},"canonical":"https:\/\/www.sj-gauge.com\/es\/producto\/prssm-ld\/","og_locale":"es_ES","og_type":"article","og_title":"Low Pressure Gauge, Diaphragm","og_description":"PRSSM-LD diaphragm pressure gauge designed for viscous, crystallizing, and corrosive media, ensuring reliable measurement in harsh industrial environments.","og_url":"https:\/\/www.sj-gauge.com\/es\/producto\/prssm-ld\/","og_site_name":"Your Expert in Pressure Temp and Smart Transmitters - SJ Gauge","article_modified_time":"2026-03-28T13:16:01+00:00","og_image":[{"width":1200,"height":1000,"url":"https:\/\/www.sj-gauge.com\/wp-content\/uploads\/2025\/11\/SJ-Gauge-diaphragm-pressure-gauge-prssm-ld2.jpg","type":"image\/jpeg"}],"twitter_card":"summary_large_image","twitter_misc":{"Tiempo de lectura":"1 minuto"},"schema":{"@context":"https:\/\/schema.org","@graph":[{"@type":"WebPage","@id":"https:\/\/www.sj-gauge.com\/product\/prssm-ld\/","url":"https:\/\/www.sj-gauge.com\/product\/prssm-ld\/","name":"Man\u00f3metro de membrana | Para medios viscosos, cristalizantes y corrosivos | SJ Gauge","isPartOf":{"@id":"https:\/\/www.sj-gauge.com\/#website"},"primaryImageOfPage":{"@id":"https:\/\/www.sj-gauge.com\/product\/prssm-ld\/#primaryimage"},"image":{"@id":"https:\/\/www.sj-gauge.com\/product\/prssm-ld\/#primaryimage"},"thumbnailUrl":"https:\/\/www.sj-gauge.com\/wp-content\/uploads\/2025\/11\/SJ-Gauge-diaphragm-pressure-gauge-prssm-ld2.jpg","datePublished":"2025-11-10T06:57:43+00:00","dateModified":"2026-03-28T13:16:01+00:00","description":"Man\u00f3metro de diafragma PRSSM-LD dise\u00f1ado para medios viscosos, cristalizantes y corrosivos, que garantiza una medici\u00f3n fiable en entornos industriales adversos.","breadcrumb":{"@id":"https:\/\/www.sj-gauge.com\/product\/prssm-ld\/#breadcrumb"},"inLanguage":"es","potentialAction":[{"@type":"ReadAction","target":["https:\/\/www.sj-gauge.com\/product\/prssm-ld\/"]}]},{"@type":"ImageObject","inLanguage":"es","@id":"https:\/\/www.sj-gauge.com\/product\/prssm-ld\/#primaryimage","url":"https:\/\/www.sj-gauge.com\/wp-content\/uploads\/2025\/11\/SJ-Gauge-diaphragm-pressure-gauge-prssm-ld2.jpg","contentUrl":"https:\/\/www.sj-gauge.com\/wp-content\/uploads\/2025\/11\/SJ-Gauge-diaphragm-pressure-gauge-prssm-ld2.jpg","width":1200,"height":1000},{"@type":"BreadcrumbList","@id":"https:\/\/www.sj-gauge.com\/product\/prssm-ld\/#breadcrumb","itemListElement":[{"@type":"ListItem","position":1,"name":"Home","item":"https:\/\/www.sj-gauge.com\/"},{"@type":"ListItem","position":2,"name":"Products","item":"https:\/\/www.sj-gauge.com\/products\/"},{"@type":"ListItem","position":3,"name":"Low Pressure Gauge, Diaphragm"}]},{"@type":"WebSite","@id":"https:\/\/www.sj-gauge.com\/#website","url":"https:\/\/www.sj-gauge.com\/","name":"Su experto en Transmisores de presi\u00f3n, temperatura e inteligentes - SJ Gauge","description":"Fabricante de man\u00f3metros industriales, sensores de presi\u00f3n y transmisores. SJ Gauge ofrece alta precisi\u00f3n, materiales duraderos y soluciones personalizadas para aplicaciones de petr\u00f3leo y gas, qu\u00edmicas e industriales.","publisher":{"@id":"https:\/\/www.sj-gauge.com\/#organization"},"potentialAction":[{"@type":"SearchAction","target":{"@type":"EntryPoint","urlTemplate":"https:\/\/www.sj-gauge.com\/?s={search_term_string}"},"query-input":{"@type":"PropertyValueSpecification","valueRequired":true,"valueName":"search_term_string"}}],"inLanguage":"es"},{"@type":"Organization","@id":"https:\/\/www.sj-gauge.com\/#organization","name":"Su experto en Transmisores de presi\u00f3n, temperatura e inteligentes - SJ Gauge","url":"https:\/\/www.sj-gauge.com\/","logo":{"@type":"ImageObject","inLanguage":"es","@id":"https:\/\/www.sj-gauge.com\/#\/schema\/logo\/image\/","url":"https:\/\/www.sj-gauge.com\/wp-content\/uploads\/2025\/09\/logo.webp","contentUrl":"https:\/\/www.sj-gauge.com\/wp-content\/uploads\/2025\/09\/logo.webp","width":348,"height":184,"caption":"Your Expert in Pressure Temp and Smart Transmitters - SJ Gauge"},"image":{"@id":"https:\/\/www.sj-gauge.com\/#\/schema\/logo\/image\/"}}]}},"_links":{"self":[{"href":"https:\/\/www.sj-gauge.com\/es\/wp-json\/wp\/v2\/product\/1656","targetHints":{"allow":["GET"]}}],"collection":[{"href":"https:\/\/www.sj-gauge.com\/es\/wp-json\/wp\/v2\/product"}],"about":[{"href":"https:\/\/www.sj-gauge.com\/es\/wp-json\/wp\/v2\/types\/product"}],"wp:featuredmedia":[{"embeddable":true,"href":"https:\/\/www.sj-gauge.com\/es\/wp-json\/wp\/v2\/media\/1659"}],"wp:attachment":[{"href":"https:\/\/www.sj-gauge.com\/es\/wp-json\/wp\/v2\/media?parent=1656"}],"wp:term":[{"taxonomy":"product_brand","embeddable":true,"href":"https:\/\/www.sj-gauge.com\/es\/wp-json\/wp\/v2\/product_brand?post=1656"},{"taxonomy":"product_cat","embeddable":true,"href":"https:\/\/www.sj-gauge.com\/es\/wp-json\/wp\/v2\/product_cat?post=1656"},{"taxonomy":"product_tag","embeddable":true,"href":"https:\/\/www.sj-gauge.com\/es\/wp-json\/wp\/v2\/product_tag?post=1656"}],"curies":[{"name":"wp","href":"https:\/\/api.w.org\/{rel}","templated":true}]}}