{"id":1674,"date":"2025-11-10T15:43:28","date_gmt":"2025-11-10T07:43:28","guid":{"rendered":"https:\/\/sj-gauge.com\/?post_type=product&#038;p=1674"},"modified":"2026-03-28T21:18:21","modified_gmt":"2026-03-28T13:18:21","slug":"prdc","status":"publish","type":"product","link":"https:\/\/www.sj-gauge.com\/es\/producto\/prdc\/","title":{"rendered":"Man\u00f3metro de presi\u00f3n diferencial, c\u00e1mara de medios totalmente met\u00e1lica"},"content":{"rendered":"<p>El PRDC es un man\u00f3metro de presi\u00f3n diferencial con una c\u00e1mara de medios totalmente met\u00e1lica con una excelente resistencia a la corrosi\u00f3n, lo que lo hace adecuado para l\u00edquidos o gases no viscosos y no cristalizantes incluso en entornos agresivos. Ofrece rangos de medici\u00f3n de 0-1,6 kPa a 0-25 bar y utiliza piezas h\u00famedas de acero inoxidable 316 con una carcasa de acero inoxidable 304\/316. Disponible en seco o lleno de glicerina o aceite de silicona, el man\u00f3metro ofrece protecci\u00f3n IP54 (hasta IP65 cuando est\u00e1 lleno) e incluye una ventana de cristal de seguridad, puntero de aluminio ajustable y conexiones dobles G1\/4(F). El PRDC es ideal para la supervisi\u00f3n y el control de bombas, la supervisi\u00f3n del estado de filtros, la medici\u00f3n de niveles y diversas aplicaciones industriales de presi\u00f3n diferencial.<\/p>","protected":false},"excerpt":{"rendered":"<ul>\n<li>Construcci\u00f3n totalmente met\u00e1lica altamente resistente a la corrosi\u00f3n y c\u00e9lula de medici\u00f3n protegida contra la manipulaci\u00f3n<\/li>\n<li>Se utiliza para la supervisi\u00f3n y el control de bombas, la supervisi\u00f3n de filtros y la medici\u00f3n de niveles<\/li>\n<li>Para medios agresivos gaseosos y l\u00edquidos que no sean muy viscosos ni cristalizantes, tambi\u00e9n en entornos agresivos.<\/li>\n<\/ul>","protected":false},"featured_media":1677,"template":"","meta":{"_acf_changed":false},"product_brand":[40],"product_cat":[49,41],"product_tag":[],"class_list":{"0":"post-1674","1":"product","2":"type-product","3":"status-publish","4":"has-post-thumbnail","6":"product_brand-sj-gauge","7":"product_cat-differential-pressure-gauge","8":"product_cat-pressure-instruments","10":"first","11":"instock","12":"shipping-taxable","13":"product-type-simple"},"acf":[],"yoast_head":"<!-- This site is optimized with the Yoast SEO Premium plugin v26.7 (Yoast SEO v26.7) - https:\/\/yoast.com\/wordpress\/plugins\/seo\/ -->\n<title>Differential Pressure Gauge (DP Gauge) | Filter, Pump &amp; Level Monitoring | SJ Gauge<\/title>\n<meta name=\"description\" content=\"PRDC differential pressure gauge designed for pump monitoring, filter condition monitoring, and level measurement in industrial applications.\" \/>\n<meta name=\"robots\" content=\"index, follow, max-snippet:-1, max-image-preview:large, max-video-preview:-1\" \/>\n<link rel=\"canonical\" href=\"https:\/\/www.sj-gauge.com\/es\/producto\/prdc\/\" \/>\n<meta property=\"og:locale\" content=\"es_ES\" \/>\n<meta property=\"og:type\" content=\"article\" \/>\n<meta property=\"og:title\" content=\"Differential Pressure Gauge, All-metal Media Chamber\" \/>\n<meta property=\"og:description\" content=\"PRDC differential pressure gauge designed for pump monitoring, filter condition monitoring, and level measurement in industrial applications.\" \/>\n<meta property=\"og:url\" content=\"https:\/\/www.sj-gauge.com\/es\/producto\/prdc\/\" \/>\n<meta property=\"og:site_name\" content=\"Your Expert in Pressure Temp and Smart Transmitters - SJ Gauge\" \/>\n<meta property=\"article:modified_time\" content=\"2026-03-28T13:18:21+00:00\" \/>\n<meta property=\"og:image\" content=\"https:\/\/www.sj-gauge.com\/wp-content\/uploads\/2025\/11\/SJ-Gauge-Differential-Pressure-Gauge-Stainless-Steel.jpg\" \/>\n\t<meta property=\"og:image:width\" content=\"1200\" \/>\n\t<meta property=\"og:image:height\" content=\"1000\" \/>\n\t<meta property=\"og:image:type\" content=\"image\/jpeg\" \/>\n<meta name=\"twitter:card\" content=\"summary_large_image\" \/>\n<meta name=\"twitter:label1\" content=\"Tiempo de lectura\" \/>\n\t<meta name=\"twitter:data1\" content=\"1 minuto\" \/>\n<script type=\"application\/ld+json\" class=\"yoast-schema-graph\">{\"@context\":\"https:\/\/schema.org\",\"@graph\":[{\"@type\":\"WebPage\",\"@id\":\"https:\/\/www.sj-gauge.com\/product\/prdc\/\",\"url\":\"https:\/\/www.sj-gauge.com\/product\/prdc\/\",\"name\":\"Differential Pressure Gauge (DP Gauge) | Filter, Pump & Level Monitoring | SJ Gauge\",\"isPartOf\":{\"@id\":\"https:\/\/www.sj-gauge.com\/#website\"},\"primaryImageOfPage\":{\"@id\":\"https:\/\/www.sj-gauge.com\/product\/prdc\/#primaryimage\"},\"image\":{\"@id\":\"https:\/\/www.sj-gauge.com\/product\/prdc\/#primaryimage\"},\"thumbnailUrl\":\"https:\/\/www.sj-gauge.com\/wp-content\/uploads\/2025\/11\/SJ-Gauge-Differential-Pressure-Gauge-Stainless-Steel.jpg\",\"datePublished\":\"2025-11-10T07:43:28+00:00\",\"dateModified\":\"2026-03-28T13:18:21+00:00\",\"description\":\"PRDC differential pressure gauge designed for pump monitoring, filter condition monitoring, and level measurement in industrial applications.\",\"breadcrumb\":{\"@id\":\"https:\/\/www.sj-gauge.com\/product\/prdc\/#breadcrumb\"},\"inLanguage\":\"es\",\"potentialAction\":[{\"@type\":\"ReadAction\",\"target\":[\"https:\/\/www.sj-gauge.com\/product\/prdc\/\"]}]},{\"@type\":\"ImageObject\",\"inLanguage\":\"es\",\"@id\":\"https:\/\/www.sj-gauge.com\/product\/prdc\/#primaryimage\",\"url\":\"https:\/\/www.sj-gauge.com\/wp-content\/uploads\/2025\/11\/SJ-Gauge-Differential-Pressure-Gauge-Stainless-Steel.jpg\",\"contentUrl\":\"https:\/\/www.sj-gauge.com\/wp-content\/uploads\/2025\/11\/SJ-Gauge-Differential-Pressure-Gauge-Stainless-Steel.jpg\",\"width\":1200,\"height\":1000},{\"@type\":\"BreadcrumbList\",\"@id\":\"https:\/\/www.sj-gauge.com\/product\/prdc\/#breadcrumb\",\"itemListElement\":[{\"@type\":\"ListItem\",\"position\":1,\"name\":\"Home\",\"item\":\"https:\/\/www.sj-gauge.com\/\"},{\"@type\":\"ListItem\",\"position\":2,\"name\":\"Products\",\"item\":\"https:\/\/www.sj-gauge.com\/products\/\"},{\"@type\":\"ListItem\",\"position\":3,\"name\":\"Differential Pressure Gauge, All-metal Media Chamber\"}]},{\"@type\":\"WebSite\",\"@id\":\"https:\/\/www.sj-gauge.com\/#website\",\"url\":\"https:\/\/www.sj-gauge.com\/\",\"name\":\"Your Expert in Pressure Temp and Smart Transmitters - SJ Gauge\",\"description\":\"Manufacturer of industrial pressure gauges, pressure sensors, and transmitters. SJ Gauge provides high accuracy, durable materials, and custom solutions for oil &amp; gas, chemical, and industrial applications.\",\"publisher\":{\"@id\":\"https:\/\/www.sj-gauge.com\/#organization\"},\"potentialAction\":[{\"@type\":\"SearchAction\",\"target\":{\"@type\":\"EntryPoint\",\"urlTemplate\":\"https:\/\/www.sj-gauge.com\/?s={search_term_string}\"},\"query-input\":{\"@type\":\"PropertyValueSpecification\",\"valueRequired\":true,\"valueName\":\"search_term_string\"}}],\"inLanguage\":\"es\"},{\"@type\":\"Organization\",\"@id\":\"https:\/\/www.sj-gauge.com\/#organization\",\"name\":\"Your Expert in Pressure Temp and Smart Transmitters - SJ Gauge\",\"url\":\"https:\/\/www.sj-gauge.com\/\",\"logo\":{\"@type\":\"ImageObject\",\"inLanguage\":\"es\",\"@id\":\"https:\/\/www.sj-gauge.com\/#\/schema\/logo\/image\/\",\"url\":\"https:\/\/www.sj-gauge.com\/wp-content\/uploads\/2025\/09\/logo.webp\",\"contentUrl\":\"https:\/\/www.sj-gauge.com\/wp-content\/uploads\/2025\/09\/logo.webp\",\"width\":348,\"height\":184,\"caption\":\"Your Expert in Pressure Temp and Smart Transmitters - SJ Gauge\"},\"image\":{\"@id\":\"https:\/\/www.sj-gauge.com\/#\/schema\/logo\/image\/\"}}]}<\/script>\n<!-- \/ Yoast SEO Premium plugin. -->","yoast_head_json":{"title":"Man\u00f3metro de presi\u00f3n diferencial (DP) | Control de filtros, bombas y niveles | SJ Gauge","description":"Man\u00f3metro diferencial PRDC dise\u00f1ado para la supervisi\u00f3n de bombas, la supervisi\u00f3n del estado de filtros y la medici\u00f3n de nivel en aplicaciones industriales.","robots":{"index":"index","follow":"follow","max-snippet":"max-snippet:-1","max-image-preview":"max-image-preview:large","max-video-preview":"max-video-preview:-1"},"canonical":"https:\/\/www.sj-gauge.com\/es\/producto\/prdc\/","og_locale":"es_ES","og_type":"article","og_title":"Differential Pressure Gauge, All-metal Media Chamber","og_description":"PRDC differential pressure gauge designed for pump monitoring, filter condition monitoring, and level measurement in industrial applications.","og_url":"https:\/\/www.sj-gauge.com\/es\/producto\/prdc\/","og_site_name":"Your Expert in Pressure Temp and Smart Transmitters - SJ Gauge","article_modified_time":"2026-03-28T13:18:21+00:00","og_image":[{"width":1200,"height":1000,"url":"https:\/\/www.sj-gauge.com\/wp-content\/uploads\/2025\/11\/SJ-Gauge-Differential-Pressure-Gauge-Stainless-Steel.jpg","type":"image\/jpeg"}],"twitter_card":"summary_large_image","twitter_misc":{"Tiempo de lectura":"1 minuto"},"schema":{"@context":"https:\/\/schema.org","@graph":[{"@type":"WebPage","@id":"https:\/\/www.sj-gauge.com\/product\/prdc\/","url":"https:\/\/www.sj-gauge.com\/product\/prdc\/","name":"Man\u00f3metro de presi\u00f3n diferencial (DP) | Control de filtros, bombas y niveles | SJ Gauge","isPartOf":{"@id":"https:\/\/www.sj-gauge.com\/#website"},"primaryImageOfPage":{"@id":"https:\/\/www.sj-gauge.com\/product\/prdc\/#primaryimage"},"image":{"@id":"https:\/\/www.sj-gauge.com\/product\/prdc\/#primaryimage"},"thumbnailUrl":"https:\/\/www.sj-gauge.com\/wp-content\/uploads\/2025\/11\/SJ-Gauge-Differential-Pressure-Gauge-Stainless-Steel.jpg","datePublished":"2025-11-10T07:43:28+00:00","dateModified":"2026-03-28T13:18:21+00:00","description":"Man\u00f3metro diferencial PRDC dise\u00f1ado para la supervisi\u00f3n de bombas, la supervisi\u00f3n del estado de filtros y la medici\u00f3n de nivel en aplicaciones industriales.","breadcrumb":{"@id":"https:\/\/www.sj-gauge.com\/product\/prdc\/#breadcrumb"},"inLanguage":"es","potentialAction":[{"@type":"ReadAction","target":["https:\/\/www.sj-gauge.com\/product\/prdc\/"]}]},{"@type":"ImageObject","inLanguage":"es","@id":"https:\/\/www.sj-gauge.com\/product\/prdc\/#primaryimage","url":"https:\/\/www.sj-gauge.com\/wp-content\/uploads\/2025\/11\/SJ-Gauge-Differential-Pressure-Gauge-Stainless-Steel.jpg","contentUrl":"https:\/\/www.sj-gauge.com\/wp-content\/uploads\/2025\/11\/SJ-Gauge-Differential-Pressure-Gauge-Stainless-Steel.jpg","width":1200,"height":1000},{"@type":"BreadcrumbList","@id":"https:\/\/www.sj-gauge.com\/product\/prdc\/#breadcrumb","itemListElement":[{"@type":"ListItem","position":1,"name":"Home","item":"https:\/\/www.sj-gauge.com\/"},{"@type":"ListItem","position":2,"name":"Products","item":"https:\/\/www.sj-gauge.com\/products\/"},{"@type":"ListItem","position":3,"name":"Differential Pressure Gauge, All-metal Media Chamber"}]},{"@type":"WebSite","@id":"https:\/\/www.sj-gauge.com\/#website","url":"https:\/\/www.sj-gauge.com\/","name":"Su experto en Transmisores de presi\u00f3n, temperatura e inteligentes - SJ Gauge","description":"Fabricante de man\u00f3metros industriales, sensores de presi\u00f3n y transmisores. SJ Gauge ofrece alta precisi\u00f3n, materiales duraderos y soluciones personalizadas para aplicaciones de petr\u00f3leo y gas, qu\u00edmicas e industriales.","publisher":{"@id":"https:\/\/www.sj-gauge.com\/#organization"},"potentialAction":[{"@type":"SearchAction","target":{"@type":"EntryPoint","urlTemplate":"https:\/\/www.sj-gauge.com\/?s={search_term_string}"},"query-input":{"@type":"PropertyValueSpecification","valueRequired":true,"valueName":"search_term_string"}}],"inLanguage":"es"},{"@type":"Organization","@id":"https:\/\/www.sj-gauge.com\/#organization","name":"Su experto en Transmisores de presi\u00f3n, temperatura e inteligentes - SJ Gauge","url":"https:\/\/www.sj-gauge.com\/","logo":{"@type":"ImageObject","inLanguage":"es","@id":"https:\/\/www.sj-gauge.com\/#\/schema\/logo\/image\/","url":"https:\/\/www.sj-gauge.com\/wp-content\/uploads\/2025\/09\/logo.webp","contentUrl":"https:\/\/www.sj-gauge.com\/wp-content\/uploads\/2025\/09\/logo.webp","width":348,"height":184,"caption":"Your Expert in Pressure Temp and Smart Transmitters - SJ Gauge"},"image":{"@id":"https:\/\/www.sj-gauge.com\/#\/schema\/logo\/image\/"}}]}},"_links":{"self":[{"href":"https:\/\/www.sj-gauge.com\/es\/wp-json\/wp\/v2\/product\/1674","targetHints":{"allow":["GET"]}}],"collection":[{"href":"https:\/\/www.sj-gauge.com\/es\/wp-json\/wp\/v2\/product"}],"about":[{"href":"https:\/\/www.sj-gauge.com\/es\/wp-json\/wp\/v2\/types\/product"}],"wp:featuredmedia":[{"embeddable":true,"href":"https:\/\/www.sj-gauge.com\/es\/wp-json\/wp\/v2\/media\/1677"}],"wp:attachment":[{"href":"https:\/\/www.sj-gauge.com\/es\/wp-json\/wp\/v2\/media?parent=1674"}],"wp:term":[{"taxonomy":"product_brand","embeddable":true,"href":"https:\/\/www.sj-gauge.com\/es\/wp-json\/wp\/v2\/product_brand?post=1674"},{"taxonomy":"product_cat","embeddable":true,"href":"https:\/\/www.sj-gauge.com\/es\/wp-json\/wp\/v2\/product_cat?post=1674"},{"taxonomy":"product_tag","embeddable":true,"href":"https:\/\/www.sj-gauge.com\/es\/wp-json\/wp\/v2\/product_tag?post=1674"}],"curies":[{"name":"wp","href":"https:\/\/api.w.org\/{rel}","templated":true}]}}