{"id":1687,"date":"2025-11-10T16:06:46","date_gmt":"2025-11-10T08:06:46","guid":{"rendered":"https:\/\/sj-gauge.com\/?post_type=product&#038;p=1687"},"modified":"2026-03-27T15:39:48","modified_gmt":"2026-03-27T07:39:48","slug":"prld","status":"publish","type":"product","link":"https:\/\/www.sj-gauge.com\/es\/producto\/prld\/","title":{"rendered":"Man\u00f3metro de presi\u00f3n diferencial, dep\u00f3sitos criog\u00e9nicos"},"content":{"rendered":"<p>El PRLD es un man\u00f3metro diferencial de alto rendimiento dise\u00f1ado espec\u00edficamente para tanques criog\u00e9nicos y camiones cisterna cerrados. Es ideal para controlar nitr\u00f3geno l\u00edquido, ox\u00edgeno l\u00edquido, aceites y otros medios a baja temperatura. Con una presi\u00f3n est\u00e1tica nominal de hasta 50 bar y rangos de medici\u00f3n de 0-4 kPa a 0-400 kPa, ofrece soluciones fiables para la supervisi\u00f3n del nivel de l\u00edquido y la detecci\u00f3n del estado de los filtros. Las piezas h\u00famedas del instrumento incluyen bridas de aleaci\u00f3n de cobre, un muelle de compresi\u00f3n de acero inoxidable 304 y un diafragma de separaci\u00f3n de NBR, todo ello alojado en una robusta carcasa de acero inoxidable 304 con ventana de policarbonato. Con una clasificaci\u00f3n IP65 y equipado con un puntero ajustable, el PRLD est\u00e1 disponible en versiones sin aceite para gases inflamables o explosivos. Entre los accesorios opcionales se incluyen colectores de v\u00e1lvulas, versiones para servicio de ox\u00edgeno, contactos de conmutaci\u00f3n y adaptadores de proceso, lo que lo convierte en una soluci\u00f3n robusta y vers\u00e1til para aplicaciones de tanques criog\u00e9nicos e industriales.<\/p>","protected":false},"excerpt":{"rendered":"<ul>\n<li>Admite criotecnolog\u00eda; aplicable para medir medios a baja temperatura<\/li>\n<li>Para la medici\u00f3n de gases especiales, como los gases inflamables y explosivos, est\u00e1 disponible la opci\u00f3n sin aceite<\/li>\n<li>Se utiliza habitualmente para medir los niveles de l\u00edquido de camiones cisterna cerrados para aceite, nitr\u00f3geno l\u00edquido y otros materiales; tambi\u00e9n es \u00fatil para la supervisi\u00f3n de filtros.<\/li>\n<\/ul>\n<p>\u25fc\ufe0f Fig.1: Man\u00f3metro de presi\u00f3n diferencial modelo PRLD<br \/>\n\u25fc\ufe0f Fig.2: Con colector de v\u00e1lvulas de opci\u00f3n con indicaci\u00f3n de la presi\u00f3n de trabajo<\/p>","protected":false},"featured_media":1691,"template":"","meta":{"_acf_changed":false},"product_brand":[40],"product_cat":[49,41],"product_tag":[],"class_list":{"0":"post-1687","1":"product","2":"type-product","3":"status-publish","4":"has-post-thumbnail","6":"product_brand-sj-gauge","7":"product_cat-differential-pressure-gauge","8":"product_cat-pressure-instruments","10":"first","11":"instock","12":"shipping-taxable","13":"product-type-simple"},"acf":[],"yoast_head":"<!-- This site is optimized with the Yoast SEO Premium plugin v26.7 (Yoast SEO v26.7) - https:\/\/yoast.com\/wordpress\/plugins\/seo\/ -->\n<title>Cryogenic Differential Pressure Gauge | Low Temperature Applications | SJ Gauge<\/title>\n<meta name=\"description\" content=\"PRLD cryogenic differential pressure gauge designed for low-temperature applications such as liquid nitrogen, oxygen systems, and industrial tank level monitoring.\" \/>\n<meta name=\"robots\" content=\"index, follow, max-snippet:-1, max-image-preview:large, max-video-preview:-1\" \/>\n<link rel=\"canonical\" href=\"https:\/\/www.sj-gauge.com\/es\/producto\/prld\/\" \/>\n<meta property=\"og:locale\" content=\"es_ES\" \/>\n<meta property=\"og:type\" content=\"article\" \/>\n<meta property=\"og:title\" content=\"Differential Pressure Gauge, Cryogenic Tanks\" \/>\n<meta property=\"og:description\" content=\"PRLD cryogenic differential pressure gauge designed for low-temperature applications such as liquid nitrogen, oxygen systems, and industrial tank level monitoring.\" \/>\n<meta property=\"og:url\" content=\"https:\/\/www.sj-gauge.com\/es\/producto\/prld\/\" \/>\n<meta property=\"og:site_name\" content=\"Your Expert in Pressure Temp and Smart Transmitters - SJ Gauge\" \/>\n<meta property=\"article:modified_time\" content=\"2026-03-27T07:39:48+00:00\" \/>\n<meta property=\"og:image\" content=\"https:\/\/www.sj-gauge.com\/wp-content\/uploads\/2025\/11\/SJ-Gauge-differential-pressure-gauge-L.jpg\" \/>\n\t<meta property=\"og:image:width\" content=\"1200\" \/>\n\t<meta property=\"og:image:height\" content=\"1000\" \/>\n\t<meta property=\"og:image:type\" content=\"image\/jpeg\" \/>\n<meta name=\"twitter:card\" content=\"summary_large_image\" \/>\n<meta name=\"twitter:label1\" content=\"Tiempo de lectura\" \/>\n\t<meta name=\"twitter:data1\" content=\"1 minuto\" \/>\n<script type=\"application\/ld+json\" class=\"yoast-schema-graph\">{\"@context\":\"https:\/\/schema.org\",\"@graph\":[{\"@type\":\"WebPage\",\"@id\":\"https:\/\/www.sj-gauge.com\/product\/prld\/\",\"url\":\"https:\/\/www.sj-gauge.com\/product\/prld\/\",\"name\":\"Cryogenic Differential Pressure Gauge | Low Temperature Applications | SJ Gauge\",\"isPartOf\":{\"@id\":\"https:\/\/www.sj-gauge.com\/#website\"},\"primaryImageOfPage\":{\"@id\":\"https:\/\/www.sj-gauge.com\/product\/prld\/#primaryimage\"},\"image\":{\"@id\":\"https:\/\/www.sj-gauge.com\/product\/prld\/#primaryimage\"},\"thumbnailUrl\":\"https:\/\/www.sj-gauge.com\/wp-content\/uploads\/2025\/11\/SJ-Gauge-differential-pressure-gauge-L.jpg\",\"datePublished\":\"2025-11-10T08:06:46+00:00\",\"dateModified\":\"2026-03-27T07:39:48+00:00\",\"description\":\"PRLD cryogenic differential pressure gauge designed for low-temperature applications such as liquid nitrogen, oxygen systems, and industrial tank level monitoring.\",\"breadcrumb\":{\"@id\":\"https:\/\/www.sj-gauge.com\/product\/prld\/#breadcrumb\"},\"inLanguage\":\"es\",\"potentialAction\":[{\"@type\":\"ReadAction\",\"target\":[\"https:\/\/www.sj-gauge.com\/product\/prld\/\"]}]},{\"@type\":\"ImageObject\",\"inLanguage\":\"es\",\"@id\":\"https:\/\/www.sj-gauge.com\/product\/prld\/#primaryimage\",\"url\":\"https:\/\/www.sj-gauge.com\/wp-content\/uploads\/2025\/11\/SJ-Gauge-differential-pressure-gauge-L.jpg\",\"contentUrl\":\"https:\/\/www.sj-gauge.com\/wp-content\/uploads\/2025\/11\/SJ-Gauge-differential-pressure-gauge-L.jpg\",\"width\":1200,\"height\":1000},{\"@type\":\"BreadcrumbList\",\"@id\":\"https:\/\/www.sj-gauge.com\/product\/prld\/#breadcrumb\",\"itemListElement\":[{\"@type\":\"ListItem\",\"position\":1,\"name\":\"Home\",\"item\":\"https:\/\/www.sj-gauge.com\/\"},{\"@type\":\"ListItem\",\"position\":2,\"name\":\"Products\",\"item\":\"https:\/\/www.sj-gauge.com\/products\/\"},{\"@type\":\"ListItem\",\"position\":3,\"name\":\"Differential Pressure Gauge, Cryogenic Tanks\"}]},{\"@type\":\"WebSite\",\"@id\":\"https:\/\/www.sj-gauge.com\/#website\",\"url\":\"https:\/\/www.sj-gauge.com\/\",\"name\":\"Your Expert in Pressure Temp and Smart Transmitters - SJ Gauge\",\"description\":\"Manufacturer of industrial pressure gauges, pressure sensors, and transmitters. SJ Gauge provides high accuracy, durable materials, and custom solutions for oil &amp; gas, chemical, and industrial applications.\",\"publisher\":{\"@id\":\"https:\/\/www.sj-gauge.com\/#organization\"},\"potentialAction\":[{\"@type\":\"SearchAction\",\"target\":{\"@type\":\"EntryPoint\",\"urlTemplate\":\"https:\/\/www.sj-gauge.com\/?s={search_term_string}\"},\"query-input\":{\"@type\":\"PropertyValueSpecification\",\"valueRequired\":true,\"valueName\":\"search_term_string\"}}],\"inLanguage\":\"es\"},{\"@type\":\"Organization\",\"@id\":\"https:\/\/www.sj-gauge.com\/#organization\",\"name\":\"Your Expert in Pressure Temp and Smart Transmitters - SJ Gauge\",\"url\":\"https:\/\/www.sj-gauge.com\/\",\"logo\":{\"@type\":\"ImageObject\",\"inLanguage\":\"es\",\"@id\":\"https:\/\/www.sj-gauge.com\/#\/schema\/logo\/image\/\",\"url\":\"https:\/\/www.sj-gauge.com\/wp-content\/uploads\/2025\/09\/logo.webp\",\"contentUrl\":\"https:\/\/www.sj-gauge.com\/wp-content\/uploads\/2025\/09\/logo.webp\",\"width\":348,\"height\":184,\"caption\":\"Your Expert in Pressure Temp and Smart Transmitters - SJ Gauge\"},\"image\":{\"@id\":\"https:\/\/www.sj-gauge.com\/#\/schema\/logo\/image\/\"}}]}<\/script>\n<!-- \/ Yoast SEO Premium plugin. -->","yoast_head_json":{"title":"Man\u00f3metro de presi\u00f3n diferencial criog\u00e9nica | Aplicaciones de baja temperatura | SJ Gauge","description":"Man\u00f3metro de presi\u00f3n diferencial criog\u00e9nica PRLD dise\u00f1ado para aplicaciones de baja temperatura como nitr\u00f3geno l\u00edquido, sistemas de ox\u00edgeno y control de nivel de tanques industriales.","robots":{"index":"index","follow":"follow","max-snippet":"max-snippet:-1","max-image-preview":"max-image-preview:large","max-video-preview":"max-video-preview:-1"},"canonical":"https:\/\/www.sj-gauge.com\/es\/producto\/prld\/","og_locale":"es_ES","og_type":"article","og_title":"Differential Pressure Gauge, Cryogenic Tanks","og_description":"PRLD cryogenic differential pressure gauge designed for low-temperature applications such as liquid nitrogen, oxygen systems, and industrial tank level monitoring.","og_url":"https:\/\/www.sj-gauge.com\/es\/producto\/prld\/","og_site_name":"Your Expert in Pressure Temp and Smart Transmitters - SJ Gauge","article_modified_time":"2026-03-27T07:39:48+00:00","og_image":[{"width":1200,"height":1000,"url":"https:\/\/www.sj-gauge.com\/wp-content\/uploads\/2025\/11\/SJ-Gauge-differential-pressure-gauge-L.jpg","type":"image\/jpeg"}],"twitter_card":"summary_large_image","twitter_misc":{"Tiempo de lectura":"1 minuto"},"schema":{"@context":"https:\/\/schema.org","@graph":[{"@type":"WebPage","@id":"https:\/\/www.sj-gauge.com\/product\/prld\/","url":"https:\/\/www.sj-gauge.com\/product\/prld\/","name":"Man\u00f3metro de presi\u00f3n diferencial criog\u00e9nica | Aplicaciones de baja temperatura | SJ Gauge","isPartOf":{"@id":"https:\/\/www.sj-gauge.com\/#website"},"primaryImageOfPage":{"@id":"https:\/\/www.sj-gauge.com\/product\/prld\/#primaryimage"},"image":{"@id":"https:\/\/www.sj-gauge.com\/product\/prld\/#primaryimage"},"thumbnailUrl":"https:\/\/www.sj-gauge.com\/wp-content\/uploads\/2025\/11\/SJ-Gauge-differential-pressure-gauge-L.jpg","datePublished":"2025-11-10T08:06:46+00:00","dateModified":"2026-03-27T07:39:48+00:00","description":"Man\u00f3metro de presi\u00f3n diferencial criog\u00e9nica PRLD dise\u00f1ado para aplicaciones de baja temperatura como nitr\u00f3geno l\u00edquido, sistemas de ox\u00edgeno y control de nivel de tanques industriales.","breadcrumb":{"@id":"https:\/\/www.sj-gauge.com\/product\/prld\/#breadcrumb"},"inLanguage":"es","potentialAction":[{"@type":"ReadAction","target":["https:\/\/www.sj-gauge.com\/product\/prld\/"]}]},{"@type":"ImageObject","inLanguage":"es","@id":"https:\/\/www.sj-gauge.com\/product\/prld\/#primaryimage","url":"https:\/\/www.sj-gauge.com\/wp-content\/uploads\/2025\/11\/SJ-Gauge-differential-pressure-gauge-L.jpg","contentUrl":"https:\/\/www.sj-gauge.com\/wp-content\/uploads\/2025\/11\/SJ-Gauge-differential-pressure-gauge-L.jpg","width":1200,"height":1000},{"@type":"BreadcrumbList","@id":"https:\/\/www.sj-gauge.com\/product\/prld\/#breadcrumb","itemListElement":[{"@type":"ListItem","position":1,"name":"Home","item":"https:\/\/www.sj-gauge.com\/"},{"@type":"ListItem","position":2,"name":"Products","item":"https:\/\/www.sj-gauge.com\/products\/"},{"@type":"ListItem","position":3,"name":"Differential Pressure Gauge, Cryogenic Tanks"}]},{"@type":"WebSite","@id":"https:\/\/www.sj-gauge.com\/#website","url":"https:\/\/www.sj-gauge.com\/","name":"Su experto en Transmisores de presi\u00f3n, temperatura e inteligentes - SJ Gauge","description":"Fabricante de man\u00f3metros industriales, sensores de presi\u00f3n y transmisores. SJ Gauge ofrece alta precisi\u00f3n, materiales duraderos y soluciones personalizadas para aplicaciones de petr\u00f3leo y gas, qu\u00edmicas e industriales.","publisher":{"@id":"https:\/\/www.sj-gauge.com\/#organization"},"potentialAction":[{"@type":"SearchAction","target":{"@type":"EntryPoint","urlTemplate":"https:\/\/www.sj-gauge.com\/?s={search_term_string}"},"query-input":{"@type":"PropertyValueSpecification","valueRequired":true,"valueName":"search_term_string"}}],"inLanguage":"es"},{"@type":"Organization","@id":"https:\/\/www.sj-gauge.com\/#organization","name":"Su experto en Transmisores de presi\u00f3n, temperatura e inteligentes - SJ Gauge","url":"https:\/\/www.sj-gauge.com\/","logo":{"@type":"ImageObject","inLanguage":"es","@id":"https:\/\/www.sj-gauge.com\/#\/schema\/logo\/image\/","url":"https:\/\/www.sj-gauge.com\/wp-content\/uploads\/2025\/09\/logo.webp","contentUrl":"https:\/\/www.sj-gauge.com\/wp-content\/uploads\/2025\/09\/logo.webp","width":348,"height":184,"caption":"Your Expert in Pressure Temp and Smart Transmitters - SJ Gauge"},"image":{"@id":"https:\/\/www.sj-gauge.com\/#\/schema\/logo\/image\/"}}]}},"_links":{"self":[{"href":"https:\/\/www.sj-gauge.com\/es\/wp-json\/wp\/v2\/product\/1687","targetHints":{"allow":["GET"]}}],"collection":[{"href":"https:\/\/www.sj-gauge.com\/es\/wp-json\/wp\/v2\/product"}],"about":[{"href":"https:\/\/www.sj-gauge.com\/es\/wp-json\/wp\/v2\/types\/product"}],"wp:featuredmedia":[{"embeddable":true,"href":"https:\/\/www.sj-gauge.com\/es\/wp-json\/wp\/v2\/media\/1691"}],"wp:attachment":[{"href":"https:\/\/www.sj-gauge.com\/es\/wp-json\/wp\/v2\/media?parent=1687"}],"wp:term":[{"taxonomy":"product_brand","embeddable":true,"href":"https:\/\/www.sj-gauge.com\/es\/wp-json\/wp\/v2\/product_brand?post=1687"},{"taxonomy":"product_cat","embeddable":true,"href":"https:\/\/www.sj-gauge.com\/es\/wp-json\/wp\/v2\/product_cat?post=1687"},{"taxonomy":"product_tag","embeddable":true,"href":"https:\/\/www.sj-gauge.com\/es\/wp-json\/wp\/v2\/product_tag?post=1687"}],"curies":[{"name":"wp","href":"https:\/\/api.w.org\/{rel}","templated":true}]}}