{"id":1721,"date":"2025-11-12T11:42:16","date_gmt":"2025-11-12T03:42:16","guid":{"rendered":"https:\/\/sj-gauge.com\/?post_type=product&#038;p=1721"},"modified":"2026-03-27T15:44:52","modified_gmt":"2026-03-27T07:44:52","slug":"prdd","status":"publish","type":"product","link":"https:\/\/www.sj-gauge.com\/es\/producto\/prdd\/","title":{"rendered":"Man\u00f3metro de presi\u00f3n diferencial, d\u00faplex"},"content":{"rendered":"<p>El PRDD es un man\u00f3metro diferencial d\u00faplex equipado con dos sistemas de medici\u00f3n de tubo de Bourdon independientes, lo que permite la indicaci\u00f3n simult\u00e1nea de valores de presi\u00f3n dobles para la supervisi\u00f3n de diferencias de presi\u00f3n. Dispone de iluminaci\u00f3n LED alimentada por DC24V o AC110V, adecuada para aplicaciones con poca luz o en ra\u00edles. Con un rango de medici\u00f3n de hasta 25 bar y una precisi\u00f3n F.S. de \u00b11,6%, el man\u00f3metro utiliza una conexi\u00f3n a proceso M14\u00d71,5 y un dise\u00f1o de montaje posterior inferior. Construido con una carcasa de acero al carbono y tubos Bourdon de aleaci\u00f3n de cobre, el PRDD es ideal para su uso en sistemas de filtraci\u00f3n y sistemas de frenado ferroviarios, ofreciendo durabilidad y un rendimiento fiable.<\/p>","protected":false},"excerpt":{"rendered":"<ul>\n<li>Los man\u00f3metros est\u00e1n equipados con dos sistemas de medici\u00f3n de tubo de Bourdon que funcionan de forma independiente<\/li>\n<li>Iluminaci\u00f3n LED para tensiones de funcionamiento de DC24V o AC110V<\/li>\n<li>Se utiliza normalmente en filtros y sistemas de frenado de ra\u00edles<\/li>\n<\/ul>","protected":false},"featured_media":1727,"template":"","meta":{"_acf_changed":false},"product_brand":[40],"product_cat":[49,41],"product_tag":[],"class_list":{"0":"post-1721","1":"product","2":"type-product","3":"status-publish","4":"has-post-thumbnail","6":"product_brand-sj-gauge","7":"product_cat-differential-pressure-gauge","8":"product_cat-pressure-instruments","10":"first","11":"instock","12":"shipping-taxable","13":"product-type-simple"},"acf":[],"yoast_head":"<!-- This site is optimized with the Yoast SEO Premium plugin v26.7 (Yoast SEO v26.7) - https:\/\/yoast.com\/wordpress\/plugins\/seo\/ -->\n<title>Dual Differential Pressure Gauge | Two Pressure Indication | SJ Gauge<\/title>\n<meta name=\"description\" content=\"PRDD dual differential pressure gauge with two independent Bourdon tube systems for simultaneous pressure monitoring in industrial applications.\" \/>\n<meta name=\"robots\" content=\"index, follow, max-snippet:-1, max-image-preview:large, max-video-preview:-1\" \/>\n<link rel=\"canonical\" href=\"https:\/\/www.sj-gauge.com\/es\/producto\/prdd\/\" \/>\n<meta property=\"og:locale\" content=\"es_ES\" \/>\n<meta property=\"og:type\" content=\"article\" \/>\n<meta property=\"og:title\" content=\"Differential Pressure Gauge, Duplex\" \/>\n<meta property=\"og:description\" content=\"PRDD dual differential pressure gauge with two independent Bourdon tube systems for simultaneous pressure monitoring in industrial applications.\" \/>\n<meta property=\"og:url\" content=\"https:\/\/www.sj-gauge.com\/es\/producto\/prdd\/\" \/>\n<meta property=\"og:site_name\" content=\"Your Expert in Pressure Temp and Smart Transmitters - SJ Gauge\" \/>\n<meta property=\"article:modified_time\" content=\"2026-03-27T07:44:52+00:00\" \/>\n<meta property=\"og:image\" content=\"https:\/\/www.sj-gauge.com\/wp-content\/uploads\/2025\/11\/03_SJ_pressure_gauge_LED_lighting.jpg\" \/>\n\t<meta property=\"og:image:width\" content=\"458\" \/>\n\t<meta property=\"og:image:height\" content=\"386\" \/>\n\t<meta property=\"og:image:type\" content=\"image\/jpeg\" \/>\n<meta name=\"twitter:card\" content=\"summary_large_image\" \/>\n<meta name=\"twitter:label1\" content=\"Tiempo de lectura\" \/>\n\t<meta name=\"twitter:data1\" content=\"1 minuto\" \/>\n<script type=\"application\/ld+json\" class=\"yoast-schema-graph\">{\"@context\":\"https:\/\/schema.org\",\"@graph\":[{\"@type\":\"WebPage\",\"@id\":\"https:\/\/www.sj-gauge.com\/product\/prdd\/\",\"url\":\"https:\/\/www.sj-gauge.com\/product\/prdd\/\",\"name\":\"Dual Differential Pressure Gauge | Two Pressure Indication | SJ Gauge\",\"isPartOf\":{\"@id\":\"https:\/\/www.sj-gauge.com\/#website\"},\"primaryImageOfPage\":{\"@id\":\"https:\/\/www.sj-gauge.com\/product\/prdd\/#primaryimage\"},\"image\":{\"@id\":\"https:\/\/www.sj-gauge.com\/product\/prdd\/#primaryimage\"},\"thumbnailUrl\":\"https:\/\/www.sj-gauge.com\/wp-content\/uploads\/2025\/11\/03_SJ_pressure_gauge_LED_lighting.jpg\",\"datePublished\":\"2025-11-12T03:42:16+00:00\",\"dateModified\":\"2026-03-27T07:44:52+00:00\",\"description\":\"PRDD dual differential pressure gauge with two independent Bourdon tube systems for simultaneous pressure monitoring in industrial applications.\",\"breadcrumb\":{\"@id\":\"https:\/\/www.sj-gauge.com\/product\/prdd\/#breadcrumb\"},\"inLanguage\":\"es\",\"potentialAction\":[{\"@type\":\"ReadAction\",\"target\":[\"https:\/\/www.sj-gauge.com\/product\/prdd\/\"]}]},{\"@type\":\"ImageObject\",\"inLanguage\":\"es\",\"@id\":\"https:\/\/www.sj-gauge.com\/product\/prdd\/#primaryimage\",\"url\":\"https:\/\/www.sj-gauge.com\/wp-content\/uploads\/2025\/11\/03_SJ_pressure_gauge_LED_lighting.jpg\",\"contentUrl\":\"https:\/\/www.sj-gauge.com\/wp-content\/uploads\/2025\/11\/03_SJ_pressure_gauge_LED_lighting.jpg\",\"width\":458,\"height\":386},{\"@type\":\"BreadcrumbList\",\"@id\":\"https:\/\/www.sj-gauge.com\/product\/prdd\/#breadcrumb\",\"itemListElement\":[{\"@type\":\"ListItem\",\"position\":1,\"name\":\"Home\",\"item\":\"https:\/\/www.sj-gauge.com\/\"},{\"@type\":\"ListItem\",\"position\":2,\"name\":\"Products\",\"item\":\"https:\/\/www.sj-gauge.com\/products\/\"},{\"@type\":\"ListItem\",\"position\":3,\"name\":\"Differential Pressure Gauge, Duplex\"}]},{\"@type\":\"WebSite\",\"@id\":\"https:\/\/www.sj-gauge.com\/#website\",\"url\":\"https:\/\/www.sj-gauge.com\/\",\"name\":\"Your Expert in Pressure Temp and Smart Transmitters - SJ Gauge\",\"description\":\"Manufacturer of industrial pressure gauges, pressure sensors, and transmitters. SJ Gauge provides high accuracy, durable materials, and custom solutions for oil &amp; gas, chemical, and industrial applications.\",\"publisher\":{\"@id\":\"https:\/\/www.sj-gauge.com\/#organization\"},\"potentialAction\":[{\"@type\":\"SearchAction\",\"target\":{\"@type\":\"EntryPoint\",\"urlTemplate\":\"https:\/\/www.sj-gauge.com\/?s={search_term_string}\"},\"query-input\":{\"@type\":\"PropertyValueSpecification\",\"valueRequired\":true,\"valueName\":\"search_term_string\"}}],\"inLanguage\":\"es\"},{\"@type\":\"Organization\",\"@id\":\"https:\/\/www.sj-gauge.com\/#organization\",\"name\":\"Your Expert in Pressure Temp and Smart Transmitters - SJ Gauge\",\"url\":\"https:\/\/www.sj-gauge.com\/\",\"logo\":{\"@type\":\"ImageObject\",\"inLanguage\":\"es\",\"@id\":\"https:\/\/www.sj-gauge.com\/#\/schema\/logo\/image\/\",\"url\":\"https:\/\/www.sj-gauge.com\/wp-content\/uploads\/2025\/09\/logo.webp\",\"contentUrl\":\"https:\/\/www.sj-gauge.com\/wp-content\/uploads\/2025\/09\/logo.webp\",\"width\":348,\"height\":184,\"caption\":\"Your Expert in Pressure Temp and Smart Transmitters - SJ Gauge\"},\"image\":{\"@id\":\"https:\/\/www.sj-gauge.com\/#\/schema\/logo\/image\/\"}}]}<\/script>\n<!-- \/ Yoast SEO Premium plugin. -->","yoast_head_json":{"title":"Man\u00f3metro diferencial doble | Indicaci\u00f3n de dos presiones | SJ Gauge","description":"Man\u00f3metro diferencial doble PRDD con dos sistemas de tubo de Bourdon independientes para el control simult\u00e1neo de la presi\u00f3n en aplicaciones industriales.","robots":{"index":"index","follow":"follow","max-snippet":"max-snippet:-1","max-image-preview":"max-image-preview:large","max-video-preview":"max-video-preview:-1"},"canonical":"https:\/\/www.sj-gauge.com\/es\/producto\/prdd\/","og_locale":"es_ES","og_type":"article","og_title":"Differential Pressure Gauge, Duplex","og_description":"PRDD dual differential pressure gauge with two independent Bourdon tube systems for simultaneous pressure monitoring in industrial applications.","og_url":"https:\/\/www.sj-gauge.com\/es\/producto\/prdd\/","og_site_name":"Your Expert in Pressure Temp and Smart Transmitters - SJ Gauge","article_modified_time":"2026-03-27T07:44:52+00:00","og_image":[{"width":458,"height":386,"url":"https:\/\/www.sj-gauge.com\/wp-content\/uploads\/2025\/11\/03_SJ_pressure_gauge_LED_lighting.jpg","type":"image\/jpeg"}],"twitter_card":"summary_large_image","twitter_misc":{"Tiempo de lectura":"1 minuto"},"schema":{"@context":"https:\/\/schema.org","@graph":[{"@type":"WebPage","@id":"https:\/\/www.sj-gauge.com\/product\/prdd\/","url":"https:\/\/www.sj-gauge.com\/product\/prdd\/","name":"Man\u00f3metro diferencial doble | Indicaci\u00f3n de dos presiones | SJ Gauge","isPartOf":{"@id":"https:\/\/www.sj-gauge.com\/#website"},"primaryImageOfPage":{"@id":"https:\/\/www.sj-gauge.com\/product\/prdd\/#primaryimage"},"image":{"@id":"https:\/\/www.sj-gauge.com\/product\/prdd\/#primaryimage"},"thumbnailUrl":"https:\/\/www.sj-gauge.com\/wp-content\/uploads\/2025\/11\/03_SJ_pressure_gauge_LED_lighting.jpg","datePublished":"2025-11-12T03:42:16+00:00","dateModified":"2026-03-27T07:44:52+00:00","description":"Man\u00f3metro diferencial doble PRDD con dos sistemas de tubo de Bourdon independientes para el control simult\u00e1neo de la presi\u00f3n en aplicaciones industriales.","breadcrumb":{"@id":"https:\/\/www.sj-gauge.com\/product\/prdd\/#breadcrumb"},"inLanguage":"es","potentialAction":[{"@type":"ReadAction","target":["https:\/\/www.sj-gauge.com\/product\/prdd\/"]}]},{"@type":"ImageObject","inLanguage":"es","@id":"https:\/\/www.sj-gauge.com\/product\/prdd\/#primaryimage","url":"https:\/\/www.sj-gauge.com\/wp-content\/uploads\/2025\/11\/03_SJ_pressure_gauge_LED_lighting.jpg","contentUrl":"https:\/\/www.sj-gauge.com\/wp-content\/uploads\/2025\/11\/03_SJ_pressure_gauge_LED_lighting.jpg","width":458,"height":386},{"@type":"BreadcrumbList","@id":"https:\/\/www.sj-gauge.com\/product\/prdd\/#breadcrumb","itemListElement":[{"@type":"ListItem","position":1,"name":"Home","item":"https:\/\/www.sj-gauge.com\/"},{"@type":"ListItem","position":2,"name":"Products","item":"https:\/\/www.sj-gauge.com\/products\/"},{"@type":"ListItem","position":3,"name":"Differential Pressure Gauge, Duplex"}]},{"@type":"WebSite","@id":"https:\/\/www.sj-gauge.com\/#website","url":"https:\/\/www.sj-gauge.com\/","name":"Su experto en Transmisores de presi\u00f3n, temperatura e inteligentes - SJ Gauge","description":"Fabricante de man\u00f3metros industriales, sensores de presi\u00f3n y transmisores. SJ Gauge ofrece alta precisi\u00f3n, materiales duraderos y soluciones personalizadas para aplicaciones de petr\u00f3leo y gas, qu\u00edmicas e industriales.","publisher":{"@id":"https:\/\/www.sj-gauge.com\/#organization"},"potentialAction":[{"@type":"SearchAction","target":{"@type":"EntryPoint","urlTemplate":"https:\/\/www.sj-gauge.com\/?s={search_term_string}"},"query-input":{"@type":"PropertyValueSpecification","valueRequired":true,"valueName":"search_term_string"}}],"inLanguage":"es"},{"@type":"Organization","@id":"https:\/\/www.sj-gauge.com\/#organization","name":"Su experto en Transmisores de presi\u00f3n, temperatura e inteligentes - SJ Gauge","url":"https:\/\/www.sj-gauge.com\/","logo":{"@type":"ImageObject","inLanguage":"es","@id":"https:\/\/www.sj-gauge.com\/#\/schema\/logo\/image\/","url":"https:\/\/www.sj-gauge.com\/wp-content\/uploads\/2025\/09\/logo.webp","contentUrl":"https:\/\/www.sj-gauge.com\/wp-content\/uploads\/2025\/09\/logo.webp","width":348,"height":184,"caption":"Your Expert in Pressure Temp and Smart Transmitters - SJ Gauge"},"image":{"@id":"https:\/\/www.sj-gauge.com\/#\/schema\/logo\/image\/"}}]}},"_links":{"self":[{"href":"https:\/\/www.sj-gauge.com\/es\/wp-json\/wp\/v2\/product\/1721","targetHints":{"allow":["GET"]}}],"collection":[{"href":"https:\/\/www.sj-gauge.com\/es\/wp-json\/wp\/v2\/product"}],"about":[{"href":"https:\/\/www.sj-gauge.com\/es\/wp-json\/wp\/v2\/types\/product"}],"wp:featuredmedia":[{"embeddable":true,"href":"https:\/\/www.sj-gauge.com\/es\/wp-json\/wp\/v2\/media\/1727"}],"wp:attachment":[{"href":"https:\/\/www.sj-gauge.com\/es\/wp-json\/wp\/v2\/media?parent=1721"}],"wp:term":[{"taxonomy":"product_brand","embeddable":true,"href":"https:\/\/www.sj-gauge.com\/es\/wp-json\/wp\/v2\/product_brand?post=1721"},{"taxonomy":"product_cat","embeddable":true,"href":"https:\/\/www.sj-gauge.com\/es\/wp-json\/wp\/v2\/product_cat?post=1721"},{"taxonomy":"product_tag","embeddable":true,"href":"https:\/\/www.sj-gauge.com\/es\/wp-json\/wp\/v2\/product_tag?post=1721"}],"curies":[{"name":"wp","href":"https:\/\/api.w.org\/{rel}","templated":true}]}}