{"id":1886,"date":"2025-11-14T13:33:57","date_gmt":"2025-11-14T05:33:57","guid":{"rendered":"https:\/\/sj-gauge.com\/?post_type=product&#038;p=1886"},"modified":"2026-03-26T11:15:19","modified_gmt":"2026-03-26T03:15:19","slug":"dit-p","status":"publish","type":"product","link":"https:\/\/www.sj-gauge.com\/es\/producto\/dit-p\/","title":{"rendered":"Conexi\u00f3n roscada con pl\u00e1stico resistente a la corrosi\u00f3n"},"content":{"rendered":"<p>La junta de diafragma resistente a la corrosi\u00f3n DIT-P presenta un cuerpo superior met\u00e1lico combinado con un cuerpo inferior de pl\u00e1stico, lo que proporciona una excelente resistencia qu\u00edmica y una transmisi\u00f3n de presi\u00f3n estable. Su estructura de sobrecarga de doble diafragma soporta picos de presi\u00f3n repentinos, mientras que la tecnolog\u00eda avanzada de fluido de llenado minimiza los efectos de la temperatura y la presi\u00f3n est\u00e1tica. Con una carcasa protectora met\u00e1lica de alta resistencia, la DIT-P es ideal para fluidos corrosivos, procesos qu\u00edmicos y medios peligrosos para el medio ambiente. Disponible en varios di\u00e1metros (70, 90, 130 y 160 mm) y materiales como PP, PVC, PVDF y PTFE, admite varias conexiones roscadas y soldadas y puede combinarse con man\u00f3metros o transmisores de presi\u00f3n, lo que la convierte en una soluci\u00f3n de estanquidad fiable para entornos duros y corrosivos.<\/p>","protected":false},"excerpt":{"rendered":"<ul>\n<li>Fabricado en PTFE\/PP para resistir eficazmente \u00e1cidos y \u00e1lcalis fuertes<\/li>\n<li>Separa los medios del medidor para evitar da\u00f1os en los componentes internos<\/li>\n<li>Ideal para fluidos viscosos o ricos en part\u00edculas, garantizando lecturas precisas de la presi\u00f3n.<\/li>\n<\/ul>","protected":false},"featured_media":1896,"template":"","meta":{"_acf_changed":false},"product_brand":[40],"product_cat":[21,41],"product_tag":[],"class_list":{"0":"post-1886","1":"product","2":"type-product","3":"status-publish","4":"has-post-thumbnail","6":"product_brand-sj-gauge","7":"product_cat-diaphragm-seal","8":"product_cat-pressure-instruments","10":"first","11":"instock","12":"shipping-taxable","13":"product-type-simple"},"acf":[],"yoast_head":"<!-- This site is optimized with the Yoast SEO Premium plugin v26.7 (Yoast SEO v26.7) - https:\/\/yoast.com\/wordpress\/plugins\/seo\/ -->\n<title>Threaded Connection with Corrosion-resistant Plastic - Your Expert in Pressure Temp and Smart Transmitters - SJ Gauge<\/title>\n<meta name=\"description\" content=\"DIT-P all-plastic threaded diaphragm seal resists corrosive fluids and is ideal for chemical plants. Available in various materials for diaphragm body\" \/>\n<meta name=\"robots\" content=\"index, follow, max-snippet:-1, max-image-preview:large, max-video-preview:-1\" \/>\n<link rel=\"canonical\" href=\"https:\/\/www.sj-gauge.com\/es\/producto\/dit-p\/\" \/>\n<meta property=\"og:locale\" content=\"es_ES\" \/>\n<meta property=\"og:type\" content=\"article\" \/>\n<meta property=\"og:title\" content=\"Threaded Connection with Corrosion-resistant Plastic\" \/>\n<meta property=\"og:description\" content=\"DIT-P all-plastic threaded diaphragm seal resists corrosive fluids and is ideal for chemical plants. Available in various materials for diaphragm body\" \/>\n<meta property=\"og:url\" content=\"https:\/\/www.sj-gauge.com\/es\/producto\/dit-p\/\" \/>\n<meta property=\"og:site_name\" content=\"Your Expert in Pressure Temp and Smart Transmitters - SJ Gauge\" \/>\n<meta property=\"article:modified_time\" content=\"2026-03-26T03:15:19+00:00\" \/>\n<meta property=\"og:image\" content=\"https:\/\/www.sj-gauge.com\/wp-content\/uploads\/2025\/11\/SJ-Gauge-diaphragm-seals-threaded-connection-corrosion-resistant-plastic.jpg\" \/>\n\t<meta property=\"og:image:width\" content=\"1200\" \/>\n\t<meta property=\"og:image:height\" content=\"1000\" \/>\n\t<meta property=\"og:image:type\" content=\"image\/jpeg\" \/>\n<meta name=\"twitter:card\" content=\"summary_large_image\" \/>\n<meta name=\"twitter:label1\" content=\"Tiempo de lectura\" \/>\n\t<meta name=\"twitter:data1\" content=\"1 minuto\" \/>\n<script type=\"application\/ld+json\" class=\"yoast-schema-graph\">{\"@context\":\"https:\/\/schema.org\",\"@graph\":[{\"@type\":\"WebPage\",\"@id\":\"https:\/\/www.sj-gauge.com\/product\/dit-p\/\",\"url\":\"https:\/\/www.sj-gauge.com\/product\/dit-p\/\",\"name\":\"Threaded Connection with Corrosion-resistant Plastic - Your Expert in Pressure Temp and Smart Transmitters - SJ Gauge\",\"isPartOf\":{\"@id\":\"https:\/\/www.sj-gauge.com\/#website\"},\"primaryImageOfPage\":{\"@id\":\"https:\/\/www.sj-gauge.com\/product\/dit-p\/#primaryimage\"},\"image\":{\"@id\":\"https:\/\/www.sj-gauge.com\/product\/dit-p\/#primaryimage\"},\"thumbnailUrl\":\"https:\/\/www.sj-gauge.com\/wp-content\/uploads\/2025\/11\/SJ-Gauge-diaphragm-seals-threaded-connection-corrosion-resistant-plastic.jpg\",\"datePublished\":\"2025-11-14T05:33:57+00:00\",\"dateModified\":\"2026-03-26T03:15:19+00:00\",\"description\":\"DIT-P all-plastic threaded diaphragm seal resists corrosive fluids and is ideal for chemical plants. Available in various materials for diaphragm body\",\"breadcrumb\":{\"@id\":\"https:\/\/www.sj-gauge.com\/product\/dit-p\/#breadcrumb\"},\"inLanguage\":\"es\",\"potentialAction\":[{\"@type\":\"ReadAction\",\"target\":[\"https:\/\/www.sj-gauge.com\/product\/dit-p\/\"]}]},{\"@type\":\"ImageObject\",\"inLanguage\":\"es\",\"@id\":\"https:\/\/www.sj-gauge.com\/product\/dit-p\/#primaryimage\",\"url\":\"https:\/\/www.sj-gauge.com\/wp-content\/uploads\/2025\/11\/SJ-Gauge-diaphragm-seals-threaded-connection-corrosion-resistant-plastic.jpg\",\"contentUrl\":\"https:\/\/www.sj-gauge.com\/wp-content\/uploads\/2025\/11\/SJ-Gauge-diaphragm-seals-threaded-connection-corrosion-resistant-plastic.jpg\",\"width\":1200,\"height\":1000},{\"@type\":\"BreadcrumbList\",\"@id\":\"https:\/\/www.sj-gauge.com\/product\/dit-p\/#breadcrumb\",\"itemListElement\":[{\"@type\":\"ListItem\",\"position\":1,\"name\":\"Home\",\"item\":\"https:\/\/www.sj-gauge.com\/\"},{\"@type\":\"ListItem\",\"position\":2,\"name\":\"Products\",\"item\":\"https:\/\/www.sj-gauge.com\/products\/\"},{\"@type\":\"ListItem\",\"position\":3,\"name\":\"Threaded Connection with Corrosion-resistant Plastic\"}]},{\"@type\":\"WebSite\",\"@id\":\"https:\/\/www.sj-gauge.com\/#website\",\"url\":\"https:\/\/www.sj-gauge.com\/\",\"name\":\"Your Expert in Pressure Temp and Smart Transmitters - SJ Gauge\",\"description\":\"Manufacturer of industrial pressure gauges, pressure sensors, and transmitters. SJ Gauge provides high accuracy, durable materials, and custom solutions for oil &amp; gas, chemical, and industrial applications.\",\"publisher\":{\"@id\":\"https:\/\/www.sj-gauge.com\/#organization\"},\"potentialAction\":[{\"@type\":\"SearchAction\",\"target\":{\"@type\":\"EntryPoint\",\"urlTemplate\":\"https:\/\/www.sj-gauge.com\/?s={search_term_string}\"},\"query-input\":{\"@type\":\"PropertyValueSpecification\",\"valueRequired\":true,\"valueName\":\"search_term_string\"}}],\"inLanguage\":\"es\"},{\"@type\":\"Organization\",\"@id\":\"https:\/\/www.sj-gauge.com\/#organization\",\"name\":\"Your Expert in Pressure Temp and Smart Transmitters - SJ Gauge\",\"url\":\"https:\/\/www.sj-gauge.com\/\",\"logo\":{\"@type\":\"ImageObject\",\"inLanguage\":\"es\",\"@id\":\"https:\/\/www.sj-gauge.com\/#\/schema\/logo\/image\/\",\"url\":\"https:\/\/www.sj-gauge.com\/wp-content\/uploads\/2025\/09\/logo.webp\",\"contentUrl\":\"https:\/\/www.sj-gauge.com\/wp-content\/uploads\/2025\/09\/logo.webp\",\"width\":348,\"height\":184,\"caption\":\"Your Expert in Pressure Temp and Smart Transmitters - SJ Gauge\"},\"image\":{\"@id\":\"https:\/\/www.sj-gauge.com\/#\/schema\/logo\/image\/\"}}]}<\/script>\n<!-- \/ Yoast SEO Premium plugin. -->","yoast_head_json":{"title":"Conexi\u00f3n embridada con pl\u00e1stico resistente a la corrosi\u00f3n - Su experto en transmisores de presi\u00f3n, temperatura y Smart - SJ Gauge","description":"La junta de diafragma roscada totalmente de pl\u00e1stico DIT-P resiste los fluidos corrosivos y es ideal para plantas qu\u00edmicas. Disponible en varios materiales para el cuerpo del diafragma","robots":{"index":"index","follow":"follow","max-snippet":"max-snippet:-1","max-image-preview":"max-image-preview:large","max-video-preview":"max-video-preview:-1"},"canonical":"https:\/\/www.sj-gauge.com\/es\/producto\/dit-p\/","og_locale":"es_ES","og_type":"article","og_title":"Threaded Connection with Corrosion-resistant Plastic","og_description":"DIT-P all-plastic threaded diaphragm seal resists corrosive fluids and is ideal for chemical plants. Available in various materials for diaphragm body","og_url":"https:\/\/www.sj-gauge.com\/es\/producto\/dit-p\/","og_site_name":"Your Expert in Pressure Temp and Smart Transmitters - SJ Gauge","article_modified_time":"2026-03-26T03:15:19+00:00","og_image":[{"width":1200,"height":1000,"url":"https:\/\/www.sj-gauge.com\/wp-content\/uploads\/2025\/11\/SJ-Gauge-diaphragm-seals-threaded-connection-corrosion-resistant-plastic.jpg","type":"image\/jpeg"}],"twitter_card":"summary_large_image","twitter_misc":{"Tiempo de lectura":"1 minuto"},"schema":{"@context":"https:\/\/schema.org","@graph":[{"@type":"WebPage","@id":"https:\/\/www.sj-gauge.com\/product\/dit-p\/","url":"https:\/\/www.sj-gauge.com\/product\/dit-p\/","name":"Conexi\u00f3n embridada con pl\u00e1stico resistente a la corrosi\u00f3n - Su experto en transmisores de presi\u00f3n, temperatura y Smart - SJ Gauge","isPartOf":{"@id":"https:\/\/www.sj-gauge.com\/#website"},"primaryImageOfPage":{"@id":"https:\/\/www.sj-gauge.com\/product\/dit-p\/#primaryimage"},"image":{"@id":"https:\/\/www.sj-gauge.com\/product\/dit-p\/#primaryimage"},"thumbnailUrl":"https:\/\/www.sj-gauge.com\/wp-content\/uploads\/2025\/11\/SJ-Gauge-diaphragm-seals-threaded-connection-corrosion-resistant-plastic.jpg","datePublished":"2025-11-14T05:33:57+00:00","dateModified":"2026-03-26T03:15:19+00:00","description":"La junta de diafragma roscada totalmente de pl\u00e1stico DIT-P resiste los fluidos corrosivos y es ideal para plantas qu\u00edmicas. Disponible en varios materiales para el cuerpo del diafragma","breadcrumb":{"@id":"https:\/\/www.sj-gauge.com\/product\/dit-p\/#breadcrumb"},"inLanguage":"es","potentialAction":[{"@type":"ReadAction","target":["https:\/\/www.sj-gauge.com\/product\/dit-p\/"]}]},{"@type":"ImageObject","inLanguage":"es","@id":"https:\/\/www.sj-gauge.com\/product\/dit-p\/#primaryimage","url":"https:\/\/www.sj-gauge.com\/wp-content\/uploads\/2025\/11\/SJ-Gauge-diaphragm-seals-threaded-connection-corrosion-resistant-plastic.jpg","contentUrl":"https:\/\/www.sj-gauge.com\/wp-content\/uploads\/2025\/11\/SJ-Gauge-diaphragm-seals-threaded-connection-corrosion-resistant-plastic.jpg","width":1200,"height":1000},{"@type":"BreadcrumbList","@id":"https:\/\/www.sj-gauge.com\/product\/dit-p\/#breadcrumb","itemListElement":[{"@type":"ListItem","position":1,"name":"Home","item":"https:\/\/www.sj-gauge.com\/"},{"@type":"ListItem","position":2,"name":"Products","item":"https:\/\/www.sj-gauge.com\/products\/"},{"@type":"ListItem","position":3,"name":"Threaded Connection with Corrosion-resistant Plastic"}]},{"@type":"WebSite","@id":"https:\/\/www.sj-gauge.com\/#website","url":"https:\/\/www.sj-gauge.com\/","name":"Su experto en Transmisores de presi\u00f3n, temperatura e inteligentes - SJ Gauge","description":"Fabricante de man\u00f3metros industriales, sensores de presi\u00f3n y transmisores. SJ Gauge ofrece alta precisi\u00f3n, materiales duraderos y soluciones personalizadas para aplicaciones de petr\u00f3leo y gas, qu\u00edmicas e industriales.","publisher":{"@id":"https:\/\/www.sj-gauge.com\/#organization"},"potentialAction":[{"@type":"SearchAction","target":{"@type":"EntryPoint","urlTemplate":"https:\/\/www.sj-gauge.com\/?s={search_term_string}"},"query-input":{"@type":"PropertyValueSpecification","valueRequired":true,"valueName":"search_term_string"}}],"inLanguage":"es"},{"@type":"Organization","@id":"https:\/\/www.sj-gauge.com\/#organization","name":"Su experto en Transmisores de presi\u00f3n, temperatura e inteligentes - SJ Gauge","url":"https:\/\/www.sj-gauge.com\/","logo":{"@type":"ImageObject","inLanguage":"es","@id":"https:\/\/www.sj-gauge.com\/#\/schema\/logo\/image\/","url":"https:\/\/www.sj-gauge.com\/wp-content\/uploads\/2025\/09\/logo.webp","contentUrl":"https:\/\/www.sj-gauge.com\/wp-content\/uploads\/2025\/09\/logo.webp","width":348,"height":184,"caption":"Your Expert in Pressure Temp and Smart Transmitters - SJ Gauge"},"image":{"@id":"https:\/\/www.sj-gauge.com\/#\/schema\/logo\/image\/"}}]}},"_links":{"self":[{"href":"https:\/\/www.sj-gauge.com\/es\/wp-json\/wp\/v2\/product\/1886","targetHints":{"allow":["GET"]}}],"collection":[{"href":"https:\/\/www.sj-gauge.com\/es\/wp-json\/wp\/v2\/product"}],"about":[{"href":"https:\/\/www.sj-gauge.com\/es\/wp-json\/wp\/v2\/types\/product"}],"wp:featuredmedia":[{"embeddable":true,"href":"https:\/\/www.sj-gauge.com\/es\/wp-json\/wp\/v2\/media\/1896"}],"wp:attachment":[{"href":"https:\/\/www.sj-gauge.com\/es\/wp-json\/wp\/v2\/media?parent=1886"}],"wp:term":[{"taxonomy":"product_brand","embeddable":true,"href":"https:\/\/www.sj-gauge.com\/es\/wp-json\/wp\/v2\/product_brand?post=1886"},{"taxonomy":"product_cat","embeddable":true,"href":"https:\/\/www.sj-gauge.com\/es\/wp-json\/wp\/v2\/product_cat?post=1886"},{"taxonomy":"product_tag","embeddable":true,"href":"https:\/\/www.sj-gauge.com\/es\/wp-json\/wp\/v2\/product_tag?post=1886"}],"curies":[{"name":"wp","href":"https:\/\/api.w.org\/{rel}","templated":true}]}}