{"id":1922,"date":"2025-11-14T14:20:10","date_gmt":"2025-11-14T06:20:10","guid":{"rendered":"https:\/\/sj-gauge.com\/?post_type=product&#038;p=1922"},"modified":"2026-04-02T08:47:36","modified_gmt":"2026-04-02T00:47:36","slug":"dit-pps","status":"publish","type":"product","link":"https:\/\/www.sj-gauge.com\/es\/producto\/dit-pps\/","title":{"rendered":"Conexi\u00f3n roscada inferior PP"},"content":{"rendered":"<p>El cierre de diafragma de polipropileno de montaje inferior DIT-PPS est\u00e1 dise\u00f1ado para medir fluidos \u00e1cidos o corrosivos y puede combinarse con man\u00f3metros mec\u00e1nicos, man\u00f3metros digitales o transmisores de presi\u00f3n. Con un rango de presi\u00f3n de 0 a 20 bar, su cuerpo de PP negro y su diafragma de Viton proporcionan una gran resistencia qu\u00edmica y durabilidad. Es ideal para equipos de procesamiento de PCB, sistemas de dosificaci\u00f3n de productos qu\u00edmicos, sistemas de filtraci\u00f3n de l\u00edquidos y otras aplicaciones que requieren una medici\u00f3n de la presi\u00f3n ligera y resistente a la corrosi\u00f3n.<\/p>","protected":false},"excerpt":{"rendered":"<ul>\n<li>Puede integrarse con un puntero, un man\u00f3metro digital o un transmisor<\/li>\n<li>Adecuado para medir fluidos \u00e1cidos, que son compatibles con Viton<\/li>\n<li>Adecuado para equipos de circuitos impresos, la industria petroqu\u00edmica, etc.<\/li>\n<\/ul>","protected":false},"featured_media":1925,"template":"","meta":{"_acf_changed":false},"product_brand":[40],"product_cat":[21,41],"product_tag":[],"class_list":{"0":"post-1922","1":"product","2":"type-product","3":"status-publish","4":"has-post-thumbnail","6":"product_brand-sj-gauge","7":"product_cat-diaphragm-seal","8":"product_cat-pressure-instruments","10":"first","11":"instock","12":"shipping-taxable","13":"product-type-simple"},"acf":[],"yoast_head":"<!-- This site is optimized with the Yoast SEO Premium plugin v26.7 (Yoast SEO v27.4) - https:\/\/yoast.com\/product\/yoast-seo-premium-wordpress\/ -->\n<title>Bottom PP Threaded Diaphragm Seal | For PCB &amp; Chemical Dosing Systems | SJ Gauge<\/title>\n<meta name=\"description\" content=\"DIT-PPS bottom-mounted polypropylene diaphragm seal is designed for acidic or corrosive fluids. Its black PP body and Viton diaphragm provide strong chemical resistance and durability. Supporting ranges from 0-20 bar, it is ideal for PCB equipment, chemical dosing, and filtration systems requiring lightweight and corrosion-resistant pressure measurement\" \/>\n<meta name=\"robots\" content=\"index, follow, max-snippet:-1, max-image-preview:large, max-video-preview:-1\" \/>\n<link rel=\"canonical\" href=\"https:\/\/www.sj-gauge.com\/es\/producto\/dit-pps\/\" \/>\n<meta property=\"og:locale\" content=\"es_ES\" \/>\n<meta property=\"og:type\" content=\"article\" \/>\n<meta property=\"og:title\" content=\"Threaded Connection, Bottom PP\" \/>\n<meta property=\"og:description\" content=\"DIT-PPS bottom-mounted polypropylene diaphragm seal is designed for acidic or corrosive fluids. Its black PP body and Viton diaphragm provide strong chemical resistance and durability. Supporting ranges from 0-20 bar, it is ideal for PCB equipment, chemical dosing, and filtration systems requiring lightweight and corrosion-resistant pressure measurement\" \/>\n<meta property=\"og:url\" content=\"https:\/\/www.sj-gauge.com\/es\/producto\/dit-pps\/\" \/>\n<meta property=\"og:site_name\" content=\"SJ Gauge | Pressure Gauges, Thermometers &amp; Pressure Sensors\" \/>\n<meta property=\"article:modified_time\" content=\"2026-04-02T00:47:36+00:00\" \/>\n<meta property=\"og:image\" content=\"https:\/\/www.sj-gauge.com\/wp-content\/uploads\/2025\/11\/SJ-Gauge_corrosion_resistant_PP_bottom_diaphragm_seal_for_pressure_gauge_L.jpg\" \/>\n\t<meta property=\"og:image:width\" content=\"1200\" \/>\n\t<meta property=\"og:image:height\" content=\"1000\" \/>\n\t<meta property=\"og:image:type\" content=\"image\/jpeg\" \/>\n<meta name=\"twitter:card\" content=\"summary_large_image\" \/>\n<meta name=\"twitter:label1\" content=\"Tiempo de lectura\" \/>\n\t<meta name=\"twitter:data1\" content=\"1 minuto\" \/>\n<script type=\"application\/ld+json\" class=\"yoast-schema-graph\">{\"@context\":\"https:\\\/\\\/schema.org\",\"@graph\":[{\"@type\":\"WebPage\",\"@id\":\"https:\\\/\\\/www.sj-gauge.com\\\/product\\\/dit-pps\\\/\",\"url\":\"https:\\\/\\\/www.sj-gauge.com\\\/product\\\/dit-pps\\\/\",\"name\":\"Bottom PP Threaded Diaphragm Seal | For PCB & Chemical Dosing Systems | SJ Gauge\",\"isPartOf\":{\"@id\":\"https:\\\/\\\/www.sj-gauge.com\\\/#website\"},\"primaryImageOfPage\":{\"@id\":\"https:\\\/\\\/www.sj-gauge.com\\\/product\\\/dit-pps\\\/#primaryimage\"},\"image\":{\"@id\":\"https:\\\/\\\/www.sj-gauge.com\\\/product\\\/dit-pps\\\/#primaryimage\"},\"thumbnailUrl\":\"https:\\\/\\\/www.sj-gauge.com\\\/wp-content\\\/uploads\\\/2025\\\/11\\\/SJ-Gauge_corrosion_resistant_PP_bottom_diaphragm_seal_for_pressure_gauge_L.jpg\",\"datePublished\":\"2025-11-14T06:20:10+00:00\",\"dateModified\":\"2026-04-02T00:47:36+00:00\",\"description\":\"DIT-PPS bottom-mounted polypropylene diaphragm seal is designed for acidic or corrosive fluids. Its black PP body and Viton diaphragm provide strong chemical resistance and durability. Supporting ranges from 0-20 bar, it is ideal for PCB equipment, chemical dosing, and filtration systems requiring lightweight and corrosion-resistant pressure measurement\",\"breadcrumb\":{\"@id\":\"https:\\\/\\\/www.sj-gauge.com\\\/product\\\/dit-pps\\\/#breadcrumb\"},\"inLanguage\":\"es\",\"potentialAction\":[{\"@type\":\"ReadAction\",\"target\":[\"https:\\\/\\\/www.sj-gauge.com\\\/product\\\/dit-pps\\\/\"]}]},{\"@type\":\"ImageObject\",\"inLanguage\":\"es\",\"@id\":\"https:\\\/\\\/www.sj-gauge.com\\\/product\\\/dit-pps\\\/#primaryimage\",\"url\":\"https:\\\/\\\/www.sj-gauge.com\\\/wp-content\\\/uploads\\\/2025\\\/11\\\/SJ-Gauge_corrosion_resistant_PP_bottom_diaphragm_seal_for_pressure_gauge_L.jpg\",\"contentUrl\":\"https:\\\/\\\/www.sj-gauge.com\\\/wp-content\\\/uploads\\\/2025\\\/11\\\/SJ-Gauge_corrosion_resistant_PP_bottom_diaphragm_seal_for_pressure_gauge_L.jpg\",\"width\":1200,\"height\":1000},{\"@type\":\"BreadcrumbList\",\"@id\":\"https:\\\/\\\/www.sj-gauge.com\\\/product\\\/dit-pps\\\/#breadcrumb\",\"itemListElement\":[{\"@type\":\"ListItem\",\"position\":1,\"name\":\"Home\",\"item\":\"https:\\\/\\\/www.sj-gauge.com\\\/\"},{\"@type\":\"ListItem\",\"position\":2,\"name\":\"Products\",\"item\":\"https:\\\/\\\/www.sj-gauge.com\\\/products\\\/\"},{\"@type\":\"ListItem\",\"position\":3,\"name\":\"Threaded Connection, Bottom PP\"}]},{\"@type\":\"WebSite\",\"@id\":\"https:\\\/\\\/www.sj-gauge.com\\\/#website\",\"url\":\"https:\\\/\\\/www.sj-gauge.com\\\/\",\"name\":\"SJ Gauge | Pressure Gauges, Thermometers &amp; Pressure Sensors\",\"description\":\"Manufacturer of industrial pressure gauges, pressure sensors, and transmitters. SJ Gauge provides high accuracy, durable materials, and custom solutions for oil &amp; gas, chemical, and industrial applications.\",\"publisher\":{\"@id\":\"https:\\\/\\\/www.sj-gauge.com\\\/#organization\"},\"potentialAction\":[{\"@type\":\"SearchAction\",\"target\":{\"@type\":\"EntryPoint\",\"urlTemplate\":\"https:\\\/\\\/www.sj-gauge.com\\\/?s={search_term_string}\"},\"query-input\":{\"@type\":\"PropertyValueSpecification\",\"valueRequired\":true,\"valueName\":\"search_term_string\"}}],\"inLanguage\":\"es\"},{\"@type\":\"Organization\",\"@id\":\"https:\\\/\\\/www.sj-gauge.com\\\/#organization\",\"name\":\"SJ Gauge | Pressure Gauges, Thermometers &amp; Pressure Sensors\",\"url\":\"https:\\\/\\\/www.sj-gauge.com\\\/\",\"logo\":{\"@type\":\"ImageObject\",\"inLanguage\":\"es\",\"@id\":\"https:\\\/\\\/www.sj-gauge.com\\\/#\\\/schema\\\/logo\\\/image\\\/\",\"url\":\"https:\\\/\\\/www.sj-gauge.com\\\/wp-content\\\/uploads\\\/2025\\\/09\\\/logo.webp\",\"contentUrl\":\"https:\\\/\\\/www.sj-gauge.com\\\/wp-content\\\/uploads\\\/2025\\\/09\\\/logo.webp\",\"width\":348,\"height\":184,\"caption\":\"SJ Gauge | Pressure Gauges, Thermometers &amp; Pressure Sensors\"},\"image\":{\"@id\":\"https:\\\/\\\/www.sj-gauge.com\\\/#\\\/schema\\\/logo\\\/image\\\/\"}}]}<\/script>\n<!-- \/ Yoast SEO Premium plugin. -->","yoast_head_json":{"title":"Sello de diafragma roscado de PP inferior | Para sistemas de dosificaci\u00f3n de PCB y productos qu\u00edmicos | SJ Gauge","description":"La junta de diafragma de polipropileno de montaje inferior DIT-PPS est\u00e1 dise\u00f1ada para fluidos \u00e1cidos o corrosivos. Su cuerpo de PP negro y el diafragma de Viton proporcionan una gran resistencia qu\u00edmica y durabilidad. Admite rangos de 0-20 bar, por lo que es ideal para equipos de PCB, dosificaci\u00f3n de productos qu\u00edmicos y sistemas de filtraci\u00f3n que requieren una medici\u00f3n de la presi\u00f3n ligera y resistente a la corrosi\u00f3n.","robots":{"index":"index","follow":"follow","max-snippet":"max-snippet:-1","max-image-preview":"max-image-preview:large","max-video-preview":"max-video-preview:-1"},"canonical":"https:\/\/www.sj-gauge.com\/es\/producto\/dit-pps\/","og_locale":"es_ES","og_type":"article","og_title":"Threaded Connection, Bottom PP","og_description":"DIT-PPS bottom-mounted polypropylene diaphragm seal is designed for acidic or corrosive fluids. Its black PP body and Viton diaphragm provide strong chemical resistance and durability. Supporting ranges from 0-20 bar, it is ideal for PCB equipment, chemical dosing, and filtration systems requiring lightweight and corrosion-resistant pressure measurement","og_url":"https:\/\/www.sj-gauge.com\/es\/producto\/dit-pps\/","og_site_name":"SJ Gauge | Pressure Gauges, Thermometers &amp; Pressure Sensors","article_modified_time":"2026-04-02T00:47:36+00:00","og_image":[{"width":1200,"height":1000,"url":"https:\/\/www.sj-gauge.com\/wp-content\/uploads\/2025\/11\/SJ-Gauge_corrosion_resistant_PP_bottom_diaphragm_seal_for_pressure_gauge_L.jpg","type":"image\/jpeg"}],"twitter_card":"summary_large_image","twitter_misc":{"Tiempo de lectura":"1 minuto"},"schema":{"@context":"https:\/\/schema.org","@graph":[{"@type":"WebPage","@id":"https:\/\/www.sj-gauge.com\/product\/dit-pps\/","url":"https:\/\/www.sj-gauge.com\/product\/dit-pps\/","name":"Sello de diafragma roscado de PP inferior | Para sistemas de dosificaci\u00f3n de PCB y productos qu\u00edmicos | SJ Gauge","isPartOf":{"@id":"https:\/\/www.sj-gauge.com\/#website"},"primaryImageOfPage":{"@id":"https:\/\/www.sj-gauge.com\/product\/dit-pps\/#primaryimage"},"image":{"@id":"https:\/\/www.sj-gauge.com\/product\/dit-pps\/#primaryimage"},"thumbnailUrl":"https:\/\/www.sj-gauge.com\/wp-content\/uploads\/2025\/11\/SJ-Gauge_corrosion_resistant_PP_bottom_diaphragm_seal_for_pressure_gauge_L.jpg","datePublished":"2025-11-14T06:20:10+00:00","dateModified":"2026-04-02T00:47:36+00:00","description":"La junta de diafragma de polipropileno de montaje inferior DIT-PPS est\u00e1 dise\u00f1ada para fluidos \u00e1cidos o corrosivos. Su cuerpo de PP negro y el diafragma de Viton proporcionan una gran resistencia qu\u00edmica y durabilidad. Admite rangos de 0-20 bar, por lo que es ideal para equipos de PCB, dosificaci\u00f3n de productos qu\u00edmicos y sistemas de filtraci\u00f3n que requieren una medici\u00f3n de la presi\u00f3n ligera y resistente a la corrosi\u00f3n.","breadcrumb":{"@id":"https:\/\/www.sj-gauge.com\/product\/dit-pps\/#breadcrumb"},"inLanguage":"es","potentialAction":[{"@type":"ReadAction","target":["https:\/\/www.sj-gauge.com\/product\/dit-pps\/"]}]},{"@type":"ImageObject","inLanguage":"es","@id":"https:\/\/www.sj-gauge.com\/product\/dit-pps\/#primaryimage","url":"https:\/\/www.sj-gauge.com\/wp-content\/uploads\/2025\/11\/SJ-Gauge_corrosion_resistant_PP_bottom_diaphragm_seal_for_pressure_gauge_L.jpg","contentUrl":"https:\/\/www.sj-gauge.com\/wp-content\/uploads\/2025\/11\/SJ-Gauge_corrosion_resistant_PP_bottom_diaphragm_seal_for_pressure_gauge_L.jpg","width":1200,"height":1000},{"@type":"BreadcrumbList","@id":"https:\/\/www.sj-gauge.com\/product\/dit-pps\/#breadcrumb","itemListElement":[{"@type":"ListItem","position":1,"name":"Home","item":"https:\/\/www.sj-gauge.com\/"},{"@type":"ListItem","position":2,"name":"Products","item":"https:\/\/www.sj-gauge.com\/products\/"},{"@type":"ListItem","position":3,"name":"Threaded Connection, Bottom PP"}]},{"@type":"WebSite","@id":"https:\/\/www.sj-gauge.com\/#website","url":"https:\/\/www.sj-gauge.com\/","name":"SJ Gauge | Man\u00f3metros, term\u00f3metros y sensores de presi\u00f3n","description":"Fabricante de man\u00f3metros industriales, sensores de presi\u00f3n y transmisores. SJ Gauge ofrece alta precisi\u00f3n, materiales duraderos y soluciones personalizadas para aplicaciones de petr\u00f3leo y gas, qu\u00edmicas e industriales.","publisher":{"@id":"https:\/\/www.sj-gauge.com\/#organization"},"potentialAction":[{"@type":"SearchAction","target":{"@type":"EntryPoint","urlTemplate":"https:\/\/www.sj-gauge.com\/?s={search_term_string}"},"query-input":{"@type":"PropertyValueSpecification","valueRequired":true,"valueName":"search_term_string"}}],"inLanguage":"es"},{"@type":"Organization","@id":"https:\/\/www.sj-gauge.com\/#organization","name":"SJ Gauge | Man\u00f3metros, term\u00f3metros y sensores de presi\u00f3n","url":"https:\/\/www.sj-gauge.com\/","logo":{"@type":"ImageObject","inLanguage":"es","@id":"https:\/\/www.sj-gauge.com\/#\/schema\/logo\/image\/","url":"https:\/\/www.sj-gauge.com\/wp-content\/uploads\/2025\/09\/logo.webp","contentUrl":"https:\/\/www.sj-gauge.com\/wp-content\/uploads\/2025\/09\/logo.webp","width":348,"height":184,"caption":"SJ Gauge | Pressure Gauges, Thermometers &amp; Pressure Sensors"},"image":{"@id":"https:\/\/www.sj-gauge.com\/#\/schema\/logo\/image\/"}}]}},"_links":{"self":[{"href":"https:\/\/www.sj-gauge.com\/es\/wp-json\/wp\/v2\/product\/1922","targetHints":{"allow":["GET"]}}],"collection":[{"href":"https:\/\/www.sj-gauge.com\/es\/wp-json\/wp\/v2\/product"}],"about":[{"href":"https:\/\/www.sj-gauge.com\/es\/wp-json\/wp\/v2\/types\/product"}],"wp:featuredmedia":[{"embeddable":true,"href":"https:\/\/www.sj-gauge.com\/es\/wp-json\/wp\/v2\/media\/1925"}],"wp:attachment":[{"href":"https:\/\/www.sj-gauge.com\/es\/wp-json\/wp\/v2\/media?parent=1922"}],"wp:term":[{"taxonomy":"product_brand","embeddable":true,"href":"https:\/\/www.sj-gauge.com\/es\/wp-json\/wp\/v2\/product_brand?post=1922"},{"taxonomy":"product_cat","embeddable":true,"href":"https:\/\/www.sj-gauge.com\/es\/wp-json\/wp\/v2\/product_cat?post=1922"},{"taxonomy":"product_tag","embeddable":true,"href":"https:\/\/www.sj-gauge.com\/es\/wp-json\/wp\/v2\/product_tag?post=1922"}],"curies":[{"name":"wp","href":"https:\/\/api.w.org\/{rel}","templated":true}]}}