{"id":1926,"date":"2025-11-14T14:26:50","date_gmt":"2025-11-14T06:26:50","guid":{"rendered":"https:\/\/sj-gauge.com\/?post_type=product&#038;p=1926"},"modified":"2026-03-29T17:50:17","modified_gmt":"2026-03-29T09:50:17","slug":"dit-6","status":"publish","type":"product","link":"https:\/\/www.sj-gauge.com\/es\/producto\/dit-6\/","title":{"rendered":"Conexi\u00f3n roscada, hexagonal"},"content":{"rendered":"<p>La junta de diafragma hexagonal DIT-6 presenta un dise\u00f1o desmontable que permite una limpieza y un mantenimiento sencillos, lo que la hace ideal para aplicaciones polvorientas, cargadas de part\u00edculas o propensas a atascos que suelen encontrarse en plantas cementeras, refiner\u00edas y equipos petroqu\u00edmicos. Construido \u00edntegramente en acero inoxidable 316L, ofrece una excelente resistencia a la corrosi\u00f3n y soporta altas temperaturas, admitiendo rangos de presi\u00f3n de 0-10 bar hasta 0-250 bar cuando se combina con man\u00f3metros o transmisores de presi\u00f3n. Es una soluci\u00f3n de estanquidad duradera y fiable para entornos industriales exigentes.<\/p>","protected":false},"excerpt":{"rendered":"<ul>\n<li>Dise\u00f1o desmontable para facilitar la limpieza y el mantenimiento<\/li>\n<li>Se utiliza a menudo en cementeras y en la industria petroqu\u00edmica.<\/li>\n<\/ul>","protected":false},"featured_media":1929,"template":"","meta":{"_acf_changed":false},"product_brand":[40],"product_cat":[21,41],"product_tag":[],"class_list":{"0":"post-1926","1":"product","2":"type-product","3":"status-publish","4":"has-post-thumbnail","6":"product_brand-sj-gauge","7":"product_cat-diaphragm-seal","8":"product_cat-pressure-instruments","10":"first","11":"instock","12":"shipping-taxable","13":"product-type-simple"},"acf":[],"yoast_head":"<!-- This site is optimized with the Yoast SEO Premium plugin v26.7 (Yoast SEO v27.4) - https:\/\/yoast.com\/product\/yoast-seo-premium-wordpress\/ -->\n<title>Hexagonal Threaded Diaphragm Seal | Detachable Design for Easy Maintenance | SJ Gauge<\/title>\n<meta name=\"description\" content=\"DIT-6 hexagonal diaphragm seal features a detachable design for easy cleaning in dusty, particle-laden, or clog-prone applications. Constructed entirely of 316L stainless steel, it withstands high temperatures and pressures up to 250 bar. A durable sealing solution ideal for cement plants, refineries, and petrochemical equipment\" \/>\n<meta name=\"robots\" content=\"index, follow, max-snippet:-1, max-image-preview:large, max-video-preview:-1\" \/>\n<link rel=\"canonical\" href=\"https:\/\/www.sj-gauge.com\/es\/producto\/dit-6\/\" \/>\n<meta property=\"og:locale\" content=\"es_ES\" \/>\n<meta property=\"og:type\" content=\"article\" \/>\n<meta property=\"og:title\" content=\"Threaded Connection, Hexagonal\" \/>\n<meta property=\"og:description\" content=\"DIT-6 hexagonal diaphragm seal features a detachable design for easy cleaning in dusty, particle-laden, or clog-prone applications. Constructed entirely of 316L stainless steel, it withstands high temperatures and pressures up to 250 bar. A durable sealing solution ideal for cement plants, refineries, and petrochemical equipment\" \/>\n<meta property=\"og:url\" content=\"https:\/\/www.sj-gauge.com\/es\/producto\/dit-6\/\" \/>\n<meta property=\"og:site_name\" content=\"SJ Gauge | Pressure Gauges, Thermometers &amp; Pressure Sensors\" \/>\n<meta property=\"article:modified_time\" content=\"2026-03-29T09:50:17+00:00\" \/>\n<meta property=\"og:image\" content=\"https:\/\/www.sj-gauge.com\/wp-content\/uploads\/2025\/11\/SJ-Gauge-pressure-gauge-hexagonal-diaphragm.jpg\" \/>\n\t<meta property=\"og:image:width\" content=\"1200\" \/>\n\t<meta property=\"og:image:height\" content=\"1000\" \/>\n\t<meta property=\"og:image:type\" content=\"image\/jpeg\" \/>\n<meta name=\"twitter:card\" content=\"summary_large_image\" \/>\n<meta name=\"twitter:label1\" content=\"Tiempo de lectura\" \/>\n\t<meta name=\"twitter:data1\" content=\"1 minuto\" \/>\n<script type=\"application\/ld+json\" class=\"yoast-schema-graph\">{\"@context\":\"https:\\\/\\\/schema.org\",\"@graph\":[{\"@type\":\"WebPage\",\"@id\":\"https:\\\/\\\/www.sj-gauge.com\\\/product\\\/dit-6\\\/\",\"url\":\"https:\\\/\\\/www.sj-gauge.com\\\/product\\\/dit-6\\\/\",\"name\":\"Hexagonal Threaded Diaphragm Seal | Detachable Design for Easy Maintenance | SJ Gauge\",\"isPartOf\":{\"@id\":\"https:\\\/\\\/www.sj-gauge.com\\\/#website\"},\"primaryImageOfPage\":{\"@id\":\"https:\\\/\\\/www.sj-gauge.com\\\/product\\\/dit-6\\\/#primaryimage\"},\"image\":{\"@id\":\"https:\\\/\\\/www.sj-gauge.com\\\/product\\\/dit-6\\\/#primaryimage\"},\"thumbnailUrl\":\"https:\\\/\\\/www.sj-gauge.com\\\/wp-content\\\/uploads\\\/2025\\\/11\\\/SJ-Gauge-pressure-gauge-hexagonal-diaphragm.jpg\",\"datePublished\":\"2025-11-14T06:26:50+00:00\",\"dateModified\":\"2026-03-29T09:50:17+00:00\",\"description\":\"DIT-6 hexagonal diaphragm seal features a detachable design for easy cleaning in dusty, particle-laden, or clog-prone applications. Constructed entirely of 316L stainless steel, it withstands high temperatures and pressures up to 250 bar. A durable sealing solution ideal for cement plants, refineries, and petrochemical equipment\",\"breadcrumb\":{\"@id\":\"https:\\\/\\\/www.sj-gauge.com\\\/product\\\/dit-6\\\/#breadcrumb\"},\"inLanguage\":\"es\",\"potentialAction\":[{\"@type\":\"ReadAction\",\"target\":[\"https:\\\/\\\/www.sj-gauge.com\\\/product\\\/dit-6\\\/\"]}]},{\"@type\":\"ImageObject\",\"inLanguage\":\"es\",\"@id\":\"https:\\\/\\\/www.sj-gauge.com\\\/product\\\/dit-6\\\/#primaryimage\",\"url\":\"https:\\\/\\\/www.sj-gauge.com\\\/wp-content\\\/uploads\\\/2025\\\/11\\\/SJ-Gauge-pressure-gauge-hexagonal-diaphragm.jpg\",\"contentUrl\":\"https:\\\/\\\/www.sj-gauge.com\\\/wp-content\\\/uploads\\\/2025\\\/11\\\/SJ-Gauge-pressure-gauge-hexagonal-diaphragm.jpg\",\"width\":1200,\"height\":1000},{\"@type\":\"BreadcrumbList\",\"@id\":\"https:\\\/\\\/www.sj-gauge.com\\\/product\\\/dit-6\\\/#breadcrumb\",\"itemListElement\":[{\"@type\":\"ListItem\",\"position\":1,\"name\":\"Home\",\"item\":\"https:\\\/\\\/www.sj-gauge.com\\\/\"},{\"@type\":\"ListItem\",\"position\":2,\"name\":\"Products\",\"item\":\"https:\\\/\\\/www.sj-gauge.com\\\/products\\\/\"},{\"@type\":\"ListItem\",\"position\":3,\"name\":\"Threaded Connection, Hexagonal\"}]},{\"@type\":\"WebSite\",\"@id\":\"https:\\\/\\\/www.sj-gauge.com\\\/#website\",\"url\":\"https:\\\/\\\/www.sj-gauge.com\\\/\",\"name\":\"SJ Gauge | Pressure Gauges, Thermometers &amp; Pressure Sensors\",\"description\":\"Manufacturer of industrial pressure gauges, pressure sensors, and transmitters. SJ Gauge provides high accuracy, durable materials, and custom solutions for oil &amp; gas, chemical, and industrial applications.\",\"publisher\":{\"@id\":\"https:\\\/\\\/www.sj-gauge.com\\\/#organization\"},\"potentialAction\":[{\"@type\":\"SearchAction\",\"target\":{\"@type\":\"EntryPoint\",\"urlTemplate\":\"https:\\\/\\\/www.sj-gauge.com\\\/?s={search_term_string}\"},\"query-input\":{\"@type\":\"PropertyValueSpecification\",\"valueRequired\":true,\"valueName\":\"search_term_string\"}}],\"inLanguage\":\"es\"},{\"@type\":\"Organization\",\"@id\":\"https:\\\/\\\/www.sj-gauge.com\\\/#organization\",\"name\":\"SJ Gauge | Pressure Gauges, Thermometers &amp; Pressure Sensors\",\"url\":\"https:\\\/\\\/www.sj-gauge.com\\\/\",\"logo\":{\"@type\":\"ImageObject\",\"inLanguage\":\"es\",\"@id\":\"https:\\\/\\\/www.sj-gauge.com\\\/#\\\/schema\\\/logo\\\/image\\\/\",\"url\":\"https:\\\/\\\/www.sj-gauge.com\\\/wp-content\\\/uploads\\\/2025\\\/09\\\/logo.webp\",\"contentUrl\":\"https:\\\/\\\/www.sj-gauge.com\\\/wp-content\\\/uploads\\\/2025\\\/09\\\/logo.webp\",\"width\":348,\"height\":184,\"caption\":\"SJ Gauge | Pressure Gauges, Thermometers &amp; Pressure Sensors\"},\"image\":{\"@id\":\"https:\\\/\\\/www.sj-gauge.com\\\/#\\\/schema\\\/logo\\\/image\\\/\"}}]}<\/script>\n<!-- \/ Yoast SEO Premium plugin. -->","yoast_head_json":{"title":"Sello de diafragma roscado hexagonal | Dise\u00f1o desmontable para facilitar el mantenimiento | SJ Gauge","description":"La junta de diafragma hexagonal DIT-6 presenta un dise\u00f1o desmontable para facilitar su limpieza en aplicaciones polvorientas, cargadas de part\u00edculas o propensas a la obstrucci\u00f3n. Construida totalmente en acero inoxidable 316L, soporta altas temperaturas y presiones de hasta 250 bar. Una soluci\u00f3n de estanquidad duradera ideal para plantas cementeras, refiner\u00edas y equipos petroqu\u00edmicos.","robots":{"index":"index","follow":"follow","max-snippet":"max-snippet:-1","max-image-preview":"max-image-preview:large","max-video-preview":"max-video-preview:-1"},"canonical":"https:\/\/www.sj-gauge.com\/es\/producto\/dit-6\/","og_locale":"es_ES","og_type":"article","og_title":"Threaded Connection, Hexagonal","og_description":"DIT-6 hexagonal diaphragm seal features a detachable design for easy cleaning in dusty, particle-laden, or clog-prone applications. Constructed entirely of 316L stainless steel, it withstands high temperatures and pressures up to 250 bar. A durable sealing solution ideal for cement plants, refineries, and petrochemical equipment","og_url":"https:\/\/www.sj-gauge.com\/es\/producto\/dit-6\/","og_site_name":"SJ Gauge | Pressure Gauges, Thermometers &amp; Pressure Sensors","article_modified_time":"2026-03-29T09:50:17+00:00","og_image":[{"width":1200,"height":1000,"url":"https:\/\/www.sj-gauge.com\/wp-content\/uploads\/2025\/11\/SJ-Gauge-pressure-gauge-hexagonal-diaphragm.jpg","type":"image\/jpeg"}],"twitter_card":"summary_large_image","twitter_misc":{"Tiempo de lectura":"1 minuto"},"schema":{"@context":"https:\/\/schema.org","@graph":[{"@type":"WebPage","@id":"https:\/\/www.sj-gauge.com\/product\/dit-6\/","url":"https:\/\/www.sj-gauge.com\/product\/dit-6\/","name":"Sello de diafragma roscado hexagonal | Dise\u00f1o desmontable para facilitar el mantenimiento | SJ Gauge","isPartOf":{"@id":"https:\/\/www.sj-gauge.com\/#website"},"primaryImageOfPage":{"@id":"https:\/\/www.sj-gauge.com\/product\/dit-6\/#primaryimage"},"image":{"@id":"https:\/\/www.sj-gauge.com\/product\/dit-6\/#primaryimage"},"thumbnailUrl":"https:\/\/www.sj-gauge.com\/wp-content\/uploads\/2025\/11\/SJ-Gauge-pressure-gauge-hexagonal-diaphragm.jpg","datePublished":"2025-11-14T06:26:50+00:00","dateModified":"2026-03-29T09:50:17+00:00","description":"La junta de diafragma hexagonal DIT-6 presenta un dise\u00f1o desmontable para facilitar su limpieza en aplicaciones polvorientas, cargadas de part\u00edculas o propensas a la obstrucci\u00f3n. Construida totalmente en acero inoxidable 316L, soporta altas temperaturas y presiones de hasta 250 bar. Una soluci\u00f3n de estanquidad duradera ideal para plantas cementeras, refiner\u00edas y equipos petroqu\u00edmicos.","breadcrumb":{"@id":"https:\/\/www.sj-gauge.com\/product\/dit-6\/#breadcrumb"},"inLanguage":"es","potentialAction":[{"@type":"ReadAction","target":["https:\/\/www.sj-gauge.com\/product\/dit-6\/"]}]},{"@type":"ImageObject","inLanguage":"es","@id":"https:\/\/www.sj-gauge.com\/product\/dit-6\/#primaryimage","url":"https:\/\/www.sj-gauge.com\/wp-content\/uploads\/2025\/11\/SJ-Gauge-pressure-gauge-hexagonal-diaphragm.jpg","contentUrl":"https:\/\/www.sj-gauge.com\/wp-content\/uploads\/2025\/11\/SJ-Gauge-pressure-gauge-hexagonal-diaphragm.jpg","width":1200,"height":1000},{"@type":"BreadcrumbList","@id":"https:\/\/www.sj-gauge.com\/product\/dit-6\/#breadcrumb","itemListElement":[{"@type":"ListItem","position":1,"name":"Home","item":"https:\/\/www.sj-gauge.com\/"},{"@type":"ListItem","position":2,"name":"Products","item":"https:\/\/www.sj-gauge.com\/products\/"},{"@type":"ListItem","position":3,"name":"Threaded Connection, Hexagonal"}]},{"@type":"WebSite","@id":"https:\/\/www.sj-gauge.com\/#website","url":"https:\/\/www.sj-gauge.com\/","name":"SJ Gauge | Man\u00f3metros, term\u00f3metros y sensores de presi\u00f3n","description":"Fabricante de man\u00f3metros industriales, sensores de presi\u00f3n y transmisores. SJ Gauge ofrece alta precisi\u00f3n, materiales duraderos y soluciones personalizadas para aplicaciones de petr\u00f3leo y gas, qu\u00edmicas e industriales.","publisher":{"@id":"https:\/\/www.sj-gauge.com\/#organization"},"potentialAction":[{"@type":"SearchAction","target":{"@type":"EntryPoint","urlTemplate":"https:\/\/www.sj-gauge.com\/?s={search_term_string}"},"query-input":{"@type":"PropertyValueSpecification","valueRequired":true,"valueName":"search_term_string"}}],"inLanguage":"es"},{"@type":"Organization","@id":"https:\/\/www.sj-gauge.com\/#organization","name":"SJ Gauge | Man\u00f3metros, term\u00f3metros y sensores de presi\u00f3n","url":"https:\/\/www.sj-gauge.com\/","logo":{"@type":"ImageObject","inLanguage":"es","@id":"https:\/\/www.sj-gauge.com\/#\/schema\/logo\/image\/","url":"https:\/\/www.sj-gauge.com\/wp-content\/uploads\/2025\/09\/logo.webp","contentUrl":"https:\/\/www.sj-gauge.com\/wp-content\/uploads\/2025\/09\/logo.webp","width":348,"height":184,"caption":"SJ Gauge | Pressure Gauges, Thermometers &amp; Pressure Sensors"},"image":{"@id":"https:\/\/www.sj-gauge.com\/#\/schema\/logo\/image\/"}}]}},"_links":{"self":[{"href":"https:\/\/www.sj-gauge.com\/es\/wp-json\/wp\/v2\/product\/1926","targetHints":{"allow":["GET"]}}],"collection":[{"href":"https:\/\/www.sj-gauge.com\/es\/wp-json\/wp\/v2\/product"}],"about":[{"href":"https:\/\/www.sj-gauge.com\/es\/wp-json\/wp\/v2\/types\/product"}],"wp:featuredmedia":[{"embeddable":true,"href":"https:\/\/www.sj-gauge.com\/es\/wp-json\/wp\/v2\/media\/1929"}],"wp:attachment":[{"href":"https:\/\/www.sj-gauge.com\/es\/wp-json\/wp\/v2\/media?parent=1926"}],"wp:term":[{"taxonomy":"product_brand","embeddable":true,"href":"https:\/\/www.sj-gauge.com\/es\/wp-json\/wp\/v2\/product_brand?post=1926"},{"taxonomy":"product_cat","embeddable":true,"href":"https:\/\/www.sj-gauge.com\/es\/wp-json\/wp\/v2\/product_cat?post=1926"},{"taxonomy":"product_tag","embeddable":true,"href":"https:\/\/www.sj-gauge.com\/es\/wp-json\/wp\/v2\/product_tag?post=1926"}],"curies":[{"name":"wp","href":"https:\/\/api.w.org\/{rel}","templated":true}]}}