{"id":1963,"date":"2025-11-17T17:29:34","date_gmt":"2025-11-17T09:29:34","guid":{"rendered":"https:\/\/sj-gauge.com\/?post_type=product&#038;p=1963"},"modified":"2026-03-29T17:40:01","modified_gmt":"2026-03-29T09:40:01","slug":"dif-s","status":"publish","type":"product","link":"https:\/\/www.sj-gauge.com\/es\/producto\/dif-s\/","title":{"rendered":"Conexi\u00f3n embridada con doble diafragma"},"content":{"rendered":"<p>El DIF-S presenta una estructura de doble diafragma que permite realizar mediciones precisas en rangos de presi\u00f3n m\u00e1s bajos, lo que lo convierte en una soluci\u00f3n ideal all\u00ed donde no se pueden instalar los tradicionales sellos de diafragma de brida de \u201csecci\u00f3n en I\u201d debido al espacio limitado. Est\u00e1 dise\u00f1ado para medios agresivos como biog\u00e1s, petr\u00f3leo crudo, fluidos de fracturaci\u00f3n de gas y aplicaciones de biodi\u00e9sel. Compatible con las bridas ANSI\/ASME, JIS y DIN2527, el DIF-S admite tanto man\u00f3metros como transmisores, con puertos rasantes opcionales y revestimientos met\u00e1licos o de PTFE para mejorar la resistencia a la corrosi\u00f3n y facilitar el mantenimiento.<\/p>","protected":false},"excerpt":{"rendered":"<ul>\n<li>Pueden medirse rangos de presi\u00f3n inferiores para satisfacer las necesidades de conexi\u00f3n de tuber\u00edas y precisi\u00f3n<\/li>\n<li>Una alternativa cuando la junta de diafragma de brida - tipo de secci\u00f3n \u201cI\u201d no se puede utilizar debido a la falta de espacio.<\/li>\n<li>Aplicable a entornos de trabajo estrictos, como biog\u00e1s, petr\u00f3leo, fracturaci\u00f3n hidr\u00e1ulica de gas y biodi\u00e9sel, etc.<\/li>\n<\/ul>","protected":false},"featured_media":1966,"template":"","meta":{"_acf_changed":false},"product_brand":[40],"product_cat":[21,41],"product_tag":[],"class_list":{"0":"post-1963","1":"product","2":"type-product","3":"status-publish","4":"has-post-thumbnail","6":"product_brand-sj-gauge","7":"product_cat-diaphragm-seal","8":"product_cat-pressure-instruments","10":"first","11":"instock","12":"shipping-taxable","13":"product-type-simple"},"acf":[],"yoast_head":"<!-- This site is optimized with the Yoast SEO Premium plugin v26.7 (Yoast SEO v27.4) - https:\/\/yoast.com\/product\/yoast-seo-premium-wordpress\/ -->\n<title>Dual Diaphragm Seal | Solution for Low Pressure &amp; Limited Space | SJ Gauge<\/title>\n<meta name=\"description\" content=\"DIF-S dual-diaphragm seal is designed for accurate measurement in lower pressure ranges and compact spaces. Ideal for harsh media like biogas, crude oil, and biodiesel, it supports ANSI, JIS, and DIN2527 flanges with optional flush ports or PTFE linings for enhanced corrosion resistance\" \/>\n<meta name=\"robots\" content=\"index, follow, max-snippet:-1, max-image-preview:large, max-video-preview:-1\" \/>\n<link rel=\"canonical\" href=\"https:\/\/www.sj-gauge.com\/es\/producto\/dif-s\/\" \/>\n<meta property=\"og:locale\" content=\"es_ES\" \/>\n<meta property=\"og:type\" content=\"article\" \/>\n<meta property=\"og:title\" content=\"Flanged Connection with Dual Diaphragm\" \/>\n<meta property=\"og:description\" content=\"DIF-S dual-diaphragm seal is designed for accurate measurement in lower pressure ranges and compact spaces. Ideal for harsh media like biogas, crude oil, and biodiesel, it supports ANSI, JIS, and DIN2527 flanges with optional flush ports or PTFE linings for enhanced corrosion resistance\" \/>\n<meta property=\"og:url\" content=\"https:\/\/www.sj-gauge.com\/es\/producto\/dif-s\/\" \/>\n<meta property=\"og:site_name\" content=\"SJ Gauge | Pressure Gauges, Thermometers &amp; Pressure Sensors\" \/>\n<meta property=\"article:modified_time\" content=\"2026-03-29T09:40:01+00:00\" \/>\n<meta property=\"og:image\" content=\"https:\/\/www.sj-gauge.com\/wp-content\/uploads\/2025\/11\/SJ-Gauge-pressure-gauge-metal-dual-diaphragm.jpg\" \/>\n\t<meta property=\"og:image:width\" content=\"1200\" \/>\n\t<meta property=\"og:image:height\" content=\"1000\" \/>\n\t<meta property=\"og:image:type\" content=\"image\/jpeg\" \/>\n<meta name=\"twitter:card\" content=\"summary_large_image\" \/>\n<meta name=\"twitter:label1\" content=\"Tiempo de lectura\" \/>\n\t<meta name=\"twitter:data1\" content=\"1 minuto\" \/>\n<script type=\"application\/ld+json\" class=\"yoast-schema-graph\">{\"@context\":\"https:\\\/\\\/schema.org\",\"@graph\":[{\"@type\":\"WebPage\",\"@id\":\"https:\\\/\\\/www.sj-gauge.com\\\/product\\\/dif-s\\\/\",\"url\":\"https:\\\/\\\/www.sj-gauge.com\\\/product\\\/dif-s\\\/\",\"name\":\"Dual Diaphragm Seal | Solution for Low Pressure & Limited Space | SJ Gauge\",\"isPartOf\":{\"@id\":\"https:\\\/\\\/www.sj-gauge.com\\\/#website\"},\"primaryImageOfPage\":{\"@id\":\"https:\\\/\\\/www.sj-gauge.com\\\/product\\\/dif-s\\\/#primaryimage\"},\"image\":{\"@id\":\"https:\\\/\\\/www.sj-gauge.com\\\/product\\\/dif-s\\\/#primaryimage\"},\"thumbnailUrl\":\"https:\\\/\\\/www.sj-gauge.com\\\/wp-content\\\/uploads\\\/2025\\\/11\\\/SJ-Gauge-pressure-gauge-metal-dual-diaphragm.jpg\",\"datePublished\":\"2025-11-17T09:29:34+00:00\",\"dateModified\":\"2026-03-29T09:40:01+00:00\",\"description\":\"DIF-S dual-diaphragm seal is designed for accurate measurement in lower pressure ranges and compact spaces. Ideal for harsh media like biogas, crude oil, and biodiesel, it supports ANSI, JIS, and DIN2527 flanges with optional flush ports or PTFE linings for enhanced corrosion resistance\",\"breadcrumb\":{\"@id\":\"https:\\\/\\\/www.sj-gauge.com\\\/product\\\/dif-s\\\/#breadcrumb\"},\"inLanguage\":\"es\",\"potentialAction\":[{\"@type\":\"ReadAction\",\"target\":[\"https:\\\/\\\/www.sj-gauge.com\\\/product\\\/dif-s\\\/\"]}]},{\"@type\":\"ImageObject\",\"inLanguage\":\"es\",\"@id\":\"https:\\\/\\\/www.sj-gauge.com\\\/product\\\/dif-s\\\/#primaryimage\",\"url\":\"https:\\\/\\\/www.sj-gauge.com\\\/wp-content\\\/uploads\\\/2025\\\/11\\\/SJ-Gauge-pressure-gauge-metal-dual-diaphragm.jpg\",\"contentUrl\":\"https:\\\/\\\/www.sj-gauge.com\\\/wp-content\\\/uploads\\\/2025\\\/11\\\/SJ-Gauge-pressure-gauge-metal-dual-diaphragm.jpg\",\"width\":1200,\"height\":1000},{\"@type\":\"BreadcrumbList\",\"@id\":\"https:\\\/\\\/www.sj-gauge.com\\\/product\\\/dif-s\\\/#breadcrumb\",\"itemListElement\":[{\"@type\":\"ListItem\",\"position\":1,\"name\":\"Home\",\"item\":\"https:\\\/\\\/www.sj-gauge.com\\\/\"},{\"@type\":\"ListItem\",\"position\":2,\"name\":\"Products\",\"item\":\"https:\\\/\\\/www.sj-gauge.com\\\/products\\\/\"},{\"@type\":\"ListItem\",\"position\":3,\"name\":\"Flanged Connection with Dual Diaphragm\"}]},{\"@type\":\"WebSite\",\"@id\":\"https:\\\/\\\/www.sj-gauge.com\\\/#website\",\"url\":\"https:\\\/\\\/www.sj-gauge.com\\\/\",\"name\":\"SJ Gauge | Pressure Gauges, Thermometers &amp; Pressure Sensors\",\"description\":\"Manufacturer of industrial pressure gauges, pressure sensors, and transmitters. SJ Gauge provides high accuracy, durable materials, and custom solutions for oil &amp; gas, chemical, and industrial applications.\",\"publisher\":{\"@id\":\"https:\\\/\\\/www.sj-gauge.com\\\/#organization\"},\"potentialAction\":[{\"@type\":\"SearchAction\",\"target\":{\"@type\":\"EntryPoint\",\"urlTemplate\":\"https:\\\/\\\/www.sj-gauge.com\\\/?s={search_term_string}\"},\"query-input\":{\"@type\":\"PropertyValueSpecification\",\"valueRequired\":true,\"valueName\":\"search_term_string\"}}],\"inLanguage\":\"es\"},{\"@type\":\"Organization\",\"@id\":\"https:\\\/\\\/www.sj-gauge.com\\\/#organization\",\"name\":\"SJ Gauge | Pressure Gauges, Thermometers &amp; Pressure Sensors\",\"url\":\"https:\\\/\\\/www.sj-gauge.com\\\/\",\"logo\":{\"@type\":\"ImageObject\",\"inLanguage\":\"es\",\"@id\":\"https:\\\/\\\/www.sj-gauge.com\\\/#\\\/schema\\\/logo\\\/image\\\/\",\"url\":\"https:\\\/\\\/www.sj-gauge.com\\\/wp-content\\\/uploads\\\/2025\\\/09\\\/logo.webp\",\"contentUrl\":\"https:\\\/\\\/www.sj-gauge.com\\\/wp-content\\\/uploads\\\/2025\\\/09\\\/logo.webp\",\"width\":348,\"height\":184,\"caption\":\"SJ Gauge | Pressure Gauges, Thermometers &amp; Pressure Sensors\"},\"image\":{\"@id\":\"https:\\\/\\\/www.sj-gauge.com\\\/#\\\/schema\\\/logo\\\/image\\\/\"}}]}<\/script>\n<!-- \/ Yoast SEO Premium plugin. -->","yoast_head_json":{"title":"Sello de doble diafragma | Soluci\u00f3n para baja presi\u00f3n y espacio limitado | SJ Gauge","description":"La junta de doble diafragma DIF-S est\u00e1 dise\u00f1ada para mediciones precisas en rangos de presi\u00f3n m\u00e1s bajos y espacios compactos. Ideal para medios agresivos como biog\u00e1s, petr\u00f3leo crudo y biodi\u00e9sel, admite bridas ANSI, JIS y DIN2527 con puertos enrasados opcionales o revestimientos de PTFE para mejorar la resistencia a la corrosi\u00f3n.","robots":{"index":"index","follow":"follow","max-snippet":"max-snippet:-1","max-image-preview":"max-image-preview:large","max-video-preview":"max-video-preview:-1"},"canonical":"https:\/\/www.sj-gauge.com\/es\/producto\/dif-s\/","og_locale":"es_ES","og_type":"article","og_title":"Flanged Connection with Dual Diaphragm","og_description":"DIF-S dual-diaphragm seal is designed for accurate measurement in lower pressure ranges and compact spaces. Ideal for harsh media like biogas, crude oil, and biodiesel, it supports ANSI, JIS, and DIN2527 flanges with optional flush ports or PTFE linings for enhanced corrosion resistance","og_url":"https:\/\/www.sj-gauge.com\/es\/producto\/dif-s\/","og_site_name":"SJ Gauge | Pressure Gauges, Thermometers &amp; Pressure Sensors","article_modified_time":"2026-03-29T09:40:01+00:00","og_image":[{"width":1200,"height":1000,"url":"https:\/\/www.sj-gauge.com\/wp-content\/uploads\/2025\/11\/SJ-Gauge-pressure-gauge-metal-dual-diaphragm.jpg","type":"image\/jpeg"}],"twitter_card":"summary_large_image","twitter_misc":{"Tiempo de lectura":"1 minuto"},"schema":{"@context":"https:\/\/schema.org","@graph":[{"@type":"WebPage","@id":"https:\/\/www.sj-gauge.com\/product\/dif-s\/","url":"https:\/\/www.sj-gauge.com\/product\/dif-s\/","name":"Sello de doble diafragma | Soluci\u00f3n para baja presi\u00f3n y espacio limitado | SJ Gauge","isPartOf":{"@id":"https:\/\/www.sj-gauge.com\/#website"},"primaryImageOfPage":{"@id":"https:\/\/www.sj-gauge.com\/product\/dif-s\/#primaryimage"},"image":{"@id":"https:\/\/www.sj-gauge.com\/product\/dif-s\/#primaryimage"},"thumbnailUrl":"https:\/\/www.sj-gauge.com\/wp-content\/uploads\/2025\/11\/SJ-Gauge-pressure-gauge-metal-dual-diaphragm.jpg","datePublished":"2025-11-17T09:29:34+00:00","dateModified":"2026-03-29T09:40:01+00:00","description":"La junta de doble diafragma DIF-S est\u00e1 dise\u00f1ada para mediciones precisas en rangos de presi\u00f3n m\u00e1s bajos y espacios compactos. Ideal para medios agresivos como biog\u00e1s, petr\u00f3leo crudo y biodi\u00e9sel, admite bridas ANSI, JIS y DIN2527 con puertos enrasados opcionales o revestimientos de PTFE para mejorar la resistencia a la corrosi\u00f3n.","breadcrumb":{"@id":"https:\/\/www.sj-gauge.com\/product\/dif-s\/#breadcrumb"},"inLanguage":"es","potentialAction":[{"@type":"ReadAction","target":["https:\/\/www.sj-gauge.com\/product\/dif-s\/"]}]},{"@type":"ImageObject","inLanguage":"es","@id":"https:\/\/www.sj-gauge.com\/product\/dif-s\/#primaryimage","url":"https:\/\/www.sj-gauge.com\/wp-content\/uploads\/2025\/11\/SJ-Gauge-pressure-gauge-metal-dual-diaphragm.jpg","contentUrl":"https:\/\/www.sj-gauge.com\/wp-content\/uploads\/2025\/11\/SJ-Gauge-pressure-gauge-metal-dual-diaphragm.jpg","width":1200,"height":1000},{"@type":"BreadcrumbList","@id":"https:\/\/www.sj-gauge.com\/product\/dif-s\/#breadcrumb","itemListElement":[{"@type":"ListItem","position":1,"name":"Home","item":"https:\/\/www.sj-gauge.com\/"},{"@type":"ListItem","position":2,"name":"Products","item":"https:\/\/www.sj-gauge.com\/products\/"},{"@type":"ListItem","position":3,"name":"Flanged Connection with Dual Diaphragm"}]},{"@type":"WebSite","@id":"https:\/\/www.sj-gauge.com\/#website","url":"https:\/\/www.sj-gauge.com\/","name":"SJ Gauge | Man\u00f3metros, term\u00f3metros y sensores de presi\u00f3n","description":"Fabricante de man\u00f3metros industriales, sensores de presi\u00f3n y transmisores. SJ Gauge ofrece alta precisi\u00f3n, materiales duraderos y soluciones personalizadas para aplicaciones de petr\u00f3leo y gas, qu\u00edmicas e industriales.","publisher":{"@id":"https:\/\/www.sj-gauge.com\/#organization"},"potentialAction":[{"@type":"SearchAction","target":{"@type":"EntryPoint","urlTemplate":"https:\/\/www.sj-gauge.com\/?s={search_term_string}"},"query-input":{"@type":"PropertyValueSpecification","valueRequired":true,"valueName":"search_term_string"}}],"inLanguage":"es"},{"@type":"Organization","@id":"https:\/\/www.sj-gauge.com\/#organization","name":"SJ Gauge | Man\u00f3metros, term\u00f3metros y sensores de presi\u00f3n","url":"https:\/\/www.sj-gauge.com\/","logo":{"@type":"ImageObject","inLanguage":"es","@id":"https:\/\/www.sj-gauge.com\/#\/schema\/logo\/image\/","url":"https:\/\/www.sj-gauge.com\/wp-content\/uploads\/2025\/09\/logo.webp","contentUrl":"https:\/\/www.sj-gauge.com\/wp-content\/uploads\/2025\/09\/logo.webp","width":348,"height":184,"caption":"SJ Gauge | Pressure Gauges, Thermometers &amp; Pressure Sensors"},"image":{"@id":"https:\/\/www.sj-gauge.com\/#\/schema\/logo\/image\/"}}]}},"_links":{"self":[{"href":"https:\/\/www.sj-gauge.com\/es\/wp-json\/wp\/v2\/product\/1963","targetHints":{"allow":["GET"]}}],"collection":[{"href":"https:\/\/www.sj-gauge.com\/es\/wp-json\/wp\/v2\/product"}],"about":[{"href":"https:\/\/www.sj-gauge.com\/es\/wp-json\/wp\/v2\/types\/product"}],"wp:featuredmedia":[{"embeddable":true,"href":"https:\/\/www.sj-gauge.com\/es\/wp-json\/wp\/v2\/media\/1966"}],"wp:attachment":[{"href":"https:\/\/www.sj-gauge.com\/es\/wp-json\/wp\/v2\/media?parent=1963"}],"wp:term":[{"taxonomy":"product_brand","embeddable":true,"href":"https:\/\/www.sj-gauge.com\/es\/wp-json\/wp\/v2\/product_brand?post=1963"},{"taxonomy":"product_cat","embeddable":true,"href":"https:\/\/www.sj-gauge.com\/es\/wp-json\/wp\/v2\/product_cat?post=1963"},{"taxonomy":"product_tag","embeddable":true,"href":"https:\/\/www.sj-gauge.com\/es\/wp-json\/wp\/v2\/product_tag?post=1963"}],"curies":[{"name":"wp","href":"https:\/\/api.w.org\/{rel}","templated":true}]}}