{"id":1990,"date":"2025-11-20T10:23:55","date_gmt":"2025-11-20T02:23:55","guid":{"rendered":"https:\/\/sj-gauge.com\/?post_type=product&#038;p=1990"},"modified":"2026-03-29T17:22:58","modified_gmt":"2026-03-29T09:22:58","slug":"diff-s","status":"publish","type":"product","link":"https:\/\/www.sj-gauge.com\/es\/producto\/diff-s\/","title":{"rendered":"Conexi\u00f3n embridada con tubo colector, membrana roscada"},"content":{"rendered":"<p>La junta de diafragma DIF-S presenta una conexi\u00f3n embridada con un diafragma atornillado, dise\u00f1ado para emparejarse con man\u00f3metros o transmisores de presi\u00f3n. Es adecuado para aplicaciones exigentes con altas temperaturas, alta presi\u00f3n, vibraciones o medios corrosivos. El sistema tolera temperaturas de proceso extremas de hasta +300 \u00b0C y puede fabricarse con m\u00faltiples opciones de materiales, como 316L, Hastelloy C276, tantalio y titanio, lo que lo hace ideal para las industrias qu\u00edmica, petroqu\u00edmica, de ingenier\u00eda de procesos y cementera. Su construcci\u00f3n de doble brida aumenta el tama\u00f1o del diafragma para mejorar la precisi\u00f3n de la medici\u00f3n y la compatibilidad con diversas normas de tuber\u00edas.<\/p>","protected":false},"excerpt":{"rendered":"<ul>\n<li>Gracias al uso de juntas de membrana, los instrumentos de medici\u00f3n pueden utilizarse a temperaturas extremas de hasta +300 \u00b0C.<\/li>\n<li>El diafragma de doble brida puede aumentar el tama\u00f1o del cuerpo superior y el diafragma para que coincida con la conexi\u00f3n de tuber\u00edas, requisitos y mejorar la precisi\u00f3n.<\/li>\n<li>Aplicable a entornos de trabajo especiales y fluidos corrosivos, como alta presi\u00f3n, alta vibraci\u00f3n y hormig\u00f3n.<\/li>\n<\/ul>","protected":false},"featured_media":1993,"template":"","meta":{"_acf_changed":false},"product_brand":[40],"product_cat":[21,41],"product_tag":[],"class_list":{"0":"post-1990","1":"product","2":"type-product","3":"status-publish","4":"has-post-thumbnail","6":"product_brand-sj-gauge","7":"product_cat-diaphragm-seal","8":"product_cat-pressure-instruments","10":"first","11":"instock","12":"shipping-taxable","13":"product-type-simple"},"acf":[],"yoast_head":"<!-- This site is optimized with the Yoast SEO Premium plugin v26.7 (Yoast SEO v27.4) - https:\/\/yoast.com\/product\/yoast-seo-premium-wordpress\/ -->\n<title>Screwed Diaphragm Seal with Flanged Connection\uff5c300\u00b0C Heat Resistance\uff5cSJ Gauge<\/title>\n<meta name=\"description\" content=\"DIFF-S diaphragm seal features a flanged connection with a screwed diaphragm, ideal for harsh applications involving high temperature (+300\u00b0C), high pressure, and vibration. Its double-flange construction improves measurement accuracy for chemical, petrochemical, and cement industries\" \/>\n<meta name=\"robots\" content=\"index, follow, max-snippet:-1, max-image-preview:large, max-video-preview:-1\" \/>\n<link rel=\"canonical\" href=\"https:\/\/www.sj-gauge.com\/es\/producto\/diff-s\/\" \/>\n<meta property=\"og:locale\" content=\"es_ES\" \/>\n<meta property=\"og:type\" content=\"article\" \/>\n<meta property=\"og:title\" content=\"Flanged Connection with Stub Pipe, Screwed Diaphragm\" \/>\n<meta property=\"og:description\" content=\"DIFF-S diaphragm seal features a flanged connection with a screwed diaphragm, ideal for harsh applications involving high temperature (+300\u00b0C), high pressure, and vibration. Its double-flange construction improves measurement accuracy for chemical, petrochemical, and cement industries\" \/>\n<meta property=\"og:url\" content=\"https:\/\/www.sj-gauge.com\/es\/producto\/diff-s\/\" \/>\n<meta property=\"og:site_name\" content=\"SJ Gauge | Pressure Gauges, Thermometers &amp; Pressure Sensors\" \/>\n<meta property=\"article:modified_time\" content=\"2026-03-29T09:22:58+00:00\" \/>\n<meta property=\"og:image\" content=\"https:\/\/www.sj-gauge.com\/wp-content\/uploads\/2025\/11\/SJ-gauge-pressure-gauge-diaphragm-stub-pipe.jpg\" \/>\n\t<meta property=\"og:image:width\" content=\"1200\" \/>\n\t<meta property=\"og:image:height\" content=\"1000\" \/>\n\t<meta property=\"og:image:type\" content=\"image\/jpeg\" \/>\n<meta name=\"twitter:card\" content=\"summary_large_image\" \/>\n<meta name=\"twitter:label1\" content=\"Tiempo de lectura\" \/>\n\t<meta name=\"twitter:data1\" content=\"1 minuto\" \/>\n<script type=\"application\/ld+json\" class=\"yoast-schema-graph\">{\"@context\":\"https:\\\/\\\/schema.org\",\"@graph\":[{\"@type\":\"WebPage\",\"@id\":\"https:\\\/\\\/www.sj-gauge.com\\\/product\\\/diff-s\\\/\",\"url\":\"https:\\\/\\\/www.sj-gauge.com\\\/product\\\/diff-s\\\/\",\"name\":\"Screwed Diaphragm Seal with Flanged Connection\uff5c300\u00b0C Heat Resistance\uff5cSJ Gauge\",\"isPartOf\":{\"@id\":\"https:\\\/\\\/www.sj-gauge.com\\\/#website\"},\"primaryImageOfPage\":{\"@id\":\"https:\\\/\\\/www.sj-gauge.com\\\/product\\\/diff-s\\\/#primaryimage\"},\"image\":{\"@id\":\"https:\\\/\\\/www.sj-gauge.com\\\/product\\\/diff-s\\\/#primaryimage\"},\"thumbnailUrl\":\"https:\\\/\\\/www.sj-gauge.com\\\/wp-content\\\/uploads\\\/2025\\\/11\\\/SJ-gauge-pressure-gauge-diaphragm-stub-pipe.jpg\",\"datePublished\":\"2025-11-20T02:23:55+00:00\",\"dateModified\":\"2026-03-29T09:22:58+00:00\",\"description\":\"DIFF-S diaphragm seal features a flanged connection with a screwed diaphragm, ideal for harsh applications involving high temperature (+300\u00b0C), high pressure, and vibration. Its double-flange construction improves measurement accuracy for chemical, petrochemical, and cement industries\",\"breadcrumb\":{\"@id\":\"https:\\\/\\\/www.sj-gauge.com\\\/product\\\/diff-s\\\/#breadcrumb\"},\"inLanguage\":\"es\",\"potentialAction\":[{\"@type\":\"ReadAction\",\"target\":[\"https:\\\/\\\/www.sj-gauge.com\\\/product\\\/diff-s\\\/\"]}]},{\"@type\":\"ImageObject\",\"inLanguage\":\"es\",\"@id\":\"https:\\\/\\\/www.sj-gauge.com\\\/product\\\/diff-s\\\/#primaryimage\",\"url\":\"https:\\\/\\\/www.sj-gauge.com\\\/wp-content\\\/uploads\\\/2025\\\/11\\\/SJ-gauge-pressure-gauge-diaphragm-stub-pipe.jpg\",\"contentUrl\":\"https:\\\/\\\/www.sj-gauge.com\\\/wp-content\\\/uploads\\\/2025\\\/11\\\/SJ-gauge-pressure-gauge-diaphragm-stub-pipe.jpg\",\"width\":1200,\"height\":1000},{\"@type\":\"BreadcrumbList\",\"@id\":\"https:\\\/\\\/www.sj-gauge.com\\\/product\\\/diff-s\\\/#breadcrumb\",\"itemListElement\":[{\"@type\":\"ListItem\",\"position\":1,\"name\":\"Home\",\"item\":\"https:\\\/\\\/www.sj-gauge.com\\\/\"},{\"@type\":\"ListItem\",\"position\":2,\"name\":\"Products\",\"item\":\"https:\\\/\\\/www.sj-gauge.com\\\/products\\\/\"},{\"@type\":\"ListItem\",\"position\":3,\"name\":\"Flanged Connection with Stub Pipe, Screwed Diaphragm\"}]},{\"@type\":\"WebSite\",\"@id\":\"https:\\\/\\\/www.sj-gauge.com\\\/#website\",\"url\":\"https:\\\/\\\/www.sj-gauge.com\\\/\",\"name\":\"SJ Gauge | Pressure Gauges, Thermometers &amp; Pressure Sensors\",\"description\":\"Manufacturer of industrial pressure gauges, pressure sensors, and transmitters. SJ Gauge provides high accuracy, durable materials, and custom solutions for oil &amp; gas, chemical, and industrial applications.\",\"publisher\":{\"@id\":\"https:\\\/\\\/www.sj-gauge.com\\\/#organization\"},\"potentialAction\":[{\"@type\":\"SearchAction\",\"target\":{\"@type\":\"EntryPoint\",\"urlTemplate\":\"https:\\\/\\\/www.sj-gauge.com\\\/?s={search_term_string}\"},\"query-input\":{\"@type\":\"PropertyValueSpecification\",\"valueRequired\":true,\"valueName\":\"search_term_string\"}}],\"inLanguage\":\"es\"},{\"@type\":\"Organization\",\"@id\":\"https:\\\/\\\/www.sj-gauge.com\\\/#organization\",\"name\":\"SJ Gauge | Pressure Gauges, Thermometers &amp; Pressure Sensors\",\"url\":\"https:\\\/\\\/www.sj-gauge.com\\\/\",\"logo\":{\"@type\":\"ImageObject\",\"inLanguage\":\"es\",\"@id\":\"https:\\\/\\\/www.sj-gauge.com\\\/#\\\/schema\\\/logo\\\/image\\\/\",\"url\":\"https:\\\/\\\/www.sj-gauge.com\\\/wp-content\\\/uploads\\\/2025\\\/09\\\/logo.webp\",\"contentUrl\":\"https:\\\/\\\/www.sj-gauge.com\\\/wp-content\\\/uploads\\\/2025\\\/09\\\/logo.webp\",\"width\":348,\"height\":184,\"caption\":\"SJ Gauge | Pressure Gauges, Thermometers &amp; Pressure Sensors\"},\"image\":{\"@id\":\"https:\\\/\\\/www.sj-gauge.com\\\/#\\\/schema\\\/logo\\\/image\\\/\"}}]}<\/script>\n<!-- \/ Yoast SEO Premium plugin. -->","yoast_head_json":{"title":"Junta de membrana roscada con conexi\u00f3n embridada\uff5c300\u00b0C Resistencia al calor\uff5cSJ Gauge","description":"El sello de diafragma DIFF-S presenta una conexi\u00f3n embridada con un diafragma atornillado, ideal para aplicaciones duras que implican alta temperatura (+300\u00b0C), alta presi\u00f3n y vibraci\u00f3n. Su construcci\u00f3n de doble brida mejora la precisi\u00f3n de las mediciones en las industrias qu\u00edmica, petroqu\u00edmica y cementera.","robots":{"index":"index","follow":"follow","max-snippet":"max-snippet:-1","max-image-preview":"max-image-preview:large","max-video-preview":"max-video-preview:-1"},"canonical":"https:\/\/www.sj-gauge.com\/es\/producto\/diff-s\/","og_locale":"es_ES","og_type":"article","og_title":"Flanged Connection with Stub Pipe, Screwed Diaphragm","og_description":"DIFF-S diaphragm seal features a flanged connection with a screwed diaphragm, ideal for harsh applications involving high temperature (+300\u00b0C), high pressure, and vibration. Its double-flange construction improves measurement accuracy for chemical, petrochemical, and cement industries","og_url":"https:\/\/www.sj-gauge.com\/es\/producto\/diff-s\/","og_site_name":"SJ Gauge | Pressure Gauges, Thermometers &amp; Pressure Sensors","article_modified_time":"2026-03-29T09:22:58+00:00","og_image":[{"width":1200,"height":1000,"url":"https:\/\/www.sj-gauge.com\/wp-content\/uploads\/2025\/11\/SJ-gauge-pressure-gauge-diaphragm-stub-pipe.jpg","type":"image\/jpeg"}],"twitter_card":"summary_large_image","twitter_misc":{"Tiempo de lectura":"1 minuto"},"schema":{"@context":"https:\/\/schema.org","@graph":[{"@type":"WebPage","@id":"https:\/\/www.sj-gauge.com\/product\/diff-s\/","url":"https:\/\/www.sj-gauge.com\/product\/diff-s\/","name":"Junta de membrana roscada con conexi\u00f3n embridada\uff5c300\u00b0C Resistencia al calor\uff5cSJ Gauge","isPartOf":{"@id":"https:\/\/www.sj-gauge.com\/#website"},"primaryImageOfPage":{"@id":"https:\/\/www.sj-gauge.com\/product\/diff-s\/#primaryimage"},"image":{"@id":"https:\/\/www.sj-gauge.com\/product\/diff-s\/#primaryimage"},"thumbnailUrl":"https:\/\/www.sj-gauge.com\/wp-content\/uploads\/2025\/11\/SJ-gauge-pressure-gauge-diaphragm-stub-pipe.jpg","datePublished":"2025-11-20T02:23:55+00:00","dateModified":"2026-03-29T09:22:58+00:00","description":"El sello de diafragma DIFF-S presenta una conexi\u00f3n embridada con un diafragma atornillado, ideal para aplicaciones duras que implican alta temperatura (+300\u00b0C), alta presi\u00f3n y vibraci\u00f3n. Su construcci\u00f3n de doble brida mejora la precisi\u00f3n de las mediciones en las industrias qu\u00edmica, petroqu\u00edmica y cementera.","breadcrumb":{"@id":"https:\/\/www.sj-gauge.com\/product\/diff-s\/#breadcrumb"},"inLanguage":"es","potentialAction":[{"@type":"ReadAction","target":["https:\/\/www.sj-gauge.com\/product\/diff-s\/"]}]},{"@type":"ImageObject","inLanguage":"es","@id":"https:\/\/www.sj-gauge.com\/product\/diff-s\/#primaryimage","url":"https:\/\/www.sj-gauge.com\/wp-content\/uploads\/2025\/11\/SJ-gauge-pressure-gauge-diaphragm-stub-pipe.jpg","contentUrl":"https:\/\/www.sj-gauge.com\/wp-content\/uploads\/2025\/11\/SJ-gauge-pressure-gauge-diaphragm-stub-pipe.jpg","width":1200,"height":1000},{"@type":"BreadcrumbList","@id":"https:\/\/www.sj-gauge.com\/product\/diff-s\/#breadcrumb","itemListElement":[{"@type":"ListItem","position":1,"name":"Home","item":"https:\/\/www.sj-gauge.com\/"},{"@type":"ListItem","position":2,"name":"Products","item":"https:\/\/www.sj-gauge.com\/products\/"},{"@type":"ListItem","position":3,"name":"Flanged Connection with Stub Pipe, Screwed Diaphragm"}]},{"@type":"WebSite","@id":"https:\/\/www.sj-gauge.com\/#website","url":"https:\/\/www.sj-gauge.com\/","name":"SJ Gauge | Man\u00f3metros, term\u00f3metros y sensores de presi\u00f3n","description":"Fabricante de man\u00f3metros industriales, sensores de presi\u00f3n y transmisores. SJ Gauge ofrece alta precisi\u00f3n, materiales duraderos y soluciones personalizadas para aplicaciones de petr\u00f3leo y gas, qu\u00edmicas e industriales.","publisher":{"@id":"https:\/\/www.sj-gauge.com\/#organization"},"potentialAction":[{"@type":"SearchAction","target":{"@type":"EntryPoint","urlTemplate":"https:\/\/www.sj-gauge.com\/?s={search_term_string}"},"query-input":{"@type":"PropertyValueSpecification","valueRequired":true,"valueName":"search_term_string"}}],"inLanguage":"es"},{"@type":"Organization","@id":"https:\/\/www.sj-gauge.com\/#organization","name":"SJ Gauge | Man\u00f3metros, term\u00f3metros y sensores de presi\u00f3n","url":"https:\/\/www.sj-gauge.com\/","logo":{"@type":"ImageObject","inLanguage":"es","@id":"https:\/\/www.sj-gauge.com\/#\/schema\/logo\/image\/","url":"https:\/\/www.sj-gauge.com\/wp-content\/uploads\/2025\/09\/logo.webp","contentUrl":"https:\/\/www.sj-gauge.com\/wp-content\/uploads\/2025\/09\/logo.webp","width":348,"height":184,"caption":"SJ Gauge | Pressure Gauges, Thermometers &amp; Pressure Sensors"},"image":{"@id":"https:\/\/www.sj-gauge.com\/#\/schema\/logo\/image\/"}}]}},"_links":{"self":[{"href":"https:\/\/www.sj-gauge.com\/es\/wp-json\/wp\/v2\/product\/1990","targetHints":{"allow":["GET"]}}],"collection":[{"href":"https:\/\/www.sj-gauge.com\/es\/wp-json\/wp\/v2\/product"}],"about":[{"href":"https:\/\/www.sj-gauge.com\/es\/wp-json\/wp\/v2\/types\/product"}],"wp:featuredmedia":[{"embeddable":true,"href":"https:\/\/www.sj-gauge.com\/es\/wp-json\/wp\/v2\/media\/1993"}],"wp:attachment":[{"href":"https:\/\/www.sj-gauge.com\/es\/wp-json\/wp\/v2\/media?parent=1990"}],"wp:term":[{"taxonomy":"product_brand","embeddable":true,"href":"https:\/\/www.sj-gauge.com\/es\/wp-json\/wp\/v2\/product_brand?post=1990"},{"taxonomy":"product_cat","embeddable":true,"href":"https:\/\/www.sj-gauge.com\/es\/wp-json\/wp\/v2\/product_cat?post=1990"},{"taxonomy":"product_tag","embeddable":true,"href":"https:\/\/www.sj-gauge.com\/es\/wp-json\/wp\/v2\/product_tag?post=1990"}],"curies":[{"name":"wp","href":"https:\/\/api.w.org\/{rel}","templated":true}]}}