{"id":1999,"date":"2025-11-20T11:19:11","date_gmt":"2025-11-20T03:19:11","guid":{"rendered":"https:\/\/sj-gauge.com\/?post_type=product&#038;p=1999"},"modified":"2026-03-29T16:36:57","modified_gmt":"2026-03-29T08:36:57","slug":"diff-p","status":"publish","type":"product","link":"https:\/\/www.sj-gauge.com\/es\/producto\/diff-p\/","title":{"rendered":"Conexi\u00f3n embridada con tubo de derivaci\u00f3n, pl\u00e1stico resistente a la corrosi\u00f3n"},"content":{"rendered":"<p>El cierre de diafragma DIFF-P dispone de una conexi\u00f3n embridada con un dise\u00f1o de tubo acople, que proporciona una excelente resistencia a la corrosi\u00f3n para condiciones de proceso dif\u00edciles. Est\u00e1 dise\u00f1ado para medir medios corrosivos, viscosos, pulverulentos, peligrosos o sensibles desde el punto de vista medioambiental. El asiento superior y el diafragma agrandados garantizan una transmisi\u00f3n precisa de la presi\u00f3n a la vez que cumplen diversas normas de conexi\u00f3n de tuber\u00edas. Disponible en materiales de cuerpo de PP, PVC, PVDF y PTFE, con opciones de diafragma como PTFE, Hastelloy C276, titanio, tantalio y Monel 400, el DIFF-P se adapta a una amplia gama de aplicaciones corrosivas. Se utiliza ampliamente en procesos qu\u00edmicos, plantas petroqu\u00edmicas, tratamiento de aguas residuales, fabricaci\u00f3n de papel y otros entornos industriales exigentes, ofreciendo una soluci\u00f3n de medici\u00f3n de presi\u00f3n estable y fiable.<\/p>","protected":false},"excerpt":{"rendered":"<ul>\n<li>El asiento superior y el diafragma pueden ampliarse para garantizar la precisi\u00f3n y el cumplimiento de las normas de conexi\u00f3n de tuber\u00edas<\/li>\n<li>Aplicable a medios corrosivos, viscosos, pulverulentos, nocivos o t\u00f3xicos para el medio ambiente<\/li>\n<li>Ideal para industrias como la petroqu\u00edmica, la construcci\u00f3n de equipos qu\u00edmicos, el tratamiento de aguas residuales, el papel, etc.<\/li>\n<\/ul>","protected":false},"featured_media":2002,"template":"","meta":{"_acf_changed":false},"product_brand":[40],"product_cat":[21,41],"product_tag":[],"class_list":{"0":"post-1999","1":"product","2":"type-product","3":"status-publish","4":"has-post-thumbnail","6":"product_brand-sj-gauge","7":"product_cat-diaphragm-seal","8":"product_cat-pressure-instruments","10":"first","11":"instock","12":"shipping-taxable","13":"product-type-simple"},"acf":[],"yoast_head":"<!-- This site is optimized with the Yoast SEO Premium plugin v26.7 (Yoast SEO v27.4) - https:\/\/yoast.com\/product\/yoast-seo-premium-wordpress\/ -->\n<title>Corrosion-resistant Plastic Diaphragm Seal\uff5cFor Hazardous Media\uff5cSJ Gauge<\/title>\n<meta name=\"description\" content=\"DIFF-P diaphragm seal features a stub-pipe design with excellent corrosion resistance. Available in PP, PVC, PVDF, and PTFE, it is engineered for measuring corrosive, viscous, and hazardous media. Ideal for chemical processing, petrochemical plants, and wastewater treatment\" \/>\n<meta name=\"robots\" content=\"index, follow, max-snippet:-1, max-image-preview:large, max-video-preview:-1\" \/>\n<link rel=\"canonical\" href=\"https:\/\/www.sj-gauge.com\/es\/producto\/diff-p\/\" \/>\n<meta property=\"og:locale\" content=\"es_ES\" \/>\n<meta property=\"og:type\" content=\"article\" \/>\n<meta property=\"og:title\" content=\"Flanged Connection with Stub Pipe, Corrosion-resistant Plastic\" \/>\n<meta property=\"og:description\" content=\"DIFF-P diaphragm seal features a stub-pipe design with excellent corrosion resistance. Available in PP, PVC, PVDF, and PTFE, it is engineered for measuring corrosive, viscous, and hazardous media. Ideal for chemical processing, petrochemical plants, and wastewater treatment\" \/>\n<meta property=\"og:url\" content=\"https:\/\/www.sj-gauge.com\/es\/producto\/diff-p\/\" \/>\n<meta property=\"og:site_name\" content=\"SJ Gauge | Pressure Gauges, Thermometers &amp; Pressure Sensors\" \/>\n<meta property=\"article:modified_time\" content=\"2026-03-29T08:36:57+00:00\" \/>\n<meta property=\"og:image\" content=\"https:\/\/www.sj-gauge.com\/wp-content\/uploads\/2025\/11\/SJ-Gauge-diaphragm-seals-stub-pipe-corrosion-resistant-plastic-1.jpg\" \/>\n\t<meta property=\"og:image:width\" content=\"1200\" \/>\n\t<meta property=\"og:image:height\" content=\"1000\" \/>\n\t<meta property=\"og:image:type\" content=\"image\/jpeg\" \/>\n<meta name=\"twitter:card\" content=\"summary_large_image\" \/>\n<meta name=\"twitter:label1\" content=\"Tiempo de lectura\" \/>\n\t<meta name=\"twitter:data1\" content=\"1 minuto\" \/>\n<script type=\"application\/ld+json\" class=\"yoast-schema-graph\">{\"@context\":\"https:\\\/\\\/schema.org\",\"@graph\":[{\"@type\":\"WebPage\",\"@id\":\"https:\\\/\\\/www.sj-gauge.com\\\/product\\\/diff-p\\\/\",\"url\":\"https:\\\/\\\/www.sj-gauge.com\\\/product\\\/diff-p\\\/\",\"name\":\"Corrosion-resistant Plastic Diaphragm Seal\uff5cFor Hazardous Media\uff5cSJ Gauge\",\"isPartOf\":{\"@id\":\"https:\\\/\\\/www.sj-gauge.com\\\/#website\"},\"primaryImageOfPage\":{\"@id\":\"https:\\\/\\\/www.sj-gauge.com\\\/product\\\/diff-p\\\/#primaryimage\"},\"image\":{\"@id\":\"https:\\\/\\\/www.sj-gauge.com\\\/product\\\/diff-p\\\/#primaryimage\"},\"thumbnailUrl\":\"https:\\\/\\\/www.sj-gauge.com\\\/wp-content\\\/uploads\\\/2025\\\/11\\\/SJ-Gauge-diaphragm-seals-stub-pipe-corrosion-resistant-plastic-1.jpg\",\"datePublished\":\"2025-11-20T03:19:11+00:00\",\"dateModified\":\"2026-03-29T08:36:57+00:00\",\"description\":\"DIFF-P diaphragm seal features a stub-pipe design with excellent corrosion resistance. Available in PP, PVC, PVDF, and PTFE, it is engineered for measuring corrosive, viscous, and hazardous media. Ideal for chemical processing, petrochemical plants, and wastewater treatment\",\"breadcrumb\":{\"@id\":\"https:\\\/\\\/www.sj-gauge.com\\\/product\\\/diff-p\\\/#breadcrumb\"},\"inLanguage\":\"es\",\"potentialAction\":[{\"@type\":\"ReadAction\",\"target\":[\"https:\\\/\\\/www.sj-gauge.com\\\/product\\\/diff-p\\\/\"]}]},{\"@type\":\"ImageObject\",\"inLanguage\":\"es\",\"@id\":\"https:\\\/\\\/www.sj-gauge.com\\\/product\\\/diff-p\\\/#primaryimage\",\"url\":\"https:\\\/\\\/www.sj-gauge.com\\\/wp-content\\\/uploads\\\/2025\\\/11\\\/SJ-Gauge-diaphragm-seals-stub-pipe-corrosion-resistant-plastic-1.jpg\",\"contentUrl\":\"https:\\\/\\\/www.sj-gauge.com\\\/wp-content\\\/uploads\\\/2025\\\/11\\\/SJ-Gauge-diaphragm-seals-stub-pipe-corrosion-resistant-plastic-1.jpg\",\"width\":1200,\"height\":1000},{\"@type\":\"BreadcrumbList\",\"@id\":\"https:\\\/\\\/www.sj-gauge.com\\\/product\\\/diff-p\\\/#breadcrumb\",\"itemListElement\":[{\"@type\":\"ListItem\",\"position\":1,\"name\":\"Home\",\"item\":\"https:\\\/\\\/www.sj-gauge.com\\\/\"},{\"@type\":\"ListItem\",\"position\":2,\"name\":\"Products\",\"item\":\"https:\\\/\\\/www.sj-gauge.com\\\/products\\\/\"},{\"@type\":\"ListItem\",\"position\":3,\"name\":\"Flanged Connection with Stub Pipe, Corrosion-resistant Plastic\"}]},{\"@type\":\"WebSite\",\"@id\":\"https:\\\/\\\/www.sj-gauge.com\\\/#website\",\"url\":\"https:\\\/\\\/www.sj-gauge.com\\\/\",\"name\":\"SJ Gauge | Pressure Gauges, Thermometers &amp; Pressure Sensors\",\"description\":\"Manufacturer of industrial pressure gauges, pressure sensors, and transmitters. SJ Gauge provides high accuracy, durable materials, and custom solutions for oil &amp; gas, chemical, and industrial applications.\",\"publisher\":{\"@id\":\"https:\\\/\\\/www.sj-gauge.com\\\/#organization\"},\"potentialAction\":[{\"@type\":\"SearchAction\",\"target\":{\"@type\":\"EntryPoint\",\"urlTemplate\":\"https:\\\/\\\/www.sj-gauge.com\\\/?s={search_term_string}\"},\"query-input\":{\"@type\":\"PropertyValueSpecification\",\"valueRequired\":true,\"valueName\":\"search_term_string\"}}],\"inLanguage\":\"es\"},{\"@type\":\"Organization\",\"@id\":\"https:\\\/\\\/www.sj-gauge.com\\\/#organization\",\"name\":\"SJ Gauge | Pressure Gauges, Thermometers &amp; Pressure Sensors\",\"url\":\"https:\\\/\\\/www.sj-gauge.com\\\/\",\"logo\":{\"@type\":\"ImageObject\",\"inLanguage\":\"es\",\"@id\":\"https:\\\/\\\/www.sj-gauge.com\\\/#\\\/schema\\\/logo\\\/image\\\/\",\"url\":\"https:\\\/\\\/www.sj-gauge.com\\\/wp-content\\\/uploads\\\/2025\\\/09\\\/logo.webp\",\"contentUrl\":\"https:\\\/\\\/www.sj-gauge.com\\\/wp-content\\\/uploads\\\/2025\\\/09\\\/logo.webp\",\"width\":348,\"height\":184,\"caption\":\"SJ Gauge | Pressure Gauges, Thermometers &amp; Pressure Sensors\"},\"image\":{\"@id\":\"https:\\\/\\\/www.sj-gauge.com\\\/#\\\/schema\\\/logo\\\/image\\\/\"}}]}<\/script>\n<!-- \/ Yoast SEO Premium plugin. -->","yoast_head_json":{"title":"Junta de diafragma de pl\u00e1stico resistente a la corrosi\u00f3n\uff5cPara medios peligrosos\uff5cSJ Gauge","description":"La junta de diafragma DIFF-P presenta un dise\u00f1o de tubo acople con una excelente resistencia a la corrosi\u00f3n. Disponible en PP, PVC, PVDF y PTFE, est\u00e1 dise\u00f1ado para medir medios corrosivos, viscosos y peligrosos. Ideal para procesos qu\u00edmicos, plantas petroqu\u00edmicas y tratamiento de aguas residuales.","robots":{"index":"index","follow":"follow","max-snippet":"max-snippet:-1","max-image-preview":"max-image-preview:large","max-video-preview":"max-video-preview:-1"},"canonical":"https:\/\/www.sj-gauge.com\/es\/producto\/diff-p\/","og_locale":"es_ES","og_type":"article","og_title":"Flanged Connection with Stub Pipe, Corrosion-resistant Plastic","og_description":"DIFF-P diaphragm seal features a stub-pipe design with excellent corrosion resistance. Available in PP, PVC, PVDF, and PTFE, it is engineered for measuring corrosive, viscous, and hazardous media. Ideal for chemical processing, petrochemical plants, and wastewater treatment","og_url":"https:\/\/www.sj-gauge.com\/es\/producto\/diff-p\/","og_site_name":"SJ Gauge | Pressure Gauges, Thermometers &amp; Pressure Sensors","article_modified_time":"2026-03-29T08:36:57+00:00","og_image":[{"width":1200,"height":1000,"url":"https:\/\/www.sj-gauge.com\/wp-content\/uploads\/2025\/11\/SJ-Gauge-diaphragm-seals-stub-pipe-corrosion-resistant-plastic-1.jpg","type":"image\/jpeg"}],"twitter_card":"summary_large_image","twitter_misc":{"Tiempo de lectura":"1 minuto"},"schema":{"@context":"https:\/\/schema.org","@graph":[{"@type":"WebPage","@id":"https:\/\/www.sj-gauge.com\/product\/diff-p\/","url":"https:\/\/www.sj-gauge.com\/product\/diff-p\/","name":"Junta de diafragma de pl\u00e1stico resistente a la corrosi\u00f3n\uff5cPara medios peligrosos\uff5cSJ Gauge","isPartOf":{"@id":"https:\/\/www.sj-gauge.com\/#website"},"primaryImageOfPage":{"@id":"https:\/\/www.sj-gauge.com\/product\/diff-p\/#primaryimage"},"image":{"@id":"https:\/\/www.sj-gauge.com\/product\/diff-p\/#primaryimage"},"thumbnailUrl":"https:\/\/www.sj-gauge.com\/wp-content\/uploads\/2025\/11\/SJ-Gauge-diaphragm-seals-stub-pipe-corrosion-resistant-plastic-1.jpg","datePublished":"2025-11-20T03:19:11+00:00","dateModified":"2026-03-29T08:36:57+00:00","description":"La junta de diafragma DIFF-P presenta un dise\u00f1o de tubo acople con una excelente resistencia a la corrosi\u00f3n. Disponible en PP, PVC, PVDF y PTFE, est\u00e1 dise\u00f1ado para medir medios corrosivos, viscosos y peligrosos. Ideal para procesos qu\u00edmicos, plantas petroqu\u00edmicas y tratamiento de aguas residuales.","breadcrumb":{"@id":"https:\/\/www.sj-gauge.com\/product\/diff-p\/#breadcrumb"},"inLanguage":"es","potentialAction":[{"@type":"ReadAction","target":["https:\/\/www.sj-gauge.com\/product\/diff-p\/"]}]},{"@type":"ImageObject","inLanguage":"es","@id":"https:\/\/www.sj-gauge.com\/product\/diff-p\/#primaryimage","url":"https:\/\/www.sj-gauge.com\/wp-content\/uploads\/2025\/11\/SJ-Gauge-diaphragm-seals-stub-pipe-corrosion-resistant-plastic-1.jpg","contentUrl":"https:\/\/www.sj-gauge.com\/wp-content\/uploads\/2025\/11\/SJ-Gauge-diaphragm-seals-stub-pipe-corrosion-resistant-plastic-1.jpg","width":1200,"height":1000},{"@type":"BreadcrumbList","@id":"https:\/\/www.sj-gauge.com\/product\/diff-p\/#breadcrumb","itemListElement":[{"@type":"ListItem","position":1,"name":"Home","item":"https:\/\/www.sj-gauge.com\/"},{"@type":"ListItem","position":2,"name":"Products","item":"https:\/\/www.sj-gauge.com\/products\/"},{"@type":"ListItem","position":3,"name":"Flanged Connection with Stub Pipe, Corrosion-resistant Plastic"}]},{"@type":"WebSite","@id":"https:\/\/www.sj-gauge.com\/#website","url":"https:\/\/www.sj-gauge.com\/","name":"SJ Gauge | Man\u00f3metros, term\u00f3metros y sensores de presi\u00f3n","description":"Fabricante de man\u00f3metros industriales, sensores de presi\u00f3n y transmisores. SJ Gauge ofrece alta precisi\u00f3n, materiales duraderos y soluciones personalizadas para aplicaciones de petr\u00f3leo y gas, qu\u00edmicas e industriales.","publisher":{"@id":"https:\/\/www.sj-gauge.com\/#organization"},"potentialAction":[{"@type":"SearchAction","target":{"@type":"EntryPoint","urlTemplate":"https:\/\/www.sj-gauge.com\/?s={search_term_string}"},"query-input":{"@type":"PropertyValueSpecification","valueRequired":true,"valueName":"search_term_string"}}],"inLanguage":"es"},{"@type":"Organization","@id":"https:\/\/www.sj-gauge.com\/#organization","name":"SJ Gauge | Man\u00f3metros, term\u00f3metros y sensores de presi\u00f3n","url":"https:\/\/www.sj-gauge.com\/","logo":{"@type":"ImageObject","inLanguage":"es","@id":"https:\/\/www.sj-gauge.com\/#\/schema\/logo\/image\/","url":"https:\/\/www.sj-gauge.com\/wp-content\/uploads\/2025\/09\/logo.webp","contentUrl":"https:\/\/www.sj-gauge.com\/wp-content\/uploads\/2025\/09\/logo.webp","width":348,"height":184,"caption":"SJ Gauge | Pressure Gauges, Thermometers &amp; Pressure Sensors"},"image":{"@id":"https:\/\/www.sj-gauge.com\/#\/schema\/logo\/image\/"}}]}},"_links":{"self":[{"href":"https:\/\/www.sj-gauge.com\/es\/wp-json\/wp\/v2\/product\/1999","targetHints":{"allow":["GET"]}}],"collection":[{"href":"https:\/\/www.sj-gauge.com\/es\/wp-json\/wp\/v2\/product"}],"about":[{"href":"https:\/\/www.sj-gauge.com\/es\/wp-json\/wp\/v2\/types\/product"}],"wp:featuredmedia":[{"embeddable":true,"href":"https:\/\/www.sj-gauge.com\/es\/wp-json\/wp\/v2\/media\/2002"}],"wp:attachment":[{"href":"https:\/\/www.sj-gauge.com\/es\/wp-json\/wp\/v2\/media?parent=1999"}],"wp:term":[{"taxonomy":"product_brand","embeddable":true,"href":"https:\/\/www.sj-gauge.com\/es\/wp-json\/wp\/v2\/product_brand?post=1999"},{"taxonomy":"product_cat","embeddable":true,"href":"https:\/\/www.sj-gauge.com\/es\/wp-json\/wp\/v2\/product_cat?post=1999"},{"taxonomy":"product_tag","embeddable":true,"href":"https:\/\/www.sj-gauge.com\/es\/wp-json\/wp\/v2\/product_tag?post=1999"}],"curies":[{"name":"wp","href":"https:\/\/api.w.org\/{rel}","templated":true}]}}