{"id":2004,"date":"2025-11-20T11:48:23","date_gmt":"2025-11-20T03:48:23","guid":{"rendered":"https:\/\/sj-gauge.com\/?post_type=product&#038;p=2004"},"modified":"2026-03-29T16:35:24","modified_gmt":"2026-03-29T08:35:24","slug":"diff-uslp","status":"publish","type":"product","link":"https:\/\/www.sj-gauge.com\/es\/producto\/diff-uslp\/","title":{"rendered":"Conexi\u00f3n embridada con tubo de derivaci\u00f3n, superior met\u00e1lica, inferior de pl\u00e1stico"},"content":{"rendered":"<p>La junta de diafragma DIF-USLP presenta un cuerpo superior met\u00e1lico combinado con una c\u00e1mara inferior de pl\u00e1stico, lo que la hace ideal para medios corrosivos o contaminados en aplicaciones de procesamiento qu\u00edmico, galvanoplastia y petroqu\u00edmica. La secci\u00f3n superior est\u00e1 disponible en acero inoxidable, Hastelloy C276, titanio, tantalio y otras aleaciones de alto rendimiento, mientras que la secci\u00f3n inferior ofrece PP, PVC, PVDF o PTFE para una excelente resistencia a la corrosi\u00f3n y un peso reducido. Su asiento superior y diafragma agrandados mejoran la precisi\u00f3n de la transmisi\u00f3n de presi\u00f3n y garantizan la compatibilidad con diversas normas de tuber\u00edas. Compatible con man\u00f3metros y transmisores de presi\u00f3n, la DIF-USLP admite varios tama\u00f1os de diafragma (70-160 mm) y normas internacionales de bridas (ANSI, JIS, DIN). Es especialmente adecuada para soluciones \u00e1cidas\/alcalinas, tratamiento de aguas residuales, l\u00edquidos de revestimiento y productos qu\u00edmicos agresivos, con construcci\u00f3n soldada opcional y revestimiento de PTFE\/PFA para facilitar el mantenimiento y prolongar la durabilidad.<\/p>","protected":false},"excerpt":{"rendered":"<ul>\n<li>Asiento superior y diafragma agrandados para mejorar la precisi\u00f3n y cumplir los requisitos de las conexiones de tuber\u00edas.<\/li>\n<li>El material del diafragma o doble diafragma puede ser diferente del cuerpo principal<\/li>\n<li>Ideal para industrias como la galvanoplastia, el procesamiento qu\u00edmico y petroqu\u00edmico, etc.<\/li>\n<\/ul>","protected":false},"featured_media":2007,"template":"","meta":{"_acf_changed":false},"product_brand":[40],"product_cat":[21,41],"product_tag":[],"class_list":{"0":"post-2004","1":"product","2":"type-product","3":"status-publish","4":"has-post-thumbnail","6":"product_brand-sj-gauge","7":"product_cat-diaphragm-seal","8":"product_cat-pressure-instruments","10":"first","11":"instock","12":"shipping-taxable","13":"product-type-simple"},"acf":[],"yoast_head":"<!-- This site is optimized with the Yoast SEO Premium plugin v26.7 (Yoast SEO v27.4) - https:\/\/yoast.com\/product\/yoast-seo-premium-wordpress\/ -->\n<title>Corrosion-Resistant Diaphragm Seal\uff5cMetal Upper &amp; Plastic Lower\uff5cSJ Gauge<\/title>\n<meta name=\"description\" content=\"DIF-USLP diaphragm seal features a metal upper body with a plastic lower chamber, ideal for acidic or alkaline solutions in electroplating and chemical processing. Supporting ANSI\/JIS\/DIN standards, it offers excellent corrosion resistance for wastewater treatment\" \/>\n<meta name=\"robots\" content=\"index, follow, max-snippet:-1, max-image-preview:large, max-video-preview:-1\" \/>\n<link rel=\"canonical\" href=\"https:\/\/www.sj-gauge.com\/es\/producto\/diff-uslp\/\" \/>\n<meta property=\"og:locale\" content=\"es_ES\" \/>\n<meta property=\"og:type\" content=\"article\" \/>\n<meta property=\"og:title\" content=\"Flanged Connection with Stub Pipe, Upper Metal, Lower Plastic\" \/>\n<meta property=\"og:description\" content=\"DIF-USLP diaphragm seal features a metal upper body with a plastic lower chamber, ideal for acidic or alkaline solutions in electroplating and chemical processing. Supporting ANSI\/JIS\/DIN standards, it offers excellent corrosion resistance for wastewater treatment\" \/>\n<meta property=\"og:url\" content=\"https:\/\/www.sj-gauge.com\/es\/producto\/diff-uslp\/\" \/>\n<meta property=\"og:site_name\" content=\"SJ Gauge | Pressure Gauges, Thermometers &amp; Pressure Sensors\" \/>\n<meta property=\"article:modified_time\" content=\"2026-03-29T08:35:24+00:00\" \/>\n<meta property=\"og:image\" content=\"https:\/\/www.sj-gauge.com\/wp-content\/uploads\/2025\/11\/SJ-Gauge-pressure-gauge-metal-plastic-stub-pipe-1.jpg\" \/>\n\t<meta property=\"og:image:width\" content=\"1200\" \/>\n\t<meta property=\"og:image:height\" content=\"1000\" \/>\n\t<meta property=\"og:image:type\" content=\"image\/jpeg\" \/>\n<meta name=\"twitter:card\" content=\"summary_large_image\" \/>\n<meta name=\"twitter:label1\" content=\"Tiempo de lectura\" \/>\n\t<meta name=\"twitter:data1\" content=\"1 minuto\" \/>\n<script type=\"application\/ld+json\" class=\"yoast-schema-graph\">{\"@context\":\"https:\\\/\\\/schema.org\",\"@graph\":[{\"@type\":\"WebPage\",\"@id\":\"https:\\\/\\\/www.sj-gauge.com\\\/product\\\/diff-uslp\\\/\",\"url\":\"https:\\\/\\\/www.sj-gauge.com\\\/product\\\/diff-uslp\\\/\",\"name\":\"Corrosion-Resistant Diaphragm Seal\uff5cMetal Upper & Plastic Lower\uff5cSJ Gauge\",\"isPartOf\":{\"@id\":\"https:\\\/\\\/www.sj-gauge.com\\\/#website\"},\"primaryImageOfPage\":{\"@id\":\"https:\\\/\\\/www.sj-gauge.com\\\/product\\\/diff-uslp\\\/#primaryimage\"},\"image\":{\"@id\":\"https:\\\/\\\/www.sj-gauge.com\\\/product\\\/diff-uslp\\\/#primaryimage\"},\"thumbnailUrl\":\"https:\\\/\\\/www.sj-gauge.com\\\/wp-content\\\/uploads\\\/2025\\\/11\\\/SJ-Gauge-pressure-gauge-metal-plastic-stub-pipe-1.jpg\",\"datePublished\":\"2025-11-20T03:48:23+00:00\",\"dateModified\":\"2026-03-29T08:35:24+00:00\",\"description\":\"DIF-USLP diaphragm seal features a metal upper body with a plastic lower chamber, ideal for acidic or alkaline solutions in electroplating and chemical processing. Supporting ANSI\\\/JIS\\\/DIN standards, it offers excellent corrosion resistance for wastewater treatment\",\"breadcrumb\":{\"@id\":\"https:\\\/\\\/www.sj-gauge.com\\\/product\\\/diff-uslp\\\/#breadcrumb\"},\"inLanguage\":\"es\",\"potentialAction\":[{\"@type\":\"ReadAction\",\"target\":[\"https:\\\/\\\/www.sj-gauge.com\\\/product\\\/diff-uslp\\\/\"]}]},{\"@type\":\"ImageObject\",\"inLanguage\":\"es\",\"@id\":\"https:\\\/\\\/www.sj-gauge.com\\\/product\\\/diff-uslp\\\/#primaryimage\",\"url\":\"https:\\\/\\\/www.sj-gauge.com\\\/wp-content\\\/uploads\\\/2025\\\/11\\\/SJ-Gauge-pressure-gauge-metal-plastic-stub-pipe-1.jpg\",\"contentUrl\":\"https:\\\/\\\/www.sj-gauge.com\\\/wp-content\\\/uploads\\\/2025\\\/11\\\/SJ-Gauge-pressure-gauge-metal-plastic-stub-pipe-1.jpg\",\"width\":1200,\"height\":1000},{\"@type\":\"BreadcrumbList\",\"@id\":\"https:\\\/\\\/www.sj-gauge.com\\\/product\\\/diff-uslp\\\/#breadcrumb\",\"itemListElement\":[{\"@type\":\"ListItem\",\"position\":1,\"name\":\"Home\",\"item\":\"https:\\\/\\\/www.sj-gauge.com\\\/\"},{\"@type\":\"ListItem\",\"position\":2,\"name\":\"Products\",\"item\":\"https:\\\/\\\/www.sj-gauge.com\\\/products\\\/\"},{\"@type\":\"ListItem\",\"position\":3,\"name\":\"Flanged Connection with Stub Pipe, Upper Metal, Lower Plastic\"}]},{\"@type\":\"WebSite\",\"@id\":\"https:\\\/\\\/www.sj-gauge.com\\\/#website\",\"url\":\"https:\\\/\\\/www.sj-gauge.com\\\/\",\"name\":\"SJ Gauge | Pressure Gauges, Thermometers &amp; Pressure Sensors\",\"description\":\"Manufacturer of industrial pressure gauges, pressure sensors, and transmitters. SJ Gauge provides high accuracy, durable materials, and custom solutions for oil &amp; gas, chemical, and industrial applications.\",\"publisher\":{\"@id\":\"https:\\\/\\\/www.sj-gauge.com\\\/#organization\"},\"potentialAction\":[{\"@type\":\"SearchAction\",\"target\":{\"@type\":\"EntryPoint\",\"urlTemplate\":\"https:\\\/\\\/www.sj-gauge.com\\\/?s={search_term_string}\"},\"query-input\":{\"@type\":\"PropertyValueSpecification\",\"valueRequired\":true,\"valueName\":\"search_term_string\"}}],\"inLanguage\":\"es\"},{\"@type\":\"Organization\",\"@id\":\"https:\\\/\\\/www.sj-gauge.com\\\/#organization\",\"name\":\"SJ Gauge | Pressure Gauges, Thermometers &amp; Pressure Sensors\",\"url\":\"https:\\\/\\\/www.sj-gauge.com\\\/\",\"logo\":{\"@type\":\"ImageObject\",\"inLanguage\":\"es\",\"@id\":\"https:\\\/\\\/www.sj-gauge.com\\\/#\\\/schema\\\/logo\\\/image\\\/\",\"url\":\"https:\\\/\\\/www.sj-gauge.com\\\/wp-content\\\/uploads\\\/2025\\\/09\\\/logo.webp\",\"contentUrl\":\"https:\\\/\\\/www.sj-gauge.com\\\/wp-content\\\/uploads\\\/2025\\\/09\\\/logo.webp\",\"width\":348,\"height\":184,\"caption\":\"SJ Gauge | Pressure Gauges, Thermometers &amp; Pressure Sensors\"},\"image\":{\"@id\":\"https:\\\/\\\/www.sj-gauge.com\\\/#\\\/schema\\\/logo\\\/image\\\/\"}}]}<\/script>\n<!-- \/ Yoast SEO Premium plugin. -->","yoast_head_json":{"title":"Junta de diafragma resistente a la corrosi\u00f3n\uff5cSuperior met\u00e1lica e inferior de pl\u00e1stico\uff5cSJ Gauge","description":"La junta de diafragma DIF-USLP presenta un cuerpo superior met\u00e1lico con una c\u00e1mara inferior de pl\u00e1stico, ideal para soluciones \u00e1cidas o alcalinas en galvanoplastia y procesos qu\u00edmicos. Compatible con las normas ANSI\/JIS\/DIN, ofrece una excelente resistencia a la corrosi\u00f3n para el tratamiento de aguas residuales.","robots":{"index":"index","follow":"follow","max-snippet":"max-snippet:-1","max-image-preview":"max-image-preview:large","max-video-preview":"max-video-preview:-1"},"canonical":"https:\/\/www.sj-gauge.com\/es\/producto\/diff-uslp\/","og_locale":"es_ES","og_type":"article","og_title":"Flanged Connection with Stub Pipe, Upper Metal, Lower Plastic","og_description":"DIF-USLP diaphragm seal features a metal upper body with a plastic lower chamber, ideal for acidic or alkaline solutions in electroplating and chemical processing. Supporting ANSI\/JIS\/DIN standards, it offers excellent corrosion resistance for wastewater treatment","og_url":"https:\/\/www.sj-gauge.com\/es\/producto\/diff-uslp\/","og_site_name":"SJ Gauge | Pressure Gauges, Thermometers &amp; Pressure Sensors","article_modified_time":"2026-03-29T08:35:24+00:00","og_image":[{"width":1200,"height":1000,"url":"https:\/\/www.sj-gauge.com\/wp-content\/uploads\/2025\/11\/SJ-Gauge-pressure-gauge-metal-plastic-stub-pipe-1.jpg","type":"image\/jpeg"}],"twitter_card":"summary_large_image","twitter_misc":{"Tiempo de lectura":"1 minuto"},"schema":{"@context":"https:\/\/schema.org","@graph":[{"@type":"WebPage","@id":"https:\/\/www.sj-gauge.com\/product\/diff-uslp\/","url":"https:\/\/www.sj-gauge.com\/product\/diff-uslp\/","name":"Junta de diafragma resistente a la corrosi\u00f3n\uff5cSuperior met\u00e1lica e inferior de pl\u00e1stico\uff5cSJ Gauge","isPartOf":{"@id":"https:\/\/www.sj-gauge.com\/#website"},"primaryImageOfPage":{"@id":"https:\/\/www.sj-gauge.com\/product\/diff-uslp\/#primaryimage"},"image":{"@id":"https:\/\/www.sj-gauge.com\/product\/diff-uslp\/#primaryimage"},"thumbnailUrl":"https:\/\/www.sj-gauge.com\/wp-content\/uploads\/2025\/11\/SJ-Gauge-pressure-gauge-metal-plastic-stub-pipe-1.jpg","datePublished":"2025-11-20T03:48:23+00:00","dateModified":"2026-03-29T08:35:24+00:00","description":"La junta de diafragma DIF-USLP presenta un cuerpo superior met\u00e1lico con una c\u00e1mara inferior de pl\u00e1stico, ideal para soluciones \u00e1cidas o alcalinas en galvanoplastia y procesos qu\u00edmicos. Compatible con las normas ANSI\/JIS\/DIN, ofrece una excelente resistencia a la corrosi\u00f3n para el tratamiento de aguas residuales.","breadcrumb":{"@id":"https:\/\/www.sj-gauge.com\/product\/diff-uslp\/#breadcrumb"},"inLanguage":"es","potentialAction":[{"@type":"ReadAction","target":["https:\/\/www.sj-gauge.com\/product\/diff-uslp\/"]}]},{"@type":"ImageObject","inLanguage":"es","@id":"https:\/\/www.sj-gauge.com\/product\/diff-uslp\/#primaryimage","url":"https:\/\/www.sj-gauge.com\/wp-content\/uploads\/2025\/11\/SJ-Gauge-pressure-gauge-metal-plastic-stub-pipe-1.jpg","contentUrl":"https:\/\/www.sj-gauge.com\/wp-content\/uploads\/2025\/11\/SJ-Gauge-pressure-gauge-metal-plastic-stub-pipe-1.jpg","width":1200,"height":1000},{"@type":"BreadcrumbList","@id":"https:\/\/www.sj-gauge.com\/product\/diff-uslp\/#breadcrumb","itemListElement":[{"@type":"ListItem","position":1,"name":"Home","item":"https:\/\/www.sj-gauge.com\/"},{"@type":"ListItem","position":2,"name":"Products","item":"https:\/\/www.sj-gauge.com\/products\/"},{"@type":"ListItem","position":3,"name":"Flanged Connection with Stub Pipe, Upper Metal, Lower Plastic"}]},{"@type":"WebSite","@id":"https:\/\/www.sj-gauge.com\/#website","url":"https:\/\/www.sj-gauge.com\/","name":"SJ Gauge | Man\u00f3metros, term\u00f3metros y sensores de presi\u00f3n","description":"Fabricante de man\u00f3metros industriales, sensores de presi\u00f3n y transmisores. SJ Gauge ofrece alta precisi\u00f3n, materiales duraderos y soluciones personalizadas para aplicaciones de petr\u00f3leo y gas, qu\u00edmicas e industriales.","publisher":{"@id":"https:\/\/www.sj-gauge.com\/#organization"},"potentialAction":[{"@type":"SearchAction","target":{"@type":"EntryPoint","urlTemplate":"https:\/\/www.sj-gauge.com\/?s={search_term_string}"},"query-input":{"@type":"PropertyValueSpecification","valueRequired":true,"valueName":"search_term_string"}}],"inLanguage":"es"},{"@type":"Organization","@id":"https:\/\/www.sj-gauge.com\/#organization","name":"SJ Gauge | Man\u00f3metros, term\u00f3metros y sensores de presi\u00f3n","url":"https:\/\/www.sj-gauge.com\/","logo":{"@type":"ImageObject","inLanguage":"es","@id":"https:\/\/www.sj-gauge.com\/#\/schema\/logo\/image\/","url":"https:\/\/www.sj-gauge.com\/wp-content\/uploads\/2025\/09\/logo.webp","contentUrl":"https:\/\/www.sj-gauge.com\/wp-content\/uploads\/2025\/09\/logo.webp","width":348,"height":184,"caption":"SJ Gauge | Pressure Gauges, Thermometers &amp; Pressure Sensors"},"image":{"@id":"https:\/\/www.sj-gauge.com\/#\/schema\/logo\/image\/"}}]}},"_links":{"self":[{"href":"https:\/\/www.sj-gauge.com\/es\/wp-json\/wp\/v2\/product\/2004","targetHints":{"allow":["GET"]}}],"collection":[{"href":"https:\/\/www.sj-gauge.com\/es\/wp-json\/wp\/v2\/product"}],"about":[{"href":"https:\/\/www.sj-gauge.com\/es\/wp-json\/wp\/v2\/types\/product"}],"wp:featuredmedia":[{"embeddable":true,"href":"https:\/\/www.sj-gauge.com\/es\/wp-json\/wp\/v2\/media\/2007"}],"wp:attachment":[{"href":"https:\/\/www.sj-gauge.com\/es\/wp-json\/wp\/v2\/media?parent=2004"}],"wp:term":[{"taxonomy":"product_brand","embeddable":true,"href":"https:\/\/www.sj-gauge.com\/es\/wp-json\/wp\/v2\/product_brand?post=2004"},{"taxonomy":"product_cat","embeddable":true,"href":"https:\/\/www.sj-gauge.com\/es\/wp-json\/wp\/v2\/product_cat?post=2004"},{"taxonomy":"product_tag","embeddable":true,"href":"https:\/\/www.sj-gauge.com\/es\/wp-json\/wp\/v2\/product_tag?post=2004"}],"curies":[{"name":"wp","href":"https:\/\/api.w.org\/{rel}","templated":true}]}}