{"id":2012,"date":"2025-11-20T13:33:07","date_gmt":"2025-11-20T05:33:07","guid":{"rendered":"https:\/\/sj-gauge.com\/?post_type=product&#038;p=2012"},"modified":"2026-03-29T16:17:40","modified_gmt":"2026-03-29T08:17:40","slug":"dihi","status":"publish","type":"product","link":"https:\/\/www.sj-gauge.com\/es\/producto\/dihi\/","title":{"rendered":"Junta de diafragma para fusi\u00f3n a alta temperatura"},"content":{"rendered":"<p>La junta de diafragma de fusi\u00f3n de alta temperatura DIHI est\u00e1 dise\u00f1ada para medir medios de proceso fundidos y a alta temperatura, como pl\u00e1sticos, fibras sint\u00e9ticas y productos qu\u00edmicos. Construido con un cuerpo y un diafragma de acero inoxidable 316L, soporta temperaturas de hasta 330\u00b0C manteniendo una transmisi\u00f3n de presi\u00f3n estable y precisa. Est\u00e1 disponible con un v\u00e1stago r\u00edgido o un dise\u00f1o de capilar extendido, lo que lo hace ideal para aplicaciones que requieren una indicaci\u00f3n de presi\u00f3n remota. Compatible con man\u00f3metros y transmisores, el DIHI se utiliza ampliamente en extrusi\u00f3n de pl\u00e1sticos, procesamiento qu\u00edmico y producci\u00f3n de fibras, ofreciendo una soluci\u00f3n fiable y duradera para la medici\u00f3n de presi\u00f3n a temperaturas extremas.<\/p>","protected":false},"excerpt":{"rendered":"<ul>\n<li>Se utiliza para medir medios de proceso en estado fundido<\/li>\n<li>Se puede seleccionar un capilar, adecuado para la observaci\u00f3n a distancia<\/li>\n<li>Ampliamente utilizado en las industrias de productos qu\u00edmicos sint\u00e9ticos, fibras sint\u00e9ticas y pl\u00e1sticos.<\/li>\n<\/ul>","protected":false},"featured_media":2015,"template":"","meta":{"_acf_changed":false},"product_brand":[40],"product_cat":[21,41],"product_tag":[],"class_list":{"0":"post-2012","1":"product","2":"type-product","3":"status-publish","4":"has-post-thumbnail","6":"product_brand-sj-gauge","7":"product_cat-diaphragm-seal","8":"product_cat-pressure-instruments","10":"first","11":"instock","12":"shipping-taxable","13":"product-type-simple"},"acf":[],"yoast_head":"<!-- This site is optimized with the Yoast SEO Premium plugin v26.7 (Yoast SEO v27.4) - https:\/\/yoast.com\/product\/yoast-seo-premium-wordpress\/ -->\n<title>Diaphragm Seal for Molten State Process Media (DIHI)\uff5cSJ Gauge<\/title>\n<meta name=\"description\" content=\"DIHI offers a durable solution for extreme-temperature pressure measurement. Compatible with gauges and transmitters, it is widely used in plastic extrusion and fiber production. Features capillary options for flexible remote observation and stable performance\" \/>\n<meta name=\"robots\" content=\"index, follow, max-snippet:-1, max-image-preview:large, max-video-preview:-1\" \/>\n<link rel=\"canonical\" href=\"https:\/\/www.sj-gauge.com\/es\/producto\/dihi\/\" \/>\n<meta property=\"og:locale\" content=\"es_ES\" \/>\n<meta property=\"og:type\" content=\"article\" \/>\n<meta property=\"og:title\" content=\"Diaphragm Seal for Melting High Temperature\" \/>\n<meta property=\"og:description\" content=\"DIHI offers a durable solution for extreme-temperature pressure measurement. Compatible with gauges and transmitters, it is widely used in plastic extrusion and fiber production. Features capillary options for flexible remote observation and stable performance\" \/>\n<meta property=\"og:url\" content=\"https:\/\/www.sj-gauge.com\/es\/producto\/dihi\/\" \/>\n<meta property=\"og:site_name\" content=\"SJ Gauge | Pressure Gauges, Thermometers &amp; Pressure Sensors\" \/>\n<meta property=\"article:modified_time\" content=\"2026-03-29T08:17:40+00:00\" \/>\n<meta property=\"og:image\" content=\"https:\/\/www.sj-gauge.com\/wp-content\/uploads\/2025\/11\/01_SJ-Gauge_Diaphragm_Seal_for_Melting_High_Temperature.jpg\" \/>\n\t<meta property=\"og:image:width\" content=\"458\" \/>\n\t<meta property=\"og:image:height\" content=\"386\" \/>\n\t<meta property=\"og:image:type\" content=\"image\/jpeg\" \/>\n<meta name=\"twitter:card\" content=\"summary_large_image\" \/>\n<meta name=\"twitter:label1\" content=\"Tiempo de lectura\" \/>\n\t<meta name=\"twitter:data1\" content=\"1 minuto\" \/>\n<script type=\"application\/ld+json\" class=\"yoast-schema-graph\">{\"@context\":\"https:\\\/\\\/schema.org\",\"@graph\":[{\"@type\":\"WebPage\",\"@id\":\"https:\\\/\\\/www.sj-gauge.com\\\/product\\\/dihi\\\/\",\"url\":\"https:\\\/\\\/www.sj-gauge.com\\\/product\\\/dihi\\\/\",\"name\":\"Diaphragm Seal for Molten State Process Media (DIHI)\uff5cSJ Gauge\",\"isPartOf\":{\"@id\":\"https:\\\/\\\/www.sj-gauge.com\\\/#website\"},\"primaryImageOfPage\":{\"@id\":\"https:\\\/\\\/www.sj-gauge.com\\\/product\\\/dihi\\\/#primaryimage\"},\"image\":{\"@id\":\"https:\\\/\\\/www.sj-gauge.com\\\/product\\\/dihi\\\/#primaryimage\"},\"thumbnailUrl\":\"https:\\\/\\\/www.sj-gauge.com\\\/wp-content\\\/uploads\\\/2025\\\/11\\\/01_SJ-Gauge_Diaphragm_Seal_for_Melting_High_Temperature.jpg\",\"datePublished\":\"2025-11-20T05:33:07+00:00\",\"dateModified\":\"2026-03-29T08:17:40+00:00\",\"description\":\"DIHI offers a durable solution for extreme-temperature pressure measurement. Compatible with gauges and transmitters, it is widely used in plastic extrusion and fiber production. Features capillary options for flexible remote observation and stable performance\",\"breadcrumb\":{\"@id\":\"https:\\\/\\\/www.sj-gauge.com\\\/product\\\/dihi\\\/#breadcrumb\"},\"inLanguage\":\"es\",\"potentialAction\":[{\"@type\":\"ReadAction\",\"target\":[\"https:\\\/\\\/www.sj-gauge.com\\\/product\\\/dihi\\\/\"]}]},{\"@type\":\"ImageObject\",\"inLanguage\":\"es\",\"@id\":\"https:\\\/\\\/www.sj-gauge.com\\\/product\\\/dihi\\\/#primaryimage\",\"url\":\"https:\\\/\\\/www.sj-gauge.com\\\/wp-content\\\/uploads\\\/2025\\\/11\\\/01_SJ-Gauge_Diaphragm_Seal_for_Melting_High_Temperature.jpg\",\"contentUrl\":\"https:\\\/\\\/www.sj-gauge.com\\\/wp-content\\\/uploads\\\/2025\\\/11\\\/01_SJ-Gauge_Diaphragm_Seal_for_Melting_High_Temperature.jpg\",\"width\":458,\"height\":386},{\"@type\":\"BreadcrumbList\",\"@id\":\"https:\\\/\\\/www.sj-gauge.com\\\/product\\\/dihi\\\/#breadcrumb\",\"itemListElement\":[{\"@type\":\"ListItem\",\"position\":1,\"name\":\"Home\",\"item\":\"https:\\\/\\\/www.sj-gauge.com\\\/\"},{\"@type\":\"ListItem\",\"position\":2,\"name\":\"Products\",\"item\":\"https:\\\/\\\/www.sj-gauge.com\\\/products\\\/\"},{\"@type\":\"ListItem\",\"position\":3,\"name\":\"Diaphragm Seal for Melting High Temperature\"}]},{\"@type\":\"WebSite\",\"@id\":\"https:\\\/\\\/www.sj-gauge.com\\\/#website\",\"url\":\"https:\\\/\\\/www.sj-gauge.com\\\/\",\"name\":\"SJ Gauge | Pressure Gauges, Thermometers &amp; Pressure Sensors\",\"description\":\"Manufacturer of industrial pressure gauges, pressure sensors, and transmitters. SJ Gauge provides high accuracy, durable materials, and custom solutions for oil &amp; gas, chemical, and industrial applications.\",\"publisher\":{\"@id\":\"https:\\\/\\\/www.sj-gauge.com\\\/#organization\"},\"potentialAction\":[{\"@type\":\"SearchAction\",\"target\":{\"@type\":\"EntryPoint\",\"urlTemplate\":\"https:\\\/\\\/www.sj-gauge.com\\\/?s={search_term_string}\"},\"query-input\":{\"@type\":\"PropertyValueSpecification\",\"valueRequired\":true,\"valueName\":\"search_term_string\"}}],\"inLanguage\":\"es\"},{\"@type\":\"Organization\",\"@id\":\"https:\\\/\\\/www.sj-gauge.com\\\/#organization\",\"name\":\"SJ Gauge | Pressure Gauges, Thermometers &amp; Pressure Sensors\",\"url\":\"https:\\\/\\\/www.sj-gauge.com\\\/\",\"logo\":{\"@type\":\"ImageObject\",\"inLanguage\":\"es\",\"@id\":\"https:\\\/\\\/www.sj-gauge.com\\\/#\\\/schema\\\/logo\\\/image\\\/\",\"url\":\"https:\\\/\\\/www.sj-gauge.com\\\/wp-content\\\/uploads\\\/2025\\\/09\\\/logo.webp\",\"contentUrl\":\"https:\\\/\\\/www.sj-gauge.com\\\/wp-content\\\/uploads\\\/2025\\\/09\\\/logo.webp\",\"width\":348,\"height\":184,\"caption\":\"SJ Gauge | Pressure Gauges, Thermometers &amp; Pressure Sensors\"},\"image\":{\"@id\":\"https:\\\/\\\/www.sj-gauge.com\\\/#\\\/schema\\\/logo\\\/image\\\/\"}}]}<\/script>\n<!-- \/ Yoast SEO Premium plugin. -->","yoast_head_json":{"title":"Sello de diafragma para medios de proceso en estado fundido (DIHI)\uff5cSJ Gauge","description":"DIHI ofrece una soluci\u00f3n duradera para la medici\u00f3n de la presi\u00f3n a temperaturas extremas. Compatible con man\u00f3metros y transmisores, se utiliza ampliamente en la extrusi\u00f3n de pl\u00e1sticos y la producci\u00f3n de fibras. Dispone de opciones capilares para una observaci\u00f3n remota flexible y un rendimiento estable.","robots":{"index":"index","follow":"follow","max-snippet":"max-snippet:-1","max-image-preview":"max-image-preview:large","max-video-preview":"max-video-preview:-1"},"canonical":"https:\/\/www.sj-gauge.com\/es\/producto\/dihi\/","og_locale":"es_ES","og_type":"article","og_title":"Diaphragm Seal for Melting High Temperature","og_description":"DIHI offers a durable solution for extreme-temperature pressure measurement. Compatible with gauges and transmitters, it is widely used in plastic extrusion and fiber production. Features capillary options for flexible remote observation and stable performance","og_url":"https:\/\/www.sj-gauge.com\/es\/producto\/dihi\/","og_site_name":"SJ Gauge | Pressure Gauges, Thermometers &amp; Pressure Sensors","article_modified_time":"2026-03-29T08:17:40+00:00","og_image":[{"width":458,"height":386,"url":"https:\/\/www.sj-gauge.com\/wp-content\/uploads\/2025\/11\/01_SJ-Gauge_Diaphragm_Seal_for_Melting_High_Temperature.jpg","type":"image\/jpeg"}],"twitter_card":"summary_large_image","twitter_misc":{"Tiempo de lectura":"1 minuto"},"schema":{"@context":"https:\/\/schema.org","@graph":[{"@type":"WebPage","@id":"https:\/\/www.sj-gauge.com\/product\/dihi\/","url":"https:\/\/www.sj-gauge.com\/product\/dihi\/","name":"Sello de diafragma para medios de proceso en estado fundido (DIHI)\uff5cSJ Gauge","isPartOf":{"@id":"https:\/\/www.sj-gauge.com\/#website"},"primaryImageOfPage":{"@id":"https:\/\/www.sj-gauge.com\/product\/dihi\/#primaryimage"},"image":{"@id":"https:\/\/www.sj-gauge.com\/product\/dihi\/#primaryimage"},"thumbnailUrl":"https:\/\/www.sj-gauge.com\/wp-content\/uploads\/2025\/11\/01_SJ-Gauge_Diaphragm_Seal_for_Melting_High_Temperature.jpg","datePublished":"2025-11-20T05:33:07+00:00","dateModified":"2026-03-29T08:17:40+00:00","description":"DIHI ofrece una soluci\u00f3n duradera para la medici\u00f3n de la presi\u00f3n a temperaturas extremas. Compatible con man\u00f3metros y transmisores, se utiliza ampliamente en la extrusi\u00f3n de pl\u00e1sticos y la producci\u00f3n de fibras. Dispone de opciones capilares para una observaci\u00f3n remota flexible y un rendimiento estable.","breadcrumb":{"@id":"https:\/\/www.sj-gauge.com\/product\/dihi\/#breadcrumb"},"inLanguage":"es","potentialAction":[{"@type":"ReadAction","target":["https:\/\/www.sj-gauge.com\/product\/dihi\/"]}]},{"@type":"ImageObject","inLanguage":"es","@id":"https:\/\/www.sj-gauge.com\/product\/dihi\/#primaryimage","url":"https:\/\/www.sj-gauge.com\/wp-content\/uploads\/2025\/11\/01_SJ-Gauge_Diaphragm_Seal_for_Melting_High_Temperature.jpg","contentUrl":"https:\/\/www.sj-gauge.com\/wp-content\/uploads\/2025\/11\/01_SJ-Gauge_Diaphragm_Seal_for_Melting_High_Temperature.jpg","width":458,"height":386},{"@type":"BreadcrumbList","@id":"https:\/\/www.sj-gauge.com\/product\/dihi\/#breadcrumb","itemListElement":[{"@type":"ListItem","position":1,"name":"Home","item":"https:\/\/www.sj-gauge.com\/"},{"@type":"ListItem","position":2,"name":"Products","item":"https:\/\/www.sj-gauge.com\/products\/"},{"@type":"ListItem","position":3,"name":"Diaphragm Seal for Melting High Temperature"}]},{"@type":"WebSite","@id":"https:\/\/www.sj-gauge.com\/#website","url":"https:\/\/www.sj-gauge.com\/","name":"SJ Gauge | Man\u00f3metros, term\u00f3metros y sensores de presi\u00f3n","description":"Fabricante de man\u00f3metros industriales, sensores de presi\u00f3n y transmisores. SJ Gauge ofrece alta precisi\u00f3n, materiales duraderos y soluciones personalizadas para aplicaciones de petr\u00f3leo y gas, qu\u00edmicas e industriales.","publisher":{"@id":"https:\/\/www.sj-gauge.com\/#organization"},"potentialAction":[{"@type":"SearchAction","target":{"@type":"EntryPoint","urlTemplate":"https:\/\/www.sj-gauge.com\/?s={search_term_string}"},"query-input":{"@type":"PropertyValueSpecification","valueRequired":true,"valueName":"search_term_string"}}],"inLanguage":"es"},{"@type":"Organization","@id":"https:\/\/www.sj-gauge.com\/#organization","name":"SJ Gauge | Man\u00f3metros, term\u00f3metros y sensores de presi\u00f3n","url":"https:\/\/www.sj-gauge.com\/","logo":{"@type":"ImageObject","inLanguage":"es","@id":"https:\/\/www.sj-gauge.com\/#\/schema\/logo\/image\/","url":"https:\/\/www.sj-gauge.com\/wp-content\/uploads\/2025\/09\/logo.webp","contentUrl":"https:\/\/www.sj-gauge.com\/wp-content\/uploads\/2025\/09\/logo.webp","width":348,"height":184,"caption":"SJ Gauge | Pressure Gauges, Thermometers &amp; Pressure Sensors"},"image":{"@id":"https:\/\/www.sj-gauge.com\/#\/schema\/logo\/image\/"}}]}},"_links":{"self":[{"href":"https:\/\/www.sj-gauge.com\/es\/wp-json\/wp\/v2\/product\/2012","targetHints":{"allow":["GET"]}}],"collection":[{"href":"https:\/\/www.sj-gauge.com\/es\/wp-json\/wp\/v2\/product"}],"about":[{"href":"https:\/\/www.sj-gauge.com\/es\/wp-json\/wp\/v2\/types\/product"}],"wp:featuredmedia":[{"embeddable":true,"href":"https:\/\/www.sj-gauge.com\/es\/wp-json\/wp\/v2\/media\/2015"}],"wp:attachment":[{"href":"https:\/\/www.sj-gauge.com\/es\/wp-json\/wp\/v2\/media?parent=2012"}],"wp:term":[{"taxonomy":"product_brand","embeddable":true,"href":"https:\/\/www.sj-gauge.com\/es\/wp-json\/wp\/v2\/product_brand?post=2012"},{"taxonomy":"product_cat","embeddable":true,"href":"https:\/\/www.sj-gauge.com\/es\/wp-json\/wp\/v2\/product_cat?post=2012"},{"taxonomy":"product_tag","embeddable":true,"href":"https:\/\/www.sj-gauge.com\/es\/wp-json\/wp\/v2\/product_tag?post=2012"}],"curies":[{"name":"wp","href":"https:\/\/api.w.org\/{rel}","templated":true}]}}