{"id":2016,"date":"2025-11-20T13:42:04","date_gmt":"2025-11-20T05:42:04","guid":{"rendered":"https:\/\/sj-gauge.com\/?post_type=product&#038;p=2016"},"modified":"2026-03-29T16:15:57","modified_gmt":"2026-03-29T08:15:57","slug":"dit-cs","status":"publish","type":"product","link":"https:\/\/www.sj-gauge.com\/es\/producto\/dit-cs\/","title":{"rendered":"Sello de diafragma de tres abrazaderas para soldar para conexiones de tuber\u00edas de peque\u00f1o tama\u00f1o"},"content":{"rendered":"<p>La junta de diafragma DIT-CS Tri-Clamp est\u00e1 dise\u00f1ada para conexiones de tuber\u00edas de peque\u00f1o di\u00e1metro. Al ampliar el \u00e1rea superior del asiento y el diafragma, garantiza una transmisi\u00f3n precisa de la presi\u00f3n incluso en espacios de instalaci\u00f3n compactos. Admite diafragmas de 70 mm y 90 mm y se adapta a varios tama\u00f1os de tuber\u00edas, como 1\/2\u2033, 3\/4\u2033, 1\u2033 y 1,5\u2033. Disponible en materiales como 304 SS, 316L SS y Hastelloy C276, el DIT-CS es ideal para procesos qu\u00edmicos, equipos petroqu\u00edmicos, tratamiento de aguas residuales y fabricaci\u00f3n de papel, aplicaciones que requieren resistencia a la corrosi\u00f3n y una medici\u00f3n estable. Dispone de accesorios opcionales como abrazaderas, juntas y casquillos, junto con configuraciones de puerto soldado o empotrado, lo que lo convierte en una soluci\u00f3n sanitaria fiable y f\u00e1cil de instalar para peque\u00f1os sistemas de tuber\u00edas.<\/p>","protected":false},"excerpt":{"rendered":"<ul>\n<li>Dise\u00f1o especial para conexiones de tuber\u00edas de peque\u00f1o tama\u00f1o<\/li>\n<li>La ampliaci\u00f3n del asiento superior y el diafragma puede garantizar la precisi\u00f3n y adaptarse a diferentes conexiones de tuber\u00edas<\/li>\n<li>Ideal para industrias como la petroqu\u00edmica, la construcci\u00f3n de equipos qu\u00edmicos, el tratamiento de aguas residuales, el papel, etc.<\/li>\n<\/ul>","protected":false},"featured_media":2020,"template":"","meta":{"_acf_changed":false},"product_brand":[40],"product_cat":[21,41],"product_tag":[],"class_list":{"0":"post-2016","1":"product","2":"type-product","3":"status-publish","4":"has-post-thumbnail","6":"product_brand-sj-gauge","7":"product_cat-diaphragm-seal","8":"product_cat-pressure-instruments","10":"first","11":"instock","12":"shipping-taxable","13":"product-type-simple"},"acf":[],"yoast_head":"<!-- This site is optimized with the Yoast SEO Premium plugin v26.7 (Yoast SEO v27.4) - https:\/\/yoast.com\/product\/yoast-seo-premium-wordpress\/ -->\n<title>Welding Tri-Clamp Diaphragm Seal for Small-size Pipelines\uff5cSJ Gauge<\/title>\n<meta name=\"description\" content=\"DIT-CS Tri-Clamp diaphragm seal is engineered for small-diameter pipelines. By enlarging the diaphragm area, it ensures accurate pressure transmission in compact spaces. Ideal for petrochemical and wastewater treatment applications\" \/>\n<meta name=\"robots\" content=\"index, follow, max-snippet:-1, max-image-preview:large, max-video-preview:-1\" \/>\n<link rel=\"canonical\" href=\"https:\/\/www.sj-gauge.com\/es\/producto\/dit-cs\/\" \/>\n<meta property=\"og:locale\" content=\"es_ES\" \/>\n<meta property=\"og:type\" content=\"article\" \/>\n<meta property=\"og:title\" content=\"Welding Tri-Clamp Diaphragm Seal for Small-size Pipeline Connections\" \/>\n<meta property=\"og:description\" content=\"DIT-CS Tri-Clamp diaphragm seal is engineered for small-diameter pipelines. By enlarging the diaphragm area, it ensures accurate pressure transmission in compact spaces. Ideal for petrochemical and wastewater treatment applications\" \/>\n<meta property=\"og:url\" content=\"https:\/\/www.sj-gauge.com\/es\/producto\/dit-cs\/\" \/>\n<meta property=\"og:site_name\" content=\"SJ Gauge | Pressure Gauges, Thermometers &amp; Pressure Sensors\" \/>\n<meta property=\"article:modified_time\" content=\"2026-03-29T08:15:57+00:00\" \/>\n<meta property=\"og:image\" content=\"https:\/\/www.sj-gauge.com\/wp-content\/uploads\/2025\/11\/01_SJ_Tri-Clamp_Diaphragm_Seal_for_Small-size_Pipeline_Connections.jpg\" \/>\n\t<meta property=\"og:image:width\" content=\"458\" \/>\n\t<meta property=\"og:image:height\" content=\"386\" \/>\n\t<meta property=\"og:image:type\" content=\"image\/jpeg\" \/>\n<meta name=\"twitter:card\" content=\"summary_large_image\" \/>\n<meta name=\"twitter:label1\" content=\"Tiempo de lectura\" \/>\n\t<meta name=\"twitter:data1\" content=\"1 minuto\" \/>\n<script type=\"application\/ld+json\" class=\"yoast-schema-graph\">{\"@context\":\"https:\\\/\\\/schema.org\",\"@graph\":[{\"@type\":\"WebPage\",\"@id\":\"https:\\\/\\\/www.sj-gauge.com\\\/product\\\/dit-cs\\\/\",\"url\":\"https:\\\/\\\/www.sj-gauge.com\\\/product\\\/dit-cs\\\/\",\"name\":\"Welding Tri-Clamp Diaphragm Seal for Small-size Pipelines\uff5cSJ Gauge\",\"isPartOf\":{\"@id\":\"https:\\\/\\\/www.sj-gauge.com\\\/#website\"},\"primaryImageOfPage\":{\"@id\":\"https:\\\/\\\/www.sj-gauge.com\\\/product\\\/dit-cs\\\/#primaryimage\"},\"image\":{\"@id\":\"https:\\\/\\\/www.sj-gauge.com\\\/product\\\/dit-cs\\\/#primaryimage\"},\"thumbnailUrl\":\"https:\\\/\\\/www.sj-gauge.com\\\/wp-content\\\/uploads\\\/2025\\\/11\\\/01_SJ_Tri-Clamp_Diaphragm_Seal_for_Small-size_Pipeline_Connections.jpg\",\"datePublished\":\"2025-11-20T05:42:04+00:00\",\"dateModified\":\"2026-03-29T08:15:57+00:00\",\"description\":\"DIT-CS Tri-Clamp diaphragm seal is engineered for small-diameter pipelines. By enlarging the diaphragm area, it ensures accurate pressure transmission in compact spaces. Ideal for petrochemical and wastewater treatment applications\",\"breadcrumb\":{\"@id\":\"https:\\\/\\\/www.sj-gauge.com\\\/product\\\/dit-cs\\\/#breadcrumb\"},\"inLanguage\":\"es\",\"potentialAction\":[{\"@type\":\"ReadAction\",\"target\":[\"https:\\\/\\\/www.sj-gauge.com\\\/product\\\/dit-cs\\\/\"]}]},{\"@type\":\"ImageObject\",\"inLanguage\":\"es\",\"@id\":\"https:\\\/\\\/www.sj-gauge.com\\\/product\\\/dit-cs\\\/#primaryimage\",\"url\":\"https:\\\/\\\/www.sj-gauge.com\\\/wp-content\\\/uploads\\\/2025\\\/11\\\/01_SJ_Tri-Clamp_Diaphragm_Seal_for_Small-size_Pipeline_Connections.jpg\",\"contentUrl\":\"https:\\\/\\\/www.sj-gauge.com\\\/wp-content\\\/uploads\\\/2025\\\/11\\\/01_SJ_Tri-Clamp_Diaphragm_Seal_for_Small-size_Pipeline_Connections.jpg\",\"width\":458,\"height\":386},{\"@type\":\"BreadcrumbList\",\"@id\":\"https:\\\/\\\/www.sj-gauge.com\\\/product\\\/dit-cs\\\/#breadcrumb\",\"itemListElement\":[{\"@type\":\"ListItem\",\"position\":1,\"name\":\"Home\",\"item\":\"https:\\\/\\\/www.sj-gauge.com\\\/\"},{\"@type\":\"ListItem\",\"position\":2,\"name\":\"Products\",\"item\":\"https:\\\/\\\/www.sj-gauge.com\\\/products\\\/\"},{\"@type\":\"ListItem\",\"position\":3,\"name\":\"Welding Tri-Clamp Diaphragm Seal for Small-size Pipeline Connections\"}]},{\"@type\":\"WebSite\",\"@id\":\"https:\\\/\\\/www.sj-gauge.com\\\/#website\",\"url\":\"https:\\\/\\\/www.sj-gauge.com\\\/\",\"name\":\"SJ Gauge | Pressure Gauges, Thermometers &amp; Pressure Sensors\",\"description\":\"Manufacturer of industrial pressure gauges, pressure sensors, and transmitters. SJ Gauge provides high accuracy, durable materials, and custom solutions for oil &amp; gas, chemical, and industrial applications.\",\"publisher\":{\"@id\":\"https:\\\/\\\/www.sj-gauge.com\\\/#organization\"},\"potentialAction\":[{\"@type\":\"SearchAction\",\"target\":{\"@type\":\"EntryPoint\",\"urlTemplate\":\"https:\\\/\\\/www.sj-gauge.com\\\/?s={search_term_string}\"},\"query-input\":{\"@type\":\"PropertyValueSpecification\",\"valueRequired\":true,\"valueName\":\"search_term_string\"}}],\"inLanguage\":\"es\"},{\"@type\":\"Organization\",\"@id\":\"https:\\\/\\\/www.sj-gauge.com\\\/#organization\",\"name\":\"SJ Gauge | Pressure Gauges, Thermometers &amp; Pressure Sensors\",\"url\":\"https:\\\/\\\/www.sj-gauge.com\\\/\",\"logo\":{\"@type\":\"ImageObject\",\"inLanguage\":\"es\",\"@id\":\"https:\\\/\\\/www.sj-gauge.com\\\/#\\\/schema\\\/logo\\\/image\\\/\",\"url\":\"https:\\\/\\\/www.sj-gauge.com\\\/wp-content\\\/uploads\\\/2025\\\/09\\\/logo.webp\",\"contentUrl\":\"https:\\\/\\\/www.sj-gauge.com\\\/wp-content\\\/uploads\\\/2025\\\/09\\\/logo.webp\",\"width\":348,\"height\":184,\"caption\":\"SJ Gauge | Pressure Gauges, Thermometers &amp; Pressure Sensors\"},\"image\":{\"@id\":\"https:\\\/\\\/www.sj-gauge.com\\\/#\\\/schema\\\/logo\\\/image\\\/\"}}]}<\/script>\n<!-- \/ Yoast SEO Premium plugin. -->","yoast_head_json":{"title":"Sello de diafragma de triple abrazadera soldable para tuber\u00edas de peque\u00f1o tama\u00f1o\uff5cSJ Gauge","description":"La junta de diafragma DIT-CS Tri-Clamp est\u00e1 dise\u00f1ada para tuber\u00edas de peque\u00f1o di\u00e1metro. Al ampliar el \u00e1rea del diafragma, garantiza una transmisi\u00f3n precisa de la presi\u00f3n en espacios compactos. Ideal para aplicaciones petroqu\u00edmicas y de tratamiento de aguas residuales.","robots":{"index":"index","follow":"follow","max-snippet":"max-snippet:-1","max-image-preview":"max-image-preview:large","max-video-preview":"max-video-preview:-1"},"canonical":"https:\/\/www.sj-gauge.com\/es\/producto\/dit-cs\/","og_locale":"es_ES","og_type":"article","og_title":"Welding Tri-Clamp Diaphragm Seal for Small-size Pipeline Connections","og_description":"DIT-CS Tri-Clamp diaphragm seal is engineered for small-diameter pipelines. By enlarging the diaphragm area, it ensures accurate pressure transmission in compact spaces. Ideal for petrochemical and wastewater treatment applications","og_url":"https:\/\/www.sj-gauge.com\/es\/producto\/dit-cs\/","og_site_name":"SJ Gauge | Pressure Gauges, Thermometers &amp; Pressure Sensors","article_modified_time":"2026-03-29T08:15:57+00:00","og_image":[{"width":458,"height":386,"url":"https:\/\/www.sj-gauge.com\/wp-content\/uploads\/2025\/11\/01_SJ_Tri-Clamp_Diaphragm_Seal_for_Small-size_Pipeline_Connections.jpg","type":"image\/jpeg"}],"twitter_card":"summary_large_image","twitter_misc":{"Tiempo de lectura":"1 minuto"},"schema":{"@context":"https:\/\/schema.org","@graph":[{"@type":"WebPage","@id":"https:\/\/www.sj-gauge.com\/product\/dit-cs\/","url":"https:\/\/www.sj-gauge.com\/product\/dit-cs\/","name":"Sello de diafragma de triple abrazadera soldable para tuber\u00edas de peque\u00f1o tama\u00f1o\uff5cSJ Gauge","isPartOf":{"@id":"https:\/\/www.sj-gauge.com\/#website"},"primaryImageOfPage":{"@id":"https:\/\/www.sj-gauge.com\/product\/dit-cs\/#primaryimage"},"image":{"@id":"https:\/\/www.sj-gauge.com\/product\/dit-cs\/#primaryimage"},"thumbnailUrl":"https:\/\/www.sj-gauge.com\/wp-content\/uploads\/2025\/11\/01_SJ_Tri-Clamp_Diaphragm_Seal_for_Small-size_Pipeline_Connections.jpg","datePublished":"2025-11-20T05:42:04+00:00","dateModified":"2026-03-29T08:15:57+00:00","description":"La junta de diafragma DIT-CS Tri-Clamp est\u00e1 dise\u00f1ada para tuber\u00edas de peque\u00f1o di\u00e1metro. Al ampliar el \u00e1rea del diafragma, garantiza una transmisi\u00f3n precisa de la presi\u00f3n en espacios compactos. Ideal para aplicaciones petroqu\u00edmicas y de tratamiento de aguas residuales.","breadcrumb":{"@id":"https:\/\/www.sj-gauge.com\/product\/dit-cs\/#breadcrumb"},"inLanguage":"es","potentialAction":[{"@type":"ReadAction","target":["https:\/\/www.sj-gauge.com\/product\/dit-cs\/"]}]},{"@type":"ImageObject","inLanguage":"es","@id":"https:\/\/www.sj-gauge.com\/product\/dit-cs\/#primaryimage","url":"https:\/\/www.sj-gauge.com\/wp-content\/uploads\/2025\/11\/01_SJ_Tri-Clamp_Diaphragm_Seal_for_Small-size_Pipeline_Connections.jpg","contentUrl":"https:\/\/www.sj-gauge.com\/wp-content\/uploads\/2025\/11\/01_SJ_Tri-Clamp_Diaphragm_Seal_for_Small-size_Pipeline_Connections.jpg","width":458,"height":386},{"@type":"BreadcrumbList","@id":"https:\/\/www.sj-gauge.com\/product\/dit-cs\/#breadcrumb","itemListElement":[{"@type":"ListItem","position":1,"name":"Home","item":"https:\/\/www.sj-gauge.com\/"},{"@type":"ListItem","position":2,"name":"Products","item":"https:\/\/www.sj-gauge.com\/products\/"},{"@type":"ListItem","position":3,"name":"Welding Tri-Clamp Diaphragm Seal for Small-size Pipeline Connections"}]},{"@type":"WebSite","@id":"https:\/\/www.sj-gauge.com\/#website","url":"https:\/\/www.sj-gauge.com\/","name":"SJ Gauge | Man\u00f3metros, term\u00f3metros y sensores de presi\u00f3n","description":"Fabricante de man\u00f3metros industriales, sensores de presi\u00f3n y transmisores. SJ Gauge ofrece alta precisi\u00f3n, materiales duraderos y soluciones personalizadas para aplicaciones de petr\u00f3leo y gas, qu\u00edmicas e industriales.","publisher":{"@id":"https:\/\/www.sj-gauge.com\/#organization"},"potentialAction":[{"@type":"SearchAction","target":{"@type":"EntryPoint","urlTemplate":"https:\/\/www.sj-gauge.com\/?s={search_term_string}"},"query-input":{"@type":"PropertyValueSpecification","valueRequired":true,"valueName":"search_term_string"}}],"inLanguage":"es"},{"@type":"Organization","@id":"https:\/\/www.sj-gauge.com\/#organization","name":"SJ Gauge | Man\u00f3metros, term\u00f3metros y sensores de presi\u00f3n","url":"https:\/\/www.sj-gauge.com\/","logo":{"@type":"ImageObject","inLanguage":"es","@id":"https:\/\/www.sj-gauge.com\/#\/schema\/logo\/image\/","url":"https:\/\/www.sj-gauge.com\/wp-content\/uploads\/2025\/09\/logo.webp","contentUrl":"https:\/\/www.sj-gauge.com\/wp-content\/uploads\/2025\/09\/logo.webp","width":348,"height":184,"caption":"SJ Gauge | Pressure Gauges, Thermometers &amp; Pressure Sensors"},"image":{"@id":"https:\/\/www.sj-gauge.com\/#\/schema\/logo\/image\/"}}]}},"_links":{"self":[{"href":"https:\/\/www.sj-gauge.com\/es\/wp-json\/wp\/v2\/product\/2016","targetHints":{"allow":["GET"]}}],"collection":[{"href":"https:\/\/www.sj-gauge.com\/es\/wp-json\/wp\/v2\/product"}],"about":[{"href":"https:\/\/www.sj-gauge.com\/es\/wp-json\/wp\/v2\/types\/product"}],"wp:featuredmedia":[{"embeddable":true,"href":"https:\/\/www.sj-gauge.com\/es\/wp-json\/wp\/v2\/media\/2020"}],"wp:attachment":[{"href":"https:\/\/www.sj-gauge.com\/es\/wp-json\/wp\/v2\/media?parent=2016"}],"wp:term":[{"taxonomy":"product_brand","embeddable":true,"href":"https:\/\/www.sj-gauge.com\/es\/wp-json\/wp\/v2\/product_brand?post=2016"},{"taxonomy":"product_cat","embeddable":true,"href":"https:\/\/www.sj-gauge.com\/es\/wp-json\/wp\/v2\/product_cat?post=2016"},{"taxonomy":"product_tag","embeddable":true,"href":"https:\/\/www.sj-gauge.com\/es\/wp-json\/wp\/v2\/product_tag?post=2016"}],"curies":[{"name":"wp","href":"https:\/\/api.w.org\/{rel}","templated":true}]}}