{"id":2038,"date":"2025-11-20T15:08:26","date_gmt":"2025-11-20T07:08:26","guid":{"rendered":"https:\/\/sj-gauge.com\/?post_type=product&#038;p=2038"},"modified":"2026-03-25T13:36:06","modified_gmt":"2026-03-25T05:36:06","slug":"pra-c","status":"publish","type":"product","link":"https:\/\/www.sj-gauge.com\/es\/producto\/pra-c\/","title":{"rendered":"Elemento de refrigeraci\u00f3n para instrumento de presi\u00f3n"},"content":{"rendered":"<p>El elemento de refrigeraci\u00f3n PRA-C est\u00e1 dise\u00f1ado para proteger los man\u00f3metros y transmisores que funcionan en entornos de alta temperatura. Con aletas de disipaci\u00f3n de calor agrandadas y longitud personalizable, reduce eficazmente la temperatura del medio antes de que llegue al instrumento, evitando da\u00f1os inducidos por el calor o desviaciones en las mediciones. Disponible en acero inoxidable 304 y 316 con m\u00faltiples est\u00e1ndares de rosca (PT, G, NPT, M) en configuraciones macho y hembra, es ideal para l\u00edneas de vapor, calderas y sistemas de fluidos a alta temperatura, garantizando la estabilidad de las mediciones a largo plazo y la protecci\u00f3n de los instrumentos.<\/p>","protected":false},"excerpt":{"rendered":"<ul>\n<li>La longitud se puede personalizar seg\u00fan la demanda de refrigeraci\u00f3n<\/li>\n<li>Aleta dise\u00f1ada para aumentar la superficie expuesta y mejorar la disipaci\u00f3n del calor<\/li>\n<\/ul>","protected":false},"featured_media":2042,"template":"","meta":{"_acf_changed":false},"product_brand":[40],"product_cat":[58],"product_tag":[],"class_list":{"0":"post-2038","1":"product","2":"type-product","3":"status-publish","4":"has-post-thumbnail","6":"product_brand-sj-gauge","7":"product_cat-accessories-pressure","9":"first","10":"instock","11":"shipping-taxable","12":"product-type-simple"},"acf":[],"yoast_head":"<!-- This site is optimized with the Yoast SEO Premium plugin v26.7 (Yoast SEO v27.4) - https:\/\/yoast.com\/product\/yoast-seo-premium-wordpress\/ -->\n<title>Cooling Element for Pressure instrument - SJ Gauge | Pressure Gauges, Thermometers &amp; Pressure Sensors<\/title>\n<meta name=\"description\" content=\"PRA-C cooling elements protect pressure instruments from overheating when exposed to high-temperature media.\" \/>\n<meta name=\"robots\" content=\"index, follow, max-snippet:-1, max-image-preview:large, max-video-preview:-1\" \/>\n<link rel=\"canonical\" href=\"https:\/\/www.sj-gauge.com\/es\/producto\/pra-c\/\" \/>\n<meta property=\"og:locale\" content=\"es_ES\" \/>\n<meta property=\"og:type\" content=\"article\" \/>\n<meta property=\"og:title\" content=\"Cooling Element for Pressure instrument\" \/>\n<meta property=\"og:description\" content=\"PRA-C cooling elements protect pressure instruments from overheating when exposed to high-temperature media.\" \/>\n<meta property=\"og:url\" content=\"https:\/\/www.sj-gauge.com\/es\/producto\/pra-c\/\" \/>\n<meta property=\"og:site_name\" content=\"SJ Gauge | Pressure Gauges, Thermometers &amp; Pressure Sensors\" \/>\n<meta property=\"article:modified_time\" content=\"2026-03-25T05:36:06+00:00\" \/>\n<meta property=\"og:image\" content=\"https:\/\/www.sj-gauge.com\/wp-content\/uploads\/2025\/11\/SJ-Gauge_cooling_element_for_measuring_instrument_L.jpg\" \/>\n\t<meta property=\"og:image:width\" content=\"1200\" \/>\n\t<meta property=\"og:image:height\" content=\"1000\" \/>\n\t<meta property=\"og:image:type\" content=\"image\/jpeg\" \/>\n<meta name=\"twitter:card\" content=\"summary_large_image\" \/>\n<meta name=\"twitter:label1\" content=\"Tiempo de lectura\" \/>\n\t<meta name=\"twitter:data1\" content=\"1 minuto\" \/>\n<script type=\"application\/ld+json\" class=\"yoast-schema-graph\">{\"@context\":\"https:\\\/\\\/schema.org\",\"@graph\":[{\"@type\":\"WebPage\",\"@id\":\"https:\\\/\\\/www.sj-gauge.com\\\/product\\\/pra-c\\\/\",\"url\":\"https:\\\/\\\/www.sj-gauge.com\\\/product\\\/pra-c\\\/\",\"name\":\"Cooling Element for Pressure instrument - SJ Gauge | Pressure Gauges, Thermometers &amp; Pressure Sensors\",\"isPartOf\":{\"@id\":\"https:\\\/\\\/www.sj-gauge.com\\\/#website\"},\"primaryImageOfPage\":{\"@id\":\"https:\\\/\\\/www.sj-gauge.com\\\/product\\\/pra-c\\\/#primaryimage\"},\"image\":{\"@id\":\"https:\\\/\\\/www.sj-gauge.com\\\/product\\\/pra-c\\\/#primaryimage\"},\"thumbnailUrl\":\"https:\\\/\\\/www.sj-gauge.com\\\/wp-content\\\/uploads\\\/2025\\\/11\\\/SJ-Gauge_cooling_element_for_measuring_instrument_L.jpg\",\"datePublished\":\"2025-11-20T07:08:26+00:00\",\"dateModified\":\"2026-03-25T05:36:06+00:00\",\"description\":\"PRA-C cooling elements protect pressure instruments from overheating when exposed to high-temperature media.\",\"breadcrumb\":{\"@id\":\"https:\\\/\\\/www.sj-gauge.com\\\/product\\\/pra-c\\\/#breadcrumb\"},\"inLanguage\":\"es\",\"potentialAction\":[{\"@type\":\"ReadAction\",\"target\":[\"https:\\\/\\\/www.sj-gauge.com\\\/product\\\/pra-c\\\/\"]}]},{\"@type\":\"ImageObject\",\"inLanguage\":\"es\",\"@id\":\"https:\\\/\\\/www.sj-gauge.com\\\/product\\\/pra-c\\\/#primaryimage\",\"url\":\"https:\\\/\\\/www.sj-gauge.com\\\/wp-content\\\/uploads\\\/2025\\\/11\\\/SJ-Gauge_cooling_element_for_measuring_instrument_L.jpg\",\"contentUrl\":\"https:\\\/\\\/www.sj-gauge.com\\\/wp-content\\\/uploads\\\/2025\\\/11\\\/SJ-Gauge_cooling_element_for_measuring_instrument_L.jpg\",\"width\":1200,\"height\":1000},{\"@type\":\"BreadcrumbList\",\"@id\":\"https:\\\/\\\/www.sj-gauge.com\\\/product\\\/pra-c\\\/#breadcrumb\",\"itemListElement\":[{\"@type\":\"ListItem\",\"position\":1,\"name\":\"Home\",\"item\":\"https:\\\/\\\/www.sj-gauge.com\\\/\"},{\"@type\":\"ListItem\",\"position\":2,\"name\":\"Products\",\"item\":\"https:\\\/\\\/www.sj-gauge.com\\\/products\\\/\"},{\"@type\":\"ListItem\",\"position\":3,\"name\":\"Cooling Element for Pressure instrument\"}]},{\"@type\":\"WebSite\",\"@id\":\"https:\\\/\\\/www.sj-gauge.com\\\/#website\",\"url\":\"https:\\\/\\\/www.sj-gauge.com\\\/\",\"name\":\"SJ Gauge | Pressure Gauges, Thermometers &amp; Pressure Sensors\",\"description\":\"Manufacturer of industrial pressure gauges, pressure sensors, and transmitters. SJ Gauge provides high accuracy, durable materials, and custom solutions for oil &amp; gas, chemical, and industrial applications.\",\"publisher\":{\"@id\":\"https:\\\/\\\/www.sj-gauge.com\\\/#organization\"},\"potentialAction\":[{\"@type\":\"SearchAction\",\"target\":{\"@type\":\"EntryPoint\",\"urlTemplate\":\"https:\\\/\\\/www.sj-gauge.com\\\/?s={search_term_string}\"},\"query-input\":{\"@type\":\"PropertyValueSpecification\",\"valueRequired\":true,\"valueName\":\"search_term_string\"}}],\"inLanguage\":\"es\"},{\"@type\":\"Organization\",\"@id\":\"https:\\\/\\\/www.sj-gauge.com\\\/#organization\",\"name\":\"SJ Gauge | Pressure Gauges, Thermometers &amp; Pressure Sensors\",\"url\":\"https:\\\/\\\/www.sj-gauge.com\\\/\",\"logo\":{\"@type\":\"ImageObject\",\"inLanguage\":\"es\",\"@id\":\"https:\\\/\\\/www.sj-gauge.com\\\/#\\\/schema\\\/logo\\\/image\\\/\",\"url\":\"https:\\\/\\\/www.sj-gauge.com\\\/wp-content\\\/uploads\\\/2025\\\/09\\\/logo.webp\",\"contentUrl\":\"https:\\\/\\\/www.sj-gauge.com\\\/wp-content\\\/uploads\\\/2025\\\/09\\\/logo.webp\",\"width\":348,\"height\":184,\"caption\":\"SJ Gauge | Pressure Gauges, Thermometers &amp; Pressure Sensors\"},\"image\":{\"@id\":\"https:\\\/\\\/www.sj-gauge.com\\\/#\\\/schema\\\/logo\\\/image\\\/\"}}]}<\/script>\n<!-- \/ Yoast SEO Premium plugin. -->","yoast_head_json":{"title":"Elemento de refrigeraci\u00f3n para instrumento de presi\u00f3n - SJ Gauge | Man\u00f3metros, Term\u00f3metros y Sensores de presi\u00f3n","description":"Los elementos de refrigeraci\u00f3n PRA-C protegen los instrumentos a presi\u00f3n del sobrecalentamiento cuando est\u00e1n expuestos a medios a alta temperatura.","robots":{"index":"index","follow":"follow","max-snippet":"max-snippet:-1","max-image-preview":"max-image-preview:large","max-video-preview":"max-video-preview:-1"},"canonical":"https:\/\/www.sj-gauge.com\/es\/producto\/pra-c\/","og_locale":"es_ES","og_type":"article","og_title":"Cooling Element for Pressure instrument","og_description":"PRA-C cooling elements protect pressure instruments from overheating when exposed to high-temperature media.","og_url":"https:\/\/www.sj-gauge.com\/es\/producto\/pra-c\/","og_site_name":"SJ Gauge | Pressure Gauges, Thermometers &amp; Pressure Sensors","article_modified_time":"2026-03-25T05:36:06+00:00","og_image":[{"width":1200,"height":1000,"url":"https:\/\/www.sj-gauge.com\/wp-content\/uploads\/2025\/11\/SJ-Gauge_cooling_element_for_measuring_instrument_L.jpg","type":"image\/jpeg"}],"twitter_card":"summary_large_image","twitter_misc":{"Tiempo de lectura":"1 minuto"},"schema":{"@context":"https:\/\/schema.org","@graph":[{"@type":"WebPage","@id":"https:\/\/www.sj-gauge.com\/product\/pra-c\/","url":"https:\/\/www.sj-gauge.com\/product\/pra-c\/","name":"Elemento de refrigeraci\u00f3n para instrumento de presi\u00f3n - SJ Gauge | Man\u00f3metros, Term\u00f3metros y Sensores de presi\u00f3n","isPartOf":{"@id":"https:\/\/www.sj-gauge.com\/#website"},"primaryImageOfPage":{"@id":"https:\/\/www.sj-gauge.com\/product\/pra-c\/#primaryimage"},"image":{"@id":"https:\/\/www.sj-gauge.com\/product\/pra-c\/#primaryimage"},"thumbnailUrl":"https:\/\/www.sj-gauge.com\/wp-content\/uploads\/2025\/11\/SJ-Gauge_cooling_element_for_measuring_instrument_L.jpg","datePublished":"2025-11-20T07:08:26+00:00","dateModified":"2026-03-25T05:36:06+00:00","description":"Los elementos de refrigeraci\u00f3n PRA-C protegen los instrumentos a presi\u00f3n del sobrecalentamiento cuando est\u00e1n expuestos a medios a alta temperatura.","breadcrumb":{"@id":"https:\/\/www.sj-gauge.com\/product\/pra-c\/#breadcrumb"},"inLanguage":"es","potentialAction":[{"@type":"ReadAction","target":["https:\/\/www.sj-gauge.com\/product\/pra-c\/"]}]},{"@type":"ImageObject","inLanguage":"es","@id":"https:\/\/www.sj-gauge.com\/product\/pra-c\/#primaryimage","url":"https:\/\/www.sj-gauge.com\/wp-content\/uploads\/2025\/11\/SJ-Gauge_cooling_element_for_measuring_instrument_L.jpg","contentUrl":"https:\/\/www.sj-gauge.com\/wp-content\/uploads\/2025\/11\/SJ-Gauge_cooling_element_for_measuring_instrument_L.jpg","width":1200,"height":1000},{"@type":"BreadcrumbList","@id":"https:\/\/www.sj-gauge.com\/product\/pra-c\/#breadcrumb","itemListElement":[{"@type":"ListItem","position":1,"name":"Home","item":"https:\/\/www.sj-gauge.com\/"},{"@type":"ListItem","position":2,"name":"Products","item":"https:\/\/www.sj-gauge.com\/products\/"},{"@type":"ListItem","position":3,"name":"Cooling Element for Pressure instrument"}]},{"@type":"WebSite","@id":"https:\/\/www.sj-gauge.com\/#website","url":"https:\/\/www.sj-gauge.com\/","name":"SJ Gauge | Man\u00f3metros, term\u00f3metros y sensores de presi\u00f3n","description":"Fabricante de man\u00f3metros industriales, sensores de presi\u00f3n y transmisores. SJ Gauge ofrece alta precisi\u00f3n, materiales duraderos y soluciones personalizadas para aplicaciones de petr\u00f3leo y gas, qu\u00edmicas e industriales.","publisher":{"@id":"https:\/\/www.sj-gauge.com\/#organization"},"potentialAction":[{"@type":"SearchAction","target":{"@type":"EntryPoint","urlTemplate":"https:\/\/www.sj-gauge.com\/?s={search_term_string}"},"query-input":{"@type":"PropertyValueSpecification","valueRequired":true,"valueName":"search_term_string"}}],"inLanguage":"es"},{"@type":"Organization","@id":"https:\/\/www.sj-gauge.com\/#organization","name":"SJ Gauge | Man\u00f3metros, term\u00f3metros y sensores de presi\u00f3n","url":"https:\/\/www.sj-gauge.com\/","logo":{"@type":"ImageObject","inLanguage":"es","@id":"https:\/\/www.sj-gauge.com\/#\/schema\/logo\/image\/","url":"https:\/\/www.sj-gauge.com\/wp-content\/uploads\/2025\/09\/logo.webp","contentUrl":"https:\/\/www.sj-gauge.com\/wp-content\/uploads\/2025\/09\/logo.webp","width":348,"height":184,"caption":"SJ Gauge | Pressure Gauges, Thermometers &amp; Pressure Sensors"},"image":{"@id":"https:\/\/www.sj-gauge.com\/#\/schema\/logo\/image\/"}}]}},"_links":{"self":[{"href":"https:\/\/www.sj-gauge.com\/es\/wp-json\/wp\/v2\/product\/2038","targetHints":{"allow":["GET"]}}],"collection":[{"href":"https:\/\/www.sj-gauge.com\/es\/wp-json\/wp\/v2\/product"}],"about":[{"href":"https:\/\/www.sj-gauge.com\/es\/wp-json\/wp\/v2\/types\/product"}],"wp:featuredmedia":[{"embeddable":true,"href":"https:\/\/www.sj-gauge.com\/es\/wp-json\/wp\/v2\/media\/2042"}],"wp:attachment":[{"href":"https:\/\/www.sj-gauge.com\/es\/wp-json\/wp\/v2\/media?parent=2038"}],"wp:term":[{"taxonomy":"product_brand","embeddable":true,"href":"https:\/\/www.sj-gauge.com\/es\/wp-json\/wp\/v2\/product_brand?post=2038"},{"taxonomy":"product_cat","embeddable":true,"href":"https:\/\/www.sj-gauge.com\/es\/wp-json\/wp\/v2\/product_cat?post=2038"},{"taxonomy":"product_tag","embeddable":true,"href":"https:\/\/www.sj-gauge.com\/es\/wp-json\/wp\/v2\/product_tag?post=2038"}],"curies":[{"name":"wp","href":"https:\/\/api.w.org\/{rel}","templated":true}]}}