{"id":2442,"date":"2025-12-09T16:10:53","date_gmt":"2025-12-09T08:10:53","guid":{"rendered":"https:\/\/sj-gauge.com\/?post_type=product&#038;p=2442"},"modified":"2026-04-23T16:09:18","modified_gmt":"2026-04-23T08:09:18","slug":"501-502-503","status":"publish","type":"product","link":"https:\/\/www.sj-gauge.com\/es\/producto\/501-502-503\/","title":{"rendered":"Detectores de temperatura por resistencia, tipo cable"},"content":{"rendered":"<p>El sensor de temperatura RTD 50X de tipo hilo conductor presenta dise\u00f1os de montaje de rosca, inserci\u00f3n y bayoneta para mediciones de temperatura industriales vers\u00e1tiles. Admite elementos sensores simples o dobles con se\u00f1ales de salida PT100, PT500 y PT1000. Hay disponibles sondas de m\u00faltiples di\u00e1metros (3,2-12,7 mm), longitudes (50-200 mm) y longitudes de cable (1-5 m). Los materiales disponibles son SUS304, SUS316, titanio y tefl\u00f3n. Varios accesorios de conexi\u00f3n, como muelles, tubos termorretr\u00e1ctiles y estructuras de hebilla, lo hacen ideal para maquinaria, tuber\u00edas de proceso, equipos de automatizaci\u00f3n y sistemas de control de temperatura.<\/p>","protected":false},"excerpt":{"rendered":"<ul>\n<li>Los RTD son m\u00e1s precisos que los termopares, especialmente a temperaturas m\u00e1s bajas.<\/li>\n<li>Los detectores de temperatura por resistencia tambi\u00e9n son m\u00e1s estables y tienen mejor linealidad que los termopares.<\/li>\n<\/ul>","protected":false},"featured_media":2326,"template":"","meta":{"_acf_changed":false},"product_brand":[40],"product_cat":[47,43],"product_tag":[],"class_list":{"0":"post-2442","1":"product","2":"type-product","3":"status-publish","4":"has-post-thumbnail","6":"product_brand-sj-gauge","7":"product_cat-rtds","8":"product_cat-temperature-instruments","10":"first","11":"instock","12":"shipping-taxable","13":"product-type-simple"},"acf":[],"yoast_head":"<!-- This site is optimized with the Yoast SEO Premium plugin v26.7 (Yoast SEO v27.4) - https:\/\/yoast.com\/product\/yoast-seo-premium-wordpress\/ -->\n<title>Resistance Temperature Detectors, Lead Wire Type - SJ Gauge | Pressure Gauges, Thermometers &amp; Pressure Sensors<\/title>\n<meta name=\"description\" content=\"Lead wire type RTD is a highly accurate temperature sensor using platinum resistance. Common types include PT100 and PT1000. Ideal for industrial automation\" \/>\n<meta name=\"robots\" content=\"index, follow, max-snippet:-1, max-image-preview:large, max-video-preview:-1\" \/>\n<link rel=\"canonical\" href=\"https:\/\/www.sj-gauge.com\/es\/producto\/501-502-503\/\" \/>\n<meta property=\"og:locale\" content=\"es_ES\" \/>\n<meta property=\"og:type\" content=\"article\" \/>\n<meta property=\"og:title\" content=\"Resistance Temperature Detectors, Lead Wire Type\" \/>\n<meta property=\"og:description\" content=\"Lead wire type RTD is a highly accurate temperature sensor using platinum resistance. Common types include PT100 and PT1000. Ideal for industrial automation\" \/>\n<meta property=\"og:url\" content=\"https:\/\/www.sj-gauge.com\/es\/producto\/501-502-503\/\" \/>\n<meta property=\"og:site_name\" content=\"SJ Gauge | Pressure Gauges, Thermometers &amp; Pressure Sensors\" \/>\n<meta property=\"article:modified_time\" content=\"2026-04-23T08:09:18+00:00\" \/>\n<meta property=\"og:image\" content=\"https:\/\/www.sj-gauge.com\/wp-content\/uploads\/2025\/11\/SJ-Gauge_lead-wire_type_resistance_temperature_detector_501_L.jpg\" \/>\n\t<meta property=\"og:image:width\" content=\"1200\" \/>\n\t<meta property=\"og:image:height\" content=\"1000\" \/>\n\t<meta property=\"og:image:type\" content=\"image\/jpeg\" \/>\n<meta name=\"twitter:card\" content=\"summary_large_image\" \/>\n<meta name=\"twitter:label1\" content=\"Tiempo de lectura\" \/>\n\t<meta name=\"twitter:data1\" content=\"1 minuto\" \/>\n<script type=\"application\/ld+json\" class=\"yoast-schema-graph\">{\"@context\":\"https:\\\/\\\/schema.org\",\"@graph\":[{\"@type\":\"WebPage\",\"@id\":\"https:\\\/\\\/www.sj-gauge.com\\\/product\\\/501-502-503\\\/\",\"url\":\"https:\\\/\\\/www.sj-gauge.com\\\/product\\\/501-502-503\\\/\",\"name\":\"Resistance Temperature Detectors, Lead Wire Type - SJ Gauge | Pressure Gauges, Thermometers &amp; Pressure Sensors\",\"isPartOf\":{\"@id\":\"https:\\\/\\\/www.sj-gauge.com\\\/#website\"},\"primaryImageOfPage\":{\"@id\":\"https:\\\/\\\/www.sj-gauge.com\\\/product\\\/501-502-503\\\/#primaryimage\"},\"image\":{\"@id\":\"https:\\\/\\\/www.sj-gauge.com\\\/product\\\/501-502-503\\\/#primaryimage\"},\"thumbnailUrl\":\"https:\\\/\\\/www.sj-gauge.com\\\/wp-content\\\/uploads\\\/2025\\\/11\\\/SJ-Gauge_lead-wire_type_resistance_temperature_detector_501_L.jpg\",\"datePublished\":\"2025-12-09T08:10:53+00:00\",\"dateModified\":\"2026-04-23T08:09:18+00:00\",\"description\":\"Lead wire type RTD is a highly accurate temperature sensor using platinum resistance. Common types include PT100 and PT1000. Ideal for industrial automation\",\"breadcrumb\":{\"@id\":\"https:\\\/\\\/www.sj-gauge.com\\\/product\\\/501-502-503\\\/#breadcrumb\"},\"inLanguage\":\"es\",\"potentialAction\":[{\"@type\":\"ReadAction\",\"target\":[\"https:\\\/\\\/www.sj-gauge.com\\\/product\\\/501-502-503\\\/\"]}]},{\"@type\":\"ImageObject\",\"inLanguage\":\"es\",\"@id\":\"https:\\\/\\\/www.sj-gauge.com\\\/product\\\/501-502-503\\\/#primaryimage\",\"url\":\"https:\\\/\\\/www.sj-gauge.com\\\/wp-content\\\/uploads\\\/2025\\\/11\\\/SJ-Gauge_lead-wire_type_resistance_temperature_detector_501_L.jpg\",\"contentUrl\":\"https:\\\/\\\/www.sj-gauge.com\\\/wp-content\\\/uploads\\\/2025\\\/11\\\/SJ-Gauge_lead-wire_type_resistance_temperature_detector_501_L.jpg\",\"width\":1200,\"height\":1000},{\"@type\":\"BreadcrumbList\",\"@id\":\"https:\\\/\\\/www.sj-gauge.com\\\/product\\\/501-502-503\\\/#breadcrumb\",\"itemListElement\":[{\"@type\":\"ListItem\",\"position\":1,\"name\":\"Home\",\"item\":\"https:\\\/\\\/www.sj-gauge.com\\\/\"},{\"@type\":\"ListItem\",\"position\":2,\"name\":\"Products\",\"item\":\"https:\\\/\\\/www.sj-gauge.com\\\/products\\\/\"},{\"@type\":\"ListItem\",\"position\":3,\"name\":\"Resistance Temperature Detectors, Lead Wire Type\"}]},{\"@type\":\"WebSite\",\"@id\":\"https:\\\/\\\/www.sj-gauge.com\\\/#website\",\"url\":\"https:\\\/\\\/www.sj-gauge.com\\\/\",\"name\":\"SJ Gauge | Pressure Gauges, Thermometers &amp; Pressure Sensors\",\"description\":\"Manufacturer of industrial pressure gauges, pressure sensors, and transmitters. SJ Gauge provides high accuracy, durable materials, and custom solutions for oil &amp; gas, chemical, and industrial applications.\",\"publisher\":{\"@id\":\"https:\\\/\\\/www.sj-gauge.com\\\/#organization\"},\"potentialAction\":[{\"@type\":\"SearchAction\",\"target\":{\"@type\":\"EntryPoint\",\"urlTemplate\":\"https:\\\/\\\/www.sj-gauge.com\\\/?s={search_term_string}\"},\"query-input\":{\"@type\":\"PropertyValueSpecification\",\"valueRequired\":true,\"valueName\":\"search_term_string\"}}],\"inLanguage\":\"es\"},{\"@type\":\"Organization\",\"@id\":\"https:\\\/\\\/www.sj-gauge.com\\\/#organization\",\"name\":\"SJ Gauge | Pressure Gauges, Thermometers &amp; Pressure Sensors\",\"url\":\"https:\\\/\\\/www.sj-gauge.com\\\/\",\"logo\":{\"@type\":\"ImageObject\",\"inLanguage\":\"es\",\"@id\":\"https:\\\/\\\/www.sj-gauge.com\\\/#\\\/schema\\\/logo\\\/image\\\/\",\"url\":\"https:\\\/\\\/www.sj-gauge.com\\\/wp-content\\\/uploads\\\/2025\\\/09\\\/logo.webp\",\"contentUrl\":\"https:\\\/\\\/www.sj-gauge.com\\\/wp-content\\\/uploads\\\/2025\\\/09\\\/logo.webp\",\"width\":348,\"height\":184,\"caption\":\"SJ Gauge | Pressure Gauges, Thermometers &amp; Pressure Sensors\"},\"image\":{\"@id\":\"https:\\\/\\\/www.sj-gauge.com\\\/#\\\/schema\\\/logo\\\/image\\\/\"}}]}<\/script>\n<!-- \/ Yoast SEO Premium plugin. -->","yoast_head_json":{"title":"Detectores de temperatura por resistencia, tipo cable - SJ Gauge | Man\u00f3metros, term\u00f3metros y sensores de presi\u00f3n","description":"El RTD de cable es un sensor de temperatura de alta precisi\u00f3n que utiliza una resistencia de platino. Los tipos m\u00e1s comunes son PT100 y PT1000. Ideal para automatizaci\u00f3n industrial","robots":{"index":"index","follow":"follow","max-snippet":"max-snippet:-1","max-image-preview":"max-image-preview:large","max-video-preview":"max-video-preview:-1"},"canonical":"https:\/\/www.sj-gauge.com\/es\/producto\/501-502-503\/","og_locale":"es_ES","og_type":"article","og_title":"Resistance Temperature Detectors, Lead Wire Type","og_description":"Lead wire type RTD is a highly accurate temperature sensor using platinum resistance. Common types include PT100 and PT1000. Ideal for industrial automation","og_url":"https:\/\/www.sj-gauge.com\/es\/producto\/501-502-503\/","og_site_name":"SJ Gauge | Pressure Gauges, Thermometers &amp; Pressure Sensors","article_modified_time":"2026-04-23T08:09:18+00:00","og_image":[{"width":1200,"height":1000,"url":"https:\/\/www.sj-gauge.com\/wp-content\/uploads\/2025\/11\/SJ-Gauge_lead-wire_type_resistance_temperature_detector_501_L.jpg","type":"image\/jpeg"}],"twitter_card":"summary_large_image","twitter_misc":{"Tiempo de lectura":"1 minuto"},"schema":{"@context":"https:\/\/schema.org","@graph":[{"@type":"WebPage","@id":"https:\/\/www.sj-gauge.com\/product\/501-502-503\/","url":"https:\/\/www.sj-gauge.com\/product\/501-502-503\/","name":"Detectores de temperatura por resistencia, tipo cable - SJ Gauge | Man\u00f3metros, term\u00f3metros y sensores de presi\u00f3n","isPartOf":{"@id":"https:\/\/www.sj-gauge.com\/#website"},"primaryImageOfPage":{"@id":"https:\/\/www.sj-gauge.com\/product\/501-502-503\/#primaryimage"},"image":{"@id":"https:\/\/www.sj-gauge.com\/product\/501-502-503\/#primaryimage"},"thumbnailUrl":"https:\/\/www.sj-gauge.com\/wp-content\/uploads\/2025\/11\/SJ-Gauge_lead-wire_type_resistance_temperature_detector_501_L.jpg","datePublished":"2025-12-09T08:10:53+00:00","dateModified":"2026-04-23T08:09:18+00:00","description":"El RTD de cable es un sensor de temperatura de alta precisi\u00f3n que utiliza una resistencia de platino. Los tipos m\u00e1s comunes son PT100 y PT1000. Ideal para automatizaci\u00f3n industrial","breadcrumb":{"@id":"https:\/\/www.sj-gauge.com\/product\/501-502-503\/#breadcrumb"},"inLanguage":"es","potentialAction":[{"@type":"ReadAction","target":["https:\/\/www.sj-gauge.com\/product\/501-502-503\/"]}]},{"@type":"ImageObject","inLanguage":"es","@id":"https:\/\/www.sj-gauge.com\/product\/501-502-503\/#primaryimage","url":"https:\/\/www.sj-gauge.com\/wp-content\/uploads\/2025\/11\/SJ-Gauge_lead-wire_type_resistance_temperature_detector_501_L.jpg","contentUrl":"https:\/\/www.sj-gauge.com\/wp-content\/uploads\/2025\/11\/SJ-Gauge_lead-wire_type_resistance_temperature_detector_501_L.jpg","width":1200,"height":1000},{"@type":"BreadcrumbList","@id":"https:\/\/www.sj-gauge.com\/product\/501-502-503\/#breadcrumb","itemListElement":[{"@type":"ListItem","position":1,"name":"Home","item":"https:\/\/www.sj-gauge.com\/"},{"@type":"ListItem","position":2,"name":"Products","item":"https:\/\/www.sj-gauge.com\/products\/"},{"@type":"ListItem","position":3,"name":"Resistance Temperature Detectors, Lead Wire Type"}]},{"@type":"WebSite","@id":"https:\/\/www.sj-gauge.com\/#website","url":"https:\/\/www.sj-gauge.com\/","name":"SJ Gauge | Man\u00f3metros, term\u00f3metros y sensores de presi\u00f3n","description":"Fabricante de man\u00f3metros industriales, sensores de presi\u00f3n y transmisores. SJ Gauge ofrece alta precisi\u00f3n, materiales duraderos y soluciones personalizadas para aplicaciones de petr\u00f3leo y gas, qu\u00edmicas e industriales.","publisher":{"@id":"https:\/\/www.sj-gauge.com\/#organization"},"potentialAction":[{"@type":"SearchAction","target":{"@type":"EntryPoint","urlTemplate":"https:\/\/www.sj-gauge.com\/?s={search_term_string}"},"query-input":{"@type":"PropertyValueSpecification","valueRequired":true,"valueName":"search_term_string"}}],"inLanguage":"es"},{"@type":"Organization","@id":"https:\/\/www.sj-gauge.com\/#organization","name":"SJ Gauge | Man\u00f3metros, term\u00f3metros y sensores de presi\u00f3n","url":"https:\/\/www.sj-gauge.com\/","logo":{"@type":"ImageObject","inLanguage":"es","@id":"https:\/\/www.sj-gauge.com\/#\/schema\/logo\/image\/","url":"https:\/\/www.sj-gauge.com\/wp-content\/uploads\/2025\/09\/logo.webp","contentUrl":"https:\/\/www.sj-gauge.com\/wp-content\/uploads\/2025\/09\/logo.webp","width":348,"height":184,"caption":"SJ Gauge | Pressure Gauges, Thermometers &amp; Pressure Sensors"},"image":{"@id":"https:\/\/www.sj-gauge.com\/#\/schema\/logo\/image\/"}}]}},"_links":{"self":[{"href":"https:\/\/www.sj-gauge.com\/es\/wp-json\/wp\/v2\/product\/2442","targetHints":{"allow":["GET"]}}],"collection":[{"href":"https:\/\/www.sj-gauge.com\/es\/wp-json\/wp\/v2\/product"}],"about":[{"href":"https:\/\/www.sj-gauge.com\/es\/wp-json\/wp\/v2\/types\/product"}],"wp:featuredmedia":[{"embeddable":true,"href":"https:\/\/www.sj-gauge.com\/es\/wp-json\/wp\/v2\/media\/2326"}],"wp:attachment":[{"href":"https:\/\/www.sj-gauge.com\/es\/wp-json\/wp\/v2\/media?parent=2442"}],"wp:term":[{"taxonomy":"product_brand","embeddable":true,"href":"https:\/\/www.sj-gauge.com\/es\/wp-json\/wp\/v2\/product_brand?post=2442"},{"taxonomy":"product_cat","embeddable":true,"href":"https:\/\/www.sj-gauge.com\/es\/wp-json\/wp\/v2\/product_cat?post=2442"},{"taxonomy":"product_tag","embeddable":true,"href":"https:\/\/www.sj-gauge.com\/es\/wp-json\/wp\/v2\/product_tag?post=2442"}],"curies":[{"name":"wp","href":"https:\/\/api.w.org\/{rel}","templated":true}]}}