{"id":2509,"date":"2025-12-12T15:41:01","date_gmt":"2025-12-12T07:41:01","guid":{"rendered":"https:\/\/sj-gauge.com\/?post_type=product&#038;p=2509"},"modified":"2026-04-05T19:20:47","modified_gmt":"2026-04-05T11:20:47","slug":"mtg-e","status":"publish","type":"product","link":"https:\/\/www.sj-gauge.com\/es\/producto\/mtg-e\/","title":{"rendered":"Term\u00f3metro de expansi\u00f3n, contacto de alarma"},"content":{"rendered":"<p>El MTG-E es un term\u00f3metro de expansi\u00f3n con contactos de alarma incorporados, dotado de un interruptor magn\u00e9tico de acci\u00f3n r\u00e1pida que proporciona una salida de se\u00f1al fiable cuando la temperatura alcanza un valor preestablecido. Dise\u00f1ado para una respuesta r\u00e1pida y una medici\u00f3n de altas temperaturas de hasta 700 \u00b0C, es ideal para aplicaciones de supervisi\u00f3n de procesos y control automatizado. Con opciones de montaje flexibles que incluyen montaje inferior, montaje posterior y \u00e1ngulo ajustable, as\u00ed como contactos simples o dobles seleccionables (N.A.\/N.C.), el MTG-E se utiliza ampliamente en la construcci\u00f3n de maquinaria, plantas industriales y sistemas de recipientes en los que se requiere la supervisi\u00f3n de la temperatura y el enclavamiento de seguridad.<\/p>","protected":false},"excerpt":{"rendered":"<ul>\n<li>Term\u00f3metro con contacto magn\u00e9tico de acci\u00f3n r\u00e1pida disponible para control automatizado<\/li>\n<li>Se utiliza en la construcci\u00f3n de maquinaria, f\u00e1bricas y buques<\/li>\n<\/ul>","protected":false},"featured_media":2522,"template":"","meta":{"_acf_changed":false},"product_brand":[40],"product_cat":[43,23],"product_tag":[],"class_list":{"0":"post-2509","1":"product","2":"type-product","3":"status-publish","4":"has-post-thumbnail","6":"product_brand-sj-gauge","7":"product_cat-temperature-instruments","8":"product_cat-thermometers","10":"first","11":"instock","12":"shipping-taxable","13":"product-type-simple"},"acf":[],"yoast_head":"<!-- This site is optimized with the Yoast SEO Premium plugin v26.7 (Yoast SEO v26.7) - https:\/\/yoast.com\/wordpress\/plugins\/seo\/ -->\n<title>Bimetal Thermometer with Switch Contact MTG-E | Alarm Temperature Gauge | SJ Gauge<\/title>\n<meta name=\"description\" content=\"MTG-E expansion thermometer with magnetic snap-action alarm contact provides reliable temperature switching for automation control. Supports up to 700\u00b0C with flexible mounting and N.O.\/N.C. contact options. | SJ Gauge\" \/>\n<meta name=\"robots\" content=\"index, follow, max-snippet:-1, max-image-preview:large, max-video-preview:-1\" \/>\n<link rel=\"canonical\" href=\"https:\/\/www.sj-gauge.com\/es\/producto\/mtg-e\/\" \/>\n<meta property=\"og:locale\" content=\"es_ES\" \/>\n<meta property=\"og:type\" content=\"article\" \/>\n<meta property=\"og:title\" content=\"Expansion Thermometer, Alarm Contact\" \/>\n<meta property=\"og:description\" content=\"MTG-E expansion thermometer with magnetic snap-action alarm contact provides reliable temperature switching for automation control. Supports up to 700\u00b0C with flexible mounting and N.O.\/N.C. contact options. | SJ Gauge\" \/>\n<meta property=\"og:url\" content=\"https:\/\/www.sj-gauge.com\/es\/producto\/mtg-e\/\" \/>\n<meta property=\"og:site_name\" content=\"Your Expert in Pressure Temp and Smart Transmitters - SJ Gauge\" \/>\n<meta property=\"article:modified_time\" content=\"2026-04-05T11:20:47+00:00\" \/>\n<meta property=\"og:image\" content=\"https:\/\/www.sj-gauge.com\/wp-content\/uploads\/2025\/12\/SJ-Gauge-expansion-thermometer-gas-actuated-alarm-1.jpg\" \/>\n\t<meta property=\"og:image:width\" content=\"1200\" \/>\n\t<meta property=\"og:image:height\" content=\"1000\" \/>\n\t<meta property=\"og:image:type\" content=\"image\/jpeg\" \/>\n<meta name=\"twitter:card\" content=\"summary_large_image\" \/>\n<meta name=\"twitter:label1\" content=\"Tiempo de lectura\" \/>\n\t<meta name=\"twitter:data1\" content=\"1 minuto\" \/>\n<script type=\"application\/ld+json\" class=\"yoast-schema-graph\">{\"@context\":\"https:\/\/schema.org\",\"@graph\":[{\"@type\":\"WebPage\",\"@id\":\"https:\/\/www.sj-gauge.com\/product\/mtg-e\/\",\"url\":\"https:\/\/www.sj-gauge.com\/product\/mtg-e\/\",\"name\":\"Bimetal Thermometer with Switch Contact MTG-E | Alarm Temperature Gauge | SJ Gauge\",\"isPartOf\":{\"@id\":\"https:\/\/www.sj-gauge.com\/#website\"},\"primaryImageOfPage\":{\"@id\":\"https:\/\/www.sj-gauge.com\/product\/mtg-e\/#primaryimage\"},\"image\":{\"@id\":\"https:\/\/www.sj-gauge.com\/product\/mtg-e\/#primaryimage\"},\"thumbnailUrl\":\"https:\/\/www.sj-gauge.com\/wp-content\/uploads\/2025\/12\/SJ-Gauge-expansion-thermometer-gas-actuated-alarm-1.jpg\",\"datePublished\":\"2025-12-12T07:41:01+00:00\",\"dateModified\":\"2026-04-05T11:20:47+00:00\",\"description\":\"MTG-E expansion thermometer with magnetic snap-action alarm contact provides reliable temperature switching for automation control. Supports up to 700\u00b0C with flexible mounting and N.O.\/N.C. contact options. | SJ Gauge\",\"breadcrumb\":{\"@id\":\"https:\/\/www.sj-gauge.com\/product\/mtg-e\/#breadcrumb\"},\"inLanguage\":\"es\",\"potentialAction\":[{\"@type\":\"ReadAction\",\"target\":[\"https:\/\/www.sj-gauge.com\/product\/mtg-e\/\"]}]},{\"@type\":\"ImageObject\",\"inLanguage\":\"es\",\"@id\":\"https:\/\/www.sj-gauge.com\/product\/mtg-e\/#primaryimage\",\"url\":\"https:\/\/www.sj-gauge.com\/wp-content\/uploads\/2025\/12\/SJ-Gauge-expansion-thermometer-gas-actuated-alarm-1.jpg\",\"contentUrl\":\"https:\/\/www.sj-gauge.com\/wp-content\/uploads\/2025\/12\/SJ-Gauge-expansion-thermometer-gas-actuated-alarm-1.jpg\",\"width\":1200,\"height\":1000},{\"@type\":\"BreadcrumbList\",\"@id\":\"https:\/\/www.sj-gauge.com\/product\/mtg-e\/#breadcrumb\",\"itemListElement\":[{\"@type\":\"ListItem\",\"position\":1,\"name\":\"Home\",\"item\":\"https:\/\/www.sj-gauge.com\/\"},{\"@type\":\"ListItem\",\"position\":2,\"name\":\"Products\",\"item\":\"https:\/\/www.sj-gauge.com\/products\/\"},{\"@type\":\"ListItem\",\"position\":3,\"name\":\"Expansion Thermometer, Alarm Contact\"}]},{\"@type\":\"WebSite\",\"@id\":\"https:\/\/www.sj-gauge.com\/#website\",\"url\":\"https:\/\/www.sj-gauge.com\/\",\"name\":\"Your Expert in Pressure Temp and Smart Transmitters - SJ Gauge\",\"description\":\"Manufacturer of industrial pressure gauges, pressure sensors, and transmitters. SJ Gauge provides high accuracy, durable materials, and custom solutions for oil &amp; gas, chemical, and industrial applications.\",\"publisher\":{\"@id\":\"https:\/\/www.sj-gauge.com\/#organization\"},\"potentialAction\":[{\"@type\":\"SearchAction\",\"target\":{\"@type\":\"EntryPoint\",\"urlTemplate\":\"https:\/\/www.sj-gauge.com\/?s={search_term_string}\"},\"query-input\":{\"@type\":\"PropertyValueSpecification\",\"valueRequired\":true,\"valueName\":\"search_term_string\"}}],\"inLanguage\":\"es\"},{\"@type\":\"Organization\",\"@id\":\"https:\/\/www.sj-gauge.com\/#organization\",\"name\":\"Your Expert in Pressure Temp and Smart Transmitters - SJ Gauge\",\"url\":\"https:\/\/www.sj-gauge.com\/\",\"logo\":{\"@type\":\"ImageObject\",\"inLanguage\":\"es\",\"@id\":\"https:\/\/www.sj-gauge.com\/#\/schema\/logo\/image\/\",\"url\":\"https:\/\/www.sj-gauge.com\/wp-content\/uploads\/2025\/09\/logo.webp\",\"contentUrl\":\"https:\/\/www.sj-gauge.com\/wp-content\/uploads\/2025\/09\/logo.webp\",\"width\":348,\"height\":184,\"caption\":\"Your Expert in Pressure Temp and Smart Transmitters - SJ Gauge\"},\"image\":{\"@id\":\"https:\/\/www.sj-gauge.com\/#\/schema\/logo\/image\/\"}}]}<\/script>\n<!-- \/ Yoast SEO Premium plugin. -->","yoast_head_json":{"title":"Term\u00f3metro bimet\u00e1lico con contacto de conmutaci\u00f3n MTG-E | Medidor de temperatura con alarma | SJ Gauge","description":"El term\u00f3metro de expansi\u00f3n MTG-E con contacto de alarma magn\u00e9tico de acci\u00f3n r\u00e1pida proporciona una conmutaci\u00f3n de temperatura fiable para el control de la automatizaci\u00f3n. Soporta hasta 700\u00b0C con montaje flexible y opciones de contacto N.A.\/N.C. | SJ Gauge","robots":{"index":"index","follow":"follow","max-snippet":"max-snippet:-1","max-image-preview":"max-image-preview:large","max-video-preview":"max-video-preview:-1"},"canonical":"https:\/\/www.sj-gauge.com\/es\/producto\/mtg-e\/","og_locale":"es_ES","og_type":"article","og_title":"Expansion Thermometer, Alarm Contact","og_description":"MTG-E expansion thermometer with magnetic snap-action alarm contact provides reliable temperature switching for automation control. Supports up to 700\u00b0C with flexible mounting and N.O.\/N.C. contact options. | SJ Gauge","og_url":"https:\/\/www.sj-gauge.com\/es\/producto\/mtg-e\/","og_site_name":"Your Expert in Pressure Temp and Smart Transmitters - SJ Gauge","article_modified_time":"2026-04-05T11:20:47+00:00","og_image":[{"width":1200,"height":1000,"url":"https:\/\/www.sj-gauge.com\/wp-content\/uploads\/2025\/12\/SJ-Gauge-expansion-thermometer-gas-actuated-alarm-1.jpg","type":"image\/jpeg"}],"twitter_card":"summary_large_image","twitter_misc":{"Tiempo de lectura":"1 minuto"},"schema":{"@context":"https:\/\/schema.org","@graph":[{"@type":"WebPage","@id":"https:\/\/www.sj-gauge.com\/product\/mtg-e\/","url":"https:\/\/www.sj-gauge.com\/product\/mtg-e\/","name":"Term\u00f3metro bimet\u00e1lico con contacto de conmutaci\u00f3n MTG-E | Medidor de temperatura con alarma | SJ Gauge","isPartOf":{"@id":"https:\/\/www.sj-gauge.com\/#website"},"primaryImageOfPage":{"@id":"https:\/\/www.sj-gauge.com\/product\/mtg-e\/#primaryimage"},"image":{"@id":"https:\/\/www.sj-gauge.com\/product\/mtg-e\/#primaryimage"},"thumbnailUrl":"https:\/\/www.sj-gauge.com\/wp-content\/uploads\/2025\/12\/SJ-Gauge-expansion-thermometer-gas-actuated-alarm-1.jpg","datePublished":"2025-12-12T07:41:01+00:00","dateModified":"2026-04-05T11:20:47+00:00","description":"El term\u00f3metro de expansi\u00f3n MTG-E con contacto de alarma magn\u00e9tico de acci\u00f3n r\u00e1pida proporciona una conmutaci\u00f3n de temperatura fiable para el control de la automatizaci\u00f3n. Soporta hasta 700\u00b0C con montaje flexible y opciones de contacto N.A.\/N.C. | SJ Gauge","breadcrumb":{"@id":"https:\/\/www.sj-gauge.com\/product\/mtg-e\/#breadcrumb"},"inLanguage":"es","potentialAction":[{"@type":"ReadAction","target":["https:\/\/www.sj-gauge.com\/product\/mtg-e\/"]}]},{"@type":"ImageObject","inLanguage":"es","@id":"https:\/\/www.sj-gauge.com\/product\/mtg-e\/#primaryimage","url":"https:\/\/www.sj-gauge.com\/wp-content\/uploads\/2025\/12\/SJ-Gauge-expansion-thermometer-gas-actuated-alarm-1.jpg","contentUrl":"https:\/\/www.sj-gauge.com\/wp-content\/uploads\/2025\/12\/SJ-Gauge-expansion-thermometer-gas-actuated-alarm-1.jpg","width":1200,"height":1000},{"@type":"BreadcrumbList","@id":"https:\/\/www.sj-gauge.com\/product\/mtg-e\/#breadcrumb","itemListElement":[{"@type":"ListItem","position":1,"name":"Home","item":"https:\/\/www.sj-gauge.com\/"},{"@type":"ListItem","position":2,"name":"Products","item":"https:\/\/www.sj-gauge.com\/products\/"},{"@type":"ListItem","position":3,"name":"Expansion Thermometer, Alarm Contact"}]},{"@type":"WebSite","@id":"https:\/\/www.sj-gauge.com\/#website","url":"https:\/\/www.sj-gauge.com\/","name":"Su experto en Transmisores de presi\u00f3n, temperatura e inteligentes - SJ Gauge","description":"Fabricante de man\u00f3metros industriales, sensores de presi\u00f3n y transmisores. SJ Gauge ofrece alta precisi\u00f3n, materiales duraderos y soluciones personalizadas para aplicaciones de petr\u00f3leo y gas, qu\u00edmicas e industriales.","publisher":{"@id":"https:\/\/www.sj-gauge.com\/#organization"},"potentialAction":[{"@type":"SearchAction","target":{"@type":"EntryPoint","urlTemplate":"https:\/\/www.sj-gauge.com\/?s={search_term_string}"},"query-input":{"@type":"PropertyValueSpecification","valueRequired":true,"valueName":"search_term_string"}}],"inLanguage":"es"},{"@type":"Organization","@id":"https:\/\/www.sj-gauge.com\/#organization","name":"Su experto en Transmisores de presi\u00f3n, temperatura e inteligentes - SJ Gauge","url":"https:\/\/www.sj-gauge.com\/","logo":{"@type":"ImageObject","inLanguage":"es","@id":"https:\/\/www.sj-gauge.com\/#\/schema\/logo\/image\/","url":"https:\/\/www.sj-gauge.com\/wp-content\/uploads\/2025\/09\/logo.webp","contentUrl":"https:\/\/www.sj-gauge.com\/wp-content\/uploads\/2025\/09\/logo.webp","width":348,"height":184,"caption":"Your Expert in Pressure Temp and Smart Transmitters - SJ Gauge"},"image":{"@id":"https:\/\/www.sj-gauge.com\/#\/schema\/logo\/image\/"}}]}},"_links":{"self":[{"href":"https:\/\/www.sj-gauge.com\/es\/wp-json\/wp\/v2\/product\/2509","targetHints":{"allow":["GET"]}}],"collection":[{"href":"https:\/\/www.sj-gauge.com\/es\/wp-json\/wp\/v2\/product"}],"about":[{"href":"https:\/\/www.sj-gauge.com\/es\/wp-json\/wp\/v2\/types\/product"}],"wp:featuredmedia":[{"embeddable":true,"href":"https:\/\/www.sj-gauge.com\/es\/wp-json\/wp\/v2\/media\/2522"}],"wp:attachment":[{"href":"https:\/\/www.sj-gauge.com\/es\/wp-json\/wp\/v2\/media?parent=2509"}],"wp:term":[{"taxonomy":"product_brand","embeddable":true,"href":"https:\/\/www.sj-gauge.com\/es\/wp-json\/wp\/v2\/product_brand?post=2509"},{"taxonomy":"product_cat","embeddable":true,"href":"https:\/\/www.sj-gauge.com\/es\/wp-json\/wp\/v2\/product_cat?post=2509"},{"taxonomy":"product_tag","embeddable":true,"href":"https:\/\/www.sj-gauge.com\/es\/wp-json\/wp\/v2\/product_tag?post=2509"}],"curies":[{"name":"wp","href":"https:\/\/api.w.org\/{rel}","templated":true}]}}