{"id":2536,"date":"2025-12-12T16:20:06","date_gmt":"2025-12-12T08:20:06","guid":{"rendered":"https:\/\/sj-gauge.com\/?post_type=product&#038;p=2536"},"modified":"2026-04-20T09:27:22","modified_gmt":"2026-04-20T01:27:22","slug":"mtr-s-e","status":"publish","type":"product","link":"https:\/\/www.sj-gauge.com\/es\/producto\/mtr-s-e\/","title":{"rendered":"Term\u00f3metro de expansi\u00f3n, contacto de aviso\/alarma y capilar"},"content":{"rendered":"<p>El MTR.S-E es un term\u00f3metro de expansi\u00f3n capilar equipado con contactos de conmutaci\u00f3n de aviso\/alarma, dise\u00f1ado para aplicaciones industriales que requieren tanto indicaci\u00f3n de temperatura como salida de se\u00f1al. Su longitud capilar ajustable permite la lectura a distancia separando la pantalla del punto de medici\u00f3n. Fabricado en acero inoxidable y con un rango de temperatura de hasta 700 \u00b0C, el MTR.S-E admite contactos de conmutaci\u00f3n simples o dobles para fines de alarma o control. Se utiliza ampliamente en equipos de proceso, sistemas de calefacci\u00f3n, plantas qu\u00edmicas y aplicaciones relacionadas con la energ\u00eda.<\/p>","protected":false},"excerpt":{"rendered":"<ul>\n<li>Puede medir los dispositivos de temperatura con contactos el\u00e9ctricos<\/li>\n<li>La longitud del capilar puede ajustarse a voluntad para la observaci\u00f3n a distancia<\/li>\n<li>Si no necesita la funci\u00f3n de contacto, consulte MTR.S<\/li>\n<\/ul>","protected":false},"featured_media":2544,"template":"","meta":{"_acf_changed":false},"product_brand":[40],"product_cat":[43,23],"product_tag":[],"class_list":{"0":"post-2536","1":"product","2":"type-product","3":"status-publish","4":"has-post-thumbnail","6":"product_brand-sj-gauge","7":"product_cat-temperature-instruments","8":"product_cat-thermometers","10":"first","11":"instock","12":"shipping-taxable","13":"product-type-simple"},"acf":[],"yoast_head":"<!-- This site is optimized with the Yoast SEO Premium plugin v26.7 (Yoast SEO v27.4) - https:\/\/yoast.com\/product\/yoast-seo-premium-wordpress\/ -->\n<title>Capillary Thermometer with Alarm Contact MTR.S-E | Remote Temperature Control | SJ Gauge<\/title>\n<meta name=\"description\" content=\"MTR.S-E capillary thermometer with alarm contact enables remote temperature monitoring and control. Adjustable capillary length, supports up to 700\u00b0C, with switch output for industrial automation and safety systems. | SJ Gauge\" \/>\n<meta name=\"robots\" content=\"index, follow, max-snippet:-1, max-image-preview:large, max-video-preview:-1\" \/>\n<link rel=\"canonical\" href=\"https:\/\/www.sj-gauge.com\/es\/producto\/mtr-s-e\/\" \/>\n<meta property=\"og:locale\" content=\"es_ES\" \/>\n<meta property=\"og:type\" content=\"article\" \/>\n<meta property=\"og:title\" content=\"Expansion Thermometer, Warning\/Alarm Contact and Capillary\" \/>\n<meta property=\"og:description\" content=\"MTR.S-E capillary thermometer with alarm contact enables remote temperature monitoring and control. Adjustable capillary length, supports up to 700\u00b0C, with switch output for industrial automation and safety systems. | SJ Gauge\" \/>\n<meta property=\"og:url\" content=\"https:\/\/www.sj-gauge.com\/es\/producto\/mtr-s-e\/\" \/>\n<meta property=\"og:site_name\" content=\"SJ Gauge | Pressure Gauges, Thermometers &amp; Pressure Sensors\" \/>\n<meta property=\"article:modified_time\" content=\"2026-04-20T01:27:22+00:00\" \/>\n<meta property=\"og:image\" content=\"https:\/\/www.sj-gauge.com\/wp-content\/uploads\/2025\/12\/SJ-Gauge-expansion-thermometer-capillary-alarm-contact.jpg\" \/>\n\t<meta property=\"og:image:width\" content=\"1200\" \/>\n\t<meta property=\"og:image:height\" content=\"1000\" \/>\n\t<meta property=\"og:image:type\" content=\"image\/jpeg\" \/>\n<meta name=\"twitter:card\" content=\"summary_large_image\" \/>\n<meta name=\"twitter:label1\" content=\"Tiempo de lectura\" \/>\n\t<meta name=\"twitter:data1\" content=\"1 minuto\" \/>\n<script type=\"application\/ld+json\" class=\"yoast-schema-graph\">{\"@context\":\"https:\\\/\\\/schema.org\",\"@graph\":[{\"@type\":\"WebPage\",\"@id\":\"https:\\\/\\\/www.sj-gauge.com\\\/product\\\/mtr-s-e\\\/\",\"url\":\"https:\\\/\\\/www.sj-gauge.com\\\/product\\\/mtr-s-e\\\/\",\"name\":\"Capillary Thermometer with Alarm Contact MTR.S-E | Remote Temperature Control | SJ Gauge\",\"isPartOf\":{\"@id\":\"https:\\\/\\\/www.sj-gauge.com\\\/#website\"},\"primaryImageOfPage\":{\"@id\":\"https:\\\/\\\/www.sj-gauge.com\\\/product\\\/mtr-s-e\\\/#primaryimage\"},\"image\":{\"@id\":\"https:\\\/\\\/www.sj-gauge.com\\\/product\\\/mtr-s-e\\\/#primaryimage\"},\"thumbnailUrl\":\"https:\\\/\\\/www.sj-gauge.com\\\/wp-content\\\/uploads\\\/2025\\\/12\\\/SJ-Gauge-expansion-thermometer-capillary-alarm-contact.jpg\",\"datePublished\":\"2025-12-12T08:20:06+00:00\",\"dateModified\":\"2026-04-20T01:27:22+00:00\",\"description\":\"MTR.S-E capillary thermometer with alarm contact enables remote temperature monitoring and control. Adjustable capillary length, supports up to 700\u00b0C, with switch output for industrial automation and safety systems. | SJ Gauge\",\"breadcrumb\":{\"@id\":\"https:\\\/\\\/www.sj-gauge.com\\\/product\\\/mtr-s-e\\\/#breadcrumb\"},\"inLanguage\":\"es\",\"potentialAction\":[{\"@type\":\"ReadAction\",\"target\":[\"https:\\\/\\\/www.sj-gauge.com\\\/product\\\/mtr-s-e\\\/\"]}]},{\"@type\":\"ImageObject\",\"inLanguage\":\"es\",\"@id\":\"https:\\\/\\\/www.sj-gauge.com\\\/product\\\/mtr-s-e\\\/#primaryimage\",\"url\":\"https:\\\/\\\/www.sj-gauge.com\\\/wp-content\\\/uploads\\\/2025\\\/12\\\/SJ-Gauge-expansion-thermometer-capillary-alarm-contact.jpg\",\"contentUrl\":\"https:\\\/\\\/www.sj-gauge.com\\\/wp-content\\\/uploads\\\/2025\\\/12\\\/SJ-Gauge-expansion-thermometer-capillary-alarm-contact.jpg\",\"width\":1200,\"height\":1000},{\"@type\":\"BreadcrumbList\",\"@id\":\"https:\\\/\\\/www.sj-gauge.com\\\/product\\\/mtr-s-e\\\/#breadcrumb\",\"itemListElement\":[{\"@type\":\"ListItem\",\"position\":1,\"name\":\"Home\",\"item\":\"https:\\\/\\\/www.sj-gauge.com\\\/\"},{\"@type\":\"ListItem\",\"position\":2,\"name\":\"Products\",\"item\":\"https:\\\/\\\/www.sj-gauge.com\\\/products\\\/\"},{\"@type\":\"ListItem\",\"position\":3,\"name\":\"Expansion Thermometer, Warning\\\/Alarm Contact and Capillary\"}]},{\"@type\":\"WebSite\",\"@id\":\"https:\\\/\\\/www.sj-gauge.com\\\/#website\",\"url\":\"https:\\\/\\\/www.sj-gauge.com\\\/\",\"name\":\"SJ Gauge | Pressure Gauges, Thermometers &amp; Pressure Sensors\",\"description\":\"Manufacturer of industrial pressure gauges, pressure sensors, and transmitters. SJ Gauge provides high accuracy, durable materials, and custom solutions for oil &amp; gas, chemical, and industrial applications.\",\"publisher\":{\"@id\":\"https:\\\/\\\/www.sj-gauge.com\\\/#organization\"},\"potentialAction\":[{\"@type\":\"SearchAction\",\"target\":{\"@type\":\"EntryPoint\",\"urlTemplate\":\"https:\\\/\\\/www.sj-gauge.com\\\/?s={search_term_string}\"},\"query-input\":{\"@type\":\"PropertyValueSpecification\",\"valueRequired\":true,\"valueName\":\"search_term_string\"}}],\"inLanguage\":\"es\"},{\"@type\":\"Organization\",\"@id\":\"https:\\\/\\\/www.sj-gauge.com\\\/#organization\",\"name\":\"SJ Gauge | Pressure Gauges, Thermometers &amp; Pressure Sensors\",\"url\":\"https:\\\/\\\/www.sj-gauge.com\\\/\",\"logo\":{\"@type\":\"ImageObject\",\"inLanguage\":\"es\",\"@id\":\"https:\\\/\\\/www.sj-gauge.com\\\/#\\\/schema\\\/logo\\\/image\\\/\",\"url\":\"https:\\\/\\\/www.sj-gauge.com\\\/wp-content\\\/uploads\\\/2025\\\/09\\\/logo.webp\",\"contentUrl\":\"https:\\\/\\\/www.sj-gauge.com\\\/wp-content\\\/uploads\\\/2025\\\/09\\\/logo.webp\",\"width\":348,\"height\":184,\"caption\":\"SJ Gauge | Pressure Gauges, Thermometers &amp; Pressure Sensors\"},\"image\":{\"@id\":\"https:\\\/\\\/www.sj-gauge.com\\\/#\\\/schema\\\/logo\\\/image\\\/\"}}]}<\/script>\n<!-- \/ Yoast SEO Premium plugin. -->","yoast_head_json":{"title":"Term\u00f3metro capilar con contacto de alarma MTR.S-E | Control remoto de temperatura | SJ Gauge","description":"El term\u00f3metro capilar MTR.S-E con contacto de alarma permite supervisar y controlar la temperatura a distancia. Longitud capilar ajustable, soporta hasta 700\u00b0C, con salida de conmutaci\u00f3n para automatizaci\u00f3n industrial y sistemas de seguridad. | SJ Gauge","robots":{"index":"index","follow":"follow","max-snippet":"max-snippet:-1","max-image-preview":"max-image-preview:large","max-video-preview":"max-video-preview:-1"},"canonical":"https:\/\/www.sj-gauge.com\/es\/producto\/mtr-s-e\/","og_locale":"es_ES","og_type":"article","og_title":"Expansion Thermometer, Warning\/Alarm Contact and Capillary","og_description":"MTR.S-E capillary thermometer with alarm contact enables remote temperature monitoring and control. Adjustable capillary length, supports up to 700\u00b0C, with switch output for industrial automation and safety systems. | SJ Gauge","og_url":"https:\/\/www.sj-gauge.com\/es\/producto\/mtr-s-e\/","og_site_name":"SJ Gauge | Pressure Gauges, Thermometers &amp; Pressure Sensors","article_modified_time":"2026-04-20T01:27:22+00:00","og_image":[{"width":1200,"height":1000,"url":"https:\/\/www.sj-gauge.com\/wp-content\/uploads\/2025\/12\/SJ-Gauge-expansion-thermometer-capillary-alarm-contact.jpg","type":"image\/jpeg"}],"twitter_card":"summary_large_image","twitter_misc":{"Tiempo de lectura":"1 minuto"},"schema":{"@context":"https:\/\/schema.org","@graph":[{"@type":"WebPage","@id":"https:\/\/www.sj-gauge.com\/product\/mtr-s-e\/","url":"https:\/\/www.sj-gauge.com\/product\/mtr-s-e\/","name":"Term\u00f3metro capilar con contacto de alarma MTR.S-E | Control remoto de temperatura | SJ Gauge","isPartOf":{"@id":"https:\/\/www.sj-gauge.com\/#website"},"primaryImageOfPage":{"@id":"https:\/\/www.sj-gauge.com\/product\/mtr-s-e\/#primaryimage"},"image":{"@id":"https:\/\/www.sj-gauge.com\/product\/mtr-s-e\/#primaryimage"},"thumbnailUrl":"https:\/\/www.sj-gauge.com\/wp-content\/uploads\/2025\/12\/SJ-Gauge-expansion-thermometer-capillary-alarm-contact.jpg","datePublished":"2025-12-12T08:20:06+00:00","dateModified":"2026-04-20T01:27:22+00:00","description":"El term\u00f3metro capilar MTR.S-E con contacto de alarma permite supervisar y controlar la temperatura a distancia. Longitud capilar ajustable, soporta hasta 700\u00b0C, con salida de conmutaci\u00f3n para automatizaci\u00f3n industrial y sistemas de seguridad. | SJ Gauge","breadcrumb":{"@id":"https:\/\/www.sj-gauge.com\/product\/mtr-s-e\/#breadcrumb"},"inLanguage":"es","potentialAction":[{"@type":"ReadAction","target":["https:\/\/www.sj-gauge.com\/product\/mtr-s-e\/"]}]},{"@type":"ImageObject","inLanguage":"es","@id":"https:\/\/www.sj-gauge.com\/product\/mtr-s-e\/#primaryimage","url":"https:\/\/www.sj-gauge.com\/wp-content\/uploads\/2025\/12\/SJ-Gauge-expansion-thermometer-capillary-alarm-contact.jpg","contentUrl":"https:\/\/www.sj-gauge.com\/wp-content\/uploads\/2025\/12\/SJ-Gauge-expansion-thermometer-capillary-alarm-contact.jpg","width":1200,"height":1000},{"@type":"BreadcrumbList","@id":"https:\/\/www.sj-gauge.com\/product\/mtr-s-e\/#breadcrumb","itemListElement":[{"@type":"ListItem","position":1,"name":"Home","item":"https:\/\/www.sj-gauge.com\/"},{"@type":"ListItem","position":2,"name":"Products","item":"https:\/\/www.sj-gauge.com\/products\/"},{"@type":"ListItem","position":3,"name":"Expansion Thermometer, Warning\/Alarm Contact and Capillary"}]},{"@type":"WebSite","@id":"https:\/\/www.sj-gauge.com\/#website","url":"https:\/\/www.sj-gauge.com\/","name":"SJ Gauge | Man\u00f3metros, term\u00f3metros y sensores de presi\u00f3n","description":"Fabricante de man\u00f3metros industriales, sensores de presi\u00f3n y transmisores. SJ Gauge ofrece alta precisi\u00f3n, materiales duraderos y soluciones personalizadas para aplicaciones de petr\u00f3leo y gas, qu\u00edmicas e industriales.","publisher":{"@id":"https:\/\/www.sj-gauge.com\/#organization"},"potentialAction":[{"@type":"SearchAction","target":{"@type":"EntryPoint","urlTemplate":"https:\/\/www.sj-gauge.com\/?s={search_term_string}"},"query-input":{"@type":"PropertyValueSpecification","valueRequired":true,"valueName":"search_term_string"}}],"inLanguage":"es"},{"@type":"Organization","@id":"https:\/\/www.sj-gauge.com\/#organization","name":"SJ Gauge | Man\u00f3metros, term\u00f3metros y sensores de presi\u00f3n","url":"https:\/\/www.sj-gauge.com\/","logo":{"@type":"ImageObject","inLanguage":"es","@id":"https:\/\/www.sj-gauge.com\/#\/schema\/logo\/image\/","url":"https:\/\/www.sj-gauge.com\/wp-content\/uploads\/2025\/09\/logo.webp","contentUrl":"https:\/\/www.sj-gauge.com\/wp-content\/uploads\/2025\/09\/logo.webp","width":348,"height":184,"caption":"SJ Gauge | Pressure Gauges, Thermometers &amp; Pressure Sensors"},"image":{"@id":"https:\/\/www.sj-gauge.com\/#\/schema\/logo\/image\/"}}]}},"_links":{"self":[{"href":"https:\/\/www.sj-gauge.com\/es\/wp-json\/wp\/v2\/product\/2536","targetHints":{"allow":["GET"]}}],"collection":[{"href":"https:\/\/www.sj-gauge.com\/es\/wp-json\/wp\/v2\/product"}],"about":[{"href":"https:\/\/www.sj-gauge.com\/es\/wp-json\/wp\/v2\/types\/product"}],"wp:featuredmedia":[{"embeddable":true,"href":"https:\/\/www.sj-gauge.com\/es\/wp-json\/wp\/v2\/media\/2544"}],"wp:attachment":[{"href":"https:\/\/www.sj-gauge.com\/es\/wp-json\/wp\/v2\/media?parent=2536"}],"wp:term":[{"taxonomy":"product_brand","embeddable":true,"href":"https:\/\/www.sj-gauge.com\/es\/wp-json\/wp\/v2\/product_brand?post=2536"},{"taxonomy":"product_cat","embeddable":true,"href":"https:\/\/www.sj-gauge.com\/es\/wp-json\/wp\/v2\/product_cat?post=2536"},{"taxonomy":"product_tag","embeddable":true,"href":"https:\/\/www.sj-gauge.com\/es\/wp-json\/wp\/v2\/product_tag?post=2536"}],"curies":[{"name":"wp","href":"https:\/\/api.w.org\/{rel}","templated":true}]}}