{"id":2547,"date":"2025-12-12T17:02:20","date_gmt":"2025-12-12T09:02:20","guid":{"rendered":"https:\/\/sj-gauge.com\/?post_type=product&#038;p=2547"},"modified":"2026-04-05T21:21:10","modified_gmt":"2026-04-05T13:21:10","slug":"dthd","status":"publish","type":"product","link":"https:\/\/www.sj-gauge.com\/es\/producto\/dthd\/","title":{"rendered":"Term\u00f3metro digital, pantalla LCD"},"content":{"rendered":"<p>El term\u00f3metro digital DTHD incorpora una clara pantalla LCD de 4 d\u00edgitos para la lectura instant\u00e1nea de la temperatura in situ, proporcionando una medici\u00f3n precisa y fiable en entornos industriales. Con un rango de medici\u00f3n de -50\u00b0C a 150\u00b0C y una precisi\u00f3n de \u00b11\u00b0C, es adecuado para una amplia gama de aplicaciones, como sistemas de calefacci\u00f3n, ventilaci\u00f3n y aire acondicionado, maquinaria y supervisi\u00f3n de procesos en general.Construido con una carcasa de acero inoxidable (304\/316 SS), el term\u00f3metro garantiza durabilidad y resistencia a la corrosi\u00f3n. Ofrece opciones de instalaci\u00f3n flexibles, como montaje inferior, montaje posterior y \u00e1ngulo ajustable, junto con varias conexiones a proceso y longitudes de v\u00e1stago para facilitar la integraci\u00f3n en diferentes sistemas. El dise\u00f1o alimentado por pilas permite un funcionamiento c\u00f3modo y un mantenimiento sencillo, lo que lo convierte en una soluci\u00f3n ideal para la supervisi\u00f3n de la temperatura industrial.<\/p>","protected":false},"excerpt":{"rendered":"<ul>\n<li>El term\u00f3metro digital LCD permite visualizar la temperatura in situ al instante<\/li>\n<li>Term\u00f3metro digital con pantalla LCD de 4 d\u00edgitos, clara y f\u00e1cil de leer<\/li>\n<\/ul>","protected":false},"featured_media":2551,"template":"","meta":{"_acf_changed":false},"product_brand":[40],"product_cat":[43,23],"product_tag":[],"class_list":{"0":"post-2547","1":"product","2":"type-product","3":"status-publish","4":"has-post-thumbnail","6":"product_brand-sj-gauge","7":"product_cat-temperature-instruments","8":"product_cat-thermometers","10":"first","11":"instock","12":"shipping-taxable","13":"product-type-simple"},"acf":[],"yoast_head":"<!-- This site is optimized with the Yoast SEO Premium plugin v26.7 (Yoast SEO v27.4) - https:\/\/yoast.com\/product\/yoast-seo-premium-wordpress\/ -->\n<title>Industrial Digital Thermometer DTHD | LCD Temperature Display | SJ Gauge<\/title>\n<meta name=\"description\" content=\"DTHD digital thermometer with LCD display provides clear and instant temperature reading. Stainless steel construction, replaceable battery, and suitable for industrial applications up to 150\u00b0C. | SJ Gauge\" \/>\n<meta name=\"robots\" content=\"index, follow, max-snippet:-1, max-image-preview:large, max-video-preview:-1\" \/>\n<link rel=\"canonical\" href=\"https:\/\/www.sj-gauge.com\/es\/producto\/dthd\/\" \/>\n<meta property=\"og:locale\" content=\"es_ES\" \/>\n<meta property=\"og:type\" content=\"article\" \/>\n<meta property=\"og:title\" content=\"Digital Thermometer, LCD Display\" \/>\n<meta property=\"og:description\" content=\"DTHD digital thermometer with LCD display provides clear and instant temperature reading. Stainless steel construction, replaceable battery, and suitable for industrial applications up to 150\u00b0C. | SJ Gauge\" \/>\n<meta property=\"og:url\" content=\"https:\/\/www.sj-gauge.com\/es\/producto\/dthd\/\" \/>\n<meta property=\"og:site_name\" content=\"SJ Gauge | Pressure Gauges, Thermometers &amp; Pressure Sensors\" \/>\n<meta property=\"article:modified_time\" content=\"2026-04-05T13:21:10+00:00\" \/>\n<meta property=\"og:image\" content=\"https:\/\/www.sj-gauge.com\/wp-content\/uploads\/2025\/12\/01_SJ-Gauge_digital_temperature_gauge_with_LCD_display_L.jpg\" \/>\n\t<meta property=\"og:image:width\" content=\"1200\" \/>\n\t<meta property=\"og:image:height\" content=\"1000\" \/>\n\t<meta property=\"og:image:type\" content=\"image\/jpeg\" \/>\n<meta name=\"twitter:card\" content=\"summary_large_image\" \/>\n<meta name=\"twitter:label1\" content=\"Tiempo de lectura\" \/>\n\t<meta name=\"twitter:data1\" content=\"1 minuto\" \/>\n<script type=\"application\/ld+json\" class=\"yoast-schema-graph\">{\"@context\":\"https:\\\/\\\/schema.org\",\"@graph\":[{\"@type\":\"WebPage\",\"@id\":\"https:\\\/\\\/www.sj-gauge.com\\\/product\\\/dthd\\\/\",\"url\":\"https:\\\/\\\/www.sj-gauge.com\\\/product\\\/dthd\\\/\",\"name\":\"Industrial Digital Thermometer DTHD | LCD Temperature Display | SJ Gauge\",\"isPartOf\":{\"@id\":\"https:\\\/\\\/www.sj-gauge.com\\\/#website\"},\"primaryImageOfPage\":{\"@id\":\"https:\\\/\\\/www.sj-gauge.com\\\/product\\\/dthd\\\/#primaryimage\"},\"image\":{\"@id\":\"https:\\\/\\\/www.sj-gauge.com\\\/product\\\/dthd\\\/#primaryimage\"},\"thumbnailUrl\":\"https:\\\/\\\/www.sj-gauge.com\\\/wp-content\\\/uploads\\\/2025\\\/12\\\/01_SJ-Gauge_digital_temperature_gauge_with_LCD_display_L.jpg\",\"datePublished\":\"2025-12-12T09:02:20+00:00\",\"dateModified\":\"2026-04-05T13:21:10+00:00\",\"description\":\"DTHD digital thermometer with LCD display provides clear and instant temperature reading. Stainless steel construction, replaceable battery, and suitable for industrial applications up to 150\u00b0C. | SJ Gauge\",\"breadcrumb\":{\"@id\":\"https:\\\/\\\/www.sj-gauge.com\\\/product\\\/dthd\\\/#breadcrumb\"},\"inLanguage\":\"es\",\"potentialAction\":[{\"@type\":\"ReadAction\",\"target\":[\"https:\\\/\\\/www.sj-gauge.com\\\/product\\\/dthd\\\/\"]}]},{\"@type\":\"ImageObject\",\"inLanguage\":\"es\",\"@id\":\"https:\\\/\\\/www.sj-gauge.com\\\/product\\\/dthd\\\/#primaryimage\",\"url\":\"https:\\\/\\\/www.sj-gauge.com\\\/wp-content\\\/uploads\\\/2025\\\/12\\\/01_SJ-Gauge_digital_temperature_gauge_with_LCD_display_L.jpg\",\"contentUrl\":\"https:\\\/\\\/www.sj-gauge.com\\\/wp-content\\\/uploads\\\/2025\\\/12\\\/01_SJ-Gauge_digital_temperature_gauge_with_LCD_display_L.jpg\",\"width\":1200,\"height\":1000},{\"@type\":\"BreadcrumbList\",\"@id\":\"https:\\\/\\\/www.sj-gauge.com\\\/product\\\/dthd\\\/#breadcrumb\",\"itemListElement\":[{\"@type\":\"ListItem\",\"position\":1,\"name\":\"Home\",\"item\":\"https:\\\/\\\/www.sj-gauge.com\\\/\"},{\"@type\":\"ListItem\",\"position\":2,\"name\":\"Products\",\"item\":\"https:\\\/\\\/www.sj-gauge.com\\\/products\\\/\"},{\"@type\":\"ListItem\",\"position\":3,\"name\":\"Digital Thermometer, LCD Display\"}]},{\"@type\":\"WebSite\",\"@id\":\"https:\\\/\\\/www.sj-gauge.com\\\/#website\",\"url\":\"https:\\\/\\\/www.sj-gauge.com\\\/\",\"name\":\"SJ Gauge | Pressure Gauges, Thermometers &amp; Pressure Sensors\",\"description\":\"Manufacturer of industrial pressure gauges, pressure sensors, and transmitters. SJ Gauge provides high accuracy, durable materials, and custom solutions for oil &amp; gas, chemical, and industrial applications.\",\"publisher\":{\"@id\":\"https:\\\/\\\/www.sj-gauge.com\\\/#organization\"},\"potentialAction\":[{\"@type\":\"SearchAction\",\"target\":{\"@type\":\"EntryPoint\",\"urlTemplate\":\"https:\\\/\\\/www.sj-gauge.com\\\/?s={search_term_string}\"},\"query-input\":{\"@type\":\"PropertyValueSpecification\",\"valueRequired\":true,\"valueName\":\"search_term_string\"}}],\"inLanguage\":\"es\"},{\"@type\":\"Organization\",\"@id\":\"https:\\\/\\\/www.sj-gauge.com\\\/#organization\",\"name\":\"SJ Gauge | Pressure Gauges, Thermometers &amp; Pressure Sensors\",\"url\":\"https:\\\/\\\/www.sj-gauge.com\\\/\",\"logo\":{\"@type\":\"ImageObject\",\"inLanguage\":\"es\",\"@id\":\"https:\\\/\\\/www.sj-gauge.com\\\/#\\\/schema\\\/logo\\\/image\\\/\",\"url\":\"https:\\\/\\\/www.sj-gauge.com\\\/wp-content\\\/uploads\\\/2025\\\/09\\\/logo.webp\",\"contentUrl\":\"https:\\\/\\\/www.sj-gauge.com\\\/wp-content\\\/uploads\\\/2025\\\/09\\\/logo.webp\",\"width\":348,\"height\":184,\"caption\":\"SJ Gauge | Pressure Gauges, Thermometers &amp; Pressure Sensors\"},\"image\":{\"@id\":\"https:\\\/\\\/www.sj-gauge.com\\\/#\\\/schema\\\/logo\\\/image\\\/\"}}]}<\/script>\n<!-- \/ Yoast SEO Premium plugin. -->","yoast_head_json":{"title":"Term\u00f3metro digital industrial DTHD | Indicador de temperatura LCD | SJ Gauge","description":"El term\u00f3metro digital DTHD con pantalla LCD proporciona una lectura clara e instant\u00e1nea de la temperatura. Construcci\u00f3n en acero inoxidable, bater\u00eda reemplazable y apto para aplicaciones industriales de hasta 150\u00b0C. | SJ Gauge","robots":{"index":"index","follow":"follow","max-snippet":"max-snippet:-1","max-image-preview":"max-image-preview:large","max-video-preview":"max-video-preview:-1"},"canonical":"https:\/\/www.sj-gauge.com\/es\/producto\/dthd\/","og_locale":"es_ES","og_type":"article","og_title":"Digital Thermometer, LCD Display","og_description":"DTHD digital thermometer with LCD display provides clear and instant temperature reading. Stainless steel construction, replaceable battery, and suitable for industrial applications up to 150\u00b0C. | SJ Gauge","og_url":"https:\/\/www.sj-gauge.com\/es\/producto\/dthd\/","og_site_name":"SJ Gauge | Pressure Gauges, Thermometers &amp; Pressure Sensors","article_modified_time":"2026-04-05T13:21:10+00:00","og_image":[{"width":1200,"height":1000,"url":"https:\/\/www.sj-gauge.com\/wp-content\/uploads\/2025\/12\/01_SJ-Gauge_digital_temperature_gauge_with_LCD_display_L.jpg","type":"image\/jpeg"}],"twitter_card":"summary_large_image","twitter_misc":{"Tiempo de lectura":"1 minuto"},"schema":{"@context":"https:\/\/schema.org","@graph":[{"@type":"WebPage","@id":"https:\/\/www.sj-gauge.com\/product\/dthd\/","url":"https:\/\/www.sj-gauge.com\/product\/dthd\/","name":"Term\u00f3metro digital industrial DTHD | Indicador de temperatura LCD | SJ Gauge","isPartOf":{"@id":"https:\/\/www.sj-gauge.com\/#website"},"primaryImageOfPage":{"@id":"https:\/\/www.sj-gauge.com\/product\/dthd\/#primaryimage"},"image":{"@id":"https:\/\/www.sj-gauge.com\/product\/dthd\/#primaryimage"},"thumbnailUrl":"https:\/\/www.sj-gauge.com\/wp-content\/uploads\/2025\/12\/01_SJ-Gauge_digital_temperature_gauge_with_LCD_display_L.jpg","datePublished":"2025-12-12T09:02:20+00:00","dateModified":"2026-04-05T13:21:10+00:00","description":"El term\u00f3metro digital DTHD con pantalla LCD proporciona una lectura clara e instant\u00e1nea de la temperatura. Construcci\u00f3n en acero inoxidable, bater\u00eda reemplazable y apto para aplicaciones industriales de hasta 150\u00b0C. | SJ Gauge","breadcrumb":{"@id":"https:\/\/www.sj-gauge.com\/product\/dthd\/#breadcrumb"},"inLanguage":"es","potentialAction":[{"@type":"ReadAction","target":["https:\/\/www.sj-gauge.com\/product\/dthd\/"]}]},{"@type":"ImageObject","inLanguage":"es","@id":"https:\/\/www.sj-gauge.com\/product\/dthd\/#primaryimage","url":"https:\/\/www.sj-gauge.com\/wp-content\/uploads\/2025\/12\/01_SJ-Gauge_digital_temperature_gauge_with_LCD_display_L.jpg","contentUrl":"https:\/\/www.sj-gauge.com\/wp-content\/uploads\/2025\/12\/01_SJ-Gauge_digital_temperature_gauge_with_LCD_display_L.jpg","width":1200,"height":1000},{"@type":"BreadcrumbList","@id":"https:\/\/www.sj-gauge.com\/product\/dthd\/#breadcrumb","itemListElement":[{"@type":"ListItem","position":1,"name":"Home","item":"https:\/\/www.sj-gauge.com\/"},{"@type":"ListItem","position":2,"name":"Products","item":"https:\/\/www.sj-gauge.com\/products\/"},{"@type":"ListItem","position":3,"name":"Digital Thermometer, LCD Display"}]},{"@type":"WebSite","@id":"https:\/\/www.sj-gauge.com\/#website","url":"https:\/\/www.sj-gauge.com\/","name":"SJ Gauge | Man\u00f3metros, term\u00f3metros y sensores de presi\u00f3n","description":"Fabricante de man\u00f3metros industriales, sensores de presi\u00f3n y transmisores. SJ Gauge ofrece alta precisi\u00f3n, materiales duraderos y soluciones personalizadas para aplicaciones de petr\u00f3leo y gas, qu\u00edmicas e industriales.","publisher":{"@id":"https:\/\/www.sj-gauge.com\/#organization"},"potentialAction":[{"@type":"SearchAction","target":{"@type":"EntryPoint","urlTemplate":"https:\/\/www.sj-gauge.com\/?s={search_term_string}"},"query-input":{"@type":"PropertyValueSpecification","valueRequired":true,"valueName":"search_term_string"}}],"inLanguage":"es"},{"@type":"Organization","@id":"https:\/\/www.sj-gauge.com\/#organization","name":"SJ Gauge | Man\u00f3metros, term\u00f3metros y sensores de presi\u00f3n","url":"https:\/\/www.sj-gauge.com\/","logo":{"@type":"ImageObject","inLanguage":"es","@id":"https:\/\/www.sj-gauge.com\/#\/schema\/logo\/image\/","url":"https:\/\/www.sj-gauge.com\/wp-content\/uploads\/2025\/09\/logo.webp","contentUrl":"https:\/\/www.sj-gauge.com\/wp-content\/uploads\/2025\/09\/logo.webp","width":348,"height":184,"caption":"SJ Gauge | Pressure Gauges, Thermometers &amp; Pressure Sensors"},"image":{"@id":"https:\/\/www.sj-gauge.com\/#\/schema\/logo\/image\/"}}]}},"_links":{"self":[{"href":"https:\/\/www.sj-gauge.com\/es\/wp-json\/wp\/v2\/product\/2547","targetHints":{"allow":["GET"]}}],"collection":[{"href":"https:\/\/www.sj-gauge.com\/es\/wp-json\/wp\/v2\/product"}],"about":[{"href":"https:\/\/www.sj-gauge.com\/es\/wp-json\/wp\/v2\/types\/product"}],"wp:featuredmedia":[{"embeddable":true,"href":"https:\/\/www.sj-gauge.com\/es\/wp-json\/wp\/v2\/media\/2551"}],"wp:attachment":[{"href":"https:\/\/www.sj-gauge.com\/es\/wp-json\/wp\/v2\/media?parent=2547"}],"wp:term":[{"taxonomy":"product_brand","embeddable":true,"href":"https:\/\/www.sj-gauge.com\/es\/wp-json\/wp\/v2\/product_brand?post=2547"},{"taxonomy":"product_cat","embeddable":true,"href":"https:\/\/www.sj-gauge.com\/es\/wp-json\/wp\/v2\/product_cat?post=2547"},{"taxonomy":"product_tag","embeddable":true,"href":"https:\/\/www.sj-gauge.com\/es\/wp-json\/wp\/v2\/product_tag?post=2547"}],"curies":[{"name":"wp","href":"https:\/\/api.w.org\/{rel}","templated":true}]}}