{"id":2552,"date":"2025-12-12T17:21:31","date_gmt":"2025-12-12T09:21:31","guid":{"rendered":"https:\/\/sj-gauge.com\/?post_type=product&#038;p=2552"},"modified":"2026-04-05T19:33:08","modified_gmt":"2026-04-05T11:33:08","slug":"dthit","status":"publish","type":"product","link":"https:\/\/www.sj-gauge.com\/es\/producto\/dthit\/","title":{"rendered":"Term\u00f3metro de doble temperatura"},"content":{"rendered":"<p>El term\u00f3metro de temperatura doble DTHIT combina la indicaci\u00f3n anal\u00f3gica local con la salida de se\u00f1al remota, lo que permite la lectura de la temperatura en tiempo real y la transmisi\u00f3n de la se\u00f1al al mismo tiempo. Admite se\u00f1ales de salida de tipo K, PT100\u03a9 o 4-20 mA y soporta temperaturas de hasta 600 \u00b0C. Construido totalmente en acero inoxidable, ofrece una excelente durabilidad y resistencia al calor. Con opciones de montaje inferior, montaje posterior y \u00e1ngulo ajustable, el DTHIT es muy adecuado para la supervisi\u00f3n de procesos y el control autom\u00e1tico en aplicaciones energ\u00e9ticas, qu\u00edmicas, de fabricaci\u00f3n de equipos e industriales de alta temperatura.<\/p>","protected":false},"excerpt":{"rendered":"<ul>\n<li>Salida de se\u00f1al K-TYPE, PT100\u03a9 o 4~20mA para observaci\u00f3n remota.<\/li>\n<li>De acero inoxidable, resistente a altas temperaturas de hasta 600\u00b0C<\/li>\n<li>Adecuado para la supervisi\u00f3n a distancia y el control autom\u00e1tico<\/li>\n<\/ul>","protected":false},"featured_media":2568,"template":"","meta":{"_acf_changed":false},"product_brand":[40],"product_cat":[43,23],"product_tag":[],"class_list":{"0":"post-2552","1":"product","2":"type-product","3":"status-publish","4":"has-post-thumbnail","6":"product_brand-sj-gauge","7":"product_cat-temperature-instruments","8":"product_cat-thermometers","10":"first","11":"instock","12":"shipping-taxable","13":"product-type-simple"},"acf":[],"yoast_head":"<!-- This site is optimized with the Yoast SEO Premium plugin v26.7 (Yoast SEO v26.7) - https:\/\/yoast.com\/wordpress\/plugins\/seo\/ -->\n<title>Twin Temperature Thermometer DTHIT | Analog &amp; Signal Output | SJ Gauge<\/title>\n<meta name=\"description\" content=\"DTHIT twin temperature thermometer combines local analog display with remote signal output (K-type, PT100, 4-20mA). Designed for real-time monitoring and industrial automation up to 600\u00b0C. | SJ Gauge\" \/>\n<meta name=\"robots\" content=\"index, follow, max-snippet:-1, max-image-preview:large, max-video-preview:-1\" \/>\n<link rel=\"canonical\" href=\"https:\/\/www.sj-gauge.com\/es\/producto\/dthit\/\" \/>\n<meta property=\"og:locale\" content=\"es_ES\" \/>\n<meta property=\"og:type\" content=\"article\" \/>\n<meta property=\"og:title\" content=\"Twin-Temperature Thermometer\" \/>\n<meta property=\"og:description\" content=\"DTHIT twin temperature thermometer combines local analog display with remote signal output (K-type, PT100, 4-20mA). Designed for real-time monitoring and industrial automation up to 600\u00b0C. | SJ Gauge\" \/>\n<meta property=\"og:url\" content=\"https:\/\/www.sj-gauge.com\/es\/producto\/dthit\/\" \/>\n<meta property=\"og:site_name\" content=\"Your Expert in Pressure Temp and Smart Transmitters - SJ Gauge\" \/>\n<meta property=\"article:modified_time\" content=\"2026-04-05T11:33:08+00:00\" \/>\n<meta property=\"og:image\" content=\"https:\/\/www.sj-gauge.com\/wp-content\/uploads\/2025\/12\/SJ-Gauge-twin-temperature-thermometer-high-temperatures-L.jpg\" \/>\n\t<meta property=\"og:image:width\" content=\"1200\" \/>\n\t<meta property=\"og:image:height\" content=\"1000\" \/>\n\t<meta property=\"og:image:type\" content=\"image\/jpeg\" \/>\n<meta name=\"twitter:card\" content=\"summary_large_image\" \/>\n<meta name=\"twitter:label1\" content=\"Tiempo de lectura\" \/>\n\t<meta name=\"twitter:data1\" content=\"1 minuto\" \/>\n<script type=\"application\/ld+json\" class=\"yoast-schema-graph\">{\"@context\":\"https:\/\/schema.org\",\"@graph\":[{\"@type\":\"WebPage\",\"@id\":\"https:\/\/www.sj-gauge.com\/product\/dthit\/\",\"url\":\"https:\/\/www.sj-gauge.com\/product\/dthit\/\",\"name\":\"Twin Temperature Thermometer DTHIT | Analog & Signal Output | SJ Gauge\",\"isPartOf\":{\"@id\":\"https:\/\/www.sj-gauge.com\/#website\"},\"primaryImageOfPage\":{\"@id\":\"https:\/\/www.sj-gauge.com\/product\/dthit\/#primaryimage\"},\"image\":{\"@id\":\"https:\/\/www.sj-gauge.com\/product\/dthit\/#primaryimage\"},\"thumbnailUrl\":\"https:\/\/www.sj-gauge.com\/wp-content\/uploads\/2025\/12\/SJ-Gauge-twin-temperature-thermometer-high-temperatures-L.jpg\",\"datePublished\":\"2025-12-12T09:21:31+00:00\",\"dateModified\":\"2026-04-05T11:33:08+00:00\",\"description\":\"DTHIT twin temperature thermometer combines local analog display with remote signal output (K-type, PT100, 4-20mA). Designed for real-time monitoring and industrial automation up to 600\u00b0C. | SJ Gauge\",\"breadcrumb\":{\"@id\":\"https:\/\/www.sj-gauge.com\/product\/dthit\/#breadcrumb\"},\"inLanguage\":\"es\",\"potentialAction\":[{\"@type\":\"ReadAction\",\"target\":[\"https:\/\/www.sj-gauge.com\/product\/dthit\/\"]}]},{\"@type\":\"ImageObject\",\"inLanguage\":\"es\",\"@id\":\"https:\/\/www.sj-gauge.com\/product\/dthit\/#primaryimage\",\"url\":\"https:\/\/www.sj-gauge.com\/wp-content\/uploads\/2025\/12\/SJ-Gauge-twin-temperature-thermometer-high-temperatures-L.jpg\",\"contentUrl\":\"https:\/\/www.sj-gauge.com\/wp-content\/uploads\/2025\/12\/SJ-Gauge-twin-temperature-thermometer-high-temperatures-L.jpg\",\"width\":1200,\"height\":1000},{\"@type\":\"BreadcrumbList\",\"@id\":\"https:\/\/www.sj-gauge.com\/product\/dthit\/#breadcrumb\",\"itemListElement\":[{\"@type\":\"ListItem\",\"position\":1,\"name\":\"Home\",\"item\":\"https:\/\/www.sj-gauge.com\/\"},{\"@type\":\"ListItem\",\"position\":2,\"name\":\"Products\",\"item\":\"https:\/\/www.sj-gauge.com\/products\/\"},{\"@type\":\"ListItem\",\"position\":3,\"name\":\"Twin-Temperature Thermometer\"}]},{\"@type\":\"WebSite\",\"@id\":\"https:\/\/www.sj-gauge.com\/#website\",\"url\":\"https:\/\/www.sj-gauge.com\/\",\"name\":\"Your Expert in Pressure Temp and Smart Transmitters - SJ Gauge\",\"description\":\"Manufacturer of industrial pressure gauges, pressure sensors, and transmitters. SJ Gauge provides high accuracy, durable materials, and custom solutions for oil &amp; gas, chemical, and industrial applications.\",\"publisher\":{\"@id\":\"https:\/\/www.sj-gauge.com\/#organization\"},\"potentialAction\":[{\"@type\":\"SearchAction\",\"target\":{\"@type\":\"EntryPoint\",\"urlTemplate\":\"https:\/\/www.sj-gauge.com\/?s={search_term_string}\"},\"query-input\":{\"@type\":\"PropertyValueSpecification\",\"valueRequired\":true,\"valueName\":\"search_term_string\"}}],\"inLanguage\":\"es\"},{\"@type\":\"Organization\",\"@id\":\"https:\/\/www.sj-gauge.com\/#organization\",\"name\":\"Your Expert in Pressure Temp and Smart Transmitters - SJ Gauge\",\"url\":\"https:\/\/www.sj-gauge.com\/\",\"logo\":{\"@type\":\"ImageObject\",\"inLanguage\":\"es\",\"@id\":\"https:\/\/www.sj-gauge.com\/#\/schema\/logo\/image\/\",\"url\":\"https:\/\/www.sj-gauge.com\/wp-content\/uploads\/2025\/09\/logo.webp\",\"contentUrl\":\"https:\/\/www.sj-gauge.com\/wp-content\/uploads\/2025\/09\/logo.webp\",\"width\":348,\"height\":184,\"caption\":\"Your Expert in Pressure Temp and Smart Transmitters - SJ Gauge\"},\"image\":{\"@id\":\"https:\/\/www.sj-gauge.com\/#\/schema\/logo\/image\/\"}}]}<\/script>\n<!-- \/ Yoast SEO Premium plugin. -->","yoast_head_json":{"title":"Term\u00f3metro de temperatura doble DTHIT | Salida anal\u00f3gica y de se\u00f1al | SJ Gauge","description":"El term\u00f3metro de temperatura doble DTHIT combina la visualizaci\u00f3n anal\u00f3gica local con la salida de se\u00f1al remota (tipo K, PT100, 4-20 mA). Dise\u00f1ado para monitorizaci\u00f3n en tiempo real y automatizaci\u00f3n industrial hasta 600\u00b0C. | SJ Gauge","robots":{"index":"index","follow":"follow","max-snippet":"max-snippet:-1","max-image-preview":"max-image-preview:large","max-video-preview":"max-video-preview:-1"},"canonical":"https:\/\/www.sj-gauge.com\/es\/producto\/dthit\/","og_locale":"es_ES","og_type":"article","og_title":"Twin-Temperature Thermometer","og_description":"DTHIT twin temperature thermometer combines local analog display with remote signal output (K-type, PT100, 4-20mA). Designed for real-time monitoring and industrial automation up to 600\u00b0C. | SJ Gauge","og_url":"https:\/\/www.sj-gauge.com\/es\/producto\/dthit\/","og_site_name":"Your Expert in Pressure Temp and Smart Transmitters - SJ Gauge","article_modified_time":"2026-04-05T11:33:08+00:00","og_image":[{"width":1200,"height":1000,"url":"https:\/\/www.sj-gauge.com\/wp-content\/uploads\/2025\/12\/SJ-Gauge-twin-temperature-thermometer-high-temperatures-L.jpg","type":"image\/jpeg"}],"twitter_card":"summary_large_image","twitter_misc":{"Tiempo de lectura":"1 minuto"},"schema":{"@context":"https:\/\/schema.org","@graph":[{"@type":"WebPage","@id":"https:\/\/www.sj-gauge.com\/product\/dthit\/","url":"https:\/\/www.sj-gauge.com\/product\/dthit\/","name":"Term\u00f3metro de temperatura doble DTHIT | Salida anal\u00f3gica y de se\u00f1al | SJ Gauge","isPartOf":{"@id":"https:\/\/www.sj-gauge.com\/#website"},"primaryImageOfPage":{"@id":"https:\/\/www.sj-gauge.com\/product\/dthit\/#primaryimage"},"image":{"@id":"https:\/\/www.sj-gauge.com\/product\/dthit\/#primaryimage"},"thumbnailUrl":"https:\/\/www.sj-gauge.com\/wp-content\/uploads\/2025\/12\/SJ-Gauge-twin-temperature-thermometer-high-temperatures-L.jpg","datePublished":"2025-12-12T09:21:31+00:00","dateModified":"2026-04-05T11:33:08+00:00","description":"El term\u00f3metro de temperatura doble DTHIT combina la visualizaci\u00f3n anal\u00f3gica local con la salida de se\u00f1al remota (tipo K, PT100, 4-20 mA). Dise\u00f1ado para monitorizaci\u00f3n en tiempo real y automatizaci\u00f3n industrial hasta 600\u00b0C. | SJ Gauge","breadcrumb":{"@id":"https:\/\/www.sj-gauge.com\/product\/dthit\/#breadcrumb"},"inLanguage":"es","potentialAction":[{"@type":"ReadAction","target":["https:\/\/www.sj-gauge.com\/product\/dthit\/"]}]},{"@type":"ImageObject","inLanguage":"es","@id":"https:\/\/www.sj-gauge.com\/product\/dthit\/#primaryimage","url":"https:\/\/www.sj-gauge.com\/wp-content\/uploads\/2025\/12\/SJ-Gauge-twin-temperature-thermometer-high-temperatures-L.jpg","contentUrl":"https:\/\/www.sj-gauge.com\/wp-content\/uploads\/2025\/12\/SJ-Gauge-twin-temperature-thermometer-high-temperatures-L.jpg","width":1200,"height":1000},{"@type":"BreadcrumbList","@id":"https:\/\/www.sj-gauge.com\/product\/dthit\/#breadcrumb","itemListElement":[{"@type":"ListItem","position":1,"name":"Home","item":"https:\/\/www.sj-gauge.com\/"},{"@type":"ListItem","position":2,"name":"Products","item":"https:\/\/www.sj-gauge.com\/products\/"},{"@type":"ListItem","position":3,"name":"Twin-Temperature Thermometer"}]},{"@type":"WebSite","@id":"https:\/\/www.sj-gauge.com\/#website","url":"https:\/\/www.sj-gauge.com\/","name":"Su experto en Transmisores de presi\u00f3n, temperatura e inteligentes - SJ Gauge","description":"Fabricante de man\u00f3metros industriales, sensores de presi\u00f3n y transmisores. SJ Gauge ofrece alta precisi\u00f3n, materiales duraderos y soluciones personalizadas para aplicaciones de petr\u00f3leo y gas, qu\u00edmicas e industriales.","publisher":{"@id":"https:\/\/www.sj-gauge.com\/#organization"},"potentialAction":[{"@type":"SearchAction","target":{"@type":"EntryPoint","urlTemplate":"https:\/\/www.sj-gauge.com\/?s={search_term_string}"},"query-input":{"@type":"PropertyValueSpecification","valueRequired":true,"valueName":"search_term_string"}}],"inLanguage":"es"},{"@type":"Organization","@id":"https:\/\/www.sj-gauge.com\/#organization","name":"Su experto en Transmisores de presi\u00f3n, temperatura e inteligentes - SJ Gauge","url":"https:\/\/www.sj-gauge.com\/","logo":{"@type":"ImageObject","inLanguage":"es","@id":"https:\/\/www.sj-gauge.com\/#\/schema\/logo\/image\/","url":"https:\/\/www.sj-gauge.com\/wp-content\/uploads\/2025\/09\/logo.webp","contentUrl":"https:\/\/www.sj-gauge.com\/wp-content\/uploads\/2025\/09\/logo.webp","width":348,"height":184,"caption":"Your Expert in Pressure Temp and Smart Transmitters - SJ Gauge"},"image":{"@id":"https:\/\/www.sj-gauge.com\/#\/schema\/logo\/image\/"}}]}},"_links":{"self":[{"href":"https:\/\/www.sj-gauge.com\/es\/wp-json\/wp\/v2\/product\/2552","targetHints":{"allow":["GET"]}}],"collection":[{"href":"https:\/\/www.sj-gauge.com\/es\/wp-json\/wp\/v2\/product"}],"about":[{"href":"https:\/\/www.sj-gauge.com\/es\/wp-json\/wp\/v2\/types\/product"}],"wp:featuredmedia":[{"embeddable":true,"href":"https:\/\/www.sj-gauge.com\/es\/wp-json\/wp\/v2\/media\/2568"}],"wp:attachment":[{"href":"https:\/\/www.sj-gauge.com\/es\/wp-json\/wp\/v2\/media?parent=2552"}],"wp:term":[{"taxonomy":"product_brand","embeddable":true,"href":"https:\/\/www.sj-gauge.com\/es\/wp-json\/wp\/v2\/product_brand?post=2552"},{"taxonomy":"product_cat","embeddable":true,"href":"https:\/\/www.sj-gauge.com\/es\/wp-json\/wp\/v2\/product_cat?post=2552"},{"taxonomy":"product_tag","embeddable":true,"href":"https:\/\/www.sj-gauge.com\/es\/wp-json\/wp\/v2\/product_tag?post=2552"}],"curies":[{"name":"wp","href":"https:\/\/api.w.org\/{rel}","templated":true}]}}