{"id":2621,"date":"2025-12-16T11:40:57","date_gmt":"2025-12-16T03:40:57","guid":{"rendered":"https:\/\/sj-gauge.com\/?post_type=product&#038;p=2621"},"modified":"2026-01-28T13:33:22","modified_gmt":"2026-01-28T05:33:22","slug":"mslcd11","status":"publish","type":"product","link":"https:\/\/www.sj-gauge.com\/es\/producto\/mslcd11\/","title":{"rendered":"Indicador digital acoplable para transmisor"},"content":{"rendered":"<p>El MSLCD11 es una unidad inteligente de visualizaci\u00f3n in situ dise\u00f1ada para sistemas bifilares de 4-20 mA, que permite la instalaci\u00f3n directa en transmisores de presi\u00f3n, temperatura o caudal para la indicaci\u00f3n de valores en tiempo real. Con una gran pantalla LCD con retroiluminaci\u00f3n de alto brillo, proporciona una visualizaci\u00f3n clara y f\u00e1cil de leer de 5 d\u00edgitos de alta precisi\u00f3n, junto con una selecci\u00f3n flexible de unidades y ajuste de par\u00e1metros mediante una interfaz de tres botones. Dispone de una o dos salidas de alarma on\/off opcionales. Con protecci\u00f3n contra sobretensiones de rayo, protecci\u00f3n contra polaridad inversa y un grado de protecci\u00f3n IP65, el MSLCD11 es ideal para la visualizaci\u00f3n industrial en campo, la indicaci\u00f3n de alarmas y la integraci\u00f3n de control b\u00e1sico.<\/p>","protected":false},"excerpt":{"rendered":"<ul>\n<li>Pantalla grande con retroiluminaci\u00f3n<\/li>\n<li>M\u00faltiples unidades de visualizaci\u00f3n, ajuste flexible de 3 botones<\/li>\n<li>Adecuado para transmisores de 4-20 mA con pantalla y salida de alarma on-off<\/li>\n<\/ul>","protected":false},"featured_media":2623,"template":"","meta":{"_acf_changed":false},"product_brand":[40],"product_cat":[66],"product_tag":[],"class_list":{"0":"post-2621","1":"product","2":"type-product","3":"status-publish","4":"has-post-thumbnail","6":"product_brand-sj-gauge","7":"product_cat-digital-panel-meter","9":"first","10":"instock","11":"shipping-taxable","12":"product-type-simple"},"acf":[],"yoast_head":"<!-- This site is optimized with the Yoast SEO Premium plugin v26.7 (Yoast SEO v27.4) - https:\/\/yoast.com\/product\/yoast-seo-premium-wordpress\/ -->\n<title>Attachable Digital Indicator for Transmitter - SJ Gauge | Pressure Gauges, Thermometers &amp; Pressure Sensors<\/title>\n<meta name=\"description\" content=\"MSLCD11 attachable digital indicator features a large backlit screen and supports multiple display units, ideal for real-time readings in field instruments.\" \/>\n<meta name=\"robots\" content=\"index, follow, max-snippet:-1, max-image-preview:large, max-video-preview:-1\" \/>\n<link rel=\"canonical\" href=\"https:\/\/www.sj-gauge.com\/es\/producto\/mslcd11\/\" \/>\n<meta property=\"og:locale\" content=\"es_ES\" \/>\n<meta property=\"og:type\" content=\"article\" \/>\n<meta property=\"og:title\" content=\"Attachable Digital Indicator for Transmitter\" \/>\n<meta property=\"og:description\" content=\"MSLCD11 attachable digital indicator features a large backlit screen and supports multiple display units, ideal for real-time readings in field instruments.\" \/>\n<meta property=\"og:url\" content=\"https:\/\/www.sj-gauge.com\/es\/producto\/mslcd11\/\" \/>\n<meta property=\"og:site_name\" content=\"SJ Gauge | Pressure Gauges, Thermometers &amp; Pressure Sensors\" \/>\n<meta property=\"article:modified_time\" content=\"2026-01-28T05:33:22+00:00\" \/>\n<meta property=\"og:image\" content=\"https:\/\/www.sj-gauge.com\/wp-content\/uploads\/2025\/12\/SJ-Gauge_Attachable_Digital_Indicator_for_Pressure_Transmitter_L.jpg\" \/>\n\t<meta property=\"og:image:width\" content=\"1200\" \/>\n\t<meta property=\"og:image:height\" content=\"1000\" \/>\n\t<meta property=\"og:image:type\" content=\"image\/jpeg\" \/>\n<meta name=\"twitter:card\" content=\"summary_large_image\" \/>\n<meta name=\"twitter:label1\" content=\"Tiempo de lectura\" \/>\n\t<meta name=\"twitter:data1\" content=\"1 minuto\" \/>\n<script type=\"application\/ld+json\" class=\"yoast-schema-graph\">{\"@context\":\"https:\\\/\\\/schema.org\",\"@graph\":[{\"@type\":\"WebPage\",\"@id\":\"https:\\\/\\\/www.sj-gauge.com\\\/product\\\/mslcd11\\\/\",\"url\":\"https:\\\/\\\/www.sj-gauge.com\\\/product\\\/mslcd11\\\/\",\"name\":\"Attachable Digital Indicator for Transmitter - SJ Gauge | Pressure Gauges, Thermometers &amp; Pressure Sensors\",\"isPartOf\":{\"@id\":\"https:\\\/\\\/www.sj-gauge.com\\\/#website\"},\"primaryImageOfPage\":{\"@id\":\"https:\\\/\\\/www.sj-gauge.com\\\/product\\\/mslcd11\\\/#primaryimage\"},\"image\":{\"@id\":\"https:\\\/\\\/www.sj-gauge.com\\\/product\\\/mslcd11\\\/#primaryimage\"},\"thumbnailUrl\":\"https:\\\/\\\/www.sj-gauge.com\\\/wp-content\\\/uploads\\\/2025\\\/12\\\/SJ-Gauge_Attachable_Digital_Indicator_for_Pressure_Transmitter_L.jpg\",\"datePublished\":\"2025-12-16T03:40:57+00:00\",\"dateModified\":\"2026-01-28T05:33:22+00:00\",\"description\":\"MSLCD11 attachable digital indicator features a large backlit screen and supports multiple display units, ideal for real-time readings in field instruments.\",\"breadcrumb\":{\"@id\":\"https:\\\/\\\/www.sj-gauge.com\\\/product\\\/mslcd11\\\/#breadcrumb\"},\"inLanguage\":\"es\",\"potentialAction\":[{\"@type\":\"ReadAction\",\"target\":[\"https:\\\/\\\/www.sj-gauge.com\\\/product\\\/mslcd11\\\/\"]}]},{\"@type\":\"ImageObject\",\"inLanguage\":\"es\",\"@id\":\"https:\\\/\\\/www.sj-gauge.com\\\/product\\\/mslcd11\\\/#primaryimage\",\"url\":\"https:\\\/\\\/www.sj-gauge.com\\\/wp-content\\\/uploads\\\/2025\\\/12\\\/SJ-Gauge_Attachable_Digital_Indicator_for_Pressure_Transmitter_L.jpg\",\"contentUrl\":\"https:\\\/\\\/www.sj-gauge.com\\\/wp-content\\\/uploads\\\/2025\\\/12\\\/SJ-Gauge_Attachable_Digital_Indicator_for_Pressure_Transmitter_L.jpg\",\"width\":1200,\"height\":1000},{\"@type\":\"BreadcrumbList\",\"@id\":\"https:\\\/\\\/www.sj-gauge.com\\\/product\\\/mslcd11\\\/#breadcrumb\",\"itemListElement\":[{\"@type\":\"ListItem\",\"position\":1,\"name\":\"Home\",\"item\":\"https:\\\/\\\/www.sj-gauge.com\\\/\"},{\"@type\":\"ListItem\",\"position\":2,\"name\":\"Products\",\"item\":\"https:\\\/\\\/www.sj-gauge.com\\\/products\\\/\"},{\"@type\":\"ListItem\",\"position\":3,\"name\":\"Attachable Digital Indicator for Transmitter\"}]},{\"@type\":\"WebSite\",\"@id\":\"https:\\\/\\\/www.sj-gauge.com\\\/#website\",\"url\":\"https:\\\/\\\/www.sj-gauge.com\\\/\",\"name\":\"SJ Gauge | Pressure Gauges, Thermometers &amp; Pressure Sensors\",\"description\":\"Manufacturer of industrial pressure gauges, pressure sensors, and transmitters. SJ Gauge provides high accuracy, durable materials, and custom solutions for oil &amp; gas, chemical, and industrial applications.\",\"publisher\":{\"@id\":\"https:\\\/\\\/www.sj-gauge.com\\\/#organization\"},\"potentialAction\":[{\"@type\":\"SearchAction\",\"target\":{\"@type\":\"EntryPoint\",\"urlTemplate\":\"https:\\\/\\\/www.sj-gauge.com\\\/?s={search_term_string}\"},\"query-input\":{\"@type\":\"PropertyValueSpecification\",\"valueRequired\":true,\"valueName\":\"search_term_string\"}}],\"inLanguage\":\"es\"},{\"@type\":\"Organization\",\"@id\":\"https:\\\/\\\/www.sj-gauge.com\\\/#organization\",\"name\":\"SJ Gauge | Pressure Gauges, Thermometers &amp; Pressure Sensors\",\"url\":\"https:\\\/\\\/www.sj-gauge.com\\\/\",\"logo\":{\"@type\":\"ImageObject\",\"inLanguage\":\"es\",\"@id\":\"https:\\\/\\\/www.sj-gauge.com\\\/#\\\/schema\\\/logo\\\/image\\\/\",\"url\":\"https:\\\/\\\/www.sj-gauge.com\\\/wp-content\\\/uploads\\\/2025\\\/09\\\/logo.webp\",\"contentUrl\":\"https:\\\/\\\/www.sj-gauge.com\\\/wp-content\\\/uploads\\\/2025\\\/09\\\/logo.webp\",\"width\":348,\"height\":184,\"caption\":\"SJ Gauge | Pressure Gauges, Thermometers &amp; Pressure Sensors\"},\"image\":{\"@id\":\"https:\\\/\\\/www.sj-gauge.com\\\/#\\\/schema\\\/logo\\\/image\\\/\"}}]}<\/script>\n<!-- \/ Yoast SEO Premium plugin. -->","yoast_head_json":{"title":"Indicador digital acoplable para transmisor - SJ Gauge | Man\u00f3metros, term\u00f3metros y sensores de presi\u00f3n","description":"El indicador digital acoplable MSLCD11 cuenta con una gran pantalla retroiluminada y admite varias unidades de visualizaci\u00f3n, ideal para lecturas en tiempo real en instrumentos de campo.","robots":{"index":"index","follow":"follow","max-snippet":"max-snippet:-1","max-image-preview":"max-image-preview:large","max-video-preview":"max-video-preview:-1"},"canonical":"https:\/\/www.sj-gauge.com\/es\/producto\/mslcd11\/","og_locale":"es_ES","og_type":"article","og_title":"Attachable Digital Indicator for Transmitter","og_description":"MSLCD11 attachable digital indicator features a large backlit screen and supports multiple display units, ideal for real-time readings in field instruments.","og_url":"https:\/\/www.sj-gauge.com\/es\/producto\/mslcd11\/","og_site_name":"SJ Gauge | Pressure Gauges, Thermometers &amp; Pressure Sensors","article_modified_time":"2026-01-28T05:33:22+00:00","og_image":[{"width":1200,"height":1000,"url":"https:\/\/www.sj-gauge.com\/wp-content\/uploads\/2025\/12\/SJ-Gauge_Attachable_Digital_Indicator_for_Pressure_Transmitter_L.jpg","type":"image\/jpeg"}],"twitter_card":"summary_large_image","twitter_misc":{"Tiempo de lectura":"1 minuto"},"schema":{"@context":"https:\/\/schema.org","@graph":[{"@type":"WebPage","@id":"https:\/\/www.sj-gauge.com\/product\/mslcd11\/","url":"https:\/\/www.sj-gauge.com\/product\/mslcd11\/","name":"Indicador digital acoplable para transmisor - SJ Gauge | Man\u00f3metros, term\u00f3metros y sensores de presi\u00f3n","isPartOf":{"@id":"https:\/\/www.sj-gauge.com\/#website"},"primaryImageOfPage":{"@id":"https:\/\/www.sj-gauge.com\/product\/mslcd11\/#primaryimage"},"image":{"@id":"https:\/\/www.sj-gauge.com\/product\/mslcd11\/#primaryimage"},"thumbnailUrl":"https:\/\/www.sj-gauge.com\/wp-content\/uploads\/2025\/12\/SJ-Gauge_Attachable_Digital_Indicator_for_Pressure_Transmitter_L.jpg","datePublished":"2025-12-16T03:40:57+00:00","dateModified":"2026-01-28T05:33:22+00:00","description":"El indicador digital acoplable MSLCD11 cuenta con una gran pantalla retroiluminada y admite varias unidades de visualizaci\u00f3n, ideal para lecturas en tiempo real en instrumentos de campo.","breadcrumb":{"@id":"https:\/\/www.sj-gauge.com\/product\/mslcd11\/#breadcrumb"},"inLanguage":"es","potentialAction":[{"@type":"ReadAction","target":["https:\/\/www.sj-gauge.com\/product\/mslcd11\/"]}]},{"@type":"ImageObject","inLanguage":"es","@id":"https:\/\/www.sj-gauge.com\/product\/mslcd11\/#primaryimage","url":"https:\/\/www.sj-gauge.com\/wp-content\/uploads\/2025\/12\/SJ-Gauge_Attachable_Digital_Indicator_for_Pressure_Transmitter_L.jpg","contentUrl":"https:\/\/www.sj-gauge.com\/wp-content\/uploads\/2025\/12\/SJ-Gauge_Attachable_Digital_Indicator_for_Pressure_Transmitter_L.jpg","width":1200,"height":1000},{"@type":"BreadcrumbList","@id":"https:\/\/www.sj-gauge.com\/product\/mslcd11\/#breadcrumb","itemListElement":[{"@type":"ListItem","position":1,"name":"Home","item":"https:\/\/www.sj-gauge.com\/"},{"@type":"ListItem","position":2,"name":"Products","item":"https:\/\/www.sj-gauge.com\/products\/"},{"@type":"ListItem","position":3,"name":"Attachable Digital Indicator for Transmitter"}]},{"@type":"WebSite","@id":"https:\/\/www.sj-gauge.com\/#website","url":"https:\/\/www.sj-gauge.com\/","name":"SJ Gauge | Man\u00f3metros, term\u00f3metros y sensores de presi\u00f3n","description":"Fabricante de man\u00f3metros industriales, sensores de presi\u00f3n y transmisores. SJ Gauge ofrece alta precisi\u00f3n, materiales duraderos y soluciones personalizadas para aplicaciones de petr\u00f3leo y gas, qu\u00edmicas e industriales.","publisher":{"@id":"https:\/\/www.sj-gauge.com\/#organization"},"potentialAction":[{"@type":"SearchAction","target":{"@type":"EntryPoint","urlTemplate":"https:\/\/www.sj-gauge.com\/?s={search_term_string}"},"query-input":{"@type":"PropertyValueSpecification","valueRequired":true,"valueName":"search_term_string"}}],"inLanguage":"es"},{"@type":"Organization","@id":"https:\/\/www.sj-gauge.com\/#organization","name":"SJ Gauge | Man\u00f3metros, term\u00f3metros y sensores de presi\u00f3n","url":"https:\/\/www.sj-gauge.com\/","logo":{"@type":"ImageObject","inLanguage":"es","@id":"https:\/\/www.sj-gauge.com\/#\/schema\/logo\/image\/","url":"https:\/\/www.sj-gauge.com\/wp-content\/uploads\/2025\/09\/logo.webp","contentUrl":"https:\/\/www.sj-gauge.com\/wp-content\/uploads\/2025\/09\/logo.webp","width":348,"height":184,"caption":"SJ Gauge | Pressure Gauges, Thermometers &amp; Pressure Sensors"},"image":{"@id":"https:\/\/www.sj-gauge.com\/#\/schema\/logo\/image\/"}}]}},"_links":{"self":[{"href":"https:\/\/www.sj-gauge.com\/es\/wp-json\/wp\/v2\/product\/2621","targetHints":{"allow":["GET"]}}],"collection":[{"href":"https:\/\/www.sj-gauge.com\/es\/wp-json\/wp\/v2\/product"}],"about":[{"href":"https:\/\/www.sj-gauge.com\/es\/wp-json\/wp\/v2\/types\/product"}],"wp:featuredmedia":[{"embeddable":true,"href":"https:\/\/www.sj-gauge.com\/es\/wp-json\/wp\/v2\/media\/2623"}],"wp:attachment":[{"href":"https:\/\/www.sj-gauge.com\/es\/wp-json\/wp\/v2\/media?parent=2621"}],"wp:term":[{"taxonomy":"product_brand","embeddable":true,"href":"https:\/\/www.sj-gauge.com\/es\/wp-json\/wp\/v2\/product_brand?post=2621"},{"taxonomy":"product_cat","embeddable":true,"href":"https:\/\/www.sj-gauge.com\/es\/wp-json\/wp\/v2\/product_cat?post=2621"},{"taxonomy":"product_tag","embeddable":true,"href":"https:\/\/www.sj-gauge.com\/es\/wp-json\/wp\/v2\/product_tag?post=2621"}],"curies":[{"name":"wp","href":"https:\/\/api.w.org\/{rel}","templated":true}]}}