{"id":3177,"date":"2026-01-07T11:50:55","date_gmt":"2026-01-07T03:50:55","guid":{"rendered":"https:\/\/sj-gauge.com\/?post_type=product&#038;p=3177"},"modified":"2026-03-31T16:51:30","modified_gmt":"2026-03-31T08:51:30","slug":"632-50-633-50","status":"publish","type":"product","link":"https:\/\/www.sj-gauge.com\/es\/producto\/632-50-633-50\/","title":{"rendered":"Man\u00f3metro de c\u00e1psula, acero inoxidable para la industria de procesos"},"content":{"rendered":"<p>Los man\u00f3metros de c\u00e1psula modelo 632.50 y 633.50 est\u00e1n fabricados \u00edntegramente en acero inoxidable, por lo que son especialmente adecuados para aplicaciones en la industria de procesos. Se basan en el acreditado sistema de medici\u00f3n de c\u00e1psula. Al presurizarse, la expansi\u00f3n del elemento de la c\u00e1psula, proporcional a la presi\u00f3n incidente, se transmite al movimiento y se indica.El dise\u00f1o modular permite multitud de combinaciones de materiales de carcasa, conexiones a proceso, tama\u00f1os nominales y rangos de escala. Debido a esta gran variabilidad, el instrumento es adecuado para su uso en una amplia gama de aplicaciones en la industria de procesos.Para el montaje en paneles de control, los man\u00f3metros de c\u00e1psula pueden equiparse, en funci\u00f3n de la conexi\u00f3n de proceso, con una brida de montaje o con un anillo de perfil triangular y un soporte de montaje.El modelo 633.50 con carcasa rellena de l\u00edquido es adecuado para altas cargas din\u00e1micas de presi\u00f3n y vibraciones.Los rangos de escala de 0 ... 2,5 mbar a 0 ... 600 mbar o de 0 ... 1 inH2O a 0 ... 240 inH2O y los rangos de escala de vac\u00edo y +\/- garantizan los rangos de medici\u00f3n necesarios para una amplia variedad de aplicaciones.El c\u00f3digo QR de la esfera permite recuperar informaci\u00f3n espec\u00edfica del instrumento como el n\u00famero de serie, el n\u00famero de pedido, certificados y otros datos del producto a trav\u00e9s de Internet de forma sencilla y a largo plazo.<\/p>","protected":false},"excerpt":{"rendered":"<ul>\n<li>Correcci\u00f3n del punto cero en la parte delantera<\/li>\n<li>Completamente de acero inoxidable<\/li>\n<li>Con carcasa rellena de l\u00edquido para aplicaciones con altas cargas din\u00e1micas de presi\u00f3n y vibraciones (modelo 633.50)<\/li>\n<li>Escala baja de 0 ... 2,5 mbar a 0 ... 600 mbar o de 0 ... 1 inH2O a 0 ... 240 inH2O<\/li>\n<li>El c\u00f3digo QR de la esfera enlaza con informaci\u00f3n espec\u00edfica del instrumento<\/li>\n<\/ul>","protected":false},"featured_media":3267,"template":"","meta":{"_acf_changed":false},"product_brand":[68],"product_cat":[51],"product_tag":[],"class_list":{"0":"post-3177","1":"product","2":"type-product","3":"status-publish","4":"has-post-thumbnail","6":"product_brand-wika","7":"product_cat-wika-pressure-gauge","9":"first","10":"instock","11":"shipping-taxable","12":"product-type-simple"},"acf":[],"yoast_head":"<!-- This site is optimized with the Yoast SEO Premium plugin v26.7 (Yoast SEO v27.4) - https:\/\/yoast.com\/product\/yoast-seo-premium-wordpress\/ -->\n<title>Capsule pressure gauge, stainless steel for the process industry - SJ Gauge | Pressure Gauges, Thermometers &amp; Pressure Sensors<\/title>\n<meta name=\"robots\" content=\"index, follow, max-snippet:-1, max-image-preview:large, max-video-preview:-1\" \/>\n<link rel=\"canonical\" href=\"https:\/\/www.sj-gauge.com\/es\/producto\/632-50-633-50\/\" \/>\n<meta property=\"og:locale\" content=\"es_ES\" \/>\n<meta property=\"og:type\" content=\"article\" \/>\n<meta property=\"og:title\" content=\"Capsule pressure gauge, stainless steel for the process industry\" \/>\n<meta property=\"og:description\" content=\"Zero point correction in front  Completely from stainless steel  With liquid-filled case for applications with high dynamic pressure loads and vibrations (model 633.50)  Low scale ranges from 0 ... 2.5 mbar to 0 ... 600 mbar or 0 ... 1 inH2O to 0 ... 240 inH2O  QR code on dial links to instrument-specific information\" \/>\n<meta property=\"og:url\" content=\"https:\/\/www.sj-gauge.com\/es\/producto\/632-50-633-50\/\" \/>\n<meta property=\"og:site_name\" content=\"SJ Gauge | Pressure Gauges, Thermometers &amp; Pressure Sensors\" \/>\n<meta property=\"article:modified_time\" content=\"2026-03-31T08:51:30+00:00\" \/>\n<meta property=\"og:image\" content=\"https:\/\/www.sj-gauge.com\/wp-content\/uploads\/2026\/01\/SJ-Gauge-wika-632-50-633-50.jpg\" \/>\n\t<meta property=\"og:image:width\" content=\"1200\" \/>\n\t<meta property=\"og:image:height\" content=\"1000\" \/>\n\t<meta property=\"og:image:type\" content=\"image\/jpeg\" \/>\n<meta name=\"twitter:card\" content=\"summary_large_image\" \/>\n<meta name=\"twitter:label1\" content=\"Tiempo de lectura\" \/>\n\t<meta name=\"twitter:data1\" content=\"2 minutos\" \/>\n<script type=\"application\/ld+json\" class=\"yoast-schema-graph\">{\"@context\":\"https:\\\/\\\/schema.org\",\"@graph\":[{\"@type\":\"WebPage\",\"@id\":\"https:\\\/\\\/www.sj-gauge.com\\\/product\\\/632-50-633-50\\\/\",\"url\":\"https:\\\/\\\/www.sj-gauge.com\\\/product\\\/632-50-633-50\\\/\",\"name\":\"Capsule pressure gauge, stainless steel for the process industry - SJ Gauge | Pressure Gauges, Thermometers &amp; Pressure Sensors\",\"isPartOf\":{\"@id\":\"https:\\\/\\\/www.sj-gauge.com\\\/#website\"},\"primaryImageOfPage\":{\"@id\":\"https:\\\/\\\/www.sj-gauge.com\\\/product\\\/632-50-633-50\\\/#primaryimage\"},\"image\":{\"@id\":\"https:\\\/\\\/www.sj-gauge.com\\\/product\\\/632-50-633-50\\\/#primaryimage\"},\"thumbnailUrl\":\"https:\\\/\\\/www.sj-gauge.com\\\/wp-content\\\/uploads\\\/2026\\\/01\\\/SJ-Gauge-wika-632-50-633-50.jpg\",\"datePublished\":\"2026-01-07T03:50:55+00:00\",\"dateModified\":\"2026-03-31T08:51:30+00:00\",\"breadcrumb\":{\"@id\":\"https:\\\/\\\/www.sj-gauge.com\\\/product\\\/632-50-633-50\\\/#breadcrumb\"},\"inLanguage\":\"es\",\"potentialAction\":[{\"@type\":\"ReadAction\",\"target\":[\"https:\\\/\\\/www.sj-gauge.com\\\/product\\\/632-50-633-50\\\/\"]}]},{\"@type\":\"ImageObject\",\"inLanguage\":\"es\",\"@id\":\"https:\\\/\\\/www.sj-gauge.com\\\/product\\\/632-50-633-50\\\/#primaryimage\",\"url\":\"https:\\\/\\\/www.sj-gauge.com\\\/wp-content\\\/uploads\\\/2026\\\/01\\\/SJ-Gauge-wika-632-50-633-50.jpg\",\"contentUrl\":\"https:\\\/\\\/www.sj-gauge.com\\\/wp-content\\\/uploads\\\/2026\\\/01\\\/SJ-Gauge-wika-632-50-633-50.jpg\",\"width\":1200,\"height\":1000},{\"@type\":\"BreadcrumbList\",\"@id\":\"https:\\\/\\\/www.sj-gauge.com\\\/product\\\/632-50-633-50\\\/#breadcrumb\",\"itemListElement\":[{\"@type\":\"ListItem\",\"position\":1,\"name\":\"Home\",\"item\":\"https:\\\/\\\/www.sj-gauge.com\\\/\"},{\"@type\":\"ListItem\",\"position\":2,\"name\":\"Products\",\"item\":\"https:\\\/\\\/www.sj-gauge.com\\\/products\\\/\"},{\"@type\":\"ListItem\",\"position\":3,\"name\":\"Capsule pressure gauge, stainless steel for the process industry\"}]},{\"@type\":\"WebSite\",\"@id\":\"https:\\\/\\\/www.sj-gauge.com\\\/#website\",\"url\":\"https:\\\/\\\/www.sj-gauge.com\\\/\",\"name\":\"SJ Gauge | Pressure Gauges, Thermometers &amp; Pressure Sensors\",\"description\":\"Manufacturer of industrial pressure gauges, pressure sensors, and transmitters. SJ Gauge provides high accuracy, durable materials, and custom solutions for oil &amp; gas, chemical, and industrial applications.\",\"publisher\":{\"@id\":\"https:\\\/\\\/www.sj-gauge.com\\\/#organization\"},\"potentialAction\":[{\"@type\":\"SearchAction\",\"target\":{\"@type\":\"EntryPoint\",\"urlTemplate\":\"https:\\\/\\\/www.sj-gauge.com\\\/?s={search_term_string}\"},\"query-input\":{\"@type\":\"PropertyValueSpecification\",\"valueRequired\":true,\"valueName\":\"search_term_string\"}}],\"inLanguage\":\"es\"},{\"@type\":\"Organization\",\"@id\":\"https:\\\/\\\/www.sj-gauge.com\\\/#organization\",\"name\":\"SJ Gauge | Pressure Gauges, Thermometers &amp; Pressure Sensors\",\"url\":\"https:\\\/\\\/www.sj-gauge.com\\\/\",\"logo\":{\"@type\":\"ImageObject\",\"inLanguage\":\"es\",\"@id\":\"https:\\\/\\\/www.sj-gauge.com\\\/#\\\/schema\\\/logo\\\/image\\\/\",\"url\":\"https:\\\/\\\/www.sj-gauge.com\\\/wp-content\\\/uploads\\\/2025\\\/09\\\/logo.webp\",\"contentUrl\":\"https:\\\/\\\/www.sj-gauge.com\\\/wp-content\\\/uploads\\\/2025\\\/09\\\/logo.webp\",\"width\":348,\"height\":184,\"caption\":\"SJ Gauge | Pressure Gauges, Thermometers &amp; Pressure Sensors\"},\"image\":{\"@id\":\"https:\\\/\\\/www.sj-gauge.com\\\/#\\\/schema\\\/logo\\\/image\\\/\"}}]}<\/script>\n<!-- \/ Yoast SEO Premium plugin. -->","yoast_head_json":{"title":"Man\u00f3metro de c\u00e1psula, acero inoxidable para la industria de procesos - SJ Gauge | Man\u00f3metros, term\u00f3metros y sensores de presi\u00f3n","robots":{"index":"index","follow":"follow","max-snippet":"max-snippet:-1","max-image-preview":"max-image-preview:large","max-video-preview":"max-video-preview:-1"},"canonical":"https:\/\/www.sj-gauge.com\/es\/producto\/632-50-633-50\/","og_locale":"es_ES","og_type":"article","og_title":"Capsule pressure gauge, stainless steel for the process industry","og_description":"Zero point correction in front  Completely from stainless steel  With liquid-filled case for applications with high dynamic pressure loads and vibrations (model 633.50)  Low scale ranges from 0 ... 2.5 mbar to 0 ... 600 mbar or 0 ... 1 inH2O to 0 ... 240 inH2O  QR code on dial links to instrument-specific information","og_url":"https:\/\/www.sj-gauge.com\/es\/producto\/632-50-633-50\/","og_site_name":"SJ Gauge | Pressure Gauges, Thermometers &amp; Pressure Sensors","article_modified_time":"2026-03-31T08:51:30+00:00","og_image":[{"width":1200,"height":1000,"url":"https:\/\/www.sj-gauge.com\/wp-content\/uploads\/2026\/01\/SJ-Gauge-wika-632-50-633-50.jpg","type":"image\/jpeg"}],"twitter_card":"summary_large_image","twitter_misc":{"Tiempo de lectura":"2 minutos"},"schema":{"@context":"https:\/\/schema.org","@graph":[{"@type":"WebPage","@id":"https:\/\/www.sj-gauge.com\/product\/632-50-633-50\/","url":"https:\/\/www.sj-gauge.com\/product\/632-50-633-50\/","name":"Man\u00f3metro de c\u00e1psula, acero inoxidable para la industria de procesos - SJ Gauge | Man\u00f3metros, term\u00f3metros y sensores de presi\u00f3n","isPartOf":{"@id":"https:\/\/www.sj-gauge.com\/#website"},"primaryImageOfPage":{"@id":"https:\/\/www.sj-gauge.com\/product\/632-50-633-50\/#primaryimage"},"image":{"@id":"https:\/\/www.sj-gauge.com\/product\/632-50-633-50\/#primaryimage"},"thumbnailUrl":"https:\/\/www.sj-gauge.com\/wp-content\/uploads\/2026\/01\/SJ-Gauge-wika-632-50-633-50.jpg","datePublished":"2026-01-07T03:50:55+00:00","dateModified":"2026-03-31T08:51:30+00:00","breadcrumb":{"@id":"https:\/\/www.sj-gauge.com\/product\/632-50-633-50\/#breadcrumb"},"inLanguage":"es","potentialAction":[{"@type":"ReadAction","target":["https:\/\/www.sj-gauge.com\/product\/632-50-633-50\/"]}]},{"@type":"ImageObject","inLanguage":"es","@id":"https:\/\/www.sj-gauge.com\/product\/632-50-633-50\/#primaryimage","url":"https:\/\/www.sj-gauge.com\/wp-content\/uploads\/2026\/01\/SJ-Gauge-wika-632-50-633-50.jpg","contentUrl":"https:\/\/www.sj-gauge.com\/wp-content\/uploads\/2026\/01\/SJ-Gauge-wika-632-50-633-50.jpg","width":1200,"height":1000},{"@type":"BreadcrumbList","@id":"https:\/\/www.sj-gauge.com\/product\/632-50-633-50\/#breadcrumb","itemListElement":[{"@type":"ListItem","position":1,"name":"Home","item":"https:\/\/www.sj-gauge.com\/"},{"@type":"ListItem","position":2,"name":"Products","item":"https:\/\/www.sj-gauge.com\/products\/"},{"@type":"ListItem","position":3,"name":"Capsule pressure gauge, stainless steel for the process industry"}]},{"@type":"WebSite","@id":"https:\/\/www.sj-gauge.com\/#website","url":"https:\/\/www.sj-gauge.com\/","name":"SJ Gauge | Man\u00f3metros, term\u00f3metros y sensores de presi\u00f3n","description":"Fabricante de man\u00f3metros industriales, sensores de presi\u00f3n y transmisores. SJ Gauge ofrece alta precisi\u00f3n, materiales duraderos y soluciones personalizadas para aplicaciones de petr\u00f3leo y gas, qu\u00edmicas e industriales.","publisher":{"@id":"https:\/\/www.sj-gauge.com\/#organization"},"potentialAction":[{"@type":"SearchAction","target":{"@type":"EntryPoint","urlTemplate":"https:\/\/www.sj-gauge.com\/?s={search_term_string}"},"query-input":{"@type":"PropertyValueSpecification","valueRequired":true,"valueName":"search_term_string"}}],"inLanguage":"es"},{"@type":"Organization","@id":"https:\/\/www.sj-gauge.com\/#organization","name":"SJ Gauge | Man\u00f3metros, term\u00f3metros y sensores de presi\u00f3n","url":"https:\/\/www.sj-gauge.com\/","logo":{"@type":"ImageObject","inLanguage":"es","@id":"https:\/\/www.sj-gauge.com\/#\/schema\/logo\/image\/","url":"https:\/\/www.sj-gauge.com\/wp-content\/uploads\/2025\/09\/logo.webp","contentUrl":"https:\/\/www.sj-gauge.com\/wp-content\/uploads\/2025\/09\/logo.webp","width":348,"height":184,"caption":"SJ Gauge | Pressure Gauges, Thermometers &amp; Pressure Sensors"},"image":{"@id":"https:\/\/www.sj-gauge.com\/#\/schema\/logo\/image\/"}}]}},"_links":{"self":[{"href":"https:\/\/www.sj-gauge.com\/es\/wp-json\/wp\/v2\/product\/3177","targetHints":{"allow":["GET"]}}],"collection":[{"href":"https:\/\/www.sj-gauge.com\/es\/wp-json\/wp\/v2\/product"}],"about":[{"href":"https:\/\/www.sj-gauge.com\/es\/wp-json\/wp\/v2\/types\/product"}],"wp:featuredmedia":[{"embeddable":true,"href":"https:\/\/www.sj-gauge.com\/es\/wp-json\/wp\/v2\/media\/3267"}],"wp:attachment":[{"href":"https:\/\/www.sj-gauge.com\/es\/wp-json\/wp\/v2\/media?parent=3177"}],"wp:term":[{"taxonomy":"product_brand","embeddable":true,"href":"https:\/\/www.sj-gauge.com\/es\/wp-json\/wp\/v2\/product_brand?post=3177"},{"taxonomy":"product_cat","embeddable":true,"href":"https:\/\/www.sj-gauge.com\/es\/wp-json\/wp\/v2\/product_cat?post=3177"},{"taxonomy":"product_tag","embeddable":true,"href":"https:\/\/www.sj-gauge.com\/es\/wp-json\/wp\/v2\/product_tag?post=3177"}],"curies":[{"name":"wp","href":"https:\/\/api.w.org\/{rel}","templated":true}]}}