{"id":3448,"date":"2026-01-19T13:47:06","date_gmt":"2026-01-19T05:47:06","guid":{"rendered":"https:\/\/sj-gauge.com\/?post_type=product&#038;p=3448"},"modified":"2026-01-22T14:31:09","modified_gmt":"2026-01-22T06:31:09","slug":"732-14-762-14","status":"publish","type":"product","link":"https:\/\/www.sj-gauge.com\/es\/producto\/732-14-762-14\/","title":{"rendered":"Man\u00f3metro de presi\u00f3n diferencial Para la industria de procesos, alta seguridad de sobrecarga hasta 650 bar"},"content":{"rendered":"<p>Estos man\u00f3metros diferenciales est\u00e1n fabricados en acero inoxidable altamente resistente a la corrosi\u00f3n. La construcci\u00f3n totalmente met\u00e1lica y el dise\u00f1o ajustado del elemento de medici\u00f3n de diafragma garantizan una elevada seguridad contra sobrecargas.<\/p>\n<p>El uso de materiales de acero inoxidable de alta calidad y el dise\u00f1o robusto est\u00e1n orientados a aplicaciones en las industrias qu\u00edmica y de ingenier\u00eda de procesos. As\u00ed, el instrumento es apto para medios l\u00edquidos y gaseosos, tambi\u00e9n en entornos agresivos.<\/p>\n<p>Las piezas h\u00famedas de estos instrumentos tambi\u00e9n est\u00e1n disponibles en materiales especiales como Monel o Hastelloy.<\/p>\n<p>Los rangos de escala de 0 ... 60 mbar a 0 ... 40 bar [0 ... 0,87 a 0 ... 580 psi] garantizan los rangos de medici\u00f3n necesarios para una amplia variedad de aplicaciones.<\/p>\n<p>El c\u00f3digo QR de la esfera permite recuperar de Internet informaci\u00f3n espec\u00edfica del instrumento, como el n\u00famero de serie, el n\u00famero de pedido, certificados y otros datos del producto, de forma sencilla y a largo plazo.<\/p>","protected":false},"excerpt":{"rendered":"<ul>\n<li>Rangos de medici\u00f3n de la presi\u00f3n diferencial de -1 ... +30 bar [-14,5 ... 435 psi] a 0 ... 40 bar [0 ... 580 psi].<\/li>\n<li>Alta presi\u00f3n de trabajo (presi\u00f3n est\u00e1tica) y alta seguridad de sobrecarga, seleccionable 40 bar [580 psi], 100 bar [1.450 psi], 250 bar [3.625 psi], 400 bar [5.800 psi] y 650 bar [9.425 psi].<\/li>\n<li>El fluido de transmisi\u00f3n en la c\u00e1mara de medici\u00f3n amortigua el indicador en caso de grandes cambios de la tasa de presi\u00f3n<\/li>\n<li>Modelo 76x.14: versi\u00f3n Monel<\/li>\n<li>El c\u00f3digo QR de la esfera enlaza con informaci\u00f3n espec\u00edfica del instrumento<\/li>\n<\/ul>","protected":false},"featured_media":3482,"template":"","meta":{"_acf_changed":false},"product_brand":[68],"product_cat":[51],"product_tag":[],"class_list":{"0":"post-3448","1":"product","2":"type-product","3":"status-publish","4":"has-post-thumbnail","6":"product_brand-wika","7":"product_cat-wika-pressure-gauge","9":"first","10":"instock","11":"shipping-taxable","12":"product-type-simple"},"acf":[],"yoast_head":"<!-- This site is optimized with the Yoast SEO Premium plugin v26.7 (Yoast SEO v27.4) - https:\/\/yoast.com\/product\/yoast-seo-premium-wordpress\/ -->\n<title>Differential pressure gauge For the process industry, high overload safety up to 650 bar - SJ Gauge | Pressure Gauges, Thermometers &amp; Pressure Sensors<\/title>\n<meta name=\"description\" content=\"WIKA 732.14 pressure gauge features a robust stainless steel case and reliable performance, ideal for industrial, mechanical, and process monitoring applications.\" \/>\n<meta name=\"robots\" content=\"index, follow, max-snippet:-1, max-image-preview:large, max-video-preview:-1\" \/>\n<link rel=\"canonical\" href=\"https:\/\/www.sj-gauge.com\/es\/producto\/732-14-762-14\/\" \/>\n<meta property=\"og:locale\" content=\"es_ES\" \/>\n<meta property=\"og:type\" content=\"article\" \/>\n<meta property=\"og:title\" content=\"Differential pressure gauge For the process industry, high overload safety up to 650 bar\" \/>\n<meta property=\"og:description\" content=\"WIKA 732.14 pressure gauge features a robust stainless steel case and reliable performance, ideal for industrial, mechanical, and process monitoring applications.\" \/>\n<meta property=\"og:url\" content=\"https:\/\/www.sj-gauge.com\/es\/producto\/732-14-762-14\/\" \/>\n<meta property=\"og:site_name\" content=\"SJ Gauge | Pressure Gauges, Thermometers &amp; Pressure Sensors\" \/>\n<meta property=\"article:modified_time\" content=\"2026-01-22T06:31:09+00:00\" \/>\n<meta property=\"og:image\" content=\"https:\/\/www.sj-gauge.com\/wp-content\/uploads\/2026\/01\/SJ-Gauge-732-14-differential-pressure-gauge-image-1.jpg\" \/>\n\t<meta property=\"og:image:width\" content=\"1200\" \/>\n\t<meta property=\"og:image:height\" content=\"1000\" \/>\n\t<meta property=\"og:image:type\" content=\"image\/jpeg\" \/>\n<meta name=\"twitter:card\" content=\"summary_large_image\" \/>\n<meta name=\"twitter:label1\" content=\"Tiempo de lectura\" \/>\n\t<meta name=\"twitter:data1\" content=\"1 minuto\" \/>\n<script type=\"application\/ld+json\" class=\"yoast-schema-graph\">{\"@context\":\"https:\\\/\\\/schema.org\",\"@graph\":[{\"@type\":\"WebPage\",\"@id\":\"https:\\\/\\\/www.sj-gauge.com\\\/product\\\/732-14-762-14\\\/\",\"url\":\"https:\\\/\\\/www.sj-gauge.com\\\/product\\\/732-14-762-14\\\/\",\"name\":\"Differential pressure gauge For the process industry, high overload safety up to 650 bar - SJ Gauge | Pressure Gauges, Thermometers &amp; Pressure Sensors\",\"isPartOf\":{\"@id\":\"https:\\\/\\\/www.sj-gauge.com\\\/#website\"},\"primaryImageOfPage\":{\"@id\":\"https:\\\/\\\/www.sj-gauge.com\\\/product\\\/732-14-762-14\\\/#primaryimage\"},\"image\":{\"@id\":\"https:\\\/\\\/www.sj-gauge.com\\\/product\\\/732-14-762-14\\\/#primaryimage\"},\"thumbnailUrl\":\"https:\\\/\\\/www.sj-gauge.com\\\/wp-content\\\/uploads\\\/2026\\\/01\\\/SJ-Gauge-732-14-differential-pressure-gauge-image-1.jpg\",\"datePublished\":\"2026-01-19T05:47:06+00:00\",\"dateModified\":\"2026-01-22T06:31:09+00:00\",\"description\":\"WIKA 732.14 pressure gauge features a robust stainless steel case and reliable performance, ideal for industrial, mechanical, and process monitoring applications.\",\"breadcrumb\":{\"@id\":\"https:\\\/\\\/www.sj-gauge.com\\\/product\\\/732-14-762-14\\\/#breadcrumb\"},\"inLanguage\":\"es\",\"potentialAction\":[{\"@type\":\"ReadAction\",\"target\":[\"https:\\\/\\\/www.sj-gauge.com\\\/product\\\/732-14-762-14\\\/\"]}]},{\"@type\":\"ImageObject\",\"inLanguage\":\"es\",\"@id\":\"https:\\\/\\\/www.sj-gauge.com\\\/product\\\/732-14-762-14\\\/#primaryimage\",\"url\":\"https:\\\/\\\/www.sj-gauge.com\\\/wp-content\\\/uploads\\\/2026\\\/01\\\/SJ-Gauge-732-14-differential-pressure-gauge-image-1.jpg\",\"contentUrl\":\"https:\\\/\\\/www.sj-gauge.com\\\/wp-content\\\/uploads\\\/2026\\\/01\\\/SJ-Gauge-732-14-differential-pressure-gauge-image-1.jpg\",\"width\":1200,\"height\":1000},{\"@type\":\"BreadcrumbList\",\"@id\":\"https:\\\/\\\/www.sj-gauge.com\\\/product\\\/732-14-762-14\\\/#breadcrumb\",\"itemListElement\":[{\"@type\":\"ListItem\",\"position\":1,\"name\":\"Home\",\"item\":\"https:\\\/\\\/www.sj-gauge.com\\\/\"},{\"@type\":\"ListItem\",\"position\":2,\"name\":\"Products\",\"item\":\"https:\\\/\\\/www.sj-gauge.com\\\/products\\\/\"},{\"@type\":\"ListItem\",\"position\":3,\"name\":\"Differential pressure gauge For the process industry, high overload safety up to 650 bar\"}]},{\"@type\":\"WebSite\",\"@id\":\"https:\\\/\\\/www.sj-gauge.com\\\/#website\",\"url\":\"https:\\\/\\\/www.sj-gauge.com\\\/\",\"name\":\"SJ Gauge | Pressure Gauges, Thermometers &amp; Pressure Sensors\",\"description\":\"Manufacturer of industrial pressure gauges, pressure sensors, and transmitters. SJ Gauge provides high accuracy, durable materials, and custom solutions for oil &amp; gas, chemical, and industrial applications.\",\"publisher\":{\"@id\":\"https:\\\/\\\/www.sj-gauge.com\\\/#organization\"},\"potentialAction\":[{\"@type\":\"SearchAction\",\"target\":{\"@type\":\"EntryPoint\",\"urlTemplate\":\"https:\\\/\\\/www.sj-gauge.com\\\/?s={search_term_string}\"},\"query-input\":{\"@type\":\"PropertyValueSpecification\",\"valueRequired\":true,\"valueName\":\"search_term_string\"}}],\"inLanguage\":\"es\"},{\"@type\":\"Organization\",\"@id\":\"https:\\\/\\\/www.sj-gauge.com\\\/#organization\",\"name\":\"SJ Gauge | Pressure Gauges, Thermometers &amp; Pressure Sensors\",\"url\":\"https:\\\/\\\/www.sj-gauge.com\\\/\",\"logo\":{\"@type\":\"ImageObject\",\"inLanguage\":\"es\",\"@id\":\"https:\\\/\\\/www.sj-gauge.com\\\/#\\\/schema\\\/logo\\\/image\\\/\",\"url\":\"https:\\\/\\\/www.sj-gauge.com\\\/wp-content\\\/uploads\\\/2025\\\/09\\\/logo.webp\",\"contentUrl\":\"https:\\\/\\\/www.sj-gauge.com\\\/wp-content\\\/uploads\\\/2025\\\/09\\\/logo.webp\",\"width\":348,\"height\":184,\"caption\":\"SJ Gauge | Pressure Gauges, Thermometers &amp; Pressure Sensors\"},\"image\":{\"@id\":\"https:\\\/\\\/www.sj-gauge.com\\\/#\\\/schema\\\/logo\\\/image\\\/\"}}]}<\/script>\n<!-- \/ Yoast SEO Premium plugin. -->","yoast_head_json":{"title":"Man\u00f3metro de presi\u00f3n diferencial Para la industria de procesos, alta seguridad de sobrecarga hasta 650 bar - SJ Gauge | Man\u00f3metros, term\u00f3metros y sensores de presi\u00f3n","description":"El man\u00f3metro WIKA 732.14 presenta una robusta carcasa de acero inoxidable y un rendimiento fiable, ideal para aplicaciones industriales, mec\u00e1nicas y de supervisi\u00f3n de procesos.","robots":{"index":"index","follow":"follow","max-snippet":"max-snippet:-1","max-image-preview":"max-image-preview:large","max-video-preview":"max-video-preview:-1"},"canonical":"https:\/\/www.sj-gauge.com\/es\/producto\/732-14-762-14\/","og_locale":"es_ES","og_type":"article","og_title":"Differential pressure gauge For the process industry, high overload safety up to 650 bar","og_description":"WIKA 732.14 pressure gauge features a robust stainless steel case and reliable performance, ideal for industrial, mechanical, and process monitoring applications.","og_url":"https:\/\/www.sj-gauge.com\/es\/producto\/732-14-762-14\/","og_site_name":"SJ Gauge | Pressure Gauges, Thermometers &amp; Pressure Sensors","article_modified_time":"2026-01-22T06:31:09+00:00","og_image":[{"width":1200,"height":1000,"url":"https:\/\/www.sj-gauge.com\/wp-content\/uploads\/2026\/01\/SJ-Gauge-732-14-differential-pressure-gauge-image-1.jpg","type":"image\/jpeg"}],"twitter_card":"summary_large_image","twitter_misc":{"Tiempo de lectura":"1 minuto"},"schema":{"@context":"https:\/\/schema.org","@graph":[{"@type":"WebPage","@id":"https:\/\/www.sj-gauge.com\/product\/732-14-762-14\/","url":"https:\/\/www.sj-gauge.com\/product\/732-14-762-14\/","name":"Man\u00f3metro de presi\u00f3n diferencial Para la industria de procesos, alta seguridad de sobrecarga hasta 650 bar - SJ Gauge | Man\u00f3metros, term\u00f3metros y sensores de presi\u00f3n","isPartOf":{"@id":"https:\/\/www.sj-gauge.com\/#website"},"primaryImageOfPage":{"@id":"https:\/\/www.sj-gauge.com\/product\/732-14-762-14\/#primaryimage"},"image":{"@id":"https:\/\/www.sj-gauge.com\/product\/732-14-762-14\/#primaryimage"},"thumbnailUrl":"https:\/\/www.sj-gauge.com\/wp-content\/uploads\/2026\/01\/SJ-Gauge-732-14-differential-pressure-gauge-image-1.jpg","datePublished":"2026-01-19T05:47:06+00:00","dateModified":"2026-01-22T06:31:09+00:00","description":"El man\u00f3metro WIKA 732.14 presenta una robusta carcasa de acero inoxidable y un rendimiento fiable, ideal para aplicaciones industriales, mec\u00e1nicas y de supervisi\u00f3n de procesos.","breadcrumb":{"@id":"https:\/\/www.sj-gauge.com\/product\/732-14-762-14\/#breadcrumb"},"inLanguage":"es","potentialAction":[{"@type":"ReadAction","target":["https:\/\/www.sj-gauge.com\/product\/732-14-762-14\/"]}]},{"@type":"ImageObject","inLanguage":"es","@id":"https:\/\/www.sj-gauge.com\/product\/732-14-762-14\/#primaryimage","url":"https:\/\/www.sj-gauge.com\/wp-content\/uploads\/2026\/01\/SJ-Gauge-732-14-differential-pressure-gauge-image-1.jpg","contentUrl":"https:\/\/www.sj-gauge.com\/wp-content\/uploads\/2026\/01\/SJ-Gauge-732-14-differential-pressure-gauge-image-1.jpg","width":1200,"height":1000},{"@type":"BreadcrumbList","@id":"https:\/\/www.sj-gauge.com\/product\/732-14-762-14\/#breadcrumb","itemListElement":[{"@type":"ListItem","position":1,"name":"Home","item":"https:\/\/www.sj-gauge.com\/"},{"@type":"ListItem","position":2,"name":"Products","item":"https:\/\/www.sj-gauge.com\/products\/"},{"@type":"ListItem","position":3,"name":"Differential pressure gauge For the process industry, high overload safety up to 650 bar"}]},{"@type":"WebSite","@id":"https:\/\/www.sj-gauge.com\/#website","url":"https:\/\/www.sj-gauge.com\/","name":"SJ Gauge | Man\u00f3metros, term\u00f3metros y sensores de presi\u00f3n","description":"Fabricante de man\u00f3metros industriales, sensores de presi\u00f3n y transmisores. SJ Gauge ofrece alta precisi\u00f3n, materiales duraderos y soluciones personalizadas para aplicaciones de petr\u00f3leo y gas, qu\u00edmicas e industriales.","publisher":{"@id":"https:\/\/www.sj-gauge.com\/#organization"},"potentialAction":[{"@type":"SearchAction","target":{"@type":"EntryPoint","urlTemplate":"https:\/\/www.sj-gauge.com\/?s={search_term_string}"},"query-input":{"@type":"PropertyValueSpecification","valueRequired":true,"valueName":"search_term_string"}}],"inLanguage":"es"},{"@type":"Organization","@id":"https:\/\/www.sj-gauge.com\/#organization","name":"SJ Gauge | Man\u00f3metros, term\u00f3metros y sensores de presi\u00f3n","url":"https:\/\/www.sj-gauge.com\/","logo":{"@type":"ImageObject","inLanguage":"es","@id":"https:\/\/www.sj-gauge.com\/#\/schema\/logo\/image\/","url":"https:\/\/www.sj-gauge.com\/wp-content\/uploads\/2025\/09\/logo.webp","contentUrl":"https:\/\/www.sj-gauge.com\/wp-content\/uploads\/2025\/09\/logo.webp","width":348,"height":184,"caption":"SJ Gauge | Pressure Gauges, Thermometers &amp; Pressure Sensors"},"image":{"@id":"https:\/\/www.sj-gauge.com\/#\/schema\/logo\/image\/"}}]}},"_links":{"self":[{"href":"https:\/\/www.sj-gauge.com\/es\/wp-json\/wp\/v2\/product\/3448","targetHints":{"allow":["GET"]}}],"collection":[{"href":"https:\/\/www.sj-gauge.com\/es\/wp-json\/wp\/v2\/product"}],"about":[{"href":"https:\/\/www.sj-gauge.com\/es\/wp-json\/wp\/v2\/types\/product"}],"wp:featuredmedia":[{"embeddable":true,"href":"https:\/\/www.sj-gauge.com\/es\/wp-json\/wp\/v2\/media\/3482"}],"wp:attachment":[{"href":"https:\/\/www.sj-gauge.com\/es\/wp-json\/wp\/v2\/media?parent=3448"}],"wp:term":[{"taxonomy":"product_brand","embeddable":true,"href":"https:\/\/www.sj-gauge.com\/es\/wp-json\/wp\/v2\/product_brand?post=3448"},{"taxonomy":"product_cat","embeddable":true,"href":"https:\/\/www.sj-gauge.com\/es\/wp-json\/wp\/v2\/product_cat?post=3448"},{"taxonomy":"product_tag","embeddable":true,"href":"https:\/\/www.sj-gauge.com\/es\/wp-json\/wp\/v2\/product_tag?post=3448"}],"curies":[{"name":"wp","href":"https:\/\/api.w.org\/{rel}","templated":true}]}}