{"id":3464,"date":"2026-01-16T16:10:37","date_gmt":"2026-01-16T08:10:37","guid":{"rendered":"https:\/\/sj-gauge.com\/?post_type=product&#038;p=3464"},"modified":"2026-04-04T14:38:40","modified_gmt":"2026-04-04T06:38:40","slug":"732-31-733-31","status":"publish","type":"product","link":"https:\/\/www.sj-gauge.com\/es\/producto\/732-31-733-31\/","title":{"rendered":"Man\u00f3metro de presi\u00f3n diferencial para la industria de procesos, c\u00e1mara de medios totalmente met\u00e1lica"},"content":{"rendered":"<p>Estos man\u00f3metros diferenciales est\u00e1n fabricados en acero inoxidable altamente resistente a la corrosi\u00f3n con una c\u00e1mara de medios totalmente met\u00e1lica, lo que garantiza la estanqueidad a largo plazo sin juntas de elast\u00f3mero. El robusto dise\u00f1o totalmente met\u00e1lico y el elemento de diafragma de ajuste herm\u00e9tico proporcionan una seguridad de sobrecarga excepcional, lo que lo hace ideal para medios l\u00edquidos y gaseosos agresivos en las industrias qu\u00edmica y de procesos. Para entornos extremos, la versi\u00f3n POLARgauge\u00ae admite un funcionamiento hasta -70 \u00b0C. Con el nivel de seguridad \u201cS3\u201d, la carcasa incluye una ventana antiastillamiento, una s\u00f3lida pared deflectora y un respaldo antiexplosi\u00f3n para garantizar la m\u00e1xima protecci\u00f3n del operario. Un c\u00f3digo QR integrado en la esfera permite recuperar f\u00e1cilmente datos y certificados espec\u00edficos del producto.<\/p>","protected":false},"excerpt":{"rendered":"<ul>\n<li>Rangos de medici\u00f3n de la presi\u00f3n diferencial de 0 ... 16 mbar a 0 ... 40 bar o de 0 ... 10 inH2O a 0 ... 600 psi<\/li>\n<li>Alta presi\u00f3n de funcionamiento y alta seguridad de sobrecarga hasta 40 bar [600 psi].<\/li>\n<li>Modelos 732.31 y 733.31: Caja con nivel de seguridad \u201cS3\u201d seg\u00fan EN 837<\/li>\n<li>C\u00e1mara de medios totalmente soldada<\/li>\n<li>El c\u00f3digo QR de la esfera enlaza con informaci\u00f3n espec\u00edfica del instrumento<\/li>\n<\/ul>","protected":false},"featured_media":3477,"template":"","meta":{"_acf_changed":false},"product_brand":[68],"product_cat":[51],"product_tag":[],"class_list":{"0":"post-3464","1":"product","2":"type-product","3":"status-publish","4":"has-post-thumbnail","6":"product_brand-wika","7":"product_cat-wika-pressure-gauge","9":"first","10":"instock","11":"shipping-taxable","12":"product-type-simple"},"acf":[],"yoast_head":"<!-- This site is optimized with the Yoast SEO Premium plugin v26.7 (Yoast SEO v27.4) - https:\/\/yoast.com\/product\/yoast-seo-premium-wordpress\/ -->\n<title>Differential pressure gauge for the process industry, all-metal media chamber - SJ Gauge | Pressure Gauges, Thermometers &amp; Pressure Sensors<\/title>\n<meta name=\"robots\" content=\"index, follow, max-snippet:-1, max-image-preview:large, max-video-preview:-1\" \/>\n<link rel=\"canonical\" href=\"https:\/\/www.sj-gauge.com\/es\/producto\/732-31-733-31\/\" \/>\n<meta property=\"og:locale\" content=\"es_ES\" \/>\n<meta property=\"og:type\" content=\"article\" \/>\n<meta property=\"og:title\" content=\"Differential pressure gauge for the process industry, all-metal media chamber\" \/>\n<meta property=\"og:description\" content=\"Differential pressure measuring ranges from 0 ... 16 mbar to 0 ... 40 bar or 0 ...10 inH2O to 0 ... 600 psi  High operating pressure and high overload safety up to 40 bar [600 psi]  Models 732.31 and 733.31: Case with safety level \u201cS3\u201d per EN 837  All-welded media chamber  QR code on dial links to instrument-specific information\" \/>\n<meta property=\"og:url\" content=\"https:\/\/www.sj-gauge.com\/es\/producto\/732-31-733-31\/\" \/>\n<meta property=\"og:site_name\" content=\"SJ Gauge | Pressure Gauges, Thermometers &amp; Pressure Sensors\" \/>\n<meta property=\"article:modified_time\" content=\"2026-04-04T06:38:40+00:00\" \/>\n<meta property=\"og:image\" content=\"https:\/\/www.sj-gauge.com\/wp-content\/uploads\/2026\/01\/SJ-Gauge-wika-732-31-image.jpg\" \/>\n\t<meta property=\"og:image:width\" content=\"1200\" \/>\n\t<meta property=\"og:image:height\" content=\"1000\" \/>\n\t<meta property=\"og:image:type\" content=\"image\/jpeg\" \/>\n<meta name=\"twitter:card\" content=\"summary_large_image\" \/>\n<meta name=\"twitter:label1\" content=\"Tiempo de lectura\" \/>\n\t<meta name=\"twitter:data1\" content=\"1 minuto\" \/>\n<script type=\"application\/ld+json\" class=\"yoast-schema-graph\">{\"@context\":\"https:\\\/\\\/schema.org\",\"@graph\":[{\"@type\":\"WebPage\",\"@id\":\"https:\\\/\\\/www.sj-gauge.com\\\/product\\\/732-31-733-31\\\/\",\"url\":\"https:\\\/\\\/www.sj-gauge.com\\\/product\\\/732-31-733-31\\\/\",\"name\":\"Differential pressure gauge for the process industry, all-metal media chamber - SJ Gauge | Pressure Gauges, Thermometers &amp; Pressure Sensors\",\"isPartOf\":{\"@id\":\"https:\\\/\\\/www.sj-gauge.com\\\/#website\"},\"primaryImageOfPage\":{\"@id\":\"https:\\\/\\\/www.sj-gauge.com\\\/product\\\/732-31-733-31\\\/#primaryimage\"},\"image\":{\"@id\":\"https:\\\/\\\/www.sj-gauge.com\\\/product\\\/732-31-733-31\\\/#primaryimage\"},\"thumbnailUrl\":\"https:\\\/\\\/www.sj-gauge.com\\\/wp-content\\\/uploads\\\/2026\\\/01\\\/SJ-Gauge-wika-732-31-image.jpg\",\"datePublished\":\"2026-01-16T08:10:37+00:00\",\"dateModified\":\"2026-04-04T06:38:40+00:00\",\"breadcrumb\":{\"@id\":\"https:\\\/\\\/www.sj-gauge.com\\\/product\\\/732-31-733-31\\\/#breadcrumb\"},\"inLanguage\":\"es\",\"potentialAction\":[{\"@type\":\"ReadAction\",\"target\":[\"https:\\\/\\\/www.sj-gauge.com\\\/product\\\/732-31-733-31\\\/\"]}]},{\"@type\":\"ImageObject\",\"inLanguage\":\"es\",\"@id\":\"https:\\\/\\\/www.sj-gauge.com\\\/product\\\/732-31-733-31\\\/#primaryimage\",\"url\":\"https:\\\/\\\/www.sj-gauge.com\\\/wp-content\\\/uploads\\\/2026\\\/01\\\/SJ-Gauge-wika-732-31-image.jpg\",\"contentUrl\":\"https:\\\/\\\/www.sj-gauge.com\\\/wp-content\\\/uploads\\\/2026\\\/01\\\/SJ-Gauge-wika-732-31-image.jpg\",\"width\":1200,\"height\":1000},{\"@type\":\"BreadcrumbList\",\"@id\":\"https:\\\/\\\/www.sj-gauge.com\\\/product\\\/732-31-733-31\\\/#breadcrumb\",\"itemListElement\":[{\"@type\":\"ListItem\",\"position\":1,\"name\":\"Home\",\"item\":\"https:\\\/\\\/www.sj-gauge.com\\\/\"},{\"@type\":\"ListItem\",\"position\":2,\"name\":\"Products\",\"item\":\"https:\\\/\\\/www.sj-gauge.com\\\/products\\\/\"},{\"@type\":\"ListItem\",\"position\":3,\"name\":\"Differential pressure gauge for the process industry, all-metal media chamber\"}]},{\"@type\":\"WebSite\",\"@id\":\"https:\\\/\\\/www.sj-gauge.com\\\/#website\",\"url\":\"https:\\\/\\\/www.sj-gauge.com\\\/\",\"name\":\"SJ Gauge | Pressure Gauges, Thermometers &amp; Pressure Sensors\",\"description\":\"Manufacturer of industrial pressure gauges, pressure sensors, and transmitters. SJ Gauge provides high accuracy, durable materials, and custom solutions for oil &amp; gas, chemical, and industrial applications.\",\"publisher\":{\"@id\":\"https:\\\/\\\/www.sj-gauge.com\\\/#organization\"},\"potentialAction\":[{\"@type\":\"SearchAction\",\"target\":{\"@type\":\"EntryPoint\",\"urlTemplate\":\"https:\\\/\\\/www.sj-gauge.com\\\/?s={search_term_string}\"},\"query-input\":{\"@type\":\"PropertyValueSpecification\",\"valueRequired\":true,\"valueName\":\"search_term_string\"}}],\"inLanguage\":\"es\"},{\"@type\":\"Organization\",\"@id\":\"https:\\\/\\\/www.sj-gauge.com\\\/#organization\",\"name\":\"SJ Gauge | Pressure Gauges, Thermometers &amp; Pressure Sensors\",\"url\":\"https:\\\/\\\/www.sj-gauge.com\\\/\",\"logo\":{\"@type\":\"ImageObject\",\"inLanguage\":\"es\",\"@id\":\"https:\\\/\\\/www.sj-gauge.com\\\/#\\\/schema\\\/logo\\\/image\\\/\",\"url\":\"https:\\\/\\\/www.sj-gauge.com\\\/wp-content\\\/uploads\\\/2025\\\/09\\\/logo.webp\",\"contentUrl\":\"https:\\\/\\\/www.sj-gauge.com\\\/wp-content\\\/uploads\\\/2025\\\/09\\\/logo.webp\",\"width\":348,\"height\":184,\"caption\":\"SJ Gauge | Pressure Gauges, Thermometers &amp; Pressure Sensors\"},\"image\":{\"@id\":\"https:\\\/\\\/www.sj-gauge.com\\\/#\\\/schema\\\/logo\\\/image\\\/\"}}]}<\/script>\n<!-- \/ Yoast SEO Premium plugin. -->","yoast_head_json":{"title":"Man\u00f3metro de presi\u00f3n diferencial para la industria de procesos, c\u00e1mara de medios totalmente met\u00e1lica - SJ Gauge | Man\u00f3metros, term\u00f3metros y sensores de presi\u00f3n","robots":{"index":"index","follow":"follow","max-snippet":"max-snippet:-1","max-image-preview":"max-image-preview:large","max-video-preview":"max-video-preview:-1"},"canonical":"https:\/\/www.sj-gauge.com\/es\/producto\/732-31-733-31\/","og_locale":"es_ES","og_type":"article","og_title":"Differential pressure gauge for the process industry, all-metal media chamber","og_description":"Differential pressure measuring ranges from 0 ... 16 mbar to 0 ... 40 bar or 0 ...10 inH2O to 0 ... 600 psi  High operating pressure and high overload safety up to 40 bar [600 psi]  Models 732.31 and 733.31: Case with safety level \u201cS3\u201d per EN 837  All-welded media chamber  QR code on dial links to instrument-specific information","og_url":"https:\/\/www.sj-gauge.com\/es\/producto\/732-31-733-31\/","og_site_name":"SJ Gauge | Pressure Gauges, Thermometers &amp; Pressure Sensors","article_modified_time":"2026-04-04T06:38:40+00:00","og_image":[{"width":1200,"height":1000,"url":"https:\/\/www.sj-gauge.com\/wp-content\/uploads\/2026\/01\/SJ-Gauge-wika-732-31-image.jpg","type":"image\/jpeg"}],"twitter_card":"summary_large_image","twitter_misc":{"Tiempo de lectura":"1 minuto"},"schema":{"@context":"https:\/\/schema.org","@graph":[{"@type":"WebPage","@id":"https:\/\/www.sj-gauge.com\/product\/732-31-733-31\/","url":"https:\/\/www.sj-gauge.com\/product\/732-31-733-31\/","name":"Man\u00f3metro de presi\u00f3n diferencial para la industria de procesos, c\u00e1mara de medios totalmente met\u00e1lica - SJ Gauge | Man\u00f3metros, term\u00f3metros y sensores de presi\u00f3n","isPartOf":{"@id":"https:\/\/www.sj-gauge.com\/#website"},"primaryImageOfPage":{"@id":"https:\/\/www.sj-gauge.com\/product\/732-31-733-31\/#primaryimage"},"image":{"@id":"https:\/\/www.sj-gauge.com\/product\/732-31-733-31\/#primaryimage"},"thumbnailUrl":"https:\/\/www.sj-gauge.com\/wp-content\/uploads\/2026\/01\/SJ-Gauge-wika-732-31-image.jpg","datePublished":"2026-01-16T08:10:37+00:00","dateModified":"2026-04-04T06:38:40+00:00","breadcrumb":{"@id":"https:\/\/www.sj-gauge.com\/product\/732-31-733-31\/#breadcrumb"},"inLanguage":"es","potentialAction":[{"@type":"ReadAction","target":["https:\/\/www.sj-gauge.com\/product\/732-31-733-31\/"]}]},{"@type":"ImageObject","inLanguage":"es","@id":"https:\/\/www.sj-gauge.com\/product\/732-31-733-31\/#primaryimage","url":"https:\/\/www.sj-gauge.com\/wp-content\/uploads\/2026\/01\/SJ-Gauge-wika-732-31-image.jpg","contentUrl":"https:\/\/www.sj-gauge.com\/wp-content\/uploads\/2026\/01\/SJ-Gauge-wika-732-31-image.jpg","width":1200,"height":1000},{"@type":"BreadcrumbList","@id":"https:\/\/www.sj-gauge.com\/product\/732-31-733-31\/#breadcrumb","itemListElement":[{"@type":"ListItem","position":1,"name":"Home","item":"https:\/\/www.sj-gauge.com\/"},{"@type":"ListItem","position":2,"name":"Products","item":"https:\/\/www.sj-gauge.com\/products\/"},{"@type":"ListItem","position":3,"name":"Differential pressure gauge for the process industry, all-metal media chamber"}]},{"@type":"WebSite","@id":"https:\/\/www.sj-gauge.com\/#website","url":"https:\/\/www.sj-gauge.com\/","name":"SJ Gauge | Man\u00f3metros, term\u00f3metros y sensores de presi\u00f3n","description":"Fabricante de man\u00f3metros industriales, sensores de presi\u00f3n y transmisores. SJ Gauge ofrece alta precisi\u00f3n, materiales duraderos y soluciones personalizadas para aplicaciones de petr\u00f3leo y gas, qu\u00edmicas e industriales.","publisher":{"@id":"https:\/\/www.sj-gauge.com\/#organization"},"potentialAction":[{"@type":"SearchAction","target":{"@type":"EntryPoint","urlTemplate":"https:\/\/www.sj-gauge.com\/?s={search_term_string}"},"query-input":{"@type":"PropertyValueSpecification","valueRequired":true,"valueName":"search_term_string"}}],"inLanguage":"es"},{"@type":"Organization","@id":"https:\/\/www.sj-gauge.com\/#organization","name":"SJ Gauge | Man\u00f3metros, term\u00f3metros y sensores de presi\u00f3n","url":"https:\/\/www.sj-gauge.com\/","logo":{"@type":"ImageObject","inLanguage":"es","@id":"https:\/\/www.sj-gauge.com\/#\/schema\/logo\/image\/","url":"https:\/\/www.sj-gauge.com\/wp-content\/uploads\/2025\/09\/logo.webp","contentUrl":"https:\/\/www.sj-gauge.com\/wp-content\/uploads\/2025\/09\/logo.webp","width":348,"height":184,"caption":"SJ Gauge | Pressure Gauges, Thermometers &amp; Pressure Sensors"},"image":{"@id":"https:\/\/www.sj-gauge.com\/#\/schema\/logo\/image\/"}}]}},"_links":{"self":[{"href":"https:\/\/www.sj-gauge.com\/es\/wp-json\/wp\/v2\/product\/3464","targetHints":{"allow":["GET"]}}],"collection":[{"href":"https:\/\/www.sj-gauge.com\/es\/wp-json\/wp\/v2\/product"}],"about":[{"href":"https:\/\/www.sj-gauge.com\/es\/wp-json\/wp\/v2\/types\/product"}],"wp:featuredmedia":[{"embeddable":true,"href":"https:\/\/www.sj-gauge.com\/es\/wp-json\/wp\/v2\/media\/3477"}],"wp:attachment":[{"href":"https:\/\/www.sj-gauge.com\/es\/wp-json\/wp\/v2\/media?parent=3464"}],"wp:term":[{"taxonomy":"product_brand","embeddable":true,"href":"https:\/\/www.sj-gauge.com\/es\/wp-json\/wp\/v2\/product_brand?post=3464"},{"taxonomy":"product_cat","embeddable":true,"href":"https:\/\/www.sj-gauge.com\/es\/wp-json\/wp\/v2\/product_cat?post=3464"},{"taxonomy":"product_tag","embeddable":true,"href":"https:\/\/www.sj-gauge.com\/es\/wp-json\/wp\/v2\/product_tag?post=3464"}],"curies":[{"name":"wp","href":"https:\/\/api.w.org\/{rel}","templated":true}]}}