{"id":3497,"date":"2026-01-19T17:29:20","date_gmt":"2026-01-19T09:29:20","guid":{"rendered":"https:\/\/sj-gauge.com\/?post_type=product&#038;p=3497"},"modified":"2026-01-22T14:29:26","modified_gmt":"2026-01-22T06:29:26","slug":"712-15-160-732-15-160","status":"publish","type":"product","link":"https:\/\/www.sj-gauge.com\/es\/producto\/712-15-160-732-15-160\/","title":{"rendered":"Man\u00f3metro de presi\u00f3n diferencial Cri\u00f3metro, aleaci\u00f3n de cobre o acero inoxidable, NS 160"},"content":{"rendered":"<p>Estos man\u00f3metros diferenciales de alta calidad destacan por su dise\u00f1o compacto y robusto y se utilizan principalmente para la medici\u00f3n de nivel en dep\u00f3sitos de gas licuado. Con 6 c\u00e9lulas de medici\u00f3n diferentes, se cubren todos los tama\u00f1os de dep\u00f3sito habituales en criotecnolog\u00eda. El gran solapamiento de los rangos de medici\u00f3n de las celdas de medici\u00f3n permite el ajuste para tipos de gas como Ar, O2, N2 o CO2 en toda la escala con 270 grados angulares. El ajuste del span es accesible desde el exterior y no afecta al punto cero.<\/p>\n<p>La pantalla mec\u00e1nica y el transmisor integrado con se\u00f1al de salida de 4 ... 20 mA (opcional) se calibran simult\u00e1nea y f\u00e1cilmente. Un colector de v\u00e1lvulas opcional para montaje con brida hace posible la medici\u00f3n del nivel central y la indicaci\u00f3n de la presi\u00f3n de trabajo en un solo instrumento.<\/p>\n<p>Los contactos de conmutaci\u00f3n para el nivel y la presi\u00f3n de trabajo, as\u00ed como un transmisor para la presi\u00f3n de trabajo, pueden instalarse posteriormente in situ. La distancia entre ejes est\u00e1ndar de 37 mm entre las conexiones a proceso puede adaptarse a una distancia entre ejes personalizada de 31 mm o 54 mm mediante adaptadores para montaje con brida.<\/p>","protected":false},"excerpt":{"rendered":"<ul>\n<li>Rangos de medici\u00f3n de la presi\u00f3n diferencial de 0 ... 40 mbar a 0 ... 4.000 mbar<\/li>\n<li>Alta presi\u00f3n de trabajo (presi\u00f3n est\u00e1tica) de 50 bar<\/li>\n<li>Seguridad de sobrepresi\u00f3n a ambos lados hasta 50 bar<\/li>\n<li>Rangos de medici\u00f3n escalables (reducci\u00f3n m\u00e1xima de 1 : 3,5)<\/li>\n<li>Colector de v\u00e1lvulas compacto con indicaci\u00f3n de la presi\u00f3n de trabajo (opcional)<\/li>\n<\/ul>","protected":false},"featured_media":3499,"template":"","meta":{"_acf_changed":false},"product_brand":[68],"product_cat":[51],"product_tag":[],"class_list":{"0":"post-3497","1":"product","2":"type-product","3":"status-publish","4":"has-post-thumbnail","6":"product_brand-wika","7":"product_cat-wika-pressure-gauge","9":"first","10":"instock","11":"shipping-taxable","12":"product-type-simple"},"acf":[],"yoast_head":"<!-- This site is optimized with the Yoast SEO Premium plugin v26.7 (Yoast SEO v27.4) - https:\/\/yoast.com\/product\/yoast-seo-premium-wordpress\/ -->\n<title>Differential pressure gauge Cryo Gauge, copper alloy or stainless steel, NS 160 - SJ Gauge | Pressure Gauges, Thermometers &amp; Pressure Sensors<\/title>\n<meta name=\"robots\" content=\"index, follow, max-snippet:-1, max-image-preview:large, max-video-preview:-1\" \/>\n<link rel=\"canonical\" href=\"https:\/\/www.sj-gauge.com\/es\/producto\/712-15-160-732-15-160\/\" \/>\n<meta property=\"og:locale\" content=\"es_ES\" \/>\n<meta property=\"og:type\" content=\"article\" \/>\n<meta property=\"og:title\" content=\"Differential pressure gauge Cryo Gauge, copper alloy or stainless steel, NS 160\" \/>\n<meta property=\"og:description\" content=\"Differential pressure measuring ranges from 0 \u2026 40 mbar to 0 ... 4,000 mbar  High working pressure (static pressure) of 50 bar  Overpressure safety either side up to 50 bar  Scalable measuring ranges (maximum turndown of 1 : 3.5)  Compact valve manifold with working pressure indication (optional)\" \/>\n<meta property=\"og:url\" content=\"https:\/\/www.sj-gauge.com\/es\/producto\/712-15-160-732-15-160\/\" \/>\n<meta property=\"og:site_name\" content=\"SJ Gauge | Pressure Gauges, Thermometers &amp; Pressure Sensors\" \/>\n<meta property=\"article:modified_time\" content=\"2026-01-22T06:29:26+00:00\" \/>\n<meta property=\"og:image\" content=\"https:\/\/www.sj-gauge.com\/wp-content\/uploads\/2026\/01\/SJ-Gauge-wika-712-15-160-differential-pressure-gauge-image.jpg\" \/>\n\t<meta property=\"og:image:width\" content=\"1200\" \/>\n\t<meta property=\"og:image:height\" content=\"1000\" \/>\n\t<meta property=\"og:image:type\" content=\"image\/jpeg\" \/>\n<meta name=\"twitter:card\" content=\"summary_large_image\" \/>\n<meta name=\"twitter:label1\" content=\"Tiempo de lectura\" \/>\n\t<meta name=\"twitter:data1\" content=\"1 minuto\" \/>\n<script type=\"application\/ld+json\" class=\"yoast-schema-graph\">{\"@context\":\"https:\\\/\\\/schema.org\",\"@graph\":[{\"@type\":\"WebPage\",\"@id\":\"https:\\\/\\\/www.sj-gauge.com\\\/product\\\/712-15-160-732-15-160\\\/\",\"url\":\"https:\\\/\\\/www.sj-gauge.com\\\/product\\\/712-15-160-732-15-160\\\/\",\"name\":\"Differential pressure gauge Cryo Gauge, copper alloy or stainless steel, NS 160 - SJ Gauge | Pressure Gauges, Thermometers &amp; Pressure Sensors\",\"isPartOf\":{\"@id\":\"https:\\\/\\\/www.sj-gauge.com\\\/#website\"},\"primaryImageOfPage\":{\"@id\":\"https:\\\/\\\/www.sj-gauge.com\\\/product\\\/712-15-160-732-15-160\\\/#primaryimage\"},\"image\":{\"@id\":\"https:\\\/\\\/www.sj-gauge.com\\\/product\\\/712-15-160-732-15-160\\\/#primaryimage\"},\"thumbnailUrl\":\"https:\\\/\\\/www.sj-gauge.com\\\/wp-content\\\/uploads\\\/2026\\\/01\\\/SJ-Gauge-wika-712-15-160-differential-pressure-gauge-image.jpg\",\"datePublished\":\"2026-01-19T09:29:20+00:00\",\"dateModified\":\"2026-01-22T06:29:26+00:00\",\"breadcrumb\":{\"@id\":\"https:\\\/\\\/www.sj-gauge.com\\\/product\\\/712-15-160-732-15-160\\\/#breadcrumb\"},\"inLanguage\":\"es\",\"potentialAction\":[{\"@type\":\"ReadAction\",\"target\":[\"https:\\\/\\\/www.sj-gauge.com\\\/product\\\/712-15-160-732-15-160\\\/\"]}]},{\"@type\":\"ImageObject\",\"inLanguage\":\"es\",\"@id\":\"https:\\\/\\\/www.sj-gauge.com\\\/product\\\/712-15-160-732-15-160\\\/#primaryimage\",\"url\":\"https:\\\/\\\/www.sj-gauge.com\\\/wp-content\\\/uploads\\\/2026\\\/01\\\/SJ-Gauge-wika-712-15-160-differential-pressure-gauge-image.jpg\",\"contentUrl\":\"https:\\\/\\\/www.sj-gauge.com\\\/wp-content\\\/uploads\\\/2026\\\/01\\\/SJ-Gauge-wika-712-15-160-differential-pressure-gauge-image.jpg\",\"width\":1200,\"height\":1000},{\"@type\":\"BreadcrumbList\",\"@id\":\"https:\\\/\\\/www.sj-gauge.com\\\/product\\\/712-15-160-732-15-160\\\/#breadcrumb\",\"itemListElement\":[{\"@type\":\"ListItem\",\"position\":1,\"name\":\"Home\",\"item\":\"https:\\\/\\\/www.sj-gauge.com\\\/\"},{\"@type\":\"ListItem\",\"position\":2,\"name\":\"Products\",\"item\":\"https:\\\/\\\/www.sj-gauge.com\\\/products\\\/\"},{\"@type\":\"ListItem\",\"position\":3,\"name\":\"Differential pressure gauge Cryo Gauge, copper alloy or stainless steel, NS 160\"}]},{\"@type\":\"WebSite\",\"@id\":\"https:\\\/\\\/www.sj-gauge.com\\\/#website\",\"url\":\"https:\\\/\\\/www.sj-gauge.com\\\/\",\"name\":\"SJ Gauge | Pressure Gauges, Thermometers &amp; Pressure Sensors\",\"description\":\"Manufacturer of industrial pressure gauges, pressure sensors, and transmitters. SJ Gauge provides high accuracy, durable materials, and custom solutions for oil &amp; gas, chemical, and industrial applications.\",\"publisher\":{\"@id\":\"https:\\\/\\\/www.sj-gauge.com\\\/#organization\"},\"potentialAction\":[{\"@type\":\"SearchAction\",\"target\":{\"@type\":\"EntryPoint\",\"urlTemplate\":\"https:\\\/\\\/www.sj-gauge.com\\\/?s={search_term_string}\"},\"query-input\":{\"@type\":\"PropertyValueSpecification\",\"valueRequired\":true,\"valueName\":\"search_term_string\"}}],\"inLanguage\":\"es\"},{\"@type\":\"Organization\",\"@id\":\"https:\\\/\\\/www.sj-gauge.com\\\/#organization\",\"name\":\"SJ Gauge | Pressure Gauges, Thermometers &amp; Pressure Sensors\",\"url\":\"https:\\\/\\\/www.sj-gauge.com\\\/\",\"logo\":{\"@type\":\"ImageObject\",\"inLanguage\":\"es\",\"@id\":\"https:\\\/\\\/www.sj-gauge.com\\\/#\\\/schema\\\/logo\\\/image\\\/\",\"url\":\"https:\\\/\\\/www.sj-gauge.com\\\/wp-content\\\/uploads\\\/2025\\\/09\\\/logo.webp\",\"contentUrl\":\"https:\\\/\\\/www.sj-gauge.com\\\/wp-content\\\/uploads\\\/2025\\\/09\\\/logo.webp\",\"width\":348,\"height\":184,\"caption\":\"SJ Gauge | Pressure Gauges, Thermometers &amp; Pressure Sensors\"},\"image\":{\"@id\":\"https:\\\/\\\/www.sj-gauge.com\\\/#\\\/schema\\\/logo\\\/image\\\/\"}}]}<\/script>\n<!-- \/ Yoast SEO Premium plugin. -->","yoast_head_json":{"title":"Man\u00f3metro de presi\u00f3n diferencial Cryo Gauge, aleaci\u00f3n de cobre o acero inoxidable, NS 160 - SJ Gauge | Man\u00f3metros, term\u00f3metros y sensores de presi\u00f3n","robots":{"index":"index","follow":"follow","max-snippet":"max-snippet:-1","max-image-preview":"max-image-preview:large","max-video-preview":"max-video-preview:-1"},"canonical":"https:\/\/www.sj-gauge.com\/es\/producto\/712-15-160-732-15-160\/","og_locale":"es_ES","og_type":"article","og_title":"Differential pressure gauge Cryo Gauge, copper alloy or stainless steel, NS 160","og_description":"Differential pressure measuring ranges from 0 \u2026 40 mbar to 0 ... 4,000 mbar  High working pressure (static pressure) of 50 bar  Overpressure safety either side up to 50 bar  Scalable measuring ranges (maximum turndown of 1 : 3.5)  Compact valve manifold with working pressure indication (optional)","og_url":"https:\/\/www.sj-gauge.com\/es\/producto\/712-15-160-732-15-160\/","og_site_name":"SJ Gauge | Pressure Gauges, Thermometers &amp; Pressure Sensors","article_modified_time":"2026-01-22T06:29:26+00:00","og_image":[{"width":1200,"height":1000,"url":"https:\/\/www.sj-gauge.com\/wp-content\/uploads\/2026\/01\/SJ-Gauge-wika-712-15-160-differential-pressure-gauge-image.jpg","type":"image\/jpeg"}],"twitter_card":"summary_large_image","twitter_misc":{"Tiempo de lectura":"1 minuto"},"schema":{"@context":"https:\/\/schema.org","@graph":[{"@type":"WebPage","@id":"https:\/\/www.sj-gauge.com\/product\/712-15-160-732-15-160\/","url":"https:\/\/www.sj-gauge.com\/product\/712-15-160-732-15-160\/","name":"Man\u00f3metro de presi\u00f3n diferencial Cryo Gauge, aleaci\u00f3n de cobre o acero inoxidable, NS 160 - SJ Gauge | Man\u00f3metros, term\u00f3metros y sensores de presi\u00f3n","isPartOf":{"@id":"https:\/\/www.sj-gauge.com\/#website"},"primaryImageOfPage":{"@id":"https:\/\/www.sj-gauge.com\/product\/712-15-160-732-15-160\/#primaryimage"},"image":{"@id":"https:\/\/www.sj-gauge.com\/product\/712-15-160-732-15-160\/#primaryimage"},"thumbnailUrl":"https:\/\/www.sj-gauge.com\/wp-content\/uploads\/2026\/01\/SJ-Gauge-wika-712-15-160-differential-pressure-gauge-image.jpg","datePublished":"2026-01-19T09:29:20+00:00","dateModified":"2026-01-22T06:29:26+00:00","breadcrumb":{"@id":"https:\/\/www.sj-gauge.com\/product\/712-15-160-732-15-160\/#breadcrumb"},"inLanguage":"es","potentialAction":[{"@type":"ReadAction","target":["https:\/\/www.sj-gauge.com\/product\/712-15-160-732-15-160\/"]}]},{"@type":"ImageObject","inLanguage":"es","@id":"https:\/\/www.sj-gauge.com\/product\/712-15-160-732-15-160\/#primaryimage","url":"https:\/\/www.sj-gauge.com\/wp-content\/uploads\/2026\/01\/SJ-Gauge-wika-712-15-160-differential-pressure-gauge-image.jpg","contentUrl":"https:\/\/www.sj-gauge.com\/wp-content\/uploads\/2026\/01\/SJ-Gauge-wika-712-15-160-differential-pressure-gauge-image.jpg","width":1200,"height":1000},{"@type":"BreadcrumbList","@id":"https:\/\/www.sj-gauge.com\/product\/712-15-160-732-15-160\/#breadcrumb","itemListElement":[{"@type":"ListItem","position":1,"name":"Home","item":"https:\/\/www.sj-gauge.com\/"},{"@type":"ListItem","position":2,"name":"Products","item":"https:\/\/www.sj-gauge.com\/products\/"},{"@type":"ListItem","position":3,"name":"Differential pressure gauge Cryo Gauge, copper alloy or stainless steel, NS 160"}]},{"@type":"WebSite","@id":"https:\/\/www.sj-gauge.com\/#website","url":"https:\/\/www.sj-gauge.com\/","name":"SJ Gauge | Man\u00f3metros, term\u00f3metros y sensores de presi\u00f3n","description":"Fabricante de man\u00f3metros industriales, sensores de presi\u00f3n y transmisores. SJ Gauge ofrece alta precisi\u00f3n, materiales duraderos y soluciones personalizadas para aplicaciones de petr\u00f3leo y gas, qu\u00edmicas e industriales.","publisher":{"@id":"https:\/\/www.sj-gauge.com\/#organization"},"potentialAction":[{"@type":"SearchAction","target":{"@type":"EntryPoint","urlTemplate":"https:\/\/www.sj-gauge.com\/?s={search_term_string}"},"query-input":{"@type":"PropertyValueSpecification","valueRequired":true,"valueName":"search_term_string"}}],"inLanguage":"es"},{"@type":"Organization","@id":"https:\/\/www.sj-gauge.com\/#organization","name":"SJ Gauge | Man\u00f3metros, term\u00f3metros y sensores de presi\u00f3n","url":"https:\/\/www.sj-gauge.com\/","logo":{"@type":"ImageObject","inLanguage":"es","@id":"https:\/\/www.sj-gauge.com\/#\/schema\/logo\/image\/","url":"https:\/\/www.sj-gauge.com\/wp-content\/uploads\/2025\/09\/logo.webp","contentUrl":"https:\/\/www.sj-gauge.com\/wp-content\/uploads\/2025\/09\/logo.webp","width":348,"height":184,"caption":"SJ Gauge | Pressure Gauges, Thermometers &amp; Pressure Sensors"},"image":{"@id":"https:\/\/www.sj-gauge.com\/#\/schema\/logo\/image\/"}}]}},"_links":{"self":[{"href":"https:\/\/www.sj-gauge.com\/es\/wp-json\/wp\/v2\/product\/3497","targetHints":{"allow":["GET"]}}],"collection":[{"href":"https:\/\/www.sj-gauge.com\/es\/wp-json\/wp\/v2\/product"}],"about":[{"href":"https:\/\/www.sj-gauge.com\/es\/wp-json\/wp\/v2\/types\/product"}],"wp:featuredmedia":[{"embeddable":true,"href":"https:\/\/www.sj-gauge.com\/es\/wp-json\/wp\/v2\/media\/3499"}],"wp:attachment":[{"href":"https:\/\/www.sj-gauge.com\/es\/wp-json\/wp\/v2\/media?parent=3497"}],"wp:term":[{"taxonomy":"product_brand","embeddable":true,"href":"https:\/\/www.sj-gauge.com\/es\/wp-json\/wp\/v2\/product_brand?post=3497"},{"taxonomy":"product_cat","embeddable":true,"href":"https:\/\/www.sj-gauge.com\/es\/wp-json\/wp\/v2\/product_cat?post=3497"},{"taxonomy":"product_tag","embeddable":true,"href":"https:\/\/www.sj-gauge.com\/es\/wp-json\/wp\/v2\/product_tag?post=3497"}],"curies":[{"name":"wp","href":"https:\/\/api.w.org\/{rel}","templated":true}]}}