{"id":3502,"date":"2026-01-20T16:41:02","date_gmt":"2026-01-20T08:41:02","guid":{"rendered":"https:\/\/sj-gauge.com\/?post_type=product&#038;p=3502"},"modified":"2026-01-22T14:30:27","modified_gmt":"2026-01-22T06:30:27","slug":"a-10","status":"publish","type":"product","link":"https:\/\/www.sj-gauge.com\/es\/producto\/a-10\/","title":{"rendered":"Transmisor de presi\u00f3n para aplicaciones industriales generales"},"content":{"rendered":"<p>El sensor de presi\u00f3n modelo A-10, de eficacia probada, es el todoterreno para la medici\u00f3n de presi\u00f3n en entornos industriales. De construcci\u00f3n compacta, puede integrarse en una amplia gama de dise\u00f1os de m\u00e1quinas. Los numerosos rangos de medici\u00f3n, as\u00ed como los rangos de medici\u00f3n especiales, contribuyen a su aplicabilidad universal.<\/p>\n<p>Excelente calidad y tecnolog\u00eda probada<br \/>\nNuestros muchos a\u00f1os de experiencia y nuestro conocimiento preciso de las necesidades de los clientes se han incorporado al desarrollo del modelo A-10. Lleva m\u00e1s de diez a\u00f1os demostrando su eficacia en innumerables aplicaciones. Su alta calidad constante y su funcionamiento fiable son apreciados en todo el mundo y confirmados peri\u00f3dicamente por auditor\u00edas internas y externas. Este superventas puede tolerar hasta 100 millones de ciclos de carga con una precisi\u00f3n casi constante.<\/p>\n<p>La variedad excepcionalmente amplia cubre casi todas las aplicaciones<br \/>\nEn funci\u00f3n de las necesidades, el modelo A-10 mide la presi\u00f3n manom\u00e9trica, el vac\u00edo y la presi\u00f3n absoluta. Puede configurarse de forma flexible en m\u00e1s de 2 millones de variantes, por lo que puede integrarse sin esfuerzo en casi cualquier concepto de planta.<\/p>\n<p>Todas las variantes configurables est\u00e1n disponibles a corto plazo a partir de 1 unidad.<br \/>\nCada modelo A-10 configurado a medida estar\u00e1 listo para su env\u00edo, a partir de un tama\u00f1o de lote de 1, a m\u00e1s tardar cinco d\u00edas laborables despu\u00e9s de realizar el pedido. Las grandes cantidades tambi\u00e9n pueden entregarse r\u00e1pidamente. Los cortos plazos de entrega ayudan tanto a los fabricantes de equipos originales a cumplir plazos de producci\u00f3n cortos como a los distribuidores a conseguir r\u00e1pidamente el producto adecuado para sus clientes.<\/p>\n<p>Especialmente rentable<br \/>\nEl modelo A-10 es especialmente rentable y ofrece un rendimiento muy bueno, adaptado a la mayor\u00eda de las aplicaciones en t\u00e9rminos de precisi\u00f3n y robustez. Su gran fiabilidad y larga vida \u00fatil garantizan unos costes de mantenimiento y sustituci\u00f3n reducidos.<\/p>","protected":false},"excerpt":{"rendered":"<ul>\n<li>Excelente calidad y tecnolog\u00eda probada<\/li>\n<li>La variedad excepcionalmente amplia cubre casi todas las aplicaciones<\/li>\n<li>Todas las variantes configurables est\u00e1n disponibles a corto plazo a partir de 1 unidad.<\/li>\n<li>Especialmente rentable<\/li>\n<\/ul>","protected":false},"featured_media":3503,"template":"","meta":{"_acf_changed":false},"product_brand":[68],"product_cat":[52],"product_tag":[],"class_list":{"0":"post-3502","1":"product","2":"type-product","3":"status-publish","4":"has-post-thumbnail","6":"product_brand-wika","7":"product_cat-wika-pressure-sensors","9":"first","10":"instock","11":"shipping-taxable","12":"product-type-simple"},"acf":[],"yoast_head":"<!-- This site is optimized with the Yoast SEO Premium plugin v26.7 (Yoast SEO v26.7) - https:\/\/yoast.com\/wordpress\/plugins\/seo\/ -->\n<title>Pressure transmitter for general industrial applications - Your Expert in Pressure Temp and Smart Transmitters - SJ Gauge<\/title>\n<meta name=\"description\" content=\"The WIKA A-10 pressure transmitter features a compact design with high stability and vibration resistance, ideal for machinery, hydraulics, and process monitoring applications.\" \/>\n<meta name=\"robots\" content=\"index, follow, max-snippet:-1, max-image-preview:large, max-video-preview:-1\" \/>\n<link rel=\"canonical\" href=\"https:\/\/www.sj-gauge.com\/es\/producto\/a-10\/\" \/>\n<meta property=\"og:locale\" content=\"es_ES\" \/>\n<meta property=\"og:type\" content=\"article\" \/>\n<meta property=\"og:title\" content=\"Pressure transmitter for general industrial applications\" \/>\n<meta property=\"og:description\" content=\"The WIKA A-10 pressure transmitter features a compact design with high stability and vibration resistance, ideal for machinery, hydraulics, and process monitoring applications.\" \/>\n<meta property=\"og:url\" content=\"https:\/\/www.sj-gauge.com\/es\/producto\/a-10\/\" \/>\n<meta property=\"og:site_name\" content=\"Your Expert in Pressure Temp and Smart Transmitters - SJ Gauge\" \/>\n<meta property=\"article:modified_time\" content=\"2026-01-22T06:30:27+00:00\" \/>\n<meta property=\"og:image\" content=\"https:\/\/www.sj-gauge.com\/wp-content\/uploads\/2026\/01\/SJ_wika_pressure_transmitter_model_A-10-1.jpg\" \/>\n\t<meta property=\"og:image:width\" content=\"1200\" \/>\n\t<meta property=\"og:image:height\" content=\"1000\" \/>\n\t<meta property=\"og:image:type\" content=\"image\/jpeg\" \/>\n<meta name=\"twitter:card\" content=\"summary_large_image\" \/>\n<meta name=\"twitter:label1\" content=\"Tiempo de lectura\" \/>\n\t<meta name=\"twitter:data1\" content=\"2 minutos\" \/>\n<script type=\"application\/ld+json\" class=\"yoast-schema-graph\">{\"@context\":\"https:\/\/schema.org\",\"@graph\":[{\"@type\":\"WebPage\",\"@id\":\"https:\/\/www.sj-gauge.com\/product\/a-10\/\",\"url\":\"https:\/\/www.sj-gauge.com\/product\/a-10\/\",\"name\":\"Pressure transmitter for general industrial applications - Your Expert in Pressure Temp and Smart Transmitters - SJ Gauge\",\"isPartOf\":{\"@id\":\"https:\/\/www.sj-gauge.com\/#website\"},\"primaryImageOfPage\":{\"@id\":\"https:\/\/www.sj-gauge.com\/product\/a-10\/#primaryimage\"},\"image\":{\"@id\":\"https:\/\/www.sj-gauge.com\/product\/a-10\/#primaryimage\"},\"thumbnailUrl\":\"https:\/\/www.sj-gauge.com\/wp-content\/uploads\/2026\/01\/SJ_wika_pressure_transmitter_model_A-10-1.jpg\",\"datePublished\":\"2026-01-20T08:41:02+00:00\",\"dateModified\":\"2026-01-22T06:30:27+00:00\",\"description\":\"The WIKA A-10 pressure transmitter features a compact design with high stability and vibration resistance, ideal for machinery, hydraulics, and process monitoring applications.\",\"breadcrumb\":{\"@id\":\"https:\/\/www.sj-gauge.com\/product\/a-10\/#breadcrumb\"},\"inLanguage\":\"es\",\"potentialAction\":[{\"@type\":\"ReadAction\",\"target\":[\"https:\/\/www.sj-gauge.com\/product\/a-10\/\"]}]},{\"@type\":\"ImageObject\",\"inLanguage\":\"es\",\"@id\":\"https:\/\/www.sj-gauge.com\/product\/a-10\/#primaryimage\",\"url\":\"https:\/\/www.sj-gauge.com\/wp-content\/uploads\/2026\/01\/SJ_wika_pressure_transmitter_model_A-10-1.jpg\",\"contentUrl\":\"https:\/\/www.sj-gauge.com\/wp-content\/uploads\/2026\/01\/SJ_wika_pressure_transmitter_model_A-10-1.jpg\",\"width\":1200,\"height\":1000},{\"@type\":\"BreadcrumbList\",\"@id\":\"https:\/\/www.sj-gauge.com\/product\/a-10\/#breadcrumb\",\"itemListElement\":[{\"@type\":\"ListItem\",\"position\":1,\"name\":\"Home\",\"item\":\"https:\/\/www.sj-gauge.com\/\"},{\"@type\":\"ListItem\",\"position\":2,\"name\":\"Products\",\"item\":\"https:\/\/www.sj-gauge.com\/products\/\"},{\"@type\":\"ListItem\",\"position\":3,\"name\":\"Pressure transmitter for general industrial applications\"}]},{\"@type\":\"WebSite\",\"@id\":\"https:\/\/www.sj-gauge.com\/#website\",\"url\":\"https:\/\/www.sj-gauge.com\/\",\"name\":\"Your Expert in Pressure Temp and Smart Transmitters - SJ Gauge\",\"description\":\"Manufacturer of industrial pressure gauges, pressure sensors, and transmitters. SJ Gauge provides high accuracy, durable materials, and custom solutions for oil &amp; gas, chemical, and industrial applications.\",\"publisher\":{\"@id\":\"https:\/\/www.sj-gauge.com\/#organization\"},\"potentialAction\":[{\"@type\":\"SearchAction\",\"target\":{\"@type\":\"EntryPoint\",\"urlTemplate\":\"https:\/\/www.sj-gauge.com\/?s={search_term_string}\"},\"query-input\":{\"@type\":\"PropertyValueSpecification\",\"valueRequired\":true,\"valueName\":\"search_term_string\"}}],\"inLanguage\":\"es\"},{\"@type\":\"Organization\",\"@id\":\"https:\/\/www.sj-gauge.com\/#organization\",\"name\":\"Your Expert in Pressure Temp and Smart Transmitters - SJ Gauge\",\"url\":\"https:\/\/www.sj-gauge.com\/\",\"logo\":{\"@type\":\"ImageObject\",\"inLanguage\":\"es\",\"@id\":\"https:\/\/www.sj-gauge.com\/#\/schema\/logo\/image\/\",\"url\":\"https:\/\/www.sj-gauge.com\/wp-content\/uploads\/2025\/09\/logo.webp\",\"contentUrl\":\"https:\/\/www.sj-gauge.com\/wp-content\/uploads\/2025\/09\/logo.webp\",\"width\":348,\"height\":184,\"caption\":\"Your Expert in Pressure Temp and Smart Transmitters - SJ Gauge\"},\"image\":{\"@id\":\"https:\/\/www.sj-gauge.com\/#\/schema\/logo\/image\/\"}}]}<\/script>\n<!-- \/ Yoast SEO Premium plugin. -->","yoast_head_json":{"title":"Transmisor de presi\u00f3n para aplicaciones industriales generales - Su experto en transmisores de presi\u00f3n, temperatura e inteligentes - SJ Gauge","description":"El transmisor de presi\u00f3n WIKA A-10 presenta un dise\u00f1o compacto con gran estabilidad y resistencia a las vibraciones, ideal para aplicaciones de maquinaria, hidr\u00e1ulica y monitorizaci\u00f3n de procesos.","robots":{"index":"index","follow":"follow","max-snippet":"max-snippet:-1","max-image-preview":"max-image-preview:large","max-video-preview":"max-video-preview:-1"},"canonical":"https:\/\/www.sj-gauge.com\/es\/producto\/a-10\/","og_locale":"es_ES","og_type":"article","og_title":"Pressure transmitter for general industrial applications","og_description":"The WIKA A-10 pressure transmitter features a compact design with high stability and vibration resistance, ideal for machinery, hydraulics, and process monitoring applications.","og_url":"https:\/\/www.sj-gauge.com\/es\/producto\/a-10\/","og_site_name":"Your Expert in Pressure Temp and Smart Transmitters - SJ Gauge","article_modified_time":"2026-01-22T06:30:27+00:00","og_image":[{"width":1200,"height":1000,"url":"https:\/\/www.sj-gauge.com\/wp-content\/uploads\/2026\/01\/SJ_wika_pressure_transmitter_model_A-10-1.jpg","type":"image\/jpeg"}],"twitter_card":"summary_large_image","twitter_misc":{"Tiempo de lectura":"2 minutos"},"schema":{"@context":"https:\/\/schema.org","@graph":[{"@type":"WebPage","@id":"https:\/\/www.sj-gauge.com\/product\/a-10\/","url":"https:\/\/www.sj-gauge.com\/product\/a-10\/","name":"Transmisor de presi\u00f3n para aplicaciones industriales generales - Su experto en transmisores de presi\u00f3n, temperatura e inteligentes - SJ Gauge","isPartOf":{"@id":"https:\/\/www.sj-gauge.com\/#website"},"primaryImageOfPage":{"@id":"https:\/\/www.sj-gauge.com\/product\/a-10\/#primaryimage"},"image":{"@id":"https:\/\/www.sj-gauge.com\/product\/a-10\/#primaryimage"},"thumbnailUrl":"https:\/\/www.sj-gauge.com\/wp-content\/uploads\/2026\/01\/SJ_wika_pressure_transmitter_model_A-10-1.jpg","datePublished":"2026-01-20T08:41:02+00:00","dateModified":"2026-01-22T06:30:27+00:00","description":"El transmisor de presi\u00f3n WIKA A-10 presenta un dise\u00f1o compacto con gran estabilidad y resistencia a las vibraciones, ideal para aplicaciones de maquinaria, hidr\u00e1ulica y monitorizaci\u00f3n de procesos.","breadcrumb":{"@id":"https:\/\/www.sj-gauge.com\/product\/a-10\/#breadcrumb"},"inLanguage":"es","potentialAction":[{"@type":"ReadAction","target":["https:\/\/www.sj-gauge.com\/product\/a-10\/"]}]},{"@type":"ImageObject","inLanguage":"es","@id":"https:\/\/www.sj-gauge.com\/product\/a-10\/#primaryimage","url":"https:\/\/www.sj-gauge.com\/wp-content\/uploads\/2026\/01\/SJ_wika_pressure_transmitter_model_A-10-1.jpg","contentUrl":"https:\/\/www.sj-gauge.com\/wp-content\/uploads\/2026\/01\/SJ_wika_pressure_transmitter_model_A-10-1.jpg","width":1200,"height":1000},{"@type":"BreadcrumbList","@id":"https:\/\/www.sj-gauge.com\/product\/a-10\/#breadcrumb","itemListElement":[{"@type":"ListItem","position":1,"name":"Home","item":"https:\/\/www.sj-gauge.com\/"},{"@type":"ListItem","position":2,"name":"Products","item":"https:\/\/www.sj-gauge.com\/products\/"},{"@type":"ListItem","position":3,"name":"Pressure transmitter for general industrial applications"}]},{"@type":"WebSite","@id":"https:\/\/www.sj-gauge.com\/#website","url":"https:\/\/www.sj-gauge.com\/","name":"Su experto en Transmisores de presi\u00f3n, temperatura e inteligentes - SJ Gauge","description":"Fabricante de man\u00f3metros industriales, sensores de presi\u00f3n y transmisores. SJ Gauge ofrece alta precisi\u00f3n, materiales duraderos y soluciones personalizadas para aplicaciones de petr\u00f3leo y gas, qu\u00edmicas e industriales.","publisher":{"@id":"https:\/\/www.sj-gauge.com\/#organization"},"potentialAction":[{"@type":"SearchAction","target":{"@type":"EntryPoint","urlTemplate":"https:\/\/www.sj-gauge.com\/?s={search_term_string}"},"query-input":{"@type":"PropertyValueSpecification","valueRequired":true,"valueName":"search_term_string"}}],"inLanguage":"es"},{"@type":"Organization","@id":"https:\/\/www.sj-gauge.com\/#organization","name":"Su experto en Transmisores de presi\u00f3n, temperatura e inteligentes - SJ Gauge","url":"https:\/\/www.sj-gauge.com\/","logo":{"@type":"ImageObject","inLanguage":"es","@id":"https:\/\/www.sj-gauge.com\/#\/schema\/logo\/image\/","url":"https:\/\/www.sj-gauge.com\/wp-content\/uploads\/2025\/09\/logo.webp","contentUrl":"https:\/\/www.sj-gauge.com\/wp-content\/uploads\/2025\/09\/logo.webp","width":348,"height":184,"caption":"Your Expert in Pressure Temp and Smart Transmitters - SJ Gauge"},"image":{"@id":"https:\/\/www.sj-gauge.com\/#\/schema\/logo\/image\/"}}]}},"_links":{"self":[{"href":"https:\/\/www.sj-gauge.com\/es\/wp-json\/wp\/v2\/product\/3502","targetHints":{"allow":["GET"]}}],"collection":[{"href":"https:\/\/www.sj-gauge.com\/es\/wp-json\/wp\/v2\/product"}],"about":[{"href":"https:\/\/www.sj-gauge.com\/es\/wp-json\/wp\/v2\/types\/product"}],"wp:featuredmedia":[{"embeddable":true,"href":"https:\/\/www.sj-gauge.com\/es\/wp-json\/wp\/v2\/media\/3503"}],"wp:attachment":[{"href":"https:\/\/www.sj-gauge.com\/es\/wp-json\/wp\/v2\/media?parent=3502"}],"wp:term":[{"taxonomy":"product_brand","embeddable":true,"href":"https:\/\/www.sj-gauge.com\/es\/wp-json\/wp\/v2\/product_brand?post=3502"},{"taxonomy":"product_cat","embeddable":true,"href":"https:\/\/www.sj-gauge.com\/es\/wp-json\/wp\/v2\/product_cat?post=3502"},{"taxonomy":"product_tag","embeddable":true,"href":"https:\/\/www.sj-gauge.com\/es\/wp-json\/wp\/v2\/product_tag?post=3502"}],"curies":[{"name":"wp","href":"https:\/\/api.w.org\/{rel}","templated":true}]}}