{"id":3547,"date":"2026-01-21T11:49:40","date_gmt":"2026-01-21T03:49:40","guid":{"rendered":"https:\/\/sj-gauge.com\/?post_type=product&#038;p=3547"},"modified":"2026-01-22T14:28:13","modified_gmt":"2026-01-22T06:28:13","slug":"r-1","status":"publish","type":"product","link":"https:\/\/www.sj-gauge.com\/es\/producto\/r-1\/","title":{"rendered":"Transmisor de presi\u00f3n para calefacci\u00f3n y refrigeraci\u00f3n"},"content":{"rendered":"<p>Duradero y sin mantenimiento<br \/>\nEl sensor se ha probado sobre el terreno durante a\u00f1os y es extremadamente fiable. Hasta 10 millones de ciclos de carga no suponen ning\u00fan problema para el modelo R-1. El modelo R-1 se ha dise\u00f1ado sin junta de elast\u00f3mero, la c\u00e9lula de medici\u00f3n de alta precisi\u00f3n est\u00e1 soldada directamente a la conexi\u00f3n de proceso. Todas las piezas que entran en contacto con las sustancias del circuito refrigerante est\u00e1n fabricadas en robusto acero inoxidable con gran capacidad de carga.<\/p>\n<p>Medici\u00f3n estable en condiciones variables<br \/>\nGracias a su robusto dise\u00f1o, las temperaturas ambiente de -25 ... +85 \u00b0C [-13 ... +185 \u00b0F] no representan ning\u00fan problema para el modelo R-1. Aunque el ensor se congele temporalmente, la precisi\u00f3n no se ve limitada.<\/p>\n<p>M\u00e1xima estanqueidad a la condensaci\u00f3n<br \/>\nPara simular sus duras condiciones de funcionamiento, el modelo R-1 se prueba en funcionamiento continuo con un medio refrigerante (-11 \u00b0C [12,2 \u00b0F]) durante 500 h en una c\u00e1mara clim\u00e1tica a 45 \u00b0C [113 \u00b0F] y 85 % de humedad del aire. Esta referencia de calidad demuestra la alta resistencia del sensor a la ondensaci\u00f3n y garantiza la fiabilidad del proceso a largo plazo en condiciones extremas.<\/p>\n<p>Manipulaci\u00f3n segura de refrigerantes inflamables<br \/>\nGracias a una actualizaci\u00f3n t\u00e9cnica de la electr\u00f3nica, el R-1 puede utilizarse ahora tambi\u00e9n en aplicaciones con refrigerantes inflamables.<\/p>\n<p>M\u00e1xima fiabilidad en las entregas<br \/>\nEl modelo R-1 se fabrica en cinco l\u00edneas de producci\u00f3n con un alto grado de automatizaci\u00f3n. La m\u00e1xima calidad se garantiza mediante exhaustivas pruebas de calidad que van m\u00e1s all\u00e1 de la norma del sector. Por ejemplo, una prueba de final de l\u00ednea 100 % es est\u00e1ndar en WIKA. Como socio fuerte en el negocio OEM, WIKA ofrece etiquetado privado para el modelo R-1.<\/p>","protected":false},"excerpt":{"rendered":"<ul>\n<li>Duradero y sin mantenimiento<\/li>\n<li>Medici\u00f3n estable en condiciones variables<\/li>\n<li>M\u00e1xima estanqueidad a la condensaci\u00f3n<\/li>\n<li>Manipulaci\u00f3n segura de refrigerantes inflamables<\/li>\n<li>La mayor fiabilidad de entrega posible con WIKA como socio OEM experimentado<\/li>\n<\/ul>","protected":false},"featured_media":3565,"template":"","meta":{"_acf_changed":false},"product_brand":[68],"product_cat":[52],"product_tag":[],"class_list":{"0":"post-3547","1":"product","2":"type-product","3":"status-publish","4":"has-post-thumbnail","6":"product_brand-wika","7":"product_cat-wika-pressure-sensors","9":"first","10":"instock","11":"shipping-taxable","12":"product-type-simple"},"acf":[],"yoast_head":"<!-- This site is optimized with the Yoast SEO Premium plugin v26.7 (Yoast SEO v27.4) - https:\/\/yoast.com\/product\/yoast-seo-premium-wordpress\/ -->\n<title>Pressure transmitter for heating and refrigeration - SJ Gauge | Pressure Gauges, Thermometers &amp; Pressure Sensors<\/title>\n<meta name=\"robots\" content=\"index, follow, max-snippet:-1, max-image-preview:large, max-video-preview:-1\" \/>\n<link rel=\"canonical\" href=\"https:\/\/www.sj-gauge.com\/es\/producto\/r-1\/\" \/>\n<meta property=\"og:locale\" content=\"es_ES\" \/>\n<meta property=\"og:type\" content=\"article\" \/>\n<meta property=\"og:title\" content=\"Pressure transmitter for heating and refrigeration\" \/>\n<meta property=\"og:description\" content=\"Durable and maintenance-free  Stable measurement in variable conditions  Best possible condensation tightness  Safe handling of flammable refrigerants  Greatest possible delivery reliability with WIKA as an experienced OEM partner\" \/>\n<meta property=\"og:url\" content=\"https:\/\/www.sj-gauge.com\/es\/producto\/r-1\/\" \/>\n<meta property=\"og:site_name\" content=\"SJ Gauge | Pressure Gauges, Thermometers &amp; Pressure Sensors\" \/>\n<meta property=\"article:modified_time\" content=\"2026-01-22T06:28:13+00:00\" \/>\n<meta property=\"og:image\" content=\"https:\/\/www.sj-gauge.com\/wp-content\/uploads\/2026\/01\/SJ-Gauge-wika-r-1-metri-pack-series-150.jpg\" \/>\n\t<meta property=\"og:image:width\" content=\"1200\" \/>\n\t<meta property=\"og:image:height\" content=\"1000\" \/>\n\t<meta property=\"og:image:type\" content=\"image\/jpeg\" \/>\n<meta name=\"twitter:card\" content=\"summary_large_image\" \/>\n<meta name=\"twitter:label1\" content=\"Tiempo de lectura\" \/>\n\t<meta name=\"twitter:data1\" content=\"2 minutos\" \/>\n<script type=\"application\/ld+json\" class=\"yoast-schema-graph\">{\"@context\":\"https:\\\/\\\/schema.org\",\"@graph\":[{\"@type\":\"WebPage\",\"@id\":\"https:\\\/\\\/www.sj-gauge.com\\\/product\\\/r-1\\\/\",\"url\":\"https:\\\/\\\/www.sj-gauge.com\\\/product\\\/r-1\\\/\",\"name\":\"Pressure transmitter for heating and refrigeration - SJ Gauge | Pressure Gauges, Thermometers &amp; Pressure Sensors\",\"isPartOf\":{\"@id\":\"https:\\\/\\\/www.sj-gauge.com\\\/#website\"},\"primaryImageOfPage\":{\"@id\":\"https:\\\/\\\/www.sj-gauge.com\\\/product\\\/r-1\\\/#primaryimage\"},\"image\":{\"@id\":\"https:\\\/\\\/www.sj-gauge.com\\\/product\\\/r-1\\\/#primaryimage\"},\"thumbnailUrl\":\"https:\\\/\\\/www.sj-gauge.com\\\/wp-content\\\/uploads\\\/2026\\\/01\\\/SJ-Gauge-wika-r-1-metri-pack-series-150.jpg\",\"datePublished\":\"2026-01-21T03:49:40+00:00\",\"dateModified\":\"2026-01-22T06:28:13+00:00\",\"breadcrumb\":{\"@id\":\"https:\\\/\\\/www.sj-gauge.com\\\/product\\\/r-1\\\/#breadcrumb\"},\"inLanguage\":\"es\",\"potentialAction\":[{\"@type\":\"ReadAction\",\"target\":[\"https:\\\/\\\/www.sj-gauge.com\\\/product\\\/r-1\\\/\"]}]},{\"@type\":\"ImageObject\",\"inLanguage\":\"es\",\"@id\":\"https:\\\/\\\/www.sj-gauge.com\\\/product\\\/r-1\\\/#primaryimage\",\"url\":\"https:\\\/\\\/www.sj-gauge.com\\\/wp-content\\\/uploads\\\/2026\\\/01\\\/SJ-Gauge-wika-r-1-metri-pack-series-150.jpg\",\"contentUrl\":\"https:\\\/\\\/www.sj-gauge.com\\\/wp-content\\\/uploads\\\/2026\\\/01\\\/SJ-Gauge-wika-r-1-metri-pack-series-150.jpg\",\"width\":1200,\"height\":1000},{\"@type\":\"BreadcrumbList\",\"@id\":\"https:\\\/\\\/www.sj-gauge.com\\\/product\\\/r-1\\\/#breadcrumb\",\"itemListElement\":[{\"@type\":\"ListItem\",\"position\":1,\"name\":\"Home\",\"item\":\"https:\\\/\\\/www.sj-gauge.com\\\/\"},{\"@type\":\"ListItem\",\"position\":2,\"name\":\"Products\",\"item\":\"https:\\\/\\\/www.sj-gauge.com\\\/products\\\/\"},{\"@type\":\"ListItem\",\"position\":3,\"name\":\"Pressure transmitter for heating and refrigeration\"}]},{\"@type\":\"WebSite\",\"@id\":\"https:\\\/\\\/www.sj-gauge.com\\\/#website\",\"url\":\"https:\\\/\\\/www.sj-gauge.com\\\/\",\"name\":\"SJ Gauge | Pressure Gauges, Thermometers &amp; Pressure Sensors\",\"description\":\"Manufacturer of industrial pressure gauges, pressure sensors, and transmitters. SJ Gauge provides high accuracy, durable materials, and custom solutions for oil &amp; gas, chemical, and industrial applications.\",\"publisher\":{\"@id\":\"https:\\\/\\\/www.sj-gauge.com\\\/#organization\"},\"potentialAction\":[{\"@type\":\"SearchAction\",\"target\":{\"@type\":\"EntryPoint\",\"urlTemplate\":\"https:\\\/\\\/www.sj-gauge.com\\\/?s={search_term_string}\"},\"query-input\":{\"@type\":\"PropertyValueSpecification\",\"valueRequired\":true,\"valueName\":\"search_term_string\"}}],\"inLanguage\":\"es\"},{\"@type\":\"Organization\",\"@id\":\"https:\\\/\\\/www.sj-gauge.com\\\/#organization\",\"name\":\"SJ Gauge | Pressure Gauges, Thermometers &amp; Pressure Sensors\",\"url\":\"https:\\\/\\\/www.sj-gauge.com\\\/\",\"logo\":{\"@type\":\"ImageObject\",\"inLanguage\":\"es\",\"@id\":\"https:\\\/\\\/www.sj-gauge.com\\\/#\\\/schema\\\/logo\\\/image\\\/\",\"url\":\"https:\\\/\\\/www.sj-gauge.com\\\/wp-content\\\/uploads\\\/2025\\\/09\\\/logo.webp\",\"contentUrl\":\"https:\\\/\\\/www.sj-gauge.com\\\/wp-content\\\/uploads\\\/2025\\\/09\\\/logo.webp\",\"width\":348,\"height\":184,\"caption\":\"SJ Gauge | Pressure Gauges, Thermometers &amp; Pressure Sensors\"},\"image\":{\"@id\":\"https:\\\/\\\/www.sj-gauge.com\\\/#\\\/schema\\\/logo\\\/image\\\/\"}}]}<\/script>\n<!-- \/ Yoast SEO Premium plugin. -->","yoast_head_json":{"title":"Transmisor de presi\u00f3n para calefacci\u00f3n y refrigeraci\u00f3n - SJ Gauge | Man\u00f3metros, term\u00f3metros y sensores de presi\u00f3n","robots":{"index":"index","follow":"follow","max-snippet":"max-snippet:-1","max-image-preview":"max-image-preview:large","max-video-preview":"max-video-preview:-1"},"canonical":"https:\/\/www.sj-gauge.com\/es\/producto\/r-1\/","og_locale":"es_ES","og_type":"article","og_title":"Pressure transmitter for heating and refrigeration","og_description":"Durable and maintenance-free  Stable measurement in variable conditions  Best possible condensation tightness  Safe handling of flammable refrigerants  Greatest possible delivery reliability with WIKA as an experienced OEM partner","og_url":"https:\/\/www.sj-gauge.com\/es\/producto\/r-1\/","og_site_name":"SJ Gauge | Pressure Gauges, Thermometers &amp; Pressure Sensors","article_modified_time":"2026-01-22T06:28:13+00:00","og_image":[{"width":1200,"height":1000,"url":"https:\/\/www.sj-gauge.com\/wp-content\/uploads\/2026\/01\/SJ-Gauge-wika-r-1-metri-pack-series-150.jpg","type":"image\/jpeg"}],"twitter_card":"summary_large_image","twitter_misc":{"Tiempo de lectura":"2 minutos"},"schema":{"@context":"https:\/\/schema.org","@graph":[{"@type":"WebPage","@id":"https:\/\/www.sj-gauge.com\/product\/r-1\/","url":"https:\/\/www.sj-gauge.com\/product\/r-1\/","name":"Transmisor de presi\u00f3n para calefacci\u00f3n y refrigeraci\u00f3n - SJ Gauge | Man\u00f3metros, term\u00f3metros y sensores de presi\u00f3n","isPartOf":{"@id":"https:\/\/www.sj-gauge.com\/#website"},"primaryImageOfPage":{"@id":"https:\/\/www.sj-gauge.com\/product\/r-1\/#primaryimage"},"image":{"@id":"https:\/\/www.sj-gauge.com\/product\/r-1\/#primaryimage"},"thumbnailUrl":"https:\/\/www.sj-gauge.com\/wp-content\/uploads\/2026\/01\/SJ-Gauge-wika-r-1-metri-pack-series-150.jpg","datePublished":"2026-01-21T03:49:40+00:00","dateModified":"2026-01-22T06:28:13+00:00","breadcrumb":{"@id":"https:\/\/www.sj-gauge.com\/product\/r-1\/#breadcrumb"},"inLanguage":"es","potentialAction":[{"@type":"ReadAction","target":["https:\/\/www.sj-gauge.com\/product\/r-1\/"]}]},{"@type":"ImageObject","inLanguage":"es","@id":"https:\/\/www.sj-gauge.com\/product\/r-1\/#primaryimage","url":"https:\/\/www.sj-gauge.com\/wp-content\/uploads\/2026\/01\/SJ-Gauge-wika-r-1-metri-pack-series-150.jpg","contentUrl":"https:\/\/www.sj-gauge.com\/wp-content\/uploads\/2026\/01\/SJ-Gauge-wika-r-1-metri-pack-series-150.jpg","width":1200,"height":1000},{"@type":"BreadcrumbList","@id":"https:\/\/www.sj-gauge.com\/product\/r-1\/#breadcrumb","itemListElement":[{"@type":"ListItem","position":1,"name":"Home","item":"https:\/\/www.sj-gauge.com\/"},{"@type":"ListItem","position":2,"name":"Products","item":"https:\/\/www.sj-gauge.com\/products\/"},{"@type":"ListItem","position":3,"name":"Pressure transmitter for heating and refrigeration"}]},{"@type":"WebSite","@id":"https:\/\/www.sj-gauge.com\/#website","url":"https:\/\/www.sj-gauge.com\/","name":"SJ Gauge | Man\u00f3metros, term\u00f3metros y sensores de presi\u00f3n","description":"Fabricante de man\u00f3metros industriales, sensores de presi\u00f3n y transmisores. SJ Gauge ofrece alta precisi\u00f3n, materiales duraderos y soluciones personalizadas para aplicaciones de petr\u00f3leo y gas, qu\u00edmicas e industriales.","publisher":{"@id":"https:\/\/www.sj-gauge.com\/#organization"},"potentialAction":[{"@type":"SearchAction","target":{"@type":"EntryPoint","urlTemplate":"https:\/\/www.sj-gauge.com\/?s={search_term_string}"},"query-input":{"@type":"PropertyValueSpecification","valueRequired":true,"valueName":"search_term_string"}}],"inLanguage":"es"},{"@type":"Organization","@id":"https:\/\/www.sj-gauge.com\/#organization","name":"SJ Gauge | Man\u00f3metros, term\u00f3metros y sensores de presi\u00f3n","url":"https:\/\/www.sj-gauge.com\/","logo":{"@type":"ImageObject","inLanguage":"es","@id":"https:\/\/www.sj-gauge.com\/#\/schema\/logo\/image\/","url":"https:\/\/www.sj-gauge.com\/wp-content\/uploads\/2025\/09\/logo.webp","contentUrl":"https:\/\/www.sj-gauge.com\/wp-content\/uploads\/2025\/09\/logo.webp","width":348,"height":184,"caption":"SJ Gauge | Pressure Gauges, Thermometers &amp; Pressure Sensors"},"image":{"@id":"https:\/\/www.sj-gauge.com\/#\/schema\/logo\/image\/"}}]}},"_links":{"self":[{"href":"https:\/\/www.sj-gauge.com\/es\/wp-json\/wp\/v2\/product\/3547","targetHints":{"allow":["GET"]}}],"collection":[{"href":"https:\/\/www.sj-gauge.com\/es\/wp-json\/wp\/v2\/product"}],"about":[{"href":"https:\/\/www.sj-gauge.com\/es\/wp-json\/wp\/v2\/types\/product"}],"wp:featuredmedia":[{"embeddable":true,"href":"https:\/\/www.sj-gauge.com\/es\/wp-json\/wp\/v2\/media\/3565"}],"wp:attachment":[{"href":"https:\/\/www.sj-gauge.com\/es\/wp-json\/wp\/v2\/media?parent=3547"}],"wp:term":[{"taxonomy":"product_brand","embeddable":true,"href":"https:\/\/www.sj-gauge.com\/es\/wp-json\/wp\/v2\/product_brand?post=3547"},{"taxonomy":"product_cat","embeddable":true,"href":"https:\/\/www.sj-gauge.com\/es\/wp-json\/wp\/v2\/product_cat?post=3547"},{"taxonomy":"product_tag","embeddable":true,"href":"https:\/\/www.sj-gauge.com\/es\/wp-json\/wp\/v2\/product_tag?post=3547"}],"curies":[{"name":"wp","href":"https:\/\/api.w.org\/{rel}","templated":true}]}}