{"id":3591,"date":"2026-01-22T15:14:41","date_gmt":"2026-01-22T07:14:41","guid":{"rendered":"https:\/\/sj-gauge.com\/?post_type=product&#038;p=3591"},"modified":"2026-01-22T15:14:42","modified_gmt":"2026-01-22T07:14:42","slug":"psd-4","status":"publish","type":"product","link":"https:\/\/www.sj-gauge.com\/es\/producto\/psd-4\/","title":{"rendered":"Presostato electr\u00f3nico con pantalla"},"content":{"rendered":"<p>El presostato electr\u00f3nico PSD-4 es la soluci\u00f3n universal para tareas de automatizaci\u00f3n industrial, tambi\u00e9n en aplicaciones higi\u00e9nicas y en condiciones adversas. Gracias a una precisi\u00f3n de &lt; \u00b10,5 % y una deriva m\u00ednima a largo plazo, garantiza permanentemente una representaci\u00f3n exacta de la presi\u00f3n de proceso durante m\u00e1s de 100 millones de ciclos de carga. El presostato est\u00e1 disponible con una se\u00f1al de salida digital, as\u00ed como con una salida anal\u00f3gica conmutable y escalable. Adem\u00e1s, tambi\u00e9n se puede supervisar f\u00e1cilmente mediante el autodiagn\u00f3stico.<\/p>\n<p>Monitorizaci\u00f3n avanzada del estado a trav\u00e9s de IO-Link<br \/>\nLos datos de estado y las funciones de diagn\u00f3stico permiten una supervisi\u00f3n coherente. Si est\u00e1 defectuoso o si los valores de presi\u00f3n o temperatura est\u00e1n por encima o por debajo de las especificaciones se muestra directamente en el sistema. Los datos tambi\u00e9n permiten sacar conclusiones sobre los cambios en las condiciones del proceso. La informaci\u00f3n adicional ayuda a comprobar la carga.<\/p>\n<p>Mayor flexibilidad, menor inventario<br \/>\nCostes de almacenamiento reducidos gracias al menor n\u00famero de variantes: Con la salida anal\u00f3gica escalable, el rango de medici\u00f3n puede limitarse en una relaci\u00f3n de 5:1. Adem\u00e1s, la se\u00f1al de salida puede configurarse espec\u00edficamente para la aplicaci\u00f3n. Adem\u00e1s, la se\u00f1al de salida puede configurarse espec\u00edficamente para cada aplicaci\u00f3n. De este modo, el PSD-4 puede utilizarse de forma flexible.<\/p>\n<p>F\u00e1cil integraci\u00f3n combinada con una buena legibilidad<br \/>\nGracias a la gran pantalla de 14 segmentos y a los d\u00edgitos rojos, los valores de presi\u00f3n son f\u00e1ciles de leer, incluso en entornos con mucha luz. Adem\u00e1s, el contenido de la pantalla puede girarse 180\u00b0 y la carcasa &gt; 300\u00b0.<\/p>\n<p>Parametrizaci\u00f3n r\u00e1pida mediante 3 botones<br \/>\nEl PSD-4 puede ajustarse mediante 3 botones. La pantalla y el men\u00fa ofrecen una navegaci\u00f3n intuitiva conforme a la especificaci\u00f3n VDMA 24574-1. Esto acelera la parametrizaci\u00f3n y reduce el esfuerzo de instalaci\u00f3n.<\/p>","protected":false},"excerpt":{"rendered":"<ul>\n<li>Monitorizaci\u00f3n avanzada del estado a trav\u00e9s de IO-Link<\/li>\n<li>Mayor flexibilidad, menor inventario<\/li>\n<li>F\u00e1cil integraci\u00f3n combinada con una buena legibilidad<\/li>\n<li>Parametrizaci\u00f3n r\u00e1pida mediante 3 botones<\/li>\n<\/ul>","protected":false},"featured_media":3593,"template":"","meta":{"_acf_changed":false},"product_brand":[68],"product_cat":[52],"product_tag":[],"class_list":{"0":"post-3591","1":"product","2":"type-product","3":"status-publish","4":"has-post-thumbnail","6":"product_brand-wika","7":"product_cat-wika-pressure-sensors","9":"first","10":"instock","11":"shipping-taxable","12":"product-type-simple"},"acf":[],"yoast_head":"<!-- This site is optimized with the Yoast SEO Premium plugin v26.7 (Yoast SEO v27.4) - https:\/\/yoast.com\/product\/yoast-seo-premium-wordpress\/ -->\n<title>Electronic pressure switch with display - SJ Gauge | Pressure Gauges, Thermometers &amp; Pressure Sensors<\/title>\n<meta name=\"robots\" content=\"index, follow, max-snippet:-1, max-image-preview:large, max-video-preview:-1\" \/>\n<link rel=\"canonical\" href=\"https:\/\/www.sj-gauge.com\/es\/producto\/psd-4\/\" \/>\n<meta property=\"og:locale\" content=\"es_ES\" \/>\n<meta property=\"og:type\" content=\"article\" \/>\n<meta property=\"og:title\" content=\"Electronic pressure switch with display\" \/>\n<meta property=\"og:description\" content=\"Advanced condition monitoring via IO-Link  Higher flexibility, lower inventory  Easy integration combined with good readability  Fast parameterisation via 3-buttons\" \/>\n<meta property=\"og:url\" content=\"https:\/\/www.sj-gauge.com\/es\/producto\/psd-4\/\" \/>\n<meta property=\"og:site_name\" content=\"SJ Gauge | Pressure Gauges, Thermometers &amp; Pressure Sensors\" \/>\n<meta property=\"article:modified_time\" content=\"2026-01-22T07:14:42+00:00\" \/>\n<meta property=\"og:image\" content=\"https:\/\/www.sj-gauge.com\/wp-content\/uploads\/2026\/01\/SJ-Gauge-wika-psd-4-pressure-switch-image-1.jpg\" \/>\n\t<meta property=\"og:image:width\" content=\"1200\" \/>\n\t<meta property=\"og:image:height\" content=\"1000\" \/>\n\t<meta property=\"og:image:type\" content=\"image\/jpeg\" \/>\n<meta name=\"twitter:card\" content=\"summary_large_image\" \/>\n<meta name=\"twitter:label1\" content=\"Tiempo de lectura\" \/>\n\t<meta name=\"twitter:data1\" content=\"2 minutos\" \/>\n<script type=\"application\/ld+json\" class=\"yoast-schema-graph\">{\"@context\":\"https:\\\/\\\/schema.org\",\"@graph\":[{\"@type\":\"WebPage\",\"@id\":\"https:\\\/\\\/www.sj-gauge.com\\\/product\\\/psd-4\\\/\",\"url\":\"https:\\\/\\\/www.sj-gauge.com\\\/product\\\/psd-4\\\/\",\"name\":\"Electronic pressure switch with display - SJ Gauge | Pressure Gauges, Thermometers &amp; Pressure Sensors\",\"isPartOf\":{\"@id\":\"https:\\\/\\\/www.sj-gauge.com\\\/#website\"},\"primaryImageOfPage\":{\"@id\":\"https:\\\/\\\/www.sj-gauge.com\\\/product\\\/psd-4\\\/#primaryimage\"},\"image\":{\"@id\":\"https:\\\/\\\/www.sj-gauge.com\\\/product\\\/psd-4\\\/#primaryimage\"},\"thumbnailUrl\":\"https:\\\/\\\/www.sj-gauge.com\\\/wp-content\\\/uploads\\\/2026\\\/01\\\/SJ-Gauge-wika-psd-4-pressure-switch-image-1.jpg\",\"datePublished\":\"2026-01-22T07:14:41+00:00\",\"dateModified\":\"2026-01-22T07:14:42+00:00\",\"breadcrumb\":{\"@id\":\"https:\\\/\\\/www.sj-gauge.com\\\/product\\\/psd-4\\\/#breadcrumb\"},\"inLanguage\":\"es\",\"potentialAction\":[{\"@type\":\"ReadAction\",\"target\":[\"https:\\\/\\\/www.sj-gauge.com\\\/product\\\/psd-4\\\/\"]}]},{\"@type\":\"ImageObject\",\"inLanguage\":\"es\",\"@id\":\"https:\\\/\\\/www.sj-gauge.com\\\/product\\\/psd-4\\\/#primaryimage\",\"url\":\"https:\\\/\\\/www.sj-gauge.com\\\/wp-content\\\/uploads\\\/2026\\\/01\\\/SJ-Gauge-wika-psd-4-pressure-switch-image-1.jpg\",\"contentUrl\":\"https:\\\/\\\/www.sj-gauge.com\\\/wp-content\\\/uploads\\\/2026\\\/01\\\/SJ-Gauge-wika-psd-4-pressure-switch-image-1.jpg\",\"width\":1200,\"height\":1000},{\"@type\":\"BreadcrumbList\",\"@id\":\"https:\\\/\\\/www.sj-gauge.com\\\/product\\\/psd-4\\\/#breadcrumb\",\"itemListElement\":[{\"@type\":\"ListItem\",\"position\":1,\"name\":\"Home\",\"item\":\"https:\\\/\\\/www.sj-gauge.com\\\/\"},{\"@type\":\"ListItem\",\"position\":2,\"name\":\"Products\",\"item\":\"https:\\\/\\\/www.sj-gauge.com\\\/products\\\/\"},{\"@type\":\"ListItem\",\"position\":3,\"name\":\"Electronic pressure switch with display\"}]},{\"@type\":\"WebSite\",\"@id\":\"https:\\\/\\\/www.sj-gauge.com\\\/#website\",\"url\":\"https:\\\/\\\/www.sj-gauge.com\\\/\",\"name\":\"SJ Gauge | Pressure Gauges, Thermometers &amp; Pressure Sensors\",\"description\":\"Manufacturer of industrial pressure gauges, pressure sensors, and transmitters. SJ Gauge provides high accuracy, durable materials, and custom solutions for oil &amp; gas, chemical, and industrial applications.\",\"publisher\":{\"@id\":\"https:\\\/\\\/www.sj-gauge.com\\\/#organization\"},\"potentialAction\":[{\"@type\":\"SearchAction\",\"target\":{\"@type\":\"EntryPoint\",\"urlTemplate\":\"https:\\\/\\\/www.sj-gauge.com\\\/?s={search_term_string}\"},\"query-input\":{\"@type\":\"PropertyValueSpecification\",\"valueRequired\":true,\"valueName\":\"search_term_string\"}}],\"inLanguage\":\"es\"},{\"@type\":\"Organization\",\"@id\":\"https:\\\/\\\/www.sj-gauge.com\\\/#organization\",\"name\":\"SJ Gauge | Pressure Gauges, Thermometers &amp; Pressure Sensors\",\"url\":\"https:\\\/\\\/www.sj-gauge.com\\\/\",\"logo\":{\"@type\":\"ImageObject\",\"inLanguage\":\"es\",\"@id\":\"https:\\\/\\\/www.sj-gauge.com\\\/#\\\/schema\\\/logo\\\/image\\\/\",\"url\":\"https:\\\/\\\/www.sj-gauge.com\\\/wp-content\\\/uploads\\\/2025\\\/09\\\/logo.webp\",\"contentUrl\":\"https:\\\/\\\/www.sj-gauge.com\\\/wp-content\\\/uploads\\\/2025\\\/09\\\/logo.webp\",\"width\":348,\"height\":184,\"caption\":\"SJ Gauge | Pressure Gauges, Thermometers &amp; Pressure Sensors\"},\"image\":{\"@id\":\"https:\\\/\\\/www.sj-gauge.com\\\/#\\\/schema\\\/logo\\\/image\\\/\"}}]}<\/script>\n<!-- \/ Yoast SEO Premium plugin. -->","yoast_head_json":{"title":"Presostato electr\u00f3nico con pantalla - SJ Gauge | Man\u00f3metros, term\u00f3metros y sensores de presi\u00f3n","robots":{"index":"index","follow":"follow","max-snippet":"max-snippet:-1","max-image-preview":"max-image-preview:large","max-video-preview":"max-video-preview:-1"},"canonical":"https:\/\/www.sj-gauge.com\/es\/producto\/psd-4\/","og_locale":"es_ES","og_type":"article","og_title":"Electronic pressure switch with display","og_description":"Advanced condition monitoring via IO-Link  Higher flexibility, lower inventory  Easy integration combined with good readability  Fast parameterisation via 3-buttons","og_url":"https:\/\/www.sj-gauge.com\/es\/producto\/psd-4\/","og_site_name":"SJ Gauge | Pressure Gauges, Thermometers &amp; Pressure Sensors","article_modified_time":"2026-01-22T07:14:42+00:00","og_image":[{"width":1200,"height":1000,"url":"https:\/\/www.sj-gauge.com\/wp-content\/uploads\/2026\/01\/SJ-Gauge-wika-psd-4-pressure-switch-image-1.jpg","type":"image\/jpeg"}],"twitter_card":"summary_large_image","twitter_misc":{"Tiempo de lectura":"2 minutos"},"schema":{"@context":"https:\/\/schema.org","@graph":[{"@type":"WebPage","@id":"https:\/\/www.sj-gauge.com\/product\/psd-4\/","url":"https:\/\/www.sj-gauge.com\/product\/psd-4\/","name":"Presostato electr\u00f3nico con pantalla - SJ Gauge | Man\u00f3metros, term\u00f3metros y sensores de presi\u00f3n","isPartOf":{"@id":"https:\/\/www.sj-gauge.com\/#website"},"primaryImageOfPage":{"@id":"https:\/\/www.sj-gauge.com\/product\/psd-4\/#primaryimage"},"image":{"@id":"https:\/\/www.sj-gauge.com\/product\/psd-4\/#primaryimage"},"thumbnailUrl":"https:\/\/www.sj-gauge.com\/wp-content\/uploads\/2026\/01\/SJ-Gauge-wika-psd-4-pressure-switch-image-1.jpg","datePublished":"2026-01-22T07:14:41+00:00","dateModified":"2026-01-22T07:14:42+00:00","breadcrumb":{"@id":"https:\/\/www.sj-gauge.com\/product\/psd-4\/#breadcrumb"},"inLanguage":"es","potentialAction":[{"@type":"ReadAction","target":["https:\/\/www.sj-gauge.com\/product\/psd-4\/"]}]},{"@type":"ImageObject","inLanguage":"es","@id":"https:\/\/www.sj-gauge.com\/product\/psd-4\/#primaryimage","url":"https:\/\/www.sj-gauge.com\/wp-content\/uploads\/2026\/01\/SJ-Gauge-wika-psd-4-pressure-switch-image-1.jpg","contentUrl":"https:\/\/www.sj-gauge.com\/wp-content\/uploads\/2026\/01\/SJ-Gauge-wika-psd-4-pressure-switch-image-1.jpg","width":1200,"height":1000},{"@type":"BreadcrumbList","@id":"https:\/\/www.sj-gauge.com\/product\/psd-4\/#breadcrumb","itemListElement":[{"@type":"ListItem","position":1,"name":"Home","item":"https:\/\/www.sj-gauge.com\/"},{"@type":"ListItem","position":2,"name":"Products","item":"https:\/\/www.sj-gauge.com\/products\/"},{"@type":"ListItem","position":3,"name":"Electronic pressure switch with display"}]},{"@type":"WebSite","@id":"https:\/\/www.sj-gauge.com\/#website","url":"https:\/\/www.sj-gauge.com\/","name":"SJ Gauge | Man\u00f3metros, term\u00f3metros y sensores de presi\u00f3n","description":"Fabricante de man\u00f3metros industriales, sensores de presi\u00f3n y transmisores. SJ Gauge ofrece alta precisi\u00f3n, materiales duraderos y soluciones personalizadas para aplicaciones de petr\u00f3leo y gas, qu\u00edmicas e industriales.","publisher":{"@id":"https:\/\/www.sj-gauge.com\/#organization"},"potentialAction":[{"@type":"SearchAction","target":{"@type":"EntryPoint","urlTemplate":"https:\/\/www.sj-gauge.com\/?s={search_term_string}"},"query-input":{"@type":"PropertyValueSpecification","valueRequired":true,"valueName":"search_term_string"}}],"inLanguage":"es"},{"@type":"Organization","@id":"https:\/\/www.sj-gauge.com\/#organization","name":"SJ Gauge | Man\u00f3metros, term\u00f3metros y sensores de presi\u00f3n","url":"https:\/\/www.sj-gauge.com\/","logo":{"@type":"ImageObject","inLanguage":"es","@id":"https:\/\/www.sj-gauge.com\/#\/schema\/logo\/image\/","url":"https:\/\/www.sj-gauge.com\/wp-content\/uploads\/2025\/09\/logo.webp","contentUrl":"https:\/\/www.sj-gauge.com\/wp-content\/uploads\/2025\/09\/logo.webp","width":348,"height":184,"caption":"SJ Gauge | Pressure Gauges, Thermometers &amp; Pressure Sensors"},"image":{"@id":"https:\/\/www.sj-gauge.com\/#\/schema\/logo\/image\/"}}]}},"_links":{"self":[{"href":"https:\/\/www.sj-gauge.com\/es\/wp-json\/wp\/v2\/product\/3591","targetHints":{"allow":["GET"]}}],"collection":[{"href":"https:\/\/www.sj-gauge.com\/es\/wp-json\/wp\/v2\/product"}],"about":[{"href":"https:\/\/www.sj-gauge.com\/es\/wp-json\/wp\/v2\/types\/product"}],"wp:featuredmedia":[{"embeddable":true,"href":"https:\/\/www.sj-gauge.com\/es\/wp-json\/wp\/v2\/media\/3593"}],"wp:attachment":[{"href":"https:\/\/www.sj-gauge.com\/es\/wp-json\/wp\/v2\/media?parent=3591"}],"wp:term":[{"taxonomy":"product_brand","embeddable":true,"href":"https:\/\/www.sj-gauge.com\/es\/wp-json\/wp\/v2\/product_brand?post=3591"},{"taxonomy":"product_cat","embeddable":true,"href":"https:\/\/www.sj-gauge.com\/es\/wp-json\/wp\/v2\/product_cat?post=3591"},{"taxonomy":"product_tag","embeddable":true,"href":"https:\/\/www.sj-gauge.com\/es\/wp-json\/wp\/v2\/product_tag?post=3591"}],"curies":[{"name":"wp","href":"https:\/\/api.w.org\/{rel}","templated":true}]}}